    {"id":10065,"date":"2019-03-11T11:32:21","date_gmt":"2019-03-11T10:32:21","guid":{"rendered":"https:\/\/vacances-seasonova.com\/?page_id=10065"},"modified":"2021-03-30T14:09:21","modified_gmt":"2021-03-30T12:09:21","slug":"pmr","status":"publish","type":"page","link":"https:\/\/vacances-seasonova.com\/de\/ferienhaeuser-fuer-menschen-mit-handicap\/","title":{"rendered":"Mobilheime f\u00fcr Personen mit eingeschr\u00e4nkter Mobilit\u00e4t"},"content":{"rendered":"<p>Unsere Ferienh\u00e4user f\u00fcr Menschen mit Handicap bieten Platz f\u00fcr 4 bis 6 Personen und haben zwei bis drei Schlafzimmer. Ideal f\u00fcr Freunde, Familien mit Kindern. Erleben Sie Ihren Urlaub in vollen Z\u00fcgen in einem Mobilheim, bei dem der Wohnraum im Vordergrund steht.<\/p>\n<p><img loading=\"lazy\" class=\"wp-image-11259 aligncenter\" src=\"https:\/\/vacances-seasonova.com\/wp-content\/uploads\/2019\/06\/pmr-ext-300x200.jpg\" alt=\"\" width=\"950\" height=\"634\" srcset=\"https:\/\/vacances-seasonova.com\/wp-content\/uploads\/2019\/06\/pmr-ext-300x200.jpg 300w, https:\/\/vacances-seasonova.com\/wp-content\/uploads\/2019\/06\/pmr-ext-768x512.jpg 768w, https:\/\/vacances-seasonova.com\/wp-content\/uploads\/2019\/06\/pmr-ext-675x450.jpg 675w, https:\/\/vacances-seasonova.com\/wp-content\/uploads\/2019\/06\/pmr-ext-600x400.jpg 600w\" sizes=\"(max-width: 950px) 100vw, 950px\" \/><\/p>\n<h2>F\u00fcr 2 bis 4 Personen<\/h2>\n<h2>Dienstleistungen &amp; Ausstattung<\/h2>\n<ul>\n<li>Voll ausgestattete K\u00fcche mit 4 Gaskochstellen<\/li>\n<li>K\u00fchlschrank, Mikrowelle, Kaffeemaschine<\/li>\n<li>Dusche, Waschbecken, separates WC<\/li>\n<li>Heizung in allen R\u00e4umen<\/li>\n<li>Alle notwendigen K\u00fcchenger\u00e4te<\/li>\n<li>Kopfkissen, Bettdecken, Decken. (Laken werden nicht mitgeliefert)<\/li>\n<li>Komplettes Inventar auf Anfrage.<\/li>\n<\/ul>\n<h2>Mehr erfahren<\/h2>\n<p>Wir bieten die M\u00f6glichkeit, Bettw\u00e4sche, Grill und Fernseher zu mieten. Die Ferienh\u00e4user sind Nichtraucherh\u00e4user und unsere Freunde die Tiere sind nicht in der Vermietung akzeptiert.<\/p>\n<h2>Vermietungen sind auf den folgenden Campingpl\u00e4tzen m\u00f6glich<\/h2>\n<ul>\n<li>Auf Camping <a title=\"Le Point Du Jour\" href=\"https:\/\/vacances-seasonova.com\/fr\/camping\/camping-le-point-du-jour\/\">Le Point Du Jour<\/a> in Merville Franceville Plage<\/li>\n<\/ul>\n<p><\/p>","protected":false},"excerpt":{"rendered":"<p>Unsere Ferienh\u00e4user f\u00fcr Menschen mit Handicap bieten Platz f\u00fcr 4 bis 6 Personen und haben zwei bis drei Schlafzimmer. Ideal f\u00fcr Freunde, Familien mit Kindern. Erleben Sie Ihren Urlaub in vollen Z\u00fcgen in einem [&#8230;]<\/p>\n","protected":false},"author":3,"featured_media":11276,"parent":0,"menu_order":0,"comment_status":"closed","ping_status":"closed","template":"","meta":[],"yoast_head":"<!-- This site is optimized with the Yoast SEO plugin v18.1 - https:\/\/yoast.com\/wordpress\/plugins\/seo\/ -->\n<meta name=\"robots\" content=\"index, follow, max-snippet:-1, max-image-preview:large, max-video-preview:-1\" \/>\n<link rel=\"canonical\" href=\"https:\/\/vacances-seasonova.com\/de\/mindervalide-personen\/\" \/>\n<meta property=\"og:locale\" content=\"de_DE\" \/>\n<meta property=\"og:type\" content=\"article\" \/>\n<meta property=\"og:title\" content=\"PMR - Seasonova\" \/>\n<meta property=\"og:description\" content=\"Unsere Ferienh\u00e4user f\u00fcr Menschen mit Handicap bieten Platz f\u00fcr 4 bis 6 Personen und haben zwei bis drei Schlafzimmer. Ideal f\u00fcr Freunde, Familien mit Kindern. Erleben Sie Ihren Urlaub in vollen Z\u00fcgen in einem [...]\" \/>\n<meta property=\"og:url\" content=\"https:\/\/vacances-seasonova.com\/nl\/mindervalide-personen\/\" \/>\n<meta property=\"og:site_name\" content=\"Seasonova\" \/>\n<meta property=\"article:modified_time\" content=\"2021-03-30T12:09:21+00:00\" \/>\n<meta property=\"og:image\" content=\"https:\/\/vacances-seasonova.com\/wp-content\/uploads\/2019\/06\/Cottage-accessible.jpg\" \/>\n\t<meta property=\"og:image:width\" content=\"3264\" \/>\n\t<meta property=\"og:image:height\" content=\"2448\" \/>\n\t<meta property=\"og:image:type\" content=\"image\/jpeg\" \/>\n<meta name=\"twitter:card\" content=\"summary\" \/>\n<meta name=\"twitter:label1\" content=\"Gesch\u00e4tzte Lesezeit\" \/>\n\t<meta name=\"twitter:data1\" content=\"2 Minuten\" \/>\n<script type=\"application\/ld+json\" class=\"yoast-schema-graph\">{\"@context\":\"https:\/\/schema.org\",\"@graph\":[{\"@type\":\"WebSite\",\"@id\":\"https:\/\/vacances-seasonova.com\/fr\/#website\",\"url\":\"https:\/\/vacances-seasonova.com\/fr\/\",\"name\":\"Seasonova\",\"description\":\"\",\"potentialAction\":[{\"@type\":\"SearchAction\",\"target\":{\"@type\":\"EntryPoint\",\"urlTemplate\":\"https:\/\/vacances-seasonova.com\/fr\/?s={search_term_string}\"},\"query-input\":\"required name=search_term_string\"}],\"inLanguage\":\"de-DE\"},{\"@type\":\"ImageObject\",\"@id\":\"https:\/\/vacances-seasonova.com\/nl\/mindervalide-personen\/#primaryimage\",\"inLanguage\":\"de-DE\",\"url\":\"https:\/\/vacances-seasonova.com\/wp-content\/uploads\/2019\/06\/Cottage-accessible.jpg\",\"contentUrl\":\"https:\/\/vacances-seasonova.com\/wp-content\/uploads\/2019\/06\/Cottage-accessible.jpg\",\"width\":3264,\"height\":2448},{\"@type\":\"WebPage\",\"@id\":\"https:\/\/vacances-seasonova.com\/nl\/mindervalide-personen\/#webpage\",\"url\":\"https:\/\/vacances-seasonova.com\/nl\/mindervalide-personen\/\",\"name\":\"PMR - Seasonova\",\"isPartOf\":{\"@id\":\"https:\/\/vacances-seasonova.com\/fr\/#website\"},\"primaryImageOfPage\":{\"@id\":\"https:\/\/vacances-seasonova.com\/nl\/mindervalide-personen\/#primaryimage\"},\"datePublished\":\"2019-03-11T10:32:21+00:00\",\"dateModified\":\"2021-03-30T12:09:21+00:00\",\"breadcrumb\":{\"@id\":\"https:\/\/vacances-seasonova.com\/nl\/mindervalide-personen\/#breadcrumb\"},\"inLanguage\":\"de-DE\",\"potentialAction\":[{\"@type\":\"ReadAction\",\"target\":[\"https:\/\/vacances-seasonova.com\/nl\/mindervalide-personen\/\"]}]},{\"@type\":\"BreadcrumbList\",\"@id\":\"https:\/\/vacances-seasonova.com\/nl\/mindervalide-personen\/#breadcrumb\",\"itemListElement\":[{\"@type\":\"ListItem\",\"position\":1,\"name\":\"Accueil\",\"item\":\"https:\/\/vacances-seasonova.com\/nl\/\"},{\"@type\":\"ListItem\",\"position\":2,\"name\":\"Mindervalide personen\"}]}]}<\/script>\n<!-- \/ Yoast SEO plugin. -->","yoast_head_json":{"robots":{"index":"index","follow":"follow","max-snippet":"max-snippet:-1","max-image-preview":"max-image-preview:large","max-video-preview":"max-video-preview:-1"},"canonical":"https:\/\/vacances-seasonova.com\/de\/mindervalide-personen\/","og_locale":"de_DE","og_type":"article","og_title":"PMR - Seasonova","og_description":"Unsere Ferienh\u00e4user f\u00fcr Menschen mit Handicap bieten Platz f\u00fcr 4 bis 6 Personen und haben zwei bis drei Schlafzimmer. Ideal f\u00fcr Freunde, Familien mit Kindern. Erleben Sie Ihren Urlaub in vollen Z\u00fcgen in einem [...]","og_url":"https:\/\/vacances-seasonova.com\/nl\/mindervalide-personen\/","og_site_name":"Seasonova","article_modified_time":"2021-03-30T12:09:21+00:00","og_image":[{"width":3264,"height":2448,"url":"https:\/\/vacances-seasonova.com\/wp-content\/uploads\/2019\/06\/Cottage-accessible.jpg","type":"image\/jpeg"}],"twitter_card":"summary","twitter_misc":{"Gesch\u00e4tzte Lesezeit":"2 Minuten"},"schema":{"@context":"https:\/\/schema.org","@graph":[{"@type":"WebSite","@id":"https:\/\/vacances-seasonova.com\/fr\/#website","url":"https:\/\/vacances-seasonova.com\/fr\/","name":"Seasonova","description":"","potentialAction":[{"@type":"SearchAction","target":{"@type":"EntryPoint","urlTemplate":"https:\/\/vacances-seasonova.com\/fr\/?s={search_term_string}"},"query-input":"required name=search_term_string"}],"inLanguage":"de-DE"},{"@type":"ImageObject","@id":"https:\/\/vacances-seasonova.com\/nl\/mindervalide-personen\/#primaryimage","inLanguage":"de-DE","url":"https:\/\/vacances-seasonova.com\/wp-content\/uploads\/2019\/06\/Cottage-accessible.jpg","contentUrl":"https:\/\/vacances-seasonova.com\/wp-content\/uploads\/2019\/06\/Cottage-accessible.jpg","width":3264,"height":2448},{"@type":"WebPage","@id":"https:\/\/vacances-seasonova.com\/nl\/mindervalide-personen\/#webpage","url":"https:\/\/vacances-seasonova.com\/nl\/mindervalide-personen\/","name":"PMR - Seasonova","isPartOf":{"@id":"https:\/\/vacances-seasonova.com\/fr\/#website"},"primaryImageOfPage":{"@id":"https:\/\/vacances-seasonova.com\/nl\/mindervalide-personen\/#primaryimage"},"datePublished":"2019-03-11T10:32:21+00:00","dateModified":"2021-03-30T12:09:21+00:00","breadcrumb":{"@id":"https:\/\/vacances-seasonova.com\/nl\/mindervalide-personen\/#breadcrumb"},"inLanguage":"de-DE","potentialAction":[{"@type":"ReadAction","target":["https:\/\/vacances-seasonova.com\/nl\/mindervalide-personen\/"]}]},{"@type":"BreadcrumbList","@id":"https:\/\/vacances-seasonova.com\/nl\/mindervalide-personen\/#breadcrumb","itemListElement":[{"@type":"ListItem","position":1,"name":"Accueil","item":"https:\/\/vacances-seasonova.com\/nl\/"},{"@type":"ListItem","position":2,"name":"Mindervalide personen"}]}]}},"_links":{"self":[{"href":"https:\/\/vacances-seasonova.com\/de\/wp-json\/wp\/v2\/pages\/10065"}],"collection":[{"href":"https:\/\/vacances-seasonova.com\/de\/wp-json\/wp\/v2\/pages"}],"about":[{"href":"https:\/\/vacances-seasonova.com\/de\/wp-json\/wp\/v2\/types\/page"}],"author":[{"embeddable":true,"href":"https:\/\/vacances-seasonova.com\/de\/wp-json\/wp\/v2\/users\/3"}],"replies":[{"embeddable":true,"href":"https:\/\/vacances-seasonova.com\/de\/wp-json\/wp\/v2\/comments?post=10065"}],"version-history":[{"count":0,"href":"https:\/\/vacances-seasonova.com\/de\/wp-json\/wp\/v2\/pages\/10065\/revisions"}],"wp:featuredmedia":[{"embeddable":true,"href":"https:\/\/vacances-seasonova.com\/de\/wp-json\/wp\/v2\/media\/11276"}],"wp:attachment":[{"href":"https:\/\/vacances-seasonova.com\/de\/wp-json\/wp\/v2\/media?parent=10065"}],"curies":[{"name":"wp","href":"https:\/\/api.w.org\/{rel}","templated":true}]}}