    {"id":103,"date":"2016-09-20T11:06:43","date_gmt":"2016-09-20T10:06:43","guid":{"rendered":"http:\/\/vacances-seasonova.com\/?page_id=103"},"modified":"2025-08-28T14:35:35","modified_gmt":"2025-08-28T12:35:35","slug":"camping-car","status":"publish","type":"page","link":"https:\/\/vacances-seasonova.com\/de\/stellplaetze-in-frankreich\/wohnmobil-stellplaetze\/","title":{"rendered":"Emplacements de camping-car"},"content":{"rendered":"<p><\/p>\n<h2>Entdecken Sie unsere einladenden Wohnmobil-Stellpl\u00e4tze<\/h2>\n<p>Jeder unserer Campingpl\u00e4tze verf\u00fcgt \u00fcber zahlreiche Annehmlichkeiten, die Ihren Aufenthalt so angenehm wie m\u00f6glich gestalten. Ob Sie Wasser nachf\u00fcllen oder entleeren m\u00f6chten, wir bieten Ihnen praktische Bereiche mit einfachem Zugang f\u00fcr diese Notwendigkeiten. Dar\u00fcber hinaus k\u00f6nnen Sie den Standort Ihres Wohnmobils nach Ihren Vorlieben ausw\u00e4hlen. M\u00f6chten Sie einen malerischen Blick auf das Meer? Oder bevorzugen Sie die N\u00e4he zum Schwimmbad oder den sanit\u00e4ren Einrichtungen? Bei uns haben Sie die Wahl.<\/p>\n<div class=\"row\">\n<div class=\"col-lg-8 col-lg-offset-2 col-md-8 col-md-offset-2 \">\n<p style=\"text-align: center;\"><div id=\"metaslider-id-562\" style=\"width: 100%;\" class=\"ml-slider-3-61-0 metaslider metaslider-flex metaslider-562 ml-slider ms-theme-default\" role=\"region\" aria-roledescription=\"Slideshow\" aria-label=\"caravane\">\n    <div id=\"metaslider_container_562\">\n        <div id=\"metaslider_562\">\n            <ul aria-live=\"polite\" class=\"slides\">\n                <li style=\"display: block; width: 100%;\" class=\"slide-563 ms-image \" aria-roledescription=\"slide\" aria-label=\"slide-563\"><img src=\"https:\/\/vacances-seasonova.com\/wp-content\/uploads\/2016\/09\/les_mouettes_seasonova-501x319.jpg\" height=\"350\" width=\"550\" alt=\"emplacements-camping-les-mouettes-seasonova\" class=\"slider-562 slide-563\" \/><\/li>\n                <li style=\"display: none; width: 100%;\" class=\"slide-564 ms-image \" aria-roledescription=\"slide\" aria-label=\"slide-564\"><img src=\"https:\/\/vacances-seasonova.com\/wp-content\/uploads\/2016\/09\/les_mouettes-499x318.jpg\" height=\"350\" width=\"550\" alt=\"\" class=\"slider-562 slide-564\" \/><\/li>\n                <li style=\"display: none; width: 100%;\" class=\"slide-565 ms-image \" aria-roledescription=\"slide\" aria-label=\"slide-565\"><img src=\"https:\/\/vacances-seasonova.com\/wp-content\/uploads\/2016\/09\/les_portes_alsace_caravane-550x350.jpg\" height=\"350\" width=\"550\" alt=\"camping-les-portes-alsace\" class=\"slider-562 slide-565\" \/><\/li>\n            <\/ul>\n        <\/div>\n        \n    <\/div>\n<\/div><\/p>\n<\/div>\n<\/div>\n<h2>Verf\u00fcgbare Wohnmobil-Stellpl\u00e4tze auf unseren Campingpl\u00e4tzen<\/h2>\n<p>Unsere Stellpl\u00e4tze f\u00fcr Wohnmobile sind auf den folgenden Campingpl\u00e4tzen verf\u00fcgbar:<\/p>\n<ul>\n<li><a href=\"https:\/\/vacances-seasonova.com\/fr\/camping\/le-point-du-jour\/\">Camping Le Point du Jour in Merville-Franceville Plage<\/a><\/li>\n<li><a href=\"https:\/\/vacances-seasonova.com\/camping\/camping-les-mouettes\/\">Camping Les Mouettes in Veules-les-Roses<\/a><\/li>\n<li><a href=\"https:\/\/vacances-seasonova.com\/de\/camping\/etennemare\/\">Camping d&#8217;Etennemare in Saint-Val\u00e9ry-en-Caux<\/a><\/li>\n<li><a href=\"https:\/\/vacances-seasonova.com\/camping\/camping-les-plages-de-loire\/\">Camping des plages de Loire in Rochefort-sur-Loire<\/a><\/li>\n<li><a href=\"https:\/\/vacances-seasonova.com\/camping\/camping-aquarev\/\">Camping Aquarev in Loud\u00e9ac<\/a><\/li>\n<li><a href=\"https:\/\/vacances-seasonova.com\/camping\/camping-les-portes-dalsace\/\">Camping les Portes d&#8217;Alsace in Saverne<\/a><\/li>\n<li><a href=\"https:\/\/vacances-seasonova.com\/camping\/camping-les-7-iles\/\">Camping les 7 \u00celes in Tr\u00e9l\u00e9vern in der Bretagne<\/a><\/li>\n<\/ul>\n<h2>Besondere Wohnmobilbereiche<\/h2>\n<p>Abseits der regul\u00e4ren Stellpl\u00e4tze bieten wir spezielle Wohnmobilbereiche an, mit Sonderangeboten ab 8\u20ac pro Nacht in der Nebensaison. Bei diesem Tarif haben Sie Zugang zu allen Dienstleistungen des Campingplatzes. Folgende Campingpl\u00e4tze bieten spezielle Stellpl\u00e4tze:<\/p>\n<ul>\n<li><a href=\"https:\/\/vacances-seasonova.com\/camping\/camping-les-mouettes\/\">Camping Les Mouettes in Veules-les-Roses<\/a><\/li>\n<li><a href=\"https:\/\/vacances-seasonova.com\/camping\/camping-les-plages-de-loire\/\">Camping des plages de Loire in Rochefort-sur-Loire<\/a><\/li>\n<li><a href=\"https:\/\/vacances-seasonova.com\/camping\/camping-aquarev\/\">Camping Aquarev in Loud\u00e9ac<\/a><\/li>\n<li><a href=\"https:\/\/vacances-seasonova.com\/camping\/camping-les-portes-dalsace\/\">Camping les Portes d&#8217;Alsace in Saverne<\/a><\/li>\n<\/ul>\n<h2>Vollst\u00e4ndige Dienstleistungen f\u00fcr Ihr Wohnmobil<\/h2>\n<p>Um Ihnen einen komfortablen und sorglosen Aufenthalt zu garantieren, bieten wir auf unseren Stellpl\u00e4tzen eine Reihe von Dienstleistungen an:<\/p>\n<ul>\n<li>WLAN f\u00fcr Ihre digitale Konnektivit\u00e4t<\/li>\n<li>Frisches Wasser f\u00fcr Ihre t\u00e4glichen Bed\u00fcrfnisse<\/li>\n<li>Stromversorgung zum Aufladen Ihrer Ger\u00e4te und Beleuchtung<\/li>\n<li>Gro\u00dfz\u00fcgige Stellpl\u00e4tze von 35m\u00b2, um Ihnen ausreichend Platz zu bieten<\/li>\n<li>Abfalltrennung zur Unterst\u00fctzung der Umwelt<\/li>\n<li>Abwasseraufbereitung zur Sauberkeit und Hygiene<\/li>\n<\/ul>\n<p><\/p>","protected":false},"excerpt":{"rendered":"<p>Entdecken Sie unsere einladenden Wohnmobil-Stellpl\u00e4tze Jeder unserer Campingpl\u00e4tze verf\u00fcgt \u00fcber zahlreiche Annehmlichkeiten, die Ihren Aufenthalt so angenehm wie m\u00f6glich gestalten. Ob Sie Wasser nachf\u00fcllen oder [&#8230;]<\/p>\n","protected":false},"author":3,"featured_media":3459,"parent":64,"menu_order":2,"comment_status":"closed","ping_status":"closed","template":"page.php","meta":[],"yoast_head":"<!-- This site is optimized with the Yoast SEO plugin v18.1 - https:\/\/yoast.com\/wordpress\/plugins\/seo\/ -->\n<meta name=\"robots\" content=\"index, follow, max-snippet:-1, max-image-preview:large, max-video-preview:-1\" \/>\n<link rel=\"canonical\" href=\"https:\/\/vacances-seasonova.com\/de\/emplacement\/emplacement-camping-car\/\" \/>\n<meta property=\"og:locale\" content=\"de_DE\" \/>\n<meta property=\"og:type\" content=\"article\" \/>\n<meta property=\"og:title\" content=\"Wohnmobilstellpl\u00e4tze - Seasonova\" \/>\n<meta property=\"og:description\" content=\"Entdecken Sie unsere einladenden Wohnmobil-Stellpl\u00e4tze Jeder unserer Campingpl\u00e4tze verf\u00fcgt \u00fcber zahlreiche Annehmlichkeiten, die Ihren Aufenthalt so angenehm wie m\u00f6glich gestalten. Ob Sie Wasser nachf\u00fcllen oder [...]\" \/>\n<meta property=\"og:url\" content=\"https:\/\/vacances-seasonova.com\/fr\/emplacement\/emplacement-camping-car\/\" \/>\n<meta property=\"og:site_name\" content=\"Seasonova\" \/>\n<meta property=\"article:modified_time\" content=\"2025-08-28T12:35:35+00:00\" \/>\n<meta property=\"og:image\" content=\"https:\/\/vacances-seasonova.com\/wp-content\/uploads\/2016\/09\/emplacement-camping-1230x450.jpg\" \/>\n\t<meta property=\"og:image:width\" content=\"1230\" \/>\n\t<meta property=\"og:image:height\" content=\"450\" \/>\n\t<meta property=\"og:image:type\" content=\"image\/jpeg\" \/>\n<meta name=\"twitter:card\" content=\"summary\" \/>\n<meta name=\"twitter:label1\" content=\"Gesch\u00e4tzte Lesezeit\" \/>\n\t<meta name=\"twitter:data1\" content=\"8 Minuten\" \/>\n<script type=\"application\/ld+json\" class=\"yoast-schema-graph\">{\"@context\":\"https:\/\/schema.org\",\"@graph\":[{\"@type\":\"WebSite\",\"@id\":\"https:\/\/vacances-seasonova.com\/fr\/#website\",\"url\":\"https:\/\/vacances-seasonova.com\/fr\/\",\"name\":\"Seasonova\",\"description\":\"\",\"potentialAction\":[{\"@type\":\"SearchAction\",\"target\":{\"@type\":\"EntryPoint\",\"urlTemplate\":\"https:\/\/vacances-seasonova.com\/fr\/?s={search_term_string}\"},\"query-input\":\"required name=search_term_string\"}],\"inLanguage\":\"de-DE\"},{\"@type\":\"ImageObject\",\"@id\":\"https:\/\/vacances-seasonova.com\/fr\/emplacement\/emplacement-camping-car\/#primaryimage\",\"inLanguage\":\"de-DE\",\"url\":\"https:\/\/vacances-seasonova.com\/wp-content\/uploads\/2016\/09\/emplacement-camping.jpg\",\"contentUrl\":\"https:\/\/vacances-seasonova.com\/wp-content\/uploads\/2016\/09\/emplacement-camping.jpg\",\"width\":8400,\"height\":3074,\"caption\":\"emplacement camping car\"},{\"@type\":\"WebPage\",\"@id\":\"https:\/\/vacances-seasonova.com\/fr\/emplacement\/emplacement-camping-car\/#webpage\",\"url\":\"https:\/\/vacances-seasonova.com\/fr\/emplacement\/emplacement-camping-car\/\",\"name\":\"Wohnmobilstellpl\u00e4tze - Seasonova\",\"isPartOf\":{\"@id\":\"https:\/\/vacances-seasonova.com\/fr\/#website\"},\"primaryImageOfPage\":{\"@id\":\"https:\/\/vacances-seasonova.com\/fr\/emplacement\/emplacement-camping-car\/#primaryimage\"},\"datePublished\":\"2016-09-20T10:06:43+00:00\",\"dateModified\":\"2025-08-28T12:35:35+00:00\",\"breadcrumb\":{\"@id\":\"https:\/\/vacances-seasonova.com\/fr\/emplacement\/emplacement-camping-car\/#breadcrumb\"},\"inLanguage\":\"de-DE\",\"potentialAction\":[{\"@type\":\"ReadAction\",\"target\":[\"https:\/\/vacances-seasonova.com\/fr\/emplacement\/emplacement-camping-car\/\"]}]},{\"@type\":\"BreadcrumbList\",\"@id\":\"https:\/\/vacances-seasonova.com\/fr\/emplacement\/emplacement-camping-car\/#breadcrumb\",\"itemListElement\":[{\"@type\":\"ListItem\",\"position\":1,\"name\":\"Accueil\",\"item\":\"https:\/\/vacances-seasonova.com\/nl\/\"},{\"@type\":\"ListItem\",\"position\":2,\"name\":\"Emplacement\",\"item\":\"https:\/\/vacances-seasonova.com\/en\/camping-pitches\/\"},{\"@type\":\"ListItem\",\"position\":3,\"name\":\"Emplacements de camping-car\"}]}]}<\/script>\n<!-- \/ Yoast SEO plugin. -->","yoast_head_json":{"robots":{"index":"index","follow":"follow","max-snippet":"max-snippet:-1","max-image-preview":"max-image-preview:large","max-video-preview":"max-video-preview:-1"},"canonical":"https:\/\/vacances-seasonova.com\/de\/emplacement\/emplacement-camping-car\/","og_locale":"de_DE","og_type":"article","og_title":"Wohnmobilstellpl\u00e4tze - Seasonova","og_description":"Entdecken Sie unsere einladenden Wohnmobil-Stellpl\u00e4tze Jeder unserer Campingpl\u00e4tze verf\u00fcgt \u00fcber zahlreiche Annehmlichkeiten, die Ihren Aufenthalt so angenehm wie m\u00f6glich gestalten. Ob Sie Wasser nachf\u00fcllen oder [...]","og_url":"https:\/\/vacances-seasonova.com\/fr\/emplacement\/emplacement-camping-car\/","og_site_name":"Seasonova","article_modified_time":"2025-08-28T12:35:35+00:00","og_image":[{"width":1230,"height":450,"url":"https:\/\/vacances-seasonova.com\/wp-content\/uploads\/2016\/09\/emplacement-camping-1230x450.jpg","type":"image\/jpeg"}],"twitter_card":"summary","twitter_misc":{"Gesch\u00e4tzte Lesezeit":"8 Minuten"},"schema":{"@context":"https:\/\/schema.org","@graph":[{"@type":"WebSite","@id":"https:\/\/vacances-seasonova.com\/fr\/#website","url":"https:\/\/vacances-seasonova.com\/fr\/","name":"Seasonova","description":"","potentialAction":[{"@type":"SearchAction","target":{"@type":"EntryPoint","urlTemplate":"https:\/\/vacances-seasonova.com\/fr\/?s={search_term_string}"},"query-input":"required name=search_term_string"}],"inLanguage":"de-DE"},{"@type":"ImageObject","@id":"https:\/\/vacances-seasonova.com\/fr\/emplacement\/emplacement-camping-car\/#primaryimage","inLanguage":"de-DE","url":"https:\/\/vacances-seasonova.com\/wp-content\/uploads\/2016\/09\/emplacement-camping.jpg","contentUrl":"https:\/\/vacances-seasonova.com\/wp-content\/uploads\/2016\/09\/emplacement-camping.jpg","width":8400,"height":3074,"caption":"emplacement camping car"},{"@type":"WebPage","@id":"https:\/\/vacances-seasonova.com\/fr\/emplacement\/emplacement-camping-car\/#webpage","url":"https:\/\/vacances-seasonova.com\/fr\/emplacement\/emplacement-camping-car\/","name":"Wohnmobilstellpl\u00e4tze - Seasonova","isPartOf":{"@id":"https:\/\/vacances-seasonova.com\/fr\/#website"},"primaryImageOfPage":{"@id":"https:\/\/vacances-seasonova.com\/fr\/emplacement\/emplacement-camping-car\/#primaryimage"},"datePublished":"2016-09-20T10:06:43+00:00","dateModified":"2025-08-28T12:35:35+00:00","breadcrumb":{"@id":"https:\/\/vacances-seasonova.com\/fr\/emplacement\/emplacement-camping-car\/#breadcrumb"},"inLanguage":"de-DE","potentialAction":[{"@type":"ReadAction","target":["https:\/\/vacances-seasonova.com\/fr\/emplacement\/emplacement-camping-car\/"]}]},{"@type":"BreadcrumbList","@id":"https:\/\/vacances-seasonova.com\/fr\/emplacement\/emplacement-camping-car\/#breadcrumb","itemListElement":[{"@type":"ListItem","position":1,"name":"Accueil","item":"https:\/\/vacances-seasonova.com\/nl\/"},{"@type":"ListItem","position":2,"name":"Emplacement","item":"https:\/\/vacances-seasonova.com\/en\/camping-pitches\/"},{"@type":"ListItem","position":3,"name":"Emplacements de camping-car"}]}]}},"_links":{"self":[{"href":"https:\/\/vacances-seasonova.com\/de\/wp-json\/wp\/v2\/pages\/103"}],"collection":[{"href":"https:\/\/vacances-seasonova.com\/de\/wp-json\/wp\/v2\/pages"}],"about":[{"href":"https:\/\/vacances-seasonova.com\/de\/wp-json\/wp\/v2\/types\/page"}],"author":[{"embeddable":true,"href":"https:\/\/vacances-seasonova.com\/de\/wp-json\/wp\/v2\/users\/3"}],"replies":[{"embeddable":true,"href":"https:\/\/vacances-seasonova.com\/de\/wp-json\/wp\/v2\/comments?post=103"}],"version-history":[{"count":38,"href":"https:\/\/vacances-seasonova.com\/de\/wp-json\/wp\/v2\/pages\/103\/revisions"}],"predecessor-version":[{"id":51718,"href":"https:\/\/vacances-seasonova.com\/de\/wp-json\/wp\/v2\/pages\/103\/revisions\/51718"}],"up":[{"embeddable":true,"href":"https:\/\/vacances-seasonova.com\/de\/wp-json\/wp\/v2\/pages\/64"}],"wp:featuredmedia":[{"embeddable":true,"href":"https:\/\/vacances-seasonova.com\/de\/wp-json\/wp\/v2\/media\/3459"}],"wp:attachment":[{"href":"https:\/\/vacances-seasonova.com\/de\/wp-json\/wp\/v2\/media?parent=103"}],"curies":[{"name":"wp","href":"https:\/\/api.w.org\/{rel}","templated":true}]}}