    {"id":105,"date":"2016-09-20T11:07:24","date_gmt":"2016-09-20T10:07:24","guid":{"rendered":"http:\/\/vacances-seasonova.com\/?page_id=105"},"modified":"2025-08-28T14:45:56","modified_gmt":"2025-08-28T12:45:56","slug":"tente","status":"publish","type":"page","link":"https:\/\/vacances-seasonova.com\/de\/stellplaetze-in-frankreich\/zelt\/","title":{"rendered":"Tente"},"content":{"rendered":"<p><\/p>\n<h2>Campingpl\u00e4tze mit Zeltpl\u00e4tzen<\/h2>\n<div class=\"p1\" style=\"text-align: left;\">Seit jeher steht das Zelt f\u00fcr Freiheit und Ungebundenheit auf Reisen! Unter dem Zeltdach zu campen bedeutet, die Tr\u00e4ume Ihrer Kindheit zu leben.<\/div>\n<div class=\"p1\" style=\"text-align: left;\">Egal, ob Sie ein passionierter Radfahrer, Wanderer oder einfach ein Naturliebhaber sind, der das Echte und Urspr\u00fcngliche sucht &#8211; auf jedem Seasonova-Campingplatz finden Sie die Authentizit\u00e4t des traditionellen Campings kombiniert mit Dienstleistungen, die Ihren Aufenthalt angenehmer gestalten. Wenn Sie sich f\u00fcr einen Seasonova Campingplatz entscheiden, genie\u00dfen Sie den Komfort und die Sauberkeit eines Drei- oder Vier-Sterne-Campingplatzes. Wanderer und Radfahrer sind herzlich eingeladen, unsere Dienstleistungen und Angebote zu entdecken.<\/div>\n<div class=\"p1\" style=\"text-align: justify;\">\n<h2 class=\"p1\">Wussten Sie schon?<\/h2>\n<p class=\"p1\">Laut der Website &#8222;Top Sant\u00e9&#8220; kann das Schlafen in einem Zelt bei Schlaflosigkeit helfen.<\/p>\n<p>&#8222;Eine Woche in einem Zelt zu verbringen und dem nat\u00fcrlichen Tageslicht ausgesetzt zu sein, hilft dabei, die innere Uhr zu regulieren und Probleme mit Schlaflosigkeit zu \u00fcberwinden&#8220;, berichtet die Website und bezieht sich dabei auf eine Studie von Forschern der Universit\u00e4t von Boulder in Colorado.<\/p>\n<p style=\"text-align: center;\">\u00a0<div id=\"metaslider-id-497\" style=\"max-width: 680px;\" class=\"ml-slider-3-61-0 metaslider metaslider-flex metaslider-497 ml-slider ms-theme-default nav-hidden nav-hidden nav-hidden\" role=\"region\" aria-roledescription=\"Slideshow\" aria-label=\"emplacement authentik\">\n    <div id=\"metaslider_container_497\">\n        <div id=\"metaslider_497\">\n            <ul aria-live=\"polite\" class=\"slides\">\n                <li style=\"display: block; width: 100%;\" class=\"slide-498 ms-image \" aria-roledescription=\"slide\" aria-label=\"slide-498\"><img src=\"https:\/\/vacances-seasonova.com\/wp-content\/uploads\/2016\/09\/camping_authentik_camping_seasonova-578x383.jpg\" height=\"450\" width=\"680\" alt=\"camping-seasonova\" class=\"slider-497 slide-498\" \/><\/li>\n            <\/ul>\n        <\/div>\n        \n    <\/div>\n<\/div><\/p>\n<h2 class=\"p1\">Zeltpl\u00e4tze sind auf folgenden Campingpl\u00e4tzen verf\u00fcgbar:<\/h2>\n<ul>\n<li class=\"p1\"><a href=\"https:\/\/vacances-seasonova.com\/camping\/camping-le-point-du-jour\/\">Camping Le Point du Jour \u00e0 Merville Franceville Plage<\/a><\/li>\n<li class=\"p1\"><a href=\"https:\/\/vacances-seasonova.com\/camping\/camping-les-mouettes\/\">Camping Les Mouettes \u00e0 Veules les Roses<\/a><\/li>\n<li class=\"p1\"><a href=\"https:\/\/vacances-seasonova.com\/camping\/camping-etennemare\/\">Camping d&#8217;Etennemare \u00e0 Saint Val\u00e9ry en Caux<\/a><\/li>\n<li class=\"p1\"><a href=\"https:\/\/vacances-seasonova.com\/camping\/camping-les-plages-de-loire\/\">Camping des Plages de Loire \u00e0 Rochefort sur Loire<\/a><\/li>\n<li class=\"p1\"><a href=\"https:\/\/vacances-seasonova.com\/camping\/camping-aquarev\/\">Camping Aquarev \u00e0 Loud\u00e9ac<\/a><\/li>\n<li class=\"p1\"><a href=\"https:\/\/vacances-seasonova.com\/camping\/camping-les-portes-dalsace\/\">Camping les Portes d&#8217;Alsace \u00e0 Saverne<\/a><\/li>\n<li class=\"p1\"><a href=\"https:\/\/vacances-seasonova.com\/camping\/camping-les-7-iles\/\">Camping Les 7 Iles \u00e0 Trelevern<\/a><\/li>\n<\/ul>\n<\/div>\n<p><\/p>","protected":false},"excerpt":{"rendered":"<p>Campingpl\u00e4tze mit Zeltpl\u00e4tzen Seit jeher steht das Zelt f\u00fcr Freiheit und Ungebundenheit auf Reisen! Unter dem Zeltdach zu campen bedeutet, die Tr\u00e4ume Ihrer Kindheit zu leben. Egal, ob Sie ein passionierter Radfahrer, [&#8230;]<\/p>\n","protected":false},"author":3,"featured_media":658,"parent":64,"menu_order":3,"comment_status":"closed","ping_status":"closed","template":"page.php","meta":[],"yoast_head":"<!-- This site is optimized with the Yoast SEO plugin v18.1 - https:\/\/yoast.com\/wordpress\/plugins\/seo\/ -->\n<meta name=\"robots\" content=\"index, follow, max-snippet:-1, max-image-preview:large, max-video-preview:-1\" \/>\n<link rel=\"canonical\" href=\"https:\/\/vacances-seasonova.com\/de\/camping-pitches\/campingtent-pitch-for-camping-in-france\/\" \/>\n<meta property=\"og:locale\" content=\"de_DE\" \/>\n<meta property=\"og:type\" content=\"article\" \/>\n<meta property=\"og:title\" content=\"Zelt - Seasonova\" \/>\n<meta property=\"og:description\" content=\"Campingpl\u00e4tze mit Zeltpl\u00e4tzen Seit jeher steht das Zelt f\u00fcr Freiheit und Ungebundenheit auf Reisen! Unter dem Zeltdach zu campen bedeutet, die Tr\u00e4ume Ihrer Kindheit zu leben. Egal, ob Sie ein passionierter Radfahrer, [...]\" \/>\n<meta property=\"og:url\" content=\"https:\/\/vacances-seasonova.com\/en\/camping-pitches\/campingtent-pitch-for-camping-in-france\/\" \/>\n<meta property=\"og:site_name\" content=\"Seasonova\" \/>\n<meta property=\"article:modified_time\" content=\"2025-08-28T12:45:56+00:00\" \/>\n<meta property=\"og:image\" content=\"https:\/\/vacances-seasonova.com\/wp-content\/uploads\/2016\/09\/tente_camping_seasonova.jpg\" \/>\n\t<meta property=\"og:image:width\" content=\"1480\" \/>\n\t<meta property=\"og:image:height\" content=\"449\" \/>\n\t<meta property=\"og:image:type\" content=\"image\/jpeg\" \/>\n<meta name=\"twitter:card\" content=\"summary\" \/>\n<meta name=\"twitter:label1\" content=\"Gesch\u00e4tzte Lesezeit\" \/>\n\t<meta name=\"twitter:data1\" content=\"2 Minuten\" \/>\n<script type=\"application\/ld+json\" class=\"yoast-schema-graph\">{\"@context\":\"https:\/\/schema.org\",\"@graph\":[{\"@type\":\"WebSite\",\"@id\":\"https:\/\/vacances-seasonova.com\/fr\/#website\",\"url\":\"https:\/\/vacances-seasonova.com\/fr\/\",\"name\":\"Seasonova\",\"description\":\"\",\"potentialAction\":[{\"@type\":\"SearchAction\",\"target\":{\"@type\":\"EntryPoint\",\"urlTemplate\":\"https:\/\/vacances-seasonova.com\/fr\/?s={search_term_string}\"},\"query-input\":\"required name=search_term_string\"}],\"inLanguage\":\"de-DE\"},{\"@type\":\"ImageObject\",\"@id\":\"https:\/\/vacances-seasonova.com\/en\/camping-pitches\/campingtent-pitch-for-camping-in-france\/#primaryimage\",\"inLanguage\":\"de-DE\",\"url\":\"https:\/\/vacances-seasonova.com\/wp-content\/uploads\/2016\/09\/tente_camping_seasonova.jpg\",\"contentUrl\":\"https:\/\/vacances-seasonova.com\/wp-content\/uploads\/2016\/09\/tente_camping_seasonova.jpg\",\"width\":1480,\"height\":449,\"caption\":\"tente_camping_seasonova\"},{\"@type\":\"WebPage\",\"@id\":\"https:\/\/vacances-seasonova.com\/en\/camping-pitches\/campingtent-pitch-for-camping-in-france\/#webpage\",\"url\":\"https:\/\/vacances-seasonova.com\/en\/camping-pitches\/campingtent-pitch-for-camping-in-france\/\",\"name\":\"Zelt - Seasonova\",\"isPartOf\":{\"@id\":\"https:\/\/vacances-seasonova.com\/fr\/#website\"},\"primaryImageOfPage\":{\"@id\":\"https:\/\/vacances-seasonova.com\/en\/camping-pitches\/campingtent-pitch-for-camping-in-france\/#primaryimage\"},\"datePublished\":\"2016-09-20T10:07:24+00:00\",\"dateModified\":\"2025-08-28T12:45:56+00:00\",\"breadcrumb\":{\"@id\":\"https:\/\/vacances-seasonova.com\/en\/camping-pitches\/campingtent-pitch-for-camping-in-france\/#breadcrumb\"},\"inLanguage\":\"de-DE\",\"potentialAction\":[{\"@type\":\"ReadAction\",\"target\":[\"https:\/\/vacances-seasonova.com\/en\/camping-pitches\/campingtent-pitch-for-camping-in-france\/\"]}]},{\"@type\":\"BreadcrumbList\",\"@id\":\"https:\/\/vacances-seasonova.com\/en\/camping-pitches\/campingtent-pitch-for-camping-in-france\/#breadcrumb\",\"itemListElement\":[{\"@type\":\"ListItem\",\"position\":1,\"name\":\"Accueil\",\"item\":\"https:\/\/vacances-seasonova.com\/nl\/\"},{\"@type\":\"ListItem\",\"position\":2,\"name\":\"Emplacement\",\"item\":\"https:\/\/vacances-seasonova.com\/en\/camping-pitches\/\"},{\"@type\":\"ListItem\",\"position\":3,\"name\":\"Tente\"}]}]}<\/script>\n<!-- \/ Yoast SEO plugin. -->","yoast_head_json":{"robots":{"index":"index","follow":"follow","max-snippet":"max-snippet:-1","max-image-preview":"max-image-preview:large","max-video-preview":"max-video-preview:-1"},"canonical":"https:\/\/vacances-seasonova.com\/de\/camping-pitches\/campingtent-pitch-for-camping-in-france\/","og_locale":"de_DE","og_type":"article","og_title":"Zelt - Seasonova","og_description":"Campingpl\u00e4tze mit Zeltpl\u00e4tzen Seit jeher steht das Zelt f\u00fcr Freiheit und Ungebundenheit auf Reisen! Unter dem Zeltdach zu campen bedeutet, die Tr\u00e4ume Ihrer Kindheit zu leben. Egal, ob Sie ein passionierter Radfahrer, [...]","og_url":"https:\/\/vacances-seasonova.com\/en\/camping-pitches\/campingtent-pitch-for-camping-in-france\/","og_site_name":"Seasonova","article_modified_time":"2025-08-28T12:45:56+00:00","og_image":[{"width":1480,"height":449,"url":"https:\/\/vacances-seasonova.com\/wp-content\/uploads\/2016\/09\/tente_camping_seasonova.jpg","type":"image\/jpeg"}],"twitter_card":"summary","twitter_misc":{"Gesch\u00e4tzte Lesezeit":"2 Minuten"},"schema":{"@context":"https:\/\/schema.org","@graph":[{"@type":"WebSite","@id":"https:\/\/vacances-seasonova.com\/fr\/#website","url":"https:\/\/vacances-seasonova.com\/fr\/","name":"Seasonova","description":"","potentialAction":[{"@type":"SearchAction","target":{"@type":"EntryPoint","urlTemplate":"https:\/\/vacances-seasonova.com\/fr\/?s={search_term_string}"},"query-input":"required name=search_term_string"}],"inLanguage":"de-DE"},{"@type":"ImageObject","@id":"https:\/\/vacances-seasonova.com\/en\/camping-pitches\/campingtent-pitch-for-camping-in-france\/#primaryimage","inLanguage":"de-DE","url":"https:\/\/vacances-seasonova.com\/wp-content\/uploads\/2016\/09\/tente_camping_seasonova.jpg","contentUrl":"https:\/\/vacances-seasonova.com\/wp-content\/uploads\/2016\/09\/tente_camping_seasonova.jpg","width":1480,"height":449,"caption":"tente_camping_seasonova"},{"@type":"WebPage","@id":"https:\/\/vacances-seasonova.com\/en\/camping-pitches\/campingtent-pitch-for-camping-in-france\/#webpage","url":"https:\/\/vacances-seasonova.com\/en\/camping-pitches\/campingtent-pitch-for-camping-in-france\/","name":"Zelt - Seasonova","isPartOf":{"@id":"https:\/\/vacances-seasonova.com\/fr\/#website"},"primaryImageOfPage":{"@id":"https:\/\/vacances-seasonova.com\/en\/camping-pitches\/campingtent-pitch-for-camping-in-france\/#primaryimage"},"datePublished":"2016-09-20T10:07:24+00:00","dateModified":"2025-08-28T12:45:56+00:00","breadcrumb":{"@id":"https:\/\/vacances-seasonova.com\/en\/camping-pitches\/campingtent-pitch-for-camping-in-france\/#breadcrumb"},"inLanguage":"de-DE","potentialAction":[{"@type":"ReadAction","target":["https:\/\/vacances-seasonova.com\/en\/camping-pitches\/campingtent-pitch-for-camping-in-france\/"]}]},{"@type":"BreadcrumbList","@id":"https:\/\/vacances-seasonova.com\/en\/camping-pitches\/campingtent-pitch-for-camping-in-france\/#breadcrumb","itemListElement":[{"@type":"ListItem","position":1,"name":"Accueil","item":"https:\/\/vacances-seasonova.com\/nl\/"},{"@type":"ListItem","position":2,"name":"Emplacement","item":"https:\/\/vacances-seasonova.com\/en\/camping-pitches\/"},{"@type":"ListItem","position":3,"name":"Tente"}]}]}},"_links":{"self":[{"href":"https:\/\/vacances-seasonova.com\/de\/wp-json\/wp\/v2\/pages\/105"}],"collection":[{"href":"https:\/\/vacances-seasonova.com\/de\/wp-json\/wp\/v2\/pages"}],"about":[{"href":"https:\/\/vacances-seasonova.com\/de\/wp-json\/wp\/v2\/types\/page"}],"author":[{"embeddable":true,"href":"https:\/\/vacances-seasonova.com\/de\/wp-json\/wp\/v2\/users\/3"}],"replies":[{"embeddable":true,"href":"https:\/\/vacances-seasonova.com\/de\/wp-json\/wp\/v2\/comments?post=105"}],"version-history":[{"count":10,"href":"https:\/\/vacances-seasonova.com\/de\/wp-json\/wp\/v2\/pages\/105\/revisions"}],"predecessor-version":[{"id":51724,"href":"https:\/\/vacances-seasonova.com\/de\/wp-json\/wp\/v2\/pages\/105\/revisions\/51724"}],"up":[{"embeddable":true,"href":"https:\/\/vacances-seasonova.com\/de\/wp-json\/wp\/v2\/pages\/64"}],"wp:featuredmedia":[{"embeddable":true,"href":"https:\/\/vacances-seasonova.com\/de\/wp-json\/wp\/v2\/media\/658"}],"wp:attachment":[{"href":"https:\/\/vacances-seasonova.com\/de\/wp-json\/wp\/v2\/media?parent=105"}],"curies":[{"name":"wp","href":"https:\/\/api.w.org\/{rel}","templated":true}]}}