    {"id":107,"date":"2016-09-20T11:08:35","date_gmt":"2016-09-20T10:08:35","guid":{"rendered":"http:\/\/vacances-seasonova.com\/?page_id=107"},"modified":"2025-08-28T14:43:53","modified_gmt":"2025-08-28T12:43:53","slug":"escapade-seasonova","status":"publish","type":"page","link":"https:\/\/vacances-seasonova.com\/de\/stellplaetze-in-frankreich\/escapade-camping-paket\/","title":{"rendered":"Forfait Camping Escapade Seasonova"},"content":{"rendered":"<p><\/p>\n<h2>Das Escapade Camping Paket: Ihre ma\u00dfgeschneiderte Reservierung auf unseren Campingpl\u00e4tzen von Seasonova<\/h2>\n<div style=\"text-align: justify;\">\n<p style=\"text-align: left;\">Sie m\u00f6chten auf allen Seasonova Campingpl\u00e4tzen so reisen, wie Sie m\u00f6chten?<\/p>\n<p>&nbsp;<\/p>\n<\/div>\n<div style=\"text-align: justify;\">\n<p style=\"text-align: justify;\">Wir bieten Ihnen das Escapade Camping Paket an, mit dem Sie w\u00e4hrend der gesamten Saison (au\u00dfer Juli und August) auf unseren Campingpl\u00e4tzen \u00fcbernachten k\u00f6nnen.<\/p>\n<\/div>\n<div style=\"text-align: justify;\">Das Escapade Paket ist ein 3-Monats-Paket (au\u00dfer Juli und August), das Sie nach Belieben auf allen Seasonova-Campingpl\u00e4tzen nutzen k\u00f6nnen. Sie k\u00f6nnen z.B. 1 Monat auf dem Campingplatz Aquarev verbringen, 1,5 Monate auf dem Campingplatz Les Portes d&#8217;Alsace und dann 2 Wochen auf dem Campingplatz Les Mouettes.<\/div>\n<div style=\"text-align: center;\">\n<div id=\"metaslider-id-568\" style=\"max-width: 700px;\" class=\"ml-slider-3-61-0 metaslider metaslider-flex metaslider-568 ml-slider ms-theme-default nav-hidden nav-hidden nav-hidden\" role=\"region\" aria-roledescription=\"Slideshow\" aria-label=\"escapade\">\n    <div id=\"metaslider_container_568\">\n        <div id=\"metaslider_568\">\n            <ul aria-live=\"polite\" class=\"slides\">\n                <li style=\"display: block; width: 100%;\" class=\"slide-537 ms-image \" aria-roledescription=\"slide\" aria-label=\"slide-537\"><img src=\"https:\/\/vacances-seasonova.com\/wp-content\/uploads\/2016\/09\/bateau-_erdre.jpg\" height=\"400\" width=\"700\" alt=\"bateau-nort-sur-Erdre-port-Mulon\" class=\"slider-568 slide-537\" \/><\/li>\n                <li style=\"display: none; width: 100%;\" class=\"slide-18 ms-image \" aria-roledescription=\"slide\" aria-label=\"slide-18\"><img src=\"https:\/\/vacances-seasonova.com\/wp-content\/uploads\/2016\/08\/normandie-700x400.jpg\" height=\"400\" width=\"700\" alt=\"plages-de-normandie\" class=\"slider-568 slide-18\" \/><\/li>\n                <li style=\"display: none; width: 100%;\" class=\"slide-514 ms-image \" aria-roledescription=\"slide\" aria-label=\"slide-514\"><img src=\"https:\/\/vacances-seasonova.com\/wp-content\/uploads\/2016\/09\/canoe-_erdre-680x388.jpg\" height=\"400\" width=\"700\" alt=\"canoe-camping-port-mulon-nort-sur-erdre\" class=\"slider-568 slide-514\" \/><\/li>\n                <li style=\"display: none; width: 100%;\" class=\"slide-515 ms-image \" aria-roledescription=\"slide\" aria-label=\"slide-515\"><img src=\"https:\/\/vacances-seasonova.com\/wp-content\/uploads\/2016\/09\/camping_seasonova_randonnees-680x388.jpg\" height=\"400\" width=\"700\" alt=\"camping-seasonova-randonnees\" class=\"slider-568 slide-515\" \/><\/li>\n            <\/ul>\n        <\/div>\n        \n    <\/div>\n<\/div>\n<\/div>\n<p>&nbsp;<\/p>\n<div style=\"text-align: justify;\">\n<p style=\"text-align: justify;\">Sie k\u00f6nnen Ihr Ziel und die Dauer der Anreise frei w\u00e4hlen. Das Escape Paket kostet 999,00\u20ac oder 11.10\u20ac\/Tag f\u00fcr 2 namentlich genannte Personen mit Strom und 125,00\u20ac f\u00fcr eine weitere namentlich genannte Person.<br \/>\nDas Seasonova Escapade Camping Paket ist derzeit nicht im Les Portes en R\u00e9 verf\u00fcgbar.<\/p>\n<\/div>\n<p>&nbsp;<\/p>","protected":false},"excerpt":{"rendered":"<p>Das Escapade Camping Paket: Ihre ma\u00dfgeschneiderte Reservierung auf unseren Campingpl\u00e4tzen von Seasonova Sie m\u00f6chten auf allen Seasonova Campingpl\u00e4tzen so reisen, wie Sie m\u00f6chten? &nbsp; Wir bieten Ihnen das Escapade [&#8230;]<\/p>\n","protected":false},"author":3,"featured_media":661,"parent":64,"menu_order":4,"comment_status":"closed","ping_status":"closed","template":"page.php","meta":[],"yoast_head":"<!-- This site is optimized with the Yoast SEO plugin v18.1 - https:\/\/yoast.com\/wordpress\/plugins\/seo\/ -->\n<meta name=\"robots\" content=\"index, follow, max-snippet:-1, max-image-preview:large, max-video-preview:-1\" \/>\n<link rel=\"canonical\" href=\"https:\/\/vacances-seasonova.com\/de\/staanplaatsen\/escapade-campingpakket\/\" \/>\n<meta property=\"og:locale\" content=\"de_DE\" \/>\n<meta property=\"og:type\" content=\"article\" \/>\n<meta property=\"og:title\" content=\"Seasonova Camping-Eskapaden-Paket - Seasonova\" \/>\n<meta property=\"og:description\" content=\"Das Escapade Camping Paket: Ihre ma\u00dfgeschneiderte Reservierung auf unseren Campingpl\u00e4tzen von Seasonova Sie m\u00f6chten auf allen Seasonova Campingpl\u00e4tzen so reisen, wie Sie m\u00f6chten? &nbsp; Wir bieten Ihnen das Escapade [...]\" \/>\n<meta property=\"og:url\" content=\"https:\/\/vacances-seasonova.com\/nl\/staanplaatsen\/escapade-campingpakket\/\" \/>\n<meta property=\"og:site_name\" content=\"Seasonova\" \/>\n<meta property=\"article:modified_time\" content=\"2025-08-28T12:43:53+00:00\" \/>\n<meta property=\"og:image\" content=\"https:\/\/vacances-seasonova.com\/wp-content\/uploads\/2016\/09\/escapade_seasonoca_camping.jpg\" \/>\n\t<meta property=\"og:image:width\" content=\"1480\" \/>\n\t<meta property=\"og:image:height\" content=\"454\" \/>\n\t<meta property=\"og:image:type\" content=\"image\/jpeg\" \/>\n<meta name=\"twitter:card\" content=\"summary\" \/>\n<meta name=\"twitter:label1\" content=\"Gesch\u00e4tzte Lesezeit\" \/>\n\t<meta name=\"twitter:data1\" content=\"1 Minute\" \/>\n<script type=\"application\/ld+json\" class=\"yoast-schema-graph\">{\"@context\":\"https:\/\/schema.org\",\"@graph\":[{\"@type\":\"WebSite\",\"@id\":\"https:\/\/vacances-seasonova.com\/fr\/#website\",\"url\":\"https:\/\/vacances-seasonova.com\/fr\/\",\"name\":\"Seasonova\",\"description\":\"\",\"potentialAction\":[{\"@type\":\"SearchAction\",\"target\":{\"@type\":\"EntryPoint\",\"urlTemplate\":\"https:\/\/vacances-seasonova.com\/fr\/?s={search_term_string}\"},\"query-input\":\"required name=search_term_string\"}],\"inLanguage\":\"de-DE\"},{\"@type\":\"ImageObject\",\"@id\":\"https:\/\/vacances-seasonova.com\/nl\/staanplaatsen\/escapade-campingpakket\/#primaryimage\",\"inLanguage\":\"de-DE\",\"url\":\"https:\/\/vacances-seasonova.com\/wp-content\/uploads\/2016\/09\/escapade_seasonoca_camping.jpg\",\"contentUrl\":\"https:\/\/vacances-seasonova.com\/wp-content\/uploads\/2016\/09\/escapade_seasonoca_camping.jpg\",\"width\":1480,\"height\":454,\"caption\":\"forfait_camping_escapade_seasonova_camping\"},{\"@type\":\"WebPage\",\"@id\":\"https:\/\/vacances-seasonova.com\/nl\/staanplaatsen\/escapade-campingpakket\/#webpage\",\"url\":\"https:\/\/vacances-seasonova.com\/nl\/staanplaatsen\/escapade-campingpakket\/\",\"name\":\"Seasonova Camping-Eskapaden-Paket - Seasonova\",\"isPartOf\":{\"@id\":\"https:\/\/vacances-seasonova.com\/fr\/#website\"},\"primaryImageOfPage\":{\"@id\":\"https:\/\/vacances-seasonova.com\/nl\/staanplaatsen\/escapade-campingpakket\/#primaryimage\"},\"datePublished\":\"2016-09-20T10:08:35+00:00\",\"dateModified\":\"2025-08-28T12:43:53+00:00\",\"breadcrumb\":{\"@id\":\"https:\/\/vacances-seasonova.com\/nl\/staanplaatsen\/escapade-campingpakket\/#breadcrumb\"},\"inLanguage\":\"de-DE\",\"potentialAction\":[{\"@type\":\"ReadAction\",\"target\":[\"https:\/\/vacances-seasonova.com\/nl\/staanplaatsen\/escapade-campingpakket\/\"]}]},{\"@type\":\"BreadcrumbList\",\"@id\":\"https:\/\/vacances-seasonova.com\/nl\/staanplaatsen\/escapade-campingpakket\/#breadcrumb\",\"itemListElement\":[{\"@type\":\"ListItem\",\"position\":1,\"name\":\"Accueil\",\"item\":\"https:\/\/vacances-seasonova.com\/nl\/\"},{\"@type\":\"ListItem\",\"position\":2,\"name\":\"Emplacement\",\"item\":\"https:\/\/vacances-seasonova.com\/en\/camping-pitches\/\"},{\"@type\":\"ListItem\",\"position\":3,\"name\":\"Forfait Camping Escapade Seasonova\"}]}]}<\/script>\n<!-- \/ Yoast SEO plugin. -->","yoast_head_json":{"robots":{"index":"index","follow":"follow","max-snippet":"max-snippet:-1","max-image-preview":"max-image-preview:large","max-video-preview":"max-video-preview:-1"},"canonical":"https:\/\/vacances-seasonova.com\/de\/staanplaatsen\/escapade-campingpakket\/","og_locale":"de_DE","og_type":"article","og_title":"Seasonova Camping-Eskapaden-Paket - Seasonova","og_description":"Das Escapade Camping Paket: Ihre ma\u00dfgeschneiderte Reservierung auf unseren Campingpl\u00e4tzen von Seasonova Sie m\u00f6chten auf allen Seasonova Campingpl\u00e4tzen so reisen, wie Sie m\u00f6chten? &nbsp; Wir bieten Ihnen das Escapade [...]","og_url":"https:\/\/vacances-seasonova.com\/nl\/staanplaatsen\/escapade-campingpakket\/","og_site_name":"Seasonova","article_modified_time":"2025-08-28T12:43:53+00:00","og_image":[{"width":1480,"height":454,"url":"https:\/\/vacances-seasonova.com\/wp-content\/uploads\/2016\/09\/escapade_seasonoca_camping.jpg","type":"image\/jpeg"}],"twitter_card":"summary","twitter_misc":{"Gesch\u00e4tzte Lesezeit":"1 Minute"},"schema":{"@context":"https:\/\/schema.org","@graph":[{"@type":"WebSite","@id":"https:\/\/vacances-seasonova.com\/fr\/#website","url":"https:\/\/vacances-seasonova.com\/fr\/","name":"Seasonova","description":"","potentialAction":[{"@type":"SearchAction","target":{"@type":"EntryPoint","urlTemplate":"https:\/\/vacances-seasonova.com\/fr\/?s={search_term_string}"},"query-input":"required name=search_term_string"}],"inLanguage":"de-DE"},{"@type":"ImageObject","@id":"https:\/\/vacances-seasonova.com\/nl\/staanplaatsen\/escapade-campingpakket\/#primaryimage","inLanguage":"de-DE","url":"https:\/\/vacances-seasonova.com\/wp-content\/uploads\/2016\/09\/escapade_seasonoca_camping.jpg","contentUrl":"https:\/\/vacances-seasonova.com\/wp-content\/uploads\/2016\/09\/escapade_seasonoca_camping.jpg","width":1480,"height":454,"caption":"forfait_camping_escapade_seasonova_camping"},{"@type":"WebPage","@id":"https:\/\/vacances-seasonova.com\/nl\/staanplaatsen\/escapade-campingpakket\/#webpage","url":"https:\/\/vacances-seasonova.com\/nl\/staanplaatsen\/escapade-campingpakket\/","name":"Seasonova Camping-Eskapaden-Paket - Seasonova","isPartOf":{"@id":"https:\/\/vacances-seasonova.com\/fr\/#website"},"primaryImageOfPage":{"@id":"https:\/\/vacances-seasonova.com\/nl\/staanplaatsen\/escapade-campingpakket\/#primaryimage"},"datePublished":"2016-09-20T10:08:35+00:00","dateModified":"2025-08-28T12:43:53+00:00","breadcrumb":{"@id":"https:\/\/vacances-seasonova.com\/nl\/staanplaatsen\/escapade-campingpakket\/#breadcrumb"},"inLanguage":"de-DE","potentialAction":[{"@type":"ReadAction","target":["https:\/\/vacances-seasonova.com\/nl\/staanplaatsen\/escapade-campingpakket\/"]}]},{"@type":"BreadcrumbList","@id":"https:\/\/vacances-seasonova.com\/nl\/staanplaatsen\/escapade-campingpakket\/#breadcrumb","itemListElement":[{"@type":"ListItem","position":1,"name":"Accueil","item":"https:\/\/vacances-seasonova.com\/nl\/"},{"@type":"ListItem","position":2,"name":"Emplacement","item":"https:\/\/vacances-seasonova.com\/en\/camping-pitches\/"},{"@type":"ListItem","position":3,"name":"Forfait Camping Escapade Seasonova"}]}]}},"_links":{"self":[{"href":"https:\/\/vacances-seasonova.com\/de\/wp-json\/wp\/v2\/pages\/107"}],"collection":[{"href":"https:\/\/vacances-seasonova.com\/de\/wp-json\/wp\/v2\/pages"}],"about":[{"href":"https:\/\/vacances-seasonova.com\/de\/wp-json\/wp\/v2\/types\/page"}],"author":[{"embeddable":true,"href":"https:\/\/vacances-seasonova.com\/de\/wp-json\/wp\/v2\/users\/3"}],"replies":[{"embeddable":true,"href":"https:\/\/vacances-seasonova.com\/de\/wp-json\/wp\/v2\/comments?post=107"}],"version-history":[{"count":5,"href":"https:\/\/vacances-seasonova.com\/de\/wp-json\/wp\/v2\/pages\/107\/revisions"}],"predecessor-version":[{"id":51721,"href":"https:\/\/vacances-seasonova.com\/de\/wp-json\/wp\/v2\/pages\/107\/revisions\/51721"}],"up":[{"embeddable":true,"href":"https:\/\/vacances-seasonova.com\/de\/wp-json\/wp\/v2\/pages\/64"}],"wp:featuredmedia":[{"embeddable":true,"href":"https:\/\/vacances-seasonova.com\/de\/wp-json\/wp\/v2\/media\/661"}],"wp:attachment":[{"href":"https:\/\/vacances-seasonova.com\/de\/wp-json\/wp\/v2\/media?parent=107"}],"curies":[{"name":"wp","href":"https:\/\/api.w.org\/{rel}","templated":true}]}}