    {"id":109,"date":"2016-09-20T11:09:17","date_gmt":"2016-09-20T10:09:17","guid":{"rendered":"http:\/\/vacances-seasonova.com\/?page_id=109"},"modified":"2025-08-28T14:50:22","modified_gmt":"2025-08-28T12:50:22","slug":"randonneurs","status":"publish","type":"page","link":"https:\/\/vacances-seasonova.com\/de\/stellplaetze-in-frankreich\/campingplaetze-fuer-wanderer\/","title":{"rendered":"Camping pour Randonneur"},"content":{"rendered":"<p><\/p>\n<h2>Entdecken Sie unser Campingangebot f\u00fcr Wanderer<\/h2>\n<div class=\"p1\" style=\"text-align: justify;\">Seasonova Ferien sind immer in einer nat\u00fcrlichen Umgebung verwurzelt. Ob ein Campingplatz am Meer, im Wald oder auf dem Land, unsere Campingpl\u00e4tze sind immer ein idealer Ausgangspunkt f\u00fcr Spazierg\u00e4nge in die Natur oder f\u00fcr anspruchsvolle Wanderungen.<\/div>\n<div class=\"p1\" style=\"text-align: justify;\">\n<p>Deshalb sind Sie auf unseren Wandercampingpl\u00e4tzen herzlich willkommen. Wir haben spezielle Preise und Angebote f\u00fcr Wanderer und Radfahrer.<\/p>\n<\/div>\n<h2 class=\"p1\">Auf folgenden Campingpl\u00e4tzen sind Angebote verf\u00fcgbar<\/h2>\n<ul>\n<li class=\"p1\">La baie de Sallenelles au<a href=\"https:\/\/vacances-seasonova.com\/de\/camping\/le-point-du-jour\/\"> Camping le Point du Jour<\/a> \u00e0 Merville-Franceville Plage<\/li>\n<li class=\"p1\">Les bord de Loire et Cotteaux du Layon au <a href=\"https:\/\/vacances-seasonova.com\/camping\/camping-les-plages-de-loire\/\">camping Les Plages de Loire <\/a>\u00e0 Rochefort sur Loire<\/li>\n<\/ul>\n<h2 class=\"p1\">Erleben Sie ein 100 % nat\u00fcrliches Erlebnis!<\/h2>\n<p class=\"p1\">Kommen Sie und testen Sie unsere Biwaks auf Stelzen. Bringen Sie nur Ihren Schlafsack f\u00fcr eine Wandertour ohne Einschr\u00e4nkungen mit.<\/p>\n<p class=\"p1\"><a href=\"https:\/\/vacances-seasonova.com\/locations\/bivouacs\/\">Um mehr \u00fcber unsere Biwaks zu erfahren<\/a><\/p>\n<p><\/p>","protected":false},"excerpt":{"rendered":"<p>Entdecken Sie unser Campingangebot f\u00fcr Wanderer Seasonova Ferien sind immer in einer nat\u00fcrlichen Umgebung verwurzelt. Ob ein Campingplatz am Meer, im Wald oder auf dem Land, unsere Campingpl\u00e4tze sind immer ein idealer [&#8230;]<\/p>\n","protected":false},"author":3,"featured_media":660,"parent":64,"menu_order":5,"comment_status":"closed","ping_status":"closed","template":"page.php","meta":[],"yoast_head":"<!-- This site is optimized with the Yoast SEO plugin v18.1 - https:\/\/yoast.com\/wordpress\/plugins\/seo\/ -->\n<meta name=\"robots\" content=\"index, follow, max-snippet:-1, max-image-preview:large, max-video-preview:-1\" \/>\n<link rel=\"canonical\" href=\"https:\/\/vacances-seasonova.com\/de\/staanplaatsen\/trekker\/\" \/>\n<meta property=\"og:locale\" content=\"de_DE\" \/>\n<meta property=\"og:type\" content=\"article\" \/>\n<meta property=\"og:title\" content=\"Camping f\u00fcr Wanderer - Seasonova\" \/>\n<meta property=\"og:description\" content=\"Entdecken Sie unser Campingangebot f\u00fcr Wanderer Seasonova Ferien sind immer in einer nat\u00fcrlichen Umgebung verwurzelt. Ob ein Campingplatz am Meer, im Wald oder auf dem Land, unsere Campingpl\u00e4tze sind immer ein idealer [...]\" \/>\n<meta property=\"og:url\" content=\"https:\/\/vacances-seasonova.com\/nl\/staanplaatsen\/trekker\/\" \/>\n<meta property=\"og:site_name\" content=\"Seasonova\" \/>\n<meta property=\"article:modified_time\" content=\"2025-08-28T12:50:22+00:00\" \/>\n<meta property=\"og:image\" content=\"https:\/\/vacances-seasonova.com\/wp-content\/uploads\/2016\/09\/randonne_camping_seasonova.jpg\" \/>\n\t<meta property=\"og:image:width\" content=\"1480\" \/>\n\t<meta property=\"og:image:height\" content=\"453\" \/>\n\t<meta property=\"og:image:type\" content=\"image\/jpeg\" \/>\n<meta name=\"twitter:card\" content=\"summary\" \/>\n<meta name=\"twitter:label1\" content=\"Gesch\u00e4tzte Lesezeit\" \/>\n\t<meta name=\"twitter:data1\" content=\"1 Minute\" \/>\n<script type=\"application\/ld+json\" class=\"yoast-schema-graph\">{\"@context\":\"https:\/\/schema.org\",\"@graph\":[{\"@type\":\"WebSite\",\"@id\":\"https:\/\/vacances-seasonova.com\/fr\/#website\",\"url\":\"https:\/\/vacances-seasonova.com\/fr\/\",\"name\":\"Seasonova\",\"description\":\"\",\"potentialAction\":[{\"@type\":\"SearchAction\",\"target\":{\"@type\":\"EntryPoint\",\"urlTemplate\":\"https:\/\/vacances-seasonova.com\/fr\/?s={search_term_string}\"},\"query-input\":\"required name=search_term_string\"}],\"inLanguage\":\"de-DE\"},{\"@type\":\"ImageObject\",\"@id\":\"https:\/\/vacances-seasonova.com\/nl\/staanplaatsen\/trekker\/#primaryimage\",\"inLanguage\":\"de-DE\",\"url\":\"https:\/\/vacances-seasonova.com\/wp-content\/uploads\/2016\/09\/randonne_camping_seasonova.jpg\",\"contentUrl\":\"https:\/\/vacances-seasonova.com\/wp-content\/uploads\/2016\/09\/randonne_camping_seasonova.jpg\",\"width\":1480,\"height\":453,\"caption\":\"randonne_camping_seasonova\"},{\"@type\":\"WebPage\",\"@id\":\"https:\/\/vacances-seasonova.com\/nl\/staanplaatsen\/trekker\/#webpage\",\"url\":\"https:\/\/vacances-seasonova.com\/nl\/staanplaatsen\/trekker\/\",\"name\":\"Camping f\u00fcr Wanderer - Seasonova\",\"isPartOf\":{\"@id\":\"https:\/\/vacances-seasonova.com\/fr\/#website\"},\"primaryImageOfPage\":{\"@id\":\"https:\/\/vacances-seasonova.com\/nl\/staanplaatsen\/trekker\/#primaryimage\"},\"datePublished\":\"2016-09-20T10:09:17+00:00\",\"dateModified\":\"2025-08-28T12:50:22+00:00\",\"breadcrumb\":{\"@id\":\"https:\/\/vacances-seasonova.com\/nl\/staanplaatsen\/trekker\/#breadcrumb\"},\"inLanguage\":\"de-DE\",\"potentialAction\":[{\"@type\":\"ReadAction\",\"target\":[\"https:\/\/vacances-seasonova.com\/nl\/staanplaatsen\/trekker\/\"]}]},{\"@type\":\"BreadcrumbList\",\"@id\":\"https:\/\/vacances-seasonova.com\/nl\/staanplaatsen\/trekker\/#breadcrumb\",\"itemListElement\":[{\"@type\":\"ListItem\",\"position\":1,\"name\":\"Accueil\",\"item\":\"https:\/\/vacances-seasonova.com\/nl\/\"},{\"@type\":\"ListItem\",\"position\":2,\"name\":\"Emplacement\",\"item\":\"https:\/\/vacances-seasonova.com\/en\/camping-pitches\/\"},{\"@type\":\"ListItem\",\"position\":3,\"name\":\"Camping pour Randonneur\"}]}]}<\/script>\n<!-- \/ Yoast SEO plugin. -->","yoast_head_json":{"robots":{"index":"index","follow":"follow","max-snippet":"max-snippet:-1","max-image-preview":"max-image-preview:large","max-video-preview":"max-video-preview:-1"},"canonical":"https:\/\/vacances-seasonova.com\/de\/staanplaatsen\/trekker\/","og_locale":"de_DE","og_type":"article","og_title":"Camping f\u00fcr Wanderer - Seasonova","og_description":"Entdecken Sie unser Campingangebot f\u00fcr Wanderer Seasonova Ferien sind immer in einer nat\u00fcrlichen Umgebung verwurzelt. Ob ein Campingplatz am Meer, im Wald oder auf dem Land, unsere Campingpl\u00e4tze sind immer ein idealer [...]","og_url":"https:\/\/vacances-seasonova.com\/nl\/staanplaatsen\/trekker\/","og_site_name":"Seasonova","article_modified_time":"2025-08-28T12:50:22+00:00","og_image":[{"width":1480,"height":453,"url":"https:\/\/vacances-seasonova.com\/wp-content\/uploads\/2016\/09\/randonne_camping_seasonova.jpg","type":"image\/jpeg"}],"twitter_card":"summary","twitter_misc":{"Gesch\u00e4tzte Lesezeit":"1 Minute"},"schema":{"@context":"https:\/\/schema.org","@graph":[{"@type":"WebSite","@id":"https:\/\/vacances-seasonova.com\/fr\/#website","url":"https:\/\/vacances-seasonova.com\/fr\/","name":"Seasonova","description":"","potentialAction":[{"@type":"SearchAction","target":{"@type":"EntryPoint","urlTemplate":"https:\/\/vacances-seasonova.com\/fr\/?s={search_term_string}"},"query-input":"required name=search_term_string"}],"inLanguage":"de-DE"},{"@type":"ImageObject","@id":"https:\/\/vacances-seasonova.com\/nl\/staanplaatsen\/trekker\/#primaryimage","inLanguage":"de-DE","url":"https:\/\/vacances-seasonova.com\/wp-content\/uploads\/2016\/09\/randonne_camping_seasonova.jpg","contentUrl":"https:\/\/vacances-seasonova.com\/wp-content\/uploads\/2016\/09\/randonne_camping_seasonova.jpg","width":1480,"height":453,"caption":"randonne_camping_seasonova"},{"@type":"WebPage","@id":"https:\/\/vacances-seasonova.com\/nl\/staanplaatsen\/trekker\/#webpage","url":"https:\/\/vacances-seasonova.com\/nl\/staanplaatsen\/trekker\/","name":"Camping f\u00fcr Wanderer - Seasonova","isPartOf":{"@id":"https:\/\/vacances-seasonova.com\/fr\/#website"},"primaryImageOfPage":{"@id":"https:\/\/vacances-seasonova.com\/nl\/staanplaatsen\/trekker\/#primaryimage"},"datePublished":"2016-09-20T10:09:17+00:00","dateModified":"2025-08-28T12:50:22+00:00","breadcrumb":{"@id":"https:\/\/vacances-seasonova.com\/nl\/staanplaatsen\/trekker\/#breadcrumb"},"inLanguage":"de-DE","potentialAction":[{"@type":"ReadAction","target":["https:\/\/vacances-seasonova.com\/nl\/staanplaatsen\/trekker\/"]}]},{"@type":"BreadcrumbList","@id":"https:\/\/vacances-seasonova.com\/nl\/staanplaatsen\/trekker\/#breadcrumb","itemListElement":[{"@type":"ListItem","position":1,"name":"Accueil","item":"https:\/\/vacances-seasonova.com\/nl\/"},{"@type":"ListItem","position":2,"name":"Emplacement","item":"https:\/\/vacances-seasonova.com\/en\/camping-pitches\/"},{"@type":"ListItem","position":3,"name":"Camping pour Randonneur"}]}]}},"_links":{"self":[{"href":"https:\/\/vacances-seasonova.com\/de\/wp-json\/wp\/v2\/pages\/109"}],"collection":[{"href":"https:\/\/vacances-seasonova.com\/de\/wp-json\/wp\/v2\/pages"}],"about":[{"href":"https:\/\/vacances-seasonova.com\/de\/wp-json\/wp\/v2\/types\/page"}],"author":[{"embeddable":true,"href":"https:\/\/vacances-seasonova.com\/de\/wp-json\/wp\/v2\/users\/3"}],"replies":[{"embeddable":true,"href":"https:\/\/vacances-seasonova.com\/de\/wp-json\/wp\/v2\/comments?post=109"}],"version-history":[{"count":7,"href":"https:\/\/vacances-seasonova.com\/de\/wp-json\/wp\/v2\/pages\/109\/revisions"}],"predecessor-version":[{"id":51730,"href":"https:\/\/vacances-seasonova.com\/de\/wp-json\/wp\/v2\/pages\/109\/revisions\/51730"}],"up":[{"embeddable":true,"href":"https:\/\/vacances-seasonova.com\/de\/wp-json\/wp\/v2\/pages\/64"}],"wp:featuredmedia":[{"embeddable":true,"href":"https:\/\/vacances-seasonova.com\/de\/wp-json\/wp\/v2\/media\/660"}],"wp:attachment":[{"href":"https:\/\/vacances-seasonova.com\/de\/wp-json\/wp\/v2\/media?parent=109"}],"curies":[{"name":"wp","href":"https:\/\/api.w.org\/{rel}","templated":true}]}}