    {"id":121,"date":"2016-09-20T11:45:28","date_gmt":"2016-09-20T10:45:28","guid":{"rendered":"http:\/\/vacances-seasonova.com\/?page_id=121"},"modified":"2023-02-15T17:07:41","modified_gmt":"2023-02-15T16:07:41","slug":"comment-reserver","status":"publish","type":"page","link":"https:\/\/vacances-seasonova.com\/de\/praktische-campinginformationen\/so-koennen-sie-buchen\/","title":{"rendered":"Comment r\u00e9server ?"},"content":{"rendered":"<p><\/p>\n<h2 class=\"p1\">Telefonisch<\/h2>\n<div class=\"p1\" style=\"text-align: justify;\">Unsere Mitarbeiter geben Ihnen von Montag bis Freitag von 9 bis 18 Uhr Auskunft unter <strong>(0033)2 36 81 00 01<\/strong><\/div>\n<div class=\"p1\" style=\"text-align: justify;\">\n<p>Diese helfen Ihnen bei Ihrer ersten Online-Buchung. Sie k\u00f6nnen Ihren Aufenthalt auch direkt am Telefon buchen. Die Mitarbeiter k\u00f6nnen Ihnen bei Ihrer Entscheidung helfen und geben Ihnen alle Informationen, die Sie \u00fcber jeden Seasonova ben\u00f6tigen.<\/p>\n<\/div>\n<h2 class=\"p1\">Online<\/h2>\n<div class=\"p1\" style=\"text-align: justify;\">\n<p><a href=\"https:\/\/bookingpremium.secureholiday.net\/group\/de\/22\/search\/estab-list?showMap=true&#038;radius=796\" target=\"_blank\" rel=\"noopener noreferrer\">Entdecken Sie alle Dienstleistungen unserer Campingpl\u00e4tze in Frankreich und buchen Sie 24 Stunden am Tag.<\/a><\/p>\n<\/div>\n<div class=\"p1\" style=\"text-align: justify;\">Wir bem\u00fchen uns, Ihnen aktuelle und genaue Informationen mit echten Fotos, detaillierten Beschreibungen und Links zu unseren Partnern zu bieten, damit Sie unsere Regionen entdecken und erleben k\u00f6nnen&#8230;<\/div>\n<div class=\"p1\" style=\"text-align: justify;\">\n<p>Wenn Sie Ihre Reservierung direkt im Internet vornehmen, ist Ihnen eine schnelle Best\u00e4tigung innerhalb von maximal 48 Stunden sicher. Sie erhalten daraufhin unsere Best\u00e4tigung per E-Mail. Es ist nicht n\u00f6tig, einen zus\u00e4tzlichen Vertrag oder \u00dcberweisung zu t\u00e4tigen.<\/p>\n<\/div>\n<h2 class=\"p1\" style=\"text-align: justify;\">Nach Verf\u00fcgbarkeit suchen und buchen<\/h2>\n<div class=\"p1\" style=\"text-align: justify;\">Ganz einfach, immer auf der rechten Seite Ihres Bildschirms, w\u00e4hlen Sie den Campingplatz Ihrer Wahl und Ihre Aufenthaltsdaten. Wir informieren Sie direkt \u00fcber unsere Verf\u00fcgbarkeit, wenn Sie auf die Schaltfl\u00e4che &#8222;SUCHEN&#8220; klicken.<br \/>\nWenn f\u00fcr Ihre Anfrage keine Verf\u00fcgbarkeit mehr besteht, werden wir unser Bestes tun, um Ihren Wunsch zu erf\u00fcllen, indem wir Ihnen andere Angebote vorschlagen&#8230;<br \/>\nWenn Ihr Wunsch verf\u00fcgbar ist, k\u00f6nnen Sie zum n\u00e4chsten Schritt \u00fcbergehen, indem Sie auf die Schaltfl\u00e4che &#8222;BUCHEN&#8220; klicken.<\/div>\n<div class=\"p1\" style=\"text-align: justify;\">\n<p>Eine Anzahlung von 30% des Gesamtbetrags Ihres Aufenthalts wird per Kreditkarte verlangt. Unsere Website ist vollst\u00e4ndig gesichert und verwendet die Secureholiday-Technologie.<\/p>\n<\/div>\n<h2 class=\"p1\">Sicherheit<\/h2>\n<p class=\"p1\" style=\"text-align: justify;\">Die \u00dcbertragung aller Bankdaten wird mit einem 128-Bit-Schl\u00fcssel verschl\u00fcsselt. Die Online-Zahlungsseiten sind durch SSL gesichert.<\/p>\n<h2 class=\"p1\">Bezahlung<\/h2>\n<div class=\"p1\" style=\"text-align: justify;\">Sie k\u00f6nnen Ihre Anzahlung auch per \u00dcberweisung leisten.<\/div>\n<div class=\"p1\" style=\"text-align: justify;\">\n<p>Wenn Sie nicht per Kreditkarte oder \u00dcberweisung zahlen m\u00f6chten, kein Problem, Sie k\u00f6nnen die Details Ihrer Bestellung ausdrucken und die allgemeinen Gesch\u00e4ftsbedingungen akzeptieren und uns diese zusammen mit Ihrer Anzahlung per Scheck, Urlaubsgutschein oder Zahlungsanweisung per Post an die Adresse des gew\u00e4hlten Campingplatzes schicken. Sie k\u00f6nnen bei uns auch ein Reservierungsformular f\u00fcr Camping und Ferienvermietung anfordern.<\/p>\n<\/div>\n<h2 class=\"p1\">Unser Bestreben ist Ihre Zufriedenheit<\/h2>\n<div class=\"p1\" style=\"text-align: justify;\">Sobald Sie aus Ihrem Urlaub zur\u00fcckkommen, erhalten Sie per Post, wenn Sie per Internet gebucht haben, eine Email mit einem Zufriedenheitsfragebogen. In der Tat sind alle Seasonova-Campingpl\u00e4tze dem Qualit\u00e4tsgedanken verpflichtet und Ihre Zufriedenheit steht im Mittelpunkt unserer Bem\u00fchungen.<br \/>\nDank Ihrer Anmerkungen verbessern wir jeden Tag unseren Service, damit Ihr Urlaub ein Erfolg wird. F\u00fcr alle Ihre Anregungen und Reklamationen k\u00f6nnen Sie uns an die folgende Adresse schreiben:<br \/>\nVacances Seasonova<\/div>\n<div class=\"p1\" style=\"text-align: justify;\">Service Qualit\u00e9<\/div>\n<div class=\"p1\" style=\"text-align: justify;\">Route de Cabourg<\/div>\n<div class=\"p1\" style=\"text-align: justify;\">14 810 Merville-Franceville.<\/div>\n<p><\/p>","protected":false},"excerpt":{"rendered":"<p>Telefonisch Unsere Mitarbeiter geben Ihnen von Montag bis Freitag von 9 bis 18 Uhr Auskunft unter (0033)2 36 81 00 01 Diese helfen Ihnen bei Ihrer ersten Online-Buchung. Sie k\u00f6nnen Ihren Aufenthalt auch direkt am Telefon [&#8230;]<\/p>\n","protected":false},"author":3,"featured_media":3524,"parent":66,"menu_order":2,"comment_status":"closed","ping_status":"closed","template":"page.php","meta":[],"yoast_head":"<!-- This site is optimized with the Yoast SEO plugin v18.1 - https:\/\/yoast.com\/wordpress\/plugins\/seo\/ -->\n<meta name=\"robots\" content=\"index, follow, max-snippet:-1, max-image-preview:large, max-video-preview:-1\" \/>\n<link rel=\"canonical\" href=\"https:\/\/vacances-seasonova.com\/de\/information-camping-pratiques\/comment-reserver\/\" \/>\n<meta property=\"og:locale\" content=\"de_DE\" \/>\n<meta property=\"og:type\" content=\"article\" \/>\n<meta property=\"og:title\" content=\"Comment r\u00e9server ? - Seasonova\" \/>\n<meta property=\"og:description\" content=\"Telefonisch Unsere Mitarbeiter geben Ihnen von Montag bis Freitag von 9 bis 18 Uhr Auskunft unter (0033)2 36 81 00 01 Diese helfen Ihnen bei Ihrer ersten Online-Buchung. Sie k\u00f6nnen Ihren Aufenthalt auch direkt am Telefon [...]\" \/>\n<meta property=\"og:url\" content=\"https:\/\/vacances-seasonova.com\/fr\/information-camping-pratiques\/comment-reserver\/\" \/>\n<meta property=\"og:site_name\" content=\"Seasonova\" \/>\n<meta property=\"article:modified_time\" content=\"2023-02-15T16:07:41+00:00\" \/>\n<meta property=\"og:image\" content=\"https:\/\/vacances-seasonova.com\/wp-content\/uploads\/2016\/09\/comment-reserver-1.png\" \/>\n\t<meta property=\"og:image:width\" content=\"1400\" \/>\n\t<meta property=\"og:image:height\" content=\"549\" \/>\n\t<meta property=\"og:image:type\" content=\"image\/png\" \/>\n<meta name=\"twitter:card\" content=\"summary\" \/>\n<meta name=\"twitter:label1\" content=\"Gesch\u00e4tzte Lesezeit\" \/>\n\t<meta name=\"twitter:data1\" content=\"2 Minuten\" \/>\n<script type=\"application\/ld+json\" class=\"yoast-schema-graph\">{\"@context\":\"https:\/\/schema.org\",\"@graph\":[{\"@type\":\"WebSite\",\"@id\":\"https:\/\/vacances-seasonova.com\/fr\/#website\",\"url\":\"https:\/\/vacances-seasonova.com\/fr\/\",\"name\":\"Seasonova\",\"description\":\"\",\"potentialAction\":[{\"@type\":\"SearchAction\",\"target\":{\"@type\":\"EntryPoint\",\"urlTemplate\":\"https:\/\/vacances-seasonova.com\/fr\/?s={search_term_string}\"},\"query-input\":\"required name=search_term_string\"}],\"inLanguage\":\"de-DE\"},{\"@type\":\"ImageObject\",\"@id\":\"https:\/\/vacances-seasonova.com\/fr\/information-camping-pratiques\/comment-reserver\/#primaryimage\",\"inLanguage\":\"de-DE\",\"url\":\"https:\/\/vacances-seasonova.com\/wp-content\/uploads\/2016\/09\/comment-reserver-1.png\",\"contentUrl\":\"https:\/\/vacances-seasonova.com\/wp-content\/uploads\/2016\/09\/comment-reserver-1.png\",\"width\":1400,\"height\":549,\"caption\":\"comment-reserver, r\u00e9servation_camping\"},{\"@type\":\"WebPage\",\"@id\":\"https:\/\/vacances-seasonova.com\/fr\/information-camping-pratiques\/comment-reserver\/#webpage\",\"url\":\"https:\/\/vacances-seasonova.com\/fr\/information-camping-pratiques\/comment-reserver\/\",\"name\":\"Comment r\u00e9server ? - Seasonova\",\"isPartOf\":{\"@id\":\"https:\/\/vacances-seasonova.com\/fr\/#website\"},\"primaryImageOfPage\":{\"@id\":\"https:\/\/vacances-seasonova.com\/fr\/information-camping-pratiques\/comment-reserver\/#primaryimage\"},\"datePublished\":\"2016-09-20T10:45:28+00:00\",\"dateModified\":\"2023-02-15T16:07:41+00:00\",\"breadcrumb\":{\"@id\":\"https:\/\/vacances-seasonova.com\/fr\/information-camping-pratiques\/comment-reserver\/#breadcrumb\"},\"inLanguage\":\"de-DE\",\"potentialAction\":[{\"@type\":\"ReadAction\",\"target\":[\"https:\/\/vacances-seasonova.com\/fr\/information-camping-pratiques\/comment-reserver\/\"]}]},{\"@type\":\"BreadcrumbList\",\"@id\":\"https:\/\/vacances-seasonova.com\/fr\/information-camping-pratiques\/comment-reserver\/#breadcrumb\",\"itemListElement\":[{\"@type\":\"ListItem\",\"position\":1,\"name\":\"Accueil\",\"item\":\"https:\/\/vacances-seasonova.com\/nl\/\"},{\"@type\":\"ListItem\",\"position\":2,\"name\":\"Praktische Campinginformationen\",\"item\":\"https:\/\/vacances-seasonova.com\/de\/praktische-campinginformationen\/\"},{\"@type\":\"ListItem\",\"position\":3,\"name\":\"Comment r\u00e9server ?\"}]}]}<\/script>\n<!-- \/ Yoast SEO plugin. -->","yoast_head_json":{"robots":{"index":"index","follow":"follow","max-snippet":"max-snippet:-1","max-image-preview":"max-image-preview:large","max-video-preview":"max-video-preview:-1"},"canonical":"https:\/\/vacances-seasonova.com\/de\/information-camping-pratiques\/comment-reserver\/","og_locale":"de_DE","og_type":"article","og_title":"Comment r\u00e9server ? - Seasonova","og_description":"Telefonisch Unsere Mitarbeiter geben Ihnen von Montag bis Freitag von 9 bis 18 Uhr Auskunft unter (0033)2 36 81 00 01 Diese helfen Ihnen bei Ihrer ersten Online-Buchung. Sie k\u00f6nnen Ihren Aufenthalt auch direkt am Telefon [...]","og_url":"https:\/\/vacances-seasonova.com\/fr\/information-camping-pratiques\/comment-reserver\/","og_site_name":"Seasonova","article_modified_time":"2023-02-15T16:07:41+00:00","og_image":[{"width":1400,"height":549,"url":"https:\/\/vacances-seasonova.com\/wp-content\/uploads\/2016\/09\/comment-reserver-1.png","type":"image\/png"}],"twitter_card":"summary","twitter_misc":{"Gesch\u00e4tzte Lesezeit":"2 Minuten"},"schema":{"@context":"https:\/\/schema.org","@graph":[{"@type":"WebSite","@id":"https:\/\/vacances-seasonova.com\/fr\/#website","url":"https:\/\/vacances-seasonova.com\/fr\/","name":"Seasonova","description":"","potentialAction":[{"@type":"SearchAction","target":{"@type":"EntryPoint","urlTemplate":"https:\/\/vacances-seasonova.com\/fr\/?s={search_term_string}"},"query-input":"required name=search_term_string"}],"inLanguage":"de-DE"},{"@type":"ImageObject","@id":"https:\/\/vacances-seasonova.com\/fr\/information-camping-pratiques\/comment-reserver\/#primaryimage","inLanguage":"de-DE","url":"https:\/\/vacances-seasonova.com\/wp-content\/uploads\/2016\/09\/comment-reserver-1.png","contentUrl":"https:\/\/vacances-seasonova.com\/wp-content\/uploads\/2016\/09\/comment-reserver-1.png","width":1400,"height":549,"caption":"comment-reserver, r\u00e9servation_camping"},{"@type":"WebPage","@id":"https:\/\/vacances-seasonova.com\/fr\/information-camping-pratiques\/comment-reserver\/#webpage","url":"https:\/\/vacances-seasonova.com\/fr\/information-camping-pratiques\/comment-reserver\/","name":"Comment r\u00e9server ? - Seasonova","isPartOf":{"@id":"https:\/\/vacances-seasonova.com\/fr\/#website"},"primaryImageOfPage":{"@id":"https:\/\/vacances-seasonova.com\/fr\/information-camping-pratiques\/comment-reserver\/#primaryimage"},"datePublished":"2016-09-20T10:45:28+00:00","dateModified":"2023-02-15T16:07:41+00:00","breadcrumb":{"@id":"https:\/\/vacances-seasonova.com\/fr\/information-camping-pratiques\/comment-reserver\/#breadcrumb"},"inLanguage":"de-DE","potentialAction":[{"@type":"ReadAction","target":["https:\/\/vacances-seasonova.com\/fr\/information-camping-pratiques\/comment-reserver\/"]}]},{"@type":"BreadcrumbList","@id":"https:\/\/vacances-seasonova.com\/fr\/information-camping-pratiques\/comment-reserver\/#breadcrumb","itemListElement":[{"@type":"ListItem","position":1,"name":"Accueil","item":"https:\/\/vacances-seasonova.com\/nl\/"},{"@type":"ListItem","position":2,"name":"Praktische Campinginformationen","item":"https:\/\/vacances-seasonova.com\/de\/praktische-campinginformationen\/"},{"@type":"ListItem","position":3,"name":"Comment r\u00e9server ?"}]}]}},"_links":{"self":[{"href":"https:\/\/vacances-seasonova.com\/de\/wp-json\/wp\/v2\/pages\/121"}],"collection":[{"href":"https:\/\/vacances-seasonova.com\/de\/wp-json\/wp\/v2\/pages"}],"about":[{"href":"https:\/\/vacances-seasonova.com\/de\/wp-json\/wp\/v2\/types\/page"}],"author":[{"embeddable":true,"href":"https:\/\/vacances-seasonova.com\/de\/wp-json\/wp\/v2\/users\/3"}],"replies":[{"embeddable":true,"href":"https:\/\/vacances-seasonova.com\/de\/wp-json\/wp\/v2\/comments?post=121"}],"version-history":[{"count":8,"href":"https:\/\/vacances-seasonova.com\/de\/wp-json\/wp\/v2\/pages\/121\/revisions"}],"predecessor-version":[{"id":36874,"href":"https:\/\/vacances-seasonova.com\/de\/wp-json\/wp\/v2\/pages\/121\/revisions\/36874"}],"up":[{"embeddable":true,"href":"https:\/\/vacances-seasonova.com\/de\/wp-json\/wp\/v2\/pages\/66"}],"wp:featuredmedia":[{"embeddable":true,"href":"https:\/\/vacances-seasonova.com\/de\/wp-json\/wp\/v2\/media\/3524"}],"wp:attachment":[{"href":"https:\/\/vacances-seasonova.com\/de\/wp-json\/wp\/v2\/media?parent=121"}],"curies":[{"name":"wp","href":"https:\/\/api.w.org\/{rel}","templated":true}]}}