    {"id":127,"date":"2016-09-20T11:48:51","date_gmt":"2016-09-20T10:48:51","guid":{"rendered":"http:\/\/vacances-seasonova.com\/?page_id=127"},"modified":"2021-10-04T09:41:14","modified_gmt":"2021-10-04T07:41:14","slug":"astuces-camping","status":"publish","type":"page","link":"https:\/\/vacances-seasonova.com\/de\/praktische-campinginformationen\/camping-tipps\/","title":{"rendered":"Camping Tipps"},"content":{"rendered":"<p><\/p>\n<h2>Cool bleiben!<\/h2>\n<p>Frieren Sie Dosen oder Flaschen mit Wasser ein und legen Sie sie in Ihre K\u00fchlbox. Das hat einen doppelten Vorteil: Es h\u00e4lt Ihr Essen k\u00fchl und Sie haben sp\u00e4ter auch frisches Wasser zum Trinken. Camping-Tipps: Wickeln Sie sie in Folie oder eine Plastikt\u00fcte ein, damit es l\u00e4nger gefroren bleibt.<\/p>\n<h2>Ein Licht geht auf!<\/h2>\n<p>Eine \u00fcberraschende, aber effektive und kosteng\u00fcnstige M\u00f6glichkeit, Ihr Zelt zu beleuchten, ist einfacher als Sie denken. Befestigen Sie einfach eine Taschenlampe an einem mit Wasser gef\u00fcllten Kanister und schon leuchtet das Zelt auf. Funktioniert sehr gut!<\/p>\n<p><img loading=\"lazy\" class=\"size-medium wp-image-1541 aligncenter\" src=\"https:\/\/vacances-seasonova.com\/wp-content\/uploads\/2016\/09\/bidon-300x169.jpg\" alt=\"bidon\" width=\"300\" height=\"169\" srcset=\"https:\/\/vacances-seasonova.com\/wp-content\/uploads\/2016\/09\/bidon-300x169.jpg 300w, https:\/\/vacances-seasonova.com\/wp-content\/uploads\/2016\/09\/bidon-768x432.jpg 768w, https:\/\/vacances-seasonova.com\/wp-content\/uploads\/2016\/09\/bidon-800x450.jpg 800w, https:\/\/vacances-seasonova.com\/wp-content\/uploads\/2016\/09\/bidon-600x337.jpg 600w, https:\/\/vacances-seasonova.com\/wp-content\/uploads\/2016\/09\/bidon.jpg 900w\" sizes=\"(max-width: 300px) 100vw, 300px\" \/><\/p>\n<h2>Ein Tipp f\u00fcr unsere Zeltfreunde.<\/h2>\n<p>Man denkt nicht wirklich dar\u00fcber nach, wenn man nach einer langen Reise sein Zelt aufbaut und nur eines im Sinn hat, ausruhen und die Sonne genie\u00dfen! Zu unseren Camping Tipps geh\u00f6rt aber auch, dass Sie Ihr Zelt an einem schattigen Platz aufstellen. So vermeiden Sie das nicht gerade angenehme Gef\u00fchl, um 7.30 Uhr morgens durch die Sonnestrahlen geweckt zu werden, weil diese Ihr Zelt so aufheizen.<\/p>","protected":false},"excerpt":{"rendered":"<p>Cool bleiben! Frieren Sie Dosen oder Flaschen mit Wasser ein und legen Sie sie in Ihre K\u00fchlbox. Das hat einen doppelten Vorteil: Es h\u00e4lt Ihr Essen k\u00fchl und Sie haben sp\u00e4ter auch frisches Wasser zum Trinken. [&#8230;]<\/p>\n","protected":false},"author":3,"featured_media":678,"parent":66,"menu_order":5,"comment_status":"closed","ping_status":"closed","template":"page.php","meta":[],"yoast_head":"<!-- This site is optimized with the Yoast SEO plugin v18.1 - https:\/\/yoast.com\/wordpress\/plugins\/seo\/ -->\n<meta name=\"robots\" content=\"index, follow, max-snippet:-1, max-image-preview:large, max-video-preview:-1\" \/>\n<link rel=\"canonical\" href=\"https:\/\/vacances-seasonova.com\/de\/information-camping-pratiques\/astuces-camping\/\" \/>\n<meta property=\"og:locale\" content=\"de_DE\" \/>\n<meta property=\"og:type\" content=\"article\" \/>\n<meta property=\"og:title\" content=\"Astuces camping - Seasonova\" \/>\n<meta property=\"og:description\" content=\"Cool bleiben! Frieren Sie Dosen oder Flaschen mit Wasser ein und legen Sie sie in Ihre K\u00fchlbox. Das hat einen doppelten Vorteil: Es h\u00e4lt Ihr Essen k\u00fchl und Sie haben sp\u00e4ter auch frisches Wasser zum Trinken. [...]\" \/>\n<meta property=\"og:url\" content=\"https:\/\/vacances-seasonova.com\/fr\/information-camping-pratiques\/astuces-camping\/\" \/>\n<meta property=\"og:site_name\" content=\"Seasonova\" \/>\n<meta property=\"article:modified_time\" content=\"2021-10-04T07:41:14+00:00\" \/>\n<meta property=\"og:image\" content=\"https:\/\/vacances-seasonova.com\/wp-content\/uploads\/2016\/09\/ecolodge_camping_seasonova.jpg\" \/>\n\t<meta property=\"og:image:width\" content=\"1480\" \/>\n\t<meta property=\"og:image:height\" content=\"467\" \/>\n\t<meta property=\"og:image:type\" content=\"image\/jpeg\" \/>\n<meta name=\"twitter:card\" content=\"summary\" \/>\n<meta name=\"twitter:label1\" content=\"Gesch\u00e4tzte Lesezeit\" \/>\n\t<meta name=\"twitter:data1\" content=\"3 Minuten\" \/>\n<script type=\"application\/ld+json\" class=\"yoast-schema-graph\">{\"@context\":\"https:\/\/schema.org\",\"@graph\":[{\"@type\":\"WebSite\",\"@id\":\"https:\/\/vacances-seasonova.com\/nl\/#website\",\"url\":\"https:\/\/vacances-seasonova.com\/nl\/\",\"name\":\"Seasonova\",\"description\":\"\",\"potentialAction\":[{\"@type\":\"SearchAction\",\"target\":{\"@type\":\"EntryPoint\",\"urlTemplate\":\"https:\/\/vacances-seasonova.com\/nl\/?s={search_term_string}\"},\"query-input\":\"required name=search_term_string\"}],\"inLanguage\":\"de-DE\"},{\"@type\":\"ImageObject\",\"@id\":\"https:\/\/vacances-seasonova.com\/fr\/information-camping-pratiques\/astuces-camping\/#primaryimage\",\"inLanguage\":\"de-DE\",\"url\":\"https:\/\/vacances-seasonova.com\/wp-content\/uploads\/2016\/09\/ecolodge_camping_seasonova.jpg\",\"contentUrl\":\"https:\/\/vacances-seasonova.com\/wp-content\/uploads\/2016\/09\/ecolodge_camping_seasonova.jpg\",\"width\":1480,\"height\":467,\"caption\":\"ecolodge_camping_seasonova\"},{\"@type\":\"WebPage\",\"@id\":\"https:\/\/vacances-seasonova.com\/fr\/information-camping-pratiques\/astuces-camping\/#webpage\",\"url\":\"https:\/\/vacances-seasonova.com\/fr\/information-camping-pratiques\/astuces-camping\/\",\"name\":\"Astuces camping - Seasonova\",\"isPartOf\":{\"@id\":\"https:\/\/vacances-seasonova.com\/nl\/#website\"},\"primaryImageOfPage\":{\"@id\":\"https:\/\/vacances-seasonova.com\/fr\/information-camping-pratiques\/astuces-camping\/#primaryimage\"},\"datePublished\":\"2016-09-20T10:48:51+00:00\",\"dateModified\":\"2021-10-04T07:41:14+00:00\",\"breadcrumb\":{\"@id\":\"https:\/\/vacances-seasonova.com\/fr\/information-camping-pratiques\/astuces-camping\/#breadcrumb\"},\"inLanguage\":\"de-DE\",\"potentialAction\":[{\"@type\":\"ReadAction\",\"target\":[\"https:\/\/vacances-seasonova.com\/fr\/information-camping-pratiques\/astuces-camping\/\"]}]},{\"@type\":\"BreadcrumbList\",\"@id\":\"https:\/\/vacances-seasonova.com\/fr\/information-camping-pratiques\/astuces-camping\/#breadcrumb\",\"itemListElement\":[{\"@type\":\"ListItem\",\"position\":1,\"name\":\"Accueil\",\"item\":\"https:\/\/vacances-seasonova.com\/nl\/\"},{\"@type\":\"ListItem\",\"position\":2,\"name\":\"Information Camping pratiques\",\"item\":\"https:\/\/vacances-seasonova.com\/fr\/information-camping-pratiques\/\"},{\"@type\":\"ListItem\",\"position\":3,\"name\":\"Astuces camping\"}]}]}<\/script>\n<!-- \/ Yoast SEO plugin. -->","yoast_head_json":{"robots":{"index":"index","follow":"follow","max-snippet":"max-snippet:-1","max-image-preview":"max-image-preview:large","max-video-preview":"max-video-preview:-1"},"canonical":"https:\/\/vacances-seasonova.com\/de\/information-camping-pratiques\/astuces-camping\/","og_locale":"de_DE","og_type":"article","og_title":"Astuces camping - Seasonova","og_description":"Cool bleiben! Frieren Sie Dosen oder Flaschen mit Wasser ein und legen Sie sie in Ihre K\u00fchlbox. Das hat einen doppelten Vorteil: Es h\u00e4lt Ihr Essen k\u00fchl und Sie haben sp\u00e4ter auch frisches Wasser zum Trinken. [...]","og_url":"https:\/\/vacances-seasonova.com\/fr\/information-camping-pratiques\/astuces-camping\/","og_site_name":"Seasonova","article_modified_time":"2021-10-04T07:41:14+00:00","og_image":[{"width":1480,"height":467,"url":"https:\/\/vacances-seasonova.com\/wp-content\/uploads\/2016\/09\/ecolodge_camping_seasonova.jpg","type":"image\/jpeg"}],"twitter_card":"summary","twitter_misc":{"Gesch\u00e4tzte Lesezeit":"3 Minuten"},"schema":{"@context":"https:\/\/schema.org","@graph":[{"@type":"WebSite","@id":"https:\/\/vacances-seasonova.com\/nl\/#website","url":"https:\/\/vacances-seasonova.com\/nl\/","name":"Seasonova","description":"","potentialAction":[{"@type":"SearchAction","target":{"@type":"EntryPoint","urlTemplate":"https:\/\/vacances-seasonova.com\/nl\/?s={search_term_string}"},"query-input":"required name=search_term_string"}],"inLanguage":"de-DE"},{"@type":"ImageObject","@id":"https:\/\/vacances-seasonova.com\/fr\/information-camping-pratiques\/astuces-camping\/#primaryimage","inLanguage":"de-DE","url":"https:\/\/vacances-seasonova.com\/wp-content\/uploads\/2016\/09\/ecolodge_camping_seasonova.jpg","contentUrl":"https:\/\/vacances-seasonova.com\/wp-content\/uploads\/2016\/09\/ecolodge_camping_seasonova.jpg","width":1480,"height":467,"caption":"ecolodge_camping_seasonova"},{"@type":"WebPage","@id":"https:\/\/vacances-seasonova.com\/fr\/information-camping-pratiques\/astuces-camping\/#webpage","url":"https:\/\/vacances-seasonova.com\/fr\/information-camping-pratiques\/astuces-camping\/","name":"Astuces camping - Seasonova","isPartOf":{"@id":"https:\/\/vacances-seasonova.com\/nl\/#website"},"primaryImageOfPage":{"@id":"https:\/\/vacances-seasonova.com\/fr\/information-camping-pratiques\/astuces-camping\/#primaryimage"},"datePublished":"2016-09-20T10:48:51+00:00","dateModified":"2021-10-04T07:41:14+00:00","breadcrumb":{"@id":"https:\/\/vacances-seasonova.com\/fr\/information-camping-pratiques\/astuces-camping\/#breadcrumb"},"inLanguage":"de-DE","potentialAction":[{"@type":"ReadAction","target":["https:\/\/vacances-seasonova.com\/fr\/information-camping-pratiques\/astuces-camping\/"]}]},{"@type":"BreadcrumbList","@id":"https:\/\/vacances-seasonova.com\/fr\/information-camping-pratiques\/astuces-camping\/#breadcrumb","itemListElement":[{"@type":"ListItem","position":1,"name":"Accueil","item":"https:\/\/vacances-seasonova.com\/nl\/"},{"@type":"ListItem","position":2,"name":"Information Camping pratiques","item":"https:\/\/vacances-seasonova.com\/fr\/information-camping-pratiques\/"},{"@type":"ListItem","position":3,"name":"Astuces camping"}]}]}},"_links":{"self":[{"href":"https:\/\/vacances-seasonova.com\/de\/wp-json\/wp\/v2\/pages\/127"}],"collection":[{"href":"https:\/\/vacances-seasonova.com\/de\/wp-json\/wp\/v2\/pages"}],"about":[{"href":"https:\/\/vacances-seasonova.com\/de\/wp-json\/wp\/v2\/types\/page"}],"author":[{"embeddable":true,"href":"https:\/\/vacances-seasonova.com\/de\/wp-json\/wp\/v2\/users\/3"}],"replies":[{"embeddable":true,"href":"https:\/\/vacances-seasonova.com\/de\/wp-json\/wp\/v2\/comments?post=127"}],"version-history":[{"count":0,"href":"https:\/\/vacances-seasonova.com\/de\/wp-json\/wp\/v2\/pages\/127\/revisions"}],"up":[{"embeddable":true,"href":"https:\/\/vacances-seasonova.com\/de\/wp-json\/wp\/v2\/pages\/66"}],"wp:featuredmedia":[{"embeddable":true,"href":"https:\/\/vacances-seasonova.com\/de\/wp-json\/wp\/v2\/media\/678"}],"wp:attachment":[{"href":"https:\/\/vacances-seasonova.com\/de\/wp-json\/wp\/v2\/media?parent=127"}],"curies":[{"name":"wp","href":"https:\/\/api.w.org\/{rel}","templated":true}]}}