    {"id":1285,"date":"2016-11-28T14:36:49","date_gmt":"2016-11-28T13:36:49","guid":{"rendered":"http:\/\/vacances-seasonova.com\/?page_id=1285"},"modified":"2023-05-31T16:43:20","modified_gmt":"2023-05-31T14:43:20","slug":"carte-de-fidelite-seasonova","status":"publish","type":"page","link":"https:\/\/vacances-seasonova.com\/de\/seasonova-treuekarte\/","title":{"rendered":"Carte de Fid\u00e9lit\u00e9 Seasonova"},"content":{"rendered":"<p>Werden Sie Mitglied bei Seasonova und erhalten Sie die besten Angebote im Voraus, indem Sie Treuepunkte sammeln. Z\u00f6gern Sie nicht, bei Ihrem n\u00e4chsten Besuch danach zu fragen, es ist kostenlos! Sie k\u00f6nnen uns auch eine E-Mail schicken, wenn Sie sie erhalten m\u00f6chten.<br \/>\nSie erhalten die besten Angebote der SEASONOVA-Campingpl\u00e4tze und ihrer Partner.<br \/>\nNEU: Die Buchungsgeb\u00fchren werden Ihnen dank der SEASONOVA-Kundenkarte erlassen.<\/p>\n<p><img loading=\"lazy\" class=\"alignnone wp-image-1286 size-large\" src=\"https:\/\/vacances-seasonova.com\/wp-content\/uploads\/2023\/05\/flyer_carte_fidelite-jpg.jpg\" alt=\"affiche-carte-fidelite\" width=\"724\" height=\"1024\" \/><\/p>","protected":false},"excerpt":{"rendered":"<p>Werden Sie Mitglied bei Seasonova und erhalten Sie die besten Angebote im Voraus, indem Sie Treuepunkte sammeln. Z\u00f6gern Sie nicht, bei Ihrem n\u00e4chsten Besuch danach zu fragen, es ist kostenlos! Sie k\u00f6nnen uns auch eine [&#8230;]<\/p>\n","protected":false},"author":2,"featured_media":1258,"parent":0,"menu_order":0,"comment_status":"closed","ping_status":"closed","template":"page.php","meta":[],"yoast_head":"<!-- This site is optimized with the Yoast SEO plugin v18.1 - https:\/\/yoast.com\/wordpress\/plugins\/seo\/ -->\n<meta name=\"robots\" content=\"index, follow, max-snippet:-1, max-image-preview:large, max-video-preview:-1\" \/>\n<link rel=\"canonical\" href=\"https:\/\/vacances-seasonova.com\/de\/carte-de-fidelite-seasonova\/\" \/>\n<meta property=\"og:locale\" content=\"de_DE\" \/>\n<meta property=\"og:type\" content=\"article\" \/>\n<meta property=\"og:title\" content=\"Carte de Fid\u00e9lit\u00e9 Seasonova - Seasonova\" \/>\n<meta property=\"og:description\" content=\"Werden Sie Mitglied bei Seasonova und erhalten Sie die besten Angebote im Voraus, indem Sie Treuepunkte sammeln. Z\u00f6gern Sie nicht, bei Ihrem n\u00e4chsten Besuch danach zu fragen, es ist kostenlos! Sie k\u00f6nnen uns auch eine [...]\" \/>\n<meta property=\"og:url\" content=\"https:\/\/vacances-seasonova.com\/fr\/carte-de-fidelite-seasonova\/\" \/>\n<meta property=\"og:site_name\" content=\"Seasonova\" \/>\n<meta property=\"article:modified_time\" content=\"2023-05-31T14:43:20+00:00\" \/>\n<meta property=\"og:image\" content=\"https:\/\/vacances-seasonova.com\/wp-content\/uploads\/2016\/09\/PDL-lac2-675x450.jpg\" \/>\n\t<meta property=\"og:image:width\" content=\"675\" \/>\n\t<meta property=\"og:image:height\" content=\"450\" \/>\n\t<meta property=\"og:image:type\" content=\"image\/jpeg\" \/>\n<meta name=\"twitter:card\" content=\"summary\" \/>\n<meta name=\"twitter:label1\" content=\"Gesch\u00e4tzte Lesezeit\" \/>\n\t<meta name=\"twitter:data1\" content=\"1 Minute\" \/>\n<script type=\"application\/ld+json\" class=\"yoast-schema-graph\">{\"@context\":\"https:\/\/schema.org\",\"@graph\":[{\"@type\":\"WebSite\",\"@id\":\"https:\/\/vacances-seasonova.com\/fr\/#website\",\"url\":\"https:\/\/vacances-seasonova.com\/fr\/\",\"name\":\"Seasonova\",\"description\":\"\",\"potentialAction\":[{\"@type\":\"SearchAction\",\"target\":{\"@type\":\"EntryPoint\",\"urlTemplate\":\"https:\/\/vacances-seasonova.com\/fr\/?s={search_term_string}\"},\"query-input\":\"required name=search_term_string\"}],\"inLanguage\":\"de-DE\"},{\"@type\":\"ImageObject\",\"@id\":\"https:\/\/vacances-seasonova.com\/fr\/carte-de-fidelite-seasonova\/#primaryimage\",\"inLanguage\":\"de-DE\",\"url\":\"https:\/\/vacances-seasonova.com\/wp-content\/uploads\/2016\/09\/PDL-lac2.jpg\",\"contentUrl\":\"https:\/\/vacances-seasonova.com\/wp-content\/uploads\/2016\/09\/PDL-lac2.jpg\",\"width\":4608,\"height\":3072,\"caption\":\"lac portes de Loire\"},{\"@type\":\"WebPage\",\"@id\":\"https:\/\/vacances-seasonova.com\/fr\/carte-de-fidelite-seasonova\/#webpage\",\"url\":\"https:\/\/vacances-seasonova.com\/fr\/carte-de-fidelite-seasonova\/\",\"name\":\"Carte de Fid\u00e9lit\u00e9 Seasonova - Seasonova\",\"isPartOf\":{\"@id\":\"https:\/\/vacances-seasonova.com\/fr\/#website\"},\"primaryImageOfPage\":{\"@id\":\"https:\/\/vacances-seasonova.com\/fr\/carte-de-fidelite-seasonova\/#primaryimage\"},\"datePublished\":\"2016-11-28T13:36:49+00:00\",\"dateModified\":\"2023-05-31T14:43:20+00:00\",\"breadcrumb\":{\"@id\":\"https:\/\/vacances-seasonova.com\/fr\/carte-de-fidelite-seasonova\/#breadcrumb\"},\"inLanguage\":\"de-DE\",\"potentialAction\":[{\"@type\":\"ReadAction\",\"target\":[\"https:\/\/vacances-seasonova.com\/fr\/carte-de-fidelite-seasonova\/\"]}]},{\"@type\":\"BreadcrumbList\",\"@id\":\"https:\/\/vacances-seasonova.com\/fr\/carte-de-fidelite-seasonova\/#breadcrumb\",\"itemListElement\":[{\"@type\":\"ListItem\",\"position\":1,\"name\":\"Accueil\",\"item\":\"https:\/\/vacances-seasonova.com\/nl\/\"},{\"@type\":\"ListItem\",\"position\":2,\"name\":\"Carte de Fid\u00e9lit\u00e9 Seasonova\"}]}]}<\/script>\n<!-- \/ Yoast SEO plugin. -->","yoast_head_json":{"robots":{"index":"index","follow":"follow","max-snippet":"max-snippet:-1","max-image-preview":"max-image-preview:large","max-video-preview":"max-video-preview:-1"},"canonical":"https:\/\/vacances-seasonova.com\/de\/carte-de-fidelite-seasonova\/","og_locale":"de_DE","og_type":"article","og_title":"Carte de Fid\u00e9lit\u00e9 Seasonova - Seasonova","og_description":"Werden Sie Mitglied bei Seasonova und erhalten Sie die besten Angebote im Voraus, indem Sie Treuepunkte sammeln. Z\u00f6gern Sie nicht, bei Ihrem n\u00e4chsten Besuch danach zu fragen, es ist kostenlos! Sie k\u00f6nnen uns auch eine [...]","og_url":"https:\/\/vacances-seasonova.com\/fr\/carte-de-fidelite-seasonova\/","og_site_name":"Seasonova","article_modified_time":"2023-05-31T14:43:20+00:00","og_image":[{"width":675,"height":450,"url":"https:\/\/vacances-seasonova.com\/wp-content\/uploads\/2016\/09\/PDL-lac2-675x450.jpg","type":"image\/jpeg"}],"twitter_card":"summary","twitter_misc":{"Gesch\u00e4tzte Lesezeit":"1 Minute"},"schema":{"@context":"https:\/\/schema.org","@graph":[{"@type":"WebSite","@id":"https:\/\/vacances-seasonova.com\/fr\/#website","url":"https:\/\/vacances-seasonova.com\/fr\/","name":"Seasonova","description":"","potentialAction":[{"@type":"SearchAction","target":{"@type":"EntryPoint","urlTemplate":"https:\/\/vacances-seasonova.com\/fr\/?s={search_term_string}"},"query-input":"required name=search_term_string"}],"inLanguage":"de-DE"},{"@type":"ImageObject","@id":"https:\/\/vacances-seasonova.com\/fr\/carte-de-fidelite-seasonova\/#primaryimage","inLanguage":"de-DE","url":"https:\/\/vacances-seasonova.com\/wp-content\/uploads\/2016\/09\/PDL-lac2.jpg","contentUrl":"https:\/\/vacances-seasonova.com\/wp-content\/uploads\/2016\/09\/PDL-lac2.jpg","width":4608,"height":3072,"caption":"lac portes de Loire"},{"@type":"WebPage","@id":"https:\/\/vacances-seasonova.com\/fr\/carte-de-fidelite-seasonova\/#webpage","url":"https:\/\/vacances-seasonova.com\/fr\/carte-de-fidelite-seasonova\/","name":"Carte de Fid\u00e9lit\u00e9 Seasonova - Seasonova","isPartOf":{"@id":"https:\/\/vacances-seasonova.com\/fr\/#website"},"primaryImageOfPage":{"@id":"https:\/\/vacances-seasonova.com\/fr\/carte-de-fidelite-seasonova\/#primaryimage"},"datePublished":"2016-11-28T13:36:49+00:00","dateModified":"2023-05-31T14:43:20+00:00","breadcrumb":{"@id":"https:\/\/vacances-seasonova.com\/fr\/carte-de-fidelite-seasonova\/#breadcrumb"},"inLanguage":"de-DE","potentialAction":[{"@type":"ReadAction","target":["https:\/\/vacances-seasonova.com\/fr\/carte-de-fidelite-seasonova\/"]}]},{"@type":"BreadcrumbList","@id":"https:\/\/vacances-seasonova.com\/fr\/carte-de-fidelite-seasonova\/#breadcrumb","itemListElement":[{"@type":"ListItem","position":1,"name":"Accueil","item":"https:\/\/vacances-seasonova.com\/nl\/"},{"@type":"ListItem","position":2,"name":"Carte de Fid\u00e9lit\u00e9 Seasonova"}]}]}},"_links":{"self":[{"href":"https:\/\/vacances-seasonova.com\/de\/wp-json\/wp\/v2\/pages\/1285"}],"collection":[{"href":"https:\/\/vacances-seasonova.com\/de\/wp-json\/wp\/v2\/pages"}],"about":[{"href":"https:\/\/vacances-seasonova.com\/de\/wp-json\/wp\/v2\/types\/page"}],"author":[{"embeddable":true,"href":"https:\/\/vacances-seasonova.com\/de\/wp-json\/wp\/v2\/users\/2"}],"replies":[{"embeddable":true,"href":"https:\/\/vacances-seasonova.com\/de\/wp-json\/wp\/v2\/comments?post=1285"}],"version-history":[{"count":3,"href":"https:\/\/vacances-seasonova.com\/de\/wp-json\/wp\/v2\/pages\/1285\/revisions"}],"predecessor-version":[{"id":37992,"href":"https:\/\/vacances-seasonova.com\/de\/wp-json\/wp\/v2\/pages\/1285\/revisions\/37992"}],"wp:featuredmedia":[{"embeddable":true,"href":"https:\/\/vacances-seasonova.com\/de\/wp-json\/wp\/v2\/media\/1258"}],"wp:attachment":[{"href":"https:\/\/vacances-seasonova.com\/de\/wp-json\/wp\/v2\/media?parent=1285"}],"curies":[{"name":"wp","href":"https:\/\/api.w.org\/{rel}","templated":true}]}}