    {"id":155,"date":"2016-09-20T14:32:32","date_gmt":"2016-09-20T13:32:32","guid":{"rendered":"http:\/\/vacances-seasonova.com\/?page_id=155"},"modified":"2025-08-28T15:06:12","modified_gmt":"2025-08-28T13:06:12","slug":"lodges-location-de-camping-insolite","status":"publish","type":"page","link":"https:\/\/vacances-seasonova.com\/de\/ferienunterkuenfte-in-frankreich\/lodges-und-ferienhaeuser\/","title":{"rendered":"Insolite \u00b7 Glamping"},"content":{"rendered":"<p>Sich einen luxuri\u00f6sen Urlaub g\u00f6nnen und gleichzeitig die gr\u00fcne und nat\u00fcrliche Umgebung genie\u00dfen&#8230; Das ist auf den <a href=\"https:\/\/vacances-seasonova.com\/de\/campingplaetze-und-ferienunterkuenfte-von-seasonova\/\">Natur-Campingpl\u00e4tzen von Seasonova<\/a> m\u00f6glich! Auf verschiedenen Campingpl\u00e4tzen haben wir stimmungsvolle <strong>Lodgezelte und Glamping-Unterk\u00fcnfte<\/strong>. Von verspielt und eher einfach bis hin zu sehr luxuri\u00f6s und komplett eingerichteten Zelten mit eigener K\u00fcche und Bad. Herrlich, um zum Beispiel mit der ganzen Familie den Urlaub mitten in der Natur in einem Glampingzelt zu verbringen, das sich sehen lassen kann! Auf unseren <a href=\"https:\/\/vacances-seasonova.com\/de\/campingurlaub-mit-seasonova\/kinder\/\">kinderfreundlichen Campingpl\u00e4tzen<\/a> werden Ihre Kinder hier zusammen mit Ihnen den Urlaub ihres Lebens erleben und die Natur in vollen Z\u00fcgen genie\u00dfen. Durch unsere Aktivit\u00e4ten f\u00fcr die ganze Familie werden schnell neue Freundschaften geschlossen und so fantastische Erinnerungen geschaffen.<\/p>\n<h2>Natur-Campingpl\u00e4tze mit luxuri\u00f6sen Safarizelten am Meer<\/h2>\n<p style=\"text-align: justify;\">Du erlebst beim \u00dcbernachten in einer der <strong>Glamping-Unterk\u00fcnfte<\/strong> das ultimative Camping-Gef\u00fchl und genie\u00dft gleichzeitig Komfort und Bequemlichkeit, wie eine voll ausgestattete K\u00fcche und manchmal sogar dein eigenes <strong>privates Badezimmer<\/strong>. Im Gr\u00fcnen, zwischen B\u00e4umen, in der N\u00e4he oder sogar direkt am Strand. Unsere Unterk\u00fcnfte befinden sich an naturbelassenen Orten und aufgrund der Verwendung von viel Holz in unseren Lodgezelten und luxuri\u00f6sen Mobilheimen f\u00fcgen sie sich perfekt in die Umgebung ein. Die \u00dcberschaubarkeit unserer Campingpl\u00e4tze vermittelt ein zus\u00e4tzliches Gef\u00fchl von <strong>Luxus<\/strong>, da man viel Ruhe und Platz um sich herum sp\u00fcrt.<\/p>\n<h3>Glamping Ile de R\u00e9<\/h3>\n<p>Wenn Sie sich f\u00fcr eines der <strong>Lodgezelte<\/strong> von Seasonova entscheiden, haben Sie das Gef\u00fchl auf einer Safari zu sein. Die Glamping-Zelte gibt es in mehreren Varianten und sie sind f\u00fcr max. 5 Personen geeignet. Wenn Sie campen und gleichzeitig Komfort und Luxus genie\u00dfen m\u00f6chtest, dann ist die Lodge Premium Ihre Unterkunft der Wahl. Neben einer voll ausgestatteten K\u00fcche und 2 Schlafzimmern verf\u00fcgen Sie hier auch \u00fcber Ihr eigenes <strong>privates Badezimmer<\/strong> mit Dusche und Toilette! Die Lodge Premium befindet sich zum Beispiel auf dem Campingplatz auf der <a href=\"https:\/\/vacances-seasonova.com\/de\/camping\/ile-de-re\/?utm_source=anwb&amp;utm_medium=cpc&amp;utm_campaign=camping-seasonova-ile-de-re\">Ile de R\u00e9<\/a> an der franz\u00f6sischen Westk\u00fcste, nicht weit von der lebhaften Stadt La Rochelle. Wenn Sie kein eigenes Bad ben\u00f6tigen, aber gerne eine <strong>voll ausgestattete K\u00fcche<\/strong> haben, dann sind die Bungalodge Glamping-Zelte oder die Ecolodge-Zelte von Seasonova vielleicht etwas f\u00fcr Sie und Ihre Begleitung. Von dem verspielt eingerichteten Ecolodge Junior bis zum Bungalodge Kenya, der mit seiner besonders stimmungsvollen Einrichtung ein gro\u00dfes <strong>Safari-Erlebnis<\/strong> bietet!<\/p>\n<h3>Glamping am Meer oder Badesee<\/h3>\n<p style=\"text-align: justify;\">In einem luxuri\u00f6sen Zelt zu \u00fcbernachten, das mit einer komplett eingerichteten K\u00fcche mit flie\u00dfendem Wasser und einem <strong>eigenen Badezimmer<\/strong> mit Toilette ausgestattet ist, das ist echtes Glamping im Ecolodge-Zelt von Seasonova. Und das an einem fantastischen Ort an der K\u00fcste der Normandie mit Blick auf das Meer und den Archipel der Sieben Inseln.<\/p>\n<p>M\u00f6chten Sie ein echtes Camping-Erlebnis haben und gleichzeitig in einem charmanten und stimmungsvollen Zelt \u00fcbernachten? Dann sind unsere Bivouac-Zelte vielleicht die perfekte L\u00f6sung f\u00fcr Sie und Ihre Reisebegleiter. Es ist ein verspieltes Zelt mit einem Hauch von <strong>Glamping<\/strong>, das zum Beispiel ideal f\u00fcr einen Fahrrad- oder Wanderurlaub entlang der Loire, <strong>der K\u00fcste der Normandie<\/strong> oder den gr\u00fcnen H\u00fcgeln im <strong>Elsass<\/strong> ist. Nat\u00fcrlich stehen Ihnen auch alle Einrichtungen des Campingplatzes zur Verf\u00fcgung, wenn Sie in einem dieser Zelte \u00fcbernachten.<\/p>\n<h3>Campingplatz Frankreich mit luxuri\u00f6sen Ferienh\u00e4uschen<\/h3>\n<p style=\"text-align: justify;\">M\u00f6chten Sie lieber in einem <a href=\"https:\/\/vacances-seasonova.com\/de\/ferienunterkuenfte-in-frankreich\/unsere-cottages\/\">Ferienh\u00e4uschen<\/a> als in einem unserer Zelte \u00fcbernachten? Kein Problem, wir haben f\u00fcr jeden etwas auf unseren Campingpl\u00e4tzen. Alle unsere Mobilheime sind nat\u00fcrlich f\u00fcr die ganze Familie geeignet und mit <strong>privatem Bad<\/strong> ausgestattet. F\u00fcr Familien mit kleinen Kindern sind diese Unterk\u00fcnfte auch besonders angenehm, da sie viel Komfort und Bequemlichkeit bieten. Auch wenn Sie zu zweit reisen oder sogar alleine, finden Sie bei uns sicher eine passende, komfortable und <strong>luxuri\u00f6se Unterkunft<\/strong>.<\/p>\n<h3>Campingplatz mit Glamping-Mobilheimen<\/h3>\n<p>Unsere Mobilheime sind alle mit voll ausgestatteten K\u00fcchen, Badezimmern mit separater Toilette und einer Terrasse oder Veranda ausgestattet. <strong>Bequemlichkeit und Komfort<\/strong> sind hier also immer gegeben. M\u00f6chtest Sie sich und Ihrer Familie etwas Besonderes g\u00f6nnen? Dann buchen Sie das luxuri\u00f6se <a href=\"https:\/\/vacances-seasonova.com\/de\/location\/cottages-prestige\/\">Prestige Mobilheim<\/a>. Zus\u00e4tzlich zu den genannten Einrichtungen ist es auch mit einer <strong>Sp\u00fclmaschine<\/strong> und einem <strong>Fernseher<\/strong> ausgestattet. Und bei der Ankunft sind die Betten bereits f\u00fcr Sie gemacht! Hotelservice w\u00e4hrend Ihres Aufenthalts auf dem Campingplatz und das in einer gr\u00fcnen und nat\u00fcrlichen Umgebung. Das ist Urlaub bei Seasonova.<\/p>\n<h3>Besondere \u00dcbernachtungen am Meer<\/h3>\n<p>Neben den verschiedenen Lodgetenten und Mobilheimen bietet Seasonova auch zwei Arten von <strong>Ferienunterk\u00fcnften<\/strong> an, die halb Zelt und halb Mobilheim sind. Es handelt sich um den halbrunden Coco Sweet und die Cabane du Surfeur. Beide finden Sie auf den Seasonova Campingpl\u00e4tzen an der K\u00fcste in <a href=\"https:\/\/vacances-seasonova.com\/de\/region\/die-bretagne\/\">Bretagne<\/a> und der Normandie. Sie verf\u00fcgen \u00fcber zwei Schlafzimmer, eine eingerichtete K\u00fcchenzeile und haben keine sanit\u00e4ren Einrichtungen. Es handelt sich um originelle Unterk\u00fcnfte, die Ihnen sicherlich ein Camping-Gef\u00fchl mit einem Hauch von Glamping vermitteln!<\/p>\n<h2 style=\"text-align: center;\">Unsere Seasonova-Strandk\u00f6rbe f\u00fcr ein gelungenes Picknick<\/h2>\n<p style=\"text-align: center;\"><img loading=\"lazy\" class=\"wp-image-20931 aligncenter\" src=\"https:\/\/vacances-seasonova.com\/wp-content\/uploads\/2023\/05\/panier.png\" alt=\"\" width=\"897\" height=\"596\" \/><br \/>\n<a title=\"Nos paniers pique-nique\" href=\"https:\/\/vacances-seasonova.com\/fr\/nos-paniers-pique-nique\/\">Mehr erfahren<\/a><\/p>\n<p><\/p>","protected":false},"excerpt":{"rendered":"<p>Sich einen luxuri\u00f6sen Urlaub g\u00f6nnen und gleichzeitig die gr\u00fcne und nat\u00fcrliche Umgebung genie\u00dfen&#8230; Das ist auf den Natur-Campingpl\u00e4tzen von Seasonova m\u00f6glich! Auf verschiedenen Campingpl\u00e4tzen haben wir [&#8230;]<\/p>\n","protected":false},"author":3,"featured_media":4676,"parent":61,"menu_order":1,"comment_status":"closed","ping_status":"closed","template":"page-les-locations.php","meta":[],"yoast_head":"<!-- This site is optimized with the Yoast SEO plugin v18.1 - https:\/\/yoast.com\/wordpress\/plugins\/seo\/ -->\n<meta name=\"robots\" content=\"index, follow, max-snippet:-1, max-image-preview:large, max-video-preview:-1\" \/>\n<link rel=\"canonical\" href=\"https:\/\/vacances-seasonova.com\/de\/vakantiewoningen-in-frankrijk\/lodge-verhuur-van-aparte-accommodaties\/\" \/>\n<meta property=\"og:locale\" content=\"de_DE\" \/>\n<meta property=\"og:type\" content=\"article\" \/>\n<meta property=\"og:title\" content=\"Au\u00dfergew\u00f6hnlich \u00b7 Glamping - Seasonova\" \/>\n<meta property=\"og:description\" content=\"Sich einen luxuri\u00f6sen Urlaub g\u00f6nnen und gleichzeitig die gr\u00fcne und nat\u00fcrliche Umgebung genie\u00dfen&#8230; Das ist auf den Natur-Campingpl\u00e4tzen von Seasonova m\u00f6glich! Auf verschiedenen Campingpl\u00e4tzen haben wir [...]\" \/>\n<meta property=\"og:url\" content=\"https:\/\/vacances-seasonova.com\/nl\/vakantiewoningen-in-frankrijk\/lodge-verhuur-van-aparte-accommodaties\/\" \/>\n<meta property=\"og:site_name\" content=\"Seasonova\" \/>\n<meta property=\"article:modified_time\" content=\"2025-08-28T13:06:12+00:00\" \/>\n<meta property=\"og:image\" content=\"https:\/\/vacances-seasonova.com\/wp-content\/uploads\/2018\/01\/KENYA-CHAMBRE-AU-FOND_EXT_NUIT_1_preview-e1574439137500.jpg\" \/>\n\t<meta property=\"og:image:width\" content=\"1183\" \/>\n\t<meta property=\"og:image:height\" content=\"443\" \/>\n\t<meta property=\"og:image:type\" content=\"image\/jpeg\" \/>\n<meta name=\"twitter:card\" content=\"summary\" \/>\n<meta name=\"twitter:label1\" content=\"Gesch\u00e4tzte Lesezeit\" \/>\n\t<meta name=\"twitter:data1\" content=\"5 Minuten\" \/>\n<script type=\"application\/ld+json\" class=\"yoast-schema-graph\">{\"@context\":\"https:\/\/schema.org\",\"@graph\":[{\"@type\":\"WebSite\",\"@id\":\"https:\/\/vacances-seasonova.com\/fr\/#website\",\"url\":\"https:\/\/vacances-seasonova.com\/fr\/\",\"name\":\"Seasonova\",\"description\":\"\",\"potentialAction\":[{\"@type\":\"SearchAction\",\"target\":{\"@type\":\"EntryPoint\",\"urlTemplate\":\"https:\/\/vacances-seasonova.com\/fr\/?s={search_term_string}\"},\"query-input\":\"required name=search_term_string\"}],\"inLanguage\":\"de-DE\"},{\"@type\":\"ImageObject\",\"@id\":\"https:\/\/vacances-seasonova.com\/nl\/vakantiewoningen-in-frankrijk\/lodge-verhuur-van-aparte-accommodaties\/#primaryimage\",\"inLanguage\":\"de-DE\",\"url\":\"https:\/\/vacances-seasonova.com\/wp-content\/uploads\/2018\/01\/KENYA-CHAMBRE-AU-FOND_EXT_NUIT_1_preview-e1574439137500.jpg\",\"contentUrl\":\"https:\/\/vacances-seasonova.com\/wp-content\/uploads\/2018\/01\/KENYA-CHAMBRE-AU-FOND_EXT_NUIT_1_preview-e1574439137500.jpg\",\"width\":1183,\"height\":443,\"caption\":\"H\u00e9bergement Location Camping Ile de R\u00e9 Portes en R\u00e9\"},{\"@type\":\"WebPage\",\"@id\":\"https:\/\/vacances-seasonova.com\/nl\/vakantiewoningen-in-frankrijk\/lodge-verhuur-van-aparte-accommodaties\/#webpage\",\"url\":\"https:\/\/vacances-seasonova.com\/nl\/vakantiewoningen-in-frankrijk\/lodge-verhuur-van-aparte-accommodaties\/\",\"name\":\"Au\u00dfergew\u00f6hnlich \u00b7 Glamping - Seasonova\",\"isPartOf\":{\"@id\":\"https:\/\/vacances-seasonova.com\/fr\/#website\"},\"primaryImageOfPage\":{\"@id\":\"https:\/\/vacances-seasonova.com\/nl\/vakantiewoningen-in-frankrijk\/lodge-verhuur-van-aparte-accommodaties\/#primaryimage\"},\"datePublished\":\"2016-09-20T13:32:32+00:00\",\"dateModified\":\"2025-08-28T13:06:12+00:00\",\"breadcrumb\":{\"@id\":\"https:\/\/vacances-seasonova.com\/nl\/vakantiewoningen-in-frankrijk\/lodge-verhuur-van-aparte-accommodaties\/#breadcrumb\"},\"inLanguage\":\"de-DE\",\"potentialAction\":[{\"@type\":\"ReadAction\",\"target\":[\"https:\/\/vacances-seasonova.com\/nl\/vakantiewoningen-in-frankrijk\/lodge-verhuur-van-aparte-accommodaties\/\"]}]},{\"@type\":\"BreadcrumbList\",\"@id\":\"https:\/\/vacances-seasonova.com\/nl\/vakantiewoningen-in-frankrijk\/lodge-verhuur-van-aparte-accommodaties\/#breadcrumb\",\"itemListElement\":[{\"@type\":\"ListItem\",\"position\":1,\"name\":\"Accueil\",\"item\":\"https:\/\/vacances-seasonova.com\/nl\/\"},{\"@type\":\"ListItem\",\"position\":2,\"name\":\"Locations de vacances\",\"item\":\"https:\/\/vacances-seasonova.com\/nl\/vakantiewoningen-in-frankrijk\/\"},{\"@type\":\"ListItem\",\"position\":3,\"name\":\"Insolite \u00b7 Glamping\"}]}]}<\/script>\n<!-- \/ Yoast SEO plugin. -->","yoast_head_json":{"robots":{"index":"index","follow":"follow","max-snippet":"max-snippet:-1","max-image-preview":"max-image-preview:large","max-video-preview":"max-video-preview:-1"},"canonical":"https:\/\/vacances-seasonova.com\/de\/vakantiewoningen-in-frankrijk\/lodge-verhuur-van-aparte-accommodaties\/","og_locale":"de_DE","og_type":"article","og_title":"Au\u00dfergew\u00f6hnlich \u00b7 Glamping - Seasonova","og_description":"Sich einen luxuri\u00f6sen Urlaub g\u00f6nnen und gleichzeitig die gr\u00fcne und nat\u00fcrliche Umgebung genie\u00dfen&#8230; Das ist auf den Natur-Campingpl\u00e4tzen von Seasonova m\u00f6glich! Auf verschiedenen Campingpl\u00e4tzen haben wir [...]","og_url":"https:\/\/vacances-seasonova.com\/nl\/vakantiewoningen-in-frankrijk\/lodge-verhuur-van-aparte-accommodaties\/","og_site_name":"Seasonova","article_modified_time":"2025-08-28T13:06:12+00:00","og_image":[{"width":1183,"height":443,"url":"https:\/\/vacances-seasonova.com\/wp-content\/uploads\/2018\/01\/KENYA-CHAMBRE-AU-FOND_EXT_NUIT_1_preview-e1574439137500.jpg","type":"image\/jpeg"}],"twitter_card":"summary","twitter_misc":{"Gesch\u00e4tzte Lesezeit":"5 Minuten"},"schema":{"@context":"https:\/\/schema.org","@graph":[{"@type":"WebSite","@id":"https:\/\/vacances-seasonova.com\/fr\/#website","url":"https:\/\/vacances-seasonova.com\/fr\/","name":"Seasonova","description":"","potentialAction":[{"@type":"SearchAction","target":{"@type":"EntryPoint","urlTemplate":"https:\/\/vacances-seasonova.com\/fr\/?s={search_term_string}"},"query-input":"required name=search_term_string"}],"inLanguage":"de-DE"},{"@type":"ImageObject","@id":"https:\/\/vacances-seasonova.com\/nl\/vakantiewoningen-in-frankrijk\/lodge-verhuur-van-aparte-accommodaties\/#primaryimage","inLanguage":"de-DE","url":"https:\/\/vacances-seasonova.com\/wp-content\/uploads\/2018\/01\/KENYA-CHAMBRE-AU-FOND_EXT_NUIT_1_preview-e1574439137500.jpg","contentUrl":"https:\/\/vacances-seasonova.com\/wp-content\/uploads\/2018\/01\/KENYA-CHAMBRE-AU-FOND_EXT_NUIT_1_preview-e1574439137500.jpg","width":1183,"height":443,"caption":"H\u00e9bergement Location Camping Ile de R\u00e9 Portes en R\u00e9"},{"@type":"WebPage","@id":"https:\/\/vacances-seasonova.com\/nl\/vakantiewoningen-in-frankrijk\/lodge-verhuur-van-aparte-accommodaties\/#webpage","url":"https:\/\/vacances-seasonova.com\/nl\/vakantiewoningen-in-frankrijk\/lodge-verhuur-van-aparte-accommodaties\/","name":"Au\u00dfergew\u00f6hnlich \u00b7 Glamping - Seasonova","isPartOf":{"@id":"https:\/\/vacances-seasonova.com\/fr\/#website"},"primaryImageOfPage":{"@id":"https:\/\/vacances-seasonova.com\/nl\/vakantiewoningen-in-frankrijk\/lodge-verhuur-van-aparte-accommodaties\/#primaryimage"},"datePublished":"2016-09-20T13:32:32+00:00","dateModified":"2025-08-28T13:06:12+00:00","breadcrumb":{"@id":"https:\/\/vacances-seasonova.com\/nl\/vakantiewoningen-in-frankrijk\/lodge-verhuur-van-aparte-accommodaties\/#breadcrumb"},"inLanguage":"de-DE","potentialAction":[{"@type":"ReadAction","target":["https:\/\/vacances-seasonova.com\/nl\/vakantiewoningen-in-frankrijk\/lodge-verhuur-van-aparte-accommodaties\/"]}]},{"@type":"BreadcrumbList","@id":"https:\/\/vacances-seasonova.com\/nl\/vakantiewoningen-in-frankrijk\/lodge-verhuur-van-aparte-accommodaties\/#breadcrumb","itemListElement":[{"@type":"ListItem","position":1,"name":"Accueil","item":"https:\/\/vacances-seasonova.com\/nl\/"},{"@type":"ListItem","position":2,"name":"Locations de vacances","item":"https:\/\/vacances-seasonova.com\/nl\/vakantiewoningen-in-frankrijk\/"},{"@type":"ListItem","position":3,"name":"Insolite \u00b7 Glamping"}]}]}},"_links":{"self":[{"href":"https:\/\/vacances-seasonova.com\/de\/wp-json\/wp\/v2\/pages\/155"}],"collection":[{"href":"https:\/\/vacances-seasonova.com\/de\/wp-json\/wp\/v2\/pages"}],"about":[{"href":"https:\/\/vacances-seasonova.com\/de\/wp-json\/wp\/v2\/types\/page"}],"author":[{"embeddable":true,"href":"https:\/\/vacances-seasonova.com\/de\/wp-json\/wp\/v2\/users\/3"}],"replies":[{"embeddable":true,"href":"https:\/\/vacances-seasonova.com\/de\/wp-json\/wp\/v2\/comments?post=155"}],"version-history":[{"count":13,"href":"https:\/\/vacances-seasonova.com\/de\/wp-json\/wp\/v2\/pages\/155\/revisions"}],"predecessor-version":[{"id":51741,"href":"https:\/\/vacances-seasonova.com\/de\/wp-json\/wp\/v2\/pages\/155\/revisions\/51741"}],"up":[{"embeddable":true,"href":"https:\/\/vacances-seasonova.com\/de\/wp-json\/wp\/v2\/pages\/61"}],"wp:featuredmedia":[{"embeddable":true,"href":"https:\/\/vacances-seasonova.com\/de\/wp-json\/wp\/v2\/media\/4676"}],"wp:attachment":[{"href":"https:\/\/vacances-seasonova.com\/de\/wp-json\/wp\/v2\/media?parent=155"}],"curies":[{"name":"wp","href":"https:\/\/api.w.org\/{rel}","templated":true}]}}