    {"id":157,"date":"2016-09-20T14:33:29","date_gmt":"2016-09-20T13:33:29","guid":{"rendered":"http:\/\/vacances-seasonova.com\/?page_id=157"},"modified":"2021-03-30T14:21:33","modified_gmt":"2021-03-30T12:21:33","slug":"chalets","status":"publish","type":"page","link":"https:\/\/vacances-seasonova.com\/de\/ferienunterkuenfte-in-frankreich\/lodges-und-ferienhaeuser\/chalets-und-ferienhaeuser\/","title":{"rendered":"Chalets und Ferienh\u00e4user"},"content":{"rendered":"<p><\/p>\n<h2>Unsere Ferienh\u00e4user<\/h2>\n<p class=\"p1\" style=\"text-align: center;\">Der Campingplatz Etennemare bietet 3- und 4-Zimmer Ferienh\u00e4user \/ Chalets f\u00fcr bis zu 6 Personen.<\/p>\n<h3 class=\"p1\">Ausstattung<\/h3>\n<ul>\n<li class=\"p1\">Voll ausgestattete K\u00fcche mit Gasherd<\/li>\n<li class=\"p1\">K\u00fchlschrank, Mikrowelle, Kaffeemaschine<\/li>\n<li class=\"p1\">Dusche, Waschbecken, WC<\/li>\n<li class=\"p1\">Heizung<\/li>\n<li class=\"p1\">Kissen, Bettdecken, Bettbez\u00fcge (Laken sind nicht vorhanden)<\/li>\n<li class=\"p1\">Geschirr<\/li>\n<li class=\"p1\">K\u00fcchenutensilien<\/li>\n<li class=\"p1\">Diverse Haushaltsger\u00e4te<\/li>\n<li class=\"p1\">Gartenm\u00f6bel, Tisch, Stuhl<\/li>\n<\/ul>\n<h3>Anzahl der Schlafzimmer<\/h3>\n<ul>\n<li class=\"p1\">Ein Hauptschlafzimmer mit Doppelbett und ein Schlafzimmer mit zwei Einzelbetten<\/li>\n<li class=\"p1\">oder zwei Schlafzimmer mit Doppelbetten und ein Schlafzimmer mit zwei Einzelbetten<\/li>\n<\/ul>\n<h3>Grundrisse zum Herunterladen<\/h3>\n<ul>\n<li class=\"p1\"><a href=\"https:\/\/vacances-seasonova.com\/wp-content\/uploads\/2016\/11\/plan-chalet-4p.jpg\">3-Zimmer-Chalet-Grundriss<\/a><\/li>\n<li class=\"p1\"><a href=\"https:\/\/vacances-seasonova.com\/wp-content\/uploads\/2016\/11\/plan-chalet-4p.jpg\">4-Zimmer-Chalet-Grundriss<\/a><\/li>\n<\/ul>\n<p class=\"p1\">\u00a0<div id=\"metaslider-id-961\" style=\"max-width: 850px;\" class=\"ml-slider-3-61-0 metaslider metaslider-flex metaslider-961 ml-slider ms-theme-default nav-hidden nav-hidden nav-hidden\" role=\"region\" aria-roledescription=\"Slideshow\" aria-label=\"Chalet\">\n    <div id=\"metaslider_container_961\">\n        <div id=\"metaslider_961\">\n            <ul aria-live=\"polite\" class=\"slides\">\n                <li style=\"display: block; width: 100%;\" class=\"slide-955 ms-image \" aria-roledescription=\"slide\" aria-label=\"slide-955\"><img src=\"https:\/\/vacances-seasonova.com\/wp-content\/uploads\/2016\/11\/JUIN-2014-102-850x500.jpg\" height=\"500\" width=\"850\" alt=\"Chalet Etennemare\" class=\"slider-961 slide-955\" \/><div class=\"caption-wrap\"><div class=\"caption\">Chalet Etennemare<\/div><\/div><\/li>\n                <li style=\"display: none; width: 100%;\" class=\"slide-945 ms-image \" aria-roledescription=\"slide\" aria-label=\"slide-945\"><img src=\"https:\/\/vacances-seasonova.com\/wp-content\/uploads\/2016\/09\/Chalet-Etennemare-2-850x500.jpg\" height=\"500\" width=\"850\" alt=\"chalet-camping-Etennemare\" class=\"slider-961 slide-945\" \/><div class=\"caption-wrap\"><div class=\"caption\">chalet-camping-Etennemare<\/div><\/div><\/li>\n                <li style=\"display: none; width: 100%;\" class=\"slide-962 ms-image \" aria-roledescription=\"slide\" aria-label=\"slide-962\"><img src=\"https:\/\/vacances-seasonova.com\/wp-content\/uploads\/2016\/11\/chalet-4-personnes-saint-valery-en-caux-850x500.jpg\" height=\"500\" width=\"850\" alt=\"chalet-camping-saint-valery-en-caux\" class=\"slider-961 slide-962\" \/><div class=\"caption-wrap\"><div class=\"caption\">Int\u00e9rieur Chalet<\/div><\/div><\/li>\n                <li style=\"display: none; width: 100%;\" class=\"slide-963 ms-image \" aria-roledescription=\"slide\" aria-label=\"slide-963\"><img src=\"https:\/\/vacances-seasonova.com\/wp-content\/uploads\/2016\/11\/chalet-camping-saint-valery-en-caux-850x500.jpg\" height=\"500\" width=\"850\" alt=\"chalet-camping-saint-valery-en-caux\" class=\"slider-961 slide-963\" \/><div class=\"caption-wrap\"><div class=\"caption\">Int\u00e9rieur Chalet<\/div><\/div><\/li>\n                <li style=\"display: none; width: 100%;\" class=\"slide-964 ms-image \" aria-roledescription=\"slide\" aria-label=\"slide-964\"><img src=\"https:\/\/vacances-seasonova.com\/wp-content\/uploads\/2016\/11\/chalet-saint-valery-en-caux-chambre-850x500.jpg\" height=\"500\" width=\"850\" alt=\"chalet-saint-valery-en-caux-chambre\" class=\"slider-961 slide-964\" \/><div class=\"caption-wrap\"><div class=\"caption\">Int\u00e9rieur Chalet<\/div><\/div><\/li>\n            <\/ul>\n        <\/div>\n        \n    <\/div>\n<\/div><\/p>\n<p><\/p>","protected":false},"excerpt":{"rendered":"<p>Unsere Ferienh\u00e4user Der Campingplatz Etennemare bietet 3- und 4-Zimmer Ferienh\u00e4user \/ Chalets f\u00fcr bis zu 6 Personen. Ausstattung Voll ausgestattete K\u00fcche mit Gasherd K\u00fchlschrank, Mikrowelle, Kaffeemaschine Dusche, [&#8230;]<\/p>\n","protected":false},"author":3,"featured_media":1579,"parent":155,"menu_order":2,"comment_status":"closed","ping_status":"closed","template":"page.php","meta":[],"yoast_head":"<!-- This site is optimized with the Yoast SEO plugin v18.1 - https:\/\/yoast.com\/wordpress\/plugins\/seo\/ -->\n<meta name=\"robots\" content=\"index, follow, max-snippet:-1, max-image-preview:large, max-video-preview:-1\" \/>\n<link rel=\"canonical\" href=\"https:\/\/vacances-seasonova.com\/de\/vakantiewoningen-in-frankrijk\/lodge-verhuur-van-aparte-accommodaties\/verhuur-van-chalets-normandie\/\" \/>\n<meta property=\"og:locale\" content=\"de_DE\" \/>\n<meta property=\"og:type\" content=\"article\" \/>\n<meta property=\"og:title\" content=\"Chalet de vacances - Seasonova\" \/>\n<meta property=\"og:description\" content=\"Unsere Ferienh\u00e4user Der Campingplatz Etennemare bietet 3- und 4-Zimmer Ferienh\u00e4user \/ Chalets f\u00fcr bis zu 6 Personen. Ausstattung Voll ausgestattete K\u00fcche mit Gasherd K\u00fchlschrank, Mikrowelle, Kaffeemaschine Dusche, [...]\" \/>\n<meta property=\"og:url\" content=\"https:\/\/vacances-seasonova.com\/nl\/vakantiewoningen-in-frankrijk\/lodge-verhuur-van-aparte-accommodaties\/verhuur-van-chalets-normandie\/\" \/>\n<meta property=\"og:site_name\" content=\"Seasonova\" \/>\n<meta property=\"article:modified_time\" content=\"2021-03-30T12:21:33+00:00\" \/>\n<meta property=\"og:image\" content=\"https:\/\/vacances-seasonova.com\/wp-content\/uploads\/2016\/09\/Chalet-Etennemare-2-1.jpg\" \/>\n\t<meta property=\"og:image:width\" content=\"4608\" \/>\n\t<meta property=\"og:image:height\" content=\"3456\" \/>\n\t<meta property=\"og:image:type\" content=\"image\/jpeg\" \/>\n<meta name=\"twitter:card\" content=\"summary\" \/>\n<meta name=\"twitter:label1\" content=\"Gesch\u00e4tzte Lesezeit\" \/>\n\t<meta name=\"twitter:data1\" content=\"2 Minuten\" \/>\n<script type=\"application\/ld+json\" class=\"yoast-schema-graph\">{\"@context\":\"https:\/\/schema.org\",\"@graph\":[{\"@type\":\"WebSite\",\"@id\":\"https:\/\/vacances-seasonova.com\/fr\/#website\",\"url\":\"https:\/\/vacances-seasonova.com\/fr\/\",\"name\":\"Seasonova\",\"description\":\"\",\"potentialAction\":[{\"@type\":\"SearchAction\",\"target\":{\"@type\":\"EntryPoint\",\"urlTemplate\":\"https:\/\/vacances-seasonova.com\/fr\/?s={search_term_string}\"},\"query-input\":\"required name=search_term_string\"}],\"inLanguage\":\"de-DE\"},{\"@type\":\"ImageObject\",\"@id\":\"https:\/\/vacances-seasonova.com\/nl\/vakantiewoningen-in-frankrijk\/lodge-verhuur-van-aparte-accommodaties\/verhuur-van-chalets-normandie\/#primaryimage\",\"inLanguage\":\"de-DE\",\"url\":\"https:\/\/vacances-seasonova.com\/wp-content\/uploads\/2016\/09\/Chalet-Etennemare-2-1.jpg\",\"contentUrl\":\"https:\/\/vacances-seasonova.com\/wp-content\/uploads\/2016\/09\/Chalet-Etennemare-2-1.jpg\",\"width\":4608,\"height\":3456,\"caption\":\"chalet camping etennemare\"},{\"@type\":\"WebPage\",\"@id\":\"https:\/\/vacances-seasonova.com\/nl\/vakantiewoningen-in-frankrijk\/lodge-verhuur-van-aparte-accommodaties\/verhuur-van-chalets-normandie\/#webpage\",\"url\":\"https:\/\/vacances-seasonova.com\/nl\/vakantiewoningen-in-frankrijk\/lodge-verhuur-van-aparte-accommodaties\/verhuur-van-chalets-normandie\/\",\"name\":\"Chalet de vacances - Seasonova\",\"isPartOf\":{\"@id\":\"https:\/\/vacances-seasonova.com\/fr\/#website\"},\"primaryImageOfPage\":{\"@id\":\"https:\/\/vacances-seasonova.com\/nl\/vakantiewoningen-in-frankrijk\/lodge-verhuur-van-aparte-accommodaties\/verhuur-van-chalets-normandie\/#primaryimage\"},\"datePublished\":\"2016-09-20T13:33:29+00:00\",\"dateModified\":\"2021-03-30T12:21:33+00:00\",\"breadcrumb\":{\"@id\":\"https:\/\/vacances-seasonova.com\/nl\/vakantiewoningen-in-frankrijk\/lodge-verhuur-van-aparte-accommodaties\/verhuur-van-chalets-normandie\/#breadcrumb\"},\"inLanguage\":\"de-DE\",\"potentialAction\":[{\"@type\":\"ReadAction\",\"target\":[\"https:\/\/vacances-seasonova.com\/nl\/vakantiewoningen-in-frankrijk\/lodge-verhuur-van-aparte-accommodaties\/verhuur-van-chalets-normandie\/\"]}]},{\"@type\":\"BreadcrumbList\",\"@id\":\"https:\/\/vacances-seasonova.com\/nl\/vakantiewoningen-in-frankrijk\/lodge-verhuur-van-aparte-accommodaties\/verhuur-van-chalets-normandie\/#breadcrumb\",\"itemListElement\":[{\"@type\":\"ListItem\",\"position\":1,\"name\":\"Accueil\",\"item\":\"https:\/\/vacances-seasonova.com\/nl\/\"},{\"@type\":\"ListItem\",\"position\":2,\"name\":\"Locations de vacances\",\"item\":\"https:\/\/vacances-seasonova.com\/nl\/vakantiewoningen-in-frankrijk\/\"},{\"@type\":\"ListItem\",\"position\":3,\"name\":\"Insolite \u00b7 Glamping\",\"item\":\"https:\/\/vacances-seasonova.com\/nl\/vakantiewoningen-in-frankrijk\/lodge-verhuur-van-aparte-accommodaties\/\"},{\"@type\":\"ListItem\",\"position\":4,\"name\":\"Chalets\"}]}]}<\/script>\n<!-- \/ Yoast SEO plugin. -->","yoast_head_json":{"robots":{"index":"index","follow":"follow","max-snippet":"max-snippet:-1","max-image-preview":"max-image-preview:large","max-video-preview":"max-video-preview:-1"},"canonical":"https:\/\/vacances-seasonova.com\/de\/vakantiewoningen-in-frankrijk\/lodge-verhuur-van-aparte-accommodaties\/verhuur-van-chalets-normandie\/","og_locale":"de_DE","og_type":"article","og_title":"Chalet de vacances - Seasonova","og_description":"Unsere Ferienh\u00e4user Der Campingplatz Etennemare bietet 3- und 4-Zimmer Ferienh\u00e4user \/ Chalets f\u00fcr bis zu 6 Personen. Ausstattung Voll ausgestattete K\u00fcche mit Gasherd K\u00fchlschrank, Mikrowelle, Kaffeemaschine Dusche, [...]","og_url":"https:\/\/vacances-seasonova.com\/nl\/vakantiewoningen-in-frankrijk\/lodge-verhuur-van-aparte-accommodaties\/verhuur-van-chalets-normandie\/","og_site_name":"Seasonova","article_modified_time":"2021-03-30T12:21:33+00:00","og_image":[{"width":4608,"height":3456,"url":"https:\/\/vacances-seasonova.com\/wp-content\/uploads\/2016\/09\/Chalet-Etennemare-2-1.jpg","type":"image\/jpeg"}],"twitter_card":"summary","twitter_misc":{"Gesch\u00e4tzte Lesezeit":"2 Minuten"},"schema":{"@context":"https:\/\/schema.org","@graph":[{"@type":"WebSite","@id":"https:\/\/vacances-seasonova.com\/fr\/#website","url":"https:\/\/vacances-seasonova.com\/fr\/","name":"Seasonova","description":"","potentialAction":[{"@type":"SearchAction","target":{"@type":"EntryPoint","urlTemplate":"https:\/\/vacances-seasonova.com\/fr\/?s={search_term_string}"},"query-input":"required name=search_term_string"}],"inLanguage":"de-DE"},{"@type":"ImageObject","@id":"https:\/\/vacances-seasonova.com\/nl\/vakantiewoningen-in-frankrijk\/lodge-verhuur-van-aparte-accommodaties\/verhuur-van-chalets-normandie\/#primaryimage","inLanguage":"de-DE","url":"https:\/\/vacances-seasonova.com\/wp-content\/uploads\/2016\/09\/Chalet-Etennemare-2-1.jpg","contentUrl":"https:\/\/vacances-seasonova.com\/wp-content\/uploads\/2016\/09\/Chalet-Etennemare-2-1.jpg","width":4608,"height":3456,"caption":"chalet camping etennemare"},{"@type":"WebPage","@id":"https:\/\/vacances-seasonova.com\/nl\/vakantiewoningen-in-frankrijk\/lodge-verhuur-van-aparte-accommodaties\/verhuur-van-chalets-normandie\/#webpage","url":"https:\/\/vacances-seasonova.com\/nl\/vakantiewoningen-in-frankrijk\/lodge-verhuur-van-aparte-accommodaties\/verhuur-van-chalets-normandie\/","name":"Chalet de vacances - Seasonova","isPartOf":{"@id":"https:\/\/vacances-seasonova.com\/fr\/#website"},"primaryImageOfPage":{"@id":"https:\/\/vacances-seasonova.com\/nl\/vakantiewoningen-in-frankrijk\/lodge-verhuur-van-aparte-accommodaties\/verhuur-van-chalets-normandie\/#primaryimage"},"datePublished":"2016-09-20T13:33:29+00:00","dateModified":"2021-03-30T12:21:33+00:00","breadcrumb":{"@id":"https:\/\/vacances-seasonova.com\/nl\/vakantiewoningen-in-frankrijk\/lodge-verhuur-van-aparte-accommodaties\/verhuur-van-chalets-normandie\/#breadcrumb"},"inLanguage":"de-DE","potentialAction":[{"@type":"ReadAction","target":["https:\/\/vacances-seasonova.com\/nl\/vakantiewoningen-in-frankrijk\/lodge-verhuur-van-aparte-accommodaties\/verhuur-van-chalets-normandie\/"]}]},{"@type":"BreadcrumbList","@id":"https:\/\/vacances-seasonova.com\/nl\/vakantiewoningen-in-frankrijk\/lodge-verhuur-van-aparte-accommodaties\/verhuur-van-chalets-normandie\/#breadcrumb","itemListElement":[{"@type":"ListItem","position":1,"name":"Accueil","item":"https:\/\/vacances-seasonova.com\/nl\/"},{"@type":"ListItem","position":2,"name":"Locations de vacances","item":"https:\/\/vacances-seasonova.com\/nl\/vakantiewoningen-in-frankrijk\/"},{"@type":"ListItem","position":3,"name":"Insolite \u00b7 Glamping","item":"https:\/\/vacances-seasonova.com\/nl\/vakantiewoningen-in-frankrijk\/lodge-verhuur-van-aparte-accommodaties\/"},{"@type":"ListItem","position":4,"name":"Chalets"}]}]}},"_links":{"self":[{"href":"https:\/\/vacances-seasonova.com\/de\/wp-json\/wp\/v2\/pages\/157"}],"collection":[{"href":"https:\/\/vacances-seasonova.com\/de\/wp-json\/wp\/v2\/pages"}],"about":[{"href":"https:\/\/vacances-seasonova.com\/de\/wp-json\/wp\/v2\/types\/page"}],"author":[{"embeddable":true,"href":"https:\/\/vacances-seasonova.com\/de\/wp-json\/wp\/v2\/users\/3"}],"replies":[{"embeddable":true,"href":"https:\/\/vacances-seasonova.com\/de\/wp-json\/wp\/v2\/comments?post=157"}],"version-history":[{"count":0,"href":"https:\/\/vacances-seasonova.com\/de\/wp-json\/wp\/v2\/pages\/157\/revisions"}],"up":[{"embeddable":true,"href":"https:\/\/vacances-seasonova.com\/de\/wp-json\/wp\/v2\/pages\/155"}],"wp:featuredmedia":[{"embeddable":true,"href":"https:\/\/vacances-seasonova.com\/de\/wp-json\/wp\/v2\/media\/1579"}],"wp:attachment":[{"href":"https:\/\/vacances-seasonova.com\/de\/wp-json\/wp\/v2\/media?parent=157"}],"curies":[{"name":"wp","href":"https:\/\/api.w.org\/{rel}","templated":true}]}}