    {"id":16833,"date":"2020-02-25T16:16:35","date_gmt":"2020-02-25T15:16:35","guid":{"rendered":"https:\/\/vacances-seasonova.com\/fr\/?page_id=16833"},"modified":"2021-10-04T11:05:26","modified_gmt":"2021-10-04T09:05:26","slug":"les-5-sens","status":"publish","type":"page","link":"https:\/\/vacances-seasonova.com\/de\/campingurlaub-mit-seasonova\/die-seasonova-erfahrung\/die-fuenf-sinne\/","title":{"rendered":"Die f\u00fcnf Sinne"},"content":{"rendered":"<p>&nbsp;<\/p>\n<h3>Sich Zeit nehmen, um sich auf das Wesentliche zu konzentrieren&#8230;.<\/h3>\n<p>Wecken Sie Ihre Sinne und entdecken Sie unsere Inseln, die rund um die <b>5 Sinne<\/b> gestaltet sind. Diese Wohlf\u00fchloasen lassen die ganze Familie in eine Atmosph\u00e4re eintauchen, die den Austausch und die Begegnung f\u00f6rdert, eine R\u00fcckbesinnung auf das Wesentliche, um sich gemeinsam wohlzuf\u00fchlen.<\/p>\n<p><span style=\"font-weight: 400;\">Genie\u00dfen Sie und Ihre Familie unsere Konzepte, die sich um die 5 Sinne drehen.<\/span><\/p>\n<p><span style=\"font-weight: 400;\">Kehren Sie zum Ursprung zur\u00fcck!<\/span><\/p>\n<p><span style=\"font-weight: 400;\">Organisiert wie kleine Inseln, ist dieser Platz geeignet f\u00fcr Austausch und Begegnungen.<\/span><\/p>\n<p>&nbsp;<\/p>\n<h3>Sehen: Eine naturnahe Umgebung<\/h3>\n<p>&nbsp;<\/p>\n<p><span style=\"font-weight: 400;\">Alle unsere Seasonova-Campingpl\u00e4tze befinden sich in einer einzigartigen und naturnahen Umgebung. Bei uns genie\u00dfen Sie die herrliche &#8211; W\u00e4lder, gr\u00fcne Stra\u00dfen, Seen, Fl\u00fcsse und Str\u00e4nde. Der Ansatz unserer Gruppe ist der bewusste, umweltschonende Umgang mit der Natur. An allen Orten wo wir ans\u00e4ssig sind, k\u00fcmmern wir uns um die Natur, die Umwelt und versuchen einen \u00f6kologischen Tourismus durchzuf\u00fchren, so das wir gemeinsam mit Ihnen die Sch\u00f6nheit der Natur erleben d\u00fcrfen. <\/span><\/p>\n<p><img loading=\"lazy\" class=\"size-medium wp-image-16834 alignleft\" src=\"https:\/\/vacances-seasonova.com\/wp-content\/uploads\/2020\/02\/vacances-canal-300x225.jpg\" alt=\"canal\" width=\"300\" height=\"225\" srcset=\"https:\/\/vacances-seasonova.com\/wp-content\/uploads\/2020\/02\/vacances-canal-300x225.jpg 300w, https:\/\/vacances-seasonova.com\/wp-content\/uploads\/2020\/02\/vacances-canal.jpg 400w\" sizes=\"(max-width: 300px) 100vw, 300px\" \/><\/p>\n<p><span style=\"font-weight: 400;\"><span style=\"font-weight: 400;\">\u00a0<\/span><\/span><\/p>\n<h3>H\u00f6ren: Eine Zone der Ruhe<\/h3>\n<p><span style=\"font-weight: 400;\"><br \/>\nMotorenl\u00e4rm, Hupen, Menschenmassen&#8230; all diese Einfl\u00fcsse st\u00f6ren Ihre t\u00e4gliche Ruhe. In unserem 5-Sinne-Bereich achten wir besonders auf Details, um all diese L\u00e4rmbel\u00e4stigungen zu vermeiden.<\/span><\/p>\n<p><span style=\"font-weight: 400;\">Aus diesem Grund sind unsere 5 Sinnesinseln zu 100% in Fu\u00dfg\u00e4ngerzonen aufgeteilt.\u00a0<\/span><\/p>\n<p><span style=\"font-weight: 400;\">Die einzigen Ger\u00e4usche, die Sie h\u00f6ren werden, sind die der Natur, Kinderlachen oder das Knistern eines Grills&#8230; Wir k\u00f6nnen Ihr L\u00e4cheln von hier aus sp\u00fcren.<\/span><\/p>\n<p>&nbsp;<\/p>\n<p><img loading=\"lazy\" class=\"wp-image-16839 size-medium alignleft\" src=\"https:\/\/vacances-seasonova.com\/wp-content\/uploads\/2020\/02\/vacances-oiseau-300x225.jpg\" alt=\"oiseau Seasonova\" width=\"300\" height=\"225\" srcset=\"https:\/\/vacances-seasonova.com\/wp-content\/uploads\/2020\/02\/vacances-oiseau-300x225.jpg 300w, https:\/\/vacances-seasonova.com\/wp-content\/uploads\/2020\/02\/vacances-oiseau.jpg 400w\" sizes=\"(max-width: 300px) 100vw, 300px\" \/><\/p>\n<p><span style=\"font-weight: 400;\"><span style=\"font-weight: 400;\">\u00a0<\/span><\/span><\/p>\n<h3>F\u00fchlen, schmecken und riechen: Kr\u00e4uterboxen zum Pfl\u00fccken und (Wieder-)Erwecken der Geschmackssinne.<\/h3>\n<p>&nbsp;<\/p>\n<p><span style=\"font-weight: 400;\">Zur R\u00fcckbesinnung auf das Wesentliche geh\u00f6ren auch einfache Dinge, wie das Pfl\u00fccken von Beeren und das genussvolle Erleben mit der Familie. Auf unseren &#8222;5-Sinne-Inseln&#8220; basiert dies auf dem Teilen: In den Fensterk\u00e4sten der verschiedenen Cottages befinden sich Beeren und Kr\u00e4uter mit unterschiedlichen D\u00fcften und Geschm\u00e4ckern. Das Pfl\u00fccken von Beeren ist nicht nur ein sch\u00f6ner Moment, es erleichtert auch die Begegnung mit den Nachbarn&#8230; und darum geht es im Urlaub!<\/span><\/p>\n<p>&nbsp;<\/p>\n<p><img loading=\"lazy\" class=\"wp-image-16838 size-medium alignleft\" src=\"https:\/\/vacances-seasonova.com\/wp-content\/uploads\/2020\/02\/vacances-baies-300x203.jpeg\" alt=\"fraises potager\" width=\"300\" height=\"203\" \/><\/p>\n<p><img loading=\"lazy\" class=\"size-medium wp-image-16846\" src=\"https:\/\/vacances-seasonova.com\/wp-content\/uploads\/2020\/02\/camping-riva-bella_locatif_seasonova-300x200.jpg\" alt=\"camping riva\" width=\"300\" height=\"200\" srcset=\"https:\/\/vacances-seasonova.com\/wp-content\/uploads\/2020\/02\/camping-riva-bella_locatif_seasonova-300x200.jpg 300w, https:\/\/vacances-seasonova.com\/wp-content\/uploads\/2020\/02\/camping-riva-bella_locatif_seasonova-768x512.jpg 768w, https:\/\/vacances-seasonova.com\/wp-content\/uploads\/2020\/02\/camping-riva-bella_locatif_seasonova-675x450.jpg 675w, https:\/\/vacances-seasonova.com\/wp-content\/uploads\/2020\/02\/camping-riva-bella_locatif_seasonova-600x400.jpg 600w\" sizes=\"(max-width: 300px) 100vw, 300px\" \/><\/p>\n<p>&nbsp;<\/p>\n<p>&nbsp;<\/p>\n<p><span style=\"font-weight: 400;\">\u00a0<\/span><\/p>","protected":false},"excerpt":{"rendered":"<p>&nbsp; Sich Zeit nehmen, um sich auf das Wesentliche zu konzentrieren&#8230;. Wecken Sie Ihre Sinne und entdecken Sie unsere Inseln, die rund um die 5 Sinne gestaltet sind. Diese Wohlf\u00fchloasen lassen die ganze Familie in [&#8230;]<\/p>\n","protected":false},"author":3,"featured_media":16838,"parent":16827,"menu_order":0,"comment_status":"closed","ping_status":"closed","template":"","meta":[],"yoast_head":"<!-- This site is optimized with the Yoast SEO plugin v18.1 - https:\/\/yoast.com\/wordpress\/plugins\/seo\/ -->\n<meta name=\"robots\" content=\"index, follow, max-snippet:-1, max-image-preview:large, max-video-preview:-1\" \/>\n<link rel=\"canonical\" href=\"https:\/\/vacances-seasonova.com\/de\/vacances-en-camping-seasonova\/lexperience-seasonova\/les-5-sens\/\" \/>\n<meta property=\"og:locale\" content=\"de_DE\" \/>\n<meta property=\"og:type\" content=\"article\" \/>\n<meta property=\"og:title\" content=\"Les 5 sens - Seasonova\" \/>\n<meta property=\"og:description\" content=\"&nbsp; Sich Zeit nehmen, um sich auf das Wesentliche zu konzentrieren&#8230;. Wecken Sie Ihre Sinne und entdecken Sie unsere Inseln, die rund um die 5 Sinne gestaltet sind. Diese Wohlf\u00fchloasen lassen die ganze Familie in [...]\" \/>\n<meta property=\"og:url\" content=\"https:\/\/vacances-seasonova.com\/fr\/vacances-en-camping-seasonova\/lexperience-seasonova\/les-5-sens\/\" \/>\n<meta property=\"og:site_name\" content=\"Seasonova\" \/>\n<meta property=\"article:modified_time\" content=\"2021-10-04T09:05:26+00:00\" \/>\n<meta property=\"og:image\" content=\"https:\/\/vacances-seasonova.com\/wp-content\/uploads\/2020\/02\/vacances-baies-e1582640495636.jpeg\" \/>\n\t<meta property=\"og:image:width\" content=\"3465\" \/>\n\t<meta property=\"og:image:height\" content=\"2350\" \/>\n\t<meta property=\"og:image:type\" content=\"image\/jpeg\" \/>\n<meta name=\"twitter:card\" content=\"summary\" \/>\n<meta name=\"twitter:label1\" content=\"Gesch\u00e4tzte Lesezeit\" \/>\n\t<meta name=\"twitter:data1\" content=\"7 Minuten\" \/>\n<script type=\"application\/ld+json\" class=\"yoast-schema-graph\">{\"@context\":\"https:\/\/schema.org\",\"@graph\":[{\"@type\":\"WebSite\",\"@id\":\"https:\/\/vacances-seasonova.com\/fr\/#website\",\"url\":\"https:\/\/vacances-seasonova.com\/fr\/\",\"name\":\"Seasonova\",\"description\":\"\",\"potentialAction\":[{\"@type\":\"SearchAction\",\"target\":{\"@type\":\"EntryPoint\",\"urlTemplate\":\"https:\/\/vacances-seasonova.com\/fr\/?s={search_term_string}\"},\"query-input\":\"required name=search_term_string\"}],\"inLanguage\":\"de-DE\"},{\"@type\":\"ImageObject\",\"@id\":\"https:\/\/vacances-seasonova.com\/fr\/vacances-en-camping-seasonova\/lexperience-seasonova\/les-5-sens\/#primaryimage\",\"inLanguage\":\"de-DE\",\"url\":\"https:\/\/vacances-seasonova.com\/wp-content\/uploads\/2020\/02\/vacances-baies-e1582640495636.jpeg\",\"contentUrl\":\"https:\/\/vacances-seasonova.com\/wp-content\/uploads\/2020\/02\/vacances-baies-e1582640495636.jpeg\",\"width\":3465,\"height\":2350,\"caption\":\"fraises potager\"},{\"@type\":\"WebPage\",\"@id\":\"https:\/\/vacances-seasonova.com\/fr\/vacances-en-camping-seasonova\/lexperience-seasonova\/les-5-sens\/#webpage\",\"url\":\"https:\/\/vacances-seasonova.com\/fr\/vacances-en-camping-seasonova\/lexperience-seasonova\/les-5-sens\/\",\"name\":\"Les 5 sens - Seasonova\",\"isPartOf\":{\"@id\":\"https:\/\/vacances-seasonova.com\/fr\/#website\"},\"primaryImageOfPage\":{\"@id\":\"https:\/\/vacances-seasonova.com\/fr\/vacances-en-camping-seasonova\/lexperience-seasonova\/les-5-sens\/#primaryimage\"},\"datePublished\":\"2020-02-25T15:16:35+00:00\",\"dateModified\":\"2021-10-04T09:05:26+00:00\",\"breadcrumb\":{\"@id\":\"https:\/\/vacances-seasonova.com\/fr\/vacances-en-camping-seasonova\/lexperience-seasonova\/les-5-sens\/#breadcrumb\"},\"inLanguage\":\"de-DE\",\"potentialAction\":[{\"@type\":\"ReadAction\",\"target\":[\"https:\/\/vacances-seasonova.com\/fr\/vacances-en-camping-seasonova\/lexperience-seasonova\/les-5-sens\/\"]}]},{\"@type\":\"BreadcrumbList\",\"@id\":\"https:\/\/vacances-seasonova.com\/fr\/vacances-en-camping-seasonova\/lexperience-seasonova\/les-5-sens\/#breadcrumb\",\"itemListElement\":[{\"@type\":\"ListItem\",\"position\":1,\"name\":\"Accueil\",\"item\":\"https:\/\/vacances-seasonova.com\/nl\/\"},{\"@type\":\"ListItem\",\"position\":2,\"name\":\"Vacances en camping Seasonova\",\"item\":\"https:\/\/vacances-seasonova.com\/nl\/kampeervakantiein-frankrijk\/\"},{\"@type\":\"ListItem\",\"position\":3,\"name\":\"L\u2019exp\u00e9rience Seasonova\",\"item\":\"https:\/\/vacances-seasonova.com\/fr\/vacances-en-camping-seasonova\/lexperience-seasonova\/\"},{\"@type\":\"ListItem\",\"position\":4,\"name\":\"Les 5 sens\"}]}]}<\/script>\n<!-- \/ Yoast SEO plugin. -->","yoast_head_json":{"robots":{"index":"index","follow":"follow","max-snippet":"max-snippet:-1","max-image-preview":"max-image-preview:large","max-video-preview":"max-video-preview:-1"},"canonical":"https:\/\/vacances-seasonova.com\/de\/vacances-en-camping-seasonova\/lexperience-seasonova\/les-5-sens\/","og_locale":"de_DE","og_type":"article","og_title":"Les 5 sens - Seasonova","og_description":"&nbsp; Sich Zeit nehmen, um sich auf das Wesentliche zu konzentrieren&#8230;. Wecken Sie Ihre Sinne und entdecken Sie unsere Inseln, die rund um die 5 Sinne gestaltet sind. Diese Wohlf\u00fchloasen lassen die ganze Familie in [...]","og_url":"https:\/\/vacances-seasonova.com\/fr\/vacances-en-camping-seasonova\/lexperience-seasonova\/les-5-sens\/","og_site_name":"Seasonova","article_modified_time":"2021-10-04T09:05:26+00:00","og_image":[{"width":3465,"height":2350,"url":"https:\/\/vacances-seasonova.com\/wp-content\/uploads\/2020\/02\/vacances-baies-e1582640495636.jpeg","type":"image\/jpeg"}],"twitter_card":"summary","twitter_misc":{"Gesch\u00e4tzte Lesezeit":"7 Minuten"},"schema":{"@context":"https:\/\/schema.org","@graph":[{"@type":"WebSite","@id":"https:\/\/vacances-seasonova.com\/fr\/#website","url":"https:\/\/vacances-seasonova.com\/fr\/","name":"Seasonova","description":"","potentialAction":[{"@type":"SearchAction","target":{"@type":"EntryPoint","urlTemplate":"https:\/\/vacances-seasonova.com\/fr\/?s={search_term_string}"},"query-input":"required name=search_term_string"}],"inLanguage":"de-DE"},{"@type":"ImageObject","@id":"https:\/\/vacances-seasonova.com\/fr\/vacances-en-camping-seasonova\/lexperience-seasonova\/les-5-sens\/#primaryimage","inLanguage":"de-DE","url":"https:\/\/vacances-seasonova.com\/wp-content\/uploads\/2020\/02\/vacances-baies-e1582640495636.jpeg","contentUrl":"https:\/\/vacances-seasonova.com\/wp-content\/uploads\/2020\/02\/vacances-baies-e1582640495636.jpeg","width":3465,"height":2350,"caption":"fraises potager"},{"@type":"WebPage","@id":"https:\/\/vacances-seasonova.com\/fr\/vacances-en-camping-seasonova\/lexperience-seasonova\/les-5-sens\/#webpage","url":"https:\/\/vacances-seasonova.com\/fr\/vacances-en-camping-seasonova\/lexperience-seasonova\/les-5-sens\/","name":"Les 5 sens - Seasonova","isPartOf":{"@id":"https:\/\/vacances-seasonova.com\/fr\/#website"},"primaryImageOfPage":{"@id":"https:\/\/vacances-seasonova.com\/fr\/vacances-en-camping-seasonova\/lexperience-seasonova\/les-5-sens\/#primaryimage"},"datePublished":"2020-02-25T15:16:35+00:00","dateModified":"2021-10-04T09:05:26+00:00","breadcrumb":{"@id":"https:\/\/vacances-seasonova.com\/fr\/vacances-en-camping-seasonova\/lexperience-seasonova\/les-5-sens\/#breadcrumb"},"inLanguage":"de-DE","potentialAction":[{"@type":"ReadAction","target":["https:\/\/vacances-seasonova.com\/fr\/vacances-en-camping-seasonova\/lexperience-seasonova\/les-5-sens\/"]}]},{"@type":"BreadcrumbList","@id":"https:\/\/vacances-seasonova.com\/fr\/vacances-en-camping-seasonova\/lexperience-seasonova\/les-5-sens\/#breadcrumb","itemListElement":[{"@type":"ListItem","position":1,"name":"Accueil","item":"https:\/\/vacances-seasonova.com\/nl\/"},{"@type":"ListItem","position":2,"name":"Vacances en camping Seasonova","item":"https:\/\/vacances-seasonova.com\/nl\/kampeervakantiein-frankrijk\/"},{"@type":"ListItem","position":3,"name":"L\u2019exp\u00e9rience Seasonova","item":"https:\/\/vacances-seasonova.com\/fr\/vacances-en-camping-seasonova\/lexperience-seasonova\/"},{"@type":"ListItem","position":4,"name":"Les 5 sens"}]}]}},"_links":{"self":[{"href":"https:\/\/vacances-seasonova.com\/de\/wp-json\/wp\/v2\/pages\/16833"}],"collection":[{"href":"https:\/\/vacances-seasonova.com\/de\/wp-json\/wp\/v2\/pages"}],"about":[{"href":"https:\/\/vacances-seasonova.com\/de\/wp-json\/wp\/v2\/types\/page"}],"author":[{"embeddable":true,"href":"https:\/\/vacances-seasonova.com\/de\/wp-json\/wp\/v2\/users\/3"}],"replies":[{"embeddable":true,"href":"https:\/\/vacances-seasonova.com\/de\/wp-json\/wp\/v2\/comments?post=16833"}],"version-history":[{"count":0,"href":"https:\/\/vacances-seasonova.com\/de\/wp-json\/wp\/v2\/pages\/16833\/revisions"}],"up":[{"embeddable":true,"href":"https:\/\/vacances-seasonova.com\/de\/wp-json\/wp\/v2\/pages\/16827"}],"wp:featuredmedia":[{"embeddable":true,"href":"https:\/\/vacances-seasonova.com\/de\/wp-json\/wp\/v2\/media\/16838"}],"wp:attachment":[{"href":"https:\/\/vacances-seasonova.com\/de\/wp-json\/wp\/v2\/media?parent=16833"}],"curies":[{"name":"wp","href":"https:\/\/api.w.org\/{rel}","templated":true}]}}