    {"id":16855,"date":"2020-02-25T16:52:33","date_gmt":"2020-02-25T15:52:33","guid":{"rendered":"https:\/\/vacances-seasonova.com\/fr\/?page_id=16855"},"modified":"2021-09-27T13:42:47","modified_gmt":"2021-09-27T11:42:47","slug":"comptoir-des-aventures-et-epicerie-locale","status":"publish","type":"page","link":"https:\/\/vacances-seasonova.com\/de\/campingurlaub-mit-seasonova\/die-seasonova-erfahrung\/ausfluege-in-die-umgebung\/","title":{"rendered":"Ausfl\u00fcge in die Umgebung"},"content":{"rendered":"<p>Weil unsere Regionen eine so vielf\u00e4ltige Kultur haben, sind wir der Meinung, dass wir die Erfahrungen und Erlebnisse unserer Mitarbeiter mit Ihnen teilen.<\/p>\n<h3>Concierge<\/h3>\n<p><b>Empfehlungen<\/b><\/p>\n<p>Wenn Sie einen neuen Ort und eine andere Kultur entdecken m\u00f6chten, so sind Empfehlungen sehr hilfreich, wir erz\u00e4hlen Ihnen von unseren Lieblingspl\u00e4tzen, so dass Sie nichts verpassen.<\/p>\n<p><b>Tipps<\/b><\/p>\n<p>&#8222;Verdammt, am Montag ist geschlossen&#8230;&#8220;<br \/>\nUm solche frustrierenden Situationen zu vermeiden, geben wir viele Tipps die Ihnen helfen. Z\u00f6gern Sie nicht, unsere Mitarbeiter zu fragen, sie helfen Ihnen gerne!<\/p>\n<p><b>Gute Adressen<\/b><\/p>\n<p>Ein Wanderweg, ein Aussichtspunkt oder auch ein Restaurant &#8211; das alles zusammen ergibt den idealen Urlaub. Wir beraten Sie gerne.<\/p>\n<p><img loading=\"lazy\" class=\"size-medium wp-image-16856\" src=\"https:\/\/vacances-seasonova.com\/wp-content\/uploads\/2020\/02\/vacances-velo-300x200.jpeg\" alt=\"velo\" width=\"300\" height=\"200\" srcset=\"https:\/\/vacances-seasonova.com\/wp-content\/uploads\/2020\/02\/vacances-velo-300x200.jpeg 300w, https:\/\/vacances-seasonova.com\/wp-content\/uploads\/2020\/02\/vacances-velo-768x512.jpeg 768w, https:\/\/vacances-seasonova.com\/wp-content\/uploads\/2020\/02\/vacances-velo-675x450.jpeg 675w, https:\/\/vacances-seasonova.com\/wp-content\/uploads\/2020\/02\/vacances-velo-600x400.jpeg 600w\" sizes=\"(max-width: 300px) 100vw, 300px\" \/><\/p>\n<p>&nbsp;<\/p>\n<p>&nbsp;<\/p>\n<p>&nbsp;<\/p>\n<p>&nbsp;<\/p>\n<p>&nbsp;<\/p>\n<p>&nbsp;<\/p>\n<p><span style=\"font-weight: 400;\">\u00a0<\/span><\/p>","protected":false},"excerpt":{"rendered":"<p>Weil unsere Regionen eine so vielf\u00e4ltige Kultur haben, sind wir der Meinung, dass wir die Erfahrungen und Erlebnisse unserer Mitarbeiter mit Ihnen teilen. Concierge Empfehlungen Wenn Sie einen neuen Ort und eine andere [&#8230;]<\/p>\n","protected":false},"author":3,"featured_media":16856,"parent":16827,"menu_order":4,"comment_status":"closed","ping_status":"closed","template":"","meta":[],"yoast_head":"<!-- This site is optimized with the Yoast SEO plugin v18.1 - https:\/\/yoast.com\/wordpress\/plugins\/seo\/ -->\n<meta name=\"robots\" content=\"index, follow, max-snippet:-1, max-image-preview:large, max-video-preview:-1\" \/>\n<link rel=\"canonical\" href=\"https:\/\/vacances-seasonova.com\/de\/vacances-en-camping-seasonova\/lexperience-seasonova\/comptoir-des-aventures-et-epicerie-locale\/\" \/>\n<meta property=\"og:locale\" content=\"de_DE\" \/>\n<meta property=\"og:type\" content=\"article\" \/>\n<meta property=\"og:title\" content=\"Comptoir des aventures - Seasonova\" \/>\n<meta property=\"og:description\" content=\"Weil unsere Regionen eine so vielf\u00e4ltige Kultur haben, sind wir der Meinung, dass wir die Erfahrungen und Erlebnisse unserer Mitarbeiter mit Ihnen teilen. Concierge Empfehlungen Wenn Sie einen neuen Ort und eine andere [...]\" \/>\n<meta property=\"og:url\" content=\"https:\/\/vacances-seasonova.com\/fr\/vacances-en-camping-seasonova\/lexperience-seasonova\/comptoir-des-aventures-et-epicerie-locale\/\" \/>\n<meta property=\"og:site_name\" content=\"Seasonova\" \/>\n<meta property=\"article:modified_time\" content=\"2021-09-27T11:42:47+00:00\" \/>\n<meta property=\"og:image\" content=\"https:\/\/vacances-seasonova.com\/wp-content\/uploads\/2020\/02\/vacances-velo-675x450.jpeg\" \/>\n\t<meta property=\"og:image:width\" content=\"675\" \/>\n\t<meta property=\"og:image:height\" content=\"450\" \/>\n\t<meta property=\"og:image:type\" content=\"image\/jpeg\" \/>\n<meta name=\"twitter:card\" content=\"summary\" \/>\n<meta name=\"twitter:label1\" content=\"Gesch\u00e4tzte Lesezeit\" \/>\n\t<meta name=\"twitter:data1\" content=\"3 Minuten\" \/>\n<script type=\"application\/ld+json\" class=\"yoast-schema-graph\">{\"@context\":\"https:\/\/schema.org\",\"@graph\":[{\"@type\":\"WebSite\",\"@id\":\"https:\/\/vacances-seasonova.com\/fr\/#website\",\"url\":\"https:\/\/vacances-seasonova.com\/fr\/\",\"name\":\"Seasonova\",\"description\":\"\",\"potentialAction\":[{\"@type\":\"SearchAction\",\"target\":{\"@type\":\"EntryPoint\",\"urlTemplate\":\"https:\/\/vacances-seasonova.com\/fr\/?s={search_term_string}\"},\"query-input\":\"required name=search_term_string\"}],\"inLanguage\":\"de-DE\"},{\"@type\":\"ImageObject\",\"@id\":\"https:\/\/vacances-seasonova.com\/fr\/vacances-en-camping-seasonova\/lexperience-seasonova\/comptoir-des-aventures-et-epicerie-locale\/#primaryimage\",\"inLanguage\":\"de-DE\",\"url\":\"https:\/\/vacances-seasonova.com\/wp-content\/uploads\/2020\/02\/vacances-velo.jpeg\",\"contentUrl\":\"https:\/\/vacances-seasonova.com\/wp-content\/uploads\/2020\/02\/vacances-velo.jpeg\",\"width\":6240,\"height\":4160,\"caption\":\"velo Seasonova\"},{\"@type\":\"WebPage\",\"@id\":\"https:\/\/vacances-seasonova.com\/fr\/vacances-en-camping-seasonova\/lexperience-seasonova\/comptoir-des-aventures-et-epicerie-locale\/#webpage\",\"url\":\"https:\/\/vacances-seasonova.com\/fr\/vacances-en-camping-seasonova\/lexperience-seasonova\/comptoir-des-aventures-et-epicerie-locale\/\",\"name\":\"Comptoir des aventures - Seasonova\",\"isPartOf\":{\"@id\":\"https:\/\/vacances-seasonova.com\/fr\/#website\"},\"primaryImageOfPage\":{\"@id\":\"https:\/\/vacances-seasonova.com\/fr\/vacances-en-camping-seasonova\/lexperience-seasonova\/comptoir-des-aventures-et-epicerie-locale\/#primaryimage\"},\"datePublished\":\"2020-02-25T15:52:33+00:00\",\"dateModified\":\"2021-09-27T11:42:47+00:00\",\"breadcrumb\":{\"@id\":\"https:\/\/vacances-seasonova.com\/fr\/vacances-en-camping-seasonova\/lexperience-seasonova\/comptoir-des-aventures-et-epicerie-locale\/#breadcrumb\"},\"inLanguage\":\"de-DE\",\"potentialAction\":[{\"@type\":\"ReadAction\",\"target\":[\"https:\/\/vacances-seasonova.com\/fr\/vacances-en-camping-seasonova\/lexperience-seasonova\/comptoir-des-aventures-et-epicerie-locale\/\"]}]},{\"@type\":\"BreadcrumbList\",\"@id\":\"https:\/\/vacances-seasonova.com\/fr\/vacances-en-camping-seasonova\/lexperience-seasonova\/comptoir-des-aventures-et-epicerie-locale\/#breadcrumb\",\"itemListElement\":[{\"@type\":\"ListItem\",\"position\":1,\"name\":\"Accueil\",\"item\":\"https:\/\/vacances-seasonova.com\/nl\/\"},{\"@type\":\"ListItem\",\"position\":2,\"name\":\"Vacances en camping Seasonova\",\"item\":\"https:\/\/vacances-seasonova.com\/nl\/kampeervakantiein-frankrijk\/\"},{\"@type\":\"ListItem\",\"position\":3,\"name\":\"L\u2019exp\u00e9rience Seasonova\",\"item\":\"https:\/\/vacances-seasonova.com\/fr\/vacances-en-camping-seasonova\/lexperience-seasonova\/\"},{\"@type\":\"ListItem\",\"position\":4,\"name\":\"Adventure counter\"}]}]}<\/script>\n<!-- \/ Yoast SEO plugin. -->","yoast_head_json":{"robots":{"index":"index","follow":"follow","max-snippet":"max-snippet:-1","max-image-preview":"max-image-preview:large","max-video-preview":"max-video-preview:-1"},"canonical":"https:\/\/vacances-seasonova.com\/de\/vacances-en-camping-seasonova\/lexperience-seasonova\/comptoir-des-aventures-et-epicerie-locale\/","og_locale":"de_DE","og_type":"article","og_title":"Comptoir des aventures - Seasonova","og_description":"Weil unsere Regionen eine so vielf\u00e4ltige Kultur haben, sind wir der Meinung, dass wir die Erfahrungen und Erlebnisse unserer Mitarbeiter mit Ihnen teilen. Concierge Empfehlungen Wenn Sie einen neuen Ort und eine andere [...]","og_url":"https:\/\/vacances-seasonova.com\/fr\/vacances-en-camping-seasonova\/lexperience-seasonova\/comptoir-des-aventures-et-epicerie-locale\/","og_site_name":"Seasonova","article_modified_time":"2021-09-27T11:42:47+00:00","og_image":[{"width":675,"height":450,"url":"https:\/\/vacances-seasonova.com\/wp-content\/uploads\/2020\/02\/vacances-velo-675x450.jpeg","type":"image\/jpeg"}],"twitter_card":"summary","twitter_misc":{"Gesch\u00e4tzte Lesezeit":"3 Minuten"},"schema":{"@context":"https:\/\/schema.org","@graph":[{"@type":"WebSite","@id":"https:\/\/vacances-seasonova.com\/fr\/#website","url":"https:\/\/vacances-seasonova.com\/fr\/","name":"Seasonova","description":"","potentialAction":[{"@type":"SearchAction","target":{"@type":"EntryPoint","urlTemplate":"https:\/\/vacances-seasonova.com\/fr\/?s={search_term_string}"},"query-input":"required name=search_term_string"}],"inLanguage":"de-DE"},{"@type":"ImageObject","@id":"https:\/\/vacances-seasonova.com\/fr\/vacances-en-camping-seasonova\/lexperience-seasonova\/comptoir-des-aventures-et-epicerie-locale\/#primaryimage","inLanguage":"de-DE","url":"https:\/\/vacances-seasonova.com\/wp-content\/uploads\/2020\/02\/vacances-velo.jpeg","contentUrl":"https:\/\/vacances-seasonova.com\/wp-content\/uploads\/2020\/02\/vacances-velo.jpeg","width":6240,"height":4160,"caption":"velo Seasonova"},{"@type":"WebPage","@id":"https:\/\/vacances-seasonova.com\/fr\/vacances-en-camping-seasonova\/lexperience-seasonova\/comptoir-des-aventures-et-epicerie-locale\/#webpage","url":"https:\/\/vacances-seasonova.com\/fr\/vacances-en-camping-seasonova\/lexperience-seasonova\/comptoir-des-aventures-et-epicerie-locale\/","name":"Comptoir des aventures - Seasonova","isPartOf":{"@id":"https:\/\/vacances-seasonova.com\/fr\/#website"},"primaryImageOfPage":{"@id":"https:\/\/vacances-seasonova.com\/fr\/vacances-en-camping-seasonova\/lexperience-seasonova\/comptoir-des-aventures-et-epicerie-locale\/#primaryimage"},"datePublished":"2020-02-25T15:52:33+00:00","dateModified":"2021-09-27T11:42:47+00:00","breadcrumb":{"@id":"https:\/\/vacances-seasonova.com\/fr\/vacances-en-camping-seasonova\/lexperience-seasonova\/comptoir-des-aventures-et-epicerie-locale\/#breadcrumb"},"inLanguage":"de-DE","potentialAction":[{"@type":"ReadAction","target":["https:\/\/vacances-seasonova.com\/fr\/vacances-en-camping-seasonova\/lexperience-seasonova\/comptoir-des-aventures-et-epicerie-locale\/"]}]},{"@type":"BreadcrumbList","@id":"https:\/\/vacances-seasonova.com\/fr\/vacances-en-camping-seasonova\/lexperience-seasonova\/comptoir-des-aventures-et-epicerie-locale\/#breadcrumb","itemListElement":[{"@type":"ListItem","position":1,"name":"Accueil","item":"https:\/\/vacances-seasonova.com\/nl\/"},{"@type":"ListItem","position":2,"name":"Vacances en camping Seasonova","item":"https:\/\/vacances-seasonova.com\/nl\/kampeervakantiein-frankrijk\/"},{"@type":"ListItem","position":3,"name":"L\u2019exp\u00e9rience Seasonova","item":"https:\/\/vacances-seasonova.com\/fr\/vacances-en-camping-seasonova\/lexperience-seasonova\/"},{"@type":"ListItem","position":4,"name":"Adventure counter"}]}]}},"_links":{"self":[{"href":"https:\/\/vacances-seasonova.com\/de\/wp-json\/wp\/v2\/pages\/16855"}],"collection":[{"href":"https:\/\/vacances-seasonova.com\/de\/wp-json\/wp\/v2\/pages"}],"about":[{"href":"https:\/\/vacances-seasonova.com\/de\/wp-json\/wp\/v2\/types\/page"}],"author":[{"embeddable":true,"href":"https:\/\/vacances-seasonova.com\/de\/wp-json\/wp\/v2\/users\/3"}],"replies":[{"embeddable":true,"href":"https:\/\/vacances-seasonova.com\/de\/wp-json\/wp\/v2\/comments?post=16855"}],"version-history":[{"count":0,"href":"https:\/\/vacances-seasonova.com\/de\/wp-json\/wp\/v2\/pages\/16855\/revisions"}],"up":[{"embeddable":true,"href":"https:\/\/vacances-seasonova.com\/de\/wp-json\/wp\/v2\/pages\/16827"}],"wp:featuredmedia":[{"embeddable":true,"href":"https:\/\/vacances-seasonova.com\/de\/wp-json\/wp\/v2\/media\/16856"}],"wp:attachment":[{"href":"https:\/\/vacances-seasonova.com\/de\/wp-json\/wp\/v2\/media?parent=16855"}],"curies":[{"name":"wp","href":"https:\/\/api.w.org\/{rel}","templated":true}]}}