    {"id":16871,"date":"2020-02-26T09:43:11","date_gmt":"2020-02-26T08:43:11","guid":{"rendered":"https:\/\/vacances-seasonova.com\/fr\/?page_id=16871"},"modified":"2021-10-04T10:42:10","modified_gmt":"2021-10-04T08:42:10","slug":"16871-2","status":"publish","type":"page","link":"https:\/\/vacances-seasonova.com\/de\/campingurlaub-mit-seasonova\/die-seasonova-erfahrung\/loungebereich-und-bar\/","title":{"rendered":"Loungebereich &#038; Bar"},"content":{"rendered":"<p><\/p>\n<p style = \"text-align: justify;\"> <span style = \"font-weight: 400;\"> Auf unseren Campingpl\u00e4tzen finden Sie gem\u00fctliche Orte, um Ihre Lieben zu genie\u00dfen und viele Gerichte aus regionalen Produkten zu genie\u00dfen. <\/span> <span style = \"font-weight: 400;\"> Essen muss ein Vergn\u00fcgen sein und bei Seasonova verstehen wir es <\/span> <\/p>\n<h3> M\u00fcnzk\u00fchl <\/h3>\n<p><span style = \"font-weight: 400;\"> <b> Benutzerfreundlichkeit <\/b> <\/span><\/p>\n<p style = \"text-align: justify;\"> <span style = \"font-weight: 400;\"> Erfolgreicher Urlaub <\/span> <span style = \"font-weight: 400;\"> geht auch gut durch Zeiten mit den Lieben geteilt. Aus diesem Grund haben wir alle Seasonova-Campingpl\u00e4tze so konzipiert, dass sie warme, freundliche R\u00e4ume bieten, die f\u00fcr Diskussionen f\u00f6rderlich sind. Genug, um die Bindung zu Familie oder Freunden zu st\u00e4rken und Ihnen unvergessliche Begegnungen zu erm\u00f6glichen. <\/span> <\/p>\n<p><span style = \"font-weight: 400;\"> <b> Ambiente <\/b> <\/span><\/p>\n<p style = \"text-align: justify;\"> <span style = \"font-weight: 400;\"> Holzm\u00f6bel f\u00fcr den Au\u00dfenbereich, dekorative Pflanzen und Hintergrundmusik\u2026 Jedenfalls ist es gut, dass Sie von diesem Moment profitieren, der Ihnen geh\u00f6rt . Es ist auch ein idealer Ort, um etwas zu trinken oder sogar einen Snack zu sich zu nehmen (zum Sport werden wir morgen sehen) <\/span> <\/p>\n<div class=\"row row-no-gutters\">\n<div class=\"col-xs-6 col-md-4\"><img loading=\"lazy\" class=\"size-medium wp-image-16875\" src=\"https:\/\/vacances-seasonova.com\/wp-content\/uploads\/2020\/02\/vacances-canape-300x199.jpg\" alt=\"canap\u00e9\" width=\"300\" height=\"199\" srcset=\"https:\/\/vacances-seasonova.com\/wp-content\/uploads\/2020\/02\/vacances-canape-300x199.jpg 300w, https:\/\/vacances-seasonova.com\/wp-content\/uploads\/2020\/02\/vacances-canape-768x510.jpg 768w, https:\/\/vacances-seasonova.com\/wp-content\/uploads\/2020\/02\/vacances-canape-677x450.jpg 677w, https:\/\/vacances-seasonova.com\/wp-content\/uploads\/2020\/02\/vacances-canape-600x399.jpg 600w, https:\/\/vacances-seasonova.com\/wp-content\/uploads\/2020\/02\/vacances-canape.jpg 1700w\" sizes=\"(max-width: 300px) 100vw, 300px\" \/><\/div>\n<div class=\"col-xs-6 col-md-4\"><img loading=\"lazy\" class=\"size-medium wp-image-16876\" src=\"https:\/\/vacances-seasonova.com\/wp-content\/uploads\/2020\/02\/vacances-lumieres-300x200.jpg\" alt=\"lumiere\" width=\"300\" height=\"200\" srcset=\"https:\/\/vacances-seasonova.com\/wp-content\/uploads\/2020\/02\/vacances-lumieres-300x200.jpg 300w, https:\/\/vacances-seasonova.com\/wp-content\/uploads\/2020\/02\/vacances-lumieres-768x512.jpg 768w, https:\/\/vacances-seasonova.com\/wp-content\/uploads\/2020\/02\/vacances-lumieres-675x450.jpg 675w, https:\/\/vacances-seasonova.com\/wp-content\/uploads\/2020\/02\/vacances-lumieres-600x400.jpg 600w, https:\/\/vacances-seasonova.com\/wp-content\/uploads\/2020\/02\/vacances-lumieres.jpg 1700w\" sizes=\"(max-width: 300px) 100vw, 300px\" \/><\/div>\n<div class=\"col-xs-6 col-md-4\"><img loading=\"lazy\" class=\"alignnone wp-image-16877 size-medium\" src=\"https:\/\/vacances-seasonova.com\/wp-content\/uploads\/2020\/02\/vacances-coin-chill-e1585151353637-300x202.jpg\" alt=\"banquettes\" width=\"300\" height=\"202\" srcset=\"https:\/\/vacances-seasonova.com\/wp-content\/uploads\/2020\/02\/vacances-coin-chill-e1585151353637-300x202.jpg 300w, https:\/\/vacances-seasonova.com\/wp-content\/uploads\/2020\/02\/vacances-coin-chill-e1585151353637-768x516.jpg 768w, https:\/\/vacances-seasonova.com\/wp-content\/uploads\/2020\/02\/vacances-coin-chill-e1585151353637-669x450.jpg 669w, https:\/\/vacances-seasonova.com\/wp-content\/uploads\/2020\/02\/vacances-coin-chill-e1585151353637-600x403.jpg 600w, https:\/\/vacances-seasonova.com\/wp-content\/uploads\/2020\/02\/vacances-coin-chill-e1585151353637.jpg 1700w\" sizes=\"(max-width: 300px) 100vw, 300px\" \/><\/div>\n<\/div>\n<h3> BAM <\/h3>\n<p><span style = \"font-weight: 400;\"> <\/span><\/p>\n<div style = \"text-align: justify;\">\n<p><span style = \"font-weight: 400;\"> Auf unseren Seasonova-Campingpl\u00e4tzen finden Sie unsere Speisebars (BAM), in denen Ihnen typische Gerichte aus unseren Regionen serviert werden, aber auch Teller mit lokalen Produkten zum Teilen. <\/span> <span style = \"font-weight: 400;\"> Unsere K\u00f6che verfeinern gerne diese K\u00e4se-, Gem\u00fcse- und Fleischsorten unserer Partnerproduzenten. <\/span><\/p>\n<\/div>\n<div class=\"row\">\n<div class=\"col-xs-6\"><img loading=\"lazy\" class=\"alignnone wp-image-16878 size-medium\" src=\"https:\/\/vacances-seasonova.com\/wp-content\/uploads\/2020\/02\/vacances-fromage-e1585151877452-300x200.jpg\" alt=\"fromages\" width=\"300\" height=\"200\" srcset=\"https:\/\/vacances-seasonova.com\/wp-content\/uploads\/2020\/02\/vacances-fromage-e1585151877452-300x200.jpg 300w, https:\/\/vacances-seasonova.com\/wp-content\/uploads\/2020\/02\/vacances-fromage-e1585151877452-768x512.jpg 768w, https:\/\/vacances-seasonova.com\/wp-content\/uploads\/2020\/02\/vacances-fromage-e1585151877452-675x450.jpg 675w, https:\/\/vacances-seasonova.com\/wp-content\/uploads\/2020\/02\/vacances-fromage-e1585151877452-600x400.jpg 600w, https:\/\/vacances-seasonova.com\/wp-content\/uploads\/2020\/02\/vacances-fromage-e1585151877452.jpg 1700w\" sizes=\"(max-width: 300px) 100vw, 300px\" \/><\/div>\n<div class=\"col-xs-6\">\n<p><img loading=\"lazy\" class=\"size-medium wp-image-16872\" src=\"https:\/\/vacances-seasonova.com\/wp-content\/uploads\/2020\/02\/vacances-aperitif-300x200.jpeg\" alt=\"aperitif\" width=\"300\" height=\"200\" srcset=\"https:\/\/vacances-seasonova.com\/wp-content\/uploads\/2020\/02\/vacances-aperitif-300x200.jpeg 300w, https:\/\/vacances-seasonova.com\/wp-content\/uploads\/2020\/02\/vacances-aperitif-768x512.jpeg 768w, https:\/\/vacances-seasonova.com\/wp-content\/uploads\/2020\/02\/vacances-aperitif-675x450.jpeg 675w, https:\/\/vacances-seasonova.com\/wp-content\/uploads\/2020\/02\/vacances-aperitif-600x400.jpeg 600w\" sizes=\"(max-width: 300px) 100vw, 300px\" \/><\/p>\n<\/div>\n<\/div>\n<p><\/p>","protected":false},"excerpt":{"rendered":"<p>Auf unseren Campingpl\u00e4tzen finden Sie gem\u00fctliche Orte, um Ihre Lieben zu genie\u00dfen und viele Gerichte aus regionalen Produkten zu genie\u00dfen. Essen muss ein Vergn\u00fcgen sein und bei Seasonova verstehen wir es M\u00fcnzk\u00fchl [&#8230;]<\/p>\n","protected":false},"author":3,"featured_media":16874,"parent":16827,"menu_order":0,"comment_status":"closed","ping_status":"closed","template":"","meta":[],"yoast_head":"<!-- This site is optimized with the Yoast SEO plugin v18.1 - https:\/\/yoast.com\/wordpress\/plugins\/seo\/ -->\n<meta name=\"robots\" content=\"index, follow, max-snippet:-1, max-image-preview:large, max-video-preview:-1\" \/>\n<link rel=\"canonical\" href=\"https:\/\/vacances-seasonova.com\/de\/vacances-en-camping-seasonova\/lexperience-seasonova\/coin-chill\/\" \/>\n<meta property=\"og:locale\" content=\"de_DE\" \/>\n<meta property=\"og:type\" content=\"article\" \/>\n<meta property=\"og:title\" content=\"coin chill &#038; bar \u00e0 manger - Seasonova\" \/>\n<meta property=\"og:description\" content=\"Auf unseren Campingpl\u00e4tzen finden Sie gem\u00fctliche Orte, um Ihre Lieben zu genie\u00dfen und viele Gerichte aus regionalen Produkten zu genie\u00dfen. Essen muss ein Vergn\u00fcgen sein und bei Seasonova verstehen wir es M\u00fcnzk\u00fchl [...]\" \/>\n<meta property=\"og:url\" content=\"https:\/\/vacances-seasonova.com\/fr\/vacances-en-camping-seasonova\/lexperience-seasonova\/coin-chill\/\" \/>\n<meta property=\"og:site_name\" content=\"Seasonova\" \/>\n<meta property=\"article:modified_time\" content=\"2021-10-04T08:42:10+00:00\" \/>\n<meta property=\"og:image\" content=\"https:\/\/vacances-seasonova.com\/wp-content\/uploads\/2020\/02\/vacances-lumieres-675x450.jpeg\" \/>\n\t<meta property=\"og:image:width\" content=\"675\" \/>\n\t<meta property=\"og:image:height\" content=\"450\" \/>\n\t<meta property=\"og:image:type\" content=\"image\/jpeg\" \/>\n<meta name=\"twitter:card\" content=\"summary\" \/>\n<meta name=\"twitter:label1\" content=\"Gesch\u00e4tzte Lesezeit\" \/>\n\t<meta name=\"twitter:data1\" content=\"4 Minuten\" \/>\n<script type=\"application\/ld+json\" class=\"yoast-schema-graph\">{\"@context\":\"https:\/\/schema.org\",\"@graph\":[{\"@type\":\"WebSite\",\"@id\":\"https:\/\/vacances-seasonova.com\/fr\/#website\",\"url\":\"https:\/\/vacances-seasonova.com\/fr\/\",\"name\":\"Seasonova\",\"description\":\"\",\"potentialAction\":[{\"@type\":\"SearchAction\",\"target\":{\"@type\":\"EntryPoint\",\"urlTemplate\":\"https:\/\/vacances-seasonova.com\/fr\/?s={search_term_string}\"},\"query-input\":\"required name=search_term_string\"}],\"inLanguage\":\"de-DE\"},{\"@type\":\"ImageObject\",\"@id\":\"https:\/\/vacances-seasonova.com\/fr\/vacances-en-camping-seasonova\/lexperience-seasonova\/coin-chill\/#primaryimage\",\"inLanguage\":\"de-DE\",\"url\":\"https:\/\/vacances-seasonova.com\/wp-content\/uploads\/2020\/02\/vacances-lumieres.jpeg\",\"contentUrl\":\"https:\/\/vacances-seasonova.com\/wp-content\/uploads\/2020\/02\/vacances-lumieres.jpeg\",\"width\":5760,\"height\":3840,\"caption\":\"lumiere\"},{\"@type\":\"WebPage\",\"@id\":\"https:\/\/vacances-seasonova.com\/fr\/vacances-en-camping-seasonova\/lexperience-seasonova\/coin-chill\/#webpage\",\"url\":\"https:\/\/vacances-seasonova.com\/fr\/vacances-en-camping-seasonova\/lexperience-seasonova\/coin-chill\/\",\"name\":\"coin chill &#038; bar \u00e0 manger - Seasonova\",\"isPartOf\":{\"@id\":\"https:\/\/vacances-seasonova.com\/fr\/#website\"},\"primaryImageOfPage\":{\"@id\":\"https:\/\/vacances-seasonova.com\/fr\/vacances-en-camping-seasonova\/lexperience-seasonova\/coin-chill\/#primaryimage\"},\"datePublished\":\"2020-02-26T08:43:11+00:00\",\"dateModified\":\"2021-10-04T08:42:10+00:00\",\"breadcrumb\":{\"@id\":\"https:\/\/vacances-seasonova.com\/fr\/vacances-en-camping-seasonova\/lexperience-seasonova\/coin-chill\/#breadcrumb\"},\"inLanguage\":\"de-DE\",\"potentialAction\":[{\"@type\":\"ReadAction\",\"target\":[\"https:\/\/vacances-seasonova.com\/fr\/vacances-en-camping-seasonova\/lexperience-seasonova\/coin-chill\/\"]}]},{\"@type\":\"BreadcrumbList\",\"@id\":\"https:\/\/vacances-seasonova.com\/fr\/vacances-en-camping-seasonova\/lexperience-seasonova\/coin-chill\/#breadcrumb\",\"itemListElement\":[{\"@type\":\"ListItem\",\"position\":1,\"name\":\"Accueil\",\"item\":\"https:\/\/vacances-seasonova.com\/nl\/\"},{\"@type\":\"ListItem\",\"position\":2,\"name\":\"Vacances en camping Seasonova\",\"item\":\"https:\/\/vacances-seasonova.com\/nl\/kampeervakantiein-frankrijk\/\"},{\"@type\":\"ListItem\",\"position\":3,\"name\":\"L\u2019exp\u00e9rience Seasonova\",\"item\":\"https:\/\/vacances-seasonova.com\/fr\/vacances-en-camping-seasonova\/lexperience-seasonova\/\"},{\"@type\":\"ListItem\",\"position\":4,\"name\":\"Chill zone and tapas bar\"}]}]}<\/script>\n<!-- \/ Yoast SEO plugin. -->","yoast_head_json":{"robots":{"index":"index","follow":"follow","max-snippet":"max-snippet:-1","max-image-preview":"max-image-preview:large","max-video-preview":"max-video-preview:-1"},"canonical":"https:\/\/vacances-seasonova.com\/de\/vacances-en-camping-seasonova\/lexperience-seasonova\/coin-chill\/","og_locale":"de_DE","og_type":"article","og_title":"coin chill &#038; bar \u00e0 manger - Seasonova","og_description":"Auf unseren Campingpl\u00e4tzen finden Sie gem\u00fctliche Orte, um Ihre Lieben zu genie\u00dfen und viele Gerichte aus regionalen Produkten zu genie\u00dfen. Essen muss ein Vergn\u00fcgen sein und bei Seasonova verstehen wir es M\u00fcnzk\u00fchl [...]","og_url":"https:\/\/vacances-seasonova.com\/fr\/vacances-en-camping-seasonova\/lexperience-seasonova\/coin-chill\/","og_site_name":"Seasonova","article_modified_time":"2021-10-04T08:42:10+00:00","og_image":[{"width":675,"height":450,"url":"https:\/\/vacances-seasonova.com\/wp-content\/uploads\/2020\/02\/vacances-lumieres-675x450.jpeg","type":"image\/jpeg"}],"twitter_card":"summary","twitter_misc":{"Gesch\u00e4tzte Lesezeit":"4 Minuten"},"schema":{"@context":"https:\/\/schema.org","@graph":[{"@type":"WebSite","@id":"https:\/\/vacances-seasonova.com\/fr\/#website","url":"https:\/\/vacances-seasonova.com\/fr\/","name":"Seasonova","description":"","potentialAction":[{"@type":"SearchAction","target":{"@type":"EntryPoint","urlTemplate":"https:\/\/vacances-seasonova.com\/fr\/?s={search_term_string}"},"query-input":"required name=search_term_string"}],"inLanguage":"de-DE"},{"@type":"ImageObject","@id":"https:\/\/vacances-seasonova.com\/fr\/vacances-en-camping-seasonova\/lexperience-seasonova\/coin-chill\/#primaryimage","inLanguage":"de-DE","url":"https:\/\/vacances-seasonova.com\/wp-content\/uploads\/2020\/02\/vacances-lumieres.jpeg","contentUrl":"https:\/\/vacances-seasonova.com\/wp-content\/uploads\/2020\/02\/vacances-lumieres.jpeg","width":5760,"height":3840,"caption":"lumiere"},{"@type":"WebPage","@id":"https:\/\/vacances-seasonova.com\/fr\/vacances-en-camping-seasonova\/lexperience-seasonova\/coin-chill\/#webpage","url":"https:\/\/vacances-seasonova.com\/fr\/vacances-en-camping-seasonova\/lexperience-seasonova\/coin-chill\/","name":"coin chill &#038; bar \u00e0 manger - Seasonova","isPartOf":{"@id":"https:\/\/vacances-seasonova.com\/fr\/#website"},"primaryImageOfPage":{"@id":"https:\/\/vacances-seasonova.com\/fr\/vacances-en-camping-seasonova\/lexperience-seasonova\/coin-chill\/#primaryimage"},"datePublished":"2020-02-26T08:43:11+00:00","dateModified":"2021-10-04T08:42:10+00:00","breadcrumb":{"@id":"https:\/\/vacances-seasonova.com\/fr\/vacances-en-camping-seasonova\/lexperience-seasonova\/coin-chill\/#breadcrumb"},"inLanguage":"de-DE","potentialAction":[{"@type":"ReadAction","target":["https:\/\/vacances-seasonova.com\/fr\/vacances-en-camping-seasonova\/lexperience-seasonova\/coin-chill\/"]}]},{"@type":"BreadcrumbList","@id":"https:\/\/vacances-seasonova.com\/fr\/vacances-en-camping-seasonova\/lexperience-seasonova\/coin-chill\/#breadcrumb","itemListElement":[{"@type":"ListItem","position":1,"name":"Accueil","item":"https:\/\/vacances-seasonova.com\/nl\/"},{"@type":"ListItem","position":2,"name":"Vacances en camping Seasonova","item":"https:\/\/vacances-seasonova.com\/nl\/kampeervakantiein-frankrijk\/"},{"@type":"ListItem","position":3,"name":"L\u2019exp\u00e9rience Seasonova","item":"https:\/\/vacances-seasonova.com\/fr\/vacances-en-camping-seasonova\/lexperience-seasonova\/"},{"@type":"ListItem","position":4,"name":"Chill zone and tapas bar"}]}]}},"_links":{"self":[{"href":"https:\/\/vacances-seasonova.com\/de\/wp-json\/wp\/v2\/pages\/16871"}],"collection":[{"href":"https:\/\/vacances-seasonova.com\/de\/wp-json\/wp\/v2\/pages"}],"about":[{"href":"https:\/\/vacances-seasonova.com\/de\/wp-json\/wp\/v2\/types\/page"}],"author":[{"embeddable":true,"href":"https:\/\/vacances-seasonova.com\/de\/wp-json\/wp\/v2\/users\/3"}],"replies":[{"embeddable":true,"href":"https:\/\/vacances-seasonova.com\/de\/wp-json\/wp\/v2\/comments?post=16871"}],"version-history":[{"count":0,"href":"https:\/\/vacances-seasonova.com\/de\/wp-json\/wp\/v2\/pages\/16871\/revisions"}],"up":[{"embeddable":true,"href":"https:\/\/vacances-seasonova.com\/de\/wp-json\/wp\/v2\/pages\/16827"}],"wp:featuredmedia":[{"embeddable":true,"href":"https:\/\/vacances-seasonova.com\/de\/wp-json\/wp\/v2\/media\/16874"}],"wp:attachment":[{"href":"https:\/\/vacances-seasonova.com\/de\/wp-json\/wp\/v2\/media?parent=16871"}],"curies":[{"name":"wp","href":"https:\/\/api.w.org\/{rel}","templated":true}]}}