    {"id":16881,"date":"2020-02-26T10:09:11","date_gmt":"2020-02-26T09:09:11","guid":{"rendered":"https:\/\/vacances-seasonova.com\/fr\/?page_id=16881"},"modified":"2021-09-27T11:35:07","modified_gmt":"2021-09-27T09:35:07","slug":"espace-parents-enfants","status":"publish","type":"page","link":"https:\/\/vacances-seasonova.com\/de\/campingurlaub-mit-seasonova\/die-seasonova-erfahrung\/eltern-und-kinder\/","title":{"rendered":"Platz f\u00fcr Eltern und Kinder"},"content":{"rendered":"<p>Sich auf das <b>Wesentliche<\/b> zu konzentrieren bedeutet auch, besondere Momente mit Ihren Kindern zu genie\u00dfen.<br \/>\n<span style=\"font-weight: 400;\">Unsere Campingpl\u00e4tze bieten daf\u00fcr geeigneten Platz.<br \/>\n<\/span><span style=\"font-weight: 400;\">Unser Ziel? Dass Sie viele Momente haben, die Sie teilen mit Ihren Lieben teilen k\u00f6nnen..<\/span><\/p>\n<p>&nbsp;<\/p>\n<p><img loading=\"lazy\" class=\"size-medium wp-image-16883\" src=\"https:\/\/vacances-seasonova.com\/wp-content\/uploads\/2020\/02\/vacances-jeu-en-bois-300x200.jpg\" alt=\"jeu en bois\" width=\"300\" height=\"200\" srcset=\"https:\/\/vacances-seasonova.com\/wp-content\/uploads\/2020\/02\/vacances-jeu-en-bois-300x200.jpg 300w, https:\/\/vacances-seasonova.com\/wp-content\/uploads\/2020\/02\/vacances-jeu-en-bois-768x513.jpg 768w, https:\/\/vacances-seasonova.com\/wp-content\/uploads\/2020\/02\/vacances-jeu-en-bois-674x450.jpg 674w, https:\/\/vacances-seasonova.com\/wp-content\/uploads\/2020\/02\/vacances-jeu-en-bois-600x401.jpg 600w, https:\/\/vacances-seasonova.com\/wp-content\/uploads\/2020\/02\/vacances-jeu-en-bois.jpg 1700w\" sizes=\"(max-width: 300px) 100vw, 300px\" \/><\/p>\n<p>&nbsp;<\/p>\n<p>&nbsp;<\/p>\n<p><img loading=\"lazy\" class=\"size-medium wp-image-16884\" src=\"https:\/\/vacances-seasonova.com\/wp-content\/uploads\/2020\/02\/vacances-jeux-en-bois-300x200.jpg\" alt=\"jeu en bois\" width=\"300\" height=\"200\" srcset=\"https:\/\/vacances-seasonova.com\/wp-content\/uploads\/2020\/02\/vacances-jeux-en-bois-300x200.jpg 300w, https:\/\/vacances-seasonova.com\/wp-content\/uploads\/2020\/02\/vacances-jeux-en-bois-768x512.jpg 768w, https:\/\/vacances-seasonova.com\/wp-content\/uploads\/2020\/02\/vacances-jeux-en-bois-675x450.jpg 675w, https:\/\/vacances-seasonova.com\/wp-content\/uploads\/2020\/02\/vacances-jeux-en-bois-600x400.jpg 600w, https:\/\/vacances-seasonova.com\/wp-content\/uploads\/2020\/02\/vacances-jeux-en-bois.jpg 1700w\" sizes=\"(max-width: 300px) 100vw, 300px\" \/><\/p>\n<p><span style=\"font-weight: 400;\">\u00a0<\/span><\/p>","protected":false},"excerpt":{"rendered":"<p>Sich auf das Wesentliche zu konzentrieren bedeutet auch, besondere Momente mit Ihren Kindern zu genie\u00dfen. Unsere Campingpl\u00e4tze bieten daf\u00fcr geeigneten Platz. Unser Ziel? Dass Sie viele Momente haben, die Sie teilen mit [&#8230;]<\/p>\n","protected":false},"author":3,"featured_media":16882,"parent":16827,"menu_order":0,"comment_status":"closed","ping_status":"closed","template":"","meta":[],"yoast_head":"<!-- This site is optimized with the Yoast SEO plugin v18.1 - https:\/\/yoast.com\/wordpress\/plugins\/seo\/ -->\n<meta name=\"robots\" content=\"index, follow, max-snippet:-1, max-image-preview:large, max-video-preview:-1\" \/>\n<link rel=\"canonical\" href=\"https:\/\/vacances-seasonova.com\/de\/vacances-en-camping-seasonova\/lexperience-seasonova\/parents-enfants\/\" \/>\n<meta property=\"og:locale\" content=\"de_DE\" \/>\n<meta property=\"og:type\" content=\"article\" \/>\n<meta property=\"og:title\" content=\"espace parents enfants - Seasonova\" \/>\n<meta property=\"og:description\" content=\"Sich auf das Wesentliche zu konzentrieren bedeutet auch, besondere Momente mit Ihren Kindern zu genie\u00dfen. Unsere Campingpl\u00e4tze bieten daf\u00fcr geeigneten Platz. Unser Ziel? Dass Sie viele Momente haben, die Sie teilen mit [...]\" \/>\n<meta property=\"og:url\" content=\"https:\/\/vacances-seasonova.com\/fr\/vacances-en-camping-seasonova\/lexperience-seasonova\/parents-enfants\/\" \/>\n<meta property=\"og:site_name\" content=\"Seasonova\" \/>\n<meta property=\"article:modified_time\" content=\"2021-09-27T09:35:07+00:00\" \/>\n<meta property=\"og:image\" content=\"https:\/\/vacances-seasonova.com\/wp-content\/uploads\/2020\/02\/vacances-famille-665x450.jpeg\" \/>\n\t<meta property=\"og:image:width\" content=\"665\" \/>\n\t<meta property=\"og:image:height\" content=\"450\" \/>\n\t<meta property=\"og:image:type\" content=\"image\/jpeg\" \/>\n<meta name=\"twitter:card\" content=\"summary\" \/>\n<meta name=\"twitter:label1\" content=\"Gesch\u00e4tzte Lesezeit\" \/>\n\t<meta name=\"twitter:data1\" content=\"1 Minute\" \/>\n<script type=\"application\/ld+json\" class=\"yoast-schema-graph\">{\"@context\":\"https:\/\/schema.org\",\"@graph\":[{\"@type\":\"WebSite\",\"@id\":\"https:\/\/vacances-seasonova.com\/fr\/#website\",\"url\":\"https:\/\/vacances-seasonova.com\/fr\/\",\"name\":\"Seasonova\",\"description\":\"\",\"potentialAction\":[{\"@type\":\"SearchAction\",\"target\":{\"@type\":\"EntryPoint\",\"urlTemplate\":\"https:\/\/vacances-seasonova.com\/fr\/?s={search_term_string}\"},\"query-input\":\"required name=search_term_string\"}],\"inLanguage\":\"de-DE\"},{\"@type\":\"ImageObject\",\"@id\":\"https:\/\/vacances-seasonova.com\/fr\/vacances-en-camping-seasonova\/lexperience-seasonova\/parents-enfants\/#primaryimage\",\"inLanguage\":\"de-DE\",\"url\":\"https:\/\/vacances-seasonova.com\/wp-content\/uploads\/2020\/02\/vacances-famille.jpeg\",\"contentUrl\":\"https:\/\/vacances-seasonova.com\/wp-content\/uploads\/2020\/02\/vacances-famille.jpeg\",\"width\":5054,\"height\":3421,\"caption\":\"enfant au bord de l'eau\"},{\"@type\":\"WebPage\",\"@id\":\"https:\/\/vacances-seasonova.com\/fr\/vacances-en-camping-seasonova\/lexperience-seasonova\/parents-enfants\/#webpage\",\"url\":\"https:\/\/vacances-seasonova.com\/fr\/vacances-en-camping-seasonova\/lexperience-seasonova\/parents-enfants\/\",\"name\":\"espace parents enfants - Seasonova\",\"isPartOf\":{\"@id\":\"https:\/\/vacances-seasonova.com\/fr\/#website\"},\"primaryImageOfPage\":{\"@id\":\"https:\/\/vacances-seasonova.com\/fr\/vacances-en-camping-seasonova\/lexperience-seasonova\/parents-enfants\/#primaryimage\"},\"datePublished\":\"2020-02-26T09:09:11+00:00\",\"dateModified\":\"2021-09-27T09:35:07+00:00\",\"breadcrumb\":{\"@id\":\"https:\/\/vacances-seasonova.com\/fr\/vacances-en-camping-seasonova\/lexperience-seasonova\/parents-enfants\/#breadcrumb\"},\"inLanguage\":\"de-DE\",\"potentialAction\":[{\"@type\":\"ReadAction\",\"target\":[\"https:\/\/vacances-seasonova.com\/fr\/vacances-en-camping-seasonova\/lexperience-seasonova\/parents-enfants\/\"]}]},{\"@type\":\"BreadcrumbList\",\"@id\":\"https:\/\/vacances-seasonova.com\/fr\/vacances-en-camping-seasonova\/lexperience-seasonova\/parents-enfants\/#breadcrumb\",\"itemListElement\":[{\"@type\":\"ListItem\",\"position\":1,\"name\":\"Accueil\",\"item\":\"https:\/\/vacances-seasonova.com\/nl\/\"},{\"@type\":\"ListItem\",\"position\":2,\"name\":\"Vacances en camping Seasonova\",\"item\":\"https:\/\/vacances-seasonova.com\/nl\/kampeervakantiein-frankrijk\/\"},{\"@type\":\"ListItem\",\"position\":3,\"name\":\"L\u2019exp\u00e9rience Seasonova\",\"item\":\"https:\/\/vacances-seasonova.com\/fr\/vacances-en-camping-seasonova\/lexperience-seasonova\/\"},{\"@type\":\"ListItem\",\"position\":4,\"name\":\"Platz f\u00fcr Eltern und Kinder\"}]}]}<\/script>\n<!-- \/ Yoast SEO plugin. -->","yoast_head_json":{"robots":{"index":"index","follow":"follow","max-snippet":"max-snippet:-1","max-image-preview":"max-image-preview:large","max-video-preview":"max-video-preview:-1"},"canonical":"https:\/\/vacances-seasonova.com\/de\/vacances-en-camping-seasonova\/lexperience-seasonova\/parents-enfants\/","og_locale":"de_DE","og_type":"article","og_title":"espace parents enfants - Seasonova","og_description":"Sich auf das Wesentliche zu konzentrieren bedeutet auch, besondere Momente mit Ihren Kindern zu genie\u00dfen. Unsere Campingpl\u00e4tze bieten daf\u00fcr geeigneten Platz. Unser Ziel? Dass Sie viele Momente haben, die Sie teilen mit [...]","og_url":"https:\/\/vacances-seasonova.com\/fr\/vacances-en-camping-seasonova\/lexperience-seasonova\/parents-enfants\/","og_site_name":"Seasonova","article_modified_time":"2021-09-27T09:35:07+00:00","og_image":[{"width":665,"height":450,"url":"https:\/\/vacances-seasonova.com\/wp-content\/uploads\/2020\/02\/vacances-famille-665x450.jpeg","type":"image\/jpeg"}],"twitter_card":"summary","twitter_misc":{"Gesch\u00e4tzte Lesezeit":"1 Minute"},"schema":{"@context":"https:\/\/schema.org","@graph":[{"@type":"WebSite","@id":"https:\/\/vacances-seasonova.com\/fr\/#website","url":"https:\/\/vacances-seasonova.com\/fr\/","name":"Seasonova","description":"","potentialAction":[{"@type":"SearchAction","target":{"@type":"EntryPoint","urlTemplate":"https:\/\/vacances-seasonova.com\/fr\/?s={search_term_string}"},"query-input":"required name=search_term_string"}],"inLanguage":"de-DE"},{"@type":"ImageObject","@id":"https:\/\/vacances-seasonova.com\/fr\/vacances-en-camping-seasonova\/lexperience-seasonova\/parents-enfants\/#primaryimage","inLanguage":"de-DE","url":"https:\/\/vacances-seasonova.com\/wp-content\/uploads\/2020\/02\/vacances-famille.jpeg","contentUrl":"https:\/\/vacances-seasonova.com\/wp-content\/uploads\/2020\/02\/vacances-famille.jpeg","width":5054,"height":3421,"caption":"enfant au bord de l'eau"},{"@type":"WebPage","@id":"https:\/\/vacances-seasonova.com\/fr\/vacances-en-camping-seasonova\/lexperience-seasonova\/parents-enfants\/#webpage","url":"https:\/\/vacances-seasonova.com\/fr\/vacances-en-camping-seasonova\/lexperience-seasonova\/parents-enfants\/","name":"espace parents enfants - Seasonova","isPartOf":{"@id":"https:\/\/vacances-seasonova.com\/fr\/#website"},"primaryImageOfPage":{"@id":"https:\/\/vacances-seasonova.com\/fr\/vacances-en-camping-seasonova\/lexperience-seasonova\/parents-enfants\/#primaryimage"},"datePublished":"2020-02-26T09:09:11+00:00","dateModified":"2021-09-27T09:35:07+00:00","breadcrumb":{"@id":"https:\/\/vacances-seasonova.com\/fr\/vacances-en-camping-seasonova\/lexperience-seasonova\/parents-enfants\/#breadcrumb"},"inLanguage":"de-DE","potentialAction":[{"@type":"ReadAction","target":["https:\/\/vacances-seasonova.com\/fr\/vacances-en-camping-seasonova\/lexperience-seasonova\/parents-enfants\/"]}]},{"@type":"BreadcrumbList","@id":"https:\/\/vacances-seasonova.com\/fr\/vacances-en-camping-seasonova\/lexperience-seasonova\/parents-enfants\/#breadcrumb","itemListElement":[{"@type":"ListItem","position":1,"name":"Accueil","item":"https:\/\/vacances-seasonova.com\/nl\/"},{"@type":"ListItem","position":2,"name":"Vacances en camping Seasonova","item":"https:\/\/vacances-seasonova.com\/nl\/kampeervakantiein-frankrijk\/"},{"@type":"ListItem","position":3,"name":"L\u2019exp\u00e9rience Seasonova","item":"https:\/\/vacances-seasonova.com\/fr\/vacances-en-camping-seasonova\/lexperience-seasonova\/"},{"@type":"ListItem","position":4,"name":"Platz f\u00fcr Eltern und Kinder"}]}]}},"_links":{"self":[{"href":"https:\/\/vacances-seasonova.com\/de\/wp-json\/wp\/v2\/pages\/16881"}],"collection":[{"href":"https:\/\/vacances-seasonova.com\/de\/wp-json\/wp\/v2\/pages"}],"about":[{"href":"https:\/\/vacances-seasonova.com\/de\/wp-json\/wp\/v2\/types\/page"}],"author":[{"embeddable":true,"href":"https:\/\/vacances-seasonova.com\/de\/wp-json\/wp\/v2\/users\/3"}],"replies":[{"embeddable":true,"href":"https:\/\/vacances-seasonova.com\/de\/wp-json\/wp\/v2\/comments?post=16881"}],"version-history":[{"count":0,"href":"https:\/\/vacances-seasonova.com\/de\/wp-json\/wp\/v2\/pages\/16881\/revisions"}],"up":[{"embeddable":true,"href":"https:\/\/vacances-seasonova.com\/de\/wp-json\/wp\/v2\/pages\/16827"}],"wp:featuredmedia":[{"embeddable":true,"href":"https:\/\/vacances-seasonova.com\/de\/wp-json\/wp\/v2\/media\/16882"}],"wp:attachment":[{"href":"https:\/\/vacances-seasonova.com\/de\/wp-json\/wp\/v2\/media?parent=16881"}],"curies":[{"name":"wp","href":"https:\/\/api.w.org\/{rel}","templated":true}]}}