    {"id":16915,"date":"2020-02-26T15:18:28","date_gmt":"2020-02-26T14:18:28","guid":{"rendered":"https:\/\/vacances-seasonova.com\/fr\/?page_id=16915"},"modified":"2021-10-04T11:24:32","modified_gmt":"2021-10-04T09:24:32","slug":"mini-ferme","status":"publish","type":"page","link":"https:\/\/vacances-seasonova.com\/de\/campingurlaub-mit-seasonova\/die-seasonova-erfahrung\/der-streichelzoo\/","title":{"rendered":"Der Streichelzoo"},"content":{"rendered":"<p><\/p>\n<h3>Das Gl\u00fcck liegt im Streichelzoo<\/h3>\n<p><span style=\"font-weight: 400;\">Sobald Sie Ihr Zelt auf einem unserer Seasonova-Campingpl\u00e4tze aufschlagen, bedeutet das garantiert einen Slow-Life-Urlaub: Entspannung, Natur, Outdoor-Leben, Ruhe&#8230; Es ist alles vorhanden, damit Sie dem Alltag entfliehen und Ihren Urlaub entspannt genie\u00dfen k\u00f6nnen. Wenn Sie Ihren Urlaub auf einem Seasonova-Campingplatz verbringen, haben Sie garantiert einen Rucksack voller Erinnerungen.<\/span><\/p>\n<p><span style=\"font-weight: 400;\">Bei Seasonova ist Ihr pers\u00f6nliches Wohlbefinden unsere Priorit\u00e4t. Aus diesem Grund denken unsere Teams st\u00e4ndig dar\u00fcber nach, wie wir Sie so gl\u00fccklich und entspannt wie m\u00f6glich machen k\u00f6nnen.<\/span><\/p>\n<p><span style=\"font-weight: 400;\">Wie Sie vielleicht schon bemerkt haben, sind die Natur und der Respekt vor ihr eine Herzensangelegenheit f\u00fcr uns. Im Bewusstsein des Wohlbefindens und der Freude, die Haustiere uns jeden Tag bringen, wollten wir auf unseren Campingpl\u00e4tzen Raum f\u00fcr die Begegnung mit allen Arten von Tieren schaffen.<\/span><\/p>\n<p><span style=\"font-weight: 400;\">Unserer Meinung nach sind das Orte die eine M\u00f6glichkeit f\u00fcr unsere Kinder und auch f\u00fcr Erwachsene sind, sich der Tierwelt, der Artenvielfalt und der Umwelt bewusst zu werden. Der Kinderbauernhof hilft, die Sinne und die Neugier von Gro\u00df und Klein anzuregen, damit Kinder sich entwickeln, etwas entdecken und viel lernen k\u00f6nnen. Und das alles mit viel Spa\u00df.<br \/>\n<img loading=\"lazy\" class=\"wp-image-18806 aligncenter\" src=\"https:\/\/vacances-seasonova.com\/wp-content\/uploads\/2020\/06\/chevres-point-du-jour.jpg\" alt=\"ch\u00e8vres du point du jour \" width=\"310\" height=\"414\" srcset=\"https:\/\/vacances-seasonova.com\/wp-content\/uploads\/2020\/06\/chevres-point-du-jour.jpg 600w, https:\/\/vacances-seasonova.com\/wp-content\/uploads\/2020\/06\/chevres-point-du-jour-225x300.jpg 225w, https:\/\/vacances-seasonova.com\/wp-content\/uploads\/2020\/06\/chevres-point-du-jour-338x450.jpg 338w\" sizes=\"(max-width: 310px) 100vw, 310px\" \/><br \/>\n<\/span><\/p>\n<p><b>Werden Sie ein kleiner Landwirt<\/b><\/p>\n<p><span style=\"font-weight: 400;\">Unsere Betreuer laden Sie und Ihre Kinder gerne ein, die Tiere zu f\u00fcttern, sie zu streicheln oder sogar Eier von den H\u00fchnern zu sammeln. Dieser Kontakt mit den Tieren des Streichelzoos bietet ein einzigartiges Erlebnis. F\u00fcr einige wird es eine Entdeckung sein, f\u00fcr die anderen der perfekte Moment, um Kindheitserinnerungen aufleben zu lassen.<\/span><\/p>\n<p><span style=\"font-weight: 400;\">H\u00fchner, Kaninchen, Ziegen, Schafe und sogar Alpakas, f\u00fcr jeden ist etwas dabei, abh\u00e4ngig vom jeweiligen Campingplatz. Jedes Tier hat seine eigenen Charaktereigenschaften. Die Verwalter unserer Campingpl\u00e4tze werden Ihnen nichts anderes erz\u00e4hlen! Und ja, die Tiere sind unangepasst und ziehen manchmal eine eigene Vorstellung ab&#8230; Schmunzeln und Lachen garantiert!<\/span><\/p>\n<p><img loading=\"lazy\" class=\"size-medium wp-image-16919 aligncenter\" src=\"https:\/\/vacances-seasonova.com\/wp-content\/uploads\/2020\/02\/mini-ferme-300x200.jpg\" alt=\"mini ferme enfant\" width=\"300\" height=\"200\" srcset=\"https:\/\/vacances-seasonova.com\/wp-content\/uploads\/2020\/02\/mini-ferme-300x200.jpg 300w, https:\/\/vacances-seasonova.com\/wp-content\/uploads\/2020\/02\/mini-ferme-768x512.jpg 768w, https:\/\/vacances-seasonova.com\/wp-content\/uploads\/2020\/02\/mini-ferme-675x450.jpg 675w, https:\/\/vacances-seasonova.com\/wp-content\/uploads\/2020\/02\/mini-ferme-600x400.jpg 600w, https:\/\/vacances-seasonova.com\/wp-content\/uploads\/2020\/02\/mini-ferme.jpg 1700w\" sizes=\"(max-width: 300px) 100vw, 300px\" \/><\/p>\n<p><b>Ein Steichelzoo f\u00fcr einen &#8222;Slow-Life&#8220; Urlaub<\/b><\/p>\n<p><span style=\"font-weight: 400;\">Die Tiere sind nicht aggressiv und wollen nichts weiter als Zuneigung&#8230; und Futter! Daher ist es der ideale Zeitpunkt, um sich Zeit zu nehmen und das Erlebnis mit den Tieren zu genie\u00dfen.<\/span><\/p>\n<p><span style=\"font-weight: 400;\">Tiere lieben es nicht nur verw\u00f6hnt zu werden, sie geben uns auch viel zur\u00fcck: Studien haben gezeigt, dass die Zeit mit Tieren Stress- und Angsthormone reduzieren kann. Einige Therapien sind sogar genau zu diesem Zweck geschaffen worden: Beispielsweise die Tiertherapie! Die Wirksamkeit ist zwar noch nicht bewiesen, also kommen Sie einfach vorbei und testen Sie es selbst, dann k\u00f6nnen Sie sich eine eigene Meinung bilden!<\/span><\/p>\n<p><span style=\"font-weight: 400;\">Kommen Sie und treffen Sie die Tiere aus den Seasonova-Streichelzoos: Julio, Peppa, Luc, Pig, Lapinou und all die anderen kleinen Freunde warten darauf, von Ihnen gestreichelt zu werden!<\/span><\/p>\n<p>&nbsp;<\/p>\n<p>&nbsp;<\/p>\n<p>&nbsp;<\/p>","protected":false},"excerpt":{"rendered":"<p>Das Gl\u00fcck liegt im Streichelzoo Sobald Sie Ihr Zelt auf einem unserer Seasonova-Campingpl\u00e4tze aufschlagen, bedeutet das garantiert einen Slow-Life-Urlaub: Entspannung, Natur, Outdoor-Leben, Ruhe&#8230; Es ist alles [&#8230;]<\/p>\n","protected":false},"author":3,"featured_media":16916,"parent":16827,"menu_order":0,"comment_status":"closed","ping_status":"closed","template":"","meta":[],"yoast_head":"<!-- This site is optimized with the Yoast SEO plugin v18.1 - https:\/\/yoast.com\/wordpress\/plugins\/seo\/ -->\n<meta name=\"robots\" content=\"index, follow, max-snippet:-1, max-image-preview:large, max-video-preview:-1\" \/>\n<link rel=\"canonical\" href=\"https:\/\/vacances-seasonova.com\/de\/vacances-en-camping-seasonova\/lexperience-seasonova\/mini-ferme\/\" \/>\n<meta property=\"og:locale\" content=\"de_DE\" \/>\n<meta property=\"og:type\" content=\"article\" \/>\n<meta property=\"og:title\" content=\"La petite ferme - Seasonova\" \/>\n<meta property=\"og:description\" content=\"Das Gl\u00fcck liegt im Streichelzoo Sobald Sie Ihr Zelt auf einem unserer Seasonova-Campingpl\u00e4tze aufschlagen, bedeutet das garantiert einen Slow-Life-Urlaub: Entspannung, Natur, Outdoor-Leben, Ruhe&#8230; Es ist alles [...]\" \/>\n<meta property=\"og:url\" content=\"https:\/\/vacances-seasonova.com\/fr\/vacances-en-camping-seasonova\/lexperience-seasonova\/mini-ferme\/\" \/>\n<meta property=\"og:site_name\" content=\"Seasonova\" \/>\n<meta property=\"article:modified_time\" content=\"2021-10-04T09:24:32+00:00\" \/>\n<meta property=\"og:image\" content=\"https:\/\/vacances-seasonova.com\/wp-content\/uploads\/2020\/02\/mini-ferme-chevres-674x450.jpeg\" \/>\n\t<meta property=\"og:image:width\" content=\"674\" \/>\n\t<meta property=\"og:image:height\" content=\"450\" \/>\n\t<meta property=\"og:image:type\" content=\"image\/jpeg\" \/>\n<meta name=\"twitter:card\" content=\"summary\" \/>\n<meta name=\"twitter:label1\" content=\"Gesch\u00e4tzte Lesezeit\" \/>\n\t<meta name=\"twitter:data1\" content=\"10 Minuten\" \/>\n<script type=\"application\/ld+json\" class=\"yoast-schema-graph\">{\"@context\":\"https:\/\/schema.org\",\"@graph\":[{\"@type\":\"WebSite\",\"@id\":\"https:\/\/vacances-seasonova.com\/fr\/#website\",\"url\":\"https:\/\/vacances-seasonova.com\/fr\/\",\"name\":\"Seasonova\",\"description\":\"\",\"potentialAction\":[{\"@type\":\"SearchAction\",\"target\":{\"@type\":\"EntryPoint\",\"urlTemplate\":\"https:\/\/vacances-seasonova.com\/fr\/?s={search_term_string}\"},\"query-input\":\"required name=search_term_string\"}],\"inLanguage\":\"de-DE\"},{\"@type\":\"ImageObject\",\"@id\":\"https:\/\/vacances-seasonova.com\/fr\/vacances-en-camping-seasonova\/lexperience-seasonova\/mini-ferme\/#primaryimage\",\"inLanguage\":\"de-DE\",\"url\":\"https:\/\/vacances-seasonova.com\/wp-content\/uploads\/2020\/02\/mini-ferme-chevres.jpeg\",\"contentUrl\":\"https:\/\/vacances-seasonova.com\/wp-content\/uploads\/2020\/02\/mini-ferme-chevres.jpeg\",\"width\":6016,\"height\":4016,\"caption\":\"ch\u00e8vres\"},{\"@type\":\"WebPage\",\"@id\":\"https:\/\/vacances-seasonova.com\/fr\/vacances-en-camping-seasonova\/lexperience-seasonova\/mini-ferme\/#webpage\",\"url\":\"https:\/\/vacances-seasonova.com\/fr\/vacances-en-camping-seasonova\/lexperience-seasonova\/mini-ferme\/\",\"name\":\"La petite ferme - Seasonova\",\"isPartOf\":{\"@id\":\"https:\/\/vacances-seasonova.com\/fr\/#website\"},\"primaryImageOfPage\":{\"@id\":\"https:\/\/vacances-seasonova.com\/fr\/vacances-en-camping-seasonova\/lexperience-seasonova\/mini-ferme\/#primaryimage\"},\"datePublished\":\"2020-02-26T14:18:28+00:00\",\"dateModified\":\"2021-10-04T09:24:32+00:00\",\"breadcrumb\":{\"@id\":\"https:\/\/vacances-seasonova.com\/fr\/vacances-en-camping-seasonova\/lexperience-seasonova\/mini-ferme\/#breadcrumb\"},\"inLanguage\":\"de-DE\",\"potentialAction\":[{\"@type\":\"ReadAction\",\"target\":[\"https:\/\/vacances-seasonova.com\/fr\/vacances-en-camping-seasonova\/lexperience-seasonova\/mini-ferme\/\"]}]},{\"@type\":\"BreadcrumbList\",\"@id\":\"https:\/\/vacances-seasonova.com\/fr\/vacances-en-camping-seasonova\/lexperience-seasonova\/mini-ferme\/#breadcrumb\",\"itemListElement\":[{\"@type\":\"ListItem\",\"position\":1,\"name\":\"Accueil\",\"item\":\"https:\/\/vacances-seasonova.com\/nl\/\"},{\"@type\":\"ListItem\",\"position\":2,\"name\":\"Vacances en camping Seasonova\",\"item\":\"https:\/\/vacances-seasonova.com\/nl\/kampeervakantiein-frankrijk\/\"},{\"@type\":\"ListItem\",\"position\":3,\"name\":\"L\u2019exp\u00e9rience Seasonova\",\"item\":\"https:\/\/vacances-seasonova.com\/fr\/vacances-en-camping-seasonova\/lexperience-seasonova\/\"},{\"@type\":\"ListItem\",\"position\":4,\"name\":\"La petite ferme\"}]}]}<\/script>\n<!-- \/ Yoast SEO plugin. -->","yoast_head_json":{"robots":{"index":"index","follow":"follow","max-snippet":"max-snippet:-1","max-image-preview":"max-image-preview:large","max-video-preview":"max-video-preview:-1"},"canonical":"https:\/\/vacances-seasonova.com\/de\/vacances-en-camping-seasonova\/lexperience-seasonova\/mini-ferme\/","og_locale":"de_DE","og_type":"article","og_title":"La petite ferme - Seasonova","og_description":"Das Gl\u00fcck liegt im Streichelzoo Sobald Sie Ihr Zelt auf einem unserer Seasonova-Campingpl\u00e4tze aufschlagen, bedeutet das garantiert einen Slow-Life-Urlaub: Entspannung, Natur, Outdoor-Leben, Ruhe&#8230; Es ist alles [...]","og_url":"https:\/\/vacances-seasonova.com\/fr\/vacances-en-camping-seasonova\/lexperience-seasonova\/mini-ferme\/","og_site_name":"Seasonova","article_modified_time":"2021-10-04T09:24:32+00:00","og_image":[{"width":674,"height":450,"url":"https:\/\/vacances-seasonova.com\/wp-content\/uploads\/2020\/02\/mini-ferme-chevres-674x450.jpeg","type":"image\/jpeg"}],"twitter_card":"summary","twitter_misc":{"Gesch\u00e4tzte Lesezeit":"10 Minuten"},"schema":{"@context":"https:\/\/schema.org","@graph":[{"@type":"WebSite","@id":"https:\/\/vacances-seasonova.com\/fr\/#website","url":"https:\/\/vacances-seasonova.com\/fr\/","name":"Seasonova","description":"","potentialAction":[{"@type":"SearchAction","target":{"@type":"EntryPoint","urlTemplate":"https:\/\/vacances-seasonova.com\/fr\/?s={search_term_string}"},"query-input":"required name=search_term_string"}],"inLanguage":"de-DE"},{"@type":"ImageObject","@id":"https:\/\/vacances-seasonova.com\/fr\/vacances-en-camping-seasonova\/lexperience-seasonova\/mini-ferme\/#primaryimage","inLanguage":"de-DE","url":"https:\/\/vacances-seasonova.com\/wp-content\/uploads\/2020\/02\/mini-ferme-chevres.jpeg","contentUrl":"https:\/\/vacances-seasonova.com\/wp-content\/uploads\/2020\/02\/mini-ferme-chevres.jpeg","width":6016,"height":4016,"caption":"ch\u00e8vres"},{"@type":"WebPage","@id":"https:\/\/vacances-seasonova.com\/fr\/vacances-en-camping-seasonova\/lexperience-seasonova\/mini-ferme\/#webpage","url":"https:\/\/vacances-seasonova.com\/fr\/vacances-en-camping-seasonova\/lexperience-seasonova\/mini-ferme\/","name":"La petite ferme - Seasonova","isPartOf":{"@id":"https:\/\/vacances-seasonova.com\/fr\/#website"},"primaryImageOfPage":{"@id":"https:\/\/vacances-seasonova.com\/fr\/vacances-en-camping-seasonova\/lexperience-seasonova\/mini-ferme\/#primaryimage"},"datePublished":"2020-02-26T14:18:28+00:00","dateModified":"2021-10-04T09:24:32+00:00","breadcrumb":{"@id":"https:\/\/vacances-seasonova.com\/fr\/vacances-en-camping-seasonova\/lexperience-seasonova\/mini-ferme\/#breadcrumb"},"inLanguage":"de-DE","potentialAction":[{"@type":"ReadAction","target":["https:\/\/vacances-seasonova.com\/fr\/vacances-en-camping-seasonova\/lexperience-seasonova\/mini-ferme\/"]}]},{"@type":"BreadcrumbList","@id":"https:\/\/vacances-seasonova.com\/fr\/vacances-en-camping-seasonova\/lexperience-seasonova\/mini-ferme\/#breadcrumb","itemListElement":[{"@type":"ListItem","position":1,"name":"Accueil","item":"https:\/\/vacances-seasonova.com\/nl\/"},{"@type":"ListItem","position":2,"name":"Vacances en camping Seasonova","item":"https:\/\/vacances-seasonova.com\/nl\/kampeervakantiein-frankrijk\/"},{"@type":"ListItem","position":3,"name":"L\u2019exp\u00e9rience Seasonova","item":"https:\/\/vacances-seasonova.com\/fr\/vacances-en-camping-seasonova\/lexperience-seasonova\/"},{"@type":"ListItem","position":4,"name":"La petite ferme"}]}]}},"_links":{"self":[{"href":"https:\/\/vacances-seasonova.com\/de\/wp-json\/wp\/v2\/pages\/16915"}],"collection":[{"href":"https:\/\/vacances-seasonova.com\/de\/wp-json\/wp\/v2\/pages"}],"about":[{"href":"https:\/\/vacances-seasonova.com\/de\/wp-json\/wp\/v2\/types\/page"}],"author":[{"embeddable":true,"href":"https:\/\/vacances-seasonova.com\/de\/wp-json\/wp\/v2\/users\/3"}],"replies":[{"embeddable":true,"href":"https:\/\/vacances-seasonova.com\/de\/wp-json\/wp\/v2\/comments?post=16915"}],"version-history":[{"count":0,"href":"https:\/\/vacances-seasonova.com\/de\/wp-json\/wp\/v2\/pages\/16915\/revisions"}],"up":[{"embeddable":true,"href":"https:\/\/vacances-seasonova.com\/de\/wp-json\/wp\/v2\/pages\/16827"}],"wp:featuredmedia":[{"embeddable":true,"href":"https:\/\/vacances-seasonova.com\/de\/wp-json\/wp\/v2\/media\/16916"}],"wp:attachment":[{"href":"https:\/\/vacances-seasonova.com\/de\/wp-json\/wp\/v2\/media?parent=16915"}],"curies":[{"name":"wp","href":"https:\/\/api.w.org\/{rel}","templated":true}]}}