    {"id":17128,"date":"2020-03-16T13:51:01","date_gmt":"2020-03-16T12:51:01","guid":{"rendered":"https:\/\/vacances-seasonova.com\/fr\/?p=17128"},"modified":"2021-05-27T16:27:08","modified_gmt":"2021-05-27T14:27:08","slug":"covid-19","status":"publish","type":"page","link":"https:\/\/vacances-seasonova.com\/de\/coronavirus\/","title":{"rendered":"Achten Sie auf sich!"},"content":{"rendered":"<p>Wie Sie alle warten wir auf die neuen Ma\u00dfnahmen der Regierung in Bezug auf covid-19. Wir werden Sie auf dieser Website und auf unserer Facebook-Seite auf dem Laufenden halten. Um die ersten Fragen zu beantworten: Die bereits geleisteten Einlagen gehen nicht verloren und sind zwei Jahre g\u00fcltig. Die Stornierungsgarantie erm\u00f6glicht es Ihnen, den vollen Betrag zur\u00fcckzuerstatten, wenn Sie nicht planen, Ihren Aufenthalt zu verschieben. Wir beantworten ab sofort alle Ihre Fragen per E-Mail: contact@vacances-seasonova.com.<\/p>\n<p>Entdecken Sie unsere neuen Produkte auf unserer Website und lassen Sie sich inspirieren.<\/p>\n<p><img loading=\"lazy\" class=\"size-medium wp-image-17137\" src=\"https:\/\/vacances-seasonova.com\/wp-content\/uploads\/2020\/03\/logo-seasonova-slowlife-600x575-1-300x288.jpg\" alt=\"logo seasonova slow life\" width=\"300\" height=\"288\" srcset=\"https:\/\/vacances-seasonova.com\/wp-content\/uploads\/2020\/03\/logo-seasonova-slowlife-600x575-1-300x288.jpg 300w, https:\/\/vacances-seasonova.com\/wp-content\/uploads\/2020\/03\/logo-seasonova-slowlife-600x575-1-470x450.jpg 470w, https:\/\/vacances-seasonova.com\/wp-content\/uploads\/2020\/03\/logo-seasonova-slowlife-600x575-1.jpg 600w\" sizes=\"(max-width: 300px) 100vw, 300px\" \/><\/p>","protected":false},"excerpt":{"rendered":"<p>Wie Sie alle warten wir auf die neuen Ma\u00dfnahmen der Regierung in Bezug auf covid-19. Wir werden Sie auf dieser Website und auf unserer Facebook-Seite auf dem Laufenden halten. Um die ersten Fragen zu beantworten: Die [&#8230;]<\/p>\n","protected":false},"author":3,"featured_media":16831,"parent":0,"menu_order":0,"comment_status":"open","ping_status":"open","template":"","meta":[],"yoast_head":"<!-- This site is optimized with the Yoast SEO plugin v18.1 - https:\/\/yoast.com\/wordpress\/plugins\/seo\/ -->\n<meta name=\"robots\" content=\"index, follow, max-snippet:-1, max-image-preview:large, max-video-preview:-1\" \/>\n<link rel=\"canonical\" href=\"https:\/\/vacances-seasonova.com\/de\/coronavirus\/\" \/>\n<meta property=\"og:locale\" content=\"de_DE\" \/>\n<meta property=\"og:type\" content=\"article\" \/>\n<meta property=\"og:title\" content=\"Prenez soin de vous - Seasonova\" \/>\n<meta property=\"og:description\" content=\"Wie Sie alle warten wir auf die neuen Ma\u00dfnahmen der Regierung in Bezug auf covid-19. Wir werden Sie auf dieser Website und auf unserer Facebook-Seite auf dem Laufenden halten. Um die ersten Fragen zu beantworten: Die [...]\" \/>\n<meta property=\"og:url\" content=\"https:\/\/vacances-seasonova.com\/fr\/coronavirus\/\" \/>\n<meta property=\"og:site_name\" content=\"Seasonova\" \/>\n<meta property=\"article:modified_time\" content=\"2021-05-27T14:27:08+00:00\" \/>\n<meta property=\"og:image\" content=\"https:\/\/vacances-seasonova.com\/wp-content\/uploads\/2020\/02\/vacances-hamac-654x450.jpeg\" \/>\n\t<meta property=\"og:image:width\" content=\"654\" \/>\n\t<meta property=\"og:image:height\" content=\"450\" \/>\n\t<meta property=\"og:image:type\" content=\"image\/jpeg\" \/>\n<meta name=\"twitter:card\" content=\"summary\" \/>\n<meta name=\"twitter:label1\" content=\"Gesch\u00e4tzte Lesezeit\" \/>\n\t<meta name=\"twitter:data1\" content=\"4 Minuten\" \/>\n<script type=\"application\/ld+json\" class=\"yoast-schema-graph\">{\"@context\":\"https:\/\/schema.org\",\"@graph\":[{\"@type\":\"WebSite\",\"@id\":\"https:\/\/vacances-seasonova.com\/fr\/#website\",\"url\":\"https:\/\/vacances-seasonova.com\/fr\/\",\"name\":\"Seasonova\",\"description\":\"\",\"potentialAction\":[{\"@type\":\"SearchAction\",\"target\":{\"@type\":\"EntryPoint\",\"urlTemplate\":\"https:\/\/vacances-seasonova.com\/fr\/?s={search_term_string}\"},\"query-input\":\"required name=search_term_string\"}],\"inLanguage\":\"de-DE\"},{\"@type\":\"ImageObject\",\"@id\":\"https:\/\/vacances-seasonova.com\/fr\/coronavirus\/#primaryimage\",\"inLanguage\":\"de-DE\",\"url\":\"https:\/\/vacances-seasonova.com\/wp-content\/uploads\/2020\/02\/vacances-hamac-e1654607851528.jpeg\",\"contentUrl\":\"https:\/\/vacances-seasonova.com\/wp-content\/uploads\/2020\/02\/vacances-hamac-e1654607851528.jpeg\",\"width\":1920,\"height\":1321,\"caption\":\"hamac Seasonova\"},{\"@type\":\"WebPage\",\"@id\":\"https:\/\/vacances-seasonova.com\/fr\/coronavirus\/#webpage\",\"url\":\"https:\/\/vacances-seasonova.com\/fr\/coronavirus\/\",\"name\":\"Prenez soin de vous - Seasonova\",\"isPartOf\":{\"@id\":\"https:\/\/vacances-seasonova.com\/fr\/#website\"},\"primaryImageOfPage\":{\"@id\":\"https:\/\/vacances-seasonova.com\/fr\/coronavirus\/#primaryimage\"},\"datePublished\":\"2020-03-16T12:51:01+00:00\",\"dateModified\":\"2021-05-27T14:27:08+00:00\",\"breadcrumb\":{\"@id\":\"https:\/\/vacances-seasonova.com\/fr\/coronavirus\/#breadcrumb\"},\"inLanguage\":\"de-DE\",\"potentialAction\":[{\"@type\":\"ReadAction\",\"target\":[\"https:\/\/vacances-seasonova.com\/fr\/coronavirus\/\"]}]},{\"@type\":\"BreadcrumbList\",\"@id\":\"https:\/\/vacances-seasonova.com\/fr\/coronavirus\/#breadcrumb\",\"itemListElement\":[{\"@type\":\"ListItem\",\"position\":1,\"name\":\"Accueil\",\"item\":\"https:\/\/vacances-seasonova.com\/nl\/\"},{\"@type\":\"ListItem\",\"position\":2,\"name\":\"Prenez soin de vous\"}]}]}<\/script>\n<!-- \/ Yoast SEO plugin. -->","yoast_head_json":{"robots":{"index":"index","follow":"follow","max-snippet":"max-snippet:-1","max-image-preview":"max-image-preview:large","max-video-preview":"max-video-preview:-1"},"canonical":"https:\/\/vacances-seasonova.com\/de\/coronavirus\/","og_locale":"de_DE","og_type":"article","og_title":"Prenez soin de vous - Seasonova","og_description":"Wie Sie alle warten wir auf die neuen Ma\u00dfnahmen der Regierung in Bezug auf covid-19. Wir werden Sie auf dieser Website und auf unserer Facebook-Seite auf dem Laufenden halten. Um die ersten Fragen zu beantworten: Die [...]","og_url":"https:\/\/vacances-seasonova.com\/fr\/coronavirus\/","og_site_name":"Seasonova","article_modified_time":"2021-05-27T14:27:08+00:00","og_image":[{"width":654,"height":450,"url":"https:\/\/vacances-seasonova.com\/wp-content\/uploads\/2020\/02\/vacances-hamac-654x450.jpeg","type":"image\/jpeg"}],"twitter_card":"summary","twitter_misc":{"Gesch\u00e4tzte Lesezeit":"4 Minuten"},"schema":{"@context":"https:\/\/schema.org","@graph":[{"@type":"WebSite","@id":"https:\/\/vacances-seasonova.com\/fr\/#website","url":"https:\/\/vacances-seasonova.com\/fr\/","name":"Seasonova","description":"","potentialAction":[{"@type":"SearchAction","target":{"@type":"EntryPoint","urlTemplate":"https:\/\/vacances-seasonova.com\/fr\/?s={search_term_string}"},"query-input":"required name=search_term_string"}],"inLanguage":"de-DE"},{"@type":"ImageObject","@id":"https:\/\/vacances-seasonova.com\/fr\/coronavirus\/#primaryimage","inLanguage":"de-DE","url":"https:\/\/vacances-seasonova.com\/wp-content\/uploads\/2020\/02\/vacances-hamac-e1654607851528.jpeg","contentUrl":"https:\/\/vacances-seasonova.com\/wp-content\/uploads\/2020\/02\/vacances-hamac-e1654607851528.jpeg","width":1920,"height":1321,"caption":"hamac Seasonova"},{"@type":"WebPage","@id":"https:\/\/vacances-seasonova.com\/fr\/coronavirus\/#webpage","url":"https:\/\/vacances-seasonova.com\/fr\/coronavirus\/","name":"Prenez soin de vous - Seasonova","isPartOf":{"@id":"https:\/\/vacances-seasonova.com\/fr\/#website"},"primaryImageOfPage":{"@id":"https:\/\/vacances-seasonova.com\/fr\/coronavirus\/#primaryimage"},"datePublished":"2020-03-16T12:51:01+00:00","dateModified":"2021-05-27T14:27:08+00:00","breadcrumb":{"@id":"https:\/\/vacances-seasonova.com\/fr\/coronavirus\/#breadcrumb"},"inLanguage":"de-DE","potentialAction":[{"@type":"ReadAction","target":["https:\/\/vacances-seasonova.com\/fr\/coronavirus\/"]}]},{"@type":"BreadcrumbList","@id":"https:\/\/vacances-seasonova.com\/fr\/coronavirus\/#breadcrumb","itemListElement":[{"@type":"ListItem","position":1,"name":"Accueil","item":"https:\/\/vacances-seasonova.com\/nl\/"},{"@type":"ListItem","position":2,"name":"Prenez soin de vous"}]}]}},"_links":{"self":[{"href":"https:\/\/vacances-seasonova.com\/de\/wp-json\/wp\/v2\/pages\/17128"}],"collection":[{"href":"https:\/\/vacances-seasonova.com\/de\/wp-json\/wp\/v2\/pages"}],"about":[{"href":"https:\/\/vacances-seasonova.com\/de\/wp-json\/wp\/v2\/types\/page"}],"author":[{"embeddable":true,"href":"https:\/\/vacances-seasonova.com\/de\/wp-json\/wp\/v2\/users\/3"}],"replies":[{"embeddable":true,"href":"https:\/\/vacances-seasonova.com\/de\/wp-json\/wp\/v2\/comments?post=17128"}],"version-history":[{"count":0,"href":"https:\/\/vacances-seasonova.com\/de\/wp-json\/wp\/v2\/pages\/17128\/revisions"}],"wp:featuredmedia":[{"embeddable":true,"href":"https:\/\/vacances-seasonova.com\/de\/wp-json\/wp\/v2\/media\/16831"}],"wp:attachment":[{"href":"https:\/\/vacances-seasonova.com\/de\/wp-json\/wp\/v2\/media?parent=17128"}],"curies":[{"name":"wp","href":"https:\/\/api.w.org\/{rel}","templated":true}]}}