    {"id":17247,"date":"2021-04-14T15:08:52","date_gmt":"2021-04-14T13:08:52","guid":{"rendered":"https:\/\/vacances-seasonova.com\/fr\/?page_id=17247"},"modified":"2025-08-28T15:00:02","modified_gmt":"2025-08-28T13:00:02","slug":"sejours-slow-life","status":"publish","type":"page","link":"https:\/\/vacances-seasonova.com\/de\/sejours\/","title":{"rendered":"Slow Life Stays"},"content":{"rendered":"<p><\/p>\n<h3 style=\"text-align: center;\">Ein Ausflug in die Natur<\/h3>\n<p style=\"text-align: center;\">Bei <b>Seasonova<\/b> wir m\u00f6chten Sie verw\u00f6hnen, deshalb bieten wir Ihnen <b>bleibt<\/b> schl\u00fcsselfertig. Diese Pakete wurden von unseren passionierten Teams zusammengestellt und bieten Ihnen die M\u00f6glichkeit, echte <b>Erfahrungen<\/b>. Was auch immer Sie sich w\u00fcnschen, Sie werden finden, was Sie suchen.<\/p>\n<div class=\"row\">\n<div class=\"col-xs-12 col-md-4\">\n<p><a title=\"Go to the website\" href=\"https:\/\/vacances-seasonova.com\/fr\/camping\/les-plages-de-loire\/\" target=\"_blank\" rel=\"noopener\"> <img loading=\"lazy\" class=\"size-medium wp-image-17191\" src=\"https:\/\/vacances-seasonova.com\/wp-content\/uploads\/2022\/12\/coffret-cadeau_sejours-slow-life_livret-v1-1-33.png\" alt=\"yoga\" width=\"300\" height=\"257\" \/><\/a><\/p>\n<h2>Pays de la Loire<\/h2>\n<p><em>Wir bieten Ihnen eine magische Pause f\u00fcr die Dauer Ihres Aufenthalts. Auf unserem Campingplatz Les Plages de Loire werden Sie eine Nacht in einer \u00d6kolodge auf Stelzen und eine Kanufahrt erleben, die Sie sicher nicht vergessen werden.<a href=\"https:\/\/bookingpremium.secureholiday.net\/FR\/10545\/search\/product-view\/107960?_ga=2.160419389.1426467962.1618220747-3777443.1518533125\"> Book<\/a><\/em><\/p>\n<\/div>\n<div class=\"col-xs-12 col-md-4\">\n<p><a title=\"Besuchen Sie die Website\" href=\"https:\/\/vacances-seasonova.com\/fr\/camping\/le-point-du-jour\/\" target=\"_blank\" rel=\"noopener\"><img loading=\"lazy\" class=\"size-medium wp-image-17194\" src=\"https:\/\/vacances-seasonova.com\/wp-content\/uploads\/2022\/12\/coffret-cadeau_sejours-le-point-slow-life_livret-v1-1-05.png\" alt=\"caravane\" width=\"300\" height=\"257\" \/> <\/a><\/p>\n<h2>Normandy<\/h2>\n<p><i>Unser Campingplatz Le Point du Jour in Merville-Franceville-Plage im Calvados ist der ideale Ort f\u00fcr eine Pause von der Hektik des Alltags. Neben dem direkten Zugang zum Strand schlafen Sie in einem Biwak, wandern mit unseren Strandcruisern an der K\u00fcste entlang und verbringen den Abend mit einem Lagerfeuer-Set! <a href=\"https:\/\/bookingpremium.secureholiday.net\/FR\/3724\/search\/product-view\/107956?_ga=2.96987807.1426467962.1618220747-3777443.1518533125\">Book<\/a><\/i><\/p>\n<\/div>\n<div class=\"col-xs-12 col-md-4\">\n<p><a title=\"Go to the website\" href=\"https:\/\/vacances-seasonova.com\/fr\/camping\/le-camping-haliotis\/\" target=\"_blank\" rel=\"noopener\"><img loading=\"lazy\" class=\"size-medium wp-image-17189\" src=\"https:\/\/vacances-seasonova.com\/wp-content\/uploads\/2022\/12\/coffret-cadeau_sejours-slow-life_livret-v1-1-09.png\" alt=\"fromage\" width=\"300\" height=\"257\" \/><\/a><\/p>\n<h2>Normandy<\/h2>\n<p><em> Eine 100%ige Slow-Life-Erfahrung erwartet Sie auf Ihrem Haliotis-Campingplatz. Genie\u00dfen Sie einen erholsamen Aufenthalt in Coco sweet und erleben Sie kostbare Momente in der sch\u00f6nen Region Normandie. Unser Campingplatz Haliotis liegt in der N\u00e4he des Mont-Saint-Michel und bietet Ihnen die M\u00f6glichkeit, Jahrhunderte der Geschichte zu entdecken.<br \/>\n<a href=\"https:\/\/bookingpremium.secureholiday.net\/group\/fr\/22\/search\/estab-view\/626\/products?_ga=2.177515360.438310191.1645693461-895309823.1645693461&amp;showMap=true\">Book<\/a> um mehr zu erfahren! <\/em><\/p>\n<\/div>\n<\/div>\n<div class=\"row\">\n<div class=\"col-xs-12 col-md-4\">\n<p><a title=\"Go to the website\" href=\"https:\/\/vacances-seasonova.com\/fr\/camping\/les-mouettes\/\" target=\"_blank\" rel=\"noopener\"><img loading=\"lazy\" class=\"size-medium wp-image-17191\" src=\"https:\/\/vacances-seasonova.com\/wp-content\/uploads\/2022\/12\/coffret-cadeau_sejours-slow-life_livret-v1-1-15.png\" alt=\"yoga\" width=\"300\" height=\"257\" \/><\/a><\/p>\n<h2>Normandy<\/h2>\n<p><i>Ein Biwak in der N\u00e4he des Meeres, ein Abend am Lagerfeuer und ein Fr\u00fchst\u00fcck am n\u00e4chsten Tag, was will man mehr? Unser Campingplatz Les Mouettes de Veules-les-roses wartet auf Sie! <a href=\"https:\/\/bookingpremium.secureholiday.net\/FR\/4606\/search\/product-view\/107957?_ga=2.268807793.1426467962.1618220747-3777443.1518533125\">Book<\/a><\/i><\/p>\n<\/div>\n<div class=\"col-xs-12 col-md-4\">\n<p><a title=\"Besuchen Sie die Website\" href=\"https:\/\/vacances-seasonova.com\/fr\/camping\/camping-seasonova-de-la-foret\/\" target=\"_blank\" rel=\"noopener\"><img loading=\"lazy\" class=\"size-medium wp-image-17191\" src=\"https:\/\/vacances-seasonova.com\/wp-content\/uploads\/2022\/12\/coffret-cadeau_sejours-slow-life_livret-v1-1-29.png\" alt=\"yoga\" width=\"300\" height=\"257\" \/><\/a><\/p>\n<h2>Sarthe<\/h2>\n<p><em>&#8222;Lassen Sie sich vom nomadischen Geist unseres Biwaks einlullen und verbringen Sie einen sanften Aufenthalt im Herzen des Waldes. Neu verbinden, durchatmen&#8230;&#8220; <a href=\"https:\/\/bookingpremium.secureholiday.net\/FR\/4313\/search\/product-view\/107954?_ga=2.96987807.1426467962.1618220747-3777443.1518533125\">Book<\/a><\/em><\/p>\n<\/div>\n<div class=\"col-xs-12 col-md-4\">\n<p><a title=\"Go to the website\" href=\"https:\/\/vacances-seasonova.com\/fr\/camping\/ile-de-re\/\" target=\"_blank\" rel=\"noopener\"><img loading=\"lazy\" class=\"size-medium wp-image-17194\" src=\"https:\/\/vacances-seasonova.com\/wp-content\/uploads\/2022\/12\/coffret-cadeau_sejours-slow-life_livret-v1-1-31.png\" alt=\"caravane\" width=\"300\" height=\"257\" \/><\/a><\/p>\n<h2>Ile de R\u00e9<\/h2>\n<p><i>Die Sch\u00f6nheit der Ile de R\u00e9 ohne den sommerlichen Trubel finden Sie vor den Toren von R\u00e9 und ganz besonders auf unserem Campingplatz seasonova. Sie haben die M\u00f6glichkeit, sich in einer komfortablen H\u00fctte zu entspannen, aber auch diese herrliche Umgebung zu nutzen, um eine Radtour zu unternehmen. Ein Gourmet-Korb wartet auf Sie! <a href=\"https:\/\/bookingpremium.secureholiday.net\/FR\/15619\/search\/product-view\/107963?_ga=2.21781819.1426467962.1618220747-3777443.1518533125\">Book<\/a><\/i><\/p>\n<\/div>\n<\/div>\n<div class=\"row\">\n<h2 style=\"text-align: center;\"><\/h2>\n<div class=\"col-xs-12 col-md-4\">\n<p><a title=\"Besuchen Sie die Website\" href=\"https:\/\/vacances-seasonova.com\/fr\/camping\/etennemare\/\" target=\"_blank\" rel=\"noopener\"><img loading=\"lazy\" class=\"size-medium wp-image-17191\" src=\"https:\/\/vacances-seasonova.com\/wp-content\/uploads\/2022\/12\/coffret-cadeau_sejours-slow-life_livret-v1-1-11.png\" alt=\"yoga\" width=\"300\" height=\"257\" \/><\/a><\/p>\n<h2>Normandy<\/h2>\n<p><em>Sie werden sich sicher in unsere Ziegen verlieben, und wissen Sie was? Sie und Ihre Kinder haben die M\u00f6glichkeit, am Leben der Mini-Farm teilzunehmen, indem Sie sich an der Verteilung der Mahlzeiten beteiligen. Wenn Sie Ihre Mission erf\u00fcllt haben, erwartet Sie ein Chalet aus Holz und Segeltuch, in dem Sie sich entspannen k\u00f6nnen. <a href=\"https:\/\/bookingpremium.secureholiday.net\/FR\/13361\/search\/product-view\/101796?_ga=2.30326079.1426467962.1618220747-3777443.1518533125\">Book<\/a><\/em><\/p>\n<\/div>\n<div class=\"col-xs-12 col-md-4\">\n<p><a title=\"Aller sur le site\" href=\"https:\/\/vacances-seasonova.com\/fr\/camping\/aquarev\/\" target=\"_blank\" rel=\"noopener\"><img loading=\"lazy\" class=\"size-medium wp-image-17191\" src=\"https:\/\/vacances-seasonova.com\/wp-content\/uploads\/2021\/04\/sejours-sl-ar.png\" alt=\"yoga\" width=\"300\" height=\"257\" \/><\/a><\/p>\n<h2>Bretagne<\/h2>\n<p><i>Unser Aquarev-Campingplatz wartet auf Sie! Und was gibt es Sch\u00f6neres, als nach einer Fahrt auf der Rosalie und der Verkostung typisch bretonischer Produkte in unserer Holzunterkunft zu tr\u00e4umen? <a href=\"https:\/\/bookingpremium.secureholiday.net\/FR\/7631\/search\/product-view\/107946?_ga=2.55347755.1426467962.1618220747-3777443.1518533125\">Book<\/a><\/i><\/p>\n<\/div>\n<div class=\"col-xs-12 col-md-4\">\n<p><a title=\"Besuchen Sie die Website\" href=\"https:\/\/vacances-seasonova.com\/fr\/camping\/les-portes-dalsace\/\" target=\"_blank\" rel=\"noopener\"><img loading=\"lazy\" class=\"size-medium wp-image-17194\" src=\"https:\/\/vacances-seasonova.com\/wp-content\/uploads\/2022\/12\/coffret-cadeau_sejours-slow-life_livret-v1-1-27.png\" alt=\"caravane\" width=\"300\" height=\"257\" \/><\/a><\/p>\n<h2>Alsace<\/h2>\n<p><em>Unser Campingplatz Les Portes d&#8217;Alsace bietet Ihnen einen magischen Aufenthalt, Sie k\u00f6nnen sich in einem Biwak ausruhen und Ihre Spie\u00dfe und flambierten Bananen direkt auf Ihrem Lager genie\u00dfen. Ein mittelalterliches Abenteuer wartet auf Sie! <a href=\"https:\/\/bookingpremium.secureholiday.net\/FR\/7578\/search\/product-view\/107962?_ga=2.159821501.1426467962.1618220747-3777443.1518533125\">Book<\/a><\/em><\/p>\n<\/div>\n<\/div>\n<div class=\"row\">\n<h2 style=\"text-align: center;\"><\/h2>\n<div class=\"col-xs-12 col-md-4\">\n<p><a title=\"Besuchen Sie die Website\" href=\"https:\/\/vacances-seasonova.com\/fr\/camping\/les-7-iles\/\" target=\"_blank\" rel=\"noopener\"><img loading=\"lazy\" class=\"size-medium wp-image-17191\" src=\"https:\/\/vacances-seasonova.com\/wp-content\/uploads\/2022\/12\/coffret-cadeau_sejours-slow-life_livret-v1-1-13.png\" alt=\"yoga\" width=\"300\" height=\"257\" \/><\/a><\/p>\n<h2>Brittany<\/h2>\n<p><em>Was gibt es Sch\u00f6neres, als sich ein s\u00fc\u00dfes Coco-Erlebnis zu g\u00f6nnen? Unser Campingplatz les 7 iles an der rosafarbenen Granitk\u00fcste bietet Ihnen bei diesem Aufenthalt auch die Mahlzeit des K\u00fcchenchefs und das Fr\u00fchst\u00fcck direkt am Wasser. <a href=\"https:\/\/bookingpremium.secureholiday.net\/FR\/14613\/search\/product-view\/108078?_ga=2.269229425.1053857662.1619424873-129918660.1617798806\">Book<\/a><\/em><\/p>\n<\/div>\n<div class=\"col-xs-12 col-md-4\">\n<p><a title=\"Besuchen Sie die Website\" href=\"https:\/\/vacances-seasonova.com\/fr\/camping\/oberbronn\/\" target=\"_blank\" rel=\"noopener\"><img loading=\"lazy\" class=\"size-medium wp-image-17194\" src=\"https:\/\/vacances-seasonova.com\/wp-content\/uploads\/2022\/12\/coffret-cadeau_sejours-slow-life_livret-v1-1-25.png\" alt=\"caravane\" width=\"300\" height=\"257\" \/><\/a><\/p>\n<h2>Alsace<\/h2>\n<p><em>Unser Campingplatz Les Vosges du Nord bietet Ihnen einen naturnahen Aufenthalt in einem nomadischen Biwak aus Holz und Leinen in einer atemberaubenden Umgebung. Klicken Sie auf <a href=\"https:\/\/bookingpremium.secureholiday.net\/FR\/6526\/search\/product-view\/107506?_ga=2.269229425.1053857662.1619424873-129918660.1617798806\">Book<\/a> to find out more! <\/em><\/p>\n<\/div>\n<div class=\"col-xs-12 col-md-4\">\n<p><a title=\"Go to the website\" href=\"https:\/\/vacances-seasonova.com\/fr\/camping\/vesoul\/\" target=\"_blank\" rel=\"noopener\"><img loading=\"lazy\" class=\"size-medium wp-image-17194\" src=\"https:\/\/vacances-seasonova.com\/wp-content\/uploads\/2022\/12\/coffret-cadeau_sejours-slow-life_livret-v1-1-23.png\" alt=\"caravane\" width=\"300\" height=\"257\" \/><\/a><\/p>\n<h2>Franche-Comt\u00e9<\/h2>\n<p><em> Haben Sie schon einmal davon getr\u00e4umt, in einem Biwak zu schlafen und dabei eine idyllische Wasserstelle zu genie\u00dfen? Warten Sie nicht l\u00e4nger und genie\u00dfen Sie am n\u00e4chsten Tag das Knistern eines Lagerfeuers und ein leckeres Fr\u00fchst\u00fcck. Ein einzigartiger Aufenthalt und bleibende Erinnerungen erwarten Sie auf dem Camping de Vesoul. Klicken Sie auf <a href=\"https:\/\/bookingpremium.secureholiday.net\/FR\/4881\/?tduid=9e66bbbb2ffef256805d24b6ab980639&amp;_ga=2.147146930.466837088.1638785255-1088732039.1508769439\">Book<\/a> um mehr zu erfahren! <\/em><\/p>\n<\/div>\n<div class=\"row\">\n<div class=\"col-xs-12 col-md-4\">\n<p><a title=\"Go to the website\" href=\"https:\/\/vacances-seasonova.com\/fr\/camping\/vittel\/\" target=\"_blank\" rel=\"noopener\"><img loading=\"lazy\" class=\"size-medium wp-image-17191\" src=\"https:\/\/vacances-seasonova.com\/wp-content\/uploads\/2022\/12\/coffret-cadeau_sejours-slow-life_livret-v1-1-21.png\" alt=\"yoga\" width=\"300\" height=\"257\" \/><\/a><\/p>\n<h2>Vosges<\/h2>\n<p><em>Ein unvergesslicher Moment erwartet Sie auf dem Campingplatz Vittel! Auf dem Programm stehen eine ungew\u00f6hnliche Unterkunft, ein gem\u00fctliches Lagerfeuer unter dem Sternenhimmel und ein Fr\u00fchst\u00fcck beim Aufwachen. Gibt es eine bessere Art, einen Traumurlaub zu verbringen?<a href=\"https:\/\/bookingpremium.secureholiday.net\/FR\/3313\/?tduid=9e66bbbb2ffef256805d24b6ab980639&amp;_ga=2.189153454.466837088.1638785255-1088732039.1508769439\"> Book<\/a><\/em><\/p>\n<\/div>\n<div class=\"col-xs-12 col-md-4\">\n<p><a title=\"Go to the website\" href=\"https:\/\/vacances-seasonova.com\/fr\/camping\/etang-de-la-vallee\/\" target=\"_blank\" rel=\"noopener\"><img loading=\"lazy\" class=\"size-medium wp-image-17189\" src=\"https:\/\/vacances-seasonova.com\/wp-content\/uploads\/2022\/12\/coffret-cadeau_sejours-slow-life_livret-v1-1-19.png\" alt=\"fromage\" width=\"300\" height=\"257\" \/><\/a><\/p>\n<h2>Centre-Val de Loire<\/h2>\n<p><em> Der Campingplatz Etang de la Vall\u00e9e bietet Ihnen die M\u00f6glichkeit, sich zu entspannen und einen unvergesslichen Aufenthalt zu genie\u00dfen. Genie\u00dfen Sie einen erholsamen Tag und bewundern Sie dann die Sterne am Feuer. Ein Fr\u00fchst\u00fcck wird Ihr Aufwachen in der Sanftheit und der Ruhe begleiten. Also warten Sie nicht l\u00e4nger und besuchen Sie uns auf dem Campingplatz Etang de la Vall\u00e9e. <a href=\"https:\/\/bookingpremium.secureholiday.net\/FR\/4932\/?tduid=9e66bbbb2ffef256805d24b6ab980639&amp;_ga=2.210215824.466837088.1638785255-1088732039.1508769439\">Book<\/a> um mehr zu erfahren! <\/em><\/p>\n<\/div>\n<div class=\"col-xs-12 col-md-4\">\n<p><a title=\"Go to the website\" href=\"https:\/\/vacances-seasonova.com\/fr\/camping\/letang-des-bois\/\" target=\"_blank\" rel=\"noopener\"><img loading=\"lazy\" class=\"size-medium wp-image-17189\" src=\"https:\/\/vacances-seasonova.com\/wp-content\/uploads\/2022\/12\/coffret-cadeau_sejours-slow-life_livret-v1-1-17.png\" alt=\"fromage\" width=\"300\" height=\"257\" \/><\/a><\/p>\n<h2>Centre-Val de Loire<\/h2>\n<p><em> Genie\u00dfen Sie eine einzigartige Erfahrung in der Region Centre-Val de Loire auf unserem Campingplatz in \u00c9tang des Bois. Der Campingplatz liegt im Herzen des Waldes von Orl\u00e9ans und hat einen Zugang zum Fluss. In einer idyllischen Umgebung k\u00f6nnen Sie Aktivit\u00e4ten zu Lande und zu Wasser genie\u00dfen.klicken Sie aufv <a href=\"https:\/\/bookingpremium.secureholiday.net\/FR\/10574\/?_ga=2.15562421.2014528886.1650271939-1728210860.1650271939\">Book<\/a> um mehr zu erfahren! <\/em><\/p>\n<\/div>\n<\/div>\n<div class=\"row\">\n<div class=\"col-xs-12 col-md-4\">\n<p><a title=\"Go to the website\" href=\"https:\/\/vacances-seasonova.com\/fr\/camping\/le-saint-michel\/\" target=\"_blank\" rel=\"noopener\"><img loading=\"lazy\" class=\"size-medium wp-image-17191\" src=\"https:\/\/vacances-seasonova.com\/wp-content\/uploads\/2022\/12\/coffret-cadeau_sejours-slow-life_livret-v1-1-07.png\" width=\"300\" height=\"257\" \/><\/a><\/p>\n<h2>Normandy<\/h2>\n<p><em>Genie\u00dfen Sie die Sch\u00f6nheit des Mont-Saint-Michel auf dem Campingplatz Saint-Michel. Sie k\u00f6nnen in einem Coco s\u00fc\u00df entspannen und genie\u00dfen Sie die sch\u00f6ne Umgebung. <a href=\"https:\/\/bookingpremium.secureholiday.net\/group\/fr\/22\/search\/estab-view\/2227\/products?_ga=2.120252237.438310191.1645693461-895309823.1645693461&amp;showMap=true\">Book<\/a><\/em><\/p>\n<\/div>\n<div class=\"col-xs-12 col-md-4\">\n<p>&nbsp;<\/p>\n<\/div>\n<\/div>\n<\/div>\n<p><\/p>","protected":false},"excerpt":{"rendered":"<p>Ein Ausflug in die Natur Bei Seasonova wir m\u00f6chten Sie verw\u00f6hnen, deshalb bieten wir Ihnen bleibt schl\u00fcsselfertig. Diese Pakete wurden von unseren passionierten Teams zusammengestellt und bieten Ihnen die M\u00f6glichkeit, [&#8230;]<\/p>\n","protected":false},"author":2,"featured_media":17326,"parent":0,"menu_order":3,"comment_status":"closed","ping_status":"closed","template":"","meta":[],"yoast_head":"<!-- This site is optimized with the Yoast SEO plugin v18.1 - https:\/\/yoast.com\/wordpress\/plugins\/seo\/ -->\n<meta name=\"robots\" content=\"index, follow, max-snippet:-1, max-image-preview:large, max-video-preview:-1\" \/>\n<link rel=\"canonical\" href=\"https:\/\/vacances-seasonova.com\/de\/sejours\/\" \/>\n<meta property=\"og:locale\" content=\"de_DE\" \/>\n<meta property=\"og:type\" content=\"article\" \/>\n<meta property=\"og:title\" content=\"Slow-Life-Aufenthalte - Seasonova\" \/>\n<meta property=\"og:description\" content=\"Ein Ausflug in die Natur Bei Seasonova wir m\u00f6chten Sie verw\u00f6hnen, deshalb bieten wir Ihnen bleibt schl\u00fcsselfertig. Diese Pakete wurden von unseren passionierten Teams zusammengestellt und bieten Ihnen die M\u00f6glichkeit, [...]\" \/>\n<meta property=\"og:url\" content=\"https:\/\/vacances-seasonova.com\/nl\/sejours\/\" \/>\n<meta property=\"og:site_name\" content=\"Seasonova\" \/>\n<meta property=\"article:modified_time\" content=\"2025-08-28T13:00:02+00:00\" \/>\n<meta property=\"og:image\" content=\"https:\/\/vacances-seasonova.com\/wp-content\/uploads\/2020\/03\/feu-seasonova-675x450.jpeg\" \/>\n\t<meta property=\"og:image:width\" content=\"675\" \/>\n\t<meta property=\"og:image:height\" content=\"450\" \/>\n\t<meta property=\"og:image:type\" content=\"image\/jpeg\" \/>\n<meta name=\"twitter:card\" content=\"summary\" \/>\n<meta name=\"twitter:label1\" content=\"Gesch\u00e4tzte Lesezeit\" \/>\n\t<meta name=\"twitter:data1\" content=\"16 Minuten\" \/>\n<script type=\"application\/ld+json\" class=\"yoast-schema-graph\">{\"@context\":\"https:\/\/schema.org\",\"@graph\":[{\"@type\":\"WebSite\",\"@id\":\"https:\/\/vacances-seasonova.com\/fr\/#website\",\"url\":\"https:\/\/vacances-seasonova.com\/fr\/\",\"name\":\"Seasonova\",\"description\":\"\",\"potentialAction\":[{\"@type\":\"SearchAction\",\"target\":{\"@type\":\"EntryPoint\",\"urlTemplate\":\"https:\/\/vacances-seasonova.com\/fr\/?s={search_term_string}\"},\"query-input\":\"required name=search_term_string\"}],\"inLanguage\":\"de-DE\"},{\"@type\":\"ImageObject\",\"@id\":\"https:\/\/vacances-seasonova.com\/nl\/sejours\/#primaryimage\",\"inLanguage\":\"de-DE\",\"url\":\"https:\/\/vacances-seasonova.com\/wp-content\/uploads\/2020\/03\/feu-seasonova.jpeg\",\"contentUrl\":\"https:\/\/vacances-seasonova.com\/wp-content\/uploads\/2020\/03\/feu-seasonova.jpeg\",\"width\":4500,\"height\":3000,\"caption\":\"Feu Seasonova\"},{\"@type\":\"WebPage\",\"@id\":\"https:\/\/vacances-seasonova.com\/nl\/sejours\/#webpage\",\"url\":\"https:\/\/vacances-seasonova.com\/nl\/sejours\/\",\"name\":\"Slow-Life-Aufenthalte - Seasonova\",\"isPartOf\":{\"@id\":\"https:\/\/vacances-seasonova.com\/fr\/#website\"},\"primaryImageOfPage\":{\"@id\":\"https:\/\/vacances-seasonova.com\/nl\/sejours\/#primaryimage\"},\"datePublished\":\"2021-04-14T13:08:52+00:00\",\"dateModified\":\"2025-08-28T13:00:02+00:00\",\"breadcrumb\":{\"@id\":\"https:\/\/vacances-seasonova.com\/nl\/sejours\/#breadcrumb\"},\"inLanguage\":\"de-DE\",\"potentialAction\":[{\"@type\":\"ReadAction\",\"target\":[\"https:\/\/vacances-seasonova.com\/nl\/sejours\/\"]}]},{\"@type\":\"BreadcrumbList\",\"@id\":\"https:\/\/vacances-seasonova.com\/nl\/sejours\/#breadcrumb\",\"itemListElement\":[{\"@type\":\"ListItem\",\"position\":1,\"name\":\"Accueil\",\"item\":\"https:\/\/vacances-seasonova.com\/nl\/\"},{\"@type\":\"ListItem\",\"position\":2,\"name\":\"Slow Life Stays\"}]}]}<\/script>\n<!-- \/ Yoast SEO plugin. -->","yoast_head_json":{"robots":{"index":"index","follow":"follow","max-snippet":"max-snippet:-1","max-image-preview":"max-image-preview:large","max-video-preview":"max-video-preview:-1"},"canonical":"https:\/\/vacances-seasonova.com\/de\/sejours\/","og_locale":"de_DE","og_type":"article","og_title":"Slow-Life-Aufenthalte - Seasonova","og_description":"Ein Ausflug in die Natur Bei Seasonova wir m\u00f6chten Sie verw\u00f6hnen, deshalb bieten wir Ihnen bleibt schl\u00fcsselfertig. Diese Pakete wurden von unseren passionierten Teams zusammengestellt und bieten Ihnen die M\u00f6glichkeit, [...]","og_url":"https:\/\/vacances-seasonova.com\/nl\/sejours\/","og_site_name":"Seasonova","article_modified_time":"2025-08-28T13:00:02+00:00","og_image":[{"width":675,"height":450,"url":"https:\/\/vacances-seasonova.com\/wp-content\/uploads\/2020\/03\/feu-seasonova-675x450.jpeg","type":"image\/jpeg"}],"twitter_card":"summary","twitter_misc":{"Gesch\u00e4tzte Lesezeit":"16 Minuten"},"schema":{"@context":"https:\/\/schema.org","@graph":[{"@type":"WebSite","@id":"https:\/\/vacances-seasonova.com\/fr\/#website","url":"https:\/\/vacances-seasonova.com\/fr\/","name":"Seasonova","description":"","potentialAction":[{"@type":"SearchAction","target":{"@type":"EntryPoint","urlTemplate":"https:\/\/vacances-seasonova.com\/fr\/?s={search_term_string}"},"query-input":"required name=search_term_string"}],"inLanguage":"de-DE"},{"@type":"ImageObject","@id":"https:\/\/vacances-seasonova.com\/nl\/sejours\/#primaryimage","inLanguage":"de-DE","url":"https:\/\/vacances-seasonova.com\/wp-content\/uploads\/2020\/03\/feu-seasonova.jpeg","contentUrl":"https:\/\/vacances-seasonova.com\/wp-content\/uploads\/2020\/03\/feu-seasonova.jpeg","width":4500,"height":3000,"caption":"Feu Seasonova"},{"@type":"WebPage","@id":"https:\/\/vacances-seasonova.com\/nl\/sejours\/#webpage","url":"https:\/\/vacances-seasonova.com\/nl\/sejours\/","name":"Slow-Life-Aufenthalte - Seasonova","isPartOf":{"@id":"https:\/\/vacances-seasonova.com\/fr\/#website"},"primaryImageOfPage":{"@id":"https:\/\/vacances-seasonova.com\/nl\/sejours\/#primaryimage"},"datePublished":"2021-04-14T13:08:52+00:00","dateModified":"2025-08-28T13:00:02+00:00","breadcrumb":{"@id":"https:\/\/vacances-seasonova.com\/nl\/sejours\/#breadcrumb"},"inLanguage":"de-DE","potentialAction":[{"@type":"ReadAction","target":["https:\/\/vacances-seasonova.com\/nl\/sejours\/"]}]},{"@type":"BreadcrumbList","@id":"https:\/\/vacances-seasonova.com\/nl\/sejours\/#breadcrumb","itemListElement":[{"@type":"ListItem","position":1,"name":"Accueil","item":"https:\/\/vacances-seasonova.com\/nl\/"},{"@type":"ListItem","position":2,"name":"Slow Life Stays"}]}]}},"_links":{"self":[{"href":"https:\/\/vacances-seasonova.com\/de\/wp-json\/wp\/v2\/pages\/17247"}],"collection":[{"href":"https:\/\/vacances-seasonova.com\/de\/wp-json\/wp\/v2\/pages"}],"about":[{"href":"https:\/\/vacances-seasonova.com\/de\/wp-json\/wp\/v2\/types\/page"}],"author":[{"embeddable":true,"href":"https:\/\/vacances-seasonova.com\/de\/wp-json\/wp\/v2\/users\/2"}],"replies":[{"embeddable":true,"href":"https:\/\/vacances-seasonova.com\/de\/wp-json\/wp\/v2\/comments?post=17247"}],"version-history":[{"count":73,"href":"https:\/\/vacances-seasonova.com\/de\/wp-json\/wp\/v2\/pages\/17247\/revisions"}],"predecessor-version":[{"id":51736,"href":"https:\/\/vacances-seasonova.com\/de\/wp-json\/wp\/v2\/pages\/17247\/revisions\/51736"}],"wp:featuredmedia":[{"embeddable":true,"href":"https:\/\/vacances-seasonova.com\/de\/wp-json\/wp\/v2\/media\/17326"}],"wp:attachment":[{"href":"https:\/\/vacances-seasonova.com\/de\/wp-json\/wp\/v2\/media?parent=17247"}],"curies":[{"name":"wp","href":"https:\/\/api.w.org\/{rel}","templated":true}]}}