    {"id":17274,"date":"2020-03-25T16:39:45","date_gmt":"2020-03-25T15:39:45","guid":{"rendered":"https:\/\/vacances-seasonova.com\/fr\/?page_id=17274"},"modified":"2023-04-04T19:29:02","modified_gmt":"2023-04-04T17:29:02","slug":"camping-bien-etre-yoga","status":"publish","type":"page","link":"https:\/\/vacances-seasonova.com\/de\/campingurlaub-mit-seasonova\/die-seasonova-erfahrung\/entspannung-yoga-und-wellness\/","title":{"rendered":"D\u00e9tente, Yoga et Bien-\u00eatre"},"content":{"rendered":"<p><\/p>\n<h3>Bei unserem Slow Life Konzept geht es darum sich etwas Gutes zu tun<\/h3>\n<p style=\"text-align: justify;\">Auf unseren <b>Seasonova<\/b> Campingpl\u00e4tzen ist es wichtig, sich auf sich selbst zu konzentrieren. Aus diesem Grund bieten wir Yoga, Pilates und auch Tai-Chi Kurse an. Achten Sie auf sich, nehmen Sie sich Zeit und lassen Sie den Alltag hinter sich. Nutzen Sie daf\u00fcr Ihren Slow-Life-Aufenthalt auf einem <b>Seasonova Campingplatz<\/b>.<\/p>\n<p><img loading=\"lazy\" class=\"size-medium wp-image-17208\" src=\"https:\/\/vacances-seasonova.com\/wp-content\/uploads\/2020\/03\/lucie-300x225.jpg\" alt=\"yoga normandie\" width=\"300\" height=\"225\" srcset=\"https:\/\/vacances-seasonova.com\/wp-content\/uploads\/2020\/03\/lucie-300x225.jpg 300w, https:\/\/vacances-seasonova.com\/wp-content\/uploads\/2020\/03\/lucie-768x576.jpg 768w, https:\/\/vacances-seasonova.com\/wp-content\/uploads\/2020\/03\/lucie-600x450.jpg 600w, https:\/\/vacances-seasonova.com\/wp-content\/uploads\/2020\/03\/lucie.jpg 1024w\" sizes=\"(max-width: 300px) 100vw, 300px\" \/><\/p>","protected":false},"excerpt":{"rendered":"<p>Bei unserem Slow Life Konzept geht es darum sich etwas Gutes zu tun Auf unseren Seasonova Campingpl\u00e4tzen ist es wichtig, sich auf sich selbst zu konzentrieren. Aus diesem Grund bieten wir Yoga, Pilates und auch Tai-Chi [&#8230;]<\/p>\n","protected":false},"author":2,"featured_media":0,"parent":16827,"menu_order":7,"comment_status":"closed","ping_status":"closed","template":"","meta":[],"yoast_head":"<!-- This site is optimized with the Yoast SEO plugin v18.1 - https:\/\/yoast.com\/wordpress\/plugins\/seo\/ -->\n<meta name=\"description\" content=\"Dans nos Camping bien \u00eatre Yoga font partis des activit\u00e9s qui permettent de prendre un temps pour soi. c&#039;est l&#039;art de vivre au plein air...\" \/>\n<meta name=\"robots\" content=\"index, follow, max-snippet:-1, max-image-preview:large, max-video-preview:-1\" \/>\n<link rel=\"canonical\" href=\"https:\/\/vacances-seasonova.com\/de\/vacances-en-camping-seasonova\/lexperience-seasonova\/detente-et-yoga\/\" \/>\n<meta property=\"og:locale\" content=\"de_DE\" \/>\n<meta property=\"og:type\" content=\"article\" \/>\n<meta property=\"og:title\" content=\"Camping bien \u00eatre yoga\" \/>\n<meta property=\"og:description\" content=\"Dans nos Camping bien \u00eatre Yoga font partis des activit\u00e9s qui permettent de prendre un temps pour soi. c&#039;est l&#039;art de vivre au plein air...\" \/>\n<meta property=\"og:url\" content=\"https:\/\/vacances-seasonova.com\/fr\/vacances-en-camping-seasonova\/lexperience-seasonova\/detente-et-yoga\/\" \/>\n<meta property=\"og:site_name\" content=\"Seasonova\" \/>\n<meta property=\"article:modified_time\" content=\"2023-04-04T17:29:02+00:00\" \/>\n<meta property=\"og:image\" content=\"https:\/\/vacances-seasonova.com\/wp-content\/uploads\/2020\/03\/yoga-plage-1-675x450.jpg\" \/>\n\t<meta property=\"og:image:width\" content=\"675\" \/>\n\t<meta property=\"og:image:height\" content=\"450\" \/>\n\t<meta property=\"og:image:type\" content=\"image\/jpeg\" \/>\n<meta name=\"twitter:card\" content=\"summary\" \/>\n<meta name=\"twitter:label1\" content=\"Gesch\u00e4tzte Lesezeit\" \/>\n\t<meta name=\"twitter:data1\" content=\"1 Minute\" \/>\n<script type=\"application\/ld+json\" class=\"yoast-schema-graph\">{\"@context\":\"https:\/\/schema.org\",\"@graph\":[{\"@type\":\"WebSite\",\"@id\":\"https:\/\/vacances-seasonova.com\/fr\/#website\",\"url\":\"https:\/\/vacances-seasonova.com\/fr\/\",\"name\":\"Seasonova\",\"description\":\"\",\"potentialAction\":[{\"@type\":\"SearchAction\",\"target\":{\"@type\":\"EntryPoint\",\"urlTemplate\":\"https:\/\/vacances-seasonova.com\/fr\/?s={search_term_string}\"},\"query-input\":\"required name=search_term_string\"}],\"inLanguage\":\"de-DE\"},{\"@type\":\"ImageObject\",\"@id\":\"https:\/\/vacances-seasonova.com\/fr\/vacances-en-camping-seasonova\/lexperience-seasonova\/detente-et-yoga\/#primaryimage\",\"inLanguage\":\"de-DE\",\"url\":\"https:\/\/vacances-seasonova.com\/wp-content\/uploads\/2020\/03\/lucie.jpg\",\"contentUrl\":\"https:\/\/vacances-seasonova.com\/wp-content\/uploads\/2020\/03\/lucie.jpg\",\"width\":1024,\"height\":768,\"caption\":\"yoga normandie\"},{\"@type\":\"WebPage\",\"@id\":\"https:\/\/vacances-seasonova.com\/fr\/vacances-en-camping-seasonova\/lexperience-seasonova\/detente-et-yoga\/#webpage\",\"url\":\"https:\/\/vacances-seasonova.com\/fr\/vacances-en-camping-seasonova\/lexperience-seasonova\/detente-et-yoga\/\",\"name\":\"Camping bien \u00eatre yoga\",\"isPartOf\":{\"@id\":\"https:\/\/vacances-seasonova.com\/fr\/#website\"},\"primaryImageOfPage\":{\"@id\":\"https:\/\/vacances-seasonova.com\/fr\/vacances-en-camping-seasonova\/lexperience-seasonova\/detente-et-yoga\/#primaryimage\"},\"datePublished\":\"2020-03-25T15:39:45+00:00\",\"dateModified\":\"2023-04-04T17:29:02+00:00\",\"description\":\"Dans nos Camping bien \u00eatre Yoga font partis des activit\u00e9s qui permettent de prendre un temps pour soi. c'est l'art de vivre au plein air...\",\"breadcrumb\":{\"@id\":\"https:\/\/vacances-seasonova.com\/fr\/vacances-en-camping-seasonova\/lexperience-seasonova\/detente-et-yoga\/#breadcrumb\"},\"inLanguage\":\"de-DE\",\"potentialAction\":[{\"@type\":\"ReadAction\",\"target\":[\"https:\/\/vacances-seasonova.com\/fr\/vacances-en-camping-seasonova\/lexperience-seasonova\/detente-et-yoga\/\"]}]},{\"@type\":\"BreadcrumbList\",\"@id\":\"https:\/\/vacances-seasonova.com\/fr\/vacances-en-camping-seasonova\/lexperience-seasonova\/detente-et-yoga\/#breadcrumb\",\"itemListElement\":[{\"@type\":\"ListItem\",\"position\":1,\"name\":\"Accueil\",\"item\":\"https:\/\/vacances-seasonova.com\/nl\/\"},{\"@type\":\"ListItem\",\"position\":2,\"name\":\"Vacances en camping Seasonova\",\"item\":\"https:\/\/vacances-seasonova.com\/nl\/kampeervakantiein-frankrijk\/\"},{\"@type\":\"ListItem\",\"position\":3,\"name\":\"L\u2019exp\u00e9rience Seasonova\",\"item\":\"https:\/\/vacances-seasonova.com\/fr\/vacances-en-camping-seasonova\/lexperience-seasonova\/\"},{\"@type\":\"ListItem\",\"position\":4,\"name\":\"D\u00e9tente, Yoga et Bien-\u00eatre\"}]}]}<\/script>\n<!-- \/ Yoast SEO plugin. -->","yoast_head_json":{"description":"Dans nos Camping bien \u00eatre Yoga font partis des activit\u00e9s qui permettent de prendre un temps pour soi. c'est l'art de vivre au plein air...","robots":{"index":"index","follow":"follow","max-snippet":"max-snippet:-1","max-image-preview":"max-image-preview:large","max-video-preview":"max-video-preview:-1"},"canonical":"https:\/\/vacances-seasonova.com\/de\/vacances-en-camping-seasonova\/lexperience-seasonova\/detente-et-yoga\/","og_locale":"de_DE","og_type":"article","og_title":"Camping bien \u00eatre yoga","og_description":"Dans nos Camping bien \u00eatre Yoga font partis des activit\u00e9s qui permettent de prendre un temps pour soi. c'est l'art de vivre au plein air...","og_url":"https:\/\/vacances-seasonova.com\/fr\/vacances-en-camping-seasonova\/lexperience-seasonova\/detente-et-yoga\/","og_site_name":"Seasonova","article_modified_time":"2023-04-04T17:29:02+00:00","og_image":[{"width":675,"height":450,"url":"https:\/\/vacances-seasonova.com\/wp-content\/uploads\/2020\/03\/yoga-plage-1-675x450.jpg","type":"image\/jpeg"}],"twitter_card":"summary","twitter_misc":{"Gesch\u00e4tzte Lesezeit":"1 Minute"},"schema":{"@context":"https:\/\/schema.org","@graph":[{"@type":"WebSite","@id":"https:\/\/vacances-seasonova.com\/fr\/#website","url":"https:\/\/vacances-seasonova.com\/fr\/","name":"Seasonova","description":"","potentialAction":[{"@type":"SearchAction","target":{"@type":"EntryPoint","urlTemplate":"https:\/\/vacances-seasonova.com\/fr\/?s={search_term_string}"},"query-input":"required name=search_term_string"}],"inLanguage":"de-DE"},{"@type":"ImageObject","@id":"https:\/\/vacances-seasonova.com\/fr\/vacances-en-camping-seasonova\/lexperience-seasonova\/detente-et-yoga\/#primaryimage","inLanguage":"de-DE","url":"https:\/\/vacances-seasonova.com\/wp-content\/uploads\/2020\/03\/lucie.jpg","contentUrl":"https:\/\/vacances-seasonova.com\/wp-content\/uploads\/2020\/03\/lucie.jpg","width":1024,"height":768,"caption":"yoga normandie"},{"@type":"WebPage","@id":"https:\/\/vacances-seasonova.com\/fr\/vacances-en-camping-seasonova\/lexperience-seasonova\/detente-et-yoga\/#webpage","url":"https:\/\/vacances-seasonova.com\/fr\/vacances-en-camping-seasonova\/lexperience-seasonova\/detente-et-yoga\/","name":"Camping bien \u00eatre yoga","isPartOf":{"@id":"https:\/\/vacances-seasonova.com\/fr\/#website"},"primaryImageOfPage":{"@id":"https:\/\/vacances-seasonova.com\/fr\/vacances-en-camping-seasonova\/lexperience-seasonova\/detente-et-yoga\/#primaryimage"},"datePublished":"2020-03-25T15:39:45+00:00","dateModified":"2023-04-04T17:29:02+00:00","description":"Dans nos Camping bien \u00eatre Yoga font partis des activit\u00e9s qui permettent de prendre un temps pour soi. c'est l'art de vivre au plein air...","breadcrumb":{"@id":"https:\/\/vacances-seasonova.com\/fr\/vacances-en-camping-seasonova\/lexperience-seasonova\/detente-et-yoga\/#breadcrumb"},"inLanguage":"de-DE","potentialAction":[{"@type":"ReadAction","target":["https:\/\/vacances-seasonova.com\/fr\/vacances-en-camping-seasonova\/lexperience-seasonova\/detente-et-yoga\/"]}]},{"@type":"BreadcrumbList","@id":"https:\/\/vacances-seasonova.com\/fr\/vacances-en-camping-seasonova\/lexperience-seasonova\/detente-et-yoga\/#breadcrumb","itemListElement":[{"@type":"ListItem","position":1,"name":"Accueil","item":"https:\/\/vacances-seasonova.com\/nl\/"},{"@type":"ListItem","position":2,"name":"Vacances en camping Seasonova","item":"https:\/\/vacances-seasonova.com\/nl\/kampeervakantiein-frankrijk\/"},{"@type":"ListItem","position":3,"name":"L\u2019exp\u00e9rience Seasonova","item":"https:\/\/vacances-seasonova.com\/fr\/vacances-en-camping-seasonova\/lexperience-seasonova\/"},{"@type":"ListItem","position":4,"name":"D\u00e9tente, Yoga et Bien-\u00eatre"}]}]}},"_links":{"self":[{"href":"https:\/\/vacances-seasonova.com\/de\/wp-json\/wp\/v2\/pages\/17274"}],"collection":[{"href":"https:\/\/vacances-seasonova.com\/de\/wp-json\/wp\/v2\/pages"}],"about":[{"href":"https:\/\/vacances-seasonova.com\/de\/wp-json\/wp\/v2\/types\/page"}],"author":[{"embeddable":true,"href":"https:\/\/vacances-seasonova.com\/de\/wp-json\/wp\/v2\/users\/2"}],"replies":[{"embeddable":true,"href":"https:\/\/vacances-seasonova.com\/de\/wp-json\/wp\/v2\/comments?post=17274"}],"version-history":[{"count":1,"href":"https:\/\/vacances-seasonova.com\/de\/wp-json\/wp\/v2\/pages\/17274\/revisions"}],"predecessor-version":[{"id":37408,"href":"https:\/\/vacances-seasonova.com\/de\/wp-json\/wp\/v2\/pages\/17274\/revisions\/37408"}],"up":[{"embeddable":true,"href":"https:\/\/vacances-seasonova.com\/de\/wp-json\/wp\/v2\/pages\/16827"}],"wp:attachment":[{"href":"https:\/\/vacances-seasonova.com\/de\/wp-json\/wp\/v2\/media?parent=17274"}],"curies":[{"name":"wp","href":"https:\/\/api.w.org\/{rel}","templated":true}]}}