    {"id":17315,"date":"2020-03-30T09:55:52","date_gmt":"2020-03-30T07:55:52","guid":{"rendered":"https:\/\/vacances-seasonova.com\/fr\/?page_id=17315"},"modified":"2023-04-03T23:30:19","modified_gmt":"2023-04-03T21:30:19","slug":"activites-de-pleine-nature","status":"publish","type":"page","link":"https:\/\/vacances-seasonova.com\/de\/campingurlaub-mit-seasonova\/die-seasonova-erfahrung\/aktivitaeten-in-der-natur\/","title":{"rendered":"Activit\u00e9s de pleine nature"},"content":{"rendered":"<p><\/p>\n<div style=\"text-align: justify;\">\n<p>Die liebe zur Natur ist eines der zentralen Themen bei <strong>Seasonova<\/strong>.<\/p>\n<p>Aus diesem Grund haben Sie auf jedem Campingplatz, ob im Pays de Loire, in der Bretagne, im Elsass oder in der Normandie, die M\u00f6glichkeit, viele Outdoor-Aktivit\u00e4ten auszu\u00fcben.<\/p>\n<p>Sie k\u00f6nnen zum Beispiel Wandern, Mountainbiken, Klettern, Reiten oder Rudern.<\/p>\n<p>Der Schutz der Natur ist inzwischen ein fester Bestandteil im Bewusstsein unserer G\u00e4ste. Auch f\u00fcr uns bei Seasonova ist das ein integraler Bestandteil, daher haben wir unsere Campingpl\u00e4tze in diesem Sinne entwickelt.<\/p>\n<\/div>\n<div class=\"row\">\n<div class=\"col-xs-6\"><img loading=\"lazy\" class=\"size-medium wp-image-7245\" src=\"https:\/\/vacances-seasonova.com\/wp-content\/uploads\/2016\/09\/33780722_1629903103724493_1114445297783668736_o-300x202.jpg\" alt=\"Location de cano\u00eb\" width=\"300\" height=\"202\" srcset=\"https:\/\/vacances-seasonova.com\/wp-content\/uploads\/2016\/09\/33780722_1629903103724493_1114445297783668736_o-300x202.jpg 300w, https:\/\/vacances-seasonova.com\/wp-content\/uploads\/2016\/09\/33780722_1629903103724493_1114445297783668736_o-768x517.jpg 768w, https:\/\/vacances-seasonova.com\/wp-content\/uploads\/2016\/09\/33780722_1629903103724493_1114445297783668736_o-669x450.jpg 669w, https:\/\/vacances-seasonova.com\/wp-content\/uploads\/2016\/09\/33780722_1629903103724493_1114445297783668736_o-600x404.jpg 600w, https:\/\/vacances-seasonova.com\/wp-content\/uploads\/2016\/09\/33780722_1629903103724493_1114445297783668736_o.jpg 2048w\" sizes=\"(max-width: 300px) 100vw, 300px\" \/><\/div>\n<div class=\"col-xs-6\">\n<p><img loading=\"lazy\" class=\"size-medium wp-image-16856\" src=\"https:\/\/vacances-seasonova.com\/wp-content\/uploads\/2020\/02\/vacances-velo-300x200.jpeg\" alt=\"velo\" width=\"300\" height=\"200\" srcset=\"https:\/\/vacances-seasonova.com\/wp-content\/uploads\/2020\/02\/vacances-velo-300x200.jpeg 300w, https:\/\/vacances-seasonova.com\/wp-content\/uploads\/2020\/02\/vacances-velo-768x512.jpeg 768w, https:\/\/vacances-seasonova.com\/wp-content\/uploads\/2020\/02\/vacances-velo-675x450.jpeg 675w, https:\/\/vacances-seasonova.com\/wp-content\/uploads\/2020\/02\/vacances-velo-600x400.jpeg 600w\" sizes=\"(max-width: 300px) 100vw, 300px\" \/><\/p>\n<\/div>\n<\/div>\n<p><\/p>","protected":false},"excerpt":{"rendered":"<p>Die liebe zur Natur ist eines der zentralen Themen bei Seasonova. Aus diesem Grund haben Sie auf jedem Campingplatz, ob im Pays de Loire, in der Bretagne, im Elsass oder in der Normandie, die M\u00f6glichkeit, viele [&#8230;]<\/p>\n","protected":false},"author":2,"featured_media":7210,"parent":16827,"menu_order":0,"comment_status":"closed","ping_status":"closed","template":"","meta":[],"yoast_head":"<!-- This site is optimized with the Yoast SEO plugin v18.1 - https:\/\/yoast.com\/wordpress\/plugins\/seo\/ -->\n<meta name=\"description\" content=\"Chaque Camping seasonova est id\u00e9al pour pratiquer les activit\u00e9s de pleine nature. Pratiquer le kite surf, la randonn\u00e9e, le cano\u00eb, l&#039;escalade\" \/>\n<meta name=\"robots\" content=\"index, follow, max-snippet:-1, max-image-preview:large, max-video-preview:-1\" \/>\n<link rel=\"canonical\" href=\"https:\/\/vacances-seasonova.com\/de\/vacances-en-camping-seasonova\/lexperience-seasonova\/activites-de-pleine-nature\/\" \/>\n<meta property=\"og:locale\" content=\"de_DE\" \/>\n<meta property=\"og:type\" content=\"article\" \/>\n<meta property=\"og:title\" content=\"Activit\u00e9s de pleine nature - Seasonova\" \/>\n<meta property=\"og:description\" content=\"Chaque Camping seasonova est id\u00e9al pour pratiquer les activit\u00e9s de pleine nature. Pratiquer le kite surf, la randonn\u00e9e, le cano\u00eb, l&#039;escalade\" \/>\n<meta property=\"og:url\" content=\"https:\/\/vacances-seasonova.com\/fr\/vacances-en-camping-seasonova\/lexperience-seasonova\/activites-de-pleine-nature\/\" \/>\n<meta property=\"og:site_name\" content=\"Seasonova\" \/>\n<meta property=\"article:modified_time\" content=\"2023-04-03T21:30:19+00:00\" \/>\n<meta property=\"og:image\" content=\"https:\/\/vacances-seasonova.com\/wp-content\/uploads\/2018\/01\/35826268_853777168148788_7016718329519800320_o-e1585554499362.jpg\" \/>\n\t<meta property=\"og:image:width\" content=\"2000\" \/>\n\t<meta property=\"og:image:height\" content=\"795\" \/>\n\t<meta property=\"og:image:type\" content=\"image\/jpeg\" \/>\n<meta name=\"twitter:card\" content=\"summary\" \/>\n<meta name=\"twitter:label1\" content=\"Gesch\u00e4tzte Lesezeit\" \/>\n\t<meta name=\"twitter:data1\" content=\"2 Minuten\" \/>\n<script type=\"application\/ld+json\" class=\"yoast-schema-graph\">{\"@context\":\"https:\/\/schema.org\",\"@graph\":[{\"@type\":\"WebSite\",\"@id\":\"https:\/\/vacances-seasonova.com\/fr\/#website\",\"url\":\"https:\/\/vacances-seasonova.com\/fr\/\",\"name\":\"Seasonova\",\"description\":\"\",\"potentialAction\":[{\"@type\":\"SearchAction\",\"target\":{\"@type\":\"EntryPoint\",\"urlTemplate\":\"https:\/\/vacances-seasonova.com\/fr\/?s={search_term_string}\"},\"query-input\":\"required name=search_term_string\"}],\"inLanguage\":\"de-DE\"},{\"@type\":\"ImageObject\",\"@id\":\"https:\/\/vacances-seasonova.com\/fr\/vacances-en-camping-seasonova\/lexperience-seasonova\/activites-de-pleine-nature\/#primaryimage\",\"inLanguage\":\"de-DE\",\"url\":\"https:\/\/vacances-seasonova.com\/wp-content\/uploads\/2018\/01\/35826268_853777168148788_7016718329519800320_o-e1585554499362.jpg\",\"contentUrl\":\"https:\/\/vacances-seasonova.com\/wp-content\/uploads\/2018\/01\/35826268_853777168148788_7016718329519800320_o-e1585554499362.jpg\",\"width\":2000,\"height\":795,\"caption\":\"paddle\"},{\"@type\":\"WebPage\",\"@id\":\"https:\/\/vacances-seasonova.com\/fr\/vacances-en-camping-seasonova\/lexperience-seasonova\/activites-de-pleine-nature\/#webpage\",\"url\":\"https:\/\/vacances-seasonova.com\/fr\/vacances-en-camping-seasonova\/lexperience-seasonova\/activites-de-pleine-nature\/\",\"name\":\"Activit\u00e9s de pleine nature - Seasonova\",\"isPartOf\":{\"@id\":\"https:\/\/vacances-seasonova.com\/fr\/#website\"},\"primaryImageOfPage\":{\"@id\":\"https:\/\/vacances-seasonova.com\/fr\/vacances-en-camping-seasonova\/lexperience-seasonova\/activites-de-pleine-nature\/#primaryimage\"},\"datePublished\":\"2020-03-30T07:55:52+00:00\",\"dateModified\":\"2023-04-03T21:30:19+00:00\",\"description\":\"Chaque Camping seasonova est id\u00e9al pour pratiquer les activit\u00e9s de pleine nature. Pratiquer le kite surf, la randonn\u00e9e, le cano\u00eb, l'escalade\",\"breadcrumb\":{\"@id\":\"https:\/\/vacances-seasonova.com\/fr\/vacances-en-camping-seasonova\/lexperience-seasonova\/activites-de-pleine-nature\/#breadcrumb\"},\"inLanguage\":\"de-DE\",\"potentialAction\":[{\"@type\":\"ReadAction\",\"target\":[\"https:\/\/vacances-seasonova.com\/fr\/vacances-en-camping-seasonova\/lexperience-seasonova\/activites-de-pleine-nature\/\"]}]},{\"@type\":\"BreadcrumbList\",\"@id\":\"https:\/\/vacances-seasonova.com\/fr\/vacances-en-camping-seasonova\/lexperience-seasonova\/activites-de-pleine-nature\/#breadcrumb\",\"itemListElement\":[{\"@type\":\"ListItem\",\"position\":1,\"name\":\"Accueil\",\"item\":\"https:\/\/vacances-seasonova.com\/nl\/\"},{\"@type\":\"ListItem\",\"position\":2,\"name\":\"Vacances en camping Seasonova\",\"item\":\"https:\/\/vacances-seasonova.com\/nl\/kampeervakantiein-frankrijk\/\"},{\"@type\":\"ListItem\",\"position\":3,\"name\":\"L\u2019exp\u00e9rience Seasonova\",\"item\":\"https:\/\/vacances-seasonova.com\/fr\/vacances-en-camping-seasonova\/lexperience-seasonova\/\"},{\"@type\":\"ListItem\",\"position\":4,\"name\":\"Activit\u00e9s de pleine nature\"}]}]}<\/script>\n<!-- \/ Yoast SEO plugin. -->","yoast_head_json":{"description":"Chaque Camping seasonova est id\u00e9al pour pratiquer les activit\u00e9s de pleine nature. Pratiquer le kite surf, la randonn\u00e9e, le cano\u00eb, l'escalade","robots":{"index":"index","follow":"follow","max-snippet":"max-snippet:-1","max-image-preview":"max-image-preview:large","max-video-preview":"max-video-preview:-1"},"canonical":"https:\/\/vacances-seasonova.com\/de\/vacances-en-camping-seasonova\/lexperience-seasonova\/activites-de-pleine-nature\/","og_locale":"de_DE","og_type":"article","og_title":"Activit\u00e9s de pleine nature - Seasonova","og_description":"Chaque Camping seasonova est id\u00e9al pour pratiquer les activit\u00e9s de pleine nature. Pratiquer le kite surf, la randonn\u00e9e, le cano\u00eb, l'escalade","og_url":"https:\/\/vacances-seasonova.com\/fr\/vacances-en-camping-seasonova\/lexperience-seasonova\/activites-de-pleine-nature\/","og_site_name":"Seasonova","article_modified_time":"2023-04-03T21:30:19+00:00","og_image":[{"width":2000,"height":795,"url":"https:\/\/vacances-seasonova.com\/wp-content\/uploads\/2018\/01\/35826268_853777168148788_7016718329519800320_o-e1585554499362.jpg","type":"image\/jpeg"}],"twitter_card":"summary","twitter_misc":{"Gesch\u00e4tzte Lesezeit":"2 Minuten"},"schema":{"@context":"https:\/\/schema.org","@graph":[{"@type":"WebSite","@id":"https:\/\/vacances-seasonova.com\/fr\/#website","url":"https:\/\/vacances-seasonova.com\/fr\/","name":"Seasonova","description":"","potentialAction":[{"@type":"SearchAction","target":{"@type":"EntryPoint","urlTemplate":"https:\/\/vacances-seasonova.com\/fr\/?s={search_term_string}"},"query-input":"required name=search_term_string"}],"inLanguage":"de-DE"},{"@type":"ImageObject","@id":"https:\/\/vacances-seasonova.com\/fr\/vacances-en-camping-seasonova\/lexperience-seasonova\/activites-de-pleine-nature\/#primaryimage","inLanguage":"de-DE","url":"https:\/\/vacances-seasonova.com\/wp-content\/uploads\/2018\/01\/35826268_853777168148788_7016718329519800320_o-e1585554499362.jpg","contentUrl":"https:\/\/vacances-seasonova.com\/wp-content\/uploads\/2018\/01\/35826268_853777168148788_7016718329519800320_o-e1585554499362.jpg","width":2000,"height":795,"caption":"paddle"},{"@type":"WebPage","@id":"https:\/\/vacances-seasonova.com\/fr\/vacances-en-camping-seasonova\/lexperience-seasonova\/activites-de-pleine-nature\/#webpage","url":"https:\/\/vacances-seasonova.com\/fr\/vacances-en-camping-seasonova\/lexperience-seasonova\/activites-de-pleine-nature\/","name":"Activit\u00e9s de pleine nature - Seasonova","isPartOf":{"@id":"https:\/\/vacances-seasonova.com\/fr\/#website"},"primaryImageOfPage":{"@id":"https:\/\/vacances-seasonova.com\/fr\/vacances-en-camping-seasonova\/lexperience-seasonova\/activites-de-pleine-nature\/#primaryimage"},"datePublished":"2020-03-30T07:55:52+00:00","dateModified":"2023-04-03T21:30:19+00:00","description":"Chaque Camping seasonova est id\u00e9al pour pratiquer les activit\u00e9s de pleine nature. Pratiquer le kite surf, la randonn\u00e9e, le cano\u00eb, l'escalade","breadcrumb":{"@id":"https:\/\/vacances-seasonova.com\/fr\/vacances-en-camping-seasonova\/lexperience-seasonova\/activites-de-pleine-nature\/#breadcrumb"},"inLanguage":"de-DE","potentialAction":[{"@type":"ReadAction","target":["https:\/\/vacances-seasonova.com\/fr\/vacances-en-camping-seasonova\/lexperience-seasonova\/activites-de-pleine-nature\/"]}]},{"@type":"BreadcrumbList","@id":"https:\/\/vacances-seasonova.com\/fr\/vacances-en-camping-seasonova\/lexperience-seasonova\/activites-de-pleine-nature\/#breadcrumb","itemListElement":[{"@type":"ListItem","position":1,"name":"Accueil","item":"https:\/\/vacances-seasonova.com\/nl\/"},{"@type":"ListItem","position":2,"name":"Vacances en camping Seasonova","item":"https:\/\/vacances-seasonova.com\/nl\/kampeervakantiein-frankrijk\/"},{"@type":"ListItem","position":3,"name":"L\u2019exp\u00e9rience Seasonova","item":"https:\/\/vacances-seasonova.com\/fr\/vacances-en-camping-seasonova\/lexperience-seasonova\/"},{"@type":"ListItem","position":4,"name":"Activit\u00e9s de pleine nature"}]}]}},"_links":{"self":[{"href":"https:\/\/vacances-seasonova.com\/de\/wp-json\/wp\/v2\/pages\/17315"}],"collection":[{"href":"https:\/\/vacances-seasonova.com\/de\/wp-json\/wp\/v2\/pages"}],"about":[{"href":"https:\/\/vacances-seasonova.com\/de\/wp-json\/wp\/v2\/types\/page"}],"author":[{"embeddable":true,"href":"https:\/\/vacances-seasonova.com\/de\/wp-json\/wp\/v2\/users\/2"}],"replies":[{"embeddable":true,"href":"https:\/\/vacances-seasonova.com\/de\/wp-json\/wp\/v2\/comments?post=17315"}],"version-history":[{"count":3,"href":"https:\/\/vacances-seasonova.com\/de\/wp-json\/wp\/v2\/pages\/17315\/revisions"}],"predecessor-version":[{"id":37266,"href":"https:\/\/vacances-seasonova.com\/de\/wp-json\/wp\/v2\/pages\/17315\/revisions\/37266"}],"up":[{"embeddable":true,"href":"https:\/\/vacances-seasonova.com\/de\/wp-json\/wp\/v2\/pages\/16827"}],"wp:featuredmedia":[{"embeddable":true,"href":"https:\/\/vacances-seasonova.com\/de\/wp-json\/wp\/v2\/media\/7210"}],"wp:attachment":[{"href":"https:\/\/vacances-seasonova.com\/de\/wp-json\/wp\/v2\/media?parent=17315"}],"curies":[{"name":"wp","href":"https:\/\/api.w.org\/{rel}","templated":true}]}}