    {"id":174,"date":"2016-09-20T14:41:57","date_gmt":"2016-09-20T13:41:57","guid":{"rendered":"http:\/\/vacances-seasonova.com\/?page_id=174"},"modified":"2025-08-29T09:26:51","modified_gmt":"2025-08-29T07:26:51","slug":"camping-nature-seasonova","status":"publish","type":"page","link":"https:\/\/vacances-seasonova.com\/de\/haeufig-gestellte-fragen-an-seasonova\/","title":{"rendered":"FAQ Camping Nature Seasonova"},"content":{"rendered":"<p><\/p>\n<h2>Wo befinden sich die Seasonova Nature Campingpl\u00e4tze?<\/h2>\n<p>Alle Seasonova Pl\u00e4tze sind 3 und 4 Sterne Campingpl\u00e4tze welche in der Normandie, dem Elsass, der Bretagne, dem Pays de Loire und der Ile de R\u00e9 allesamt in Frankreich liegen. Oft in Naturschutzgebieten gelegen, hei\u00dfen unsere Campingpl\u00e4tze mit famili\u00e4rer Atmosph\u00e4re Sie am Meer, auf dem Land oder am Fluss willkommen.<br \/>\nSehen Sie die Regionen, in denen Sie Ihren Seasonova-Campingplatz finden<\/p>\n<h2 style=\"text-align: justify;\">Was f\u00fcr Dienstleistungen werden angeboten?<\/h2>\n<p>Um Ihnen den Urlaub zu erleichtern, bieten alle unsere Campingpl\u00e4tze eine Reihe von Dienstleistungen an, wie z.B. Brot und Br\u00f6tchenservice, W\u00e4scherei, Fahrradverleih, Fernseher, Grill, Safe, Wifi, Bettw\u00e4scheverleih und Reinigung am Ende der Mietzeit oder auf Anfrage.<\/p>\n<h2>Was gibt es f\u00fcr Unterhaltungsangebote?<\/h2>\n<div style=\"text-align: justify;\">Einige unserer Campingpl\u00e4tze bieten Konzerte, Karaoke, Tanzkurse, Wassergymnastik, Verkostung lokaler Produkte, Weinverkostung, Spazierg\u00e4nge, Wanderungen, verschiedene Wettbewerbe und Kurse wie Yoga, Pilates an&#8230;<\/div>\n<div style=\"text-align: justify;\">\n<p>Wir haben Partnerschaften mit lokalen Dienstleistern, um Ihnen zu helfen, die Regionen zu entdecken.<\/p>\n<div>\n<p style=\"text-align: justify;\">\n<h2>Internet<\/h2>\n<p>Alle Seasonova Natur-Campingpl\u00e4tze sind mit WLAN ausgestattet (gegen eine Geb\u00fchr). Es ist m\u00f6glich, eine Verbindung von Ihrem Stellplatz oder Ihrer Unterkunft aus herzustellen. Ein Terminal steht Ihnen auch immer an der Bar oder an der Rezeption des Campingplatzes zur Verf\u00fcgung.<\/p>\n<h2>Sind Haustiere erlaubt?<\/h2>\n<div>Auf allen Seasonova-Naturcampingpl\u00e4tzen sind Hunde und Katzen an der Leine auf Wohnwagen-, Wohnmobil- oder Zeltpl\u00e4tzen willkommen. Sie sind in Wohnmobilen, H\u00fctten und Chalets nicht erlaubt. Hunde der 1. und 2. Kategorie sind nicht erlaubt.<\/div>\n<div>\n<p>Auf dem Campingplatz Le Point du Jour in der Normandie, direkt am Meer, sind Hunde im Juli und August von 12.00 bis 19.00 Uhr am Strand nicht erlaubt.<\/p>\n<h2>Was ben\u00f6tige ich in der Unterkunft?<\/h2>\n<p>Alle unsere Unterk\u00fcnfte sind komplett ausgestattet.<\/p>\n<div>\n<p>W\u00e4sche wird nicht gestellt. Wir schlagen Ihnen vor, Bettw\u00e4sche und Handt\u00fccher zu mieten.<\/p>\n<h2>Ist es m\u00f6glich, die Lage des Stellplatz zu w\u00e4hlen?<\/h2>\n<div style=\"text-align: justify;\">Weil es Ihr Urlaub ist, k\u00f6nnen Sie uns auf den Seasonova-Campingpl\u00e4tzen Ihre Vorlieben bei der Buchung mitteilen. Wir werden unser Bestes tun, um Ihre Erwartungen zu erf\u00fcllen.<\/div>\n<div style=\"text-align: justify;\">\n<p>Je nach Campingplatz haben Sie auch die M\u00f6glichkeit, eine bestimmte Lage zu w\u00e4hlen. Wir garantieren Ihnen dann den Stellplatz oder die Ferienunterkunft Ihrer Wahl.<\/p>\n<h2>Werden Urlaubsgutscheine akzeptiert?<\/h2>\n<p>Ja, Urlaubsgutscheine werden auf allen unseren Campingpl\u00e4tzen akzeptiert. Sie k\u00f6nnen die Anzahlung Ihrer Reservierung auch mit Urlaubsgutscheinen bezahlen, indem Sie diese zusammen mit der Reservierungsdatei direkt an den betreffenden Seasonova-Campingplatz schicken.<\/p>\n<h2>Ist es m\u00f6glich, meinen Aufenthalt zu \u00e4ndern oder zu stornieren?<\/h2>\n<div>Es ist m\u00f6glich, Ihren Aufenthalt auf einem Campingplatz oder einer Unterkunft zu stornieren, dank der von uns gew\u00e4hlten Stornierungsversicherung. Vergessen Sie nicht, danach zu fragen, wenn Sie Ihre Reservierung vornehmen!<br \/>\nIm Falle einer Stornierung bieten wir Ihnen zus\u00e4tzlich zur R\u00fcckerstattung der geleisteten Anzahlung einen Gutschein, der auf allen Seasonova-Naturcampingpl\u00e4tzen eingel\u00f6st werden kann.Sie k\u00f6nnen, je nach Verf\u00fcgbarkeit, Ihre Reservierung kostenlos \u00e4ndern und sogar einen anderen Seasonova-Familiencampingplatz w\u00e4hlen, bis zu 1 Monat vor dem Datum Ihrer urspr\u00fcnglichen Reservierung.<\/div>\n<div>\n<h2>Wie buche ich?<\/h2>\n<h3>Per Post<\/h3>\n<p>Indem Sie das Buchungsformular herunterladen und es direkt an den betreffenden Campingplatz Seasonova Nature mit einer Anzahlung von 30% des Gesamtbetrags des Aufenthalts zur\u00fccksenden. Sie erhalten Ihre Best\u00e4tigung per Post.<\/p>\n<h3>Telefonisch<\/h3>\n<p>Unter +33\u00a0 (0)2 36 81 00 01<br \/>\nSie k\u00f6nnen Ihre Reservierung best\u00e4tigen, indem Sie Ihre Anzahlung per Kreditkarte auf sichere Weise per Telefon bezahlen. Sie erhalten Ihre Best\u00e4tigung per Mail oder Post.<\/p>\n<h3>Online<\/h3>\n<p>Der einfachste und schnellste Weg. Pr\u00fcfen Sie unsere Verf\u00fcgbarkeit, w\u00e4hlen Sie Ihr Reiseziel, buchen Sie und erhalten Sie Ihre Best\u00e4tigung per Mail.<\/p>\n<\/div>\n<\/div>\n<\/div>\n<\/div>\n<\/div>\n<\/div>\n<p><\/p>","protected":false},"excerpt":{"rendered":"<p>Wo befinden sich die Seasonova Nature Campingpl\u00e4tze? Alle Seasonova Pl\u00e4tze sind 3 und 4 Sterne Campingpl\u00e4tze welche in der Normandie, dem Elsass, der Bretagne, dem Pays de Loire und der Ile de R\u00e9 allesamt in Frankreich [&#8230;]<\/p>\n","protected":false},"author":3,"featured_media":52,"parent":0,"menu_order":0,"comment_status":"closed","ping_status":"closed","template":"page.php","meta":[],"yoast_head":"<!-- This site is optimized with the Yoast SEO plugin v18.1 - https:\/\/yoast.com\/wordpress\/plugins\/seo\/ -->\n<meta name=\"description\" content=\"Toutes vos questions sur les Camping Nature Seasonova. Comment profiter des meilleurs tarifs et r\u00e9server en toute s\u00e9curit\u00e9?\" \/>\n<meta name=\"robots\" content=\"index, follow, max-snippet:-1, max-image-preview:large, max-video-preview:-1\" \/>\n<link rel=\"canonical\" href=\"https:\/\/vacances-seasonova.com\/de\/waar-is-camping-nature-seasonova-gevestigd\/\" \/>\n<meta property=\"og:locale\" content=\"de_DE\" \/>\n<meta property=\"og:type\" content=\"article\" \/>\n<meta property=\"og:title\" content=\"Camping Nature Seasonova\" \/>\n<meta property=\"og:description\" content=\"Toutes vos questions sur les Camping Nature Seasonova. Comment profiter des meilleurs tarifs et r\u00e9server en toute s\u00e9curit\u00e9?\" \/>\n<meta property=\"og:url\" content=\"https:\/\/vacances-seasonova.com\/nl\/waar-is-camping-nature-seasonova-gevestigd\/\" \/>\n<meta property=\"og:site_name\" content=\"Seasonova\" \/>\n<meta property=\"article:modified_time\" content=\"2025-08-29T07:26:51+00:00\" \/>\n<meta property=\"og:image\" content=\"https:\/\/vacances-seasonova.com\/wp-content\/uploads\/2016\/09\/bg-esprit-seasonova.jpg\" \/>\n\t<meta property=\"og:image:width\" content=\"1480\" \/>\n\t<meta property=\"og:image:height\" content=\"450\" \/>\n\t<meta property=\"og:image:type\" content=\"image\/jpeg\" \/>\n<meta name=\"twitter:card\" content=\"summary\" \/>\n<meta name=\"twitter:label1\" content=\"Gesch\u00e4tzte Lesezeit\" \/>\n\t<meta name=\"twitter:data1\" content=\"3 Minuten\" \/>\n<script type=\"application\/ld+json\" class=\"yoast-schema-graph\">{\"@context\":\"https:\/\/schema.org\",\"@graph\":[{\"@type\":\"WebSite\",\"@id\":\"https:\/\/vacances-seasonova.com\/fr\/#website\",\"url\":\"https:\/\/vacances-seasonova.com\/fr\/\",\"name\":\"Seasonova\",\"description\":\"\",\"potentialAction\":[{\"@type\":\"SearchAction\",\"target\":{\"@type\":\"EntryPoint\",\"urlTemplate\":\"https:\/\/vacances-seasonova.com\/fr\/?s={search_term_string}\"},\"query-input\":\"required name=search_term_string\"}],\"inLanguage\":\"de-DE\"},{\"@type\":\"ImageObject\",\"@id\":\"https:\/\/vacances-seasonova.com\/nl\/waar-is-camping-nature-seasonova-gevestigd\/#primaryimage\",\"inLanguage\":\"de-DE\",\"url\":\"https:\/\/vacances-seasonova.com\/wp-content\/uploads\/2016\/09\/bg-esprit-seasonova.jpg\",\"contentUrl\":\"https:\/\/vacances-seasonova.com\/wp-content\/uploads\/2016\/09\/bg-esprit-seasonova.jpg\",\"width\":1480,\"height\":450,\"caption\":\"FAQ camping nature Seasonova\"},{\"@type\":\"WebPage\",\"@id\":\"https:\/\/vacances-seasonova.com\/nl\/waar-is-camping-nature-seasonova-gevestigd\/#webpage\",\"url\":\"https:\/\/vacances-seasonova.com\/nl\/waar-is-camping-nature-seasonova-gevestigd\/\",\"name\":\"Camping Nature Seasonova\",\"isPartOf\":{\"@id\":\"https:\/\/vacances-seasonova.com\/fr\/#website\"},\"primaryImageOfPage\":{\"@id\":\"https:\/\/vacances-seasonova.com\/nl\/waar-is-camping-nature-seasonova-gevestigd\/#primaryimage\"},\"datePublished\":\"2016-09-20T13:41:57+00:00\",\"dateModified\":\"2025-08-29T07:26:51+00:00\",\"description\":\"Toutes vos questions sur les Camping Nature Seasonova. Comment profiter des meilleurs tarifs et r\u00e9server en toute s\u00e9curit\u00e9?\",\"breadcrumb\":{\"@id\":\"https:\/\/vacances-seasonova.com\/nl\/waar-is-camping-nature-seasonova-gevestigd\/#breadcrumb\"},\"inLanguage\":\"de-DE\",\"potentialAction\":[{\"@type\":\"ReadAction\",\"target\":[\"https:\/\/vacances-seasonova.com\/nl\/waar-is-camping-nature-seasonova-gevestigd\/\"]}]},{\"@type\":\"BreadcrumbList\",\"@id\":\"https:\/\/vacances-seasonova.com\/nl\/waar-is-camping-nature-seasonova-gevestigd\/#breadcrumb\",\"itemListElement\":[{\"@type\":\"ListItem\",\"position\":1,\"name\":\"Accueil\",\"item\":\"https:\/\/vacances-seasonova.com\/nl\/\"},{\"@type\":\"ListItem\",\"position\":2,\"name\":\"FAQ Camping Nature Seasonova\"}]}]}<\/script>\n<!-- \/ Yoast SEO plugin. -->","yoast_head_json":{"description":"Toutes vos questions sur les Camping Nature Seasonova. Comment profiter des meilleurs tarifs et r\u00e9server en toute s\u00e9curit\u00e9?","robots":{"index":"index","follow":"follow","max-snippet":"max-snippet:-1","max-image-preview":"max-image-preview:large","max-video-preview":"max-video-preview:-1"},"canonical":"https:\/\/vacances-seasonova.com\/de\/waar-is-camping-nature-seasonova-gevestigd\/","og_locale":"de_DE","og_type":"article","og_title":"Camping Nature Seasonova","og_description":"Toutes vos questions sur les Camping Nature Seasonova. Comment profiter des meilleurs tarifs et r\u00e9server en toute s\u00e9curit\u00e9?","og_url":"https:\/\/vacances-seasonova.com\/nl\/waar-is-camping-nature-seasonova-gevestigd\/","og_site_name":"Seasonova","article_modified_time":"2025-08-29T07:26:51+00:00","og_image":[{"width":1480,"height":450,"url":"https:\/\/vacances-seasonova.com\/wp-content\/uploads\/2016\/09\/bg-esprit-seasonova.jpg","type":"image\/jpeg"}],"twitter_card":"summary","twitter_misc":{"Gesch\u00e4tzte Lesezeit":"3 Minuten"},"schema":{"@context":"https:\/\/schema.org","@graph":[{"@type":"WebSite","@id":"https:\/\/vacances-seasonova.com\/fr\/#website","url":"https:\/\/vacances-seasonova.com\/fr\/","name":"Seasonova","description":"","potentialAction":[{"@type":"SearchAction","target":{"@type":"EntryPoint","urlTemplate":"https:\/\/vacances-seasonova.com\/fr\/?s={search_term_string}"},"query-input":"required name=search_term_string"}],"inLanguage":"de-DE"},{"@type":"ImageObject","@id":"https:\/\/vacances-seasonova.com\/nl\/waar-is-camping-nature-seasonova-gevestigd\/#primaryimage","inLanguage":"de-DE","url":"https:\/\/vacances-seasonova.com\/wp-content\/uploads\/2016\/09\/bg-esprit-seasonova.jpg","contentUrl":"https:\/\/vacances-seasonova.com\/wp-content\/uploads\/2016\/09\/bg-esprit-seasonova.jpg","width":1480,"height":450,"caption":"FAQ camping nature Seasonova"},{"@type":"WebPage","@id":"https:\/\/vacances-seasonova.com\/nl\/waar-is-camping-nature-seasonova-gevestigd\/#webpage","url":"https:\/\/vacances-seasonova.com\/nl\/waar-is-camping-nature-seasonova-gevestigd\/","name":"Camping Nature Seasonova","isPartOf":{"@id":"https:\/\/vacances-seasonova.com\/fr\/#website"},"primaryImageOfPage":{"@id":"https:\/\/vacances-seasonova.com\/nl\/waar-is-camping-nature-seasonova-gevestigd\/#primaryimage"},"datePublished":"2016-09-20T13:41:57+00:00","dateModified":"2025-08-29T07:26:51+00:00","description":"Toutes vos questions sur les Camping Nature Seasonova. Comment profiter des meilleurs tarifs et r\u00e9server en toute s\u00e9curit\u00e9?","breadcrumb":{"@id":"https:\/\/vacances-seasonova.com\/nl\/waar-is-camping-nature-seasonova-gevestigd\/#breadcrumb"},"inLanguage":"de-DE","potentialAction":[{"@type":"ReadAction","target":["https:\/\/vacances-seasonova.com\/nl\/waar-is-camping-nature-seasonova-gevestigd\/"]}]},{"@type":"BreadcrumbList","@id":"https:\/\/vacances-seasonova.com\/nl\/waar-is-camping-nature-seasonova-gevestigd\/#breadcrumb","itemListElement":[{"@type":"ListItem","position":1,"name":"Accueil","item":"https:\/\/vacances-seasonova.com\/nl\/"},{"@type":"ListItem","position":2,"name":"FAQ Camping Nature Seasonova"}]}]}},"_links":{"self":[{"href":"https:\/\/vacances-seasonova.com\/de\/wp-json\/wp\/v2\/pages\/174"}],"collection":[{"href":"https:\/\/vacances-seasonova.com\/de\/wp-json\/wp\/v2\/pages"}],"about":[{"href":"https:\/\/vacances-seasonova.com\/de\/wp-json\/wp\/v2\/types\/page"}],"author":[{"embeddable":true,"href":"https:\/\/vacances-seasonova.com\/de\/wp-json\/wp\/v2\/users\/3"}],"replies":[{"embeddable":true,"href":"https:\/\/vacances-seasonova.com\/de\/wp-json\/wp\/v2\/comments?post=174"}],"version-history":[{"count":9,"href":"https:\/\/vacances-seasonova.com\/de\/wp-json\/wp\/v2\/pages\/174\/revisions"}],"predecessor-version":[{"id":51819,"href":"https:\/\/vacances-seasonova.com\/de\/wp-json\/wp\/v2\/pages\/174\/revisions\/51819"}],"wp:featuredmedia":[{"embeddable":true,"href":"https:\/\/vacances-seasonova.com\/de\/wp-json\/wp\/v2\/media\/52"}],"wp:attachment":[{"href":"https:\/\/vacances-seasonova.com\/de\/wp-json\/wp\/v2\/media?parent=174"}],"curies":[{"name":"wp","href":"https:\/\/api.w.org\/{rel}","templated":true}]}}