    {"id":17403,"date":"2020-04-03T15:47:36","date_gmt":"2020-04-03T13:47:36","guid":{"rendered":"https:\/\/vacances-seasonova.com\/fr\/?p=17403"},"modified":"2021-05-27T16:25:27","modified_gmt":"2021-05-27T14:25:27","slug":"take-care","status":"publish","type":"page","link":"https:\/\/vacances-seasonova.com\/de\/achtung\/","title":{"rendered":"Achtung!"},"content":{"rendered":"<p><\/p>\n<div class=\"mceTemp\">\n<div class=\"page\" title=\"Page 1\">\n<div class=\"layoutArea\">\n<div class=\"column\">\n<h2>Liebe Urlaubsg\u00e4ste,<\/h2>\n<\/div>\n<\/div>\n<div class=\"layoutArea\">\n<div class=\"column\">\n<p>Aufgrund der aktuellen Ereignisse und im Rahmen der Anwendung des Erlasses vom 26. M\u00e4rz 2020 \u00fcber die Regelung der finanziellen Bedingungen unserer Vertr\u00e4ge \u00fcber touristische Reisen und Aufenthalte im Falle von au\u00dfergew\u00f6hnlichen und unvermeidbaren Umst\u00e4nden oder h\u00f6herer Gewalt f\u00fchren wir ein System ein, das von unseren Stornierungsbedingungen abweicht. Das betrifft alle Buchungen die aufgrund der Covid-19-Epidemie storniert werden m\u00fcssen.<\/p>\n<p>Die Seasonova Gruppe bietet Ihnen einen Gutschein an, der f\u00fcr Ihren n\u00e4chsten Aufenthalt auf allen unseren Seasonova Campingpl\u00e4tzen genutzt werden kann.<\/p>\n<p>Der <strong>Gutschein\/strong&gt; ist Ihr Guthaben der bereits gezahlten Betr\u00e4ge. Der Gutschein kann auf einem der Campingpl\u00e4tze der <strong>SEASONOVA<\/strong>-Gruppe eingel\u00f6st werden und ist bis zum <strong>31.10.2022<\/strong> g\u00fcltig. Zum Buchen m\u00fcssen Sie nur Ihren bevorzugten Campingplatz kontaktieren und das Dokument an Ihre Buchungsanfrage anh\u00e4ngen.<\/strong><\/p>\n<p>Bei einer Stornierung zwischen dem 1. M\u00e4rz und dem 15. September 2020 die durch beh\u00f6rdliche Schlie\u00dfung, Isolierung, Grenzschlie\u00dfung erfolgt ist und der Gutschein innerhalb eines Zeitraums von 18 Monaten nicht eingel\u00f6st wurde, haben Sie anreicht auf R\u00fcckerstattung des Betrags.<\/p>\n<\/div>\n<\/div>\n<\/div>\n<\/div>\n<p>Entdecken Sie unsere neuen Produkte auf unserer Website und lassen Sie sich inspirieren.<\/p>\n<p><img loading=\"lazy\" class=\"size-medium wp-image-17137\" src=\"https:\/\/vacances-seasonova.com\/wp-content\/uploads\/2020\/03\/logo-seasonova-slowlife-600x575-1-300x288.jpg\" alt=\"logo seasonova slow life\" width=\"300\" height=\"288\" srcset=\"https:\/\/vacances-seasonova.com\/wp-content\/uploads\/2020\/03\/logo-seasonova-slowlife-600x575-1-300x288.jpg 300w, https:\/\/vacances-seasonova.com\/wp-content\/uploads\/2020\/03\/logo-seasonova-slowlife-600x575-1-470x450.jpg 470w, https:\/\/vacances-seasonova.com\/wp-content\/uploads\/2020\/03\/logo-seasonova-slowlife-600x575-1.jpg 600w\" sizes=\"(max-width: 300px) 100vw, 300px\" \/><\/p>","protected":false},"excerpt":{"rendered":"<p>Liebe Urlaubsg\u00e4ste, Aufgrund der aktuellen Ereignisse und im Rahmen der Anwendung des Erlasses vom 26. M\u00e4rz 2020 \u00fcber die Regelung der finanziellen Bedingungen unserer Vertr\u00e4ge \u00fcber touristische Reisen und Aufenthalte [&#8230;]<\/p>\n","protected":false},"author":2,"featured_media":16831,"parent":0,"menu_order":0,"comment_status":"open","ping_status":"open","template":"","meta":[],"yoast_head":"<!-- This site is optimized with the Yoast SEO plugin v18.1 - https:\/\/yoast.com\/wordpress\/plugins\/seo\/ -->\n<meta name=\"robots\" content=\"index, follow, max-snippet:-1, max-image-preview:large, max-video-preview:-1\" \/>\n<link rel=\"canonical\" href=\"https:\/\/vacances-seasonova.com\/de\/take-care\/\" \/>\n<meta property=\"og:locale\" content=\"de_DE\" \/>\n<meta property=\"og:type\" content=\"article\" \/>\n<meta property=\"og:title\" content=\"Take care - Seasonova\" \/>\n<meta property=\"og:description\" content=\"Liebe Urlaubsg\u00e4ste, Aufgrund der aktuellen Ereignisse und im Rahmen der Anwendung des Erlasses vom 26. M\u00e4rz 2020 \u00fcber die Regelung der finanziellen Bedingungen unserer Vertr\u00e4ge \u00fcber touristische Reisen und Aufenthalte [...]\" \/>\n<meta property=\"og:url\" content=\"https:\/\/vacances-seasonova.com\/fr\/take-care\/\" \/>\n<meta property=\"og:site_name\" content=\"Seasonova\" \/>\n<meta property=\"article:modified_time\" content=\"2021-05-27T14:25:27+00:00\" \/>\n<meta property=\"og:image\" content=\"https:\/\/vacances-seasonova.com\/wp-content\/uploads\/2020\/02\/vacances-hamac-654x450.jpeg\" \/>\n\t<meta property=\"og:image:width\" content=\"654\" \/>\n\t<meta property=\"og:image:height\" content=\"450\" \/>\n\t<meta property=\"og:image:type\" content=\"image\/jpeg\" \/>\n<meta name=\"twitter:card\" content=\"summary\" \/>\n<meta name=\"twitter:label1\" content=\"Gesch\u00e4tzte Lesezeit\" \/>\n\t<meta name=\"twitter:data1\" content=\"2 Minuten\" \/>\n<script type=\"application\/ld+json\" class=\"yoast-schema-graph\">{\"@context\":\"https:\/\/schema.org\",\"@graph\":[{\"@type\":\"WebSite\",\"@id\":\"https:\/\/vacances-seasonova.com\/fr\/#website\",\"url\":\"https:\/\/vacances-seasonova.com\/fr\/\",\"name\":\"Seasonova\",\"description\":\"\",\"potentialAction\":[{\"@type\":\"SearchAction\",\"target\":{\"@type\":\"EntryPoint\",\"urlTemplate\":\"https:\/\/vacances-seasonova.com\/fr\/?s={search_term_string}\"},\"query-input\":\"required name=search_term_string\"}],\"inLanguage\":\"de-DE\"},{\"@type\":\"ImageObject\",\"@id\":\"https:\/\/vacances-seasonova.com\/fr\/take-care\/#primaryimage\",\"inLanguage\":\"de-DE\",\"url\":\"https:\/\/vacances-seasonova.com\/wp-content\/uploads\/2020\/02\/vacances-hamac-e1654607851528.jpeg\",\"contentUrl\":\"https:\/\/vacances-seasonova.com\/wp-content\/uploads\/2020\/02\/vacances-hamac-e1654607851528.jpeg\",\"width\":1920,\"height\":1321,\"caption\":\"hamac Seasonova\"},{\"@type\":\"WebPage\",\"@id\":\"https:\/\/vacances-seasonova.com\/fr\/take-care\/#webpage\",\"url\":\"https:\/\/vacances-seasonova.com\/fr\/take-care\/\",\"name\":\"Take care - Seasonova\",\"isPartOf\":{\"@id\":\"https:\/\/vacances-seasonova.com\/fr\/#website\"},\"primaryImageOfPage\":{\"@id\":\"https:\/\/vacances-seasonova.com\/fr\/take-care\/#primaryimage\"},\"datePublished\":\"2020-04-03T13:47:36+00:00\",\"dateModified\":\"2021-05-27T14:25:27+00:00\",\"breadcrumb\":{\"@id\":\"https:\/\/vacances-seasonova.com\/fr\/take-care\/#breadcrumb\"},\"inLanguage\":\"de-DE\",\"potentialAction\":[{\"@type\":\"ReadAction\",\"target\":[\"https:\/\/vacances-seasonova.com\/fr\/take-care\/\"]}]},{\"@type\":\"BreadcrumbList\",\"@id\":\"https:\/\/vacances-seasonova.com\/fr\/take-care\/#breadcrumb\",\"itemListElement\":[{\"@type\":\"ListItem\",\"position\":1,\"name\":\"Accueil\",\"item\":\"https:\/\/vacances-seasonova.com\/nl\/\"},{\"@type\":\"ListItem\",\"position\":2,\"name\":\"Take care\"}]}]}<\/script>\n<!-- \/ Yoast SEO plugin. -->","yoast_head_json":{"robots":{"index":"index","follow":"follow","max-snippet":"max-snippet:-1","max-image-preview":"max-image-preview:large","max-video-preview":"max-video-preview:-1"},"canonical":"https:\/\/vacances-seasonova.com\/de\/take-care\/","og_locale":"de_DE","og_type":"article","og_title":"Take care - Seasonova","og_description":"Liebe Urlaubsg\u00e4ste, Aufgrund der aktuellen Ereignisse und im Rahmen der Anwendung des Erlasses vom 26. M\u00e4rz 2020 \u00fcber die Regelung der finanziellen Bedingungen unserer Vertr\u00e4ge \u00fcber touristische Reisen und Aufenthalte [...]","og_url":"https:\/\/vacances-seasonova.com\/fr\/take-care\/","og_site_name":"Seasonova","article_modified_time":"2021-05-27T14:25:27+00:00","og_image":[{"width":654,"height":450,"url":"https:\/\/vacances-seasonova.com\/wp-content\/uploads\/2020\/02\/vacances-hamac-654x450.jpeg","type":"image\/jpeg"}],"twitter_card":"summary","twitter_misc":{"Gesch\u00e4tzte Lesezeit":"2 Minuten"},"schema":{"@context":"https:\/\/schema.org","@graph":[{"@type":"WebSite","@id":"https:\/\/vacances-seasonova.com\/fr\/#website","url":"https:\/\/vacances-seasonova.com\/fr\/","name":"Seasonova","description":"","potentialAction":[{"@type":"SearchAction","target":{"@type":"EntryPoint","urlTemplate":"https:\/\/vacances-seasonova.com\/fr\/?s={search_term_string}"},"query-input":"required name=search_term_string"}],"inLanguage":"de-DE"},{"@type":"ImageObject","@id":"https:\/\/vacances-seasonova.com\/fr\/take-care\/#primaryimage","inLanguage":"de-DE","url":"https:\/\/vacances-seasonova.com\/wp-content\/uploads\/2020\/02\/vacances-hamac-e1654607851528.jpeg","contentUrl":"https:\/\/vacances-seasonova.com\/wp-content\/uploads\/2020\/02\/vacances-hamac-e1654607851528.jpeg","width":1920,"height":1321,"caption":"hamac Seasonova"},{"@type":"WebPage","@id":"https:\/\/vacances-seasonova.com\/fr\/take-care\/#webpage","url":"https:\/\/vacances-seasonova.com\/fr\/take-care\/","name":"Take care - Seasonova","isPartOf":{"@id":"https:\/\/vacances-seasonova.com\/fr\/#website"},"primaryImageOfPage":{"@id":"https:\/\/vacances-seasonova.com\/fr\/take-care\/#primaryimage"},"datePublished":"2020-04-03T13:47:36+00:00","dateModified":"2021-05-27T14:25:27+00:00","breadcrumb":{"@id":"https:\/\/vacances-seasonova.com\/fr\/take-care\/#breadcrumb"},"inLanguage":"de-DE","potentialAction":[{"@type":"ReadAction","target":["https:\/\/vacances-seasonova.com\/fr\/take-care\/"]}]},{"@type":"BreadcrumbList","@id":"https:\/\/vacances-seasonova.com\/fr\/take-care\/#breadcrumb","itemListElement":[{"@type":"ListItem","position":1,"name":"Accueil","item":"https:\/\/vacances-seasonova.com\/nl\/"},{"@type":"ListItem","position":2,"name":"Take care"}]}]}},"_links":{"self":[{"href":"https:\/\/vacances-seasonova.com\/de\/wp-json\/wp\/v2\/pages\/17403"}],"collection":[{"href":"https:\/\/vacances-seasonova.com\/de\/wp-json\/wp\/v2\/pages"}],"about":[{"href":"https:\/\/vacances-seasonova.com\/de\/wp-json\/wp\/v2\/types\/page"}],"author":[{"embeddable":true,"href":"https:\/\/vacances-seasonova.com\/de\/wp-json\/wp\/v2\/users\/2"}],"replies":[{"embeddable":true,"href":"https:\/\/vacances-seasonova.com\/de\/wp-json\/wp\/v2\/comments?post=17403"}],"version-history":[{"count":0,"href":"https:\/\/vacances-seasonova.com\/de\/wp-json\/wp\/v2\/pages\/17403\/revisions"}],"wp:featuredmedia":[{"embeddable":true,"href":"https:\/\/vacances-seasonova.com\/de\/wp-json\/wp\/v2\/media\/16831"}],"wp:attachment":[{"href":"https:\/\/vacances-seasonova.com\/de\/wp-json\/wp\/v2\/media?parent=17403"}],"curies":[{"name":"wp","href":"https:\/\/api.w.org\/{rel}","templated":true}]}}