    {"id":17563,"date":"2020-04-20T15:21:56","date_gmt":"2020-04-20T13:21:56","guid":{"rendered":"https:\/\/vacances-seasonova.com\/fr\/?page_id=17563"},"modified":"2021-03-30T13:58:25","modified_gmt":"2021-03-30T11:58:25","slug":"hygiene-et-mesures-de-securite-sanitaire","status":"publish","type":"page","link":"https:\/\/vacances-seasonova.com\/de\/hygiene-und-sicherheitsmassnahmen\/","title":{"rendered":"Hygiene- und Sicherheitsma\u00dfnahmen"},"content":{"rendered":"<p><\/p>\n<h2>Wir f\u00fchren strenge Hygieneprotokolle ein<\/h2>\n<div class=\"container-fluid\" style=\"margin-bottom: 2%;\">\n<div class=\"col-lg-4 col-md-4 col-sm-4\">\n<p><img loading=\"lazy\" class=\"alignnone wp-image-17633 size-large\" src=\"https:\/\/vacances-seasonova.com\/wp-content\/uploads\/2020\/04\/vacances-seasonova-14-pdj-sanitaires-1800px-675x450.jpg\" alt=\"\" width=\"675\" height=\"450\" srcset=\"https:\/\/vacances-seasonova.com\/wp-content\/uploads\/2020\/04\/vacances-seasonova-14-pdj-sanitaires-1800px-675x450.jpg 675w, https:\/\/vacances-seasonova.com\/wp-content\/uploads\/2020\/04\/vacances-seasonova-14-pdj-sanitaires-1800px-300x200.jpg 300w, https:\/\/vacances-seasonova.com\/wp-content\/uploads\/2020\/04\/vacances-seasonova-14-pdj-sanitaires-1800px-768x512.jpg 768w, https:\/\/vacances-seasonova.com\/wp-content\/uploads\/2020\/04\/vacances-seasonova-14-pdj-sanitaires-1800px-600x400.jpg 600w, https:\/\/vacances-seasonova.com\/wp-content\/uploads\/2020\/04\/vacances-seasonova-14-pdj-sanitaires-1800px.jpg 1800w\" sizes=\"(max-width: 675px) 100vw, 675px\" \/><\/p>\n<p><img loading=\"lazy\" class=\"alignnone wp-image-17637 size-large\" src=\"https:\/\/vacances-seasonova.com\/wp-content\/uploads\/2020\/04\/camping-seasonova-hygiene-mesures-sanitaires-644x450.jpg\" alt=\"\" width=\"644\" height=\"450\" srcset=\"https:\/\/vacances-seasonova.com\/wp-content\/uploads\/2020\/04\/camping-seasonova-hygiene-mesures-sanitaires-644x450.jpg 644w, https:\/\/vacances-seasonova.com\/wp-content\/uploads\/2020\/04\/camping-seasonova-hygiene-mesures-sanitaires-300x210.jpg 300w, https:\/\/vacances-seasonova.com\/wp-content\/uploads\/2020\/04\/camping-seasonova-hygiene-mesures-sanitaires-768x537.jpg 768w, https:\/\/vacances-seasonova.com\/wp-content\/uploads\/2020\/04\/camping-seasonova-hygiene-mesures-sanitaires-600x419.jpg 600w, https:\/\/vacances-seasonova.com\/wp-content\/uploads\/2020\/04\/camping-seasonova-hygiene-mesures-sanitaires.jpg 1000w\" sizes=\"(max-width: 644px) 100vw, 644px\" \/><\/p>\n<\/div>\n<div class=\"col-lg-8 col-md-8 col-sm-8\">\n<ul>\n<li>Alle <strong>Seasonova<\/strong>-Campingpl\u00e4tze unterliegen einem strengen Reinigungsverfahren. Die Sanit\u00e4ranlagen werden zweimal t\u00e4glich gereinigt, in den Gemeinschaftsr\u00e4umen einschlie\u00dflich jeder der Toiletten werden Desinfektionsmittel zur Verf\u00fcgung gestellt. In allen Gemeinschaftsgeb\u00e4uden (Sanit\u00e4ranlagen, Rezeption&#8230;) und Unterk\u00fcnften werden Desinfektionsl\u00f6sungen verspr\u00fcht.<\/li>\n<\/ul>\n<ul>\n<li>Die Unterk\u00fcnfte werden einem speziellen Reinigungsprozess unterzogen und es wird ein Zeitraum von mindestens 4 Stunden zwischen 2 Vermietungen eingehalten.<\/li>\n<\/ul>\n<ul>\n<li>Das Personal der Seasonova Campingpl\u00e4tze sind in der Einhaltung von Schutzma\u00dfnahmen, um der Ausbreitung von <strong>COVID 19<\/strong> vorzubeugen, geschult. Es wird alles unternommen, damit Ihr Urlaub nicht beeintr\u00e4chtigt wird.<\/li>\n<li>Sie haben die M\u00f6glichkeit vor Anreise bereits Ihren kompletten Urlaub zu bezahlen, Sie vermeiden damit eventuelle Wartezeiten an der Rezeption. Bitte benachrichtigen Sie uns vorab per E-Mail, wenn Sie diese Regelung w\u00fcnschen.<\/li>\n<\/ul>\n<ul>\n<li>Bei unseren Seasonova Campingpl\u00e4tzen verlegen wir bei g\u00fcnstiger Wetterlage das Einchecken ins Freie und begr\u00fc\u00dfen Sie mit einem Getr\u00e4nk.<\/li>\n<\/ul>\n<\/div>\n<\/div>\n<p><\/p>","protected":false},"excerpt":{"rendered":"<p>Wir f\u00fchren strenge Hygieneprotokolle ein Alle Seasonova-Campingpl\u00e4tze unterliegen einem strengen Reinigungsverfahren. Die Sanit\u00e4ranlagen werden zweimal t\u00e4glich gereinigt, in den Gemeinschaftsr\u00e4umen einschlie\u00dflich [&#8230;]<\/p>\n","protected":false},"author":2,"featured_media":17044,"parent":0,"menu_order":0,"comment_status":"closed","ping_status":"closed","template":"","meta":[],"yoast_head":"<!-- This site is optimized with the Yoast SEO plugin v18.1 - https:\/\/yoast.com\/wordpress\/plugins\/seo\/ -->\n<meta name=\"robots\" content=\"index, follow, max-snippet:-1, max-image-preview:large, max-video-preview:-1\" \/>\n<link rel=\"canonical\" href=\"https:\/\/vacances-seasonova.com\/de\/hygiene-et-mesures-de-securite-sanitaire\/\" \/>\n<meta property=\"og:locale\" content=\"de_DE\" \/>\n<meta property=\"og:type\" content=\"article\" \/>\n<meta property=\"og:title\" content=\"Hygi\u00e8ne et mesures de s\u00e9curit\u00e9 sanitaire - Seasonova\" \/>\n<meta property=\"og:description\" content=\"Wir f\u00fchren strenge Hygieneprotokolle ein Alle Seasonova-Campingpl\u00e4tze unterliegen einem strengen Reinigungsverfahren. Die Sanit\u00e4ranlagen werden zweimal t\u00e4glich gereinigt, in den Gemeinschaftsr\u00e4umen einschlie\u00dflich [...]\" \/>\n<meta property=\"og:url\" content=\"https:\/\/vacances-seasonova.com\/fr\/hygiene-et-mesures-de-securite-sanitaire\/\" \/>\n<meta property=\"og:site_name\" content=\"Seasonova\" \/>\n<meta property=\"article:modified_time\" content=\"2021-03-30T11:58:25+00:00\" \/>\n<meta property=\"og:image\" content=\"https:\/\/vacances-seasonova.com\/wp-content\/uploads\/2020\/03\/camping-mindfullness-e1583759306877.jpg\" \/>\n\t<meta property=\"og:image:width\" content=\"1280\" \/>\n\t<meta property=\"og:image:height\" content=\"489\" \/>\n\t<meta property=\"og:image:type\" content=\"image\/jpeg\" \/>\n<meta name=\"twitter:card\" content=\"summary\" \/>\n<meta name=\"twitter:label1\" content=\"Gesch\u00e4tzte Lesezeit\" \/>\n\t<meta name=\"twitter:data1\" content=\"2 Minuten\" \/>\n<script type=\"application\/ld+json\" class=\"yoast-schema-graph\">{\"@context\":\"https:\/\/schema.org\",\"@graph\":[{\"@type\":\"WebSite\",\"@id\":\"https:\/\/vacances-seasonova.com\/fr\/#website\",\"url\":\"https:\/\/vacances-seasonova.com\/fr\/\",\"name\":\"Seasonova\",\"description\":\"\",\"potentialAction\":[{\"@type\":\"SearchAction\",\"target\":{\"@type\":\"EntryPoint\",\"urlTemplate\":\"https:\/\/vacances-seasonova.com\/fr\/?s={search_term_string}\"},\"query-input\":\"required name=search_term_string\"}],\"inLanguage\":\"de-DE\"},{\"@type\":\"ImageObject\",\"@id\":\"https:\/\/vacances-seasonova.com\/fr\/hygiene-et-mesures-de-securite-sanitaire\/#primaryimage\",\"inLanguage\":\"de-DE\",\"url\":\"https:\/\/vacances-seasonova.com\/wp-content\/uploads\/2020\/03\/camping-mindfullness-e1583759306877.jpg\",\"contentUrl\":\"https:\/\/vacances-seasonova.com\/wp-content\/uploads\/2020\/03\/camping-mindfullness-e1583759306877.jpg\",\"width\":1280,\"height\":489},{\"@type\":\"WebPage\",\"@id\":\"https:\/\/vacances-seasonova.com\/fr\/hygiene-et-mesures-de-securite-sanitaire\/#webpage\",\"url\":\"https:\/\/vacances-seasonova.com\/fr\/hygiene-et-mesures-de-securite-sanitaire\/\",\"name\":\"Hygi\u00e8ne et mesures de s\u00e9curit\u00e9 sanitaire - Seasonova\",\"isPartOf\":{\"@id\":\"https:\/\/vacances-seasonova.com\/fr\/#website\"},\"primaryImageOfPage\":{\"@id\":\"https:\/\/vacances-seasonova.com\/fr\/hygiene-et-mesures-de-securite-sanitaire\/#primaryimage\"},\"datePublished\":\"2020-04-20T13:21:56+00:00\",\"dateModified\":\"2021-03-30T11:58:25+00:00\",\"breadcrumb\":{\"@id\":\"https:\/\/vacances-seasonova.com\/fr\/hygiene-et-mesures-de-securite-sanitaire\/#breadcrumb\"},\"inLanguage\":\"de-DE\",\"potentialAction\":[{\"@type\":\"ReadAction\",\"target\":[\"https:\/\/vacances-seasonova.com\/fr\/hygiene-et-mesures-de-securite-sanitaire\/\"]}]},{\"@type\":\"BreadcrumbList\",\"@id\":\"https:\/\/vacances-seasonova.com\/fr\/hygiene-et-mesures-de-securite-sanitaire\/#breadcrumb\",\"itemListElement\":[{\"@type\":\"ListItem\",\"position\":1,\"name\":\"Accueil\",\"item\":\"https:\/\/vacances-seasonova.com\/nl\/\"},{\"@type\":\"ListItem\",\"position\":2,\"name\":\"Hygi\u00e8ne et mesures de s\u00e9curit\u00e9 sanitaire\"}]}]}<\/script>\n<!-- \/ Yoast SEO plugin. -->","yoast_head_json":{"robots":{"index":"index","follow":"follow","max-snippet":"max-snippet:-1","max-image-preview":"max-image-preview:large","max-video-preview":"max-video-preview:-1"},"canonical":"https:\/\/vacances-seasonova.com\/de\/hygiene-et-mesures-de-securite-sanitaire\/","og_locale":"de_DE","og_type":"article","og_title":"Hygi\u00e8ne et mesures de s\u00e9curit\u00e9 sanitaire - Seasonova","og_description":"Wir f\u00fchren strenge Hygieneprotokolle ein Alle Seasonova-Campingpl\u00e4tze unterliegen einem strengen Reinigungsverfahren. Die Sanit\u00e4ranlagen werden zweimal t\u00e4glich gereinigt, in den Gemeinschaftsr\u00e4umen einschlie\u00dflich [...]","og_url":"https:\/\/vacances-seasonova.com\/fr\/hygiene-et-mesures-de-securite-sanitaire\/","og_site_name":"Seasonova","article_modified_time":"2021-03-30T11:58:25+00:00","og_image":[{"width":1280,"height":489,"url":"https:\/\/vacances-seasonova.com\/wp-content\/uploads\/2020\/03\/camping-mindfullness-e1583759306877.jpg","type":"image\/jpeg"}],"twitter_card":"summary","twitter_misc":{"Gesch\u00e4tzte Lesezeit":"2 Minuten"},"schema":{"@context":"https:\/\/schema.org","@graph":[{"@type":"WebSite","@id":"https:\/\/vacances-seasonova.com\/fr\/#website","url":"https:\/\/vacances-seasonova.com\/fr\/","name":"Seasonova","description":"","potentialAction":[{"@type":"SearchAction","target":{"@type":"EntryPoint","urlTemplate":"https:\/\/vacances-seasonova.com\/fr\/?s={search_term_string}"},"query-input":"required name=search_term_string"}],"inLanguage":"de-DE"},{"@type":"ImageObject","@id":"https:\/\/vacances-seasonova.com\/fr\/hygiene-et-mesures-de-securite-sanitaire\/#primaryimage","inLanguage":"de-DE","url":"https:\/\/vacances-seasonova.com\/wp-content\/uploads\/2020\/03\/camping-mindfullness-e1583759306877.jpg","contentUrl":"https:\/\/vacances-seasonova.com\/wp-content\/uploads\/2020\/03\/camping-mindfullness-e1583759306877.jpg","width":1280,"height":489},{"@type":"WebPage","@id":"https:\/\/vacances-seasonova.com\/fr\/hygiene-et-mesures-de-securite-sanitaire\/#webpage","url":"https:\/\/vacances-seasonova.com\/fr\/hygiene-et-mesures-de-securite-sanitaire\/","name":"Hygi\u00e8ne et mesures de s\u00e9curit\u00e9 sanitaire - Seasonova","isPartOf":{"@id":"https:\/\/vacances-seasonova.com\/fr\/#website"},"primaryImageOfPage":{"@id":"https:\/\/vacances-seasonova.com\/fr\/hygiene-et-mesures-de-securite-sanitaire\/#primaryimage"},"datePublished":"2020-04-20T13:21:56+00:00","dateModified":"2021-03-30T11:58:25+00:00","breadcrumb":{"@id":"https:\/\/vacances-seasonova.com\/fr\/hygiene-et-mesures-de-securite-sanitaire\/#breadcrumb"},"inLanguage":"de-DE","potentialAction":[{"@type":"ReadAction","target":["https:\/\/vacances-seasonova.com\/fr\/hygiene-et-mesures-de-securite-sanitaire\/"]}]},{"@type":"BreadcrumbList","@id":"https:\/\/vacances-seasonova.com\/fr\/hygiene-et-mesures-de-securite-sanitaire\/#breadcrumb","itemListElement":[{"@type":"ListItem","position":1,"name":"Accueil","item":"https:\/\/vacances-seasonova.com\/nl\/"},{"@type":"ListItem","position":2,"name":"Hygi\u00e8ne et mesures de s\u00e9curit\u00e9 sanitaire"}]}]}},"_links":{"self":[{"href":"https:\/\/vacances-seasonova.com\/de\/wp-json\/wp\/v2\/pages\/17563"}],"collection":[{"href":"https:\/\/vacances-seasonova.com\/de\/wp-json\/wp\/v2\/pages"}],"about":[{"href":"https:\/\/vacances-seasonova.com\/de\/wp-json\/wp\/v2\/types\/page"}],"author":[{"embeddable":true,"href":"https:\/\/vacances-seasonova.com\/de\/wp-json\/wp\/v2\/users\/2"}],"replies":[{"embeddable":true,"href":"https:\/\/vacances-seasonova.com\/de\/wp-json\/wp\/v2\/comments?post=17563"}],"version-history":[{"count":0,"href":"https:\/\/vacances-seasonova.com\/de\/wp-json\/wp\/v2\/pages\/17563\/revisions"}],"wp:featuredmedia":[{"embeddable":true,"href":"https:\/\/vacances-seasonova.com\/de\/wp-json\/wp\/v2\/media\/17044"}],"wp:attachment":[{"href":"https:\/\/vacances-seasonova.com\/de\/wp-json\/wp\/v2\/media?parent=17563"}],"curies":[{"name":"wp","href":"https:\/\/api.w.org\/{rel}","templated":true}]}}