    {"id":176,"date":"2016-09-20T14:42:40","date_gmt":"2016-09-20T13:42:40","guid":{"rendered":"http:\/\/vacances-seasonova.com\/?page_id=176"},"modified":"2025-08-29T09:38:39","modified_gmt":"2025-08-29T07:38:39","slug":"votre-avis-nous-interesse","status":"publish","type":"page","link":"https:\/\/vacances-seasonova.com\/de\/ihre-meinung-ist-seasonova-wichtig\/","title":{"rendered":"Your opinion matters"},"content":{"rendered":"<p><\/p>\n<h2>Ihre Meinung ist uns wichtig. Unsere Teams bei Seasonova sind bestrebt, Ihr Campingerlebnis unvergesslich zu machen und Ihren Urlaub zu einem erholsamen und unvergesslichen Erlebnis werden zu lassen.<\/h2>\n<p>Damit wir Ihren Erwartungen stets gerecht werden und unsere Leistungen Ihren W\u00fcnschen anpassen k\u00f6nnen, haben Sie die M\u00f6glichkeit, auf eigenen Wunsch folgenden Zufriedenheitsfragebogen zu beantworten und per E-Mail an satisfaction@vacances-seasonova.com oder per Post an die folgende Adresse zur\u00fcckzusenden:<\/p>\n<p><strong>Seasonova<\/strong><br \/>\nService Qualit\u00e9<br \/>\nRoute de Cabourg<br \/>\n14 810 Merville-Franceville<\/p>","protected":false},"excerpt":{"rendered":"<p>Ihre Meinung ist uns wichtig. Unsere Teams bei Seasonova sind bestrebt, Ihr Campingerlebnis unvergesslich zu machen und Ihren Urlaub zu einem erholsamen und unvergesslichen Erlebnis werden zu lassen. Damit wir Ihren [&#8230;]<\/p>\n","protected":false},"author":3,"featured_media":52,"parent":0,"menu_order":0,"comment_status":"closed","ping_status":"closed","template":"page.php","meta":[],"yoast_head":"<!-- This site is optimized with the Yoast SEO plugin v18.1 - https:\/\/yoast.com\/wordpress\/plugins\/seo\/ -->\n<meta name=\"robots\" content=\"index, follow, max-snippet:-1, max-image-preview:large, max-video-preview:-1\" \/>\n<link rel=\"canonical\" href=\"https:\/\/vacances-seasonova.com\/de\/uw-mening-kamperen-interesseert-ons\/\" \/>\n<meta property=\"og:locale\" content=\"de_DE\" \/>\n<meta property=\"og:type\" content=\"article\" \/>\n<meta property=\"og:title\" content=\"Uw mening over onze camping is belangrijk voor ons - Seasonova\" \/>\n<meta property=\"og:description\" content=\"Ihre Meinung ist uns wichtig. Unsere Teams bei Seasonova sind bestrebt, Ihr Campingerlebnis unvergesslich zu machen und Ihren Urlaub zu einem erholsamen und unvergesslichen Erlebnis werden zu lassen. Damit wir Ihren [...]\" \/>\n<meta property=\"og:url\" content=\"https:\/\/vacances-seasonova.com\/nl\/uw-mening-kamperen-interesseert-ons\/\" \/>\n<meta property=\"og:site_name\" content=\"Seasonova\" \/>\n<meta property=\"article:modified_time\" content=\"2025-08-29T07:38:39+00:00\" \/>\n<meta property=\"og:image\" content=\"https:\/\/vacances-seasonova.com\/wp-content\/uploads\/2016\/09\/bg-esprit-seasonova.jpg\" \/>\n\t<meta property=\"og:image:width\" content=\"1480\" \/>\n\t<meta property=\"og:image:height\" content=\"450\" \/>\n\t<meta property=\"og:image:type\" content=\"image\/jpeg\" \/>\n<meta name=\"twitter:card\" content=\"summary\" \/>\n<meta name=\"twitter:label1\" content=\"Gesch\u00e4tzte Lesezeit\" \/>\n\t<meta name=\"twitter:data1\" content=\"2 Minuten\" \/>\n<script type=\"application\/ld+json\" class=\"yoast-schema-graph\">{\"@context\":\"https:\/\/schema.org\",\"@graph\":[{\"@type\":\"WebSite\",\"@id\":\"https:\/\/vacances-seasonova.com\/fr\/#website\",\"url\":\"https:\/\/vacances-seasonova.com\/fr\/\",\"name\":\"Seasonova\",\"description\":\"\",\"potentialAction\":[{\"@type\":\"SearchAction\",\"target\":{\"@type\":\"EntryPoint\",\"urlTemplate\":\"https:\/\/vacances-seasonova.com\/fr\/?s={search_term_string}\"},\"query-input\":\"required name=search_term_string\"}],\"inLanguage\":\"de-DE\"},{\"@type\":\"ImageObject\",\"@id\":\"https:\/\/vacances-seasonova.com\/nl\/uw-mening-kamperen-interesseert-ons\/#primaryimage\",\"inLanguage\":\"de-DE\",\"url\":\"https:\/\/vacances-seasonova.com\/wp-content\/uploads\/2016\/09\/bg-esprit-seasonova.jpg\",\"contentUrl\":\"https:\/\/vacances-seasonova.com\/wp-content\/uploads\/2016\/09\/bg-esprit-seasonova.jpg\",\"width\":1480,\"height\":450,\"caption\":\"FAQ camping nature Seasonova\"},{\"@type\":\"WebPage\",\"@id\":\"https:\/\/vacances-seasonova.com\/nl\/uw-mening-kamperen-interesseert-ons\/#webpage\",\"url\":\"https:\/\/vacances-seasonova.com\/nl\/uw-mening-kamperen-interesseert-ons\/\",\"name\":\"Uw mening over onze camping is belangrijk voor ons - Seasonova\",\"isPartOf\":{\"@id\":\"https:\/\/vacances-seasonova.com\/fr\/#website\"},\"primaryImageOfPage\":{\"@id\":\"https:\/\/vacances-seasonova.com\/nl\/uw-mening-kamperen-interesseert-ons\/#primaryimage\"},\"datePublished\":\"2016-09-20T13:42:40+00:00\",\"dateModified\":\"2025-08-29T07:38:39+00:00\",\"breadcrumb\":{\"@id\":\"https:\/\/vacances-seasonova.com\/nl\/uw-mening-kamperen-interesseert-ons\/#breadcrumb\"},\"inLanguage\":\"de-DE\",\"potentialAction\":[{\"@type\":\"ReadAction\",\"target\":[\"https:\/\/vacances-seasonova.com\/nl\/uw-mening-kamperen-interesseert-ons\/\"]}]},{\"@type\":\"BreadcrumbList\",\"@id\":\"https:\/\/vacances-seasonova.com\/nl\/uw-mening-kamperen-interesseert-ons\/#breadcrumb\",\"itemListElement\":[{\"@type\":\"ListItem\",\"position\":1,\"name\":\"Accueil\",\"item\":\"https:\/\/vacances-seasonova.com\/nl\/\"},{\"@type\":\"ListItem\",\"position\":2,\"name\":\"Your opinion matters\"}]}]}<\/script>\n<!-- \/ Yoast SEO plugin. -->","yoast_head_json":{"robots":{"index":"index","follow":"follow","max-snippet":"max-snippet:-1","max-image-preview":"max-image-preview:large","max-video-preview":"max-video-preview:-1"},"canonical":"https:\/\/vacances-seasonova.com\/de\/uw-mening-kamperen-interesseert-ons\/","og_locale":"de_DE","og_type":"article","og_title":"Uw mening over onze camping is belangrijk voor ons - Seasonova","og_description":"Ihre Meinung ist uns wichtig. Unsere Teams bei Seasonova sind bestrebt, Ihr Campingerlebnis unvergesslich zu machen und Ihren Urlaub zu einem erholsamen und unvergesslichen Erlebnis werden zu lassen. Damit wir Ihren [...]","og_url":"https:\/\/vacances-seasonova.com\/nl\/uw-mening-kamperen-interesseert-ons\/","og_site_name":"Seasonova","article_modified_time":"2025-08-29T07:38:39+00:00","og_image":[{"width":1480,"height":450,"url":"https:\/\/vacances-seasonova.com\/wp-content\/uploads\/2016\/09\/bg-esprit-seasonova.jpg","type":"image\/jpeg"}],"twitter_card":"summary","twitter_misc":{"Gesch\u00e4tzte Lesezeit":"2 Minuten"},"schema":{"@context":"https:\/\/schema.org","@graph":[{"@type":"WebSite","@id":"https:\/\/vacances-seasonova.com\/fr\/#website","url":"https:\/\/vacances-seasonova.com\/fr\/","name":"Seasonova","description":"","potentialAction":[{"@type":"SearchAction","target":{"@type":"EntryPoint","urlTemplate":"https:\/\/vacances-seasonova.com\/fr\/?s={search_term_string}"},"query-input":"required name=search_term_string"}],"inLanguage":"de-DE"},{"@type":"ImageObject","@id":"https:\/\/vacances-seasonova.com\/nl\/uw-mening-kamperen-interesseert-ons\/#primaryimage","inLanguage":"de-DE","url":"https:\/\/vacances-seasonova.com\/wp-content\/uploads\/2016\/09\/bg-esprit-seasonova.jpg","contentUrl":"https:\/\/vacances-seasonova.com\/wp-content\/uploads\/2016\/09\/bg-esprit-seasonova.jpg","width":1480,"height":450,"caption":"FAQ camping nature Seasonova"},{"@type":"WebPage","@id":"https:\/\/vacances-seasonova.com\/nl\/uw-mening-kamperen-interesseert-ons\/#webpage","url":"https:\/\/vacances-seasonova.com\/nl\/uw-mening-kamperen-interesseert-ons\/","name":"Uw mening over onze camping is belangrijk voor ons - Seasonova","isPartOf":{"@id":"https:\/\/vacances-seasonova.com\/fr\/#website"},"primaryImageOfPage":{"@id":"https:\/\/vacances-seasonova.com\/nl\/uw-mening-kamperen-interesseert-ons\/#primaryimage"},"datePublished":"2016-09-20T13:42:40+00:00","dateModified":"2025-08-29T07:38:39+00:00","breadcrumb":{"@id":"https:\/\/vacances-seasonova.com\/nl\/uw-mening-kamperen-interesseert-ons\/#breadcrumb"},"inLanguage":"de-DE","potentialAction":[{"@type":"ReadAction","target":["https:\/\/vacances-seasonova.com\/nl\/uw-mening-kamperen-interesseert-ons\/"]}]},{"@type":"BreadcrumbList","@id":"https:\/\/vacances-seasonova.com\/nl\/uw-mening-kamperen-interesseert-ons\/#breadcrumb","itemListElement":[{"@type":"ListItem","position":1,"name":"Accueil","item":"https:\/\/vacances-seasonova.com\/nl\/"},{"@type":"ListItem","position":2,"name":"Your opinion matters"}]}]}},"_links":{"self":[{"href":"https:\/\/vacances-seasonova.com\/de\/wp-json\/wp\/v2\/pages\/176"}],"collection":[{"href":"https:\/\/vacances-seasonova.com\/de\/wp-json\/wp\/v2\/pages"}],"about":[{"href":"https:\/\/vacances-seasonova.com\/de\/wp-json\/wp\/v2\/types\/page"}],"author":[{"embeddable":true,"href":"https:\/\/vacances-seasonova.com\/de\/wp-json\/wp\/v2\/users\/3"}],"replies":[{"embeddable":true,"href":"https:\/\/vacances-seasonova.com\/de\/wp-json\/wp\/v2\/comments?post=176"}],"version-history":[{"count":5,"href":"https:\/\/vacances-seasonova.com\/de\/wp-json\/wp\/v2\/pages\/176\/revisions"}],"predecessor-version":[{"id":51823,"href":"https:\/\/vacances-seasonova.com\/de\/wp-json\/wp\/v2\/pages\/176\/revisions\/51823"}],"wp:featuredmedia":[{"embeddable":true,"href":"https:\/\/vacances-seasonova.com\/de\/wp-json\/wp\/v2\/media\/52"}],"wp:attachment":[{"href":"https:\/\/vacances-seasonova.com\/de\/wp-json\/wp\/v2\/media?parent=176"}],"curies":[{"name":"wp","href":"https:\/\/api.w.org\/{rel}","templated":true}]}}