    {"id":17692,"date":"2020-04-24T10:32:23","date_gmt":"2020-04-24T08:32:23","guid":{"rendered":"https:\/\/vacances-seasonova.com\/fr\/?page_id=17692"},"modified":"2025-08-29T10:11:18","modified_gmt":"2025-08-29T08:11:18","slug":"qualite-et-labels","status":"publish","type":"page","link":"https:\/\/vacances-seasonova.com\/de\/qualitaet-und-labels\/","title":{"rendered":"Qualit\u00e9 et labels"},"content":{"rendered":"<p>Die Verbesserung der Qualit\u00e4t unserer Einrichtungen ist eine Priorit\u00e4t f\u00fcr die Seasonova-Gruppe.<br \/>\nAlle Qualifizierungsma\u00dfnahmen beruhen auf Vorschriften und Prozessen, die f\u00fcr alle touristischen Einrichtungen gelten.<\/p>\n<p><img loading=\"lazy\" class=\"alignnone wp-image-17939 size-full\" src=\"https:\/\/vacances-seasonova.com\/wp-content\/uploads\/2020\/05\/1.jpg\" alt=\"\" width=\"700\" height=\"200\" srcset=\"https:\/\/vacances-seasonova.com\/wp-content\/uploads\/2020\/05\/1.jpg 700w, https:\/\/vacances-seasonova.com\/wp-content\/uploads\/2020\/05\/1-300x86.jpg 300w, https:\/\/vacances-seasonova.com\/wp-content\/uploads\/2020\/05\/1-600x171.jpg 600w\" sizes=\"(max-width: 700px) 100vw, 700px\" \/><\/p>\n<p>Unsere Campingpl\u00e4tzen sind mit folgenden Labels ausgezeichnet:<\/p>\n<h2>Qualit\u00e9 Tourisme&#x2122;<\/h2>\n<p>Sie w\u00fcnschen sich einen erstklassigen Empfang und Service? Bei Seasonova sind Sie genau richtig! Alle unsere Campingpl\u00e4tze sind zertifiziert (oder im Prozess der Zertifizierung) <a href=\"https:\/\/www.qualite-tourisme.gouv.fr\/fr\">Qualit\u00e9 Tourisme<\/a><a href=\"https:\/\/www.qualite-tourisme.gouv.fr\/fr\/la-marque-etat-qualite-tourisme\" rel=\"bookmark\">&#x2122;<\/a><\/p>\n<p>Die Qualit\u00e4t der von den Tourismusfachleuten erbrachten Leistungen wird regelm\u00e4\u00dfig von einer unabh\u00e4ngigen Stelle \u00fcberpr\u00fcft, damit Sie die Gewissheit haben, einen Campingplatz zu finden, wo Ihnen aufmerksam zugeh\u00f6rt und Sie freundlich empfangen werden. Seasonovas gekennzeichnete Campingpl\u00e4tze Qualit\u00e9 Tourisme&#x2122;<\/p>\n<p>garantieren saubere und komfortable Einrichtungen, kompetentes und aufmerksames Personal, Personal das Ihnen die richtige Beratung gibt, damit Sie die Region nach Ihren W\u00fcnschen entdecken k\u00f6nnen!<\/p>\n<h2>Accueil V\u00e9lo<\/h2>\n<p>Unsere Campingpl\u00e4tze mit dem Label Accueil V\u00e9lo hei\u00dfen Sie willkommen. Sie beraten Sie und bieten Ihnen einen Qualit\u00e4tsservice, der an die Bed\u00fcrfnisse von Radtouristen angepasst ist! Alle liegen weniger als 5 km von einer der ausgeschilderten Radrouten oder Greenways entfernt. Unsere zugelassenen Campingpl\u00e4tze verf\u00fcgen \u00fcber die notwendigen Angaben und Informationen, damit Sie die sch\u00f6nsten Orte der Region mit dem Fahrrad entdecken k\u00f6nnen!<\/p>\n<h2>Tourisme et Handicap<\/h2>\n<p>Wir bei Seasonova setzen uns daf\u00fcr ein, den Zugang zum Tourismus f\u00fcr alle zu erleichtern, ohne Ausnahme. Einige unserer Campingpl\u00e4tze haben sich freiwillig um das staatliche Zeichen \u00ab Tourisme &amp; Handicap \u00bb bem\u00fcht. Um dieses Zeichen zu erhalten, m\u00fcssen viele sehr genaue Kriterien erf\u00fcllt sein, die auch von spezialisierten Pr\u00fcfern kontrolliert werden. Die gekennzeichneten Campingpl\u00e4tze sind daher vollst\u00e4ndig an Menschen mit Handicap angepasst und garantieren Sicherheit und Autonomie, so dass jeder seinen Urlaub in vollen Z\u00fcgen genie\u00dfen kann!<\/p>\n<p><img loading=\"lazy\" class=\"alignnone wp-image-17942 size-full\" src=\"https:\/\/vacances-seasonova.com\/wp-content\/uploads\/2020\/05\/2.jpg\" alt=\"\" width=\"700\" height=\"200\" srcset=\"https:\/\/vacances-seasonova.com\/wp-content\/uploads\/2020\/05\/2.jpg 700w, https:\/\/vacances-seasonova.com\/wp-content\/uploads\/2020\/05\/2-300x86.jpg 300w, https:\/\/vacances-seasonova.com\/wp-content\/uploads\/2020\/05\/2-600x171.jpg 600w\" sizes=\"(max-width: 700px) 100vw, 700px\" \/><\/p>\n<h2>Cl\u00e9 verte<\/h2>\n<p>Weil der Respekt vor der Umwelt und der \u00d6kologie f\u00fcr uns und f\u00fcr Sie wichtig ist, haben einige unserer Campingpl\u00e4tze freiwillig das Label Green Key erhalten: das erste internationale Label f\u00fcr nachhaltigen Tourismus f\u00fcr Unterk\u00fcnfte! Dieses Siegel garantiert, dass Sie einen Aufenthalt auf einem Campingplatz verbringen, der sich f\u00fcr \u00f6kologische und soziale Initiativen einsetzt und viele Kriterien zur nachhaltigen Bewirtschaftung von Unterk\u00fcnften erf\u00fcllt! Nachhaltiger Umgang mit Energie und Ressourcen, verantwortungsvoller Einkauf, angenehmes Wohnklima, Umweltbewusstsein und viele weitere Ma\u00dfnahmen werden umgesetzt. Klicken Sie auf den Link, um mehr \u00fcber die Verpflichtungen von Unterk\u00fcnften mit dem Green Key-Label zu erfahren!<\/p>\n<h2>Famille +<\/h2>\n<p>Das G\u00fctesiegel &#8222;Familie Plus&#8220; wird an alle Gemeinden verliehen, die es sich zur Herzensangelegenheit gemacht haben, Familien einen qualitativ hochwertigen Aufenthalt zu bieten. Die Gemeinden mit dem Label &#8222;Famille plus&#8220; haben sich verpflichtet, Ihnen einen freundlichen Empfang, leicht erreichbare Dienstleistungen und von qualifizierten Fachleuten betreute Serviceleistungen zu bieten. Auch unsere Unterk\u00fcnfte, die in diesen zertifizierten Gemeinden liegen, profitieren von diesem Label und erf\u00fcllen die gleichen Qualit\u00e4tskriterien! Bei Seasonova ist es selbstverst\u00e4ndlich, daf\u00fcr zu sorgen, dass sich Familien wohlf\u00fchlen und ihren Urlaub im Zeichen des Zusammenseins und des Miteinanders in vollen Z\u00fcgen genie\u00dfen k\u00f6nnen&#8230;<\/p>\n<h2>Les Plus Beaux Villages de France<\/h2>\n<p>Einige unserer Campingpl\u00e4tze befinden sich in der N\u00e4he von D\u00f6rfern, die mit dem Label &#8222;Sch\u00f6nste D\u00f6rfer Frankreichs&#8220; ausgezeichnet wurden. Diese D\u00f6rfer m\u00fcssen sehr strenge Kriterien erf\u00fcllen, um in die Liste der sch\u00f6nsten D\u00f6rfer Frankreichs aufgenommen zu werden! Das bewahrte und hervorgehobene Natur- und Kulturerbe wird auch Sie als Liebhaber des Charmes der franz\u00f6sischen D\u00f6rfer \u00fcberraschen&#8230;<\/p>\n<h2>Station verte<\/h2>\n<p>Wenn Sie \u00f6kologischeren Tourismus betreiben wollen, sind unsere Seasonova-Campingpl\u00e4tze, die sich in Gemeinden mit dem Pr\u00e4dikat &#8222;gr\u00fcner Ort&#8220; befinden, perfekt f\u00fcr Sie! Das Label &#8222;Green Resort&#8220; ist das erste \u00d6kotourismus-Label in Frankreich. Diese ausgezeichneten Gemeinden haben sich alle einem \u00f6kotouristischen Ansatz verschrieben, bei dem der Respekt vor der Umwelt, die F\u00f6rderung der lokalen Umgebung und das lokale Know-how neben vielen anderen Werten im Vordergrund stehen! Gr\u00fcne Resorts sind ideal, um sanften Tourismus zu erleben und Ihre &#8222;Slow-Life-Erfahrung&#8220; zu vertiefen! Um mehr \u00fcber die Verpflichtungen der gr\u00fcnen Resorts zu erfahren, k\u00f6nnen Sie auf den Link klicken: <a href=\"https:\/\/www.stationverte.com\/\">https:\/\/www.stationverte.com\/<\/a><\/p>","protected":false},"excerpt":{"rendered":"<p>Die Verbesserung der Qualit\u00e4t unserer Einrichtungen ist eine Priorit\u00e4t f\u00fcr die Seasonova-Gruppe. Alle Qualifizierungsma\u00dfnahmen beruhen auf Vorschriften und Prozessen, die f\u00fcr alle touristischen Einrichtungen gelten. [&#8230;]<\/p>\n","protected":false},"author":2,"featured_media":26008,"parent":0,"menu_order":0,"comment_status":"closed","ping_status":"closed","template":"","meta":[],"yoast_head":"<!-- This site is optimized with the Yoast SEO plugin v18.1 - https:\/\/yoast.com\/wordpress\/plugins\/seo\/ -->\n<meta name=\"robots\" content=\"index, follow, max-snippet:-1, max-image-preview:large, max-video-preview:-1\" \/>\n<link rel=\"canonical\" href=\"https:\/\/vacances-seasonova.com\/de\/kwaliteit-en-labels\/\" \/>\n<meta property=\"og:locale\" content=\"de_DE\" \/>\n<meta property=\"og:type\" content=\"article\" \/>\n<meta property=\"og:title\" content=\"Qualit\u00e4t und Zertifizierungen - Seasonova\" \/>\n<meta property=\"og:description\" content=\"Die Verbesserung der Qualit\u00e4t unserer Einrichtungen ist eine Priorit\u00e4t f\u00fcr die Seasonova-Gruppe. Alle Qualifizierungsma\u00dfnahmen beruhen auf Vorschriften und Prozessen, die f\u00fcr alle touristischen Einrichtungen gelten. [...]\" \/>\n<meta property=\"og:url\" content=\"https:\/\/vacances-seasonova.com\/nl\/kwaliteit-en-labels\/\" \/>\n<meta property=\"og:site_name\" content=\"Seasonova\" \/>\n<meta property=\"article:modified_time\" content=\"2025-08-29T08:11:18+00:00\" \/>\n<meta property=\"og:image\" content=\"https:\/\/vacances-seasonova.com\/wp-content\/uploads\/2022\/02\/pexels-jeshootscom-451589-1-scaled.jpg\" \/>\n\t<meta property=\"og:image:width\" content=\"2560\" \/>\n\t<meta property=\"og:image:height\" content=\"1707\" \/>\n\t<meta property=\"og:image:type\" content=\"image\/jpeg\" \/>\n<meta name=\"twitter:card\" content=\"summary\" \/>\n<meta name=\"twitter:label1\" content=\"Gesch\u00e4tzte Lesezeit\" \/>\n\t<meta name=\"twitter:data1\" content=\"14 Minuten\" \/>\n<script type=\"application\/ld+json\" class=\"yoast-schema-graph\">{\"@context\":\"https:\/\/schema.org\",\"@graph\":[{\"@type\":\"WebSite\",\"@id\":\"https:\/\/vacances-seasonova.com\/fr\/#website\",\"url\":\"https:\/\/vacances-seasonova.com\/fr\/\",\"name\":\"Seasonova\",\"description\":\"\",\"potentialAction\":[{\"@type\":\"SearchAction\",\"target\":{\"@type\":\"EntryPoint\",\"urlTemplate\":\"https:\/\/vacances-seasonova.com\/fr\/?s={search_term_string}\"},\"query-input\":\"required name=search_term_string\"}],\"inLanguage\":\"de-DE\"},{\"@type\":\"ImageObject\",\"@id\":\"https:\/\/vacances-seasonova.com\/nl\/kwaliteit-en-labels\/#primaryimage\",\"inLanguage\":\"de-DE\",\"url\":\"https:\/\/vacances-seasonova.com\/wp-content\/uploads\/2022\/02\/pexels-jeshootscom-451589-1-scaled.jpg\",\"contentUrl\":\"https:\/\/vacances-seasonova.com\/wp-content\/uploads\/2022\/02\/pexels-jeshootscom-451589-1-scaled.jpg\",\"width\":2560,\"height\":1707},{\"@type\":\"WebPage\",\"@id\":\"https:\/\/vacances-seasonova.com\/nl\/kwaliteit-en-labels\/#webpage\",\"url\":\"https:\/\/vacances-seasonova.com\/nl\/kwaliteit-en-labels\/\",\"name\":\"Qualit\u00e4t und Zertifizierungen - Seasonova\",\"isPartOf\":{\"@id\":\"https:\/\/vacances-seasonova.com\/fr\/#website\"},\"primaryImageOfPage\":{\"@id\":\"https:\/\/vacances-seasonova.com\/nl\/kwaliteit-en-labels\/#primaryimage\"},\"datePublished\":\"2020-04-24T08:32:23+00:00\",\"dateModified\":\"2025-08-29T08:11:18+00:00\",\"breadcrumb\":{\"@id\":\"https:\/\/vacances-seasonova.com\/nl\/kwaliteit-en-labels\/#breadcrumb\"},\"inLanguage\":\"de-DE\",\"potentialAction\":[{\"@type\":\"ReadAction\",\"target\":[\"https:\/\/vacances-seasonova.com\/nl\/kwaliteit-en-labels\/\"]}]},{\"@type\":\"BreadcrumbList\",\"@id\":\"https:\/\/vacances-seasonova.com\/nl\/kwaliteit-en-labels\/#breadcrumb\",\"itemListElement\":[{\"@type\":\"ListItem\",\"position\":1,\"name\":\"Accueil\",\"item\":\"https:\/\/vacances-seasonova.com\/nl\/\"},{\"@type\":\"ListItem\",\"position\":2,\"name\":\"Qualit\u00e9 et labels\"}]}]}<\/script>\n<!-- \/ Yoast SEO plugin. -->","yoast_head_json":{"robots":{"index":"index","follow":"follow","max-snippet":"max-snippet:-1","max-image-preview":"max-image-preview:large","max-video-preview":"max-video-preview:-1"},"canonical":"https:\/\/vacances-seasonova.com\/de\/kwaliteit-en-labels\/","og_locale":"de_DE","og_type":"article","og_title":"Qualit\u00e4t und Zertifizierungen - Seasonova","og_description":"Die Verbesserung der Qualit\u00e4t unserer Einrichtungen ist eine Priorit\u00e4t f\u00fcr die Seasonova-Gruppe. Alle Qualifizierungsma\u00dfnahmen beruhen auf Vorschriften und Prozessen, die f\u00fcr alle touristischen Einrichtungen gelten. [...]","og_url":"https:\/\/vacances-seasonova.com\/nl\/kwaliteit-en-labels\/","og_site_name":"Seasonova","article_modified_time":"2025-08-29T08:11:18+00:00","og_image":[{"width":2560,"height":1707,"url":"https:\/\/vacances-seasonova.com\/wp-content\/uploads\/2022\/02\/pexels-jeshootscom-451589-1-scaled.jpg","type":"image\/jpeg"}],"twitter_card":"summary","twitter_misc":{"Gesch\u00e4tzte Lesezeit":"14 Minuten"},"schema":{"@context":"https:\/\/schema.org","@graph":[{"@type":"WebSite","@id":"https:\/\/vacances-seasonova.com\/fr\/#website","url":"https:\/\/vacances-seasonova.com\/fr\/","name":"Seasonova","description":"","potentialAction":[{"@type":"SearchAction","target":{"@type":"EntryPoint","urlTemplate":"https:\/\/vacances-seasonova.com\/fr\/?s={search_term_string}"},"query-input":"required name=search_term_string"}],"inLanguage":"de-DE"},{"@type":"ImageObject","@id":"https:\/\/vacances-seasonova.com\/nl\/kwaliteit-en-labels\/#primaryimage","inLanguage":"de-DE","url":"https:\/\/vacances-seasonova.com\/wp-content\/uploads\/2022\/02\/pexels-jeshootscom-451589-1-scaled.jpg","contentUrl":"https:\/\/vacances-seasonova.com\/wp-content\/uploads\/2022\/02\/pexels-jeshootscom-451589-1-scaled.jpg","width":2560,"height":1707},{"@type":"WebPage","@id":"https:\/\/vacances-seasonova.com\/nl\/kwaliteit-en-labels\/#webpage","url":"https:\/\/vacances-seasonova.com\/nl\/kwaliteit-en-labels\/","name":"Qualit\u00e4t und Zertifizierungen - Seasonova","isPartOf":{"@id":"https:\/\/vacances-seasonova.com\/fr\/#website"},"primaryImageOfPage":{"@id":"https:\/\/vacances-seasonova.com\/nl\/kwaliteit-en-labels\/#primaryimage"},"datePublished":"2020-04-24T08:32:23+00:00","dateModified":"2025-08-29T08:11:18+00:00","breadcrumb":{"@id":"https:\/\/vacances-seasonova.com\/nl\/kwaliteit-en-labels\/#breadcrumb"},"inLanguage":"de-DE","potentialAction":[{"@type":"ReadAction","target":["https:\/\/vacances-seasonova.com\/nl\/kwaliteit-en-labels\/"]}]},{"@type":"BreadcrumbList","@id":"https:\/\/vacances-seasonova.com\/nl\/kwaliteit-en-labels\/#breadcrumb","itemListElement":[{"@type":"ListItem","position":1,"name":"Accueil","item":"https:\/\/vacances-seasonova.com\/nl\/"},{"@type":"ListItem","position":2,"name":"Qualit\u00e9 et labels"}]}]}},"_links":{"self":[{"href":"https:\/\/vacances-seasonova.com\/de\/wp-json\/wp\/v2\/pages\/17692"}],"collection":[{"href":"https:\/\/vacances-seasonova.com\/de\/wp-json\/wp\/v2\/pages"}],"about":[{"href":"https:\/\/vacances-seasonova.com\/de\/wp-json\/wp\/v2\/types\/page"}],"author":[{"embeddable":true,"href":"https:\/\/vacances-seasonova.com\/de\/wp-json\/wp\/v2\/users\/2"}],"replies":[{"embeddable":true,"href":"https:\/\/vacances-seasonova.com\/de\/wp-json\/wp\/v2\/comments?post=17692"}],"version-history":[{"count":3,"href":"https:\/\/vacances-seasonova.com\/de\/wp-json\/wp\/v2\/pages\/17692\/revisions"}],"predecessor-version":[{"id":51843,"href":"https:\/\/vacances-seasonova.com\/de\/wp-json\/wp\/v2\/pages\/17692\/revisions\/51843"}],"wp:featuredmedia":[{"embeddable":true,"href":"https:\/\/vacances-seasonova.com\/de\/wp-json\/wp\/v2\/media\/26008"}],"wp:attachment":[{"href":"https:\/\/vacances-seasonova.com\/de\/wp-json\/wp\/v2\/media?parent=17692"}],"curies":[{"name":"wp","href":"https:\/\/api.w.org\/{rel}","templated":true}]}}