    {"id":17741,"date":"2020-04-25T20:30:26","date_gmt":"2020-04-25T18:30:26","guid":{"rendered":"https:\/\/vacances-seasonova.com\/fr\/?page_id=17741"},"modified":"2021-03-30T13:57:33","modified_gmt":"2021-03-30T11:57:33","slug":"page-des-marees","status":"publish","type":"page","link":"https:\/\/vacances-seasonova.com\/de\/gezeiten-informationen\/","title":{"rendered":"Gezeiten Informationen"},"content":{"rendered":"<p>Die Gezeiten sind periodischen Ver\u00e4nderungen des Meeresspiegels (Ebbe und Flut). Die Position von Sonne und Mond beeinflussen ma\u00dfgeblich die Bewegung und H\u00f6he der Gezeiten. In Abh\u00e4ngigkeit der Gezeiten k\u00f6nnen Sie bestimmte Aktivit\u00e4ten am Meer durchf\u00fchren. Die Campingpl\u00e4tze von Vacances Seasonova in der Bretagne, der Normandie oder auf der Ile de R\u00e9 liegen alle in der N\u00e4he der Atlantikk\u00fcste und daher haben wir einige n\u00fctzliche Informationen \u00fcber die Gezeiten f\u00fcr Ihren Aufenthalt zusammengestellt.<\/p>\n<h2>Warum ist es wichtig, die Gezeiten zu kennen<\/h2>\n<p>Die Gezeitentabelle ist wichtig damit Sie wissen, ob Ebbe oder Flut ist, wie hoch der Wasserstand ist, ob Regen oder Wind sich auf den Wasserstand auswirken. Kurz gesagt, durch das Lesen der Gezeitentabelle k\u00f6nnen Sie viele R\u00fcckschl\u00fcsse ziehen, zum Beispiel h\u00e4ngt es beim Angeln, Tauchen, bei Sportarten wie Surfen oder Kitesurfen oder einfach beim Spazierengehen am Ufer davon ab, ob Ebbe oder Flut herrscht. Einige Aktivit\u00e4ten sind bei Hochwasser zu empfehlen, andere k\u00f6nnen bei Niedrigwasser durchgef\u00fchrt werden. Achten Sie also auf Tabelle.<\/p>\n<table style=\"text-align: center; width: 100%;\" border=\"0\" cellspacing=\"0\" cellpadding=\"0\">\n<tbody>\n<tr>\n<td>\n<h2>Ouistreham Gezeitentabelle<\/h2>\n<\/td>\n<td>\n<h2>Veule les roses Gezeitentabelle<\/h2>\n<\/td>\n<\/tr>\n<tr>\n<td><script src=\"https:\/\/services.data.shom.fr\/hdm\/vignette\/petite\/OUISTREHAM?locale=fr\"><\/script><\/td>\n<td><script src=\"https:\/\/services.data.shom.fr\/hdm\/vignette\/petite\/FECAMP?locale=fr\"><\/script><\/td>\n<\/tr>\n<\/tbody>\n<\/table>\n<table style=\"text-align: center; width: 100%;\" border=\"0\" cellspacing=\"0\" cellpadding=\"0\">\n<tbody>\n<tr>\n<td>\n<h2>Tr\u00e9levern Gezeitentabelle<\/h2>\n<\/td>\n<td>\n<h2>Ile de R\u00e9 Gezeitentabelle<\/h2>\n<\/td>\n<\/tr>\n<tr>\n<td><script src=\"https:\/\/services.data.shom.fr\/hdm\/vignette\/petite\/PERROS-GUIREC_TRESTRAOU?locale=fr\"><\/script><\/td>\n<td><script src=\"https:\/\/services.data.shom.fr\/hdm\/vignette\/petite\/SAINT-MARTIN_DE_RE?locale=fr\"><\/script><\/td>\n<\/tr>\n<\/tbody>\n<\/table>\n<h2>Ebbe und Flut<\/h2>\n<p>Ebbe ist, wenn der Meeresspiegel am Ufer seinen niedrigsten Stand erreicht hat, also das Wasser vom Strand weit entfernt ist, bei Flut ist es genau andersherum, der Meeresspiegel ist am h\u00f6chsten, das Wasser ganz nah.<\/p>\n<h2>Urlaub bei Seasonova, Leidenschaft f\u00fcr das Meer<\/h2>\n<p>Neben Information \u00fcber die Gezeiten bieten die Campingpl\u00e4tze von Seasonova viele unterschiedliche Dienstleistungen an. Sie finden auf unserer Seite Informationen \u00fcber die Bretagne, die Normandie oder die Ile de R\u00e9. Die besten Restaurants, Sehensw\u00fcrdigkeiten, Tipps zu Veranstaltungen, interessante Ortschaften, vieles aus der Umgebung&#8230; Wir organisieren Entspannungskurse, vermieten Fahrr\u00e4der, besuchen Sie unsere Restaurants und vieles mehr!. Alles in unserer &#8222;Slow-Life&#8220; Atmosph\u00e4re.<\/p>","protected":false},"excerpt":{"rendered":"<p>Die Gezeiten sind periodischen Ver\u00e4nderungen des Meeresspiegels (Ebbe und Flut). Die Position von Sonne und Mond beeinflussen ma\u00dfgeblich die Bewegung und H\u00f6he der Gezeiten. In Abh\u00e4ngigkeit der Gezeiten k\u00f6nnen Sie [&#8230;]<\/p>\n","protected":false},"author":3,"featured_media":17435,"parent":0,"menu_order":0,"comment_status":"closed","ping_status":"closed","template":"","meta":[],"yoast_head":"<!-- This site is optimized with the Yoast SEO plugin v18.1 - https:\/\/yoast.com\/wordpress\/plugins\/seo\/ -->\n<meta name=\"robots\" content=\"index, follow, max-snippet:-1, max-image-preview:large, max-video-preview:-1\" \/>\n<link rel=\"canonical\" href=\"https:\/\/vacances-seasonova.com\/de\/horaires-des-marees\/\" \/>\n<meta property=\"og:locale\" content=\"de_DE\" \/>\n<meta property=\"og:type\" content=\"article\" \/>\n<meta property=\"og:title\" content=\"Horaires des mar\u00e9es - Seasonova\" \/>\n<meta property=\"og:description\" content=\"Die Gezeiten sind periodischen Ver\u00e4nderungen des Meeresspiegels (Ebbe und Flut). Die Position von Sonne und Mond beeinflussen ma\u00dfgeblich die Bewegung und H\u00f6he der Gezeiten. In Abh\u00e4ngigkeit der Gezeiten k\u00f6nnen Sie [...]\" \/>\n<meta property=\"og:url\" content=\"https:\/\/vacances-seasonova.com\/fr\/horaires-des-marees\/\" \/>\n<meta property=\"og:site_name\" content=\"Seasonova\" \/>\n<meta property=\"article:modified_time\" content=\"2021-03-30T11:57:33+00:00\" \/>\n<meta property=\"og:image\" content=\"https:\/\/vacances-seasonova.com\/wp-content\/uploads\/2020\/04\/adobestock_116090234-753x450.jpeg\" \/>\n\t<meta property=\"og:image:width\" content=\"753\" \/>\n\t<meta property=\"og:image:height\" content=\"450\" \/>\n\t<meta property=\"og:image:type\" content=\"image\/jpeg\" \/>\n<meta name=\"twitter:card\" content=\"summary\" \/>\n<meta name=\"twitter:label1\" content=\"Gesch\u00e4tzte Lesezeit\" \/>\n\t<meta name=\"twitter:data1\" content=\"4 Minuten\" \/>\n<script type=\"application\/ld+json\" class=\"yoast-schema-graph\">{\"@context\":\"https:\/\/schema.org\",\"@graph\":[{\"@type\":\"WebSite\",\"@id\":\"https:\/\/vacances-seasonova.com\/fr\/#website\",\"url\":\"https:\/\/vacances-seasonova.com\/fr\/\",\"name\":\"Seasonova\",\"description\":\"\",\"potentialAction\":[{\"@type\":\"SearchAction\",\"target\":{\"@type\":\"EntryPoint\",\"urlTemplate\":\"https:\/\/vacances-seasonova.com\/fr\/?s={search_term_string}\"},\"query-input\":\"required name=search_term_string\"}],\"inLanguage\":\"de-DE\"},{\"@type\":\"ImageObject\",\"@id\":\"https:\/\/vacances-seasonova.com\/fr\/horaires-des-marees\/#primaryimage\",\"inLanguage\":\"de-DE\",\"url\":\"https:\/\/vacances-seasonova.com\/wp-content\/uploads\/2020\/04\/adobestock_116090234.jpeg\",\"contentUrl\":\"https:\/\/vacances-seasonova.com\/wp-content\/uploads\/2020\/04\/adobestock_116090234.jpeg\",\"width\":2988,\"height\":1785,\"caption\":\"Granit rose \u00e0 Ploumanach\"},{\"@type\":\"WebPage\",\"@id\":\"https:\/\/vacances-seasonova.com\/fr\/horaires-des-marees\/#webpage\",\"url\":\"https:\/\/vacances-seasonova.com\/fr\/horaires-des-marees\/\",\"name\":\"Horaires des mar\u00e9es - Seasonova\",\"isPartOf\":{\"@id\":\"https:\/\/vacances-seasonova.com\/fr\/#website\"},\"primaryImageOfPage\":{\"@id\":\"https:\/\/vacances-seasonova.com\/fr\/horaires-des-marees\/#primaryimage\"},\"datePublished\":\"2020-04-25T18:30:26+00:00\",\"dateModified\":\"2021-03-30T11:57:33+00:00\",\"breadcrumb\":{\"@id\":\"https:\/\/vacances-seasonova.com\/fr\/horaires-des-marees\/#breadcrumb\"},\"inLanguage\":\"de-DE\",\"potentialAction\":[{\"@type\":\"ReadAction\",\"target\":[\"https:\/\/vacances-seasonova.com\/fr\/horaires-des-marees\/\"]}]},{\"@type\":\"BreadcrumbList\",\"@id\":\"https:\/\/vacances-seasonova.com\/fr\/horaires-des-marees\/#breadcrumb\",\"itemListElement\":[{\"@type\":\"ListItem\",\"position\":1,\"name\":\"Accueil\",\"item\":\"https:\/\/vacances-seasonova.com\/nl\/\"},{\"@type\":\"ListItem\",\"position\":2,\"name\":\"Horaires des mar\u00e9es\"}]}]}<\/script>\n<!-- \/ Yoast SEO plugin. -->","yoast_head_json":{"robots":{"index":"index","follow":"follow","max-snippet":"max-snippet:-1","max-image-preview":"max-image-preview:large","max-video-preview":"max-video-preview:-1"},"canonical":"https:\/\/vacances-seasonova.com\/de\/horaires-des-marees\/","og_locale":"de_DE","og_type":"article","og_title":"Horaires des mar\u00e9es - Seasonova","og_description":"Die Gezeiten sind periodischen Ver\u00e4nderungen des Meeresspiegels (Ebbe und Flut). Die Position von Sonne und Mond beeinflussen ma\u00dfgeblich die Bewegung und H\u00f6he der Gezeiten. In Abh\u00e4ngigkeit der Gezeiten k\u00f6nnen Sie [...]","og_url":"https:\/\/vacances-seasonova.com\/fr\/horaires-des-marees\/","og_site_name":"Seasonova","article_modified_time":"2021-03-30T11:57:33+00:00","og_image":[{"width":753,"height":450,"url":"https:\/\/vacances-seasonova.com\/wp-content\/uploads\/2020\/04\/adobestock_116090234-753x450.jpeg","type":"image\/jpeg"}],"twitter_card":"summary","twitter_misc":{"Gesch\u00e4tzte Lesezeit":"4 Minuten"},"schema":{"@context":"https:\/\/schema.org","@graph":[{"@type":"WebSite","@id":"https:\/\/vacances-seasonova.com\/fr\/#website","url":"https:\/\/vacances-seasonova.com\/fr\/","name":"Seasonova","description":"","potentialAction":[{"@type":"SearchAction","target":{"@type":"EntryPoint","urlTemplate":"https:\/\/vacances-seasonova.com\/fr\/?s={search_term_string}"},"query-input":"required name=search_term_string"}],"inLanguage":"de-DE"},{"@type":"ImageObject","@id":"https:\/\/vacances-seasonova.com\/fr\/horaires-des-marees\/#primaryimage","inLanguage":"de-DE","url":"https:\/\/vacances-seasonova.com\/wp-content\/uploads\/2020\/04\/adobestock_116090234.jpeg","contentUrl":"https:\/\/vacances-seasonova.com\/wp-content\/uploads\/2020\/04\/adobestock_116090234.jpeg","width":2988,"height":1785,"caption":"Granit rose \u00e0 Ploumanach"},{"@type":"WebPage","@id":"https:\/\/vacances-seasonova.com\/fr\/horaires-des-marees\/#webpage","url":"https:\/\/vacances-seasonova.com\/fr\/horaires-des-marees\/","name":"Horaires des mar\u00e9es - Seasonova","isPartOf":{"@id":"https:\/\/vacances-seasonova.com\/fr\/#website"},"primaryImageOfPage":{"@id":"https:\/\/vacances-seasonova.com\/fr\/horaires-des-marees\/#primaryimage"},"datePublished":"2020-04-25T18:30:26+00:00","dateModified":"2021-03-30T11:57:33+00:00","breadcrumb":{"@id":"https:\/\/vacances-seasonova.com\/fr\/horaires-des-marees\/#breadcrumb"},"inLanguage":"de-DE","potentialAction":[{"@type":"ReadAction","target":["https:\/\/vacances-seasonova.com\/fr\/horaires-des-marees\/"]}]},{"@type":"BreadcrumbList","@id":"https:\/\/vacances-seasonova.com\/fr\/horaires-des-marees\/#breadcrumb","itemListElement":[{"@type":"ListItem","position":1,"name":"Accueil","item":"https:\/\/vacances-seasonova.com\/nl\/"},{"@type":"ListItem","position":2,"name":"Horaires des mar\u00e9es"}]}]}},"_links":{"self":[{"href":"https:\/\/vacances-seasonova.com\/de\/wp-json\/wp\/v2\/pages\/17741"}],"collection":[{"href":"https:\/\/vacances-seasonova.com\/de\/wp-json\/wp\/v2\/pages"}],"about":[{"href":"https:\/\/vacances-seasonova.com\/de\/wp-json\/wp\/v2\/types\/page"}],"author":[{"embeddable":true,"href":"https:\/\/vacances-seasonova.com\/de\/wp-json\/wp\/v2\/users\/3"}],"replies":[{"embeddable":true,"href":"https:\/\/vacances-seasonova.com\/de\/wp-json\/wp\/v2\/comments?post=17741"}],"version-history":[{"count":0,"href":"https:\/\/vacances-seasonova.com\/de\/wp-json\/wp\/v2\/pages\/17741\/revisions"}],"wp:featuredmedia":[{"embeddable":true,"href":"https:\/\/vacances-seasonova.com\/de\/wp-json\/wp\/v2\/media\/17435"}],"wp:attachment":[{"href":"https:\/\/vacances-seasonova.com\/de\/wp-json\/wp\/v2\/media?parent=17741"}],"curies":[{"name":"wp","href":"https:\/\/api.w.org\/{rel}","templated":true}]}}