    {"id":17860,"date":"2020-05-04T11:57:15","date_gmt":"2020-05-04T09:57:15","guid":{"rendered":"https:\/\/vacances-seasonova.com\/fr\/?page_id=17860"},"modified":"2021-05-27T16:24:57","modified_gmt":"2021-05-27T14:24:57","slug":"hygiene-and-sanitary-safety-measures","status":"publish","type":"page","link":"https:\/\/vacances-seasonova.com\/de\/hygienemassnahmen\/","title":{"rendered":"Sanit\u00e4re- und Hygienema\u00dfnahmen"},"content":{"rendered":"<p><\/p>\n<h2><span style=\"font-weight: 400;\">Wir f\u00fchren strenge Hygieneprotokolle ein<\/span><\/h2>\n<div class=\"container-fluid\" style=\"margin-bottom: 2%;\">\n<div class=\"col-lg-4 col-md-4 col-sm-4\">\n<p><img loading=\"lazy\" class=\"alignnone wp-image-17633 size-large\" src=\"https:\/\/vacances-seasonova.com\/wp-content\/uploads\/2020\/04\/vacances-seasonova-14-pdj-sanitaires-1800px-675x450.jpg\" alt=\"\" width=\"675\" height=\"450\" srcset=\"https:\/\/vacances-seasonova.com\/wp-content\/uploads\/2020\/04\/vacances-seasonova-14-pdj-sanitaires-1800px-675x450.jpg 675w, https:\/\/vacances-seasonova.com\/wp-content\/uploads\/2020\/04\/vacances-seasonova-14-pdj-sanitaires-1800px-300x200.jpg 300w, https:\/\/vacances-seasonova.com\/wp-content\/uploads\/2020\/04\/vacances-seasonova-14-pdj-sanitaires-1800px-768x512.jpg 768w, https:\/\/vacances-seasonova.com\/wp-content\/uploads\/2020\/04\/vacances-seasonova-14-pdj-sanitaires-1800px-600x400.jpg 600w, https:\/\/vacances-seasonova.com\/wp-content\/uploads\/2020\/04\/vacances-seasonova-14-pdj-sanitaires-1800px.jpg 1800w\" sizes=\"(max-width: 675px) 100vw, 675px\" \/><\/p>\n<p><img loading=\"lazy\" class=\"alignnone wp-image-17637 size-large\" src=\"https:\/\/vacances-seasonova.com\/wp-content\/uploads\/2020\/04\/camping-seasonova-hygiene-mesures-sanitaires-644x450.jpg\" alt=\"\" width=\"644\" height=\"450\" srcset=\"https:\/\/vacances-seasonova.com\/wp-content\/uploads\/2020\/04\/camping-seasonova-hygiene-mesures-sanitaires-644x450.jpg 644w, https:\/\/vacances-seasonova.com\/wp-content\/uploads\/2020\/04\/camping-seasonova-hygiene-mesures-sanitaires-300x210.jpg 300w, https:\/\/vacances-seasonova.com\/wp-content\/uploads\/2020\/04\/camping-seasonova-hygiene-mesures-sanitaires-768x537.jpg 768w, https:\/\/vacances-seasonova.com\/wp-content\/uploads\/2020\/04\/camping-seasonova-hygiene-mesures-sanitaires-600x419.jpg 600w, https:\/\/vacances-seasonova.com\/wp-content\/uploads\/2020\/04\/camping-seasonova-hygiene-mesures-sanitaires.jpg 1000w\" sizes=\"(max-width: 644px) 100vw, 644px\" \/><\/p>\n<\/div>\n<div class=\"col-lg-8 col-md-8 col-sm-8\">\n<ul>\n<li style=\"font-weight: 400;\"><span style=\"font-weight: 400;\">Alle unsere <\/span><b>Seasonova<\/b><span style=\"font-weight: 400;\"> Campingpl\u00e4tze werden einem strengen Reinigungsprozess unterzogen, die Duschen und Toiletten werden zweimal am Tag gereinigt, in den Gemeinschaftsb\u00e4dern stehen Desinfektionsmittel zur Verf\u00fcgung. Desinfizierende L\u00f6sungen werden in allen Gemeinschaftsgeb\u00e4uden (Toiletten, Rezeption&#8230;) sowie in den verschiedenen Unterkunftsarten verspr\u00fcht.<\/span><\/li>\n<\/ul>\n<ul>\n<li style=\"font-weight: 400;\"><span style=\"font-weight: 400;\">Jede Unterkunft unterliegt einem speziellen Reinigungsprozess, zwischen Ab- und Anreise wird eine Mindestzeitspanne von 4 Stunden zwischen den Vermietungen eingehalten.<\/span><\/li>\n<\/ul>\n<ul>\n<li style=\"font-weight: 400;\"><span style=\"font-weight: 400;\">Das Personal unserer Seasonova Campingpl\u00e4tze ist geschult g\u00e4ngige Sicherheitsma\u00dfnahmen einzuhalten. Es wird darauf geachtet Ihren Urlaub so sicher und angenehm wie m\u00f6glich zu gestalten. Es ist uns wichtig die Verbreitung von <\/span><b>COVID 19<\/b> m\u00f6glichst zu vermeiden.<\/li>\n<li style=\"font-weight: 400;\"><span style=\"font-weight: 400;\">Sie haben die M\u00f6glichkeit vor Anreise bereits Ihren kompletten Urlaub zu bezahlen, Sie vermeiden damit eventuelle Wartezeiten an der Rezeption. Bitte benachrichtigen Sie uns vorab per E-Mail, wenn Sie diese Regelung w\u00fcnschen.<\/span><\/li>\n<\/ul>\n<ul>\n<li style=\"font-weight: 400;\"><span style=\"font-weight: 400;\">Bei unseren Seasonova Campingpl\u00e4tzen verlegen wir bei g\u00fcnstiger Wetterlage das Einchecken ins Freie und begr\u00fc\u00dfen Sie mit einem Getr\u00e4nk.<\/span><\/li>\n<\/ul>\n<\/div>\n<\/div>\n<p><\/p>","protected":false},"excerpt":{"rendered":"<p>Wir f\u00fchren strenge Hygieneprotokolle ein Alle unsere Seasonova Campingpl\u00e4tze werden einem strengen Reinigungsprozess unterzogen, die Duschen und Toiletten werden zweimal am Tag gereinigt, in den Gemeinschaftsb\u00e4dern [&#8230;]<\/p>\n","protected":false},"author":2,"featured_media":17633,"parent":0,"menu_order":0,"comment_status":"closed","ping_status":"closed","template":"","meta":[],"yoast_head":"<!-- This site is optimized with the Yoast SEO plugin v18.1 - https:\/\/yoast.com\/wordpress\/plugins\/seo\/ -->\n<meta name=\"robots\" content=\"index, follow, max-snippet:-1, max-image-preview:large, max-video-preview:-1\" \/>\n<link rel=\"canonical\" href=\"https:\/\/vacances-seasonova.com\/de\/hygiene-and-sanitary-safety-measures\/\" \/>\n<meta property=\"og:locale\" content=\"de_DE\" \/>\n<meta property=\"og:type\" content=\"article\" \/>\n<meta property=\"og:title\" content=\"Hygiene and sanitary safety measures - Seasonova\" \/>\n<meta property=\"og:description\" content=\"Wir f\u00fchren strenge Hygieneprotokolle ein Alle unsere Seasonova Campingpl\u00e4tze werden einem strengen Reinigungsprozess unterzogen, die Duschen und Toiletten werden zweimal am Tag gereinigt, in den Gemeinschaftsb\u00e4dern [...]\" \/>\n<meta property=\"og:url\" content=\"https:\/\/vacances-seasonova.com\/en\/hygiene-and-sanitary-safety-measures\/\" \/>\n<meta property=\"og:site_name\" content=\"Seasonova\" \/>\n<meta property=\"article:modified_time\" content=\"2021-05-27T14:24:57+00:00\" \/>\n<meta property=\"og:image\" content=\"https:\/\/vacances-seasonova.com\/wp-content\/uploads\/2020\/04\/vacances-seasonova-14-pdj-sanitaires-1800px.jpg\" \/>\n\t<meta property=\"og:image:width\" content=\"1800\" \/>\n\t<meta property=\"og:image:height\" content=\"1200\" \/>\n\t<meta property=\"og:image:type\" content=\"image\/jpeg\" \/>\n<meta name=\"twitter:card\" content=\"summary\" \/>\n<meta name=\"twitter:label1\" content=\"Gesch\u00e4tzte Lesezeit\" \/>\n\t<meta name=\"twitter:data1\" content=\"2 Minuten\" \/>\n<script type=\"application\/ld+json\" class=\"yoast-schema-graph\">{\"@context\":\"https:\/\/schema.org\",\"@graph\":[{\"@type\":\"WebSite\",\"@id\":\"https:\/\/vacances-seasonova.com\/fr\/#website\",\"url\":\"https:\/\/vacances-seasonova.com\/fr\/\",\"name\":\"Seasonova\",\"description\":\"\",\"potentialAction\":[{\"@type\":\"SearchAction\",\"target\":{\"@type\":\"EntryPoint\",\"urlTemplate\":\"https:\/\/vacances-seasonova.com\/fr\/?s={search_term_string}\"},\"query-input\":\"required name=search_term_string\"}],\"inLanguage\":\"de-DE\"},{\"@type\":\"ImageObject\",\"@id\":\"https:\/\/vacances-seasonova.com\/en\/hygiene-and-sanitary-safety-measures\/#primaryimage\",\"inLanguage\":\"de-DE\",\"url\":\"https:\/\/vacances-seasonova.com\/wp-content\/uploads\/2020\/04\/vacances-seasonova-14-pdj-sanitaires-1800px.jpg\",\"contentUrl\":\"https:\/\/vacances-seasonova.com\/wp-content\/uploads\/2020\/04\/vacances-seasonova-14-pdj-sanitaires-1800px.jpg\",\"width\":1800,\"height\":1200,\"caption\":\"Vacances-Seasonova-14-PDJ-Sanitaires-1800px\"},{\"@type\":\"WebPage\",\"@id\":\"https:\/\/vacances-seasonova.com\/en\/hygiene-and-sanitary-safety-measures\/#webpage\",\"url\":\"https:\/\/vacances-seasonova.com\/en\/hygiene-and-sanitary-safety-measures\/\",\"name\":\"Hygiene and sanitary safety measures - Seasonova\",\"isPartOf\":{\"@id\":\"https:\/\/vacances-seasonova.com\/fr\/#website\"},\"primaryImageOfPage\":{\"@id\":\"https:\/\/vacances-seasonova.com\/en\/hygiene-and-sanitary-safety-measures\/#primaryimage\"},\"datePublished\":\"2020-05-04T09:57:15+00:00\",\"dateModified\":\"2021-05-27T14:24:57+00:00\",\"breadcrumb\":{\"@id\":\"https:\/\/vacances-seasonova.com\/en\/hygiene-and-sanitary-safety-measures\/#breadcrumb\"},\"inLanguage\":\"de-DE\",\"potentialAction\":[{\"@type\":\"ReadAction\",\"target\":[\"https:\/\/vacances-seasonova.com\/en\/hygiene-and-sanitary-safety-measures\/\"]}]},{\"@type\":\"BreadcrumbList\",\"@id\":\"https:\/\/vacances-seasonova.com\/en\/hygiene-and-sanitary-safety-measures\/#breadcrumb\",\"itemListElement\":[{\"@type\":\"ListItem\",\"position\":1,\"name\":\"Accueil\",\"item\":\"https:\/\/vacances-seasonova.com\/nl\/\"},{\"@type\":\"ListItem\",\"position\":2,\"name\":\"Hygiene and sanitary safety measures\"}]}]}<\/script>\n<!-- \/ Yoast SEO plugin. -->","yoast_head_json":{"robots":{"index":"index","follow":"follow","max-snippet":"max-snippet:-1","max-image-preview":"max-image-preview:large","max-video-preview":"max-video-preview:-1"},"canonical":"https:\/\/vacances-seasonova.com\/de\/hygiene-and-sanitary-safety-measures\/","og_locale":"de_DE","og_type":"article","og_title":"Hygiene and sanitary safety measures - Seasonova","og_description":"Wir f\u00fchren strenge Hygieneprotokolle ein Alle unsere Seasonova Campingpl\u00e4tze werden einem strengen Reinigungsprozess unterzogen, die Duschen und Toiletten werden zweimal am Tag gereinigt, in den Gemeinschaftsb\u00e4dern [...]","og_url":"https:\/\/vacances-seasonova.com\/en\/hygiene-and-sanitary-safety-measures\/","og_site_name":"Seasonova","article_modified_time":"2021-05-27T14:24:57+00:00","og_image":[{"width":1800,"height":1200,"url":"https:\/\/vacances-seasonova.com\/wp-content\/uploads\/2020\/04\/vacances-seasonova-14-pdj-sanitaires-1800px.jpg","type":"image\/jpeg"}],"twitter_card":"summary","twitter_misc":{"Gesch\u00e4tzte Lesezeit":"2 Minuten"},"schema":{"@context":"https:\/\/schema.org","@graph":[{"@type":"WebSite","@id":"https:\/\/vacances-seasonova.com\/fr\/#website","url":"https:\/\/vacances-seasonova.com\/fr\/","name":"Seasonova","description":"","potentialAction":[{"@type":"SearchAction","target":{"@type":"EntryPoint","urlTemplate":"https:\/\/vacances-seasonova.com\/fr\/?s={search_term_string}"},"query-input":"required name=search_term_string"}],"inLanguage":"de-DE"},{"@type":"ImageObject","@id":"https:\/\/vacances-seasonova.com\/en\/hygiene-and-sanitary-safety-measures\/#primaryimage","inLanguage":"de-DE","url":"https:\/\/vacances-seasonova.com\/wp-content\/uploads\/2020\/04\/vacances-seasonova-14-pdj-sanitaires-1800px.jpg","contentUrl":"https:\/\/vacances-seasonova.com\/wp-content\/uploads\/2020\/04\/vacances-seasonova-14-pdj-sanitaires-1800px.jpg","width":1800,"height":1200,"caption":"Vacances-Seasonova-14-PDJ-Sanitaires-1800px"},{"@type":"WebPage","@id":"https:\/\/vacances-seasonova.com\/en\/hygiene-and-sanitary-safety-measures\/#webpage","url":"https:\/\/vacances-seasonova.com\/en\/hygiene-and-sanitary-safety-measures\/","name":"Hygiene and sanitary safety measures - Seasonova","isPartOf":{"@id":"https:\/\/vacances-seasonova.com\/fr\/#website"},"primaryImageOfPage":{"@id":"https:\/\/vacances-seasonova.com\/en\/hygiene-and-sanitary-safety-measures\/#primaryimage"},"datePublished":"2020-05-04T09:57:15+00:00","dateModified":"2021-05-27T14:24:57+00:00","breadcrumb":{"@id":"https:\/\/vacances-seasonova.com\/en\/hygiene-and-sanitary-safety-measures\/#breadcrumb"},"inLanguage":"de-DE","potentialAction":[{"@type":"ReadAction","target":["https:\/\/vacances-seasonova.com\/en\/hygiene-and-sanitary-safety-measures\/"]}]},{"@type":"BreadcrumbList","@id":"https:\/\/vacances-seasonova.com\/en\/hygiene-and-sanitary-safety-measures\/#breadcrumb","itemListElement":[{"@type":"ListItem","position":1,"name":"Accueil","item":"https:\/\/vacances-seasonova.com\/nl\/"},{"@type":"ListItem","position":2,"name":"Hygiene and sanitary safety measures"}]}]}},"_links":{"self":[{"href":"https:\/\/vacances-seasonova.com\/de\/wp-json\/wp\/v2\/pages\/17860"}],"collection":[{"href":"https:\/\/vacances-seasonova.com\/de\/wp-json\/wp\/v2\/pages"}],"about":[{"href":"https:\/\/vacances-seasonova.com\/de\/wp-json\/wp\/v2\/types\/page"}],"author":[{"embeddable":true,"href":"https:\/\/vacances-seasonova.com\/de\/wp-json\/wp\/v2\/users\/2"}],"replies":[{"embeddable":true,"href":"https:\/\/vacances-seasonova.com\/de\/wp-json\/wp\/v2\/comments?post=17860"}],"version-history":[{"count":0,"href":"https:\/\/vacances-seasonova.com\/de\/wp-json\/wp\/v2\/pages\/17860\/revisions"}],"wp:featuredmedia":[{"embeddable":true,"href":"https:\/\/vacances-seasonova.com\/de\/wp-json\/wp\/v2\/media\/17633"}],"wp:attachment":[{"href":"https:\/\/vacances-seasonova.com\/de\/wp-json\/wp\/v2\/media?parent=17860"}],"curies":[{"name":"wp","href":"https:\/\/api.w.org\/{rel}","templated":true}]}}