    {"id":185,"date":"2016-09-20T14:47:57","date_gmt":"2016-09-20T13:47:57","guid":{"rendered":"http:\/\/vacances-seasonova.com\/?page_id=185"},"modified":"2025-08-29T10:31:58","modified_gmt":"2025-08-29T08:31:58","slug":"carte-fidelite-camping","status":"publish","type":"page","link":"https:\/\/vacances-seasonova.com\/de\/die-seasonova-treuekarte\/","title":{"rendered":"Rejoignez l\u2019aventure \u2013 Membre Mon Seasonova"},"content":{"rendered":"<p><\/p>\n<h1>Nehmen Sie am Abenteuer teil \u2013 Mein Seasonova-Mitglied !<\/h1>\n<h2>Unser Treueprogramm erfindet sich neu!<\/h2>\n<p>Weil Ihre Treue f\u00fcr uns z\u00e4hlt, schlagen wir Ihnen vor, Mitglied von Mein Seasonova zu werden: ein Programm, das Sie belohnt! Die Anmeldung erfolgt kostenlos \u00fcber unsere Website. Das Prinzip ist einfach: Je mehr Sie campen, desto mehr werden Sie belohnt.<\/p>\n<p>1\u20ac ausgegeben = 1 Bl\u00fctenblatt verdient.<\/p>\n<p>500 Bl\u00fctenbl\u00e4tter = 15\u20ac Rabatt.<\/p>\n<p>Sie haben die M\u00f6glichkeit, Slow Member oder Privilege Member zu werden. Je nach Status k\u00f6nnen Sie von Vorteilen wie kostenlosen Optionen, Vorzugspreisen und vielem mehr profitieren. Sie haben die Wahl, Bl\u00fctenbl\u00e4tter zu sammeln, um sie in Rabatte umzuwandeln, oder sie zu nutzen, um sich selbst verschiedene Dienstleistungen anzubieten.<\/p>\n<p><a href=\"https:\/\/customeraccount.secureholiday.net\/vacances-seasonova\/Login?_ga=2.246596934.310339293.1708330018-208678515.1700564979\">Melden Sie sich an, um kein Angebot zu verpassen!<\/a><\/p>\n<p><img loading=\"lazy\" class=\"alignnone size-full wp-image-39023\" src=\"https:\/\/vacances-seasonova.com\/wp-content\/uploads\/2024\/02\/visuel-programme-membre-de.jpg\" alt=\"\" width=\"1024\" height=\"1448\" srcset=\"https:\/\/vacances-seasonova.com\/wp-content\/uploads\/2024\/02\/visuel-programme-membre-de.jpg 1024w, https:\/\/vacances-seasonova.com\/wp-content\/uploads\/2024\/02\/visuel-programme-membre-de-212x300.jpg 212w, https:\/\/vacances-seasonova.com\/wp-content\/uploads\/2024\/02\/visuel-programme-membre-de-318x450.jpg 318w, https:\/\/vacances-seasonova.com\/wp-content\/uploads\/2024\/02\/visuel-programme-membre-de-768x1086.jpg 768w, https:\/\/vacances-seasonova.com\/wp-content\/uploads\/2024\/02\/visuel-programme-membre-de-600x848.jpg 600w\" sizes=\"(max-width: 1024px) 100vw, 1024px\" \/><\/p>","protected":false},"excerpt":{"rendered":"<p>Nehmen Sie am Abenteuer teil \u2013 Mein Seasonova-Mitglied ! Unser Treueprogramm erfindet sich neu! Weil Ihre Treue f\u00fcr uns z\u00e4hlt, schlagen wir Ihnen vor, Mitglied von Mein Seasonova zu werden: ein Programm, das Sie [&#8230;]<\/p>\n","protected":false},"author":3,"featured_media":52,"parent":0,"menu_order":0,"comment_status":"closed","ping_status":"closed","template":"page-sans-titre.php","meta":[],"yoast_head":"<!-- This site is optimized with the Yoast SEO plugin v18.1 - https:\/\/yoast.com\/wordpress\/plugins\/seo\/ -->\n<meta name=\"robots\" content=\"index, follow, max-snippet:-1, max-image-preview:large, max-video-preview:-1\" \/>\n<link rel=\"canonical\" href=\"https:\/\/vacances-seasonova.com\/de\/join-the-adventure\/\" \/>\n<meta property=\"og:locale\" content=\"de_DE\" \/>\n<meta property=\"og:type\" content=\"article\" \/>\n<meta property=\"og:title\" content=\"Schlie\u00dfen Sie sich dem Abenteuer an \u2013 Mitglied Mein Seasonova - Seasonova\" \/>\n<meta property=\"og:description\" content=\"Nehmen Sie am Abenteuer teil \u2013 Mein Seasonova-Mitglied ! Unser Treueprogramm erfindet sich neu! Weil Ihre Treue f\u00fcr uns z\u00e4hlt, schlagen wir Ihnen vor, Mitglied von Mein Seasonova zu werden: ein Programm, das Sie [...]\" \/>\n<meta property=\"og:url\" content=\"https:\/\/vacances-seasonova.com\/en\/join-the-adventure\/\" \/>\n<meta property=\"og:site_name\" content=\"Seasonova\" \/>\n<meta property=\"article:modified_time\" content=\"2025-08-29T08:31:58+00:00\" \/>\n<meta property=\"og:image\" content=\"https:\/\/vacances-seasonova.com\/wp-content\/uploads\/2016\/09\/bg-esprit-seasonova.jpg\" \/>\n\t<meta property=\"og:image:width\" content=\"1480\" \/>\n\t<meta property=\"og:image:height\" content=\"450\" \/>\n\t<meta property=\"og:image:type\" content=\"image\/jpeg\" \/>\n<meta name=\"twitter:card\" content=\"summary\" \/>\n<meta name=\"twitter:label1\" content=\"Gesch\u00e4tzte Lesezeit\" \/>\n\t<meta name=\"twitter:data1\" content=\"1 Minute\" \/>\n<script type=\"application\/ld+json\" class=\"yoast-schema-graph\">{\"@context\":\"https:\/\/schema.org\",\"@graph\":[{\"@type\":\"WebSite\",\"@id\":\"https:\/\/vacances-seasonova.com\/fr\/#website\",\"url\":\"https:\/\/vacances-seasonova.com\/fr\/\",\"name\":\"Seasonova\",\"description\":\"\",\"potentialAction\":[{\"@type\":\"SearchAction\",\"target\":{\"@type\":\"EntryPoint\",\"urlTemplate\":\"https:\/\/vacances-seasonova.com\/fr\/?s={search_term_string}\"},\"query-input\":\"required name=search_term_string\"}],\"inLanguage\":\"de-DE\"},{\"@type\":\"ImageObject\",\"@id\":\"https:\/\/vacances-seasonova.com\/en\/join-the-adventure\/#primaryimage\",\"inLanguage\":\"de-DE\",\"url\":\"https:\/\/vacances-seasonova.com\/wp-content\/uploads\/2016\/09\/bg-esprit-seasonova.jpg\",\"contentUrl\":\"https:\/\/vacances-seasonova.com\/wp-content\/uploads\/2016\/09\/bg-esprit-seasonova.jpg\",\"width\":1480,\"height\":450,\"caption\":\"FAQ camping nature Seasonova\"},{\"@type\":\"WebPage\",\"@id\":\"https:\/\/vacances-seasonova.com\/en\/join-the-adventure\/#webpage\",\"url\":\"https:\/\/vacances-seasonova.com\/en\/join-the-adventure\/\",\"name\":\"Schlie\u00dfen Sie sich dem Abenteuer an \u2013 Mitglied Mein Seasonova - Seasonova\",\"isPartOf\":{\"@id\":\"https:\/\/vacances-seasonova.com\/fr\/#website\"},\"primaryImageOfPage\":{\"@id\":\"https:\/\/vacances-seasonova.com\/en\/join-the-adventure\/#primaryimage\"},\"datePublished\":\"2016-09-20T13:47:57+00:00\",\"dateModified\":\"2025-08-29T08:31:58+00:00\",\"breadcrumb\":{\"@id\":\"https:\/\/vacances-seasonova.com\/en\/join-the-adventure\/#breadcrumb\"},\"inLanguage\":\"de-DE\",\"potentialAction\":[{\"@type\":\"ReadAction\",\"target\":[\"https:\/\/vacances-seasonova.com\/en\/join-the-adventure\/\"]}]},{\"@type\":\"BreadcrumbList\",\"@id\":\"https:\/\/vacances-seasonova.com\/en\/join-the-adventure\/#breadcrumb\",\"itemListElement\":[{\"@type\":\"ListItem\",\"position\":1,\"name\":\"Accueil\",\"item\":\"https:\/\/vacances-seasonova.com\/nl\/\"},{\"@type\":\"ListItem\",\"position\":2,\"name\":\"Rejoignez l\u2019aventure \u2013 Membre Mon Seasonova\"}]}]}<\/script>\n<!-- \/ Yoast SEO plugin. -->","yoast_head_json":{"robots":{"index":"index","follow":"follow","max-snippet":"max-snippet:-1","max-image-preview":"max-image-preview:large","max-video-preview":"max-video-preview:-1"},"canonical":"https:\/\/vacances-seasonova.com\/de\/join-the-adventure\/","og_locale":"de_DE","og_type":"article","og_title":"Schlie\u00dfen Sie sich dem Abenteuer an \u2013 Mitglied Mein Seasonova - Seasonova","og_description":"Nehmen Sie am Abenteuer teil \u2013 Mein Seasonova-Mitglied ! Unser Treueprogramm erfindet sich neu! Weil Ihre Treue f\u00fcr uns z\u00e4hlt, schlagen wir Ihnen vor, Mitglied von Mein Seasonova zu werden: ein Programm, das Sie [...]","og_url":"https:\/\/vacances-seasonova.com\/en\/join-the-adventure\/","og_site_name":"Seasonova","article_modified_time":"2025-08-29T08:31:58+00:00","og_image":[{"width":1480,"height":450,"url":"https:\/\/vacances-seasonova.com\/wp-content\/uploads\/2016\/09\/bg-esprit-seasonova.jpg","type":"image\/jpeg"}],"twitter_card":"summary","twitter_misc":{"Gesch\u00e4tzte Lesezeit":"1 Minute"},"schema":{"@context":"https:\/\/schema.org","@graph":[{"@type":"WebSite","@id":"https:\/\/vacances-seasonova.com\/fr\/#website","url":"https:\/\/vacances-seasonova.com\/fr\/","name":"Seasonova","description":"","potentialAction":[{"@type":"SearchAction","target":{"@type":"EntryPoint","urlTemplate":"https:\/\/vacances-seasonova.com\/fr\/?s={search_term_string}"},"query-input":"required name=search_term_string"}],"inLanguage":"de-DE"},{"@type":"ImageObject","@id":"https:\/\/vacances-seasonova.com\/en\/join-the-adventure\/#primaryimage","inLanguage":"de-DE","url":"https:\/\/vacances-seasonova.com\/wp-content\/uploads\/2016\/09\/bg-esprit-seasonova.jpg","contentUrl":"https:\/\/vacances-seasonova.com\/wp-content\/uploads\/2016\/09\/bg-esprit-seasonova.jpg","width":1480,"height":450,"caption":"FAQ camping nature Seasonova"},{"@type":"WebPage","@id":"https:\/\/vacances-seasonova.com\/en\/join-the-adventure\/#webpage","url":"https:\/\/vacances-seasonova.com\/en\/join-the-adventure\/","name":"Schlie\u00dfen Sie sich dem Abenteuer an \u2013 Mitglied Mein Seasonova - Seasonova","isPartOf":{"@id":"https:\/\/vacances-seasonova.com\/fr\/#website"},"primaryImageOfPage":{"@id":"https:\/\/vacances-seasonova.com\/en\/join-the-adventure\/#primaryimage"},"datePublished":"2016-09-20T13:47:57+00:00","dateModified":"2025-08-29T08:31:58+00:00","breadcrumb":{"@id":"https:\/\/vacances-seasonova.com\/en\/join-the-adventure\/#breadcrumb"},"inLanguage":"de-DE","potentialAction":[{"@type":"ReadAction","target":["https:\/\/vacances-seasonova.com\/en\/join-the-adventure\/"]}]},{"@type":"BreadcrumbList","@id":"https:\/\/vacances-seasonova.com\/en\/join-the-adventure\/#breadcrumb","itemListElement":[{"@type":"ListItem","position":1,"name":"Accueil","item":"https:\/\/vacances-seasonova.com\/nl\/"},{"@type":"ListItem","position":2,"name":"Rejoignez l\u2019aventure \u2013 Membre Mon Seasonova"}]}]}},"_links":{"self":[{"href":"https:\/\/vacances-seasonova.com\/de\/wp-json\/wp\/v2\/pages\/185"}],"collection":[{"href":"https:\/\/vacances-seasonova.com\/de\/wp-json\/wp\/v2\/pages"}],"about":[{"href":"https:\/\/vacances-seasonova.com\/de\/wp-json\/wp\/v2\/types\/page"}],"author":[{"embeddable":true,"href":"https:\/\/vacances-seasonova.com\/de\/wp-json\/wp\/v2\/users\/3"}],"replies":[{"embeddable":true,"href":"https:\/\/vacances-seasonova.com\/de\/wp-json\/wp\/v2\/comments?post=185"}],"version-history":[{"count":29,"href":"https:\/\/vacances-seasonova.com\/de\/wp-json\/wp\/v2\/pages\/185\/revisions"}],"predecessor-version":[{"id":51863,"href":"https:\/\/vacances-seasonova.com\/de\/wp-json\/wp\/v2\/pages\/185\/revisions\/51863"}],"wp:featuredmedia":[{"embeddable":true,"href":"https:\/\/vacances-seasonova.com\/de\/wp-json\/wp\/v2\/media\/52"}],"wp:attachment":[{"href":"https:\/\/vacances-seasonova.com\/de\/wp-json\/wp\/v2\/media?parent=185"}],"curies":[{"name":"wp","href":"https:\/\/api.w.org\/{rel}","templated":true}]}}