    {"id":18538,"date":"2020-05-22T14:09:10","date_gmt":"2020-05-22T12:09:10","guid":{"rendered":"https:\/\/vacances-seasonova.com\/fr\/?page_id=18538"},"modified":"2025-08-29T09:42:19","modified_gmt":"2025-08-29T07:42:19","slug":"travailler-en-vacances","status":"publish","type":"page","link":"https:\/\/vacances-seasonova.com\/de\/arbeiten-im-urlaub\/","title":{"rendered":"Working during your holidays"},"content":{"rendered":"<p><\/p>\n<h2 style=\"text-align: center;\"><span style=\"font-weight: 400;\">HOMEOFFICE IM URLAUB IST M\u00d6GLICH!<\/span><\/h2>\n<h3 style=\"text-align: center;\">Sie haben diesen Sommer keinen Urlaub?<\/h3>\n<p><span style=\"font-weight: 400;\">Um diese wertvollen Momente nicht zu verpassen, die Sie mit Ihren Lieben <strong>teilen<\/strong> k\u00f6nnen, bieten Ihnen die <strong>Seasonova Campingpl\u00e4tze<\/strong> L\u00f6sungen, um das N\u00fctzliche mit dem Angenehmen zu verbinden&#8230;\u00a0<\/span><\/p>\n<p><span style=\"font-weight: 400;\">Sie k\u00f6nnen auch bei uns arbeiten. Wir bieten Ihnen eine Urlaubsatmosph\u00e4re, eine entspannte Arbeitsumgebung und einen Platz zum ungest\u00f6rten <strong>Arbeiten<\/strong> ohne zus\u00e4tzliche Einschr\u00e4nkungen. Mit unseren Angeboten, die Ihre Kinder in den Zeiten besch\u00e4ftigen, in denen Sie sich konzentrieren m\u00fcssen, brauchen Sie sich keine Vorw\u00fcrfe zu machen.\u00a0<\/span><\/p>\n<p><span style=\"font-weight: 400;\">Die Seasonova Campingpl\u00e4tze bieten alles, um Ihnen zu helfen, Ihr seelisches Gleichgewicht zu finden. <strong>Abschalten<\/strong> von Ihren Arbeitseinheiten dank Yoga, Schwimmen, Spazierg\u00e4ngen &#8230; <strong>Entspannen<\/strong> Sie sich mit Ihren Liebsten dank unserer Programme und einem eigenen Bereich f\u00fcr Kinder und Eltern &#8230;<\/span><\/p>\n<p>Diese Arbeitsbereiche finden Sie auf den folgenden Campingpl\u00e4tzen:<\/p>\n<p><a title=\"Le point du jour\" href=\"https:\/\/vacances-seasonova.com\/fr\/camping\/le-point-du-jour\/\">Le point du jour<\/a>\u00a0,\u00a0<a title=\"La For\u00eat\" href=\"https:\/\/vacances-seasonova.com\/fr\/camping\/camping-seasonova-de-la-foret\/\">La For\u00eat<\/a>\u00a0,\u00a0<a title=\"Les Plages de Loire\" href=\"https:\/\/vacances-seasonova.com\/fr\/camping\/les-plages-de-loire\/\">Les Plages de Loire<\/a> ,\u00a0<a title=\"Les Portes d\u2019Alsace\" href=\"https:\/\/vacances-seasonova.com\/fr\/camping\/les-portes-dalsace\/\">Les Portes d\u2019Alsace<\/a><\/p>","protected":false},"excerpt":{"rendered":"<p>HOMEOFFICE IM URLAUB IST M\u00d6GLICH! Sie haben diesen Sommer keinen Urlaub? Um diese wertvollen Momente nicht zu verpassen, die Sie mit Ihren Lieben teilen k\u00f6nnen, bieten Ihnen die Seasonova Campingpl\u00e4tze L\u00f6sungen, um das [&#8230;]<\/p>\n","protected":false},"author":2,"featured_media":18541,"parent":0,"menu_order":0,"comment_status":"closed","ping_status":"closed","template":"","meta":[],"yoast_head":"<!-- This site is optimized with the Yoast SEO plugin v18.1 - https:\/\/yoast.com\/wordpress\/plugins\/seo\/ -->\n<meta name=\"robots\" content=\"index, follow, max-snippet:-1, max-image-preview:large, max-video-preview:-1\" \/>\n<link rel=\"canonical\" href=\"https:\/\/vacances-seasonova.com\/de\/travailler-en-vacances\/\" \/>\n<meta property=\"og:locale\" content=\"de_DE\" \/>\n<meta property=\"og:type\" content=\"article\" \/>\n<meta property=\"og:title\" content=\"Arbeiten im Urlaub - Seasonova\" \/>\n<meta property=\"og:description\" content=\"HOMEOFFICE IM URLAUB IST M\u00d6GLICH! Sie haben diesen Sommer keinen Urlaub? Um diese wertvollen Momente nicht zu verpassen, die Sie mit Ihren Lieben teilen k\u00f6nnen, bieten Ihnen die Seasonova Campingpl\u00e4tze L\u00f6sungen, um das [...]\" \/>\n<meta property=\"og:url\" content=\"https:\/\/vacances-seasonova.com\/nl\/travailler-en-vacances\/\" \/>\n<meta property=\"og:site_name\" content=\"Seasonova\" \/>\n<meta property=\"article:modified_time\" content=\"2025-08-29T07:42:19+00:00\" \/>\n<meta property=\"og:image\" content=\"https:\/\/vacances-seasonova.com\/wp-content\/uploads\/2020\/05\/vue-frontale-ordinateur-portable-tasse-cafe_23-2148300712.jpg\" \/>\n\t<meta property=\"og:image:width\" content=\"626\" \/>\n\t<meta property=\"og:image:height\" content=\"417\" \/>\n\t<meta property=\"og:image:type\" content=\"image\/jpeg\" \/>\n<meta name=\"twitter:card\" content=\"summary\" \/>\n<meta name=\"twitter:label1\" content=\"Gesch\u00e4tzte Lesezeit\" \/>\n\t<meta name=\"twitter:data1\" content=\"3 Minuten\" \/>\n<script type=\"application\/ld+json\" class=\"yoast-schema-graph\">{\"@context\":\"https:\/\/schema.org\",\"@graph\":[{\"@type\":\"WebSite\",\"@id\":\"https:\/\/vacances-seasonova.com\/fr\/#website\",\"url\":\"https:\/\/vacances-seasonova.com\/fr\/\",\"name\":\"Seasonova\",\"description\":\"\",\"potentialAction\":[{\"@type\":\"SearchAction\",\"target\":{\"@type\":\"EntryPoint\",\"urlTemplate\":\"https:\/\/vacances-seasonova.com\/fr\/?s={search_term_string}\"},\"query-input\":\"required name=search_term_string\"}],\"inLanguage\":\"de-DE\"},{\"@type\":\"ImageObject\",\"@id\":\"https:\/\/vacances-seasonova.com\/nl\/travailler-en-vacances\/#primaryimage\",\"inLanguage\":\"de-DE\",\"url\":\"https:\/\/vacances-seasonova.com\/wp-content\/uploads\/2020\/05\/vue-frontale-ordinateur-portable-tasse-cafe_23-2148300712.jpg\",\"contentUrl\":\"https:\/\/vacances-seasonova.com\/wp-content\/uploads\/2020\/05\/vue-frontale-ordinateur-portable-tasse-cafe_23-2148300712.jpg\",\"width\":626,\"height\":417,\"caption\":\"travailler au camping\"},{\"@type\":\"WebPage\",\"@id\":\"https:\/\/vacances-seasonova.com\/nl\/travailler-en-vacances\/#webpage\",\"url\":\"https:\/\/vacances-seasonova.com\/nl\/travailler-en-vacances\/\",\"name\":\"Arbeiten im Urlaub - Seasonova\",\"isPartOf\":{\"@id\":\"https:\/\/vacances-seasonova.com\/fr\/#website\"},\"primaryImageOfPage\":{\"@id\":\"https:\/\/vacances-seasonova.com\/nl\/travailler-en-vacances\/#primaryimage\"},\"datePublished\":\"2020-05-22T12:09:10+00:00\",\"dateModified\":\"2025-08-29T07:42:19+00:00\",\"breadcrumb\":{\"@id\":\"https:\/\/vacances-seasonova.com\/nl\/travailler-en-vacances\/#breadcrumb\"},\"inLanguage\":\"de-DE\",\"potentialAction\":[{\"@type\":\"ReadAction\",\"target\":[\"https:\/\/vacances-seasonova.com\/nl\/travailler-en-vacances\/\"]}]},{\"@type\":\"BreadcrumbList\",\"@id\":\"https:\/\/vacances-seasonova.com\/nl\/travailler-en-vacances\/#breadcrumb\",\"itemListElement\":[{\"@type\":\"ListItem\",\"position\":1,\"name\":\"Accueil\",\"item\":\"https:\/\/vacances-seasonova.com\/nl\/\"},{\"@type\":\"ListItem\",\"position\":2,\"name\":\"Working during your holidays\"}]}]}<\/script>\n<!-- \/ Yoast SEO plugin. -->","yoast_head_json":{"robots":{"index":"index","follow":"follow","max-snippet":"max-snippet:-1","max-image-preview":"max-image-preview:large","max-video-preview":"max-video-preview:-1"},"canonical":"https:\/\/vacances-seasonova.com\/de\/travailler-en-vacances\/","og_locale":"de_DE","og_type":"article","og_title":"Arbeiten im Urlaub - Seasonova","og_description":"HOMEOFFICE IM URLAUB IST M\u00d6GLICH! Sie haben diesen Sommer keinen Urlaub? Um diese wertvollen Momente nicht zu verpassen, die Sie mit Ihren Lieben teilen k\u00f6nnen, bieten Ihnen die Seasonova Campingpl\u00e4tze L\u00f6sungen, um das [...]","og_url":"https:\/\/vacances-seasonova.com\/nl\/travailler-en-vacances\/","og_site_name":"Seasonova","article_modified_time":"2025-08-29T07:42:19+00:00","og_image":[{"width":626,"height":417,"url":"https:\/\/vacances-seasonova.com\/wp-content\/uploads\/2020\/05\/vue-frontale-ordinateur-portable-tasse-cafe_23-2148300712.jpg","type":"image\/jpeg"}],"twitter_card":"summary","twitter_misc":{"Gesch\u00e4tzte Lesezeit":"3 Minuten"},"schema":{"@context":"https:\/\/schema.org","@graph":[{"@type":"WebSite","@id":"https:\/\/vacances-seasonova.com\/fr\/#website","url":"https:\/\/vacances-seasonova.com\/fr\/","name":"Seasonova","description":"","potentialAction":[{"@type":"SearchAction","target":{"@type":"EntryPoint","urlTemplate":"https:\/\/vacances-seasonova.com\/fr\/?s={search_term_string}"},"query-input":"required name=search_term_string"}],"inLanguage":"de-DE"},{"@type":"ImageObject","@id":"https:\/\/vacances-seasonova.com\/nl\/travailler-en-vacances\/#primaryimage","inLanguage":"de-DE","url":"https:\/\/vacances-seasonova.com\/wp-content\/uploads\/2020\/05\/vue-frontale-ordinateur-portable-tasse-cafe_23-2148300712.jpg","contentUrl":"https:\/\/vacances-seasonova.com\/wp-content\/uploads\/2020\/05\/vue-frontale-ordinateur-portable-tasse-cafe_23-2148300712.jpg","width":626,"height":417,"caption":"travailler au camping"},{"@type":"WebPage","@id":"https:\/\/vacances-seasonova.com\/nl\/travailler-en-vacances\/#webpage","url":"https:\/\/vacances-seasonova.com\/nl\/travailler-en-vacances\/","name":"Arbeiten im Urlaub - Seasonova","isPartOf":{"@id":"https:\/\/vacances-seasonova.com\/fr\/#website"},"primaryImageOfPage":{"@id":"https:\/\/vacances-seasonova.com\/nl\/travailler-en-vacances\/#primaryimage"},"datePublished":"2020-05-22T12:09:10+00:00","dateModified":"2025-08-29T07:42:19+00:00","breadcrumb":{"@id":"https:\/\/vacances-seasonova.com\/nl\/travailler-en-vacances\/#breadcrumb"},"inLanguage":"de-DE","potentialAction":[{"@type":"ReadAction","target":["https:\/\/vacances-seasonova.com\/nl\/travailler-en-vacances\/"]}]},{"@type":"BreadcrumbList","@id":"https:\/\/vacances-seasonova.com\/nl\/travailler-en-vacances\/#breadcrumb","itemListElement":[{"@type":"ListItem","position":1,"name":"Accueil","item":"https:\/\/vacances-seasonova.com\/nl\/"},{"@type":"ListItem","position":2,"name":"Working during your holidays"}]}]}},"_links":{"self":[{"href":"https:\/\/vacances-seasonova.com\/de\/wp-json\/wp\/v2\/pages\/18538"}],"collection":[{"href":"https:\/\/vacances-seasonova.com\/de\/wp-json\/wp\/v2\/pages"}],"about":[{"href":"https:\/\/vacances-seasonova.com\/de\/wp-json\/wp\/v2\/types\/page"}],"author":[{"embeddable":true,"href":"https:\/\/vacances-seasonova.com\/de\/wp-json\/wp\/v2\/users\/2"}],"replies":[{"embeddable":true,"href":"https:\/\/vacances-seasonova.com\/de\/wp-json\/wp\/v2\/comments?post=18538"}],"version-history":[{"count":6,"href":"https:\/\/vacances-seasonova.com\/de\/wp-json\/wp\/v2\/pages\/18538\/revisions"}],"predecessor-version":[{"id":51827,"href":"https:\/\/vacances-seasonova.com\/de\/wp-json\/wp\/v2\/pages\/18538\/revisions\/51827"}],"wp:featuredmedia":[{"embeddable":true,"href":"https:\/\/vacances-seasonova.com\/de\/wp-json\/wp\/v2\/media\/18541"}],"wp:attachment":[{"href":"https:\/\/vacances-seasonova.com\/de\/wp-json\/wp\/v2\/media?parent=18538"}],"curies":[{"name":"wp","href":"https:\/\/api.w.org\/{rel}","templated":true}]}}