    {"id":187,"date":"2016-09-20T14:48:34","date_gmt":"2016-09-20T13:48:34","guid":{"rendered":"http:\/\/vacances-seasonova.com\/?page_id=187"},"modified":"2025-08-29T10:25:27","modified_gmt":"2025-08-29T08:25:27","slug":"recrutement-camping-seasonova","status":"publish","type":"page","link":"https:\/\/vacances-seasonova.com\/de\/seasonova-stellenangebote\/","title":{"rendered":"Recrutement Camping Seasonova"},"content":{"rendered":"<p><img loading=\"lazy\" class=\"aligncenter\" src=\"https:\/\/vacances-seasonova.com\/wp-content\/uploads\/2022\/02\/recrutement-seasonova.png\" alt=\"Seasonova Rekrutierung\" width=\"399\" height=\"398\" \/><\/p>\n<h2>Unsere Werte<\/h2>\n<p>Gegr\u00fcndet im Jahr 2011 von <strong>Guillaume LEMARCHAND<\/strong>, einem leidenschaftlichen Reisenden, Begegnungen und Outdoor-Aktivit\u00e4ten, ist die <strong>Seasonova-Gruppe<\/strong> heute in <strong>Elsass, Normandie, Bretagne, Pays de Loire, Nouvelle-Aquitaine und auf der \u00cele de R\u00e9<\/strong> vertreten.<\/p>\n<p>In den <strong>Seasonova Slow Life Campingpl\u00e4tzen<\/strong> betrachten wir Urlaub als eine Zeit und einen Ort der Erholung, des Austauschs und der Entdeckung.<\/p>\n<p>Weil ein Bruch mit dem Alltag bedeutet, die Freude an Einfachheit, Natur und Geselligkeit wiederzufinden, haben wir <strong>20 Campingpl\u00e4tze und ein Chalet in den Bergen<\/strong> entwickelt \u2013 alle mit derselben Leidenschaft, G\u00e4ste willkommen zu hei\u00dfen und unvergessliche Momente zu schaffen.<\/p>\n<h2>Einheit<\/h2>\n<p>Mit durchschnittlich 160 Stellpl\u00e4tzen sind unsere Campingpl\u00e4tze alle \u00fcberschaubar und zeichnen sich durch das Engagement unserer Teams aus.<br \/>\nDie St\u00e4rke und Einheit der <strong>Seasonova-Gruppe<\/strong> liegt in den Menschen, die sie ausmachen \u2013 alle mit derselben Leidenschaft f\u00fcr ihren Beruf und dem Willen, sich st\u00e4ndig weiterzuentwickeln.  <\/p>\n<p>Das volle Engagement der Leiter jedes einzelnen <strong>Seasonova Campingplatzes<\/strong> gew\u00e4hrleistet gleichbleibende Qualit\u00e4t, Stabilit\u00e4t im Betrieb und eine unabh\u00e4ngige Verwaltung, die die Authentizit\u00e4t jedes Standorts bewahrt.<\/p>\n<h2>Leidenschaft<\/h2>\n<p>Unser Unterschied liegt in der gelungenen Mischung aus engagierter, praxisnaher Leitung durch die Betreiber und der <strong>Erfahrung der Seasonova-Gruppe mit ihren Support-Funktionen <em>(Marketing, Technik, Finanzen\u2026)<\/em><\/strong>.<\/p>\n<p>Die <strong>Seasonova-Gruppe<\/strong> w\u00e4chst dynamisch mit \u00fcber <strong>30 % Wachstum pro Jahr<\/strong>. Um dieses Wachstum zu begleiten, suchen wir jedes Jahr neue Talente.<\/p>\n<hr \/>\n<h2>Werde Teil unseres Teams<\/h2>\n<p>Sende deinen Lebenslauf an: <strong><a href=\"mailto:contact-recrutement@groupe-seasonova.com\">contact-recrutement@groupe-seasonova.com<\/a><\/strong><\/p>\n<p><center><br \/>\n<img loading=\"lazy\" class=\"size-full wp-image-36572 aligncenter\" src=\"https:\/\/vacances-seasonova.com\/wp-content\/uploads\/2023\/02\/envie-de-nous-rejoindre-recrutement.png\" alt=\"Werde Teil von Seasonova\" width=\"310\" height=\"286\" srcset=\"https:\/\/vacances-seasonova.com\/wp-content\/uploads\/2023\/02\/envie-de-nous-rejoindre-recrutement.png 310w, https:\/\/vacances-seasonova.com\/wp-content\/uploads\/2023\/02\/envie-de-nous-rejoindre-recrutement-300x277.png 300w\" sizes=\"(max-width: 310px) 100vw, 310px\" \/><br \/>\n<\/center><\/p>\n<div class=\"row\">\n<div class=\"col-lg-4 col-md-4 col-sm-4\">\n<a href=\"https:\/\/vacances-seasonova.com\/recrutement-seasonova\/offre-demploi-camping-seasonova\/\" target=\"_blank\" rel=\"noopener noreferrer\"><br \/>\n<img loading=\"lazy\" class=\"alignnone wp-image-4184 size-medium\" src=\"https:\/\/vacances-seasonova.com\/wp-content\/uploads\/2023\/02\/bouton-offres-demploi-1.png\" alt=\"Camping Jobangebote\" width=\"400\" height=\"400\" \/><\/a>\n<\/div>\n<div class=\"col-lg-4 col-md-4 col-sm-4\">\n<a href=\"https:\/\/vacances-seasonova.com\/recrutement-seasonova\/offre-de-stage-camping\/\" target=\"_blank\" rel=\"noopener noreferrer\"><br \/>\n<img loading=\"lazy\" class=\"alignnone wp-image-4164 size-medium\" src=\"https:\/\/vacances-seasonova.com\/wp-content\/uploads\/2023\/02\/bouton-offres-de-stage.png\" alt=\"Praktikumsangebote Camping\" width=\"400\" height=\"400\" \/><\/a>\n<\/div>\n<div class=\"col-lg-4 col-md-4 col-sm-4\">\n<a href=\"https:\/\/vacances-seasonova.com\/fr\/recrutement-seasonova\/offre-dalternance\/\" target=\"blank\" rel=\"noopener\"><br \/>\n<img loading=\"lazy\" class=\"alignnone wp-image-4165 size-medium\" src=\"https:\/\/vacances-seasonova.com\/wp-content\/uploads\/2023\/02\/offres-alternance.png\" alt=\"Duale Ausbildung Camping\" width=\"400\" height=\"400\" \/><\/a>\n<\/div>\n<\/div>\n<div class=\"img-recrutement-center-align\">\n<h2>Erfahrungsberichte<\/h2>\n<h4 class=\"title-promo-main\">Saisonarbeit bei Seasonova<\/h4>\n<div class=\"row\">\n<div class=\"col-lg-4 col-md-4 col-sm-4\">\n<img loading=\"lazy\" class=\"alignnone wp-image-4124\" src=\"https:\/\/vacances-seasonova.com\/wp-content\/uploads\/2017\/09\/alize\u0301.jpeg\" alt=\"Aliz\u00e9e\" width=\"280\" height=\"292\" srcset=\"https:\/\/vacances-seasonova.com\/wp-content\/uploads\/2017\/09\/alize\u0301.jpeg 776w, https:\/\/vacances-seasonova.com\/wp-content\/uploads\/2017\/09\/alize\u0301-287x300.jpeg 287w, https:\/\/vacances-seasonova.com\/wp-content\/uploads\/2017\/09\/alize\u0301-768x802.jpeg 768w, https:\/\/vacances-seasonova.com\/wp-content\/uploads\/2017\/09\/alize\u0301-431x450.jpeg 431w, https:\/\/vacances-seasonova.com\/wp-content\/uploads\/2017\/09\/alize\u0301-600x626.jpeg 600w\" sizes=\"(max-width: 280px) 100vw, 280px\" \/>\n<\/div>\n<div class=\"col-lg-8 col-md-8 col-sm-8\">\n<h4>Aliz\u00e9e<\/h4>\n<p>Rezeptionistin im Campingplatz &#8222;Le Point du Jour&#8220; in Merville-Franceville, Normandie\n<\/p><\/div>\n<\/div>\n<ul>\n<li><a href=\"#receptionniste\" data-toggle=\"collapse\"> Position und Aufgaben<\/a><\/li>\n<\/ul>\n<div id=\"receptionniste\" class=\"collapse\">\n<div class=\"card card-body\">\n<p>Ich habe als Rezeptionistin im Campingplatz Le Point du Jour in Merville-Franceville zwei Monate lang gearbeitet, vom 1. Juli bis 31. August 2017.<\/p>\n<\/div>\n<\/div>\n<ul>\n<li><a href=\"#experience\" data-toggle=\"collapse\"> \u00dcbertragene Aufgaben<\/a><\/li>\n<\/ul>\n<div id=\"experience\" class=\"collapse\">\n<div class=\"card card-body\">\n<ul>\n<li>Empfang der G\u00e4ste<\/li>\n<li>Sicherstellung des reibungslosen Ablaufs der Aufenthalte<\/li>\n<li>Verwaltung des Reservierungssystems<\/li>\n<li>Buchungen, Zahlungen und Rechnungsstellung<\/li>\n<li>Organisation der Reinigung der Mietunterk\u00fcnfte<\/li>\n<\/ul>\n<\/div>\n<\/div>\n<ul>\n<li><a href=\"#management\" data-toggle=\"collapse\">Was mir diese Erfahrung gebracht hat<\/a><\/li>\n<\/ul>\n<div id=\"management\" class=\"collapse\">\n<div class=\"card card-body\">\n<p>Ich habe meine kommunikativen F\u00e4higkeiten auf Franz\u00f6sisch und Englisch verbessert sowie mein Selbstvertrauen am Telefon gest\u00e4rkt.<br \/>\nIch habe Organisationsf\u00e4higkeiten entwickelt, die besonders an starken An- und Abreisetagen unverzichtbar sind.<br \/>\nMir wurde Verantwortung \u00fcbertragen, z. B. die Rezeption halbe oder ganze Tage alleine zu leiten, was mir mehr Eigenst\u00e4ndigkeit und Initiative gebracht hat.<br \/>\nDie Teamarbeit hat mir best\u00e4tigt, dass Zusammenarbeit motivierend und bereichernd ist und mir sehr liegt.<\/p>\n<\/div>\n<\/div>\n<p><!-- (idem f\u00fcr France, Ana\u00efs, Ga\u00eblle, Audrey: gleiche Struktur ins Deutsche \u00fcbersetzt) --><\/p>","protected":false},"excerpt":{"rendered":"<p>Unsere Werte Gegr\u00fcndet im Jahr 2011 von Guillaume LEMARCHAND, einem leidenschaftlichen Reisenden, Begegnungen und Outdoor-Aktivit\u00e4ten, ist die Seasonova-Gruppe heute in Elsass, Normandie, Bretagne, Pays de Loire, [&#8230;]<\/p>\n","protected":false},"author":3,"featured_media":43428,"parent":0,"menu_order":0,"comment_status":"closed","ping_status":"closed","template":"page.php","meta":[],"yoast_head":"<!-- This site is optimized with the Yoast SEO plugin v18.1 - https:\/\/yoast.com\/wordpress\/plugins\/seo\/ -->\n<meta name=\"description\" content=\"Chaque ann\u00e9e nous recrutons des nouveaux talents pour accompagner notre d\u00e9veloppement. Vous souhaitez travailler dans un de nos campings, Go!\" \/>\n<meta name=\"robots\" content=\"index, follow, max-snippet:-1, max-image-preview:large, max-video-preview:-1\" \/>\n<link rel=\"canonical\" href=\"https:\/\/vacances-seasonova.com\/de\/rekrutering\/\" \/>\n<meta property=\"og:locale\" content=\"de_DE\" \/>\n<meta property=\"og:type\" content=\"article\" \/>\n<meta property=\"og:title\" content=\"recrutement camping seasonova\" \/>\n<meta property=\"og:description\" content=\"Chaque ann\u00e9e nous recrutons des nouveaux talents pour accompagner notre d\u00e9veloppement. Vous souhaitez travailler dans un de nos campings, Go!\" \/>\n<meta property=\"og:url\" content=\"https:\/\/vacances-seasonova.com\/nl\/rekrutering\/\" \/>\n<meta property=\"og:site_name\" content=\"Seasonova\" \/>\n<meta property=\"article:modified_time\" content=\"2025-08-29T08:25:27+00:00\" \/>\n<meta property=\"og:image\" content=\"https:\/\/vacances-seasonova.com\/wp-content\/uploads\/2024\/10\/img-20231019-wa0002.jpg\" \/>\n\t<meta property=\"og:image:width\" content=\"1500\" \/>\n\t<meta property=\"og:image:height\" content=\"2000\" \/>\n\t<meta property=\"og:image:type\" content=\"image\/jpeg\" \/>\n<meta name=\"twitter:card\" content=\"summary\" \/>\n<meta name=\"twitter:label1\" content=\"Gesch\u00e4tzte Lesezeit\" \/>\n\t<meta name=\"twitter:data1\" content=\"10 Minuten\" \/>\n<script type=\"application\/ld+json\" class=\"yoast-schema-graph\">{\"@context\":\"https:\/\/schema.org\",\"@graph\":[{\"@type\":\"WebSite\",\"@id\":\"https:\/\/vacances-seasonova.com\/fr\/#website\",\"url\":\"https:\/\/vacances-seasonova.com\/fr\/\",\"name\":\"Seasonova\",\"description\":\"\",\"potentialAction\":[{\"@type\":\"SearchAction\",\"target\":{\"@type\":\"EntryPoint\",\"urlTemplate\":\"https:\/\/vacances-seasonova.com\/fr\/?s={search_term_string}\"},\"query-input\":\"required name=search_term_string\"}],\"inLanguage\":\"de-DE\"},{\"@type\":\"ImageObject\",\"@id\":\"https:\/\/vacances-seasonova.com\/nl\/rekrutering\/#primaryimage\",\"inLanguage\":\"de-DE\",\"url\":\"https:\/\/vacances-seasonova.com\/wp-content\/uploads\/2024\/10\/img-20231019-wa0002.jpg\",\"contentUrl\":\"https:\/\/vacances-seasonova.com\/wp-content\/uploads\/2024\/10\/img-20231019-wa0002.jpg\",\"width\":1500,\"height\":2000},{\"@type\":\"WebPage\",\"@id\":\"https:\/\/vacances-seasonova.com\/nl\/rekrutering\/#webpage\",\"url\":\"https:\/\/vacances-seasonova.com\/nl\/rekrutering\/\",\"name\":\"recrutement camping seasonova\",\"isPartOf\":{\"@id\":\"https:\/\/vacances-seasonova.com\/fr\/#website\"},\"primaryImageOfPage\":{\"@id\":\"https:\/\/vacances-seasonova.com\/nl\/rekrutering\/#primaryimage\"},\"datePublished\":\"2016-09-20T13:48:34+00:00\",\"dateModified\":\"2025-08-29T08:25:27+00:00\",\"description\":\"Chaque ann\u00e9e nous recrutons des nouveaux talents pour accompagner notre d\u00e9veloppement. Vous souhaitez travailler dans un de nos campings, Go!\",\"breadcrumb\":{\"@id\":\"https:\/\/vacances-seasonova.com\/nl\/rekrutering\/#breadcrumb\"},\"inLanguage\":\"de-DE\",\"potentialAction\":[{\"@type\":\"ReadAction\",\"target\":[\"https:\/\/vacances-seasonova.com\/nl\/rekrutering\/\"]}]},{\"@type\":\"BreadcrumbList\",\"@id\":\"https:\/\/vacances-seasonova.com\/nl\/rekrutering\/#breadcrumb\",\"itemListElement\":[{\"@type\":\"ListItem\",\"position\":1,\"name\":\"Accueil\",\"item\":\"https:\/\/vacances-seasonova.com\/nl\/\"},{\"@type\":\"ListItem\",\"position\":2,\"name\":\"Recrutement Camping Seasonova\"}]}]}<\/script>\n<!-- \/ Yoast SEO plugin. -->","yoast_head_json":{"description":"Chaque ann\u00e9e nous recrutons des nouveaux talents pour accompagner notre d\u00e9veloppement. Vous souhaitez travailler dans un de nos campings, Go!","robots":{"index":"index","follow":"follow","max-snippet":"max-snippet:-1","max-image-preview":"max-image-preview:large","max-video-preview":"max-video-preview:-1"},"canonical":"https:\/\/vacances-seasonova.com\/de\/rekrutering\/","og_locale":"de_DE","og_type":"article","og_title":"recrutement camping seasonova","og_description":"Chaque ann\u00e9e nous recrutons des nouveaux talents pour accompagner notre d\u00e9veloppement. Vous souhaitez travailler dans un de nos campings, Go!","og_url":"https:\/\/vacances-seasonova.com\/nl\/rekrutering\/","og_site_name":"Seasonova","article_modified_time":"2025-08-29T08:25:27+00:00","og_image":[{"width":1500,"height":2000,"url":"https:\/\/vacances-seasonova.com\/wp-content\/uploads\/2024\/10\/img-20231019-wa0002.jpg","type":"image\/jpeg"}],"twitter_card":"summary","twitter_misc":{"Gesch\u00e4tzte Lesezeit":"10 Minuten"},"schema":{"@context":"https:\/\/schema.org","@graph":[{"@type":"WebSite","@id":"https:\/\/vacances-seasonova.com\/fr\/#website","url":"https:\/\/vacances-seasonova.com\/fr\/","name":"Seasonova","description":"","potentialAction":[{"@type":"SearchAction","target":{"@type":"EntryPoint","urlTemplate":"https:\/\/vacances-seasonova.com\/fr\/?s={search_term_string}"},"query-input":"required name=search_term_string"}],"inLanguage":"de-DE"},{"@type":"ImageObject","@id":"https:\/\/vacances-seasonova.com\/nl\/rekrutering\/#primaryimage","inLanguage":"de-DE","url":"https:\/\/vacances-seasonova.com\/wp-content\/uploads\/2024\/10\/img-20231019-wa0002.jpg","contentUrl":"https:\/\/vacances-seasonova.com\/wp-content\/uploads\/2024\/10\/img-20231019-wa0002.jpg","width":1500,"height":2000},{"@type":"WebPage","@id":"https:\/\/vacances-seasonova.com\/nl\/rekrutering\/#webpage","url":"https:\/\/vacances-seasonova.com\/nl\/rekrutering\/","name":"recrutement camping seasonova","isPartOf":{"@id":"https:\/\/vacances-seasonova.com\/fr\/#website"},"primaryImageOfPage":{"@id":"https:\/\/vacances-seasonova.com\/nl\/rekrutering\/#primaryimage"},"datePublished":"2016-09-20T13:48:34+00:00","dateModified":"2025-08-29T08:25:27+00:00","description":"Chaque ann\u00e9e nous recrutons des nouveaux talents pour accompagner notre d\u00e9veloppement. Vous souhaitez travailler dans un de nos campings, Go!","breadcrumb":{"@id":"https:\/\/vacances-seasonova.com\/nl\/rekrutering\/#breadcrumb"},"inLanguage":"de-DE","potentialAction":[{"@type":"ReadAction","target":["https:\/\/vacances-seasonova.com\/nl\/rekrutering\/"]}]},{"@type":"BreadcrumbList","@id":"https:\/\/vacances-seasonova.com\/nl\/rekrutering\/#breadcrumb","itemListElement":[{"@type":"ListItem","position":1,"name":"Accueil","item":"https:\/\/vacances-seasonova.com\/nl\/"},{"@type":"ListItem","position":2,"name":"Recrutement Camping Seasonova"}]}]}},"_links":{"self":[{"href":"https:\/\/vacances-seasonova.com\/de\/wp-json\/wp\/v2\/pages\/187"}],"collection":[{"href":"https:\/\/vacances-seasonova.com\/de\/wp-json\/wp\/v2\/pages"}],"about":[{"href":"https:\/\/vacances-seasonova.com\/de\/wp-json\/wp\/v2\/types\/page"}],"author":[{"embeddable":true,"href":"https:\/\/vacances-seasonova.com\/de\/wp-json\/wp\/v2\/users\/3"}],"replies":[{"embeddable":true,"href":"https:\/\/vacances-seasonova.com\/de\/wp-json\/wp\/v2\/comments?post=187"}],"version-history":[{"count":50,"href":"https:\/\/vacances-seasonova.com\/de\/wp-json\/wp\/v2\/pages\/187\/revisions"}],"predecessor-version":[{"id":51857,"href":"https:\/\/vacances-seasonova.com\/de\/wp-json\/wp\/v2\/pages\/187\/revisions\/51857"}],"wp:featuredmedia":[{"embeddable":true,"href":"https:\/\/vacances-seasonova.com\/de\/wp-json\/wp\/v2\/media\/43428"}],"wp:attachment":[{"href":"https:\/\/vacances-seasonova.com\/de\/wp-json\/wp\/v2\/media?parent=187"}],"curies":[{"name":"wp","href":"https:\/\/api.w.org\/{rel}","templated":true}]}}