    {"id":18882,"date":"2020-06-08T15:16:49","date_gmt":"2020-06-08T13:16:49","guid":{"rendered":"https:\/\/vacances-seasonova.com\/fr\/?page_id=18882"},"modified":"2023-04-03T22:52:50","modified_gmt":"2023-04-03T20:52:50","slug":"sejours-a-theme","status":"publish","type":"page","link":"https:\/\/vacances-seasonova.com\/de\/anregungen-fuer-ihren-aufenthalt\/","title":{"rendered":"Id\u00e9es S\u00e9jours en camping"},"content":{"rendered":"<p><\/p>\n<p style=\"text-align: center;\">Ein Aufenthalt auf einem <strong>Seasonova Campingplatz<\/strong> ist ein besonderes Erlebnis.<br \/>\nHier finden Sie eine Auswahl unserer <strong>Aufenthalte<\/strong>! Wenn Sie gefunden haben, was Sie suchen, m\u00fcssen Sie nur noch buchen:<\/p>\n<p style=\"text-align: center;\">Sie k\u00f6nnen uns auch unter <strong>02 36 81 00 01<\/strong> erreichen.<\/p>\n<div class=\"row row-no-gutters\">\n<div class=\"col-xs-12 col-md-4\">\n<p><img loading=\"lazy\" class=\"alignnone size-full wp-image-18881\" src=\"https:\/\/vacances-seasonova.com\/wp-content\/uploads\/2020\/06\/sejours-petit-fermier.jpg\" alt=\"s\u00e9jours petit fermier\" width=\"227\" height=\"227\" srcset=\"https:\/\/vacances-seasonova.com\/wp-content\/uploads\/2020\/06\/sejours-petit-fermier.jpg 227w, https:\/\/vacances-seasonova.com\/wp-content\/uploads\/2020\/06\/sejours-petit-fermier-150x150.jpg 150w\" sizes=\"(max-width: 227px) 100vw, 227px\" \/><\/p>\n<h2 style=\"text-align: center;\">Der Streichelzoo<\/h2>\n<h3 style=\"text-align: center;\">Leben wie auf einem kleinen Bauernhof.<\/h3>\n<p style=\"text-align: center;\">Unsere <strong>Seasonova<\/strong> Campingpl\u00e4tze bieten Ihnen ein unvergessliches Erlebnis mit Ihrer Familie. Eine R\u00fcckbesinnung auf das Wesentliche, um es mit Ihren Kindern zu teilen. Das erwartet Sie bei diesem auf Natur und Schlichtheit ausgerichteten Aufenthalt. Sie werden die M\u00f6glichkeit haben, am Leben der <a href=\"https:\/\/vacances-seasonova.com\/fr\/vacances-en-camping-seasonova\/lexperience-seasonova\/mini-ferme\/\">Kleinbauern teilzuhaben<\/a> und schlafen in einer unserer Junior-Zelte.<\/p>\n<h4 style=\"text-align: center;\"><a href=\"https:\/\/v5.secureholiday.net\/vacancesseasonova\/FR\/14931\/101788\">Buchen auf dem Campingplatz Riva Bella in der Normandie<\/a><\/h4>\n<h4 style=\"text-align: center;\"><a href=\"https:\/\/v5.secureholiday.net\/vacancesseasonova\/FR\/7578\/101799\">Buchen auf dem Campingplatz Portes d&#8217;Alsace<\/a><\/h4>\n<p>&nbsp;<\/p>\n<\/div>\n<div class=\"col-xs-12 col-md-4\">\n<p><img loading=\"lazy\" class=\"alignnone size-full wp-image-18883\" src=\"https:\/\/vacances-seasonova.com\/wp-content\/uploads\/2020\/06\/sejours-aventure-en-famille.jpg\" alt=\"Familien-Erlebnisurlaub\" width=\"228\" height=\"227\" srcset=\"https:\/\/vacances-seasonova.com\/wp-content\/uploads\/2020\/06\/sejours-aventure-en-famille.jpg 228w, https:\/\/vacances-seasonova.com\/wp-content\/uploads\/2020\/06\/sejours-aventure-en-famille-150x150.jpg 150w\" sizes=\"(max-width: 228px) 100vw, 228px\" \/><\/p>\n<h2 style=\"text-align: center;\">Abenteuer und Familie<\/h2>\n<h3 style=\"text-align: center;\">Erinnerungen am Lagerfeuer<\/h3>\n<p style=\"text-align: center;\">Unsere <strong>Seasonova<\/strong>-Campingpl\u00e4tze m\u00f6chten Sie verw\u00f6hnen. Sie \u00fcbernachten bei diesem Aufenthalt in einem <a href=\"https:\/\/vacances-seasonova.com\/fr\/location\/ecolodge-junior\/\">Zelt<\/a> inklusive &#8222;<strong>Lagerfeuer-Set<\/strong>&#8222;, <strong>Pfanne<\/strong> und verschiedenen <strong>Spie\u00dfchen<\/strong>.<br \/>\nWas kann es Sch\u00f6neres geben f\u00fcr ein fr\u00f6hliches Zusammensein?<\/p>\n<h4 style=\"text-align: center;\"><a title=\"R\u00e9server au camping Riva Bella\" href=\"https:\/\/v5.secureholiday.net\/vacancesseasonova\/FR\/14931\/101793\" target=\"_blank\" rel=\"noopener noreferrer\">Buchen auf dem Campingplatz Riva Bella in der Normandie<\/a><\/h4>\n<h4 style=\"text-align: center;\"><a href=\"https:\/\/v5.secureholiday.net\/vacancesseasonova\/FR\/7578\/101802\">Buchen auf dem Campingplatz Portes d&#8217;Alsace<\/a><\/h4>\n<div class=\"col-xs-12 col-md-4\">\n<p style=\"text-align: center;\">\n<\/div>\n<div class=\"col-xs-12 col-md-4\">\n<p>&nbsp;<\/p>\n<\/div>\n<\/div>\n<div class=\"col-xs-12 col-md-4\">\n<p><img loading=\"lazy\" class=\"alignnone size-full wp-image-18884\" src=\"https:\/\/vacances-seasonova.com\/wp-content\/uploads\/2020\/06\/sejours-bivouac-feu-de-camp.jpg\" alt=\"Zelten am Lagerfeuer\" width=\"228\" height=\"227\" srcset=\"https:\/\/vacances-seasonova.com\/wp-content\/uploads\/2020\/06\/sejours-bivouac-feu-de-camp.jpg 228w, https:\/\/vacances-seasonova.com\/wp-content\/uploads\/2020\/06\/sejours-bivouac-feu-de-camp-150x150.jpg 150w\" sizes=\"(max-width: 228px) 100vw, 228px\" \/><\/p>\n<h2 style=\"text-align: center;\">Zelten am Lagerfeuer<\/h2>\n<h3 style=\"text-align: center;\">Das Leben eines Nomaden<\/h3>\n<p style=\"text-align: center;\">Wer hat nicht schon einmal davon getr\u00e4umt, in einer sch\u00f6nen <a href=\"https:\/\/vacances-seasonova.com\/fr\/location\/bivouac-nomade\/\">Zelth\u00fctte<\/a> zu wohnen? Auf unseren Seasonova Campingpl\u00e4tzen k\u00f6nnen Sie eine unvergessliche Nacht zu zweit erleben. Neben einer ungew\u00f6hnlichen, aber komfortablen Unterkunft steht Ihnen eine Feuerstelle sowie ein &#8222;<strong>Lagerfeuer-Set<\/strong>&#8220; mit <strong>Pfanne<\/strong> und verschiedenen <strong>Spiessen<\/strong> zur Verf\u00fcgung. Auf folgenden Campingpl\u00e4tzen buchbar:\u00a0<a title=\"La For\u00eat\" href=\"https:\/\/vacances-seasonova.com\/fr\/camping\/camping-seasonova-de-la-foret\/\">La For\u00eat<\/a>,\u00a0<a title=\"Les Mouettes\" href=\"https:\/\/vacances-seasonova.com\/fr\/camping\/les-mouettes\/\">Les Mouettes<\/a>,\u00a0<a title=\"Le point du jour\" href=\"https:\/\/vacances-seasonova.com\/fr\/camping\/le-point-du-jour\/\">Le Point du Jour<\/a>. Der Aufenthalt ist auch verf\u00fcgbar mit <a title=\"Bivouac Explore\" href=\"https:\/\/vacances-seasonova.com\/fr\/location\/bivouac\/\">bivouac explore<\/a><\/p>\n<p>&nbsp;<\/p>\n<div class=\"col-xs-12 col-md-4\"><\/div>\n<\/div>\n<\/div>\n<p>&nbsp;<\/p>","protected":false},"excerpt":{"rendered":"<p>Ein Aufenthalt auf einem Seasonova Campingplatz ist ein besonderes Erlebnis. Hier finden Sie eine Auswahl unserer Aufenthalte! Wenn Sie gefunden haben, was Sie suchen, m\u00fcssen Sie nur noch buchen: Sie k\u00f6nnen uns auch unter [&#8230;]<\/p>\n","protected":false},"author":2,"featured_media":17326,"parent":0,"menu_order":0,"comment_status":"closed","ping_status":"closed","template":"","meta":[],"yoast_head":"<!-- This site is optimized with the Yoast SEO plugin v18.1 - https:\/\/yoast.com\/wordpress\/plugins\/seo\/ -->\n<meta name=\"description\" content=\"D\u00e9couvrez nos exp\u00e9riences Slow life dans chacun de nos campings Seasonova. (Re)trouver vos sensations d&#039;aventuriers au contact de la nature\" \/>\n<meta name=\"robots\" content=\"index, follow, max-snippet:-1, max-image-preview:large, max-video-preview:-1\" \/>\n<link rel=\"canonical\" href=\"https:\/\/vacances-seasonova.com\/de\/sejours-a-theme\/\" \/>\n<meta property=\"og:locale\" content=\"de_DE\" \/>\n<meta property=\"og:type\" content=\"article\" \/>\n<meta property=\"og:title\" content=\"Id\u00e9es S\u00e9jours en camping - Seasonova\" \/>\n<meta property=\"og:description\" content=\"D\u00e9couvrez nos exp\u00e9riences Slow life dans chacun de nos campings Seasonova. (Re)trouver vos sensations d&#039;aventuriers au contact de la nature\" \/>\n<meta property=\"og:url\" content=\"https:\/\/vacances-seasonova.com\/fr\/sejours-a-theme\/\" \/>\n<meta property=\"og:site_name\" content=\"Seasonova\" \/>\n<meta property=\"article:modified_time\" content=\"2023-04-03T20:52:50+00:00\" \/>\n<meta property=\"og:image\" content=\"https:\/\/vacances-seasonova.com\/wp-content\/uploads\/2020\/03\/feu-seasonova-675x450.jpeg\" \/>\n\t<meta property=\"og:image:width\" content=\"675\" \/>\n\t<meta property=\"og:image:height\" content=\"450\" \/>\n\t<meta property=\"og:image:type\" content=\"image\/jpeg\" \/>\n<meta name=\"twitter:card\" content=\"summary\" \/>\n<meta name=\"twitter:label1\" content=\"Gesch\u00e4tzte Lesezeit\" \/>\n\t<meta name=\"twitter:data1\" content=\"3 Minuten\" \/>\n<script type=\"application\/ld+json\" class=\"yoast-schema-graph\">{\"@context\":\"https:\/\/schema.org\",\"@graph\":[{\"@type\":\"WebSite\",\"@id\":\"https:\/\/vacances-seasonova.com\/fr\/#website\",\"url\":\"https:\/\/vacances-seasonova.com\/fr\/\",\"name\":\"Seasonova\",\"description\":\"\",\"potentialAction\":[{\"@type\":\"SearchAction\",\"target\":{\"@type\":\"EntryPoint\",\"urlTemplate\":\"https:\/\/vacances-seasonova.com\/fr\/?s={search_term_string}\"},\"query-input\":\"required name=search_term_string\"}],\"inLanguage\":\"de-DE\"},{\"@type\":\"ImageObject\",\"@id\":\"https:\/\/vacances-seasonova.com\/fr\/sejours-a-theme\/#primaryimage\",\"inLanguage\":\"de-DE\",\"url\":\"https:\/\/vacances-seasonova.com\/wp-content\/uploads\/2020\/03\/feu-seasonova.jpeg\",\"contentUrl\":\"https:\/\/vacances-seasonova.com\/wp-content\/uploads\/2020\/03\/feu-seasonova.jpeg\",\"width\":4500,\"height\":3000,\"caption\":\"Feu Seasonova\"},{\"@type\":\"WebPage\",\"@id\":\"https:\/\/vacances-seasonova.com\/fr\/sejours-a-theme\/#webpage\",\"url\":\"https:\/\/vacances-seasonova.com\/fr\/sejours-a-theme\/\",\"name\":\"Id\u00e9es S\u00e9jours en camping - Seasonova\",\"isPartOf\":{\"@id\":\"https:\/\/vacances-seasonova.com\/fr\/#website\"},\"primaryImageOfPage\":{\"@id\":\"https:\/\/vacances-seasonova.com\/fr\/sejours-a-theme\/#primaryimage\"},\"datePublished\":\"2020-06-08T13:16:49+00:00\",\"dateModified\":\"2023-04-03T20:52:50+00:00\",\"description\":\"D\u00e9couvrez nos exp\u00e9riences Slow life dans chacun de nos campings Seasonova. (Re)trouver vos sensations d'aventuriers au contact de la nature\",\"breadcrumb\":{\"@id\":\"https:\/\/vacances-seasonova.com\/fr\/sejours-a-theme\/#breadcrumb\"},\"inLanguage\":\"de-DE\",\"potentialAction\":[{\"@type\":\"ReadAction\",\"target\":[\"https:\/\/vacances-seasonova.com\/fr\/sejours-a-theme\/\"]}]},{\"@type\":\"BreadcrumbList\",\"@id\":\"https:\/\/vacances-seasonova.com\/fr\/sejours-a-theme\/#breadcrumb\",\"itemListElement\":[{\"@type\":\"ListItem\",\"position\":1,\"name\":\"Accueil\",\"item\":\"https:\/\/vacances-seasonova.com\/nl\/\"},{\"@type\":\"ListItem\",\"position\":2,\"name\":\"Id\u00e9es S\u00e9jours en camping\"}]}]}<\/script>\n<!-- \/ Yoast SEO plugin. -->","yoast_head_json":{"description":"D\u00e9couvrez nos exp\u00e9riences Slow life dans chacun de nos campings Seasonova. (Re)trouver vos sensations d'aventuriers au contact de la nature","robots":{"index":"index","follow":"follow","max-snippet":"max-snippet:-1","max-image-preview":"max-image-preview:large","max-video-preview":"max-video-preview:-1"},"canonical":"https:\/\/vacances-seasonova.com\/de\/sejours-a-theme\/","og_locale":"de_DE","og_type":"article","og_title":"Id\u00e9es S\u00e9jours en camping - Seasonova","og_description":"D\u00e9couvrez nos exp\u00e9riences Slow life dans chacun de nos campings Seasonova. (Re)trouver vos sensations d'aventuriers au contact de la nature","og_url":"https:\/\/vacances-seasonova.com\/fr\/sejours-a-theme\/","og_site_name":"Seasonova","article_modified_time":"2023-04-03T20:52:50+00:00","og_image":[{"width":675,"height":450,"url":"https:\/\/vacances-seasonova.com\/wp-content\/uploads\/2020\/03\/feu-seasonova-675x450.jpeg","type":"image\/jpeg"}],"twitter_card":"summary","twitter_misc":{"Gesch\u00e4tzte Lesezeit":"3 Minuten"},"schema":{"@context":"https:\/\/schema.org","@graph":[{"@type":"WebSite","@id":"https:\/\/vacances-seasonova.com\/fr\/#website","url":"https:\/\/vacances-seasonova.com\/fr\/","name":"Seasonova","description":"","potentialAction":[{"@type":"SearchAction","target":{"@type":"EntryPoint","urlTemplate":"https:\/\/vacances-seasonova.com\/fr\/?s={search_term_string}"},"query-input":"required name=search_term_string"}],"inLanguage":"de-DE"},{"@type":"ImageObject","@id":"https:\/\/vacances-seasonova.com\/fr\/sejours-a-theme\/#primaryimage","inLanguage":"de-DE","url":"https:\/\/vacances-seasonova.com\/wp-content\/uploads\/2020\/03\/feu-seasonova.jpeg","contentUrl":"https:\/\/vacances-seasonova.com\/wp-content\/uploads\/2020\/03\/feu-seasonova.jpeg","width":4500,"height":3000,"caption":"Feu Seasonova"},{"@type":"WebPage","@id":"https:\/\/vacances-seasonova.com\/fr\/sejours-a-theme\/#webpage","url":"https:\/\/vacances-seasonova.com\/fr\/sejours-a-theme\/","name":"Id\u00e9es S\u00e9jours en camping - Seasonova","isPartOf":{"@id":"https:\/\/vacances-seasonova.com\/fr\/#website"},"primaryImageOfPage":{"@id":"https:\/\/vacances-seasonova.com\/fr\/sejours-a-theme\/#primaryimage"},"datePublished":"2020-06-08T13:16:49+00:00","dateModified":"2023-04-03T20:52:50+00:00","description":"D\u00e9couvrez nos exp\u00e9riences Slow life dans chacun de nos campings Seasonova. (Re)trouver vos sensations d'aventuriers au contact de la nature","breadcrumb":{"@id":"https:\/\/vacances-seasonova.com\/fr\/sejours-a-theme\/#breadcrumb"},"inLanguage":"de-DE","potentialAction":[{"@type":"ReadAction","target":["https:\/\/vacances-seasonova.com\/fr\/sejours-a-theme\/"]}]},{"@type":"BreadcrumbList","@id":"https:\/\/vacances-seasonova.com\/fr\/sejours-a-theme\/#breadcrumb","itemListElement":[{"@type":"ListItem","position":1,"name":"Accueil","item":"https:\/\/vacances-seasonova.com\/nl\/"},{"@type":"ListItem","position":2,"name":"Id\u00e9es S\u00e9jours en camping"}]}]}},"_links":{"self":[{"href":"https:\/\/vacances-seasonova.com\/de\/wp-json\/wp\/v2\/pages\/18882"}],"collection":[{"href":"https:\/\/vacances-seasonova.com\/de\/wp-json\/wp\/v2\/pages"}],"about":[{"href":"https:\/\/vacances-seasonova.com\/de\/wp-json\/wp\/v2\/types\/page"}],"author":[{"embeddable":true,"href":"https:\/\/vacances-seasonova.com\/de\/wp-json\/wp\/v2\/users\/2"}],"replies":[{"embeddable":true,"href":"https:\/\/vacances-seasonova.com\/de\/wp-json\/wp\/v2\/comments?post=18882"}],"version-history":[{"count":8,"href":"https:\/\/vacances-seasonova.com\/de\/wp-json\/wp\/v2\/pages\/18882\/revisions"}],"predecessor-version":[{"id":37259,"href":"https:\/\/vacances-seasonova.com\/de\/wp-json\/wp\/v2\/pages\/18882\/revisions\/37259"}],"wp:featuredmedia":[{"embeddable":true,"href":"https:\/\/vacances-seasonova.com\/de\/wp-json\/wp\/v2\/media\/17326"}],"wp:attachment":[{"href":"https:\/\/vacances-seasonova.com\/de\/wp-json\/wp\/v2\/media?parent=18882"}],"curies":[{"name":"wp","href":"https:\/\/api.w.org\/{rel}","templated":true}]}}