    {"id":189,"date":"2016-09-20T14:49:21","date_gmt":"2016-09-20T13:49:21","guid":{"rendered":"http:\/\/vacances-seasonova.com\/?page_id=189"},"modified":"2021-04-12T09:08:18","modified_gmt":"2021-04-12T07:08:18","slug":"partenaires","status":"publish","type":"page","link":"https:\/\/vacances-seasonova.com\/de\/unsere-partner\/","title":{"rendered":"Unsere Partner"},"content":{"rendered":"<p>Romain DESCLOS, F\u00fchrer und Dozent in der Normandie, l\u00e4dt Sie ein, mit ihm die H\u00f6hen der D-Day-Landungen zu entdecken. Der Ausflug (ca. 4 Stunden) bietet Ihnen ein herrliches Panorama des k\u00fcnstlichen Hafens von Arromanches, dann besuchen wir die deutschen Batterien von Longues-sur-Mer, eines der sch\u00f6nsten \u00dcberbleibsel des Atlantikwalls. Der Besuch f\u00fchrt uns dann zum Omaha Beach, mit Blick auf den amerikanischen Friedhof, den wir umrunden werden. Zum Abschluss entdecken wir den deutschen Soldatenfriedhof von La Cambe, auf dem mehr als 21.000 Soldaten begraben sind, was ihn zu einer der wichtigsten milit\u00e4rischen Nekropolen Frankreichs macht. Um mehr dar\u00fcber zu erfahren, gehen Sie <a href=\"https:\/\/www.normandie-visite.com\/\">hier<\/a>!<\/p>\n<p><img loading=\"lazy\" class=\"size-full wp-image-21174 aligncenter\" src=\"https:\/\/vacances-seasonova.com\/wp-content\/uploads\/2018\/02\/normandie-visite-logo.png\" alt=\"\" width=\"565\" height=\"442\" srcset=\"https:\/\/vacances-seasonova.com\/wp-content\/uploads\/2018\/02\/normandie-visite-logo.png 565w, https:\/\/vacances-seasonova.com\/wp-content\/uploads\/2018\/02\/normandie-visite-logo-300x235.png 300w\" sizes=\"(max-width: 565px) 100vw, 565px\" \/><\/p>","protected":false},"excerpt":{"rendered":"<p>Romain DESCLOS, F\u00fchrer und Dozent in der Normandie, l\u00e4dt Sie ein, mit ihm die H\u00f6hen der D-Day-Landungen zu entdecken. Der Ausflug (ca. 4 Stunden) bietet Ihnen ein herrliches Panorama des k\u00fcnstlichen Hafens von [&#8230;]<\/p>\n","protected":false},"author":3,"featured_media":52,"parent":0,"menu_order":0,"comment_status":"closed","ping_status":"closed","template":"page.php","meta":[],"yoast_head":"<!-- This site is optimized with the Yoast SEO plugin v18.1 - https:\/\/yoast.com\/wordpress\/plugins\/seo\/ -->\n<meta name=\"robots\" content=\"index, follow, max-snippet:-1, max-image-preview:large, max-video-preview:-1\" \/>\n<link rel=\"canonical\" href=\"https:\/\/vacances-seasonova.com\/de\/partenaires\/\" \/>\n<meta property=\"og:locale\" content=\"de_DE\" \/>\n<meta property=\"og:type\" content=\"article\" \/>\n<meta property=\"og:title\" content=\"Partenaires - Seasonova\" \/>\n<meta property=\"og:description\" content=\"Romain DESCLOS, F\u00fchrer und Dozent in der Normandie, l\u00e4dt Sie ein, mit ihm die H\u00f6hen der D-Day-Landungen zu entdecken. Der Ausflug (ca. 4 Stunden) bietet Ihnen ein herrliches Panorama des k\u00fcnstlichen Hafens von [...]\" \/>\n<meta property=\"og:url\" content=\"https:\/\/vacances-seasonova.com\/nl\/partenaires\/\" \/>\n<meta property=\"og:site_name\" content=\"Seasonova\" \/>\n<meta property=\"article:modified_time\" content=\"2021-04-12T07:08:18+00:00\" \/>\n<meta property=\"og:image\" content=\"https:\/\/vacances-seasonova.com\/wp-content\/uploads\/2016\/09\/bg-esprit-seasonova.jpg\" \/>\n\t<meta property=\"og:image:width\" content=\"1480\" \/>\n\t<meta property=\"og:image:height\" content=\"450\" \/>\n\t<meta property=\"og:image:type\" content=\"image\/jpeg\" \/>\n<meta name=\"twitter:card\" content=\"summary\" \/>\n<meta name=\"twitter:label1\" content=\"Gesch\u00e4tzte Lesezeit\" \/>\n\t<meta name=\"twitter:data1\" content=\"2 Minuten\" \/>\n<script type=\"application\/ld+json\" class=\"yoast-schema-graph\">{\"@context\":\"https:\/\/schema.org\",\"@graph\":[{\"@type\":\"WebSite\",\"@id\":\"https:\/\/vacances-seasonova.com\/fr\/#website\",\"url\":\"https:\/\/vacances-seasonova.com\/fr\/\",\"name\":\"Seasonova\",\"description\":\"\",\"potentialAction\":[{\"@type\":\"SearchAction\",\"target\":{\"@type\":\"EntryPoint\",\"urlTemplate\":\"https:\/\/vacances-seasonova.com\/fr\/?s={search_term_string}\"},\"query-input\":\"required name=search_term_string\"}],\"inLanguage\":\"de-DE\"},{\"@type\":\"ImageObject\",\"@id\":\"https:\/\/vacances-seasonova.com\/nl\/partenaires\/#primaryimage\",\"inLanguage\":\"de-DE\",\"url\":\"https:\/\/vacances-seasonova.com\/wp-content\/uploads\/2016\/09\/bg-esprit-seasonova.jpg\",\"contentUrl\":\"https:\/\/vacances-seasonova.com\/wp-content\/uploads\/2016\/09\/bg-esprit-seasonova.jpg\",\"width\":1480,\"height\":450,\"caption\":\"FAQ camping nature Seasonova\"},{\"@type\":\"WebPage\",\"@id\":\"https:\/\/vacances-seasonova.com\/nl\/partenaires\/#webpage\",\"url\":\"https:\/\/vacances-seasonova.com\/nl\/partenaires\/\",\"name\":\"Partenaires - Seasonova\",\"isPartOf\":{\"@id\":\"https:\/\/vacances-seasonova.com\/fr\/#website\"},\"primaryImageOfPage\":{\"@id\":\"https:\/\/vacances-seasonova.com\/nl\/partenaires\/#primaryimage\"},\"datePublished\":\"2016-09-20T13:49:21+00:00\",\"dateModified\":\"2021-04-12T07:08:18+00:00\",\"breadcrumb\":{\"@id\":\"https:\/\/vacances-seasonova.com\/nl\/partenaires\/#breadcrumb\"},\"inLanguage\":\"de-DE\",\"potentialAction\":[{\"@type\":\"ReadAction\",\"target\":[\"https:\/\/vacances-seasonova.com\/nl\/partenaires\/\"]}]},{\"@type\":\"BreadcrumbList\",\"@id\":\"https:\/\/vacances-seasonova.com\/nl\/partenaires\/#breadcrumb\",\"itemListElement\":[{\"@type\":\"ListItem\",\"position\":1,\"name\":\"Accueil\",\"item\":\"https:\/\/vacances-seasonova.com\/nl\/\"},{\"@type\":\"ListItem\",\"position\":2,\"name\":\"Partenaires\"}]}]}<\/script>\n<!-- \/ Yoast SEO plugin. -->","yoast_head_json":{"robots":{"index":"index","follow":"follow","max-snippet":"max-snippet:-1","max-image-preview":"max-image-preview:large","max-video-preview":"max-video-preview:-1"},"canonical":"https:\/\/vacances-seasonova.com\/de\/partenaires\/","og_locale":"de_DE","og_type":"article","og_title":"Partenaires - Seasonova","og_description":"Romain DESCLOS, F\u00fchrer und Dozent in der Normandie, l\u00e4dt Sie ein, mit ihm die H\u00f6hen der D-Day-Landungen zu entdecken. Der Ausflug (ca. 4 Stunden) bietet Ihnen ein herrliches Panorama des k\u00fcnstlichen Hafens von [...]","og_url":"https:\/\/vacances-seasonova.com\/nl\/partenaires\/","og_site_name":"Seasonova","article_modified_time":"2021-04-12T07:08:18+00:00","og_image":[{"width":1480,"height":450,"url":"https:\/\/vacances-seasonova.com\/wp-content\/uploads\/2016\/09\/bg-esprit-seasonova.jpg","type":"image\/jpeg"}],"twitter_card":"summary","twitter_misc":{"Gesch\u00e4tzte Lesezeit":"2 Minuten"},"schema":{"@context":"https:\/\/schema.org","@graph":[{"@type":"WebSite","@id":"https:\/\/vacances-seasonova.com\/fr\/#website","url":"https:\/\/vacances-seasonova.com\/fr\/","name":"Seasonova","description":"","potentialAction":[{"@type":"SearchAction","target":{"@type":"EntryPoint","urlTemplate":"https:\/\/vacances-seasonova.com\/fr\/?s={search_term_string}"},"query-input":"required name=search_term_string"}],"inLanguage":"de-DE"},{"@type":"ImageObject","@id":"https:\/\/vacances-seasonova.com\/nl\/partenaires\/#primaryimage","inLanguage":"de-DE","url":"https:\/\/vacances-seasonova.com\/wp-content\/uploads\/2016\/09\/bg-esprit-seasonova.jpg","contentUrl":"https:\/\/vacances-seasonova.com\/wp-content\/uploads\/2016\/09\/bg-esprit-seasonova.jpg","width":1480,"height":450,"caption":"FAQ camping nature Seasonova"},{"@type":"WebPage","@id":"https:\/\/vacances-seasonova.com\/nl\/partenaires\/#webpage","url":"https:\/\/vacances-seasonova.com\/nl\/partenaires\/","name":"Partenaires - Seasonova","isPartOf":{"@id":"https:\/\/vacances-seasonova.com\/fr\/#website"},"primaryImageOfPage":{"@id":"https:\/\/vacances-seasonova.com\/nl\/partenaires\/#primaryimage"},"datePublished":"2016-09-20T13:49:21+00:00","dateModified":"2021-04-12T07:08:18+00:00","breadcrumb":{"@id":"https:\/\/vacances-seasonova.com\/nl\/partenaires\/#breadcrumb"},"inLanguage":"de-DE","potentialAction":[{"@type":"ReadAction","target":["https:\/\/vacances-seasonova.com\/nl\/partenaires\/"]}]},{"@type":"BreadcrumbList","@id":"https:\/\/vacances-seasonova.com\/nl\/partenaires\/#breadcrumb","itemListElement":[{"@type":"ListItem","position":1,"name":"Accueil","item":"https:\/\/vacances-seasonova.com\/nl\/"},{"@type":"ListItem","position":2,"name":"Partenaires"}]}]}},"_links":{"self":[{"href":"https:\/\/vacances-seasonova.com\/de\/wp-json\/wp\/v2\/pages\/189"}],"collection":[{"href":"https:\/\/vacances-seasonova.com\/de\/wp-json\/wp\/v2\/pages"}],"about":[{"href":"https:\/\/vacances-seasonova.com\/de\/wp-json\/wp\/v2\/types\/page"}],"author":[{"embeddable":true,"href":"https:\/\/vacances-seasonova.com\/de\/wp-json\/wp\/v2\/users\/3"}],"replies":[{"embeddable":true,"href":"https:\/\/vacances-seasonova.com\/de\/wp-json\/wp\/v2\/comments?post=189"}],"version-history":[{"count":0,"href":"https:\/\/vacances-seasonova.com\/de\/wp-json\/wp\/v2\/pages\/189\/revisions"}],"wp:featuredmedia":[{"embeddable":true,"href":"https:\/\/vacances-seasonova.com\/de\/wp-json\/wp\/v2\/media\/52"}],"wp:attachment":[{"href":"https:\/\/vacances-seasonova.com\/de\/wp-json\/wp\/v2\/media?parent=189"}],"curies":[{"name":"wp","href":"https:\/\/api.w.org\/{rel}","templated":true}]}}