    {"id":191,"date":"2016-09-20T14:50:31","date_gmt":"2016-09-20T13:50:31","guid":{"rendered":"http:\/\/vacances-seasonova.com\/?page_id=191"},"modified":"2025-08-29T10:35:41","modified_gmt":"2025-08-29T08:35:41","slug":"comites-dentreprise","status":"publish","type":"page","link":"https:\/\/vacances-seasonova.com\/de\/angebote-fuer-unternehmen\/","title":{"rendered":"Offres Comit\u00e9s d&#8217;entreprise"},"content":{"rendered":"<p><\/p>\n<h3>GEMEINSAME FERIEN IN V\u00d6LLIGER GELASSENHEIT<\/h3>\n<p>Wenn Sie Ihren Mitarbeitern einen Urlaub in einer der SEASONOVA-Destinationen anbieten, haben Sie die Gewissheit, Momente der Entspannung und Geselligkeit in einer bewahrten Umgebung zu erleben und hochwertige Dienstleistungen in Anspruch zu nehmen.<\/p>\n<h3>Campingpl\u00e4tze mit 3 und 4 Sternen f\u00fcr jedermanns Zufriedenheit.<\/h3>\n<p>Die Ferien einer neuen Saison, als Paar, als Familie oder mit Freunden, wir bieten Ihnen Eskapaden in menschengerechten Campingpl\u00e4tzen, wo das Wohlbefinden und die Natur immer im Vordergrund stehen&#8230;<\/p>\n<p>Camping am Meer oder Camping auf dem Lande f\u00fcr einen erf\u00fcllten Familienurlaub. Lassen Sie Ihre Mitarbeiter in den Ferien von Ostern bis Allerheiligen den Camping mit Hallenbad genie\u00dfen.<\/p>\n<h3>ANGEBOTE F\u00dcR UNTERNEHMEN<\/h3>\n<p><a href=\"https:\/\/vacances-seasonova.com\/wp-content\/uploads\/2019\/02\/plaquette-CE.pdf\" download=\"plaquette-CE\">Laden Sie hier unsere Brosch\u00fcre herunter<\/a><\/p>\n<div class=\"col-lg-4 col-md-4 block-offre-tarif\">\n<p class=\"block-img\"><img loading=\"lazy\" class=\"alignnone wp-image-9854\" src=\"https:\/\/vacances-seasonova.com\/wp-content\/uploads\/2019\/02\/VIGNETTE-Formule-Privile\u0300ge-CE.jpg\" alt=\"\" width=\"300\" height=\"211\" \/><\/p>\n<h3 class=\"titre-promo-tarif\">Privileg CE-Formel<\/h3>\n<p class=\"block-img\">Es erm\u00f6glicht Ihnen, w\u00e4hrend der gesamten Saison Rabatte auf allen SEASONOVA-Campingpl\u00e4tzen zu erhalten.<\/p>\n<p><a href=\"\/formule-privilege-ce\"><button class=\"btn-acoce\" type=\"button\">En Savoir Plus<\/button><\/a><\/p>\n<\/div>\n<div class=\"col-lg-4 col-md-4 block-offre-tarif\">\n<p class=\"block-img\"><img loading=\"lazy\" class=\"alignnone wp-image-9853\" src=\"https:\/\/vacances-seasonova.com\/wp-content\/uploads\/2019\/02\/VIGNETTE-BOUQUET-DE-SEMAINE-CE.jpg\" alt=\"\" width=\"300\" height=\"211\" \/><\/p>\n<h3 class=\"titre-promo-tarif\">Wochenangebot<\/h3>\n<p class=\"block-img\">Nutzen Sie dieses &#8222;Wochenpaket&#8220;-Angebot, um Ihren Mitarbeitern die M\u00f6glichkeit zu geben, zu sehr attraktiven Preisen in den Urlaub zu fahren.<\/p>\n<p><a href=\"\/bouquet-de-semaines\"><button class=\"btn-acoce\" type=\"button\">En Savoir Plus<\/button><\/a><\/p>\n<\/div>\n<div class=\"col-lg-4 col-md-4 block-offre-tarif\">\n<p class=\"block-img\"><img loading=\"lazy\" class=\"alignnone wp-image-9855\" src=\"https:\/\/vacances-seasonova.com\/wp-content\/uploads\/2019\/02\/VIGNETTE-LINEAIRE-CE.jpg\" alt=\"\" width=\"300\" height=\"211\" \/><\/p>\n<h3 class=\"titre-promo-tarif\">Lin\u00e9aire<\/h3>\n<p class=\"block-img\">M\u00f6chten Sie Ihren Mitarbeitern eine Ferienunterkunft im Sommer oder au\u00dferhalb der Saison garantieren? W\u00e4hlen Sie die Option Lineare.<\/p>\n<p><a href=\"\/lineaire\/\"><button class=\"btn-acoce\" type=\"button\">Contactez-nous<\/button><\/a><\/p>\n<\/div>\n<p><\/p>","protected":false},"excerpt":{"rendered":"<p>GEMEINSAME FERIEN IN V\u00d6LLIGER GELASSENHEIT Wenn Sie Ihren Mitarbeitern einen Urlaub in einer der SEASONOVA-Destinationen anbieten, haben Sie die Gewissheit, Momente der Entspannung und Geselligkeit in einer bewahrten [&#8230;]<\/p>\n","protected":false},"author":3,"featured_media":52,"parent":0,"menu_order":0,"comment_status":"closed","ping_status":"closed","template":"page-promo.php","meta":[],"yoast_head":"<!-- This site is optimized with the Yoast SEO plugin v18.1 - https:\/\/yoast.com\/wordpress\/plugins\/seo\/ -->\n<meta name=\"robots\" content=\"index, follow, max-snippet:-1, max-image-preview:large, max-video-preview:-1\" \/>\n<link rel=\"canonical\" href=\"https:\/\/vacances-seasonova.com\/de\/lodging-employee-committees\/\" \/>\n<meta property=\"og:locale\" content=\"de_DE\" \/>\n<meta property=\"og:type\" content=\"article\" \/>\n<meta property=\"og:title\" content=\"Offres Comit\u00e9s d&rsquo;entreprise - Seasonova\" \/>\n<meta property=\"og:description\" content=\"GEMEINSAME FERIEN IN V\u00d6LLIGER GELASSENHEIT Wenn Sie Ihren Mitarbeitern einen Urlaub in einer der SEASONOVA-Destinationen anbieten, haben Sie die Gewissheit, Momente der Entspannung und Geselligkeit in einer bewahrten [...]\" \/>\n<meta property=\"og:url\" content=\"https:\/\/vacances-seasonova.com\/en\/lodging-employee-committees\/\" \/>\n<meta property=\"og:site_name\" content=\"Seasonova\" \/>\n<meta property=\"article:modified_time\" content=\"2025-08-29T08:35:41+00:00\" \/>\n<meta property=\"og:image\" content=\"https:\/\/vacances-seasonova.com\/wp-content\/uploads\/2016\/09\/bg-esprit-seasonova.jpg\" \/>\n\t<meta property=\"og:image:width\" content=\"1480\" \/>\n\t<meta property=\"og:image:height\" content=\"450\" \/>\n\t<meta property=\"og:image:type\" content=\"image\/jpeg\" \/>\n<meta name=\"twitter:card\" content=\"summary\" \/>\n<meta name=\"twitter:label1\" content=\"Gesch\u00e4tzte Lesezeit\" \/>\n\t<meta name=\"twitter:data1\" content=\"4 Minuten\" \/>\n<script type=\"application\/ld+json\" class=\"yoast-schema-graph\">{\"@context\":\"https:\/\/schema.org\",\"@graph\":[{\"@type\":\"WebSite\",\"@id\":\"https:\/\/vacances-seasonova.com\/fr\/#website\",\"url\":\"https:\/\/vacances-seasonova.com\/fr\/\",\"name\":\"Seasonova\",\"description\":\"\",\"potentialAction\":[{\"@type\":\"SearchAction\",\"target\":{\"@type\":\"EntryPoint\",\"urlTemplate\":\"https:\/\/vacances-seasonova.com\/fr\/?s={search_term_string}\"},\"query-input\":\"required name=search_term_string\"}],\"inLanguage\":\"de-DE\"},{\"@type\":\"ImageObject\",\"@id\":\"https:\/\/vacances-seasonova.com\/en\/lodging-employee-committees\/#primaryimage\",\"inLanguage\":\"de-DE\",\"url\":\"https:\/\/vacances-seasonova.com\/wp-content\/uploads\/2016\/09\/bg-esprit-seasonova.jpg\",\"contentUrl\":\"https:\/\/vacances-seasonova.com\/wp-content\/uploads\/2016\/09\/bg-esprit-seasonova.jpg\",\"width\":1480,\"height\":450,\"caption\":\"FAQ camping nature Seasonova\"},{\"@type\":\"WebPage\",\"@id\":\"https:\/\/vacances-seasonova.com\/en\/lodging-employee-committees\/#webpage\",\"url\":\"https:\/\/vacances-seasonova.com\/en\/lodging-employee-committees\/\",\"name\":\"Offres Comit\u00e9s d&rsquo;entreprise - Seasonova\",\"isPartOf\":{\"@id\":\"https:\/\/vacances-seasonova.com\/fr\/#website\"},\"primaryImageOfPage\":{\"@id\":\"https:\/\/vacances-seasonova.com\/en\/lodging-employee-committees\/#primaryimage\"},\"datePublished\":\"2016-09-20T13:50:31+00:00\",\"dateModified\":\"2025-08-29T08:35:41+00:00\",\"breadcrumb\":{\"@id\":\"https:\/\/vacances-seasonova.com\/en\/lodging-employee-committees\/#breadcrumb\"},\"inLanguage\":\"de-DE\",\"potentialAction\":[{\"@type\":\"ReadAction\",\"target\":[\"https:\/\/vacances-seasonova.com\/en\/lodging-employee-committees\/\"]}]},{\"@type\":\"BreadcrumbList\",\"@id\":\"https:\/\/vacances-seasonova.com\/en\/lodging-employee-committees\/#breadcrumb\",\"itemListElement\":[{\"@type\":\"ListItem\",\"position\":1,\"name\":\"Accueil\",\"item\":\"https:\/\/vacances-seasonova.com\/nl\/\"},{\"@type\":\"ListItem\",\"position\":2,\"name\":\"Offres Comit\u00e9s d&#8217;entreprise\"}]}]}<\/script>\n<!-- \/ Yoast SEO plugin. -->","yoast_head_json":{"robots":{"index":"index","follow":"follow","max-snippet":"max-snippet:-1","max-image-preview":"max-image-preview:large","max-video-preview":"max-video-preview:-1"},"canonical":"https:\/\/vacances-seasonova.com\/de\/lodging-employee-committees\/","og_locale":"de_DE","og_type":"article","og_title":"Offres Comit\u00e9s d&rsquo;entreprise - Seasonova","og_description":"GEMEINSAME FERIEN IN V\u00d6LLIGER GELASSENHEIT Wenn Sie Ihren Mitarbeitern einen Urlaub in einer der SEASONOVA-Destinationen anbieten, haben Sie die Gewissheit, Momente der Entspannung und Geselligkeit in einer bewahrten [...]","og_url":"https:\/\/vacances-seasonova.com\/en\/lodging-employee-committees\/","og_site_name":"Seasonova","article_modified_time":"2025-08-29T08:35:41+00:00","og_image":[{"width":1480,"height":450,"url":"https:\/\/vacances-seasonova.com\/wp-content\/uploads\/2016\/09\/bg-esprit-seasonova.jpg","type":"image\/jpeg"}],"twitter_card":"summary","twitter_misc":{"Gesch\u00e4tzte Lesezeit":"4 Minuten"},"schema":{"@context":"https:\/\/schema.org","@graph":[{"@type":"WebSite","@id":"https:\/\/vacances-seasonova.com\/fr\/#website","url":"https:\/\/vacances-seasonova.com\/fr\/","name":"Seasonova","description":"","potentialAction":[{"@type":"SearchAction","target":{"@type":"EntryPoint","urlTemplate":"https:\/\/vacances-seasonova.com\/fr\/?s={search_term_string}"},"query-input":"required name=search_term_string"}],"inLanguage":"de-DE"},{"@type":"ImageObject","@id":"https:\/\/vacances-seasonova.com\/en\/lodging-employee-committees\/#primaryimage","inLanguage":"de-DE","url":"https:\/\/vacances-seasonova.com\/wp-content\/uploads\/2016\/09\/bg-esprit-seasonova.jpg","contentUrl":"https:\/\/vacances-seasonova.com\/wp-content\/uploads\/2016\/09\/bg-esprit-seasonova.jpg","width":1480,"height":450,"caption":"FAQ camping nature Seasonova"},{"@type":"WebPage","@id":"https:\/\/vacances-seasonova.com\/en\/lodging-employee-committees\/#webpage","url":"https:\/\/vacances-seasonova.com\/en\/lodging-employee-committees\/","name":"Offres Comit\u00e9s d&rsquo;entreprise - Seasonova","isPartOf":{"@id":"https:\/\/vacances-seasonova.com\/fr\/#website"},"primaryImageOfPage":{"@id":"https:\/\/vacances-seasonova.com\/en\/lodging-employee-committees\/#primaryimage"},"datePublished":"2016-09-20T13:50:31+00:00","dateModified":"2025-08-29T08:35:41+00:00","breadcrumb":{"@id":"https:\/\/vacances-seasonova.com\/en\/lodging-employee-committees\/#breadcrumb"},"inLanguage":"de-DE","potentialAction":[{"@type":"ReadAction","target":["https:\/\/vacances-seasonova.com\/en\/lodging-employee-committees\/"]}]},{"@type":"BreadcrumbList","@id":"https:\/\/vacances-seasonova.com\/en\/lodging-employee-committees\/#breadcrumb","itemListElement":[{"@type":"ListItem","position":1,"name":"Accueil","item":"https:\/\/vacances-seasonova.com\/nl\/"},{"@type":"ListItem","position":2,"name":"Offres Comit\u00e9s d&#8217;entreprise"}]}]}},"_links":{"self":[{"href":"https:\/\/vacances-seasonova.com\/de\/wp-json\/wp\/v2\/pages\/191"}],"collection":[{"href":"https:\/\/vacances-seasonova.com\/de\/wp-json\/wp\/v2\/pages"}],"about":[{"href":"https:\/\/vacances-seasonova.com\/de\/wp-json\/wp\/v2\/types\/page"}],"author":[{"embeddable":true,"href":"https:\/\/vacances-seasonova.com\/de\/wp-json\/wp\/v2\/users\/3"}],"replies":[{"embeddable":true,"href":"https:\/\/vacances-seasonova.com\/de\/wp-json\/wp\/v2\/comments?post=191"}],"version-history":[{"count":2,"href":"https:\/\/vacances-seasonova.com\/de\/wp-json\/wp\/v2\/pages\/191\/revisions"}],"predecessor-version":[{"id":51864,"href":"https:\/\/vacances-seasonova.com\/de\/wp-json\/wp\/v2\/pages\/191\/revisions\/51864"}],"wp:featuredmedia":[{"embeddable":true,"href":"https:\/\/vacances-seasonova.com\/de\/wp-json\/wp\/v2\/media\/52"}],"wp:attachment":[{"href":"https:\/\/vacances-seasonova.com\/de\/wp-json\/wp\/v2\/media?parent=191"}],"curies":[{"name":"wp","href":"https:\/\/api.w.org\/{rel}","templated":true}]}}