    {"id":19193,"date":"2020-06-29T12:14:27","date_gmt":"2020-06-29T10:14:27","guid":{"rendered":"https:\/\/vacances-seasonova.com\/fr\/?page_id=19193"},"modified":"2021-05-19T16:16:01","modified_gmt":"2021-05-19T14:16:01","slug":"chers-vacanciers","status":"publish","type":"page","link":"https:\/\/vacances-seasonova.com\/de\/liebe-feriengaeste\/","title":{"rendered":"Liebe Ferieng\u00e4ste"},"content":{"rendered":"<p><\/p>\n<h2 style=\"text-align: center;\"><\/h2>\n<h3 style=\"text-align: center;\">Wir hoffen, Sie genie\u00dfen Ihren Aufenthalt auf unseren <strong>Seasonova Campingpl\u00e4tzen.<\/strong><\/h3>\n<h4 style=\"text-align: center;\">Vor Ihrer Abreise danken wir Ihnen f\u00fcr:<\/h4>\n<ul>\n<li>Vereinbaren Sie so bald wie m\u00f6glich einen Termin f\u00fcr die <strong>\u00dcbergabe der Unterunkunft vor Abreise<\/strong> an der Rezeption. (<strong>Abfahrt vor 10 Uhr<\/strong>).<\/li>\n<\/ul>\n<ul>\n<li>Entfernen Sie die <strong>Einwegeinlagen<\/strong>, nehmen Sie daf\u00fcr einen zugebundenen M\u00fcllsack und werfen Sie ihn in den Container.<\/li>\n<\/ul>\n<ul>\n<li>Lassen Sie alle <strong>Fenster<\/strong> offen, ebenso die Schrankt\u00fcren.<\/li>\n<\/ul>\n<ul>\n<li>Stellen Sie das <strong>Geschirr auf den Tisch<\/strong>.<\/li>\n<\/ul>\n<ul>\n<li>Wenn Sie von uns <strong>Bettw\u00e4sche<\/strong> zur Verf\u00fcgung gestellt bekommen haben, bitten wir Sie, diese zu entfernen und abgedeckt auf die Terrasse zu stellen.<\/li>\n<\/ul>\n<p style=\"text-align: center;\">Zum Schluss vergessen Sie bitte nicht, uns Ihren <strong>Bewertungsbogen<\/strong> zu geben. &#x1f60a;<\/p>\n<p style=\"text-align: center;\">Das gesamte Team dankt Ihnen f\u00fcr die Zusammenarbeit!<br \/>\nBis bald auf einem unserer <strong>Seasonova Campingpl\u00e4tzen<\/strong>!<\/p>\n<p><\/p>","protected":false},"excerpt":{"rendered":"<p>Wir hoffen, Sie genie\u00dfen Ihren Aufenthalt auf unseren Seasonova Campingpl\u00e4tzen. Vor Ihrer Abreise danken wir Ihnen f\u00fcr: Vereinbaren Sie so bald wie m\u00f6glich einen Termin f\u00fcr die \u00dcbergabe der Unterunkunft vor Abreise an [&#8230;]<\/p>\n","protected":false},"author":2,"featured_media":16831,"parent":0,"menu_order":0,"comment_status":"closed","ping_status":"closed","template":"","meta":[],"yoast_head":"<!-- This site is optimized with the Yoast SEO plugin v18.1 - https:\/\/yoast.com\/wordpress\/plugins\/seo\/ -->\n<meta name=\"robots\" content=\"index, follow, max-snippet:-1, max-image-preview:large, max-video-preview:-1\" \/>\n<link rel=\"canonical\" href=\"https:\/\/vacances-seasonova.com\/de\/chers-vacanciers\/\" \/>\n<meta property=\"og:locale\" content=\"de_DE\" \/>\n<meta property=\"og:type\" content=\"article\" \/>\n<meta property=\"og:title\" content=\"Chers vacanciers - Seasonova\" \/>\n<meta property=\"og:description\" content=\"Wir hoffen, Sie genie\u00dfen Ihren Aufenthalt auf unseren Seasonova Campingpl\u00e4tzen. Vor Ihrer Abreise danken wir Ihnen f\u00fcr: Vereinbaren Sie so bald wie m\u00f6glich einen Termin f\u00fcr die \u00dcbergabe der Unterunkunft vor Abreise an [...]\" \/>\n<meta property=\"og:url\" content=\"https:\/\/vacances-seasonova.com\/nl\/chers-vacanciers\/\" \/>\n<meta property=\"og:site_name\" content=\"Seasonova\" \/>\n<meta property=\"article:modified_time\" content=\"2021-05-19T14:16:01+00:00\" \/>\n<meta property=\"og:image\" content=\"https:\/\/vacances-seasonova.com\/wp-content\/uploads\/2020\/02\/vacances-hamac-654x450.jpeg\" \/>\n\t<meta property=\"og:image:width\" content=\"654\" \/>\n\t<meta property=\"og:image:height\" content=\"450\" \/>\n\t<meta property=\"og:image:type\" content=\"image\/jpeg\" \/>\n<meta name=\"twitter:card\" content=\"summary\" \/>\n<meta name=\"twitter:label1\" content=\"Gesch\u00e4tzte Lesezeit\" \/>\n\t<meta name=\"twitter:data1\" content=\"3 Minuten\" \/>\n<script type=\"application\/ld+json\" class=\"yoast-schema-graph\">{\"@context\":\"https:\/\/schema.org\",\"@graph\":[{\"@type\":\"WebSite\",\"@id\":\"https:\/\/vacances-seasonova.com\/fr\/#website\",\"url\":\"https:\/\/vacances-seasonova.com\/fr\/\",\"name\":\"Seasonova\",\"description\":\"\",\"potentialAction\":[{\"@type\":\"SearchAction\",\"target\":{\"@type\":\"EntryPoint\",\"urlTemplate\":\"https:\/\/vacances-seasonova.com\/fr\/?s={search_term_string}\"},\"query-input\":\"required name=search_term_string\"}],\"inLanguage\":\"de-DE\"},{\"@type\":\"ImageObject\",\"@id\":\"https:\/\/vacances-seasonova.com\/nl\/chers-vacanciers\/#primaryimage\",\"inLanguage\":\"de-DE\",\"url\":\"https:\/\/vacances-seasonova.com\/wp-content\/uploads\/2020\/02\/vacances-hamac-e1654607851528.jpeg\",\"contentUrl\":\"https:\/\/vacances-seasonova.com\/wp-content\/uploads\/2020\/02\/vacances-hamac-e1654607851528.jpeg\",\"width\":1920,\"height\":1321,\"caption\":\"hamac Seasonova\"},{\"@type\":\"WebPage\",\"@id\":\"https:\/\/vacances-seasonova.com\/nl\/chers-vacanciers\/#webpage\",\"url\":\"https:\/\/vacances-seasonova.com\/nl\/chers-vacanciers\/\",\"name\":\"Chers vacanciers - Seasonova\",\"isPartOf\":{\"@id\":\"https:\/\/vacances-seasonova.com\/fr\/#website\"},\"primaryImageOfPage\":{\"@id\":\"https:\/\/vacances-seasonova.com\/nl\/chers-vacanciers\/#primaryimage\"},\"datePublished\":\"2020-06-29T10:14:27+00:00\",\"dateModified\":\"2021-05-19T14:16:01+00:00\",\"breadcrumb\":{\"@id\":\"https:\/\/vacances-seasonova.com\/nl\/chers-vacanciers\/#breadcrumb\"},\"inLanguage\":\"de-DE\",\"potentialAction\":[{\"@type\":\"ReadAction\",\"target\":[\"https:\/\/vacances-seasonova.com\/nl\/chers-vacanciers\/\"]}]},{\"@type\":\"BreadcrumbList\",\"@id\":\"https:\/\/vacances-seasonova.com\/nl\/chers-vacanciers\/#breadcrumb\",\"itemListElement\":[{\"@type\":\"ListItem\",\"position\":1,\"name\":\"Accueil\",\"item\":\"https:\/\/vacances-seasonova.com\/nl\/\"},{\"@type\":\"ListItem\",\"position\":2,\"name\":\"Chers vacanciers\"}]}]}<\/script>\n<!-- \/ Yoast SEO plugin. -->","yoast_head_json":{"robots":{"index":"index","follow":"follow","max-snippet":"max-snippet:-1","max-image-preview":"max-image-preview:large","max-video-preview":"max-video-preview:-1"},"canonical":"https:\/\/vacances-seasonova.com\/de\/chers-vacanciers\/","og_locale":"de_DE","og_type":"article","og_title":"Chers vacanciers - Seasonova","og_description":"Wir hoffen, Sie genie\u00dfen Ihren Aufenthalt auf unseren Seasonova Campingpl\u00e4tzen. Vor Ihrer Abreise danken wir Ihnen f\u00fcr: Vereinbaren Sie so bald wie m\u00f6glich einen Termin f\u00fcr die \u00dcbergabe der Unterunkunft vor Abreise an [...]","og_url":"https:\/\/vacances-seasonova.com\/nl\/chers-vacanciers\/","og_site_name":"Seasonova","article_modified_time":"2021-05-19T14:16:01+00:00","og_image":[{"width":654,"height":450,"url":"https:\/\/vacances-seasonova.com\/wp-content\/uploads\/2020\/02\/vacances-hamac-654x450.jpeg","type":"image\/jpeg"}],"twitter_card":"summary","twitter_misc":{"Gesch\u00e4tzte Lesezeit":"3 Minuten"},"schema":{"@context":"https:\/\/schema.org","@graph":[{"@type":"WebSite","@id":"https:\/\/vacances-seasonova.com\/fr\/#website","url":"https:\/\/vacances-seasonova.com\/fr\/","name":"Seasonova","description":"","potentialAction":[{"@type":"SearchAction","target":{"@type":"EntryPoint","urlTemplate":"https:\/\/vacances-seasonova.com\/fr\/?s={search_term_string}"},"query-input":"required name=search_term_string"}],"inLanguage":"de-DE"},{"@type":"ImageObject","@id":"https:\/\/vacances-seasonova.com\/nl\/chers-vacanciers\/#primaryimage","inLanguage":"de-DE","url":"https:\/\/vacances-seasonova.com\/wp-content\/uploads\/2020\/02\/vacances-hamac-e1654607851528.jpeg","contentUrl":"https:\/\/vacances-seasonova.com\/wp-content\/uploads\/2020\/02\/vacances-hamac-e1654607851528.jpeg","width":1920,"height":1321,"caption":"hamac Seasonova"},{"@type":"WebPage","@id":"https:\/\/vacances-seasonova.com\/nl\/chers-vacanciers\/#webpage","url":"https:\/\/vacances-seasonova.com\/nl\/chers-vacanciers\/","name":"Chers vacanciers - Seasonova","isPartOf":{"@id":"https:\/\/vacances-seasonova.com\/fr\/#website"},"primaryImageOfPage":{"@id":"https:\/\/vacances-seasonova.com\/nl\/chers-vacanciers\/#primaryimage"},"datePublished":"2020-06-29T10:14:27+00:00","dateModified":"2021-05-19T14:16:01+00:00","breadcrumb":{"@id":"https:\/\/vacances-seasonova.com\/nl\/chers-vacanciers\/#breadcrumb"},"inLanguage":"de-DE","potentialAction":[{"@type":"ReadAction","target":["https:\/\/vacances-seasonova.com\/nl\/chers-vacanciers\/"]}]},{"@type":"BreadcrumbList","@id":"https:\/\/vacances-seasonova.com\/nl\/chers-vacanciers\/#breadcrumb","itemListElement":[{"@type":"ListItem","position":1,"name":"Accueil","item":"https:\/\/vacances-seasonova.com\/nl\/"},{"@type":"ListItem","position":2,"name":"Chers vacanciers"}]}]}},"_links":{"self":[{"href":"https:\/\/vacances-seasonova.com\/de\/wp-json\/wp\/v2\/pages\/19193"}],"collection":[{"href":"https:\/\/vacances-seasonova.com\/de\/wp-json\/wp\/v2\/pages"}],"about":[{"href":"https:\/\/vacances-seasonova.com\/de\/wp-json\/wp\/v2\/types\/page"}],"author":[{"embeddable":true,"href":"https:\/\/vacances-seasonova.com\/de\/wp-json\/wp\/v2\/users\/2"}],"replies":[{"embeddable":true,"href":"https:\/\/vacances-seasonova.com\/de\/wp-json\/wp\/v2\/comments?post=19193"}],"version-history":[{"count":0,"href":"https:\/\/vacances-seasonova.com\/de\/wp-json\/wp\/v2\/pages\/19193\/revisions"}],"wp:featuredmedia":[{"embeddable":true,"href":"https:\/\/vacances-seasonova.com\/de\/wp-json\/wp\/v2\/media\/16831"}],"wp:attachment":[{"href":"https:\/\/vacances-seasonova.com\/de\/wp-json\/wp\/v2\/media?parent=19193"}],"curies":[{"name":"wp","href":"https:\/\/api.w.org\/{rel}","templated":true}]}}