    {"id":19557,"date":"2020-07-22T14:05:49","date_gmt":"2020-07-22T12:05:49","guid":{"rendered":"https:\/\/vacances-seasonova.com\/fr\/?page_id=19557"},"modified":"2022-06-27T16:20:40","modified_gmt":"2022-06-27T14:20:40","slug":"camping-avec-garde-denfants","status":"publish","type":"page","link":"https:\/\/vacances-seasonova.com\/de\/campingurlaub-mit-seasonova\/die-seasonova-erfahrung\/eltern-und-kinder\/camping-mit-kinderbetreuung\/","title":{"rendered":"Camping mit Kinderbetreuung"},"content":{"rendered":"<p><\/p>\n<h2 style=\"text-align: center;\"><span style=\"font-weight: 400;\">M\u00f6chten Sie einen Moment nur f\u00fcr sich?<\/span><\/h2>\n<p>Sie m\u00f6chten den Strand oder die Umgebung auch einmal ohne Ihre Kinder erleben, ohne st\u00e4ndig auf Ihre Kinder achten zu m\u00fcssen? Kein Problem! Erstellen Sie ein <strong>Babysits<\/strong>-Konto und beginnen Sie, mit Babysittern in der N\u00e4he Ihres Urlaubsortes zu sprechen. Ihre Kinder werden viel Spa\u00df haben und Sie k\u00f6nnen die Zeit mit Ihrem Partner oder Ihren Freunden auch einmal f\u00fcr sich nutzen.<\/p>\n<p style=\"text-align: center;\"><span style=\"font-weight: 400;\">Mit dem &#8222;Babysits-Premium-Paket&#8220; erhalten Sie die M\u00f6glichkeit unbegrenzte Nachrichten zu versenden, einen Kundenservice, der f\u00fcr Sie da ist und gerne seine besten Tipps und Informationen mit Ihnen austauscht.<\/span><\/p>\n<p style=\"text-align: center;\">Klicken Sie einfach auf den Link f\u00fcr weitere Informationen: <a href=\"https:\/\/www.babysits.fr\/\">Babysits<\/a><\/p>\n<p><img loading=\"lazy\" class=\" wp-image-19559 aligncenter\" src=\"https:\/\/vacances-seasonova.com\/wp-content\/uploads\/2020\/07\/illustration-pour-partenariat-seasonovababysits.jpg\" alt=\"\" width=\"922\" height=\"922\" srcset=\"https:\/\/vacances-seasonova.com\/wp-content\/uploads\/2020\/07\/illustration-pour-partenariat-seasonovababysits.jpg 700w, https:\/\/vacances-seasonova.com\/wp-content\/uploads\/2020\/07\/illustration-pour-partenariat-seasonovababysits-150x150.jpg 150w, https:\/\/vacances-seasonova.com\/wp-content\/uploads\/2020\/07\/illustration-pour-partenariat-seasonovababysits-300x300.jpg 300w, https:\/\/vacances-seasonova.com\/wp-content\/uploads\/2020\/07\/illustration-pour-partenariat-seasonovababysits-450x450.jpg 450w, https:\/\/vacances-seasonova.com\/wp-content\/uploads\/2020\/07\/illustration-pour-partenariat-seasonovababysits-600x600.jpg 600w\" sizes=\"(max-width: 922px) 100vw, 922px\" \/><\/p>\n<p>&nbsp;<\/p>","protected":false},"excerpt":{"rendered":"<p>M\u00f6chten Sie einen Moment nur f\u00fcr sich? Sie m\u00f6chten den Strand oder die Umgebung auch einmal ohne Ihre Kinder erleben, ohne st\u00e4ndig auf Ihre Kinder achten zu m\u00fcssen? Kein Problem! Erstellen Sie ein Babysits-Konto und [&#8230;]<\/p>\n","protected":false},"author":2,"featured_media":19558,"parent":16881,"menu_order":0,"comment_status":"closed","ping_status":"closed","template":"","meta":[],"yoast_head":"<!-- This site is optimized with the Yoast SEO plugin v18.1 - https:\/\/yoast.com\/wordpress\/plugins\/seo\/ -->\n<meta name=\"robots\" content=\"index, follow, max-snippet:-1, max-image-preview:large, max-video-preview:-1\" \/>\n<link rel=\"canonical\" href=\"https:\/\/vacances-seasonova.com\/de\/vacances-en-camping-seasonova\/lexperience-seasonova\/parents-enfants\/camping-avec-garde-denfants\/\" \/>\n<meta property=\"og:locale\" content=\"de_DE\" \/>\n<meta property=\"og:type\" content=\"article\" \/>\n<meta property=\"og:title\" content=\"Camping avec garde d&rsquo;enfants - Seasonova\" \/>\n<meta property=\"og:description\" content=\"M\u00f6chten Sie einen Moment nur f\u00fcr sich? Sie m\u00f6chten den Strand oder die Umgebung auch einmal ohne Ihre Kinder erleben, ohne st\u00e4ndig auf Ihre Kinder achten zu m\u00fcssen? Kein Problem! Erstellen Sie ein Babysits-Konto und [...]\" \/>\n<meta property=\"og:url\" content=\"https:\/\/vacances-seasonova.com\/fr\/vacances-en-camping-seasonova\/lexperience-seasonova\/parents-enfants\/camping-avec-garde-denfants\/\" \/>\n<meta property=\"og:site_name\" content=\"Seasonova\" \/>\n<meta property=\"article:modified_time\" content=\"2022-06-27T14:20:40+00:00\" \/>\n<meta property=\"og:image\" content=\"https:\/\/vacances-seasonova.com\/wp-content\/uploads\/2020\/07\/couverture-seasonova-babysits-presentation.jpg\" \/>\n\t<meta property=\"og:image:width\" content=\"1335\" \/>\n\t<meta property=\"og:image:height\" content=\"596\" \/>\n\t<meta property=\"og:image:type\" content=\"image\/jpeg\" \/>\n<meta name=\"twitter:card\" content=\"summary\" \/>\n<meta name=\"twitter:label1\" content=\"Gesch\u00e4tzte Lesezeit\" \/>\n\t<meta name=\"twitter:data1\" content=\"1 Minute\" \/>\n<script type=\"application\/ld+json\" class=\"yoast-schema-graph\">{\"@context\":\"https:\/\/schema.org\",\"@graph\":[{\"@type\":\"WebSite\",\"@id\":\"https:\/\/vacances-seasonova.com\/fr\/#website\",\"url\":\"https:\/\/vacances-seasonova.com\/fr\/\",\"name\":\"Seasonova\",\"description\":\"\",\"potentialAction\":[{\"@type\":\"SearchAction\",\"target\":{\"@type\":\"EntryPoint\",\"urlTemplate\":\"https:\/\/vacances-seasonova.com\/fr\/?s={search_term_string}\"},\"query-input\":\"required name=search_term_string\"}],\"inLanguage\":\"de-DE\"},{\"@type\":\"ImageObject\",\"@id\":\"https:\/\/vacances-seasonova.com\/fr\/vacances-en-camping-seasonova\/lexperience-seasonova\/parents-enfants\/camping-avec-garde-denfants\/#primaryimage\",\"inLanguage\":\"de-DE\",\"url\":\"https:\/\/vacances-seasonova.com\/wp-content\/uploads\/2020\/07\/couverture-seasonova-babysits-presentation.jpg\",\"contentUrl\":\"https:\/\/vacances-seasonova.com\/wp-content\/uploads\/2020\/07\/couverture-seasonova-babysits-presentation.jpg\",\"width\":1335,\"height\":596},{\"@type\":\"WebPage\",\"@id\":\"https:\/\/vacances-seasonova.com\/fr\/vacances-en-camping-seasonova\/lexperience-seasonova\/parents-enfants\/camping-avec-garde-denfants\/#webpage\",\"url\":\"https:\/\/vacances-seasonova.com\/fr\/vacances-en-camping-seasonova\/lexperience-seasonova\/parents-enfants\/camping-avec-garde-denfants\/\",\"name\":\"Camping avec garde d&rsquo;enfants - Seasonova\",\"isPartOf\":{\"@id\":\"https:\/\/vacances-seasonova.com\/fr\/#website\"},\"primaryImageOfPage\":{\"@id\":\"https:\/\/vacances-seasonova.com\/fr\/vacances-en-camping-seasonova\/lexperience-seasonova\/parents-enfants\/camping-avec-garde-denfants\/#primaryimage\"},\"datePublished\":\"2020-07-22T12:05:49+00:00\",\"dateModified\":\"2022-06-27T14:20:40+00:00\",\"breadcrumb\":{\"@id\":\"https:\/\/vacances-seasonova.com\/fr\/vacances-en-camping-seasonova\/lexperience-seasonova\/parents-enfants\/camping-avec-garde-denfants\/#breadcrumb\"},\"inLanguage\":\"de-DE\",\"potentialAction\":[{\"@type\":\"ReadAction\",\"target\":[\"https:\/\/vacances-seasonova.com\/fr\/vacances-en-camping-seasonova\/lexperience-seasonova\/parents-enfants\/camping-avec-garde-denfants\/\"]}]},{\"@type\":\"BreadcrumbList\",\"@id\":\"https:\/\/vacances-seasonova.com\/fr\/vacances-en-camping-seasonova\/lexperience-seasonova\/parents-enfants\/camping-avec-garde-denfants\/#breadcrumb\",\"itemListElement\":[{\"@type\":\"ListItem\",\"position\":1,\"name\":\"Accueil\",\"item\":\"https:\/\/vacances-seasonova.com\/nl\/\"},{\"@type\":\"ListItem\",\"position\":2,\"name\":\"Vacances en camping Seasonova\",\"item\":\"https:\/\/vacances-seasonova.com\/nl\/kampeervakantiein-frankrijk\/\"},{\"@type\":\"ListItem\",\"position\":3,\"name\":\"L\u2019exp\u00e9rience Seasonova\",\"item\":\"https:\/\/vacances-seasonova.com\/fr\/vacances-en-camping-seasonova\/lexperience-seasonova\/\"},{\"@type\":\"ListItem\",\"position\":4,\"name\":\"Platz f\u00fcr Eltern und Kinder\",\"item\":\"https:\/\/vacances-seasonova.com\/fr\/vacances-en-camping-seasonova\/lexperience-seasonova\/parents-enfants\/\"},{\"@type\":\"ListItem\",\"position\":5,\"name\":\"Camping avec garde d&rsquo;enfants\"}]}]}<\/script>\n<!-- \/ Yoast SEO plugin. -->","yoast_head_json":{"robots":{"index":"index","follow":"follow","max-snippet":"max-snippet:-1","max-image-preview":"max-image-preview:large","max-video-preview":"max-video-preview:-1"},"canonical":"https:\/\/vacances-seasonova.com\/de\/vacances-en-camping-seasonova\/lexperience-seasonova\/parents-enfants\/camping-avec-garde-denfants\/","og_locale":"de_DE","og_type":"article","og_title":"Camping avec garde d&rsquo;enfants - Seasonova","og_description":"M\u00f6chten Sie einen Moment nur f\u00fcr sich? Sie m\u00f6chten den Strand oder die Umgebung auch einmal ohne Ihre Kinder erleben, ohne st\u00e4ndig auf Ihre Kinder achten zu m\u00fcssen? Kein Problem! Erstellen Sie ein Babysits-Konto und [...]","og_url":"https:\/\/vacances-seasonova.com\/fr\/vacances-en-camping-seasonova\/lexperience-seasonova\/parents-enfants\/camping-avec-garde-denfants\/","og_site_name":"Seasonova","article_modified_time":"2022-06-27T14:20:40+00:00","og_image":[{"width":1335,"height":596,"url":"https:\/\/vacances-seasonova.com\/wp-content\/uploads\/2020\/07\/couverture-seasonova-babysits-presentation.jpg","type":"image\/jpeg"}],"twitter_card":"summary","twitter_misc":{"Gesch\u00e4tzte Lesezeit":"1 Minute"},"schema":{"@context":"https:\/\/schema.org","@graph":[{"@type":"WebSite","@id":"https:\/\/vacances-seasonova.com\/fr\/#website","url":"https:\/\/vacances-seasonova.com\/fr\/","name":"Seasonova","description":"","potentialAction":[{"@type":"SearchAction","target":{"@type":"EntryPoint","urlTemplate":"https:\/\/vacances-seasonova.com\/fr\/?s={search_term_string}"},"query-input":"required name=search_term_string"}],"inLanguage":"de-DE"},{"@type":"ImageObject","@id":"https:\/\/vacances-seasonova.com\/fr\/vacances-en-camping-seasonova\/lexperience-seasonova\/parents-enfants\/camping-avec-garde-denfants\/#primaryimage","inLanguage":"de-DE","url":"https:\/\/vacances-seasonova.com\/wp-content\/uploads\/2020\/07\/couverture-seasonova-babysits-presentation.jpg","contentUrl":"https:\/\/vacances-seasonova.com\/wp-content\/uploads\/2020\/07\/couverture-seasonova-babysits-presentation.jpg","width":1335,"height":596},{"@type":"WebPage","@id":"https:\/\/vacances-seasonova.com\/fr\/vacances-en-camping-seasonova\/lexperience-seasonova\/parents-enfants\/camping-avec-garde-denfants\/#webpage","url":"https:\/\/vacances-seasonova.com\/fr\/vacances-en-camping-seasonova\/lexperience-seasonova\/parents-enfants\/camping-avec-garde-denfants\/","name":"Camping avec garde d&rsquo;enfants - Seasonova","isPartOf":{"@id":"https:\/\/vacances-seasonova.com\/fr\/#website"},"primaryImageOfPage":{"@id":"https:\/\/vacances-seasonova.com\/fr\/vacances-en-camping-seasonova\/lexperience-seasonova\/parents-enfants\/camping-avec-garde-denfants\/#primaryimage"},"datePublished":"2020-07-22T12:05:49+00:00","dateModified":"2022-06-27T14:20:40+00:00","breadcrumb":{"@id":"https:\/\/vacances-seasonova.com\/fr\/vacances-en-camping-seasonova\/lexperience-seasonova\/parents-enfants\/camping-avec-garde-denfants\/#breadcrumb"},"inLanguage":"de-DE","potentialAction":[{"@type":"ReadAction","target":["https:\/\/vacances-seasonova.com\/fr\/vacances-en-camping-seasonova\/lexperience-seasonova\/parents-enfants\/camping-avec-garde-denfants\/"]}]},{"@type":"BreadcrumbList","@id":"https:\/\/vacances-seasonova.com\/fr\/vacances-en-camping-seasonova\/lexperience-seasonova\/parents-enfants\/camping-avec-garde-denfants\/#breadcrumb","itemListElement":[{"@type":"ListItem","position":1,"name":"Accueil","item":"https:\/\/vacances-seasonova.com\/nl\/"},{"@type":"ListItem","position":2,"name":"Vacances en camping Seasonova","item":"https:\/\/vacances-seasonova.com\/nl\/kampeervakantiein-frankrijk\/"},{"@type":"ListItem","position":3,"name":"L\u2019exp\u00e9rience Seasonova","item":"https:\/\/vacances-seasonova.com\/fr\/vacances-en-camping-seasonova\/lexperience-seasonova\/"},{"@type":"ListItem","position":4,"name":"Platz f\u00fcr Eltern und Kinder","item":"https:\/\/vacances-seasonova.com\/fr\/vacances-en-camping-seasonova\/lexperience-seasonova\/parents-enfants\/"},{"@type":"ListItem","position":5,"name":"Camping avec garde d&rsquo;enfants"}]}]}},"_links":{"self":[{"href":"https:\/\/vacances-seasonova.com\/de\/wp-json\/wp\/v2\/pages\/19557"}],"collection":[{"href":"https:\/\/vacances-seasonova.com\/de\/wp-json\/wp\/v2\/pages"}],"about":[{"href":"https:\/\/vacances-seasonova.com\/de\/wp-json\/wp\/v2\/types\/page"}],"author":[{"embeddable":true,"href":"https:\/\/vacances-seasonova.com\/de\/wp-json\/wp\/v2\/users\/2"}],"replies":[{"embeddable":true,"href":"https:\/\/vacances-seasonova.com\/de\/wp-json\/wp\/v2\/comments?post=19557"}],"version-history":[{"count":1,"href":"https:\/\/vacances-seasonova.com\/de\/wp-json\/wp\/v2\/pages\/19557\/revisions"}],"predecessor-version":[{"id":28334,"href":"https:\/\/vacances-seasonova.com\/de\/wp-json\/wp\/v2\/pages\/19557\/revisions\/28334"}],"up":[{"embeddable":true,"href":"https:\/\/vacances-seasonova.com\/de\/wp-json\/wp\/v2\/pages\/16881"}],"wp:featuredmedia":[{"embeddable":true,"href":"https:\/\/vacances-seasonova.com\/de\/wp-json\/wp\/v2\/media\/19558"}],"wp:attachment":[{"href":"https:\/\/vacances-seasonova.com\/de\/wp-json\/wp\/v2\/media?parent=19557"}],"curies":[{"name":"wp","href":"https:\/\/api.w.org\/{rel}","templated":true}]}}