    {"id":22338,"date":"2021-04-14T09:37:10","date_gmt":"2021-04-14T07:37:10","guid":{"rendered":"https:\/\/vacances-seasonova.com\/fr\/?page_id=22338"},"modified":"2025-08-29T10:29:47","modified_gmt":"2025-08-29T08:29:47","slug":"testeurs-campeurs","status":"publish","type":"page","link":"https:\/\/vacances-seasonova.com\/de\/testeurs-campeurs\/","title":{"rendered":"Testeurs campeurs"},"content":{"rendered":"<p><\/p>\n<h3><strong>Gewinnen Sie Ihren Urlaub, indem Sie unsere Slow Life-Campingpl\u00e4tze testen\u2026<\/strong><\/h3>\n<p>DAS SEASONOVA-ANGEBOT  <\/p>\n<p>Das Angebot der Gruppe umfasst heute 18 Campingpl\u00e4tze mit durchschnittlich 160 Stellpl\u00e4tzen, strategisch im Nordosten und Westen Frankreichs gelegen.  <\/p>\n<p>Von Elsass, Normandie bis Bretagne, Maine-et-Loire, Pays de Loire und Nouvelle-Aquitaine.  <\/p>\n<p>Unser Angebot richtet sich an ausl\u00e4ndische M\u00e4rkte mit Standorten am Eingang des britischen Marktes (Merville Franceville \u2013 Normandie) und des nordeurop\u00e4ischen Marktes (Saverne \u2013 Elsass).  <\/p>\n<p>Wir bieten hochwertige Campingpl\u00e4tze in der N\u00e4he gesch\u00fctzter Naturr\u00e4ume, die sich ideal f\u00fcr Outdoor- und Wellness-Aktivit\u00e4ten eignen.  <\/p>\n<p>Wir legen besonderen Wert auf die landschaftliche Integration unserer Einrichtungen und Unterk\u00fcnfte.  <\/p>\n<p>Wir garantieren allen Urlaubern \u2013 insbesondere Familien mit kleinen Kindern \u2013 hochwertige Leistungen, Ruhe und Sauberkeit.  <\/p>\n<p>Lieben Sie <a href=\"https:\/\/vacances-seasonova.com\/fr\/campings\/\">Natur-Camping<\/a> und m\u00f6chten Ihre Erfahrungen mit Ihrer Familie teilen? Dann werden Sie diese Mission lieben.  <\/p>\n<h4>Also, werden Sie die n\u00e4chsten Camping-Tester von Seasonova?<\/h4>\n<p><strong>Sie profitieren w\u00e4hrend einer Woche von:<\/strong>  <\/p>\n<ul>\n<li>einem Stellplatz f\u00fcr Wohnwagen, Wohnmobil, Zelt mit Strom oder einer Unterkunft<\/li>\n<li>Zugang zu allen Dienstleistungen und Einrichtungen des gepr\u00fcften Campingplatzes<\/li>\n<li>Internet-Zugang w\u00e4hrend Ihres gesamten Aufenthalts<\/li>\n<\/ul>\n<p><strong>Nicht enthalten:<\/strong>  <\/p>\n<ul>\n<li>Transportkosten zu unseren Natur-Campingpl\u00e4tzen, Verpflegung und pers\u00f6nliche Ausgaben<\/li>\n<\/ul>\n<p><strong>Ihre Mission:<\/strong>  <\/p>\n<ul>\n<li>Beantwortung des qualitativen Fragebogens (ca. 100 Kriterien)<\/li>\n<li><strong>Eine Zusammenfassung von 10\u201315 Zeilen<\/strong> der Highlights Ihres Aufenthalts auf dem Seasonova-Campingplatz sowie eine kurze Tabelle mit \u201eWas Ihnen gefallen hat\/was Ihnen weniger gefallen hat\u201c<\/li>\n<li><strong>Ein detaillierter Bericht<\/strong> \u00fcber Ihren Aufenthalt, einschlie\u00dflich Feedback zu:<\/li>\n<\/ul>\n<ul>\n<li>Campingplatz, Dienstleistungen und Ausstattung<\/li>\n<li>Aktivit\u00e4ten w\u00e4hrend Ihres Aufenthalts<\/li>\n<\/ul>\n<ul>\n<li><strong>Fotos und Videos<\/strong> des Campingplatzes und Ihrer Aktivit\u00e4ten zur Veranschaulichung<\/li>\n<\/ul>\n<ul>\n<li>Senden Sie uns w\u00e4hrend Ihres Aufenthalts Fotos und Videos, die in den sozialen Netzwerken von Seasonova geteilt werden<\/li>\n<\/ul>\n<p><strong>Wie wird man Seasonova-Tester?<\/strong>  <\/p>\n<ul>\n<li>Freude an Outdoor-Aktivit\u00e4ten<\/li>\n<li>Dem gesuchten Profil entsprechen und Outdoor-Aktivit\u00e4ten m\u00f6gen:<\/li>\n<li>Familie mit <strong>2 Erwachsenen und maximal 4 Kindern<\/strong><\/li>\n<li>Paar ohne Kinder.<\/li>\n<li>Verpflichtung, das von Seasonova angeforderte Feedback zu geben \u2013 ein Verpflichtungsschreiben sowie eine Bildrechte-\u00dcbertragung werden Ihnen vor der Abreise zur Unterschrift zugesandt.<\/li>\n<\/ul>\n<p><strong>So einfach nehmen Sie teil:<\/strong><br \/>\n<span style=\"color: #008c8b;\">Beantworten Sie alle Fragen in unserem Formular unten.<\/span>  <\/p>\n<div role=\"form\" class=\"wpcf7\" id=\"wpcf7-f10469-o3\" lang=\"fr-FR\" dir=\"ltr\">\n<div class=\"screen-reader-response\"><p role=\"status\" aria-live=\"polite\" aria-atomic=\"true\"><\/p> <ul><\/ul><\/div>\n<form action=\"\/de\/wp-json\/wp\/v2\/pages\/22338#wpcf7-f10469-o3\" method=\"post\" class=\"wpcf7-form init\" enctype=\"multipart\/form-data\" novalidate=\"novalidate\" data-status=\"init\">\n<div style=\"display: none;\">\n<input type=\"hidden\" name=\"_wpcf7\" value=\"10469\" \/>\n<input type=\"hidden\" name=\"_wpcf7_version\" value=\"5.4.2\" \/>\n<input type=\"hidden\" name=\"_wpcf7_locale\" value=\"fr_FR\" \/>\n<input type=\"hidden\" name=\"_wpcf7_unit_tag\" value=\"wpcf7-f10469-o3\" \/>\n<input type=\"hidden\" name=\"_wpcf7_container_post\" value=\"0\" \/>\n<input type=\"hidden\" name=\"_wpcf7_posted_data_hash\" value=\"\" \/>\n<input type=\"hidden\" name=\"_wpcf7_recaptcha_response\" value=\"\" \/>\n<\/div>\n<fieldset>\n<legend class=\"legend-recrutement\">Vos coordonn\u00e9es<\/legend>\n<p class=\"labelRequired\">Afin de soumettre le formulaire veuillez remplir tous les champs ci-dessous*\n<p>\n<label> Quel est votre nom* ?<br \/>\n    <span class=\"wpcf7-form-control-wrap your-name\"><input type=\"text\" name=\"your-name\" value=\"\" size=\"40\" class=\"wpcf7-form-control wpcf7-text wpcf7-validates-as-required\" aria-required=\"true\" aria-invalid=\"false\" \/><\/span> <\/label><\/p>\n<p><label> Quel est votre pr\u00e9nom* ?<br \/>\n    <span class=\"wpcf7-form-control-wrap firstname\"><input type=\"text\" name=\"firstname\" value=\"\" size=\"40\" class=\"wpcf7-form-control wpcf7-text wpcf7-validates-as-required\" aria-required=\"true\" aria-invalid=\"false\" \/><\/span> <\/label><br \/>\n<label><br \/>\nQuel est votre e-mail* ?<br \/>\n<span class=\"wpcf7-form-control-wrap email\"><input type=\"email\" name=\"email\" value=\"\" size=\"40\" class=\"wpcf7-form-control wpcf7-text wpcf7-email wpcf7-validates-as-required wpcf7-validates-as-email\" aria-required=\"true\" aria-invalid=\"false\" \/><\/span><br \/>\n<\/label><\/p>\n<fieldset>\n<legend class=\"legend-recrutement\">Votre profil<\/legend class=\"legend-recrutement\">\n<p><label>Dans quel pays habitez-vous ?<br \/>\n<span class=\"wpcf7-form-control-wrap your-country\"><select name=\"your-country\" class=\"wpcf7-form-control wpcf7-select wpcf7-validates-as-required\" aria-required=\"true\" aria-invalid=\"false\"><option value=\"France\">France<\/option><option value=\"Belgique\">Belgique<\/option><option value=\"Pays Bas\">Pays Bas<\/option><option value=\"Royaume-Uni\">Royaume-Uni<\/option><\/select><\/span><br \/>\n<\/label><br \/>\n<label>De combien de personne se compose votre famille ?<br \/>\n<span class=\"wpcf7-form-control-wrap number-\"><input type=\"number\" name=\"number-\" value=\"2\" class=\"wpcf7-form-control wpcf7-number wpcf7-validates-as-required wpcf7-validates-as-number\" aria-required=\"true\" aria-invalid=\"false\" \/><\/span><\/label><br \/>\n<label>Dans quelle tranche d'\u00e2ge vous situez-vous ?<br \/>\n<span class=\"wpcf7-form-control-wrap menu-456\"><select name=\"menu-456\" class=\"wpcf7-form-control wpcf7-select wpcf7-validates-as-required\" aria-required=\"true\" aria-invalid=\"false\"><option value=\"18-30 ans\">18-30 ans<\/option><option value=\"30-45 ans\">30-45 ans<\/option><option value=\"45-55 ans\">45-55 ans<\/option><option value=\"+ de 55 ans\">+ de 55 ans<\/option><\/select><\/span><\/label><\/p>\n<p><label>D\u00e9crivez votre profil campeur :<br \/>\n <span class=\"wpcf7-form-control-wrap textarea-309\"><textarea name=\"textarea-309\" cols=\"40\" rows=\"10\" class=\"wpcf7-form-control wpcf7-textarea wpcf7-validates-as-required\" aria-required=\"true\" aria-invalid=\"false\"><\/textarea><\/span> <\/label><\/p>\n<legend class=\"legend-recrutement\">Votre type d'h\u00e9bergement id\u00e9al<\/legend class=\"legend-recrutement\"><!-- Titre du fieldset --><\/p>\n<p><label>Vous voyagez en :<br \/>\n<span class=\"wpcf7-form-control-wrap checkbox-176\"><span class=\"wpcf7-form-control wpcf7-checkbox wpcf7-validates-as-required\"><span class=\"wpcf7-list-item first\"><input type=\"checkbox\" name=\"checkbox-176[]\" value=\"tente\" \/><span class=\"wpcf7-list-item-label\">tente<\/span><\/span><span class=\"wpcf7-list-item\"><input type=\"checkbox\" name=\"checkbox-176[]\" value=\"camping-car\" \/><span class=\"wpcf7-list-item-label\">camping-car<\/span><\/span><span class=\"wpcf7-list-item\"><input type=\"checkbox\" name=\"checkbox-176[]\" value=\"location\" \/><span class=\"wpcf7-list-item-label\">location<\/span><\/span><span class=\"wpcf7-list-item last\"><input type=\"checkbox\" name=\"checkbox-176[]\" value=\"autre\" \/><span class=\"wpcf7-list-item-label\">autre<\/span><\/span><\/span><\/span><\/label><\/p>\n<p><label>Si autre :<br \/>\n<span class=\"wpcf7-form-control-wrap textarea-310\"><textarea name=\"textarea-310\" cols=\"40\" rows=\"10\" class=\"wpcf7-form-control wpcf7-textarea wpcf7-validates-as-required\" aria-required=\"true\" aria-invalid=\"false\"><\/textarea><\/span><\/label><\/p>\n<legend class=\"legend-recrutement\">Votre meilleur souvenir de vacances<\/legend>\n<p><!-- Titre du fieldset --><\/p>\n<p><label>Racontez nous en quelques lignes votre meilleur souvenir de vacances :<br \/>\n<span class=\"wpcf7-form-control-wrap textarea-311\"><textarea name=\"textarea-311\" cols=\"40\" rows=\"10\" class=\"wpcf7-form-control wpcf7-textarea wpcf7-validates-as-required\" aria-required=\"true\" aria-invalid=\"false\"><\/textarea><\/span>  <\/label><\/p>\n<legend class=\"legend-recrutement\">Vos disponibilit\u00e9s<\/legend>\n<p><!-- Titre du fieldset --><br \/>\n<span class=\"wpcf7-form-control-wrap date-970\"><input type=\"date\" name=\"date-970\" value=\"\" class=\"wpcf7-form-control wpcf7-date wpcf7-validates-as-required wpcf7-validates-as-date\" aria-required=\"true\" aria-invalid=\"false\" \/><\/span> au <span class=\"wpcf7-form-control-wrap date-971\"><input type=\"date\" name=\"date-971\" value=\"\" class=\"wpcf7-form-control wpcf7-date wpcf7-validates-as-required wpcf7-validates-as-date\" aria-required=\"true\" aria-invalid=\"false\" \/><\/span><\/p>\n<legend class=\"legend-recrutement\">Votre photo de vacances<\/legend>\n<p><!-- Titre du fieldset --><\/p>\n<p><span class=\"wpcf7-form-control-wrap file-57\"><input type=\"file\" name=\"file-57\" size=\"40\" class=\"wpcf7-form-control wpcf7-file wpcf7-validates-as-required\" accept=\".jpg,.jpeg,.png,.gif,.pdf,.doc,.docx,.ppt,.pptx,.odt,.avi,.ogg,.m4a,.mov,.mp3,.mp4,.mpg,.wav,.wmv\" aria-required=\"true\" aria-invalid=\"false\" \/><\/span><\/p>\n<p><input type=\"submit\" value=\"Envoyer\" class=\"wpcf7-form-control wpcf7-submit\" \/><\/p>\n<div class=\"wpcf7-response-output\" aria-hidden=\"true\"><\/div><\/form><\/div>\n<hr \/>\n<p><\/p>","protected":false},"excerpt":{"rendered":"<p>Gewinnen Sie Ihren Urlaub, indem Sie unsere Slow Life-Campingpl\u00e4tze testen\u2026 DAS SEASONOVA-ANGEBOT Das Angebot der Gruppe umfasst heute 18 Campingpl\u00e4tze mit durchschnittlich 160 Stellpl\u00e4tzen, strategisch im Nordosten [&#8230;]<\/p>\n","protected":false},"author":2,"featured_media":16882,"parent":0,"menu_order":0,"comment_status":"closed","ping_status":"closed","template":"","meta":[],"yoast_head":"<!-- This site is optimized with the Yoast SEO plugin v18.1 - https:\/\/yoast.com\/wordpress\/plugins\/seo\/ -->\n<meta name=\"description\" content=\"Tester les Campings Seasonova en d\u00e9couvrant nos destinations Slow life. Bonne id\u00e9e pour voyager gratuitement!\" \/>\n<meta name=\"robots\" content=\"index, follow, max-snippet:-1, max-image-preview:large, max-video-preview:-1\" \/>\n<link rel=\"canonical\" href=\"https:\/\/vacances-seasonova.com\/de\/testeurs-campeurs\/\" \/>\n<meta property=\"og:locale\" content=\"de_DE\" \/>\n<meta property=\"og:type\" content=\"article\" \/>\n<meta property=\"og:title\" content=\"Camping-Tester - Seasonova\" \/>\n<meta property=\"og:description\" content=\"Tester les Campings Seasonova en d\u00e9couvrant nos destinations Slow life. Bonne id\u00e9e pour voyager gratuitement!\" \/>\n<meta property=\"og:url\" content=\"https:\/\/vacances-seasonova.com\/nl\/testeurs-campeurs\/\" \/>\n<meta property=\"og:site_name\" content=\"Seasonova\" \/>\n<meta property=\"article:modified_time\" content=\"2025-08-29T08:29:47+00:00\" \/>\n<meta property=\"og:image\" content=\"https:\/\/vacances-seasonova.com\/wp-content\/uploads\/2020\/02\/vacances-famille-665x450.jpeg\" \/>\n\t<meta property=\"og:image:width\" content=\"665\" \/>\n\t<meta property=\"og:image:height\" content=\"450\" \/>\n\t<meta property=\"og:image:type\" content=\"image\/jpeg\" \/>\n<meta name=\"twitter:card\" content=\"summary\" \/>\n<meta name=\"twitter:label1\" content=\"Gesch\u00e4tzte Lesezeit\" \/>\n\t<meta name=\"twitter:data1\" content=\"7 Minuten\" \/>\n<script type=\"application\/ld+json\" class=\"yoast-schema-graph\">{\"@context\":\"https:\/\/schema.org\",\"@graph\":[{\"@type\":\"WebSite\",\"@id\":\"https:\/\/vacances-seasonova.com\/fr\/#website\",\"url\":\"https:\/\/vacances-seasonova.com\/fr\/\",\"name\":\"Seasonova\",\"description\":\"\",\"potentialAction\":[{\"@type\":\"SearchAction\",\"target\":{\"@type\":\"EntryPoint\",\"urlTemplate\":\"https:\/\/vacances-seasonova.com\/fr\/?s={search_term_string}\"},\"query-input\":\"required name=search_term_string\"}],\"inLanguage\":\"de-DE\"},{\"@type\":\"ImageObject\",\"@id\":\"https:\/\/vacances-seasonova.com\/nl\/testeurs-campeurs\/#primaryimage\",\"inLanguage\":\"de-DE\",\"url\":\"https:\/\/vacances-seasonova.com\/wp-content\/uploads\/2020\/02\/vacances-famille.jpeg\",\"contentUrl\":\"https:\/\/vacances-seasonova.com\/wp-content\/uploads\/2020\/02\/vacances-famille.jpeg\",\"width\":5054,\"height\":3421,\"caption\":\"enfant au bord de l'eau\"},{\"@type\":\"WebPage\",\"@id\":\"https:\/\/vacances-seasonova.com\/nl\/testeurs-campeurs\/#webpage\",\"url\":\"https:\/\/vacances-seasonova.com\/nl\/testeurs-campeurs\/\",\"name\":\"Camping-Tester - Seasonova\",\"isPartOf\":{\"@id\":\"https:\/\/vacances-seasonova.com\/fr\/#website\"},\"primaryImageOfPage\":{\"@id\":\"https:\/\/vacances-seasonova.com\/nl\/testeurs-campeurs\/#primaryimage\"},\"datePublished\":\"2021-04-14T07:37:10+00:00\",\"dateModified\":\"2025-08-29T08:29:47+00:00\",\"description\":\"Tester les Campings Seasonova en d\u00e9couvrant nos destinations Slow life. Bonne id\u00e9e pour voyager gratuitement!\",\"breadcrumb\":{\"@id\":\"https:\/\/vacances-seasonova.com\/nl\/testeurs-campeurs\/#breadcrumb\"},\"inLanguage\":\"de-DE\",\"potentialAction\":[{\"@type\":\"ReadAction\",\"target\":[\"https:\/\/vacances-seasonova.com\/nl\/testeurs-campeurs\/\"]}]},{\"@type\":\"BreadcrumbList\",\"@id\":\"https:\/\/vacances-seasonova.com\/nl\/testeurs-campeurs\/#breadcrumb\",\"itemListElement\":[{\"@type\":\"ListItem\",\"position\":1,\"name\":\"Accueil\",\"item\":\"https:\/\/vacances-seasonova.com\/nl\/\"},{\"@type\":\"ListItem\",\"position\":2,\"name\":\"Testeurs campeurs\"}]}]}<\/script>\n<!-- \/ Yoast SEO plugin. -->","yoast_head_json":{"description":"Tester les Campings Seasonova en d\u00e9couvrant nos destinations Slow life. Bonne id\u00e9e pour voyager gratuitement!","robots":{"index":"index","follow":"follow","max-snippet":"max-snippet:-1","max-image-preview":"max-image-preview:large","max-video-preview":"max-video-preview:-1"},"canonical":"https:\/\/vacances-seasonova.com\/de\/testeurs-campeurs\/","og_locale":"de_DE","og_type":"article","og_title":"Camping-Tester - Seasonova","og_description":"Tester les Campings Seasonova en d\u00e9couvrant nos destinations Slow life. Bonne id\u00e9e pour voyager gratuitement!","og_url":"https:\/\/vacances-seasonova.com\/nl\/testeurs-campeurs\/","og_site_name":"Seasonova","article_modified_time":"2025-08-29T08:29:47+00:00","og_image":[{"width":665,"height":450,"url":"https:\/\/vacances-seasonova.com\/wp-content\/uploads\/2020\/02\/vacances-famille-665x450.jpeg","type":"image\/jpeg"}],"twitter_card":"summary","twitter_misc":{"Gesch\u00e4tzte Lesezeit":"7 Minuten"},"schema":{"@context":"https:\/\/schema.org","@graph":[{"@type":"WebSite","@id":"https:\/\/vacances-seasonova.com\/fr\/#website","url":"https:\/\/vacances-seasonova.com\/fr\/","name":"Seasonova","description":"","potentialAction":[{"@type":"SearchAction","target":{"@type":"EntryPoint","urlTemplate":"https:\/\/vacances-seasonova.com\/fr\/?s={search_term_string}"},"query-input":"required name=search_term_string"}],"inLanguage":"de-DE"},{"@type":"ImageObject","@id":"https:\/\/vacances-seasonova.com\/nl\/testeurs-campeurs\/#primaryimage","inLanguage":"de-DE","url":"https:\/\/vacances-seasonova.com\/wp-content\/uploads\/2020\/02\/vacances-famille.jpeg","contentUrl":"https:\/\/vacances-seasonova.com\/wp-content\/uploads\/2020\/02\/vacances-famille.jpeg","width":5054,"height":3421,"caption":"enfant au bord de l'eau"},{"@type":"WebPage","@id":"https:\/\/vacances-seasonova.com\/nl\/testeurs-campeurs\/#webpage","url":"https:\/\/vacances-seasonova.com\/nl\/testeurs-campeurs\/","name":"Camping-Tester - Seasonova","isPartOf":{"@id":"https:\/\/vacances-seasonova.com\/fr\/#website"},"primaryImageOfPage":{"@id":"https:\/\/vacances-seasonova.com\/nl\/testeurs-campeurs\/#primaryimage"},"datePublished":"2021-04-14T07:37:10+00:00","dateModified":"2025-08-29T08:29:47+00:00","description":"Tester les Campings Seasonova en d\u00e9couvrant nos destinations Slow life. Bonne id\u00e9e pour voyager gratuitement!","breadcrumb":{"@id":"https:\/\/vacances-seasonova.com\/nl\/testeurs-campeurs\/#breadcrumb"},"inLanguage":"de-DE","potentialAction":[{"@type":"ReadAction","target":["https:\/\/vacances-seasonova.com\/nl\/testeurs-campeurs\/"]}]},{"@type":"BreadcrumbList","@id":"https:\/\/vacances-seasonova.com\/nl\/testeurs-campeurs\/#breadcrumb","itemListElement":[{"@type":"ListItem","position":1,"name":"Accueil","item":"https:\/\/vacances-seasonova.com\/nl\/"},{"@type":"ListItem","position":2,"name":"Testeurs campeurs"}]}]}},"_links":{"self":[{"href":"https:\/\/vacances-seasonova.com\/de\/wp-json\/wp\/v2\/pages\/22338"}],"collection":[{"href":"https:\/\/vacances-seasonova.com\/de\/wp-json\/wp\/v2\/pages"}],"about":[{"href":"https:\/\/vacances-seasonova.com\/de\/wp-json\/wp\/v2\/types\/page"}],"author":[{"embeddable":true,"href":"https:\/\/vacances-seasonova.com\/de\/wp-json\/wp\/v2\/users\/2"}],"replies":[{"embeddable":true,"href":"https:\/\/vacances-seasonova.com\/de\/wp-json\/wp\/v2\/comments?post=22338"}],"version-history":[{"count":4,"href":"https:\/\/vacances-seasonova.com\/de\/wp-json\/wp\/v2\/pages\/22338\/revisions"}],"predecessor-version":[{"id":51860,"href":"https:\/\/vacances-seasonova.com\/de\/wp-json\/wp\/v2\/pages\/22338\/revisions\/51860"}],"wp:featuredmedia":[{"embeddable":true,"href":"https:\/\/vacances-seasonova.com\/de\/wp-json\/wp\/v2\/media\/16882"}],"wp:attachment":[{"href":"https:\/\/vacances-seasonova.com\/de\/wp-json\/wp\/v2\/media?parent=22338"}],"curies":[{"name":"wp","href":"https:\/\/api.w.org\/{rel}","templated":true}]}}