    {"id":23135,"date":"2021-06-14T10:09:07","date_gmt":"2021-06-14T08:09:07","guid":{"rendered":"https:\/\/vacances-seasonova.com\/fr\/?page_id=23135"},"modified":"2025-08-28T16:50:29","modified_gmt":"2025-08-28T14:50:29","slug":"ils-ont-teste-les-campings-seasonova","status":"publish","type":"page","link":"https:\/\/vacances-seasonova.com\/de\/ils-ont-teste-les-campings-seasonova\/","title":{"rendered":"They tested Seasonova campsites"},"content":{"rendered":"<p><\/p>\n<p style=\"text-align: center;\">Einen Seasonova-Campingplatz zu testen ist weit mehr als nur ein Urlaub.<\/p>\n<p style=\"text-align: center;\">Wenn Sie noch unsicher sind, ob Seasonova die richtige Wahl f\u00fcr Ihre Ferien mit Freunden, Familie oder als Paar ist, dann ist diese Seite f\u00fcr Sie gemacht.<\/p>\n<p style=\"text-align: center;\">Hier finden Sie Erfahrungsberichte, die Ihnen helfen, sich das kleine St\u00fcck Paradies vorzustellen, das auf Sie wartet.<\/p>\n<p style=\"text-align: center;\">Entspannung, Sport, Natur, Schwimmen, Wandern, Picknick, Strand, Wald&#8230; all diese W\u00f6rter werden nach Ihrem Aufenthalt bei uns in Ihnen nachklingen.<\/p>\n<p style=\"text-align: center;\"><em>&#8222;F\u00fcr ein Natur- und Entspannungswochenende sind wir in die Sarthe gefahren. Genauer gesagt ins Pays de Sill\u00e9, s\u00fcdlich des Naturparks Normandie-Maine und der Alpes Mancelles. Wir haben hier zwei wundersch\u00f6ne Tage als Familie verbracht, im \u201eSlow Life\u201c-Modus auf dem Campingplatz La For\u00eat von Seasonova. Ein kleines bisschen Urlaub im Voraus\u2026&#8220;<\/em><\/p>\n<p style=\"text-align: center;\">Mehr \u00fcber den Campingplatz La For\u00eat erfahren Sie im Blog <a href=\"https:\/\/www.etpourtantelletourne.fr\/2021\/07\/06\/week-end-nature-famille-sarthe\/\">&#8222;et pourtant elle tourne&#8220;<\/a><\/p>\n<p style=\"text-align: center;\"><em>&#8222;Suchen Sie eine Auszeit und Momente der Entspannung und des Wohlbefindens in unber\u00fchrter Natur? Dann werden Sie Seasonova lieben, eine Plattform mit einem kompletten Angebot an Campingaufenthalten und Ferienunterk\u00fcnften im 100 % Slow-Life- und umweltfreundlichen Geist\u2026&#8220;<\/em><\/p>\n<p style=\"text-align: center;\">Lesen Sie mehr im Erfahrungsbericht von Oiseau Rose <a href=\"https:\/\/oiseaurose.com\/campings-seasonova-slow-life\/\">HIER<\/a><\/p>\n<p style=\"text-align: center;\"><em>&#8222;Der Campingplatz Seasonova \u00cele de R\u00e9 liegt in Les Portes-en-R\u00e9, 200 m vom Strand entfernt und in der N\u00e4he des Naturschutzgebiets Lilleau des Niges.&#8220;<\/em><\/p>\n<p style=\"text-align: center;\">Mehr lesen auf der Webseite <a href=\"https:\/\/www.hello-famille.com\/hebergements\/camping-seasonova-ile-de-re\/\">hello-famille<\/a><\/p>\n<p><\/p>","protected":false},"excerpt":{"rendered":"<p>Einen Seasonova-Campingplatz zu testen ist weit mehr als nur ein Urlaub. Wenn Sie noch unsicher sind, ob Seasonova die richtige Wahl f\u00fcr Ihre Ferien mit Freunden, Familie oder als Paar ist, dann ist diese Seite f\u00fcr Sie [&#8230;]<\/p>\n","protected":false},"author":2,"featured_media":23136,"parent":0,"menu_order":0,"comment_status":"closed","ping_status":"closed","template":"","meta":[],"yoast_head":"<!-- This site is optimized with the Yoast SEO plugin v18.1 - https:\/\/yoast.com\/wordpress\/plugins\/seo\/ -->\n<meta name=\"robots\" content=\"index, follow, max-snippet:-1, max-image-preview:large, max-video-preview:-1\" \/>\n<link rel=\"canonical\" href=\"https:\/\/vacances-seasonova.com\/de\/ils-ont-teste-les-campings-seasonova\/\" \/>\n<meta property=\"og:locale\" content=\"de_DE\" \/>\n<meta property=\"og:type\" content=\"article\" \/>\n<meta property=\"og:title\" content=\"Sie haben die Seasonova-Campingpl\u00e4tze getestet - Seasonova\" \/>\n<meta property=\"og:description\" content=\"Einen Seasonova-Campingplatz zu testen ist weit mehr als nur ein Urlaub. Wenn Sie noch unsicher sind, ob Seasonova die richtige Wahl f\u00fcr Ihre Ferien mit Freunden, Familie oder als Paar ist, dann ist diese Seite f\u00fcr Sie [...]\" \/>\n<meta property=\"og:url\" content=\"https:\/\/vacances-seasonova.com\/nl\/ils-ont-teste-les-campings-seasonova\/\" \/>\n<meta property=\"og:site_name\" content=\"Seasonova\" \/>\n<meta property=\"article:modified_time\" content=\"2025-08-28T14:50:29+00:00\" \/>\n<meta property=\"og:image\" content=\"https:\/\/vacances-seasonova.com\/wp-content\/uploads\/2021\/06\/adobestock_299774645-675x450.jpeg\" \/>\n\t<meta property=\"og:image:width\" content=\"675\" \/>\n\t<meta property=\"og:image:height\" content=\"450\" \/>\n\t<meta property=\"og:image:type\" content=\"image\/jpeg\" \/>\n<meta name=\"twitter:card\" content=\"summary\" \/>\n<meta name=\"twitter:label1\" content=\"Gesch\u00e4tzte Lesezeit\" \/>\n\t<meta name=\"twitter:data1\" content=\"5 Minuten\" \/>\n<script type=\"application\/ld+json\" class=\"yoast-schema-graph\">{\"@context\":\"https:\/\/schema.org\",\"@graph\":[{\"@type\":\"WebSite\",\"@id\":\"https:\/\/vacances-seasonova.com\/fr\/#website\",\"url\":\"https:\/\/vacances-seasonova.com\/fr\/\",\"name\":\"Seasonova\",\"description\":\"\",\"potentialAction\":[{\"@type\":\"SearchAction\",\"target\":{\"@type\":\"EntryPoint\",\"urlTemplate\":\"https:\/\/vacances-seasonova.com\/fr\/?s={search_term_string}\"},\"query-input\":\"required name=search_term_string\"}],\"inLanguage\":\"de-DE\"},{\"@type\":\"ImageObject\",\"@id\":\"https:\/\/vacances-seasonova.com\/nl\/ils-ont-teste-les-campings-seasonova\/#primaryimage\",\"inLanguage\":\"de-DE\",\"url\":\"https:\/\/vacances-seasonova.com\/wp-content\/uploads\/2021\/06\/adobestock_299774645.jpeg\",\"contentUrl\":\"https:\/\/vacances-seasonova.com\/wp-content\/uploads\/2021\/06\/adobestock_299774645.jpeg\",\"width\":3629,\"height\":2419,\"caption\":\"Traveler couple camping in the forest and relaxing near campfire after a hard day. Concept of trekking, adventure and seasonal vacation.\"},{\"@type\":\"WebPage\",\"@id\":\"https:\/\/vacances-seasonova.com\/nl\/ils-ont-teste-les-campings-seasonova\/#webpage\",\"url\":\"https:\/\/vacances-seasonova.com\/nl\/ils-ont-teste-les-campings-seasonova\/\",\"name\":\"Sie haben die Seasonova-Campingpl\u00e4tze getestet - Seasonova\",\"isPartOf\":{\"@id\":\"https:\/\/vacances-seasonova.com\/fr\/#website\"},\"primaryImageOfPage\":{\"@id\":\"https:\/\/vacances-seasonova.com\/nl\/ils-ont-teste-les-campings-seasonova\/#primaryimage\"},\"datePublished\":\"2021-06-14T08:09:07+00:00\",\"dateModified\":\"2025-08-28T14:50:29+00:00\",\"breadcrumb\":{\"@id\":\"https:\/\/vacances-seasonova.com\/nl\/ils-ont-teste-les-campings-seasonova\/#breadcrumb\"},\"inLanguage\":\"de-DE\",\"potentialAction\":[{\"@type\":\"ReadAction\",\"target\":[\"https:\/\/vacances-seasonova.com\/nl\/ils-ont-teste-les-campings-seasonova\/\"]}]},{\"@type\":\"BreadcrumbList\",\"@id\":\"https:\/\/vacances-seasonova.com\/nl\/ils-ont-teste-les-campings-seasonova\/#breadcrumb\",\"itemListElement\":[{\"@type\":\"ListItem\",\"position\":1,\"name\":\"Accueil\",\"item\":\"https:\/\/vacances-seasonova.com\/nl\/\"},{\"@type\":\"ListItem\",\"position\":2,\"name\":\"They tested Seasonova campsites\"}]}]}<\/script>\n<!-- \/ Yoast SEO plugin. -->","yoast_head_json":{"robots":{"index":"index","follow":"follow","max-snippet":"max-snippet:-1","max-image-preview":"max-image-preview:large","max-video-preview":"max-video-preview:-1"},"canonical":"https:\/\/vacances-seasonova.com\/de\/ils-ont-teste-les-campings-seasonova\/","og_locale":"de_DE","og_type":"article","og_title":"Sie haben die Seasonova-Campingpl\u00e4tze getestet - Seasonova","og_description":"Einen Seasonova-Campingplatz zu testen ist weit mehr als nur ein Urlaub. Wenn Sie noch unsicher sind, ob Seasonova die richtige Wahl f\u00fcr Ihre Ferien mit Freunden, Familie oder als Paar ist, dann ist diese Seite f\u00fcr Sie [...]","og_url":"https:\/\/vacances-seasonova.com\/nl\/ils-ont-teste-les-campings-seasonova\/","og_site_name":"Seasonova","article_modified_time":"2025-08-28T14:50:29+00:00","og_image":[{"width":675,"height":450,"url":"https:\/\/vacances-seasonova.com\/wp-content\/uploads\/2021\/06\/adobestock_299774645-675x450.jpeg","type":"image\/jpeg"}],"twitter_card":"summary","twitter_misc":{"Gesch\u00e4tzte Lesezeit":"5 Minuten"},"schema":{"@context":"https:\/\/schema.org","@graph":[{"@type":"WebSite","@id":"https:\/\/vacances-seasonova.com\/fr\/#website","url":"https:\/\/vacances-seasonova.com\/fr\/","name":"Seasonova","description":"","potentialAction":[{"@type":"SearchAction","target":{"@type":"EntryPoint","urlTemplate":"https:\/\/vacances-seasonova.com\/fr\/?s={search_term_string}"},"query-input":"required name=search_term_string"}],"inLanguage":"de-DE"},{"@type":"ImageObject","@id":"https:\/\/vacances-seasonova.com\/nl\/ils-ont-teste-les-campings-seasonova\/#primaryimage","inLanguage":"de-DE","url":"https:\/\/vacances-seasonova.com\/wp-content\/uploads\/2021\/06\/adobestock_299774645.jpeg","contentUrl":"https:\/\/vacances-seasonova.com\/wp-content\/uploads\/2021\/06\/adobestock_299774645.jpeg","width":3629,"height":2419,"caption":"Traveler couple camping in the forest and relaxing near campfire after a hard day. Concept of trekking, adventure and seasonal vacation."},{"@type":"WebPage","@id":"https:\/\/vacances-seasonova.com\/nl\/ils-ont-teste-les-campings-seasonova\/#webpage","url":"https:\/\/vacances-seasonova.com\/nl\/ils-ont-teste-les-campings-seasonova\/","name":"Sie haben die Seasonova-Campingpl\u00e4tze getestet - Seasonova","isPartOf":{"@id":"https:\/\/vacances-seasonova.com\/fr\/#website"},"primaryImageOfPage":{"@id":"https:\/\/vacances-seasonova.com\/nl\/ils-ont-teste-les-campings-seasonova\/#primaryimage"},"datePublished":"2021-06-14T08:09:07+00:00","dateModified":"2025-08-28T14:50:29+00:00","breadcrumb":{"@id":"https:\/\/vacances-seasonova.com\/nl\/ils-ont-teste-les-campings-seasonova\/#breadcrumb"},"inLanguage":"de-DE","potentialAction":[{"@type":"ReadAction","target":["https:\/\/vacances-seasonova.com\/nl\/ils-ont-teste-les-campings-seasonova\/"]}]},{"@type":"BreadcrumbList","@id":"https:\/\/vacances-seasonova.com\/nl\/ils-ont-teste-les-campings-seasonova\/#breadcrumb","itemListElement":[{"@type":"ListItem","position":1,"name":"Accueil","item":"https:\/\/vacances-seasonova.com\/nl\/"},{"@type":"ListItem","position":2,"name":"They tested Seasonova campsites"}]}]}},"_links":{"self":[{"href":"https:\/\/vacances-seasonova.com\/de\/wp-json\/wp\/v2\/pages\/23135"}],"collection":[{"href":"https:\/\/vacances-seasonova.com\/de\/wp-json\/wp\/v2\/pages"}],"about":[{"href":"https:\/\/vacances-seasonova.com\/de\/wp-json\/wp\/v2\/types\/page"}],"author":[{"embeddable":true,"href":"https:\/\/vacances-seasonova.com\/de\/wp-json\/wp\/v2\/users\/2"}],"replies":[{"embeddable":true,"href":"https:\/\/vacances-seasonova.com\/de\/wp-json\/wp\/v2\/comments?post=23135"}],"version-history":[{"count":5,"href":"https:\/\/vacances-seasonova.com\/de\/wp-json\/wp\/v2\/pages\/23135\/revisions"}],"predecessor-version":[{"id":51796,"href":"https:\/\/vacances-seasonova.com\/de\/wp-json\/wp\/v2\/pages\/23135\/revisions\/51796"}],"wp:featuredmedia":[{"embeddable":true,"href":"https:\/\/vacances-seasonova.com\/de\/wp-json\/wp\/v2\/media\/23136"}],"wp:attachment":[{"href":"https:\/\/vacances-seasonova.com\/de\/wp-json\/wp\/v2\/media?parent=23135"}],"curies":[{"name":"wp","href":"https:\/\/api.w.org\/{rel}","templated":true}]}}