    {"id":244,"date":"2016-09-21T13:51:34","date_gmt":"2016-09-21T12:51:34","guid":{"rendered":"http:\/\/vacances-seasonova.com\/?page_id=244"},"modified":"2025-08-28T15:28:12","modified_gmt":"2025-08-28T13:28:12","slug":"location-de-mobile-home","status":"publish","type":"page","link":"https:\/\/vacances-seasonova.com\/de\/ferienunterkuenfte-in-frankreich\/unsere-cottages\/","title":{"rendered":"Cottages"},"content":{"rendered":"<p><\/p>\n<h2>Cottage-Vermietung: Einzigartiger Charme trifft auf Mobilheim-Komfort<\/h2>\n<p>Die Campingpl\u00e4tze von Seasonova bieten Ihnen eine einzigartige Auswahl an charmanten Ferienh\u00e4usern, die perfekt auf Ihre W\u00fcnsche und Anforderungen zugeschnitten sind. Egal ob Sie allein, als Paar, mit Freunden oder als Familie mit Kindern reisen &#8211; wir haben das perfekte Cottage f\u00fcr Sie.<\/p>\n<h2>Seasonova Cottages: Nachhaltiges Wohnen trifft auf Gem\u00fctlichkeit<\/h2>\n<p>Unsere Seasonova Cottages sind nicht nur Mobilheime zur Miete, sondern wurden mit einem besonderen Augenmerk auf Nachhaltigkeit und Umweltfreundlichkeit konzipiert. Bei der Gestaltung unserer Cottages haben wir darauf geachtet, Materialien zu verwenden, die nicht nur langlebig und pflegeleicht, sondern auch umweltfreundlich sind.<\/p>\n<h2>Komfort und Wohlbefinden in der Natur<\/h2>\n<p>Die Cottages bieten Komfort und Wohlbefinden inmitten der Natur. Hier k\u00f6nnen Sie den Luxus genie\u00dfen, mitten in der Natur zu leben, ohne auf modernen Komfort verzichten zu m\u00fcssen. Unsere Cottages sind der perfekte Ort, um sich nach einem Tag voller Abenteuer und Entdeckungen zu erholen.<\/p>\n<h2>Mit allem ausgestattet, was Sie brauchen<\/h2>\n<p>Alle unsere Cottages sind mit einer Dusche, unabh\u00e4ngigen Toiletten, einer voll ausgestatteten K\u00fcche und einem gem\u00fctlichen Wohnzimmer ausgestattet. Sie k\u00f6nnen zwischen Cottages mit einem, zwei oder drei Schlafzimmern w\u00e4hlen, je nachdem, was Ihre Bed\u00fcrfnisse und Vorlieben sind.<\/p>\n<p>Mit den Seasonova Cottages erleben Sie Camping auf eine neue, elegante und komfortable Art und Weise. Genie\u00dfen Sie das Beste aus beiden Welten &#8211; den Charme und die Naturn\u00e4he des Campings, gepaart mit dem Komfort und der Gem\u00fctlichkeit eines Ferienhauses.<\/p>","protected":false},"excerpt":{"rendered":"<p>Cottage-Vermietung: Einzigartiger Charme trifft auf Mobilheim-Komfort Die Campingpl\u00e4tze von Seasonova bieten Ihnen eine einzigartige Auswahl an charmanten Ferienh\u00e4usern, die perfekt auf Ihre W\u00fcnsche und Anforderungen [&#8230;]<\/p>\n","protected":false},"author":3,"featured_media":675,"parent":61,"menu_order":0,"comment_status":"closed","ping_status":"closed","template":"page-les-locations.php","meta":[],"yoast_head":"<!-- This site is optimized with the Yoast SEO plugin v18.1 - https:\/\/yoast.com\/wordpress\/plugins\/seo\/ -->\n<meta name=\"robots\" content=\"index, follow, max-snippet:-1, max-image-preview:large, max-video-preview:-1\" \/>\n<link rel=\"canonical\" href=\"https:\/\/vacances-seasonova.com\/de\/vakantiewoningen-in-frankrijk\/cottages-verhuur-van-stacaravans-op-campings\/\" \/>\n<meta property=\"og:locale\" content=\"de_DE\" \/>\n<meta property=\"og:type\" content=\"article\" \/>\n<meta property=\"og:title\" content=\"Cottages - Seasonova\" \/>\n<meta property=\"og:description\" content=\"Cottage-Vermietung: Einzigartiger Charme trifft auf Mobilheim-Komfort Die Campingpl\u00e4tze von Seasonova bieten Ihnen eine einzigartige Auswahl an charmanten Ferienh\u00e4usern, die perfekt auf Ihre W\u00fcnsche und Anforderungen [...]\" \/>\n<meta property=\"og:url\" content=\"https:\/\/vacances-seasonova.com\/nl\/vakantiewoningen-in-frankrijk\/cottages-verhuur-van-stacaravans-op-campings\/\" \/>\n<meta property=\"og:site_name\" content=\"Seasonova\" \/>\n<meta property=\"article:modified_time\" content=\"2025-08-28T13:28:12+00:00\" \/>\n<meta property=\"og:image\" content=\"https:\/\/vacances-seasonova.com\/wp-content\/uploads\/2016\/09\/cottage_seasonova.jpg\" \/>\n\t<meta property=\"og:image:width\" content=\"1480\" \/>\n\t<meta property=\"og:image:height\" content=\"474\" \/>\n\t<meta property=\"og:image:type\" content=\"image\/jpeg\" \/>\n<meta name=\"twitter:card\" content=\"summary\" \/>\n<meta name=\"twitter:label1\" content=\"Gesch\u00e4tzte Lesezeit\" \/>\n\t<meta name=\"twitter:data1\" content=\"6 Minuten\" \/>\n<script type=\"application\/ld+json\" class=\"yoast-schema-graph\">{\"@context\":\"https:\/\/schema.org\",\"@graph\":[{\"@type\":\"WebSite\",\"@id\":\"https:\/\/vacances-seasonova.com\/fr\/#website\",\"url\":\"https:\/\/vacances-seasonova.com\/fr\/\",\"name\":\"Seasonova\",\"description\":\"\",\"potentialAction\":[{\"@type\":\"SearchAction\",\"target\":{\"@type\":\"EntryPoint\",\"urlTemplate\":\"https:\/\/vacances-seasonova.com\/fr\/?s={search_term_string}\"},\"query-input\":\"required name=search_term_string\"}],\"inLanguage\":\"de-DE\"},{\"@type\":\"ImageObject\",\"@id\":\"https:\/\/vacances-seasonova.com\/nl\/vakantiewoningen-in-frankrijk\/cottages-verhuur-van-stacaravans-op-campings\/#primaryimage\",\"inLanguage\":\"de-DE\",\"url\":\"https:\/\/vacances-seasonova.com\/wp-content\/uploads\/2016\/09\/cottage_seasonova.jpg\",\"contentUrl\":\"https:\/\/vacances-seasonova.com\/wp-content\/uploads\/2016\/09\/cottage_seasonova.jpg\",\"width\":1480,\"height\":474,\"caption\":\"cottage_seasonova\"},{\"@type\":\"WebPage\",\"@id\":\"https:\/\/vacances-seasonova.com\/nl\/vakantiewoningen-in-frankrijk\/cottages-verhuur-van-stacaravans-op-campings\/#webpage\",\"url\":\"https:\/\/vacances-seasonova.com\/nl\/vakantiewoningen-in-frankrijk\/cottages-verhuur-van-stacaravans-op-campings\/\",\"name\":\"Cottages - Seasonova\",\"isPartOf\":{\"@id\":\"https:\/\/vacances-seasonova.com\/fr\/#website\"},\"primaryImageOfPage\":{\"@id\":\"https:\/\/vacances-seasonova.com\/nl\/vakantiewoningen-in-frankrijk\/cottages-verhuur-van-stacaravans-op-campings\/#primaryimage\"},\"datePublished\":\"2016-09-21T12:51:34+00:00\",\"dateModified\":\"2025-08-28T13:28:12+00:00\",\"breadcrumb\":{\"@id\":\"https:\/\/vacances-seasonova.com\/nl\/vakantiewoningen-in-frankrijk\/cottages-verhuur-van-stacaravans-op-campings\/#breadcrumb\"},\"inLanguage\":\"de-DE\",\"potentialAction\":[{\"@type\":\"ReadAction\",\"target\":[\"https:\/\/vacances-seasonova.com\/nl\/vakantiewoningen-in-frankrijk\/cottages-verhuur-van-stacaravans-op-campings\/\"]}]},{\"@type\":\"BreadcrumbList\",\"@id\":\"https:\/\/vacances-seasonova.com\/nl\/vakantiewoningen-in-frankrijk\/cottages-verhuur-van-stacaravans-op-campings\/#breadcrumb\",\"itemListElement\":[{\"@type\":\"ListItem\",\"position\":1,\"name\":\"Accueil\",\"item\":\"https:\/\/vacances-seasonova.com\/nl\/\"},{\"@type\":\"ListItem\",\"position\":2,\"name\":\"Locations de vacances\",\"item\":\"https:\/\/vacances-seasonova.com\/nl\/vakantiewoningen-in-frankrijk\/\"},{\"@type\":\"ListItem\",\"position\":3,\"name\":\"Cottages\"}]}]}<\/script>\n<!-- \/ Yoast SEO plugin. -->","yoast_head_json":{"robots":{"index":"index","follow":"follow","max-snippet":"max-snippet:-1","max-image-preview":"max-image-preview:large","max-video-preview":"max-video-preview:-1"},"canonical":"https:\/\/vacances-seasonova.com\/de\/vakantiewoningen-in-frankrijk\/cottages-verhuur-van-stacaravans-op-campings\/","og_locale":"de_DE","og_type":"article","og_title":"Cottages - Seasonova","og_description":"Cottage-Vermietung: Einzigartiger Charme trifft auf Mobilheim-Komfort Die Campingpl\u00e4tze von Seasonova bieten Ihnen eine einzigartige Auswahl an charmanten Ferienh\u00e4usern, die perfekt auf Ihre W\u00fcnsche und Anforderungen [...]","og_url":"https:\/\/vacances-seasonova.com\/nl\/vakantiewoningen-in-frankrijk\/cottages-verhuur-van-stacaravans-op-campings\/","og_site_name":"Seasonova","article_modified_time":"2025-08-28T13:28:12+00:00","og_image":[{"width":1480,"height":474,"url":"https:\/\/vacances-seasonova.com\/wp-content\/uploads\/2016\/09\/cottage_seasonova.jpg","type":"image\/jpeg"}],"twitter_card":"summary","twitter_misc":{"Gesch\u00e4tzte Lesezeit":"6 Minuten"},"schema":{"@context":"https:\/\/schema.org","@graph":[{"@type":"WebSite","@id":"https:\/\/vacances-seasonova.com\/fr\/#website","url":"https:\/\/vacances-seasonova.com\/fr\/","name":"Seasonova","description":"","potentialAction":[{"@type":"SearchAction","target":{"@type":"EntryPoint","urlTemplate":"https:\/\/vacances-seasonova.com\/fr\/?s={search_term_string}"},"query-input":"required name=search_term_string"}],"inLanguage":"de-DE"},{"@type":"ImageObject","@id":"https:\/\/vacances-seasonova.com\/nl\/vakantiewoningen-in-frankrijk\/cottages-verhuur-van-stacaravans-op-campings\/#primaryimage","inLanguage":"de-DE","url":"https:\/\/vacances-seasonova.com\/wp-content\/uploads\/2016\/09\/cottage_seasonova.jpg","contentUrl":"https:\/\/vacances-seasonova.com\/wp-content\/uploads\/2016\/09\/cottage_seasonova.jpg","width":1480,"height":474,"caption":"cottage_seasonova"},{"@type":"WebPage","@id":"https:\/\/vacances-seasonova.com\/nl\/vakantiewoningen-in-frankrijk\/cottages-verhuur-van-stacaravans-op-campings\/#webpage","url":"https:\/\/vacances-seasonova.com\/nl\/vakantiewoningen-in-frankrijk\/cottages-verhuur-van-stacaravans-op-campings\/","name":"Cottages - Seasonova","isPartOf":{"@id":"https:\/\/vacances-seasonova.com\/fr\/#website"},"primaryImageOfPage":{"@id":"https:\/\/vacances-seasonova.com\/nl\/vakantiewoningen-in-frankrijk\/cottages-verhuur-van-stacaravans-op-campings\/#primaryimage"},"datePublished":"2016-09-21T12:51:34+00:00","dateModified":"2025-08-28T13:28:12+00:00","breadcrumb":{"@id":"https:\/\/vacances-seasonova.com\/nl\/vakantiewoningen-in-frankrijk\/cottages-verhuur-van-stacaravans-op-campings\/#breadcrumb"},"inLanguage":"de-DE","potentialAction":[{"@type":"ReadAction","target":["https:\/\/vacances-seasonova.com\/nl\/vakantiewoningen-in-frankrijk\/cottages-verhuur-van-stacaravans-op-campings\/"]}]},{"@type":"BreadcrumbList","@id":"https:\/\/vacances-seasonova.com\/nl\/vakantiewoningen-in-frankrijk\/cottages-verhuur-van-stacaravans-op-campings\/#breadcrumb","itemListElement":[{"@type":"ListItem","position":1,"name":"Accueil","item":"https:\/\/vacances-seasonova.com\/nl\/"},{"@type":"ListItem","position":2,"name":"Locations de vacances","item":"https:\/\/vacances-seasonova.com\/nl\/vakantiewoningen-in-frankrijk\/"},{"@type":"ListItem","position":3,"name":"Cottages"}]}]}},"_links":{"self":[{"href":"https:\/\/vacances-seasonova.com\/de\/wp-json\/wp\/v2\/pages\/244"}],"collection":[{"href":"https:\/\/vacances-seasonova.com\/de\/wp-json\/wp\/v2\/pages"}],"about":[{"href":"https:\/\/vacances-seasonova.com\/de\/wp-json\/wp\/v2\/types\/page"}],"author":[{"embeddable":true,"href":"https:\/\/vacances-seasonova.com\/de\/wp-json\/wp\/v2\/users\/3"}],"replies":[{"embeddable":true,"href":"https:\/\/vacances-seasonova.com\/de\/wp-json\/wp\/v2\/comments?post=244"}],"version-history":[{"count":8,"href":"https:\/\/vacances-seasonova.com\/de\/wp-json\/wp\/v2\/pages\/244\/revisions"}],"predecessor-version":[{"id":51749,"href":"https:\/\/vacances-seasonova.com\/de\/wp-json\/wp\/v2\/pages\/244\/revisions\/51749"}],"up":[{"embeddable":true,"href":"https:\/\/vacances-seasonova.com\/de\/wp-json\/wp\/v2\/pages\/61"}],"wp:featuredmedia":[{"embeddable":true,"href":"https:\/\/vacances-seasonova.com\/de\/wp-json\/wp\/v2\/media\/675"}],"wp:attachment":[{"href":"https:\/\/vacances-seasonova.com\/de\/wp-json\/wp\/v2\/media?parent=244"}],"curies":[{"name":"wp","href":"https:\/\/api.w.org\/{rel}","templated":true}]}}