    {"id":27644,"date":"2022-05-18T10:30:49","date_gmt":"2022-05-18T08:30:49","guid":{"rendered":"https:\/\/vacances-seasonova.com\/fr\/?page_id=27644"},"modified":"2026-01-12T15:04:26","modified_gmt":"2026-01-12T14:04:26","slug":"les-enveloppes-slow-day","status":"publish","type":"page","link":"https:\/\/vacances-seasonova.com\/de\/les-enveloppes-slow-day\/","title":{"rendered":"Les Enveloppes Slow Day"},"content":{"rendered":"<p><\/p>\n<p>Erleben Sie einen \u201eSlow Life\u201c-Tag auf einem unserer Seasonova-Campingpl\u00e4tze!<\/p>\n<p>Fernab vom hektischen Alltag \u2013 haben Sie schon einmal davon getr\u00e4umt, einen Tag in Ihrem eigenen Tempo zu leben?<br \/>\nWenn ja, dann haben wir eine fertige Einf\u00fchrung f\u00fcr Sie!<br \/>\nUnsere Gruppe hat sich mit \u201eUne Vie Slow\u201c, vertreten durch Chlo\u00e9 &amp; Nicolas Blin Maginot, zusammengetan, um den \u201eSlow Day\u201c-Umschlag zu gestalten. Damit k\u00f6nnen Sie einen Tag lang im Camping das Hier und Jetzt genie\u00dfen, Schritt f\u00fcr Schritt.<\/p>\n<h2>Aber was ist Slow Life?<\/h2>\n<p>Es ist vor allem eine Sinnsuche: lernen, langsamer zu werden, den mentalen Ballast loszulassen, sich auf das Wesentliche zu konzentrieren, Raum f\u00fcr Inspiration und W\u00fcnsche zu schaffen und den Moment bewusst zu leben\u2026<\/p>\n<h2>Warum diese Zusammenarbeit mit \u201eUne Vie Slow\u201c?<\/h2>\n<p>Seasonova ist \u00fcberzeugt, dass Wohlbefinden eine Priorit\u00e4t ist. Deshalb verbinden wir unsere \u00dcberzeugungen \u00fcber <a href=\"https:\/\/vacances-seasonova.com\/fr\/vacances-en-camping-seasonova\/lempreinte-seasonova-2-2\/\">Slow Life<\/a> mit \u201eUne Vie Slow\u201c, um unsere neugierigen Camper einzuladen, \u00fcber ihre W\u00fcnsche und Bed\u00fcrfnisse nachzudenken.<br \/>\nWir bieten Momente zum Wohlf\u00fchlen f\u00fcr K\u00f6rper und Herz \u2013 und Ferien mitten in der Natur!<br \/>\n\u00dcberraschungen in den Umschl\u00e4gen f\u00f6rdern N\u00e4he und Humor in der Familie oder als Paar.<br \/>\nF\u00fcr einen Tag zu den Essenziellen zur\u00fcckkehren, ist wie ein sch\u00f6ner Tanz im Slow-Rhythmus.<\/p>\n<h3>\u201eSlow Day\u201c-Umschl\u00e4ge von \u201eUne Vie Slow x Seasonova\u201c!<\/h3>\n<p>Ob als Paar oder mit der Familie: Lassen Sie sich auf einen Tag der R\u00fcckverbindung und des Teilens ein!<br \/>\nMit Ihrem \u201eSlow Day\u201c-Umschlag haben Sie Zugang zu einem befreienden Programm von Sonnenaufgang bis Sonnenuntergang. Ein Leitfaden mit Rezepten, Aktivit\u00e4ten, Ruhepausen\u2026 Ihre einzige Aufgabe: sich f\u00fchren lassen.<\/p>\n<h3>Wo gibt es die \u201eSlow Day\u201c-Umschl\u00e4ge?<\/h3>\n<p>M\u00f6chten Sie den Slow-Rhythmus erleben? Buchen Sie zun\u00e4chst Ihren Aufenthalt auf einem der vielen<br \/>\n<a href=\"https:\/\/vacances-seasonova.com\/fr\/\">Seasonova-Campingpl\u00e4tze<\/a> und w\u00e4hlen Sie bei der Buchung das \u201eSlow Day\u201c-Paket (Paar oder Familie).<br \/>\nIhr Umschlag wartet direkt am Campingplatz auf Sie \u2013 und dann hei\u00dft es nur noch: genie\u00dfen!<\/p>\n<h2>Also, bereit f\u00fcr die \u201eSlow Day\u201c-Erfahrung?!<\/h2>\n<div>\n  <a href=\"https:\/\/bookingpremium.secureholiday.net\/group\/FR\/22\/search\/estab-list?SearchForm.EngineId=1164&amp;SearchForm.BeginDate=&amp;SearchForm.EndDate=&amp;SearchForm.PersonNumber=&amp;SearchForm.EstablishmentIdList%5B0%5D=-1&amp;SearchForm.ProductTypeCodeList%5B0%5D=E&amp;showMap=true\" target=\"_blank\" rel=\"noopener\">Hier klicken<\/a>\n<\/div>\n<p><\/p>","protected":false},"excerpt":{"rendered":"<p>Erleben Sie einen \u201eSlow Life\u201c-Tag auf einem unserer Seasonova-Campingpl\u00e4tze! Fernab vom hektischen Alltag \u2013 haben Sie schon einmal davon getr\u00e4umt, einen Tag in Ihrem eigenen Tempo zu leben? Wenn ja, dann haben wir [&#8230;]<\/p>\n","protected":false},"author":2,"featured_media":27566,"parent":0,"menu_order":0,"comment_status":"closed","ping_status":"closed","template":"","meta":[],"yoast_head":"<!-- This site is optimized with the Yoast SEO plugin v18.1 - https:\/\/yoast.com\/wordpress\/plugins\/seo\/ -->\n<meta name=\"description\" content=\"Profitez de vos vacances pour vivre une Exp\u00e9rience Slow Life dans les Campings SEASONOVA. Nous avons con\u00e7u pour vous un programme in\u00e9dit...\" \/>\n<meta name=\"robots\" content=\"index, follow, max-snippet:-1, max-image-preview:large, max-video-preview:-1\" \/>\n<link rel=\"canonical\" href=\"https:\/\/vacances-seasonova.com\/de\/les-enveloppes-slow-day\/\" \/>\n<meta property=\"og:locale\" content=\"de_DE\" \/>\n<meta property=\"og:type\" content=\"article\" \/>\n<meta property=\"og:title\" content=\"Exp\u00e9rience Slow Life\" \/>\n<meta property=\"og:description\" content=\"Profitez de vos vacances pour vivre une Exp\u00e9rience Slow Life dans les Campings SEASONOVA. Nous avons con\u00e7u pour vous un programme in\u00e9dit...\" \/>\n<meta property=\"og:url\" content=\"https:\/\/vacances-seasonova.com\/fr\/les-enveloppes-slow-day\/\" \/>\n<meta property=\"og:site_name\" content=\"Seasonova\" \/>\n<meta property=\"article:modified_time\" content=\"2026-01-12T14:04:26+00:00\" \/>\n<meta property=\"og:image\" content=\"https:\/\/vacances-seasonova.com\/wp-content\/uploads\/2022\/05\/dsc05985-scaled.jpg\" \/>\n\t<meta property=\"og:image:width\" content=\"2560\" \/>\n\t<meta property=\"og:image:height\" content=\"1707\" \/>\n\t<meta property=\"og:image:type\" content=\"image\/jpeg\" \/>\n<meta name=\"twitter:card\" content=\"summary\" \/>\n<meta name=\"twitter:label1\" content=\"Gesch\u00e4tzte Lesezeit\" \/>\n\t<meta name=\"twitter:data1\" content=\"7 Minuten\" \/>\n<script type=\"application\/ld+json\" class=\"yoast-schema-graph\">{\"@context\":\"https:\/\/schema.org\",\"@graph\":[{\"@type\":\"WebSite\",\"@id\":\"https:\/\/vacances-seasonova.com\/fr\/#website\",\"url\":\"https:\/\/vacances-seasonova.com\/fr\/\",\"name\":\"Seasonova\",\"description\":\"\",\"potentialAction\":[{\"@type\":\"SearchAction\",\"target\":{\"@type\":\"EntryPoint\",\"urlTemplate\":\"https:\/\/vacances-seasonova.com\/fr\/?s={search_term_string}\"},\"query-input\":\"required name=search_term_string\"}],\"inLanguage\":\"de-DE\"},{\"@type\":\"ImageObject\",\"@id\":\"https:\/\/vacances-seasonova.com\/fr\/les-enveloppes-slow-day\/#primaryimage\",\"inLanguage\":\"de-DE\",\"url\":\"https:\/\/vacances-seasonova.com\/wp-content\/uploads\/2022\/05\/dsc05985-scaled.jpg\",\"contentUrl\":\"https:\/\/vacances-seasonova.com\/wp-content\/uploads\/2022\/05\/dsc05985-scaled.jpg\",\"width\":2560,\"height\":1707},{\"@type\":\"WebPage\",\"@id\":\"https:\/\/vacances-seasonova.com\/fr\/les-enveloppes-slow-day\/#webpage\",\"url\":\"https:\/\/vacances-seasonova.com\/fr\/les-enveloppes-slow-day\/\",\"name\":\"Exp\u00e9rience Slow Life\",\"isPartOf\":{\"@id\":\"https:\/\/vacances-seasonova.com\/fr\/#website\"},\"primaryImageOfPage\":{\"@id\":\"https:\/\/vacances-seasonova.com\/fr\/les-enveloppes-slow-day\/#primaryimage\"},\"datePublished\":\"2022-05-18T08:30:49+00:00\",\"dateModified\":\"2026-01-12T14:04:26+00:00\",\"description\":\"Profitez de vos vacances pour vivre une Exp\u00e9rience Slow Life dans les Campings SEASONOVA. Nous avons con\u00e7u pour vous un programme in\u00e9dit...\",\"breadcrumb\":{\"@id\":\"https:\/\/vacances-seasonova.com\/fr\/les-enveloppes-slow-day\/#breadcrumb\"},\"inLanguage\":\"de-DE\",\"potentialAction\":[{\"@type\":\"ReadAction\",\"target\":[\"https:\/\/vacances-seasonova.com\/fr\/les-enveloppes-slow-day\/\"]}]},{\"@type\":\"BreadcrumbList\",\"@id\":\"https:\/\/vacances-seasonova.com\/fr\/les-enveloppes-slow-day\/#breadcrumb\",\"itemListElement\":[{\"@type\":\"ListItem\",\"position\":1,\"name\":\"Accueil\",\"item\":\"https:\/\/vacances-seasonova.com\/nl\/\"},{\"@type\":\"ListItem\",\"position\":2,\"name\":\"Les Enveloppes Slow Day\"}]}]}<\/script>\n<!-- \/ Yoast SEO plugin. -->","yoast_head_json":{"description":"Profitez de vos vacances pour vivre une Exp\u00e9rience Slow Life dans les Campings SEASONOVA. Nous avons con\u00e7u pour vous un programme in\u00e9dit...","robots":{"index":"index","follow":"follow","max-snippet":"max-snippet:-1","max-image-preview":"max-image-preview:large","max-video-preview":"max-video-preview:-1"},"canonical":"https:\/\/vacances-seasonova.com\/de\/les-enveloppes-slow-day\/","og_locale":"de_DE","og_type":"article","og_title":"Exp\u00e9rience Slow Life","og_description":"Profitez de vos vacances pour vivre une Exp\u00e9rience Slow Life dans les Campings SEASONOVA. Nous avons con\u00e7u pour vous un programme in\u00e9dit...","og_url":"https:\/\/vacances-seasonova.com\/fr\/les-enveloppes-slow-day\/","og_site_name":"Seasonova","article_modified_time":"2026-01-12T14:04:26+00:00","og_image":[{"width":2560,"height":1707,"url":"https:\/\/vacances-seasonova.com\/wp-content\/uploads\/2022\/05\/dsc05985-scaled.jpg","type":"image\/jpeg"}],"twitter_card":"summary","twitter_misc":{"Gesch\u00e4tzte Lesezeit":"7 Minuten"},"schema":{"@context":"https:\/\/schema.org","@graph":[{"@type":"WebSite","@id":"https:\/\/vacances-seasonova.com\/fr\/#website","url":"https:\/\/vacances-seasonova.com\/fr\/","name":"Seasonova","description":"","potentialAction":[{"@type":"SearchAction","target":{"@type":"EntryPoint","urlTemplate":"https:\/\/vacances-seasonova.com\/fr\/?s={search_term_string}"},"query-input":"required name=search_term_string"}],"inLanguage":"de-DE"},{"@type":"ImageObject","@id":"https:\/\/vacances-seasonova.com\/fr\/les-enveloppes-slow-day\/#primaryimage","inLanguage":"de-DE","url":"https:\/\/vacances-seasonova.com\/wp-content\/uploads\/2022\/05\/dsc05985-scaled.jpg","contentUrl":"https:\/\/vacances-seasonova.com\/wp-content\/uploads\/2022\/05\/dsc05985-scaled.jpg","width":2560,"height":1707},{"@type":"WebPage","@id":"https:\/\/vacances-seasonova.com\/fr\/les-enveloppes-slow-day\/#webpage","url":"https:\/\/vacances-seasonova.com\/fr\/les-enveloppes-slow-day\/","name":"Exp\u00e9rience Slow Life","isPartOf":{"@id":"https:\/\/vacances-seasonova.com\/fr\/#website"},"primaryImageOfPage":{"@id":"https:\/\/vacances-seasonova.com\/fr\/les-enveloppes-slow-day\/#primaryimage"},"datePublished":"2022-05-18T08:30:49+00:00","dateModified":"2026-01-12T14:04:26+00:00","description":"Profitez de vos vacances pour vivre une Exp\u00e9rience Slow Life dans les Campings SEASONOVA. Nous avons con\u00e7u pour vous un programme in\u00e9dit...","breadcrumb":{"@id":"https:\/\/vacances-seasonova.com\/fr\/les-enveloppes-slow-day\/#breadcrumb"},"inLanguage":"de-DE","potentialAction":[{"@type":"ReadAction","target":["https:\/\/vacances-seasonova.com\/fr\/les-enveloppes-slow-day\/"]}]},{"@type":"BreadcrumbList","@id":"https:\/\/vacances-seasonova.com\/fr\/les-enveloppes-slow-day\/#breadcrumb","itemListElement":[{"@type":"ListItem","position":1,"name":"Accueil","item":"https:\/\/vacances-seasonova.com\/nl\/"},{"@type":"ListItem","position":2,"name":"Les Enveloppes Slow Day"}]}]}},"_links":{"self":[{"href":"https:\/\/vacances-seasonova.com\/de\/wp-json\/wp\/v2\/pages\/27644"}],"collection":[{"href":"https:\/\/vacances-seasonova.com\/de\/wp-json\/wp\/v2\/pages"}],"about":[{"href":"https:\/\/vacances-seasonova.com\/de\/wp-json\/wp\/v2\/types\/page"}],"author":[{"embeddable":true,"href":"https:\/\/vacances-seasonova.com\/de\/wp-json\/wp\/v2\/users\/2"}],"replies":[{"embeddable":true,"href":"https:\/\/vacances-seasonova.com\/de\/wp-json\/wp\/v2\/comments?post=27644"}],"version-history":[{"count":64,"href":"https:\/\/vacances-seasonova.com\/de\/wp-json\/wp\/v2\/pages\/27644\/revisions"}],"predecessor-version":[{"id":51764,"href":"https:\/\/vacances-seasonova.com\/de\/wp-json\/wp\/v2\/pages\/27644\/revisions\/51764"}],"wp:featuredmedia":[{"embeddable":true,"href":"https:\/\/vacances-seasonova.com\/de\/wp-json\/wp\/v2\/media\/27566"}],"wp:attachment":[{"href":"https:\/\/vacances-seasonova.com\/de\/wp-json\/wp\/v2\/media?parent=27644"}],"curies":[{"name":"wp","href":"https:\/\/api.w.org\/{rel}","templated":true}]}}