    {"id":27686,"date":"2023-08-29T11:42:26","date_gmt":"2023-08-29T09:42:26","guid":{"rendered":"https:\/\/vacances-seasonova.com\/fr\/?page_id=27686"},"modified":"2025-08-14T15:12:27","modified_gmt":"2025-08-14T13:12:27","slug":"l-empreinte-seasonova","status":"publish","type":"page","link":"https:\/\/vacances-seasonova.com\/de\/campingurlaub-mit-seasonova\/der-fussabdruck-2\/","title":{"rendered":"Slow Life"},"content":{"rendered":"<p><img loading=\"lazy\" class=\"alignnone size-full wp-image-20882\" src=\"https:\/\/vacances-seasonova.com\/wp-content\/uploads\/2021\/03\/valeurs.png\" alt=\"\" width=\"2590\" height=\"2106\" srcset=\"https:\/\/vacances-seasonova.com\/wp-content\/uploads\/2021\/03\/valeurs.png 2590w, https:\/\/vacances-seasonova.com\/wp-content\/uploads\/2021\/03\/valeurs-300x244.png 300w, https:\/\/vacances-seasonova.com\/wp-content\/uploads\/2021\/03\/valeurs-768x624.png 768w, https:\/\/vacances-seasonova.com\/wp-content\/uploads\/2021\/03\/valeurs-553x450.png 553w, https:\/\/vacances-seasonova.com\/wp-content\/uploads\/2021\/03\/valeurs-600x488.png 600w\" sizes=\"(max-width: 2590px) 100vw, 2590px\" \/><\/p>\n<h3>Geben Sie Ihrem Leben einen neuen Rhythmus<\/h3>\n<p>Die Idee des Slow Life setzt sich heute mehr denn je durch. Das Konzept \u00fcberzeugt weiterhin Menschen, die um ihr wohlergehen besorgt sind.<\/p>\n<p>In der Tat war es noch nie so gefragt, die eigenen Priorit\u00e4ten zu \u00fcberdenken und sich auf das Wesentliche zu konzentrieren. Diese Art, das t\u00e4gliche Leben zu betrachten, nimmt viele Formen an, die sich auf jeden Aspekt unserer Tage beziehen.<\/p>\n<div class=\"row row-no-gutters\">\n<div class=\"col-xs-12 col-md-4\">\n<p><img loading=\"lazy\" class=\"size-medium wp-image-17191\" src=\"https:\/\/vacances-seasonova.com\/wp-content\/uploads\/2020\/03\/slow-seasonova-300x257.jpg\" alt=\"yoga\" width=\"300\" height=\"257\" srcset=\"https:\/\/vacances-seasonova.com\/wp-content\/uploads\/2020\/03\/slow-seasonova-300x257.jpg 300w, https:\/\/vacances-seasonova.com\/wp-content\/uploads\/2020\/03\/slow-seasonova-768x658.jpg 768w, https:\/\/vacances-seasonova.com\/wp-content\/uploads\/2020\/03\/slow-seasonova-525x450.jpg 525w, https:\/\/vacances-seasonova.com\/wp-content\/uploads\/2020\/03\/slow-seasonova-600x514.jpg 600w, https:\/\/vacances-seasonova.com\/wp-content\/uploads\/2020\/03\/slow-seasonova.jpg 1399w\" sizes=\"(max-width: 300px) 100vw, 300px\" \/><\/p>\n<h2>Mal einen Gang runterschalten<\/h2>\n<h3>Entschleunigen Sie sich, nehmen Sie sich die Zeit, jeden Moment zu sch\u00e4tzen!<\/h3>\n<p style=\"text-align: justify;\">Bei der Entscheidung zu entschleunigten, besinnt man sich darauf, das man verschiedenen Aspekte des t\u00e4glichen Lebens auf vereinfachte Weise angehen sollte. Das Ziel? Eine Fokussierung auf das Wesentliche.<\/p>\n<p style=\"text-align: justify;\">Aber warum tun Sie das? Heute nehmen wir uns nicht mehr die Zeit zum Genie\u00dfen, wir wissen nicht mehr, wie man wartet, ohne auf das Smartphone zu schauen, wir kaufen ohne nachzudenken und wir essen nur zur Nahrungsaufnahme.<\/p>\n<p style=\"text-align: justify;\">Das Ziel ist es, den Momenten des Lebens, die unsere Tage beleben, wie das Spielen mit unseren Kindern, wieder Bedeutung zu geben. Eine neue Lebensweise, die die Vorteile der Entschleunigung hervorhebt.<\/p>\n<p style=\"text-align: justify;\">In einer Welt, die von Schnelligkeit und Effizienz gepr\u00e4gt ist, wird es oft als negativ angesehen, sich die Zeit zu nehmen und zu entspannen, obwohl es nichts Besseres gibt, um seine Batterien aufzuladen und wieder produktiv zu sein, wenn es notwendig ist.<\/p>\n<p style=\"text-align: justify;\">&#8222;Die Qualit\u00e4t des Lebens ist immer proportional zu der F\u00e4higkeit, es zu genie\u00dfen. Die F\u00e4higkeit, es zu genie\u00dfen, steht in direktem Zusammenhang mit der F\u00e4higkeit, aufmerksam zu sein.&#8220; Julia Cameron<\/p>\n<\/div>\n<div class=\"col-xs-12 col-md-4\">\n<p><img loading=\"lazy\" class=\"size-medium wp-image-17189\" src=\"https:\/\/vacances-seasonova.com\/wp-content\/uploads\/2020\/03\/fromages-image-300x257.jpg\" alt=\"fromage\" width=\"300\" height=\"257\" srcset=\"https:\/\/vacances-seasonova.com\/wp-content\/uploads\/2020\/03\/fromages-image-300x257.jpg 300w, https:\/\/vacances-seasonova.com\/wp-content\/uploads\/2020\/03\/fromages-image-768x658.jpg 768w, https:\/\/vacances-seasonova.com\/wp-content\/uploads\/2020\/03\/fromages-image-525x450.jpg 525w, https:\/\/vacances-seasonova.com\/wp-content\/uploads\/2020\/03\/fromages-image-600x514.jpg 600w, https:\/\/vacances-seasonova.com\/wp-content\/uploads\/2020\/03\/fromages-image.jpg 1399w\" sizes=\"(max-width: 300px) 100vw, 300px\" \/><\/p>\n<h2>Slow Food<\/h2>\n<h3>Die Kunst, gesund und genussvoll zu essen (lernen)<\/h3>\n<p style=\"text-align: justify;\"><span style=\"font-weight: 400;\">Die Slow-Food-Bewegung wurde in den 1980er Jahren geboren. Es war eine Gruppe von Freunden, angef\u00fchrt von Carlo Petrini, die diese Philosophie initiierte. Diese Liebhaber guter Dinge dr\u00fcckten ihre Verbundenheit mit guten Produkten und der Zeit, die man einer Mahlzeit widmen sollte, aus. Diese Art, das t\u00e4gliche Leben wahrzunehmen, wurde in vielen Formen aufgegriffen, wie z.B. beim langsamen Reisen.\u00a0 <\/span><\/p>\n<p style=\"text-align: justify;\">Das ist alles sch\u00f6n und gut, aber was beinhaltet das?<\/p>\n<p style=\"text-align: justify;\">Sie k\u00f6nnen sich vorstellen, eine Fast-Food-Mahlzeit in nur zwei Minuten zu essen? Nun, Slow Food ist genau das Gegenteil, es geht darum, den Lebensmitteln, die Sie essen, Aufmerksamkeit zu schenken, woher sie kommen, die Qualit\u00e4t sowie die Art und Weise, wie diese zubereitet werden und es geht darum, lokalen Produzenten zu vertrauen.<\/p>\n<p style=\"text-align: justify;\">Sie brauchen auch einen sch\u00f6nen Platz zum Genie\u00dfen, einen geeigneten Ort, um mit Familie, mit Freunden oder auch alleine gutes, mit Liebe gekochtes Essen zu genie\u00dfen.<\/p>\n<p style=\"text-align: justify;\">Der letzte Schliff ist, sich einfach &#8222;Zeit zu nehmen&#8220;, um zu essen.<\/p>\n<\/div>\n<div class=\"col-xs-12 col-md-4\">\n<p><img loading=\"lazy\" class=\"size-medium wp-image-17194\" src=\"https:\/\/vacances-seasonova.com\/wp-content\/uploads\/2020\/03\/caravane-300x257.jpg\" alt=\"caravane\" width=\"300\" height=\"257\" srcset=\"https:\/\/vacances-seasonova.com\/wp-content\/uploads\/2020\/03\/caravane-300x257.jpg 300w, https:\/\/vacances-seasonova.com\/wp-content\/uploads\/2020\/03\/caravane-768x658.jpg 768w, https:\/\/vacances-seasonova.com\/wp-content\/uploads\/2020\/03\/caravane-525x450.jpg 525w, https:\/\/vacances-seasonova.com\/wp-content\/uploads\/2020\/03\/caravane-600x514.jpg 600w, https:\/\/vacances-seasonova.com\/wp-content\/uploads\/2020\/03\/caravane.jpg 1399w\" sizes=\"(max-width: 300px) 100vw, 300px\" \/><\/p>\n<h2>Slow Travel<\/h2>\n<h3>Langsam reisen, jeden Moment genie\u00dfen<\/h3>\n<p style=\"text-align: justify;\">Die Idee des &#8222;Slow Travel&#8220;, also des langsamen Reisens, bezieht sich auf die &#8222;Slow Life&#8220;-Bewegung, die Menschen dazu einl\u00e4dt, ihr Lebenstempo in einer Welt, in der alles immer schneller geht, zu verlangsamen.<\/p>\n<p style=\"text-align: justify;\">Das Ziel ist es, zu den Grundlagen zur\u00fcckzukehren und die Einfachheit der Komplexit\u00e4t vorzuziehen.<\/p>\n<p style=\"text-align: justify;\">Beim langsamen Reisen geht es darum, sich die n\u00f6tige Zeit zu nehmen, um Ihren Aufenthalt zu genie\u00dfen.<\/p>\n<p style=\"text-align: justify;\">Es bedeutet, dass Sie sich die M\u00f6glichkeit geben, in die Orte, in die Sie reisen, einzutauchen und die Einheimischen zu treffen. Es bedeutet auch, dass Sie Ihre Aktivit\u00e4ten nach ihrer Qualit\u00e4t und nicht nach ihrer Quantit\u00e4t ausw\u00e4hlen.<\/p>\n<p style=\"text-align: justify;\">Diese Sicht der Dinge l\u00e4dt dazu ein, umweltbewusster und sensibler mit seiner Umwelt umzugehen.<\/p>\n<p style=\"text-align: justify;\">Das bedeutet, dass Sie weniger umweltsch\u00e4dliche und f\u00fcr die lokale Wirtschaft g\u00fcnstige Verkehrsmittel wie Fahrr\u00e4der oder \u00f6ffentliche Verkehrsmittel benutzen.<\/p>\n<\/div>\n<\/div>\n<h2 style=\"text-align: center;\">Unsere Seasonova K\u00f6rbe f\u00fcr ein gelungenes Picknick<\/h2>\n<p style=\"text-align: center;\"><img loading=\"lazy\" class=\"wp-image-20931 aligncenter\" src=\"https:\/\/vacances-seasonova.com\/wp-content\/uploads\/2021\/03\/panier.png\" alt=\"\" width=\"897\" height=\"596\" srcset=\"https:\/\/vacances-seasonova.com\/wp-content\/uploads\/2021\/03\/panier.png 3008w, https:\/\/vacances-seasonova.com\/wp-content\/uploads\/2021\/03\/panier-300x199.png 300w, https:\/\/vacances-seasonova.com\/wp-content\/uploads\/2021\/03\/panier-768x511.png 768w, https:\/\/vacances-seasonova.com\/wp-content\/uploads\/2021\/03\/panier-677x450.png 677w, https:\/\/vacances-seasonova.com\/wp-content\/uploads\/2021\/03\/panier-600x399.png 600w\" sizes=\"(max-width: 897px) 100vw, 897px\" \/><br \/>\n<a title=\"Nos paniers pique-nique\" href=\"https:\/\/vacances-seasonova.com\/fr\/nos-paniers-pique-nique\/\">En savoir plus<\/a><\/p>\n<p><\/p>","protected":false},"excerpt":{"rendered":"<p>Geben Sie Ihrem Leben einen neuen Rhythmus Die Idee des Slow Life setzt sich heute mehr denn je durch. Das Konzept \u00fcberzeugt weiterhin Menschen, die um ihr wohlergehen besorgt sind. In der Tat war es noch nie so gefragt, [&#8230;]<\/p>\n","protected":false},"author":2,"featured_media":16500,"parent":53,"menu_order":1,"comment_status":"closed","ping_status":"closed","template":"page.php","meta":[],"yoast_head":"<!-- This site is optimized with the Yoast SEO plugin v18.1 - https:\/\/yoast.com\/wordpress\/plugins\/seo\/ -->\n<meta name=\"robots\" content=\"index, follow, max-snippet:-1, max-image-preview:large, max-video-preview:-1\" \/>\n<link rel=\"canonical\" href=\"https:\/\/vacances-seasonova.com\/de\/kampeervakantiein-frankrijk\/devoetafdruk-2\/\" \/>\n<meta property=\"og:locale\" content=\"de_DE\" \/>\n<meta property=\"og:type\" content=\"article\" \/>\n<meta property=\"og:title\" content=\"Slow Life - Seasonova\" \/>\n<meta property=\"og:description\" content=\"Geben Sie Ihrem Leben einen neuen Rhythmus Die Idee des Slow Life setzt sich heute mehr denn je durch. Das Konzept \u00fcberzeugt weiterhin Menschen, die um ihr wohlergehen besorgt sind. In der Tat war es noch nie so gefragt, [...]\" \/>\n<meta property=\"og:url\" content=\"https:\/\/vacances-seasonova.com\/nl\/kampeervakantiein-frankrijk\/devoetafdruk-2\/\" \/>\n<meta property=\"og:site_name\" content=\"Seasonova\" \/>\n<meta property=\"article:modified_time\" content=\"2025-08-14T13:12:27+00:00\" \/>\n<meta property=\"og:image\" content=\"https:\/\/vacances-seasonova.com\/wp-content\/uploads\/2020\/02\/camper-bon-sante.jpg\" \/>\n\t<meta property=\"og:image:width\" content=\"5915\" \/>\n\t<meta property=\"og:image:height\" content=\"3942\" \/>\n\t<meta property=\"og:image:type\" content=\"image\/jpeg\" \/>\n<meta name=\"twitter:card\" content=\"summary\" \/>\n<meta name=\"twitter:label1\" content=\"Gesch\u00e4tzte Lesezeit\" \/>\n\t<meta name=\"twitter:data1\" content=\"14 Minuten\" \/>\n<script type=\"application\/ld+json\" class=\"yoast-schema-graph\">{\"@context\":\"https:\/\/schema.org\",\"@graph\":[{\"@type\":\"WebSite\",\"@id\":\"https:\/\/vacances-seasonova.com\/fr\/#website\",\"url\":\"https:\/\/vacances-seasonova.com\/fr\/\",\"name\":\"Seasonova\",\"description\":\"\",\"potentialAction\":[{\"@type\":\"SearchAction\",\"target\":{\"@type\":\"EntryPoint\",\"urlTemplate\":\"https:\/\/vacances-seasonova.com\/fr\/?s={search_term_string}\"},\"query-input\":\"required name=search_term_string\"}],\"inLanguage\":\"de-DE\"},{\"@type\":\"ImageObject\",\"@id\":\"https:\/\/vacances-seasonova.com\/nl\/kampeervakantiein-frankrijk\/devoetafdruk-2\/#primaryimage\",\"inLanguage\":\"de-DE\",\"url\":\"https:\/\/vacances-seasonova.com\/wp-content\/uploads\/2020\/02\/camper-bon-sante.jpg\",\"contentUrl\":\"https:\/\/vacances-seasonova.com\/wp-content\/uploads\/2020\/02\/camper-bon-sante.jpg\",\"width\":5915,\"height\":3942,\"caption\":\"camping\"},{\"@type\":\"WebPage\",\"@id\":\"https:\/\/vacances-seasonova.com\/nl\/kampeervakantiein-frankrijk\/devoetafdruk-2\/#webpage\",\"url\":\"https:\/\/vacances-seasonova.com\/nl\/kampeervakantiein-frankrijk\/devoetafdruk-2\/\",\"name\":\"Slow Life - Seasonova\",\"isPartOf\":{\"@id\":\"https:\/\/vacances-seasonova.com\/fr\/#website\"},\"primaryImageOfPage\":{\"@id\":\"https:\/\/vacances-seasonova.com\/nl\/kampeervakantiein-frankrijk\/devoetafdruk-2\/#primaryimage\"},\"datePublished\":\"2023-08-29T09:42:26+00:00\",\"dateModified\":\"2025-08-14T13:12:27+00:00\",\"breadcrumb\":{\"@id\":\"https:\/\/vacances-seasonova.com\/nl\/kampeervakantiein-frankrijk\/devoetafdruk-2\/#breadcrumb\"},\"inLanguage\":\"de-DE\",\"potentialAction\":[{\"@type\":\"ReadAction\",\"target\":[\"https:\/\/vacances-seasonova.com\/nl\/kampeervakantiein-frankrijk\/devoetafdruk-2\/\"]}]},{\"@type\":\"BreadcrumbList\",\"@id\":\"https:\/\/vacances-seasonova.com\/nl\/kampeervakantiein-frankrijk\/devoetafdruk-2\/#breadcrumb\",\"itemListElement\":[{\"@type\":\"ListItem\",\"position\":1,\"name\":\"Accueil\",\"item\":\"https:\/\/vacances-seasonova.com\/nl\/\"},{\"@type\":\"ListItem\",\"position\":2,\"name\":\"Vacances en camping Seasonova\",\"item\":\"https:\/\/vacances-seasonova.com\/nl\/kampeervakantiein-frankrijk\/\"},{\"@type\":\"ListItem\",\"position\":3,\"name\":\"Slow Life\"}]}]}<\/script>\n<!-- \/ Yoast SEO plugin. -->","yoast_head_json":{"robots":{"index":"index","follow":"follow","max-snippet":"max-snippet:-1","max-image-preview":"max-image-preview:large","max-video-preview":"max-video-preview:-1"},"canonical":"https:\/\/vacances-seasonova.com\/de\/kampeervakantiein-frankrijk\/devoetafdruk-2\/","og_locale":"de_DE","og_type":"article","og_title":"Slow Life - Seasonova","og_description":"Geben Sie Ihrem Leben einen neuen Rhythmus Die Idee des Slow Life setzt sich heute mehr denn je durch. Das Konzept \u00fcberzeugt weiterhin Menschen, die um ihr wohlergehen besorgt sind. In der Tat war es noch nie so gefragt, [...]","og_url":"https:\/\/vacances-seasonova.com\/nl\/kampeervakantiein-frankrijk\/devoetafdruk-2\/","og_site_name":"Seasonova","article_modified_time":"2025-08-14T13:12:27+00:00","og_image":[{"width":5915,"height":3942,"url":"https:\/\/vacances-seasonova.com\/wp-content\/uploads\/2020\/02\/camper-bon-sante.jpg","type":"image\/jpeg"}],"twitter_card":"summary","twitter_misc":{"Gesch\u00e4tzte Lesezeit":"14 Minuten"},"schema":{"@context":"https:\/\/schema.org","@graph":[{"@type":"WebSite","@id":"https:\/\/vacances-seasonova.com\/fr\/#website","url":"https:\/\/vacances-seasonova.com\/fr\/","name":"Seasonova","description":"","potentialAction":[{"@type":"SearchAction","target":{"@type":"EntryPoint","urlTemplate":"https:\/\/vacances-seasonova.com\/fr\/?s={search_term_string}"},"query-input":"required name=search_term_string"}],"inLanguage":"de-DE"},{"@type":"ImageObject","@id":"https:\/\/vacances-seasonova.com\/nl\/kampeervakantiein-frankrijk\/devoetafdruk-2\/#primaryimage","inLanguage":"de-DE","url":"https:\/\/vacances-seasonova.com\/wp-content\/uploads\/2020\/02\/camper-bon-sante.jpg","contentUrl":"https:\/\/vacances-seasonova.com\/wp-content\/uploads\/2020\/02\/camper-bon-sante.jpg","width":5915,"height":3942,"caption":"camping"},{"@type":"WebPage","@id":"https:\/\/vacances-seasonova.com\/nl\/kampeervakantiein-frankrijk\/devoetafdruk-2\/#webpage","url":"https:\/\/vacances-seasonova.com\/nl\/kampeervakantiein-frankrijk\/devoetafdruk-2\/","name":"Slow Life - Seasonova","isPartOf":{"@id":"https:\/\/vacances-seasonova.com\/fr\/#website"},"primaryImageOfPage":{"@id":"https:\/\/vacances-seasonova.com\/nl\/kampeervakantiein-frankrijk\/devoetafdruk-2\/#primaryimage"},"datePublished":"2023-08-29T09:42:26+00:00","dateModified":"2025-08-14T13:12:27+00:00","breadcrumb":{"@id":"https:\/\/vacances-seasonova.com\/nl\/kampeervakantiein-frankrijk\/devoetafdruk-2\/#breadcrumb"},"inLanguage":"de-DE","potentialAction":[{"@type":"ReadAction","target":["https:\/\/vacances-seasonova.com\/nl\/kampeervakantiein-frankrijk\/devoetafdruk-2\/"]}]},{"@type":"BreadcrumbList","@id":"https:\/\/vacances-seasonova.com\/nl\/kampeervakantiein-frankrijk\/devoetafdruk-2\/#breadcrumb","itemListElement":[{"@type":"ListItem","position":1,"name":"Accueil","item":"https:\/\/vacances-seasonova.com\/nl\/"},{"@type":"ListItem","position":2,"name":"Vacances en camping Seasonova","item":"https:\/\/vacances-seasonova.com\/nl\/kampeervakantiein-frankrijk\/"},{"@type":"ListItem","position":3,"name":"Slow Life"}]}]}},"_links":{"self":[{"href":"https:\/\/vacances-seasonova.com\/de\/wp-json\/wp\/v2\/pages\/27686"}],"collection":[{"href":"https:\/\/vacances-seasonova.com\/de\/wp-json\/wp\/v2\/pages"}],"about":[{"href":"https:\/\/vacances-seasonova.com\/de\/wp-json\/wp\/v2\/types\/page"}],"author":[{"embeddable":true,"href":"https:\/\/vacances-seasonova.com\/de\/wp-json\/wp\/v2\/users\/2"}],"replies":[{"embeddable":true,"href":"https:\/\/vacances-seasonova.com\/de\/wp-json\/wp\/v2\/comments?post=27686"}],"version-history":[{"count":3,"href":"https:\/\/vacances-seasonova.com\/de\/wp-json\/wp\/v2\/pages\/27686\/revisions"}],"predecessor-version":[{"id":51218,"href":"https:\/\/vacances-seasonova.com\/de\/wp-json\/wp\/v2\/pages\/27686\/revisions\/51218"}],"up":[{"embeddable":true,"href":"https:\/\/vacances-seasonova.com\/de\/wp-json\/wp\/v2\/pages\/53"}],"wp:featuredmedia":[{"embeddable":true,"href":"https:\/\/vacances-seasonova.com\/de\/wp-json\/wp\/v2\/media\/16500"}],"wp:attachment":[{"href":"https:\/\/vacances-seasonova.com\/de\/wp-json\/wp\/v2\/media?parent=27686"}],"curies":[{"name":"wp","href":"https:\/\/api.w.org\/{rel}","templated":true}]}}