    {"id":29992,"date":"2022-12-05T15:25:07","date_gmt":"2022-12-05T14:25:07","guid":{"rendered":"https:\/\/vacances-seasonova.com\/fr\/?page_id=29992"},"modified":"2025-08-28T16:23:49","modified_gmt":"2025-08-28T14:23:49","slug":"seasonova-store","status":"publish","type":"page","link":"https:\/\/vacances-seasonova.com\/de\/seasonova-store\/","title":{"rendered":"Seasonova Store"},"content":{"rendered":"<p><\/p>\n<h2>Was ist der Seasonova Store?<\/h2>\n<p>Seasonova ist nicht nur eine Marke, sondern ein Versprechen f\u00fcr all diejenigen, die das Echte und Authentische suchen. Jeder unserer <a href=\"https:\/\/vacances-seasonova.com\/de\/campings\/\"><strong>Naturcampingpl\u00e4tze<\/strong><\/a> bietet eine Oase der Entspannung und Entschleunigung, in der Sie Ihre Sinne neu entdecken und die verschiedenen Regionen Frankreichs in ihrer ganzen Pracht erleben k\u00f6nnen. Egal ob Sie mit der Familie, Freunden oder Ihrem Partner reisen \u2013 bei Seasonova sammeln Sie unvergessliche Erinnerungen.<\/p>\n<p>&nbsp;<\/p>\n<h2>Was bietet der Seasonova Store?<\/h2>\n<p>Der Seasonova Store ist mehr als nur ein Shop. Er ist ein Ort, an dem Sie sich und Ihren Lieben eine Freude bereiten k\u00f6nnen, besonders zur festlichen Jahreszeit. Bei uns finden Sie eine Vielzahl von Produkten, die das Herz eines jeden Outdoor-Enthusiasten h\u00f6her schlagen lassen. <\/p>\n<ul>\n<li>Eine Modekollektion mit Sweatshirts und T-Shirts aus Bio-Baumwolle, die sowohl stilvoll als auch nachhaltig ist.<\/li>\n<li>Praktische und unterhaltsame Goodies wie externe Batterien, Zahnb\u00fcrsten und Schattenspiele, die den Alltag bereichern.<\/li>\n<li>Campingzubeh\u00f6r wie Picknickk\u00f6rbe und H\u00e4ngematten, das Ihre Campingausfl\u00fcge noch angenehmer und komfortabler macht.<\/li>\n<li>Geschenkboxen, die einen unvergesslichen Aufenthalt in einer <a href=\"https:\/\/vacances-seasonova.com\/fr\/locations-de-vacances\/insolite\/\">au\u00dfergew\u00f6hnlichen Unterkunft<\/a> auf dem von Ihnen gew\u00e4hlten Slow-Life-Campingplatz erm\u00f6glichen.<\/li>\n<\/ul>\n<p>&nbsp;<\/p>\n<div style=\"text-align: center;\"><a href=\"https:\/\/www.seasonova-store.com\/\" target=\"_blank\" rel=\"noopener\"> <img loading=\"lazy\" class=\"\" src=\"https:\/\/vacances-seasonova.com\/wp-content\/uploads\/2022\/12\/bouton-decouvrez-le-seasonova-store.png\" width=\"290\" height=\"80\" alt=\"Entdecken Sie den Seasonova Store\"\/><\/a><\/div>\n<p><\/p>","protected":false},"excerpt":{"rendered":"<p>Was ist der Seasonova Store? Seasonova ist nicht nur eine Marke, sondern ein Versprechen f\u00fcr all diejenigen, die das Echte und Authentische suchen. Jeder unserer Naturcampingpl\u00e4tze bietet eine Oase der Entspannung und [&#8230;]<\/p>\n","protected":false},"author":2,"featured_media":29934,"parent":0,"menu_order":0,"comment_status":"closed","ping_status":"closed","template":"","meta":[],"yoast_head":"<!-- This site is optimized with the Yoast SEO plugin v18.1 - https:\/\/yoast.com\/wordpress\/plugins\/seo\/ -->\n<meta name=\"description\" content=\"Prolongez l&#039;aventure Seasonova en (vous) offrant goodies, sport wear ou autre \u00e9quipement pour camper nature.\" \/>\n<meta name=\"robots\" content=\"index, follow, max-snippet:-1, max-image-preview:large, max-video-preview:-1\" \/>\n<link rel=\"canonical\" href=\"https:\/\/vacances-seasonova.com\/de\/seasonova-store\/\" \/>\n<meta property=\"og:locale\" content=\"de_DE\" \/>\n<meta property=\"og:type\" content=\"article\" \/>\n<meta property=\"og:title\" content=\"Seasonova Store - Seasonova\" \/>\n<meta property=\"og:description\" content=\"Prolongez l&#039;aventure Seasonova en (vous) offrant goodies, sport wear ou autre \u00e9quipement pour camper nature.\" \/>\n<meta property=\"og:url\" content=\"https:\/\/vacances-seasonova.com\/en\/seasonova-store\/\" \/>\n<meta property=\"og:site_name\" content=\"Seasonova\" \/>\n<meta property=\"article:modified_time\" content=\"2025-08-28T14:23:49+00:00\" \/>\n<meta property=\"og:image\" content=\"https:\/\/vacances-seasonova.com\/wp-content\/uploads\/2022\/11\/dscf0787-scaled-1-1-810x450.png\" \/>\n\t<meta property=\"og:image:width\" content=\"810\" \/>\n\t<meta property=\"og:image:height\" content=\"450\" \/>\n\t<meta property=\"og:image:type\" content=\"image\/png\" \/>\n<meta name=\"twitter:card\" content=\"summary\" \/>\n<meta name=\"twitter:label1\" content=\"Gesch\u00e4tzte Lesezeit\" \/>\n\t<meta name=\"twitter:data1\" content=\"3 Minuten\" \/>\n<script type=\"application\/ld+json\" class=\"yoast-schema-graph\">{\"@context\":\"https:\/\/schema.org\",\"@graph\":[{\"@type\":\"WebSite\",\"@id\":\"https:\/\/vacances-seasonova.com\/fr\/#website\",\"url\":\"https:\/\/vacances-seasonova.com\/fr\/\",\"name\":\"Seasonova\",\"description\":\"\",\"potentialAction\":[{\"@type\":\"SearchAction\",\"target\":{\"@type\":\"EntryPoint\",\"urlTemplate\":\"https:\/\/vacances-seasonova.com\/fr\/?s={search_term_string}\"},\"query-input\":\"required name=search_term_string\"}],\"inLanguage\":\"de-DE\"},{\"@type\":\"ImageObject\",\"@id\":\"https:\/\/vacances-seasonova.com\/en\/seasonova-store\/#primaryimage\",\"inLanguage\":\"de-DE\",\"url\":\"https:\/\/vacances-seasonova.com\/wp-content\/uploads\/2022\/11\/dscf0787-scaled-1-1.png\",\"contentUrl\":\"https:\/\/vacances-seasonova.com\/wp-content\/uploads\/2022\/11\/dscf0787-scaled-1-1.png\",\"width\":12479,\"height\":6930,\"caption\":\"Sport wear en Coton bio pour millenials\"},{\"@type\":\"WebPage\",\"@id\":\"https:\/\/vacances-seasonova.com\/en\/seasonova-store\/#webpage\",\"url\":\"https:\/\/vacances-seasonova.com\/en\/seasonova-store\/\",\"name\":\"Seasonova Store - Seasonova\",\"isPartOf\":{\"@id\":\"https:\/\/vacances-seasonova.com\/fr\/#website\"},\"primaryImageOfPage\":{\"@id\":\"https:\/\/vacances-seasonova.com\/en\/seasonova-store\/#primaryimage\"},\"datePublished\":\"2022-12-05T14:25:07+00:00\",\"dateModified\":\"2025-08-28T14:23:49+00:00\",\"description\":\"Prolongez l'aventure Seasonova en (vous) offrant goodies, sport wear ou autre \u00e9quipement pour camper nature.\",\"breadcrumb\":{\"@id\":\"https:\/\/vacances-seasonova.com\/en\/seasonova-store\/#breadcrumb\"},\"inLanguage\":\"de-DE\",\"potentialAction\":[{\"@type\":\"ReadAction\",\"target\":[\"https:\/\/vacances-seasonova.com\/en\/seasonova-store\/\"]}]},{\"@type\":\"BreadcrumbList\",\"@id\":\"https:\/\/vacances-seasonova.com\/en\/seasonova-store\/#breadcrumb\",\"itemListElement\":[{\"@type\":\"ListItem\",\"position\":1,\"name\":\"Accueil\",\"item\":\"https:\/\/vacances-seasonova.com\/nl\/\"},{\"@type\":\"ListItem\",\"position\":2,\"name\":\"Seasonova Store\"}]}]}<\/script>\n<!-- \/ Yoast SEO plugin. -->","yoast_head_json":{"description":"Prolongez l'aventure Seasonova en (vous) offrant goodies, sport wear ou autre \u00e9quipement pour camper nature.","robots":{"index":"index","follow":"follow","max-snippet":"max-snippet:-1","max-image-preview":"max-image-preview:large","max-video-preview":"max-video-preview:-1"},"canonical":"https:\/\/vacances-seasonova.com\/de\/seasonova-store\/","og_locale":"de_DE","og_type":"article","og_title":"Seasonova Store - Seasonova","og_description":"Prolongez l'aventure Seasonova en (vous) offrant goodies, sport wear ou autre \u00e9quipement pour camper nature.","og_url":"https:\/\/vacances-seasonova.com\/en\/seasonova-store\/","og_site_name":"Seasonova","article_modified_time":"2025-08-28T14:23:49+00:00","og_image":[{"width":810,"height":450,"url":"https:\/\/vacances-seasonova.com\/wp-content\/uploads\/2022\/11\/dscf0787-scaled-1-1-810x450.png","type":"image\/png"}],"twitter_card":"summary","twitter_misc":{"Gesch\u00e4tzte Lesezeit":"3 Minuten"},"schema":{"@context":"https:\/\/schema.org","@graph":[{"@type":"WebSite","@id":"https:\/\/vacances-seasonova.com\/fr\/#website","url":"https:\/\/vacances-seasonova.com\/fr\/","name":"Seasonova","description":"","potentialAction":[{"@type":"SearchAction","target":{"@type":"EntryPoint","urlTemplate":"https:\/\/vacances-seasonova.com\/fr\/?s={search_term_string}"},"query-input":"required name=search_term_string"}],"inLanguage":"de-DE"},{"@type":"ImageObject","@id":"https:\/\/vacances-seasonova.com\/en\/seasonova-store\/#primaryimage","inLanguage":"de-DE","url":"https:\/\/vacances-seasonova.com\/wp-content\/uploads\/2022\/11\/dscf0787-scaled-1-1.png","contentUrl":"https:\/\/vacances-seasonova.com\/wp-content\/uploads\/2022\/11\/dscf0787-scaled-1-1.png","width":12479,"height":6930,"caption":"Sport wear en Coton bio pour millenials"},{"@type":"WebPage","@id":"https:\/\/vacances-seasonova.com\/en\/seasonova-store\/#webpage","url":"https:\/\/vacances-seasonova.com\/en\/seasonova-store\/","name":"Seasonova Store - Seasonova","isPartOf":{"@id":"https:\/\/vacances-seasonova.com\/fr\/#website"},"primaryImageOfPage":{"@id":"https:\/\/vacances-seasonova.com\/en\/seasonova-store\/#primaryimage"},"datePublished":"2022-12-05T14:25:07+00:00","dateModified":"2025-08-28T14:23:49+00:00","description":"Prolongez l'aventure Seasonova en (vous) offrant goodies, sport wear ou autre \u00e9quipement pour camper nature.","breadcrumb":{"@id":"https:\/\/vacances-seasonova.com\/en\/seasonova-store\/#breadcrumb"},"inLanguage":"de-DE","potentialAction":[{"@type":"ReadAction","target":["https:\/\/vacances-seasonova.com\/en\/seasonova-store\/"]}]},{"@type":"BreadcrumbList","@id":"https:\/\/vacances-seasonova.com\/en\/seasonova-store\/#breadcrumb","itemListElement":[{"@type":"ListItem","position":1,"name":"Accueil","item":"https:\/\/vacances-seasonova.com\/nl\/"},{"@type":"ListItem","position":2,"name":"Seasonova Store"}]}]}},"_links":{"self":[{"href":"https:\/\/vacances-seasonova.com\/de\/wp-json\/wp\/v2\/pages\/29992"}],"collection":[{"href":"https:\/\/vacances-seasonova.com\/de\/wp-json\/wp\/v2\/pages"}],"about":[{"href":"https:\/\/vacances-seasonova.com\/de\/wp-json\/wp\/v2\/types\/page"}],"author":[{"embeddable":true,"href":"https:\/\/vacances-seasonova.com\/de\/wp-json\/wp\/v2\/users\/2"}],"replies":[{"embeddable":true,"href":"https:\/\/vacances-seasonova.com\/de\/wp-json\/wp\/v2\/comments?post=29992"}],"version-history":[{"count":16,"href":"https:\/\/vacances-seasonova.com\/de\/wp-json\/wp\/v2\/pages\/29992\/revisions"}],"predecessor-version":[{"id":51761,"href":"https:\/\/vacances-seasonova.com\/de\/wp-json\/wp\/v2\/pages\/29992\/revisions\/51761"}],"wp:featuredmedia":[{"embeddable":true,"href":"https:\/\/vacances-seasonova.com\/de\/wp-json\/wp\/v2\/media\/29934"}],"wp:attachment":[{"href":"https:\/\/vacances-seasonova.com\/de\/wp-json\/wp\/v2\/media?parent=29992"}],"curies":[{"name":"wp","href":"https:\/\/api.w.org\/{rel}","templated":true}]}}