    {"id":3543,"date":"2017-07-12T12:37:37","date_gmt":"2017-07-12T11:37:37","guid":{"rendered":"http:\/\/vacances-seasonova.com\/?page_id=3543"},"modified":"2025-08-28T16:45:05","modified_gmt":"2025-08-28T14:45:05","slug":"le-bien-etre","status":"publish","type":"page","link":"https:\/\/vacances-seasonova.com\/de\/campingurlaub-mit-seasonova\/wellness\/","title":{"rendered":"Nos espaces bien-\u00eatre"},"content":{"rendered":"<p><img loading=\"lazy\" class=\"alignnone size-full wp-image-3530\" src=\"https:\/\/vacances-seasonova.com\/wp-content\/uploads\/2017\/07\/bien-etre-spa.png\" alt=\"Wellness-Spa\" width=\"1400\" height=\"500\" srcset=\"https:\/\/vacances-seasonova.com\/wp-content\/uploads\/2017\/07\/bien-etre-spa.png 1400w, https:\/\/vacances-seasonova.com\/wp-content\/uploads\/2017\/07\/bien-etre-spa-300x107.png 300w, https:\/\/vacances-seasonova.com\/wp-content\/uploads\/2017\/07\/bien-etre-spa-768x274.png 768w, https:\/\/vacances-seasonova.com\/wp-content\/uploads\/2017\/07\/bien-etre-spa-1260x450.png 1260w, https:\/\/vacances-seasonova.com\/wp-content\/uploads\/2017\/07\/bien-etre-spa-600x214.png 600w\" sizes=\"(max-width: 1400px) 100vw, 1400px\" \/><\/p>\n<h2>Entdecken Sie unsere erholsamen Wellnessbereiche<\/h2>\n<p style=\"text-align: justify;\">F\u00fcr einen entspannenden und wohltuenden Aufenthalt besuchen Sie unsere Seasonova-Campingpl\u00e4tze mit Wellnessbereich. Erleben Sie erholsame und entspannte Momente auf unseren \u00fcbersichtlichen Campingpl\u00e4tzen, wo Ihr Wohlbefinden und die N\u00e4he zur Natur Priorit\u00e4t haben.<\/p>\n<blockquote><p><em>Unsere Teams begr\u00fc\u00dfen Sie w\u00e4hrend der gesamten Saison und sorgen f\u00fcr Ihr Wohl.<\/em><\/p><\/blockquote>\n<div class=\"container-fluid\" style=\"margin-bottom: 2%;\">\n<h3>Ausstattung und Services<\/h3>\n<ul>\n<li>Spa <span style=\"font-size: 12px;\"> <sup>(1)<\/sup><\/span><\/li>\n<li>Sauna <span style=\"font-size: 12px;\"> <sup>(1)<\/sup><\/span><\/li>\n<li>Jacuzzi <span style=\"font-size: 12px;\"> <sup>(1)<\/sup><\/span><\/li>\n<li>Massage- und K\u00f6rperpflegebereich <span style=\"font-size: 12px;\"><sup>(1)<\/sup><\/span><\/li>\n<li>Gedeckter und beheizter Pool <span style=\"font-size: 12px;\"><sup>(2)<\/sup><\/span><\/li>\n<\/ul>\n<p><span style=\"font-size: 13px;\"> (1) Sie finden diese Aktivit\u00e4ten auf unseren Campingpl\u00e4tzen: <a href=\"https:\/\/vacances-seasonova.com\/camping\/camping-le-point-du-jour\/\">Le Point Du Jour (Normandie)<\/a>, <a href=\"https:\/\/vacances-seasonova.com\/camping\/camping-les-mouettes\/\">Les Mouettes (Normandie)<\/a>, <a href=\"https:\/\/vacances-seasonova.com\/camping\/camping-les-plages-de-loire\/\">Les plages de Loire (Rochefort-sur-loire)<\/a><\/span><br \/>\n<span style=\"font-size: 13px;\"> (2) Ausnahme ist der Campingplatz &#8222;les Plages De Loire&#8220;, der Zugang zum st\u00e4dtischen Schwimmbad hat.<\/span><\/p>\n<\/div>\n<div class=\"row\">\n<div class=\"col-lg-12\"><div id=\"metaslider-id-3539\" style=\"width: 100%; margin: 0 auto;\" class=\"ml-slider-3-61-0 metaslider metaslider-flex metaslider-3539 ml-slider ms-theme-default\" role=\"region\" aria-roledescription=\"Slideshow\" aria-label=\"Espace bien-\u00eatre\">\n    <div id=\"metaslider_container_3539\">\n        <div id=\"metaslider_3539\">\n            <ul aria-live=\"polite\" class=\"slides\">\n                <li style=\"display: block; width: 100%;\" class=\"slide-3597 ms-image \" aria-roledescription=\"slide\" aria-label=\"slide-3597\"><a href=\"http:\/\/vacances-seasonova.com\/de\/camping\/camping-le-point-du-jour\/\" target=\"_self\"><img src=\"https:\/\/vacances-seasonova.com\/wp-content\/uploads\/2017\/07\/spa-point-du-jour-1.png\" height=\"400\" width=\"850\" alt=\"\" class=\"slider-3539 slide-3597\" \/><\/a><\/li>\n                <li style=\"display: none; width: 100%;\" class=\"slide-3589 ms-image \" aria-roledescription=\"slide\" aria-label=\"slide-3589\"><a href=\"http:\/\/vacances-seasonova.com\/de\/camping\/camping-les-plages-de-loire\/\" target=\"_self\"><img src=\"https:\/\/vacances-seasonova.com\/wp-content\/uploads\/2017\/07\/bien-e\u0302tre-massage.png\" height=\"400\" width=\"850\" alt=\"\" class=\"slider-3539 slide-3589\" \/><\/a><\/li>\n                <li style=\"display: none; width: 100%;\" class=\"slide-3595 ms-image \" aria-roledescription=\"slide\" aria-label=\"slide-3595\"><a href=\"http:\/\/vacances-seasonova.com\/de\/camping\/camping-le-point-du-jour\/\" target=\"_self\"><img src=\"https:\/\/vacances-seasonova.com\/wp-content\/uploads\/2017\/07\/salle-massage-1.png\" height=\"400\" width=\"850\" alt=\"\" class=\"slider-3539 slide-3595\" \/><\/a><\/li>\n                <li style=\"display: none; width: 100%;\" class=\"slide-3591 ms-image \" aria-roledescription=\"slide\" aria-label=\"slide-3591\"><a href=\"http:\/\/vacances-seasonova.com\/de\/camping\/camping-les-plages-de-loire\/\" target=\"_self\"><img src=\"https:\/\/vacances-seasonova.com\/wp-content\/uploads\/2017\/07\/espace-bien-e\u0302tre-porte-loire-1.png\" height=\"400\" width=\"850\" alt=\"\" class=\"slider-3539 slide-3591\" \/><\/a><\/li>\n                <li style=\"display: none; width: 100%;\" class=\"slide-3599 ms-image \" aria-roledescription=\"slide\" aria-label=\"slide-3599\"><a href=\"http:\/\/vacances-seasonova.com\/de\/camping\/camping-le-point-du-jour\/\" target=\"_self\"><img src=\"https:\/\/vacances-seasonova.com\/wp-content\/uploads\/2017\/07\/espace-sauna-massage-1.png\" height=\"400\" width=\"850\" alt=\"\" class=\"slider-3539 slide-3599\" \/><\/a><\/li>\n                <li style=\"display: none; width: 100%;\" class=\"slide-3593 ms-image \" aria-roledescription=\"slide\" aria-label=\"slide-3593\"><a href=\"http:\/\/vacances-seasonova.com\/de\/camping\/camping-les-plages-de-loire\/\" target=\"_self\"><img src=\"https:\/\/vacances-seasonova.com\/wp-content\/uploads\/2017\/07\/espace-bien-e\u0302tre-1.png\" height=\"400\" width=\"850\" alt=\"\" class=\"slider-3539 slide-3593\" \/><\/a><\/li>\n            <\/ul>\n        <\/div>\n        \n    <\/div>\n<\/div><\/div>\n<\/div>\n<h2>Entdecken Sie unsere Wellness-Workshops<\/h2>\n<hr \/>\n<div class=\"container-fluid\" style=\"margin-bottom: 2%;\">\n<div class=\"col-lg-4 col-md-4 col-sm-4\"><img loading=\"lazy\" class=\"alignnone size-full wp-image-3532\" src=\"https:\/\/vacances-seasonova.com\/wp-content\/uploads\/2017\/07\/pilate.png\" alt=\"Pilates-Aktivit\u00e4t\" width=\"500\" height=\"398\" srcset=\"https:\/\/vacances-seasonova.com\/wp-content\/uploads\/2017\/07\/pilate.png 500w, https:\/\/vacances-seasonova.com\/wp-content\/uploads\/2017\/07\/pilate-300x239.png 300w\" sizes=\"(max-width: 500px) 100vw, 500px\" \/><\/div>\n<div class=\"col-lg-8 col-md-8 col-sm-8\">\n<h3>Pilates<\/h3>\n<p style=\"text-align: justify;\">Pilates ist eine k\u00f6rperliche Trainingsmethode, inspiriert von Yoga. Ausgeglichenheit und Haltung sind zentrale Aspekte dieser Sportart, die sich stark auf die Atmung und korrekte K\u00f6rperhaltungen st\u00fctzt. Es wird auf einer Matte oder mit B\u00e4llen, Federn, und B\u00e4ndern ausge\u00fcbt. Diese Aktivit\u00e4t k\u00f6nnen Sie auf dem Campingplatz Le Point Du Jour erleben.<\/p>\n<\/div>\n<\/div>\n<hr \/>\n<div class=\"container-fluid\" style=\"margin-bottom: 2%;\">\n<div class=\"col-lg-4 col-md-4 col-sm-4\"><img loading=\"lazy\" class=\"alignnone size-full wp-image-3536\" src=\"https:\/\/vacances-seasonova.com\/wp-content\/uploads\/2017\/07\/taichi.png\" alt=\"Tai-Chi-Aktivit\u00e4t\" width=\"500\" height=\"332\" srcset=\"https:\/\/vacances-seasonova.com\/wp-content\/uploads\/2017\/07\/taichi.png 500w, https:\/\/vacances-seasonova.com\/wp-content\/uploads\/2017\/07\/taichi-300x199.png 300w\" sizes=\"(max-width: 500px) 100vw, 500px\" \/><\/div>\n<div class=\"col-lg-8 col-md-8 col-sm-8\">\n<h3>Tai-Chi<\/h3>\n<p style=\"text-align: justify;\">Tai-Chi ist eine chinesische Kampfkunst, die sich durch eine Serie kontinuierlicher und kreisf\u00f6rmiger Bewegungen auszeichnet, die langsam und pr\u00e4zise in einer festgelegten Reihenfolge ausgef\u00fchrt werden. Es wird f\u00fcr seine gesundheitsf\u00f6rdernde Wirkung auf K\u00f6rper und Geist gesch\u00e4tzt. Tai-Chi erm\u00f6glicht es, in Bewegung zu meditieren und ein gutes k\u00f6rperliches und seelisches Wohlbefinden zu erlangen. Diese Aktivit\u00e4t finden Sie auf dem Campingplatz Le Point Du Jour.<\/p>\n<\/div>\n<\/div>\n<hr \/>\n<div class=\"container-fluid\" style=\"margin-bottom: 2%;\">\n<div class=\"col-lg-4 col-md-4 col-sm-4\"><img loading=\"lazy\" class=\"alignnone size-full wp-image-3538\" src=\"https:\/\/vacances-seasonova.com\/wp-content\/uploads\/2017\/07\/yoga.png\" alt=\"Yoga-Aktivit\u00e4t\" width=\"500\" height=\"335\" srcset=\"https:\/\/vacances-seasonova.com\/wp-content\/uploads\/2017\/07\/yoga.png 500w, https:\/\/vacances-seasonova.com\/wp-content\/uploads\/2017\/07\/yoga-300x201.png 300w\" sizes=\"(max-width: 500px) 100vw, 500px\" \/><\/div>\n<div class=\"col-lg-8 col-md-8 col-sm-8\">\n<h3>Yoga<\/h3>\n<p style=\"text-align: justify;\">Yoga ist eine in Indien entstandene Disziplin. Diese jahrtausendealte Praxis zielt darauf ab, K\u00f6rper und Geist durch k\u00f6rperliche \u00dcbungen und Meditation zu vereinen, um zur Selbsterkenntnis zu gelangen. Entdecken Sie ohne weiteres diese Disziplin, die gut f\u00fcr K\u00f6rper und Geist ist, auf unseren Seasonova-Campingpl\u00e4tzen. Sie finden diese Aktivit\u00e4t auf dem Campingplatz Le Point Du Jour in Merville Franceville Plage oder auf der Ile de R\u00e9 auf dem Campingplatz des Portes en R\u00e9.<\/p>\n<\/div>\n<\/div>\n<hr \/>\n<div class=\"container-fluid\" style=\"margin-bottom: 2%;\">\n<div class=\"col-lg-4 col-md-4 col-sm-4\"><img loading=\"lazy\" class=\"alignnone size-full wp-image-3529\" src=\"https:\/\/vacances-seasonova.com\/wp-content\/uploads\/2017\/07\/AquaGym.png\" alt=\"Wassergymnastik-Aktivit\u00e4t\" width=\"500\" height=\"331\" srcset=\"https:\/\/vacances-seasonova.com\/wp-content\/uploads\/2017\/07\/AquaGym.png 500w, https:\/\/vacances-seasonova.com\/wp-content\/uploads\/2017\/07\/AquaGym-300x199.png 300w\" sizes=\"(max-width: 500px) 100vw, 500px\" \/><\/div>\n<div class=\"col-lg-8 col-md-8 col-sm-8\">\n<h3>Wassergymnastik<\/h3>\n<p style=\"text-align: justify;\">Dies ist eine hervorragende M\u00f6glichkeit, Entspannung und Spa\u00df im Pool mit den Vorteilen sportlicher Bet\u00e4tigung zu verbinden. Wasseraktivit\u00e4ten sind ideal f\u00fcr diejenigen, die nach einer l\u00e4ngeren Pause wieder mit sportlichen Aktivit\u00e4ten beginnen m\u00f6chten, ohne Angst vor Verletzungen oder \u00dcberbelastung zu haben. Durch den Wasserwiderstand werden Ihre Muskeln gest\u00e4rkt und Ihre Ausdauer verbessert, w\u00e4hrend gleichzeitig das Risiko von Muskelverletzungen minimiert wird. Diese Aktivit\u00e4t k\u00f6nnen Sie auf den Campingpl\u00e4tzen Les Mouettes und Le Point Du Jour genie\u00dfen.<\/p>\n<\/div>\n<\/div>\n<hr \/>\n<div class=\"container-fluid\" style=\"margin-bottom: 2%;\">\n<div class=\"col-lg-4 col-md-4 col-sm-4\"><img loading=\"lazy\" class=\"alignnone size-full wp-image-3537\" src=\"https:\/\/vacances-seasonova.com\/wp-content\/uploads\/2017\/07\/tchikong.png\" alt=\"Activit\u00e9 Tchi-Kong\" width=\"500\" height=\"332\" srcset=\"https:\/\/vacances-seasonova.com\/wp-content\/uploads\/2017\/07\/tchikong.png 500w, https:\/\/vacances-seasonova.com\/wp-content\/uploads\/2017\/07\/tchikong-300x199.png 300w\" sizes=\"(max-width: 500px) 100vw, 500px\" \/><\/div>\n<div class=\"col-lg-8 col-md-8 col-sm-8\">\n<h3>Tchi-kong<\/h3>\n<p style=\"text-align: justify;\">Die regelm\u00e4\u00dfige Aus\u00fcbung von Tchi-kong zielt darauf ab, das Muskel-Skelett-System zu st\u00e4rken und geschmeidig zu machen, was zur F\u00f6rderung der Gesundheit und Langlebigkeit beitr\u00e4gt. Diese Form der &#8222;Energiegymnastik&#8220; setzt sich aus langsamen, durchdachten Bewegungen zusammen. Genie\u00dfen Sie diese revitalisierende Aktivit\u00e4t auf unserem Campingplatz Le Point Du Jour.<\/p>\n<\/div>\n<\/div>\n<h2>Buchen Sie jetzt Ihren Wellness-Aufenthalt!<\/h2>\n<p style=\"text-align: justify;\">Egal, ob Sie nach einem erholsamen Wochenende oder einem l\u00e4ngeren Urlaub suchen &#8211; auf unseren Campingpl\u00e4tzen finden Sie sicherlich das richtige Angebot f\u00fcr Ihre Bed\u00fcrfnisse. Lassen Sie den Alltagsstress hinter sich und genie\u00dfen Sie unsere erstklassigen Einrichtungen und Aktivit\u00e4ten. Kontaktieren Sie uns heute noch, um Ihren Aufenthalt zu buchen und mehr \u00fcber unsere Angebote zu erfahren!<\/p>\n<div class=\"book_button\"><a style=\"background-color: #f88c00; color: white; padding: 15px 32px; text-align: center; text-decoration: none; display: inline-block; font-size: 16px; margin: 4px 2px; cursor: pointer; border: none;\" href=\"https:\/\/vacances-seasonova.com\/reservation\/\">Jetzt buchen<\/a><\/div>\n<p><\/p>","protected":false},"excerpt":{"rendered":"<p>Entdecken Sie unsere erholsamen Wellnessbereiche F\u00fcr einen entspannenden und wohltuenden Aufenthalt besuchen Sie unsere Seasonova-Campingpl\u00e4tze mit Wellnessbereich. Erleben Sie erholsame und entspannte Momente auf unseren [&#8230;]<\/p>\n","protected":false},"author":2,"featured_media":3579,"parent":53,"menu_order":3,"comment_status":"closed","ping_status":"closed","template":"page.php","meta":[],"yoast_head":"<!-- This site is optimized with the Yoast SEO plugin v18.1 - https:\/\/yoast.com\/wordpress\/plugins\/seo\/ -->\n<meta name=\"robots\" content=\"index, follow, max-snippet:-1, max-image-preview:large, max-video-preview:-1\" \/>\n<link rel=\"canonical\" href=\"https:\/\/vacances-seasonova.com\/de\/camping-holidays-france\/wellness-offer-in-our-campsitespilates-yoga-massage\/\" \/>\n<meta property=\"og:locale\" content=\"de_DE\" \/>\n<meta property=\"og:type\" content=\"article\" \/>\n<meta property=\"og:title\" content=\"Unsere Wellnessbereiche - Seasonova\" \/>\n<meta property=\"og:description\" content=\"Entdecken Sie unsere erholsamen Wellnessbereiche F\u00fcr einen entspannenden und wohltuenden Aufenthalt besuchen Sie unsere Seasonova-Campingpl\u00e4tze mit Wellnessbereich. Erleben Sie erholsame und entspannte Momente auf unseren [...]\" \/>\n<meta property=\"og:url\" content=\"https:\/\/vacances-seasonova.com\/en\/camping-holidays-france\/wellness-offer-in-our-campsitespilates-yoga-massage\/\" \/>\n<meta property=\"og:site_name\" content=\"Seasonova\" \/>\n<meta property=\"article:modified_time\" content=\"2025-08-28T14:45:05+00:00\" \/>\n<meta property=\"og:image\" content=\"https:\/\/vacances-seasonova.com\/wp-content\/uploads\/2017\/07\/espace-bien-etre-detente-2.png\" \/>\n\t<meta property=\"og:image:width\" content=\"1500\" \/>\n\t<meta property=\"og:image:height\" content=\"400\" \/>\n\t<meta property=\"og:image:type\" content=\"image\/png\" \/>\n<meta name=\"twitter:card\" content=\"summary\" \/>\n<meta name=\"twitter:label1\" content=\"Gesch\u00e4tzte Lesezeit\" \/>\n\t<meta name=\"twitter:data1\" content=\"4 Minuten\" \/>\n<script type=\"application\/ld+json\" class=\"yoast-schema-graph\">{\"@context\":\"https:\/\/schema.org\",\"@graph\":[{\"@type\":\"WebSite\",\"@id\":\"https:\/\/vacances-seasonova.com\/fr\/#website\",\"url\":\"https:\/\/vacances-seasonova.com\/fr\/\",\"name\":\"Seasonova\",\"description\":\"\",\"potentialAction\":[{\"@type\":\"SearchAction\",\"target\":{\"@type\":\"EntryPoint\",\"urlTemplate\":\"https:\/\/vacances-seasonova.com\/fr\/?s={search_term_string}\"},\"query-input\":\"required name=search_term_string\"}],\"inLanguage\":\"de-DE\"},{\"@type\":\"ImageObject\",\"@id\":\"https:\/\/vacances-seasonova.com\/en\/camping-holidays-france\/wellness-offer-in-our-campsitespilates-yoga-massage\/#primaryimage\",\"inLanguage\":\"de-DE\",\"url\":\"https:\/\/vacances-seasonova.com\/wp-content\/uploads\/2017\/07\/espace-bien-etre-detente-2.png\",\"contentUrl\":\"https:\/\/vacances-seasonova.com\/wp-content\/uploads\/2017\/07\/espace-bien-etre-detente-2.png\",\"width\":1500,\"height\":400,\"caption\":\"espace-bien-etre-detente-camping-seasonova\"},{\"@type\":\"WebPage\",\"@id\":\"https:\/\/vacances-seasonova.com\/en\/camping-holidays-france\/wellness-offer-in-our-campsitespilates-yoga-massage\/#webpage\",\"url\":\"https:\/\/vacances-seasonova.com\/en\/camping-holidays-france\/wellness-offer-in-our-campsitespilates-yoga-massage\/\",\"name\":\"Unsere Wellnessbereiche - Seasonova\",\"isPartOf\":{\"@id\":\"https:\/\/vacances-seasonova.com\/fr\/#website\"},\"primaryImageOfPage\":{\"@id\":\"https:\/\/vacances-seasonova.com\/en\/camping-holidays-france\/wellness-offer-in-our-campsitespilates-yoga-massage\/#primaryimage\"},\"datePublished\":\"2017-07-12T11:37:37+00:00\",\"dateModified\":\"2025-08-28T14:45:05+00:00\",\"breadcrumb\":{\"@id\":\"https:\/\/vacances-seasonova.com\/en\/camping-holidays-france\/wellness-offer-in-our-campsitespilates-yoga-massage\/#breadcrumb\"},\"inLanguage\":\"de-DE\",\"potentialAction\":[{\"@type\":\"ReadAction\",\"target\":[\"https:\/\/vacances-seasonova.com\/en\/camping-holidays-france\/wellness-offer-in-our-campsitespilates-yoga-massage\/\"]}]},{\"@type\":\"BreadcrumbList\",\"@id\":\"https:\/\/vacances-seasonova.com\/en\/camping-holidays-france\/wellness-offer-in-our-campsitespilates-yoga-massage\/#breadcrumb\",\"itemListElement\":[{\"@type\":\"ListItem\",\"position\":1,\"name\":\"Accueil\",\"item\":\"https:\/\/vacances-seasonova.com\/nl\/\"},{\"@type\":\"ListItem\",\"position\":2,\"name\":\"Vacances en camping Seasonova\",\"item\":\"https:\/\/vacances-seasonova.com\/nl\/kampeervakantiein-frankrijk\/\"},{\"@type\":\"ListItem\",\"position\":3,\"name\":\"Nos espaces bien-\u00eatre\"}]}]}<\/script>\n<!-- \/ Yoast SEO plugin. -->","yoast_head_json":{"robots":{"index":"index","follow":"follow","max-snippet":"max-snippet:-1","max-image-preview":"max-image-preview:large","max-video-preview":"max-video-preview:-1"},"canonical":"https:\/\/vacances-seasonova.com\/de\/camping-holidays-france\/wellness-offer-in-our-campsitespilates-yoga-massage\/","og_locale":"de_DE","og_type":"article","og_title":"Unsere Wellnessbereiche - Seasonova","og_description":"Entdecken Sie unsere erholsamen Wellnessbereiche F\u00fcr einen entspannenden und wohltuenden Aufenthalt besuchen Sie unsere Seasonova-Campingpl\u00e4tze mit Wellnessbereich. Erleben Sie erholsame und entspannte Momente auf unseren [...]","og_url":"https:\/\/vacances-seasonova.com\/en\/camping-holidays-france\/wellness-offer-in-our-campsitespilates-yoga-massage\/","og_site_name":"Seasonova","article_modified_time":"2025-08-28T14:45:05+00:00","og_image":[{"width":1500,"height":400,"url":"https:\/\/vacances-seasonova.com\/wp-content\/uploads\/2017\/07\/espace-bien-etre-detente-2.png","type":"image\/png"}],"twitter_card":"summary","twitter_misc":{"Gesch\u00e4tzte Lesezeit":"4 Minuten"},"schema":{"@context":"https:\/\/schema.org","@graph":[{"@type":"WebSite","@id":"https:\/\/vacances-seasonova.com\/fr\/#website","url":"https:\/\/vacances-seasonova.com\/fr\/","name":"Seasonova","description":"","potentialAction":[{"@type":"SearchAction","target":{"@type":"EntryPoint","urlTemplate":"https:\/\/vacances-seasonova.com\/fr\/?s={search_term_string}"},"query-input":"required name=search_term_string"}],"inLanguage":"de-DE"},{"@type":"ImageObject","@id":"https:\/\/vacances-seasonova.com\/en\/camping-holidays-france\/wellness-offer-in-our-campsitespilates-yoga-massage\/#primaryimage","inLanguage":"de-DE","url":"https:\/\/vacances-seasonova.com\/wp-content\/uploads\/2017\/07\/espace-bien-etre-detente-2.png","contentUrl":"https:\/\/vacances-seasonova.com\/wp-content\/uploads\/2017\/07\/espace-bien-etre-detente-2.png","width":1500,"height":400,"caption":"espace-bien-etre-detente-camping-seasonova"},{"@type":"WebPage","@id":"https:\/\/vacances-seasonova.com\/en\/camping-holidays-france\/wellness-offer-in-our-campsitespilates-yoga-massage\/#webpage","url":"https:\/\/vacances-seasonova.com\/en\/camping-holidays-france\/wellness-offer-in-our-campsitespilates-yoga-massage\/","name":"Unsere Wellnessbereiche - Seasonova","isPartOf":{"@id":"https:\/\/vacances-seasonova.com\/fr\/#website"},"primaryImageOfPage":{"@id":"https:\/\/vacances-seasonova.com\/en\/camping-holidays-france\/wellness-offer-in-our-campsitespilates-yoga-massage\/#primaryimage"},"datePublished":"2017-07-12T11:37:37+00:00","dateModified":"2025-08-28T14:45:05+00:00","breadcrumb":{"@id":"https:\/\/vacances-seasonova.com\/en\/camping-holidays-france\/wellness-offer-in-our-campsitespilates-yoga-massage\/#breadcrumb"},"inLanguage":"de-DE","potentialAction":[{"@type":"ReadAction","target":["https:\/\/vacances-seasonova.com\/en\/camping-holidays-france\/wellness-offer-in-our-campsitespilates-yoga-massage\/"]}]},{"@type":"BreadcrumbList","@id":"https:\/\/vacances-seasonova.com\/en\/camping-holidays-france\/wellness-offer-in-our-campsitespilates-yoga-massage\/#breadcrumb","itemListElement":[{"@type":"ListItem","position":1,"name":"Accueil","item":"https:\/\/vacances-seasonova.com\/nl\/"},{"@type":"ListItem","position":2,"name":"Vacances en camping Seasonova","item":"https:\/\/vacances-seasonova.com\/nl\/kampeervakantiein-frankrijk\/"},{"@type":"ListItem","position":3,"name":"Nos espaces bien-\u00eatre"}]}]}},"_links":{"self":[{"href":"https:\/\/vacances-seasonova.com\/de\/wp-json\/wp\/v2\/pages\/3543"}],"collection":[{"href":"https:\/\/vacances-seasonova.com\/de\/wp-json\/wp\/v2\/pages"}],"about":[{"href":"https:\/\/vacances-seasonova.com\/de\/wp-json\/wp\/v2\/types\/page"}],"author":[{"embeddable":true,"href":"https:\/\/vacances-seasonova.com\/de\/wp-json\/wp\/v2\/users\/2"}],"replies":[{"embeddable":true,"href":"https:\/\/vacances-seasonova.com\/de\/wp-json\/wp\/v2\/comments?post=3543"}],"version-history":[{"count":28,"href":"https:\/\/vacances-seasonova.com\/de\/wp-json\/wp\/v2\/pages\/3543\/revisions"}],"predecessor-version":[{"id":51787,"href":"https:\/\/vacances-seasonova.com\/de\/wp-json\/wp\/v2\/pages\/3543\/revisions\/51787"}],"up":[{"embeddable":true,"href":"https:\/\/vacances-seasonova.com\/de\/wp-json\/wp\/v2\/pages\/53"}],"wp:featuredmedia":[{"embeddable":true,"href":"https:\/\/vacances-seasonova.com\/de\/wp-json\/wp\/v2\/media\/3579"}],"wp:attachment":[{"href":"https:\/\/vacances-seasonova.com\/de\/wp-json\/wp\/v2\/media?parent=3543"}],"curies":[{"name":"wp","href":"https:\/\/api.w.org\/{rel}","templated":true}]}}