    {"id":36,"date":"2016-09-03T18:03:03","date_gmt":"2016-09-03T16:03:03","guid":{"rendered":"http:\/\/vacances-seasonova.com\/?page_id=36"},"modified":"2025-04-22T09:20:04","modified_gmt":"2025-04-22T07:20:04","slug":"idees-sejour-camping","status":"publish","type":"page","link":"https:\/\/vacances-seasonova.com\/de\/anregungen-fuer-ihren-campingurlaub\/","title":{"rendered":"Que peut-on faire pendant des vacances en camping en France ?"},"content":{"rendered":"<p><\/p>\n<h2>K\u00f6stlichkeiten und lokale Produkte<\/h2>\n<p>Entdecken Sie die vielf\u00e4ltigen Gen\u00fcsse und lokale Produkte, die unsere Regionen zu bieten haben. Ob durch ein gem\u00fctliches Abendessen in einem der vielen Restaurants oder durch eine Betriebsbesichtigung &#8211; Sie haben die M\u00f6glichkeit, die traditionellen kulinarischen Spezialit\u00e4ten unserer Regionen kennenzulernen und sie zu lieben. Dies ist ein Muss f\u00fcr jeden Feinschmecker und ein Fest f\u00fcr jeden Gaumen!<\/p>\n<h2>Kulturelle Werte und Erbe<\/h2>\n<p>Unsere Regionen sind reich an Geschichte und Kultur, die durch zahlreiche Museen und Schl\u00f6sser zum Ausdruck gebracht wird. Tauchen Sie ein in die Vergangenheit und entdecken Sie die kulturellen Sch\u00e4tze und das historische Erbe, das unser Land zu bieten hat. Erforschen Sie die Identit\u00e4t unserer Regionen und lernen Sie die Faszination der Geschichte kennen!<\/p>\n<h2>Sport und Natur<\/h2>\n<p>G\u00f6nnen Sie sich w\u00e4hrend Ihres Urlaubs das Vergn\u00fcgen, sich in der Natur auszutoben. Ob Kanufahren, Reiten oder andere sportliche Aktivit\u00e4ten &#8211; es gibt f\u00fcr jeden Geschmack und jedes Alter etwas. Diese Aktivit\u00e4ten erm\u00f6glichen es Ihnen, sich k\u00f6rperlich zu bet\u00e4tigen und gleichzeitig die atemberaubenden Landschaften zu genie\u00dfen, die unsere Regionen zu bieten haben.<\/p>\n<h2>Spa\u00df &amp; Erlebnisse<\/h2>\n<p>Suchen Sie nach Nervenkitzel und Spannung? Von Go-Karting \u00fcber Bungee-Jumping bis hin zu Rail-Sledging, Jet-Skiing und Baumklettern &#8211; wir haben eine Vielzahl von aufregenden Aktivit\u00e4ten, die Sie an Ihre Grenzen bringen und Ihnen einen Adrenalinschub verleihen werden.<\/p>\n<h2>Kinder<\/h2>\n<p>Machen Sie Ihren Kindern unvergessliche Urlaubserlebnisse mit den Tipps von Seasonova! Ob ein Besuch auf dem Bauernhof, Bowling oder Minigolf spielen &#8211; wir bieten eine F\u00fclle von Aktivit\u00e4ten, die Spa\u00df und Spannung garantieren und gleichzeitig Lern- und Entdeckungsm\u00f6glichkeiten bieten.<\/p>\n<h2>Wellness &amp; Entspannung<\/h2>\n<p>Ihr Urlaub dient auch und vor allem dazu, sich zu entspannen und Energie zu tanken. G\u00f6nnen Sie sich eine Massage oder probieren Sie <a href=\"https:\/\/vacances-seasonova.com\/de\/le-bien-etre\/\">Yoga<\/a> aus, um K\u00f6rper und Geist in Einklang zu bringen. Nutzen Sie diese Gelegenheit, um sich zu verw\u00f6hnen und Ihre Batterien wieder aufzuladen!<\/p>\n<p style=\"text-align: center;\"><div id=\"metaslider-id-511\" style=\"max-width: 850px;\" class=\"ml-slider-3-61-0 metaslider metaslider-flex metaslider-511 ml-slider ms-theme-default nav-hidden nav-hidden\" role=\"region\" aria-roledescription=\"Slideshow\" aria-label=\"activit\u00e9s\">\n    <div id=\"metaslider_container_511\">\n        <div id=\"metaslider_511\">\n            <ul aria-live=\"polite\" class=\"slides\">\n                <li style=\"display: block; width: 100%;\" class=\"slide-512 ms-image \" aria-roledescription=\"slide\" aria-label=\"slide-512\"><img src=\"https:\/\/vacances-seasonova.com\/wp-content\/uploads\/2016\/09\/camping_seasonova_activites_nature-545x385.jpg\" height=\"600\" width=\"850\" alt=\"camping-seasonova-activites-nature\" class=\"slider-511 slide-512\" \/><\/li>\n                <li style=\"display: none; width: 100%;\" class=\"slide-513 ms-image \" aria-roledescription=\"slide\" aria-label=\"slide-513\"><img src=\"https:\/\/vacances-seasonova.com\/wp-content\/uploads\/2016\/09\/velo_erdre-641x453.jpg\" height=\"600\" width=\"850\" alt=\"\" class=\"slider-511 slide-513\" \/><\/li>\n                <li style=\"display: none; width: 100%;\" class=\"slide-514 ms-image \" aria-roledescription=\"slide\" aria-label=\"slide-514\"><img src=\"https:\/\/vacances-seasonova.com\/wp-content\/uploads\/2016\/09\/canoe-_erdre-643x454.jpg\" height=\"600\" width=\"850\" alt=\"canoe-camping-port-mulon-nort-sur-erdre\" class=\"slider-511 slide-514\" \/><\/li>\n                <li style=\"display: none; width: 100%;\" class=\"slide-515 ms-image \" aria-roledescription=\"slide\" aria-label=\"slide-515\"><img src=\"https:\/\/vacances-seasonova.com\/wp-content\/uploads\/2016\/09\/camping_seasonova_randonnees-641x453.jpg\" height=\"600\" width=\"850\" alt=\"camping-seasonova-randonnees\" class=\"slider-511 slide-515\" \/><\/li>\n                <li style=\"display: none; width: 100%;\" class=\"slide-516 ms-image \" aria-roledescription=\"slide\" aria-label=\"slide-516\"><img src=\"https:\/\/vacances-seasonova.com\/wp-content\/uploads\/2016\/09\/ecureuil_port_mulon-643x454.jpg\" height=\"600\" width=\"850\" alt=\"ecureuil-camping-port-mulon-seasonova\" class=\"slider-511 slide-516\" \/><\/li>\n            <\/ul>\n        <\/div>\n        \n    <\/div>\n<\/div><\/p>\n<p>Dies alles und noch mehr erwartet Sie auf den <a href=\"https:\/\/vacances-seasonova.com\/de\/campings\/\">Seasonova-Campingpl\u00e4tzen<\/a>. Finden Sie die Aktivit\u00e4t, die Ihren Urlaub zu einem unvergesslichen Erlebnis macht&#8230; Die perfekte Kombination aus Entspannung und Entdeckung!<\/p>","protected":false},"excerpt":{"rendered":"<p>K\u00f6stlichkeiten und lokale Produkte Entdecken Sie die vielf\u00e4ltigen Gen\u00fcsse und lokale Produkte, die unsere Regionen zu bieten haben. Ob durch ein gem\u00fctliches Abendessen in einem der vielen Restaurants oder durch eine [&#8230;]<\/p>\n","protected":false},"author":3,"featured_media":3892,"parent":0,"menu_order":0,"comment_status":"closed","ping_status":"closed","template":"page.php","meta":[],"yoast_head":"<!-- This site is optimized with the Yoast SEO plugin v18.1 - https:\/\/yoast.com\/wordpress\/plugins\/seo\/ -->\n<meta name=\"robots\" content=\"index, follow, max-snippet:-1, max-image-preview:large, max-video-preview:-1\" \/>\n<link rel=\"canonical\" href=\"https:\/\/vacances-seasonova.com\/de\/anregungen-fuer-ihren-campingurlaub\/\" \/>\n<meta property=\"og:locale\" content=\"de_DE\" \/>\n<meta property=\"og:type\" content=\"article\" \/>\n<meta property=\"og:title\" content=\"Was kann man w\u00e4hrend eines Campingurlaubs in Frankreich machen? - Seasonova\" \/>\n<meta property=\"og:description\" content=\"K\u00f6stlichkeiten und lokale Produkte Entdecken Sie die vielf\u00e4ltigen Gen\u00fcsse und lokale Produkte, die unsere Regionen zu bieten haben. Ob durch ein gem\u00fctliches Abendessen in einem der vielen Restaurants oder durch eine [...]\" \/>\n<meta property=\"og:url\" content=\"https:\/\/vacances-seasonova.com\/de\/anregungen-fuer-ihren-campingurlaub\/\" \/>\n<meta property=\"og:site_name\" content=\"Seasonova\" \/>\n<meta property=\"article:modified_time\" content=\"2025-04-22T07:20:04+00:00\" \/>\n<meta property=\"og:image\" content=\"https:\/\/vacances-seasonova.com\/wp-content\/uploads\/2017\/08\/clecy-suissenormande-orne-canoe-nautisme-personnage081011-CALVADOS-TOURISME-libre.jpg\" \/>\n\t<meta property=\"og:image:width\" content=\"2448\" \/>\n\t<meta property=\"og:image:height\" content=\"767\" \/>\n\t<meta property=\"og:image:type\" content=\"image\/jpeg\" \/>\n<meta name=\"twitter:card\" content=\"summary\" \/>\n<meta name=\"twitter:label1\" content=\"Gesch\u00e4tzte Lesezeit\" \/>\n\t<meta name=\"twitter:data1\" content=\"4 Minuten\" \/>\n<script type=\"application\/ld+json\" class=\"yoast-schema-graph\">{\"@context\":\"https:\/\/schema.org\",\"@graph\":[{\"@type\":\"WebSite\",\"@id\":\"https:\/\/vacances-seasonova.com\/fr\/#website\",\"url\":\"https:\/\/vacances-seasonova.com\/fr\/\",\"name\":\"Seasonova\",\"description\":\"\",\"potentialAction\":[{\"@type\":\"SearchAction\",\"target\":{\"@type\":\"EntryPoint\",\"urlTemplate\":\"https:\/\/vacances-seasonova.com\/fr\/?s={search_term_string}\"},\"query-input\":\"required name=search_term_string\"}],\"inLanguage\":\"de-DE\"},{\"@type\":\"ImageObject\",\"@id\":\"https:\/\/vacances-seasonova.com\/de\/anregungen-fuer-ihren-campingurlaub\/#primaryimage\",\"inLanguage\":\"de-DE\",\"url\":\"https:\/\/vacances-seasonova.com\/wp-content\/uploads\/2017\/08\/clecy-suissenormande-orne-canoe-nautisme-personnage081011-CALVADOS-TOURISME-libre.jpg\",\"contentUrl\":\"https:\/\/vacances-seasonova.com\/wp-content\/uploads\/2017\/08\/clecy-suissenormande-orne-canoe-nautisme-personnage081011-CALVADOS-TOURISME-libre.jpg\",\"width\":2448,\"height\":767,\"caption\":\"clecy-suissenormande-orne-canoe-nautisme-personnage081011-CALVADOS-TOURISME-libre\"},{\"@type\":\"WebPage\",\"@id\":\"https:\/\/vacances-seasonova.com\/de\/anregungen-fuer-ihren-campingurlaub\/#webpage\",\"url\":\"https:\/\/vacances-seasonova.com\/de\/anregungen-fuer-ihren-campingurlaub\/\",\"name\":\"Was kann man w\u00e4hrend eines Campingurlaubs in Frankreich machen? - Seasonova\",\"isPartOf\":{\"@id\":\"https:\/\/vacances-seasonova.com\/fr\/#website\"},\"primaryImageOfPage\":{\"@id\":\"https:\/\/vacances-seasonova.com\/de\/anregungen-fuer-ihren-campingurlaub\/#primaryimage\"},\"datePublished\":\"2016-09-03T16:03:03+00:00\",\"dateModified\":\"2025-04-22T07:20:04+00:00\",\"breadcrumb\":{\"@id\":\"https:\/\/vacances-seasonova.com\/de\/anregungen-fuer-ihren-campingurlaub\/#breadcrumb\"},\"inLanguage\":\"de-DE\",\"potentialAction\":[{\"@type\":\"ReadAction\",\"target\":[\"https:\/\/vacances-seasonova.com\/de\/anregungen-fuer-ihren-campingurlaub\/\"]}]},{\"@type\":\"BreadcrumbList\",\"@id\":\"https:\/\/vacances-seasonova.com\/de\/anregungen-fuer-ihren-campingurlaub\/#breadcrumb\",\"itemListElement\":[{\"@type\":\"ListItem\",\"position\":1,\"name\":\"Accueil\",\"item\":\"https:\/\/vacances-seasonova.com\/nl\/\"},{\"@type\":\"ListItem\",\"position\":2,\"name\":\"Que peut-on faire pendant des vacances en camping en France ?\"}]}]}<\/script>\n<!-- \/ Yoast SEO plugin. -->","yoast_head_json":{"robots":{"index":"index","follow":"follow","max-snippet":"max-snippet:-1","max-image-preview":"max-image-preview:large","max-video-preview":"max-video-preview:-1"},"canonical":"https:\/\/vacances-seasonova.com\/de\/anregungen-fuer-ihren-campingurlaub\/","og_locale":"de_DE","og_type":"article","og_title":"Was kann man w\u00e4hrend eines Campingurlaubs in Frankreich machen? - Seasonova","og_description":"K\u00f6stlichkeiten und lokale Produkte Entdecken Sie die vielf\u00e4ltigen Gen\u00fcsse und lokale Produkte, die unsere Regionen zu bieten haben. Ob durch ein gem\u00fctliches Abendessen in einem der vielen Restaurants oder durch eine [...]","og_url":"https:\/\/vacances-seasonova.com\/de\/anregungen-fuer-ihren-campingurlaub\/","og_site_name":"Seasonova","article_modified_time":"2025-04-22T07:20:04+00:00","og_image":[{"width":2448,"height":767,"url":"https:\/\/vacances-seasonova.com\/wp-content\/uploads\/2017\/08\/clecy-suissenormande-orne-canoe-nautisme-personnage081011-CALVADOS-TOURISME-libre.jpg","type":"image\/jpeg"}],"twitter_card":"summary","twitter_misc":{"Gesch\u00e4tzte Lesezeit":"4 Minuten"},"schema":{"@context":"https:\/\/schema.org","@graph":[{"@type":"WebSite","@id":"https:\/\/vacances-seasonova.com\/fr\/#website","url":"https:\/\/vacances-seasonova.com\/fr\/","name":"Seasonova","description":"","potentialAction":[{"@type":"SearchAction","target":{"@type":"EntryPoint","urlTemplate":"https:\/\/vacances-seasonova.com\/fr\/?s={search_term_string}"},"query-input":"required name=search_term_string"}],"inLanguage":"de-DE"},{"@type":"ImageObject","@id":"https:\/\/vacances-seasonova.com\/de\/anregungen-fuer-ihren-campingurlaub\/#primaryimage","inLanguage":"de-DE","url":"https:\/\/vacances-seasonova.com\/wp-content\/uploads\/2017\/08\/clecy-suissenormande-orne-canoe-nautisme-personnage081011-CALVADOS-TOURISME-libre.jpg","contentUrl":"https:\/\/vacances-seasonova.com\/wp-content\/uploads\/2017\/08\/clecy-suissenormande-orne-canoe-nautisme-personnage081011-CALVADOS-TOURISME-libre.jpg","width":2448,"height":767,"caption":"clecy-suissenormande-orne-canoe-nautisme-personnage081011-CALVADOS-TOURISME-libre"},{"@type":"WebPage","@id":"https:\/\/vacances-seasonova.com\/de\/anregungen-fuer-ihren-campingurlaub\/#webpage","url":"https:\/\/vacances-seasonova.com\/de\/anregungen-fuer-ihren-campingurlaub\/","name":"Was kann man w\u00e4hrend eines Campingurlaubs in Frankreich machen? - Seasonova","isPartOf":{"@id":"https:\/\/vacances-seasonova.com\/fr\/#website"},"primaryImageOfPage":{"@id":"https:\/\/vacances-seasonova.com\/de\/anregungen-fuer-ihren-campingurlaub\/#primaryimage"},"datePublished":"2016-09-03T16:03:03+00:00","dateModified":"2025-04-22T07:20:04+00:00","breadcrumb":{"@id":"https:\/\/vacances-seasonova.com\/de\/anregungen-fuer-ihren-campingurlaub\/#breadcrumb"},"inLanguage":"de-DE","potentialAction":[{"@type":"ReadAction","target":["https:\/\/vacances-seasonova.com\/de\/anregungen-fuer-ihren-campingurlaub\/"]}]},{"@type":"BreadcrumbList","@id":"https:\/\/vacances-seasonova.com\/de\/anregungen-fuer-ihren-campingurlaub\/#breadcrumb","itemListElement":[{"@type":"ListItem","position":1,"name":"Accueil","item":"https:\/\/vacances-seasonova.com\/nl\/"},{"@type":"ListItem","position":2,"name":"Que peut-on faire pendant des vacances en camping en France ?"}]}]}},"_links":{"self":[{"href":"https:\/\/vacances-seasonova.com\/de\/wp-json\/wp\/v2\/pages\/36"}],"collection":[{"href":"https:\/\/vacances-seasonova.com\/de\/wp-json\/wp\/v2\/pages"}],"about":[{"href":"https:\/\/vacances-seasonova.com\/de\/wp-json\/wp\/v2\/types\/page"}],"author":[{"embeddable":true,"href":"https:\/\/vacances-seasonova.com\/de\/wp-json\/wp\/v2\/users\/3"}],"replies":[{"embeddable":true,"href":"https:\/\/vacances-seasonova.com\/de\/wp-json\/wp\/v2\/comments?post=36"}],"version-history":[{"count":13,"href":"https:\/\/vacances-seasonova.com\/de\/wp-json\/wp\/v2\/pages\/36\/revisions"}],"predecessor-version":[{"id":46720,"href":"https:\/\/vacances-seasonova.com\/de\/wp-json\/wp\/v2\/pages\/36\/revisions\/46720"}],"wp:featuredmedia":[{"embeddable":true,"href":"https:\/\/vacances-seasonova.com\/de\/wp-json\/wp\/v2\/media\/3892"}],"wp:attachment":[{"href":"https:\/\/vacances-seasonova.com\/de\/wp-json\/wp\/v2\/media?parent=36"}],"curies":[{"name":"wp","href":"https:\/\/api.w.org\/{rel}","templated":true}]}}