    {"id":3867,"date":"2017-08-11T15:01:37","date_gmt":"2017-08-11T14:01:37","guid":{"rendered":"http:\/\/vacances-seasonova.com\/?page_id=3867"},"modified":"2023-08-02T10:10:58","modified_gmt":"2023-08-02T08:10:58","slug":"fun-et-sensation","status":"publish","type":"page","link":"https:\/\/vacances-seasonova.com\/de\/anregungen-fuer-ihren-campingurlaub\/spass-und-attraktionen\/","title":{"rendered":"Plezier en Sensatie"},"content":{"rendered":"<p>Wenn Sie sich nach einem Urlaub mit intensiven Erlebnissen sehnen, der Neid und Bewunderung weckt, dann sind die unterhaltsamen und beeindruckenden Campingpl\u00e4tze von Seasonova genau das Richtige f\u00fcr Sie. <\/p>\n<h3>Von Kite-Surfen \u00fcber Klettern und Bungee-Jumping bis hin zu Rail-Sledding und Baumklettern &#8211; hier finden Sie pure Action und k\u00f6nnen Ihre Grenzen ausloten!<\/h3>\n<h2>Das Viadukt des Souleuvre<\/h2>\n<div class=\"row\">\n<div class=\"col-lg-4\"><img src=\"https:\/\/vacances-seasonova.com\/wp-content\/uploads\/2017\/08\/FERRIEREHARANG-BOCAGENORMAND-VIADUC-SOULEUVRE-PAYSAGE-15005058-MC.LECAPITAINE-CALVADOS-TOURISME-LIBRE.jpg\" \/><\/div>\n<div class=\"col-lg-8\">\n<p>Bereits seit \u00fcber einem Vierteljahrhundert bietet das Viaduc de la Souleuvre spektakul\u00e4re Aktivit\u00e4ten f\u00fcr jedes Alter: Rail-Sledding, Seilrutschen, Riesenschaukeln, Barfu\u00dfparks, Pendelspr\u00fcnge und Bungee-Jumping. Dieses gesch\u00fctzte Naturareal ist der ideale Ort f\u00fcr einen unvergesslichen Familientag. Ausgestattet mit Picknickpl\u00e4tzen, einer Bar und Restaurant, Grillpl\u00e4tzen, Kinderspielpl\u00e4tzen, Wanderwegen sowie Mountainbike- und Fahrradstrecken. Kostenloses Parken ist auf beiden Seiten des Tals m\u00f6glich. Der Zugang zur Br\u00fccke kostet 1\u20ac pro Person (Kinder bis 13 Jahre frei).<br \/>\n<em><strong>Weitere Informationen:<\/strong><\/em>\u00a0<a href=\"https:\/\/www.viaducdelasouleuvre.com\">https:\/\/www.viaducdelasouleuvre.com<\/a><\/p>\n<\/div>\n<\/div>\n<h2>Segelclub<\/h2>\n<div class=\"row\">\n<div class=\"col-lg-4\"><img src=\"https:\/\/vacances-seasonova.com\/wp-content\/uploads\/2017\/08\/calvados-nautisme-voile50-CALVADOS-TOURISME-libre.png\" \/><\/div>\n<div class=\"col-lg-8\">\n<p>Die C\u00f4te de Nacre, bekannt f\u00fcr ihren langen Sandstrand, beherbergt eine Reihe von zertifizierten franz\u00f6sischen Segelschulen, die mit dem Verband verbunden sind. Von Mai bis Ende August bieten diese Clubs am Strand eine breite Palette von Aktivit\u00e4ten f\u00fcr Wassersportfans an. Das Angebot reicht von der Vermietung von Windsurf-, Paddel- und Kanubrettern bis hin zu speziellen Kursen auf Katamaranen und Dinghies, die eine spielerische Einf\u00fchrung in diese bei Abenteuerlustigen so beliebten Segelsportarten erm\u00f6glichen.<\/p>\n<ul>\n<li><a href=\"https:\/\/www.calvados-tourisme.com\/diffusio\/fr\/bouger\/les-activites-du-calvados\/merville-franceville-plage\/club-de-voile-et-pagaie-de-franceville-cvpf_TFOASCNOR014FS000BK.php\">Club de Voile et Pagaie de Franceville (CVPF) &#8211; Tourisme Calvados<\/a><\/li>\n<li><a href=\"https:\/\/www.calvados-tourisme.com\/diffusio\/fr\/bouger\/les-activites-du-calvados\/saint-aubin-sur-mer\/club-de-voile-de-saint-aubin-sur-mer_TFOASCNOR014FS000ET.php\">Club de Voile de Saint-Aubin-sur-Mer &#8211; Tourisme Calvados<\/a><\/li>\n<li><a href=\"https:\/\/Centre de Char \u00e0 Voile de Cabourg - Tourisme Calvados\">Centre de Char \u00e0 Voile de Cabourg &#8211; Tourisme Calvados<\/a><\/li>\n<\/ul>\n<\/div>\n<\/div>\n<h2>Hochseilgarten<\/h2>\n<div class=\"row\">\n<div class=\"col-lg-4\"><img src=\"https:\/\/vacances-seasonova.com\/wp-content\/uploads\/2017\/08\/accrobranche.png\" \/><\/div>\n<div class=\"col-lg-8\">\n<p>Im Hochseilgarten von Beauregard k\u00f6nnen sowohl Kinder als auch Erwachsene einen Moment der Entspannung in luftiger H\u00f6he zwischen B\u00e4umen und \u00c4sten genie\u00dfen &#8211; und das alles in v\u00f6lliger Sicherheit. Der Park liegt in der N\u00e4he des Schlosses von Beauregard und grenzt an den Radweg, der von Caen nach Ouistreham f\u00fchrt.<\/p>\n<p><em><strong>Weitere Informationen:<\/strong><\/em>\u00a0<a href=\"https:\/\/www.beauregard-aventure.com\/\">Parc accrobranche de Normandie<\/a><\/p>\n<\/div>\n<\/div>\n<h2>Jet Ski<\/h2>\n<div class=\"row\">\n<div class=\"col-lg-4\"><img src=\"https:\/\/vacances-seasonova.com\/wp-content\/uploads\/2017\/08\/PONTLEVEQUE-PAYSDAUGE-LAC-PLANDEAU-LOISIR-NAUTISME-JETSKI-SCOOTER-PERSONNAGE-122448-CALVADOS-TOURISME-LIBRE.png\" \/><\/div>\n<div class=\"col-lg-8\">\n<p>Haben Sie schon einmal Jet Ski ausprobiert? Lassen Sie sich auf dieses aufregende und sichere Abenteuer ein! Mehrere Zentren bieten gef\u00fchrte Touren mit qualifizierten Ausbildern an, um die pr\u00e4chtige C\u00f4te de Nacre zu erkunden. <\/p>\n<ul>\n<li>Jet Ski Vermietung<\/li>\n<li>Begleitete Touren<\/li>\n<\/ul>\n<\/div>\n<\/div>\n<h2>Go Kart<\/h2>\n<div class=\"row\">\n<div class=\"col-lg-4\"><img src=\"https:\/\/vacances-seasonova.com\/wp-content\/uploads\/2017\/08\/karting.jpg\" \/><\/div>\n<div class=\"col-lg-8\">\n<p>Erleben Sie das pure Fahrvergn\u00fcgen mit 100% Adrenalin auf den Go-Kart-Strecken, die von verschiedenen Anbietern in der Region angeboten werden.<\/p>\n<\/div>\n<\/div>\n<p><\/p>","protected":false},"excerpt":{"rendered":"<p>Wenn Sie sich nach einem Urlaub mit intensiven Erlebnissen sehnen, der Neid und Bewunderung weckt, dann sind die unterhaltsamen und beeindruckenden Campingpl\u00e4tze von Seasonova genau das Richtige f\u00fcr Sie. Von Kite-Surfen [&#8230;]<\/p>\n","protected":false},"author":2,"featured_media":3869,"parent":36,"menu_order":0,"comment_status":"closed","ping_status":"closed","template":"","meta":[],"yoast_head":"<!-- This site is optimized with the Yoast SEO plugin v18.1 - https:\/\/yoast.com\/wordpress\/plugins\/seo\/ -->\n<meta name=\"robots\" content=\"index, follow, max-snippet:-1, max-image-preview:large, max-video-preview:-1\" \/>\n<link rel=\"canonical\" href=\"https:\/\/vacances-seasonova.com\/de\/anregungen-fuer-ihren-campingurlaub\/spass-und-attraktionen\/\" \/>\n<meta property=\"og:locale\" content=\"de_DE\" \/>\n<meta property=\"og:type\" content=\"article\" \/>\n<meta property=\"og:title\" content=\"Plezier en Sensatie - Seasonova\" \/>\n<meta property=\"og:description\" content=\"Wenn Sie sich nach einem Urlaub mit intensiven Erlebnissen sehnen, der Neid und Bewunderung weckt, dann sind die unterhaltsamen und beeindruckenden Campingpl\u00e4tze von Seasonova genau das Richtige f\u00fcr Sie. Von Kite-Surfen [...]\" \/>\n<meta property=\"og:url\" content=\"https:\/\/vacances-seasonova.com\/de\/anregungen-fuer-ihren-campingurlaub\/spass-und-attraktionen\/\" \/>\n<meta property=\"og:site_name\" content=\"Seasonova\" \/>\n<meta property=\"article:modified_time\" content=\"2023-08-02T08:10:58+00:00\" \/>\n<meta property=\"og:image\" content=\"https:\/\/vacances-seasonova.com\/wp-content\/uploads\/2017\/08\/fun-e1590135136855.png\" \/>\n\t<meta property=\"og:image:width\" content=\"1065\" \/>\n\t<meta property=\"og:image:height\" content=\"576\" \/>\n\t<meta property=\"og:image:type\" content=\"image\/png\" \/>\n<meta name=\"twitter:card\" content=\"summary\" \/>\n<meta name=\"twitter:label1\" content=\"Gesch\u00e4tzte Lesezeit\" \/>\n\t<meta name=\"twitter:data1\" content=\"5 Minuten\" \/>\n<script type=\"application\/ld+json\" class=\"yoast-schema-graph\">{\"@context\":\"https:\/\/schema.org\",\"@graph\":[{\"@type\":\"WebSite\",\"@id\":\"https:\/\/vacances-seasonova.com\/fr\/#website\",\"url\":\"https:\/\/vacances-seasonova.com\/fr\/\",\"name\":\"Seasonova\",\"description\":\"\",\"potentialAction\":[{\"@type\":\"SearchAction\",\"target\":{\"@type\":\"EntryPoint\",\"urlTemplate\":\"https:\/\/vacances-seasonova.com\/fr\/?s={search_term_string}\"},\"query-input\":\"required name=search_term_string\"}],\"inLanguage\":\"de-DE\"},{\"@type\":\"ImageObject\",\"@id\":\"https:\/\/vacances-seasonova.com\/de\/anregungen-fuer-ihren-campingurlaub\/spass-und-attraktionen\/#primaryimage\",\"inLanguage\":\"de-DE\",\"url\":\"https:\/\/vacances-seasonova.com\/wp-content\/uploads\/2017\/08\/fun-e1590135136855.png\",\"contentUrl\":\"https:\/\/vacances-seasonova.com\/wp-content\/uploads\/2017\/08\/fun-e1590135136855.png\",\"width\":1065,\"height\":576,\"caption\":\"fun-sport-seasonova\"},{\"@type\":\"WebPage\",\"@id\":\"https:\/\/vacances-seasonova.com\/de\/anregungen-fuer-ihren-campingurlaub\/spass-und-attraktionen\/#webpage\",\"url\":\"https:\/\/vacances-seasonova.com\/de\/anregungen-fuer-ihren-campingurlaub\/spass-und-attraktionen\/\",\"name\":\"Plezier en Sensatie - Seasonova\",\"isPartOf\":{\"@id\":\"https:\/\/vacances-seasonova.com\/fr\/#website\"},\"primaryImageOfPage\":{\"@id\":\"https:\/\/vacances-seasonova.com\/de\/anregungen-fuer-ihren-campingurlaub\/spass-und-attraktionen\/#primaryimage\"},\"datePublished\":\"2017-08-11T14:01:37+00:00\",\"dateModified\":\"2023-08-02T08:10:58+00:00\",\"breadcrumb\":{\"@id\":\"https:\/\/vacances-seasonova.com\/de\/anregungen-fuer-ihren-campingurlaub\/spass-und-attraktionen\/#breadcrumb\"},\"inLanguage\":\"de-DE\",\"potentialAction\":[{\"@type\":\"ReadAction\",\"target\":[\"https:\/\/vacances-seasonova.com\/de\/anregungen-fuer-ihren-campingurlaub\/spass-und-attraktionen\/\"]}]},{\"@type\":\"BreadcrumbList\",\"@id\":\"https:\/\/vacances-seasonova.com\/de\/anregungen-fuer-ihren-campingurlaub\/spass-und-attraktionen\/#breadcrumb\",\"itemListElement\":[{\"@type\":\"ListItem\",\"position\":1,\"name\":\"Accueil\",\"item\":\"https:\/\/vacances-seasonova.com\/nl\/\"},{\"@type\":\"ListItem\",\"position\":2,\"name\":\"Que peut-on faire pendant des vacances en camping en France ?\",\"item\":\"https:\/\/vacances-seasonova.com\/de\/anregungen-fuer-ihren-campingurlaub\/\"},{\"@type\":\"ListItem\",\"position\":3,\"name\":\"Plezier en Sensatie\"}]}]}<\/script>\n<!-- \/ Yoast SEO plugin. -->","yoast_head_json":{"robots":{"index":"index","follow":"follow","max-snippet":"max-snippet:-1","max-image-preview":"max-image-preview:large","max-video-preview":"max-video-preview:-1"},"canonical":"https:\/\/vacances-seasonova.com\/de\/anregungen-fuer-ihren-campingurlaub\/spass-und-attraktionen\/","og_locale":"de_DE","og_type":"article","og_title":"Plezier en Sensatie - Seasonova","og_description":"Wenn Sie sich nach einem Urlaub mit intensiven Erlebnissen sehnen, der Neid und Bewunderung weckt, dann sind die unterhaltsamen und beeindruckenden Campingpl\u00e4tze von Seasonova genau das Richtige f\u00fcr Sie. Von Kite-Surfen [...]","og_url":"https:\/\/vacances-seasonova.com\/de\/anregungen-fuer-ihren-campingurlaub\/spass-und-attraktionen\/","og_site_name":"Seasonova","article_modified_time":"2023-08-02T08:10:58+00:00","og_image":[{"width":1065,"height":576,"url":"https:\/\/vacances-seasonova.com\/wp-content\/uploads\/2017\/08\/fun-e1590135136855.png","type":"image\/png"}],"twitter_card":"summary","twitter_misc":{"Gesch\u00e4tzte Lesezeit":"5 Minuten"},"schema":{"@context":"https:\/\/schema.org","@graph":[{"@type":"WebSite","@id":"https:\/\/vacances-seasonova.com\/fr\/#website","url":"https:\/\/vacances-seasonova.com\/fr\/","name":"Seasonova","description":"","potentialAction":[{"@type":"SearchAction","target":{"@type":"EntryPoint","urlTemplate":"https:\/\/vacances-seasonova.com\/fr\/?s={search_term_string}"},"query-input":"required name=search_term_string"}],"inLanguage":"de-DE"},{"@type":"ImageObject","@id":"https:\/\/vacances-seasonova.com\/de\/anregungen-fuer-ihren-campingurlaub\/spass-und-attraktionen\/#primaryimage","inLanguage":"de-DE","url":"https:\/\/vacances-seasonova.com\/wp-content\/uploads\/2017\/08\/fun-e1590135136855.png","contentUrl":"https:\/\/vacances-seasonova.com\/wp-content\/uploads\/2017\/08\/fun-e1590135136855.png","width":1065,"height":576,"caption":"fun-sport-seasonova"},{"@type":"WebPage","@id":"https:\/\/vacances-seasonova.com\/de\/anregungen-fuer-ihren-campingurlaub\/spass-und-attraktionen\/#webpage","url":"https:\/\/vacances-seasonova.com\/de\/anregungen-fuer-ihren-campingurlaub\/spass-und-attraktionen\/","name":"Plezier en Sensatie - Seasonova","isPartOf":{"@id":"https:\/\/vacances-seasonova.com\/fr\/#website"},"primaryImageOfPage":{"@id":"https:\/\/vacances-seasonova.com\/de\/anregungen-fuer-ihren-campingurlaub\/spass-und-attraktionen\/#primaryimage"},"datePublished":"2017-08-11T14:01:37+00:00","dateModified":"2023-08-02T08:10:58+00:00","breadcrumb":{"@id":"https:\/\/vacances-seasonova.com\/de\/anregungen-fuer-ihren-campingurlaub\/spass-und-attraktionen\/#breadcrumb"},"inLanguage":"de-DE","potentialAction":[{"@type":"ReadAction","target":["https:\/\/vacances-seasonova.com\/de\/anregungen-fuer-ihren-campingurlaub\/spass-und-attraktionen\/"]}]},{"@type":"BreadcrumbList","@id":"https:\/\/vacances-seasonova.com\/de\/anregungen-fuer-ihren-campingurlaub\/spass-und-attraktionen\/#breadcrumb","itemListElement":[{"@type":"ListItem","position":1,"name":"Accueil","item":"https:\/\/vacances-seasonova.com\/nl\/"},{"@type":"ListItem","position":2,"name":"Que peut-on faire pendant des vacances en camping en France ?","item":"https:\/\/vacances-seasonova.com\/de\/anregungen-fuer-ihren-campingurlaub\/"},{"@type":"ListItem","position":3,"name":"Plezier en Sensatie"}]}]}},"_links":{"self":[{"href":"https:\/\/vacances-seasonova.com\/de\/wp-json\/wp\/v2\/pages\/3867"}],"collection":[{"href":"https:\/\/vacances-seasonova.com\/de\/wp-json\/wp\/v2\/pages"}],"about":[{"href":"https:\/\/vacances-seasonova.com\/de\/wp-json\/wp\/v2\/types\/page"}],"author":[{"embeddable":true,"href":"https:\/\/vacances-seasonova.com\/de\/wp-json\/wp\/v2\/users\/2"}],"replies":[{"embeddable":true,"href":"https:\/\/vacances-seasonova.com\/de\/wp-json\/wp\/v2\/comments?post=3867"}],"version-history":[{"count":6,"href":"https:\/\/vacances-seasonova.com\/de\/wp-json\/wp\/v2\/pages\/3867\/revisions"}],"predecessor-version":[{"id":38244,"href":"https:\/\/vacances-seasonova.com\/de\/wp-json\/wp\/v2\/pages\/3867\/revisions\/38244"}],"up":[{"embeddable":true,"href":"https:\/\/vacances-seasonova.com\/de\/wp-json\/wp\/v2\/pages\/36"}],"wp:featuredmedia":[{"embeddable":true,"href":"https:\/\/vacances-seasonova.com\/de\/wp-json\/wp\/v2\/media\/3869"}],"wp:attachment":[{"href":"https:\/\/vacances-seasonova.com\/de\/wp-json\/wp\/v2\/media?parent=3867"}],"curies":[{"name":"wp","href":"https:\/\/api.w.org\/{rel}","templated":true}]}}