    {"id":38916,"date":"2024-01-30T14:00:59","date_gmt":"2024-01-30T13:00:59","guid":{"rendered":"https:\/\/vacances-seasonova.com\/fr\/?page_id=38916"},"modified":"2024-01-30T14:00:59","modified_gmt":"2024-01-30T13:00:59","slug":"luxus-camping-in-frankreich-erstklassige-erlebnisse","status":"publish","type":"page","link":"https:\/\/vacances-seasonova.com\/de\/luxus-camping-in-frankreich\/","title":{"rendered":"Luxus Camping in Frankreich: Erstklassige Erlebnisse"},"content":{"rendered":"<p>5 Sterne Luxus Camping in Frankreich \u2013 Ein unvergessliches Erlebnis<\/p>\n<p>Frankreich ist bekannt f\u00fcr seine romantischen St\u00e4dte, ber\u00fchmten K\u00fcchen und atemberaubenden Landschaften. Aber wussten Sie, dass es auch eine Luxus-Campingkultur gibt, die Ihnen ein einzigartiges und unvergessliches Erlebnis bietet? Auf dieser Seite zeigen wir Ihnen, warum Sie Luxus Camping in Frankreich w\u00e4hlen sollten und welche Destinationen Ihnen zur Verf\u00fcgung stehen.<\/p>\n<h2>Warum Luxus Camping in Frankreich w\u00e4hlen?<\/h2>\n<p>Frankreich ist nicht nur das Land der Liebe, sondern auch das der unvergleichlichen Landschaften, der Gourmet-K\u00fcche und des Lebensgenusses. Luxuscamping in Frankreich erm\u00f6glicht es Ihnen, all diese Facetten hautnah zu erleben, ohne auf Komfort und Annehmlichkeiten zu verzichten. Hier sind einige Gr\u00fcnde, die f\u00fcr einen Luxus-Campingurlaub in Frankreich sprechen:<\/p>\n<h3>Die Faszination des Luxus-Campings<\/h3>\n<p>Camping muss nicht gleichbedeutend mit Unannehmlichkeiten und Entbehrungen sein. Vorbei sind die Zeiten, in denen Camping nur Zelte und Schlafs\u00e4cke bedeutete. Heutzutage k\u00f6nnen Sie in luxuri\u00f6sen Mobil-Homes \u00fcbernachten, die allen erdenklichen Komfort bieten. Bei Unternehmen wie Seasonova k\u00f6nnen Sie zwischen verschiedenen luxuri\u00f6sen Unterkunftsarten w\u00e4hlen, die Ihren Aufenthalt unvergesslich machen.<\/p>\n<h3>Warum gerade Frankreich?<\/h3>\n<p>Frankreich ist eine Schatzkammer f\u00fcr Touristen, und das gilt auch f\u00fcr die Campingwelt. Ob es die magische Bretagne ist, mit ihrer reichen keltischen Geschichte und der spektakul\u00e4ren K\u00fcste, oder die ruhigen Str\u00e4nde der Nouvelle-Aquitaine, die franz\u00f6sische Campingkultur ist ebenso vielf\u00e4ltig wie das Land selbst. In der Normandie, bekannt f\u00fcr ihre historischen St\u00e4tten und atemberaubenden K\u00fcstenlandschaften, k\u00f6nnen Sie einen aufregenden Urlaub mit zahlreichen Aktivit\u00e4ten verbringen.<\/p>\n<h2>Top Destinationen f\u00fcr Luxus Camping in Frankreich<\/h2>\n<p>Frankreich bietet zahlreiche Luxus-Campingziele, jedes mit seiner eigenen Einzigartigkeit und seinem Charme. Ob Sie auf der Suche nach einem Campingplatz direkt am Meer oder einem tierfreundlichen Campingplatz sind, es gibt f\u00fcr jeden etwas.<\/p>\n<ul>\n<li><strong>Bretagne:<\/strong> Ein Land der Legenden und der K\u00fcste\n<p>Erkunden Sie die mystische For\u00eat de Broc\u00e9liande oder genie\u00dfen Sie zahlreiche Wassersportaktivit\u00e4ten an \u00fcber 2000 km K\u00fcstenlinie. Die Bretagne ist auch ideal f\u00fcr diejenigen, die ein St\u00fcck Frankreichs reiche Kultur erleben m\u00f6chten.<\/p>\n<\/li>\n<li><strong>Normandie:<\/strong> Abenteuer und Geschichte\n<p>Neben den ber\u00fchmten Str\u00e4nden und historischen St\u00e4tten bietet die Normandie auch adrenalingeladene Aktivit\u00e4ten wie Bungee-Jumping vom Viadukt La Souleuvre.<\/p>\n<\/li>\n<li><strong>Nouvelle-Aquitaine:<\/strong> Der perfekte Ort f\u00fcr Wassersport\n<p>Mit der gr\u00f6\u00dften Strandfl\u00e4che Europas ist diese Region ein Paradies f\u00fcr Liebhaber von Wassersportarten wie Surfen, Kitesurfen und Segeln.<\/p>\n<\/li>\n<li><strong>Centre-Val de Loire:<\/strong> F\u00fcr Naturliebhaber und Familien\n<p>Die Region bietet eine Vielzahl von Aktivit\u00e4ten f\u00fcr die ganze Familie, von Radtouren bis hin zu Ausfl\u00fcgen in die Natur.<\/p>\n<\/li>\n<\/ul>\n<h3>Luxus-Camping direkt am Meer<\/h3>\n<p>Erleben Sie Luxus und Natur in perfekter Symbiose an Frankreichs malerischen K\u00fcsten. Im Bretagne Seasonova Camping Resort k\u00f6nnen Sie in einem Mobilheim wohnen, das keinen Luxus vermissen l\u00e4sst. Mit einer atemberaubenden Aussicht auf das Meer und dem direkten Zugang zu kilometerlangen Str\u00e4nden bietet dieser Ort das perfekte Umfeld f\u00fcr Wassersportarten und entspannte Strandspazierg\u00e4nge.<\/p>\n<h3>Luxus Camping an der Atlantikk\u00fcste<\/h3>\n<p>Die Atlantikk\u00fcste in der Region Nouvelle-Aquitaine bietet weit mehr als nur Wellen und Wind. Bei Seasonova k\u00f6nnen Sie Luxuscamping mit au\u00dfergew\u00f6hnlichen Panoramen genie\u00dfen. Stellen Sie sich vor, wie Sie in einem voll ausgestatteten Mobilheime aufwachen und auf der eigenen Terrasse den Sonnenaufgang \u00fcber dem Ozean beobachten. Danach k\u00f6nnen Sie surfen gehen oder die Umgebung mit dem Fahrrad erkunden \u2013 der ideale Urlaub f\u00fcr alle, die das Besondere suchen.<\/p>\n<h2>Luxus Camping mit besonderen Extras<\/h2>\n<p>Seasonova steht f\u00fcr Campingurlaub, der Luxus und Natur vereint. Genie\u00dfen Sie Extras wie Indoor-Pools, Spa-Bereiche und Gourmet-Restaurants direkt auf dem Campingplatz. Auch f\u00fcr Kinder wird hier viel geboten: Spezielle Kids-Clubs und zahlreiche Aktivit\u00e4ten sorgen daf\u00fcr, dass auch die j\u00fcngsten Mitglieder der Familie einen unvergesslichen Urlaub erleben.<\/p>\n<h3>Luxus Camping mit Hund<\/h3>\n<p>Ihr vierbeiniger Freund muss nicht zu Hause bleiben! Bei Seasonova sind Hunde willkommen, und einige unserer Campingpl\u00e4tze bieten sogar spezielle Hunde-Str\u00e4nde und Freilaufzonen. So k\u00f6nnen auch Ihre Fellfreunde den Luxus von Seasonova in vollen Z\u00fcgen genie\u00dfen.<\/p>\n<h3>Einrichtungen und Annehmlichkeiten<\/h3>\n<p>Jeder Seasonova Luxus-Campingplatz ist mit modernsten Einrichtungen ausgestattet. Neben erstklassigen Sanit\u00e4ranlagen erwarten Sie umfangreiche Sporteinrichtungen, Unterhaltungsprogramme und selbst Eink<\/p>\n<p><\/p>","protected":false},"excerpt":{"rendered":"<p>5 Sterne Luxus Camping in Frankreich \u2013 Ein unvergessliches Erlebnis Frankreich ist bekannt f\u00fcr seine romantischen St\u00e4dte, ber\u00fchmten K\u00fcchen und atemberaubenden Landschaften. Aber wussten Sie, dass es auch eine [&#8230;]<\/p>\n","protected":false},"author":15,"featured_media":37500,"parent":0,"menu_order":0,"comment_status":"closed","ping_status":"closed","template":"","meta":[],"yoast_head":"<!-- This site is optimized with the Yoast SEO plugin v18.1 - https:\/\/yoast.com\/wordpress\/plugins\/seo\/ -->\n<meta name=\"description\" content=\"Entdecken Sie die sch\u00f6nsten Campingpl\u00e4tze f\u00fcr 5 Sterne Camping in Frankreich. Erstklassiger &amp; luxuri\u00f6ser Komfort direkt am Meer erwartet Sie.\" \/>\n<meta name=\"robots\" content=\"index, follow, max-snippet:-1, max-image-preview:large, max-video-preview:-1\" \/>\n<link rel=\"canonical\" href=\"https:\/\/vacances-seasonova.com\/de\/luxus-camping-in-frankreich\/\" \/>\n<meta property=\"og:locale\" content=\"de_DE\" \/>\n<meta property=\"og:type\" content=\"article\" \/>\n<meta property=\"og:title\" content=\"5 Sterne Luxus Campingplatz in Frankreich Atlantik direkt buchen\" \/>\n<meta property=\"og:description\" content=\"Entdecken Sie die sch\u00f6nsten Campingpl\u00e4tze f\u00fcr 5 Sterne Camping in Frankreich. Erstklassiger &amp; luxuri\u00f6ser Komfort direkt am Meer erwartet Sie.\" \/>\n<meta property=\"og:url\" content=\"https:\/\/vacances-seasonova.com\/fr\/luxus-camping-in-frankreich\/\" \/>\n<meta property=\"og:site_name\" content=\"Seasonova\" \/>\n<meta property=\"og:image\" content=\"https:\/\/vacances-seasonova.com\/wp-content\/uploads\/2023\/04\/quechua-tipi-5.2-polycoton-200-expires-on-10-03-2028-scaled.jpg\" \/>\n\t<meta property=\"og:image:width\" content=\"2560\" \/>\n\t<meta property=\"og:image:height\" content=\"1708\" \/>\n\t<meta property=\"og:image:type\" content=\"image\/jpeg\" \/>\n<meta name=\"twitter:card\" content=\"summary\" \/>\n<meta name=\"twitter:label1\" content=\"Gesch\u00e4tzte Lesezeit\" \/>\n\t<meta name=\"twitter:data1\" content=\"4 Minuten\" \/>\n<script type=\"application\/ld+json\" class=\"yoast-schema-graph\">{\"@context\":\"https:\/\/schema.org\",\"@graph\":[{\"@type\":\"WebSite\",\"@id\":\"https:\/\/vacances-seasonova.com\/fr\/#website\",\"url\":\"https:\/\/vacances-seasonova.com\/fr\/\",\"name\":\"Seasonova\",\"description\":\"\",\"potentialAction\":[{\"@type\":\"SearchAction\",\"target\":{\"@type\":\"EntryPoint\",\"urlTemplate\":\"https:\/\/vacances-seasonova.com\/fr\/?s={search_term_string}\"},\"query-input\":\"required name=search_term_string\"}],\"inLanguage\":\"de-DE\"},{\"@type\":\"ImageObject\",\"@id\":\"https:\/\/vacances-seasonova.com\/fr\/luxus-camping-in-frankreich\/#primaryimage\",\"inLanguage\":\"de-DE\",\"url\":\"https:\/\/vacances-seasonova.com\/wp-content\/uploads\/2023\/04\/quechua-tipi-5.2-polycoton-200-expires-on-10-03-2028-scaled.jpg\",\"contentUrl\":\"https:\/\/vacances-seasonova.com\/wp-content\/uploads\/2023\/04\/quechua-tipi-5.2-polycoton-200-expires-on-10-03-2028-scaled.jpg\",\"width\":2560,\"height\":1708,\"caption\":\"tente traditionnelle\"},{\"@type\":\"WebPage\",\"@id\":\"https:\/\/vacances-seasonova.com\/fr\/luxus-camping-in-frankreich\/#webpage\",\"url\":\"https:\/\/vacances-seasonova.com\/fr\/luxus-camping-in-frankreich\/\",\"name\":\"5 Sterne Luxus Campingplatz in Frankreich Atlantik direkt buchen\",\"isPartOf\":{\"@id\":\"https:\/\/vacances-seasonova.com\/fr\/#website\"},\"primaryImageOfPage\":{\"@id\":\"https:\/\/vacances-seasonova.com\/fr\/luxus-camping-in-frankreich\/#primaryimage\"},\"datePublished\":\"2024-01-30T13:00:59+00:00\",\"dateModified\":\"2024-01-30T13:00:59+00:00\",\"description\":\"Entdecken Sie die sch\u00f6nsten Campingpl\u00e4tze f\u00fcr 5 Sterne Camping in Frankreich. Erstklassiger & luxuri\u00f6ser Komfort direkt am Meer erwartet Sie.\",\"breadcrumb\":{\"@id\":\"https:\/\/vacances-seasonova.com\/fr\/luxus-camping-in-frankreich\/#breadcrumb\"},\"inLanguage\":\"de-DE\",\"potentialAction\":[{\"@type\":\"ReadAction\",\"target\":[\"https:\/\/vacances-seasonova.com\/fr\/luxus-camping-in-frankreich\/\"]}]},{\"@type\":\"BreadcrumbList\",\"@id\":\"https:\/\/vacances-seasonova.com\/fr\/luxus-camping-in-frankreich\/#breadcrumb\",\"itemListElement\":[{\"@type\":\"ListItem\",\"position\":1,\"name\":\"Accueil\",\"item\":\"https:\/\/vacances-seasonova.com\/nl\/\"},{\"@type\":\"ListItem\",\"position\":2,\"name\":\"Luxus Camping in Frankreich: Erstklassige Erlebnisse\"}]}]}<\/script>\n<!-- \/ Yoast SEO plugin. -->","yoast_head_json":{"description":"Entdecken Sie die sch\u00f6nsten Campingpl\u00e4tze f\u00fcr 5 Sterne Camping in Frankreich. Erstklassiger & luxuri\u00f6ser Komfort direkt am Meer erwartet Sie.","robots":{"index":"index","follow":"follow","max-snippet":"max-snippet:-1","max-image-preview":"max-image-preview:large","max-video-preview":"max-video-preview:-1"},"canonical":"https:\/\/vacances-seasonova.com\/de\/luxus-camping-in-frankreich\/","og_locale":"de_DE","og_type":"article","og_title":"5 Sterne Luxus Campingplatz in Frankreich Atlantik direkt buchen","og_description":"Entdecken Sie die sch\u00f6nsten Campingpl\u00e4tze f\u00fcr 5 Sterne Camping in Frankreich. Erstklassiger & luxuri\u00f6ser Komfort direkt am Meer erwartet Sie.","og_url":"https:\/\/vacances-seasonova.com\/fr\/luxus-camping-in-frankreich\/","og_site_name":"Seasonova","og_image":[{"width":2560,"height":1708,"url":"https:\/\/vacances-seasonova.com\/wp-content\/uploads\/2023\/04\/quechua-tipi-5.2-polycoton-200-expires-on-10-03-2028-scaled.jpg","type":"image\/jpeg"}],"twitter_card":"summary","twitter_misc":{"Gesch\u00e4tzte Lesezeit":"4 Minuten"},"schema":{"@context":"https:\/\/schema.org","@graph":[{"@type":"WebSite","@id":"https:\/\/vacances-seasonova.com\/fr\/#website","url":"https:\/\/vacances-seasonova.com\/fr\/","name":"Seasonova","description":"","potentialAction":[{"@type":"SearchAction","target":{"@type":"EntryPoint","urlTemplate":"https:\/\/vacances-seasonova.com\/fr\/?s={search_term_string}"},"query-input":"required name=search_term_string"}],"inLanguage":"de-DE"},{"@type":"ImageObject","@id":"https:\/\/vacances-seasonova.com\/fr\/luxus-camping-in-frankreich\/#primaryimage","inLanguage":"de-DE","url":"https:\/\/vacances-seasonova.com\/wp-content\/uploads\/2023\/04\/quechua-tipi-5.2-polycoton-200-expires-on-10-03-2028-scaled.jpg","contentUrl":"https:\/\/vacances-seasonova.com\/wp-content\/uploads\/2023\/04\/quechua-tipi-5.2-polycoton-200-expires-on-10-03-2028-scaled.jpg","width":2560,"height":1708,"caption":"tente traditionnelle"},{"@type":"WebPage","@id":"https:\/\/vacances-seasonova.com\/fr\/luxus-camping-in-frankreich\/#webpage","url":"https:\/\/vacances-seasonova.com\/fr\/luxus-camping-in-frankreich\/","name":"5 Sterne Luxus Campingplatz in Frankreich Atlantik direkt buchen","isPartOf":{"@id":"https:\/\/vacances-seasonova.com\/fr\/#website"},"primaryImageOfPage":{"@id":"https:\/\/vacances-seasonova.com\/fr\/luxus-camping-in-frankreich\/#primaryimage"},"datePublished":"2024-01-30T13:00:59+00:00","dateModified":"2024-01-30T13:00:59+00:00","description":"Entdecken Sie die sch\u00f6nsten Campingpl\u00e4tze f\u00fcr 5 Sterne Camping in Frankreich. Erstklassiger & luxuri\u00f6ser Komfort direkt am Meer erwartet Sie.","breadcrumb":{"@id":"https:\/\/vacances-seasonova.com\/fr\/luxus-camping-in-frankreich\/#breadcrumb"},"inLanguage":"de-DE","potentialAction":[{"@type":"ReadAction","target":["https:\/\/vacances-seasonova.com\/fr\/luxus-camping-in-frankreich\/"]}]},{"@type":"BreadcrumbList","@id":"https:\/\/vacances-seasonova.com\/fr\/luxus-camping-in-frankreich\/#breadcrumb","itemListElement":[{"@type":"ListItem","position":1,"name":"Accueil","item":"https:\/\/vacances-seasonova.com\/nl\/"},{"@type":"ListItem","position":2,"name":"Luxus Camping in Frankreich: Erstklassige Erlebnisse"}]}]}},"_links":{"self":[{"href":"https:\/\/vacances-seasonova.com\/de\/wp-json\/wp\/v2\/pages\/38916"}],"collection":[{"href":"https:\/\/vacances-seasonova.com\/de\/wp-json\/wp\/v2\/pages"}],"about":[{"href":"https:\/\/vacances-seasonova.com\/de\/wp-json\/wp\/v2\/types\/page"}],"author":[{"embeddable":true,"href":"https:\/\/vacances-seasonova.com\/de\/wp-json\/wp\/v2\/users\/15"}],"replies":[{"embeddable":true,"href":"https:\/\/vacances-seasonova.com\/de\/wp-json\/wp\/v2\/comments?post=38916"}],"version-history":[{"count":1,"href":"https:\/\/vacances-seasonova.com\/de\/wp-json\/wp\/v2\/pages\/38916\/revisions"}],"predecessor-version":[{"id":38917,"href":"https:\/\/vacances-seasonova.com\/de\/wp-json\/wp\/v2\/pages\/38916\/revisions\/38917"}],"wp:featuredmedia":[{"embeddable":true,"href":"https:\/\/vacances-seasonova.com\/de\/wp-json\/wp\/v2\/media\/37500"}],"wp:attachment":[{"href":"https:\/\/vacances-seasonova.com\/de\/wp-json\/wp\/v2\/media?parent=38916"}],"curies":[{"name":"wp","href":"https:\/\/api.w.org\/{rel}","templated":true}]}}