    {"id":3905,"date":"2017-08-14T16:15:38","date_gmt":"2017-08-14T15:15:38","guid":{"rendered":"http:\/\/vacances-seasonova.com\/?page_id=3905"},"modified":"2021-10-05T15:53:09","modified_gmt":"2021-10-05T13:53:09","slug":"camping-sport-nature","status":"publish","type":"page","link":"https:\/\/vacances-seasonova.com\/de\/sport-und-natur\/","title":{"rendered":"Sport und Natur"},"content":{"rendered":"<p><\/p>\n<h2>Feiertage sind auch eine Zeit, in der man sich austoben kann! Kanufahren, Reiten, sportliche Aktivit\u00e4ten f\u00fcr die ganze Familie &#8211; es gibt nichts Besseres, als einen Aufenthalt auf einem Natursport-Campingplatz zu genie\u00dfen!<\/h2>\n<h3>Reitsportliche Aktivit\u00e4ten<\/h3>\n<div class=\"row\">\n<div class=\"col-lg-4\"><img src=\"https:\/\/vacances-seasonova.com\/wp-content\/uploads\/2017\/08\/equitation.jpg\" \/><\/div>\n<div class=\"col-lg-8\">\n<p>Entdecken Sie das Pferd, die Reitsportzentren schlagen Ihnen Einf\u00fchrungs- oder Verbesserungskurse vor, Spazierg\u00e4nge mit dem Pferd, am Strand oder auf dem Land.<\/p>\n<p><em><strong>Mehr lesen:<\/strong><\/em>\u00a0<a href=\"https:\/\/www.normandie-tourisme.fr\/sports-et-loisirs\/cheval-activites-equestres~~~~~\/offres-10-1.html\" target=\"_blank\" rel=\"noopener noreferrer\">Activit\u00e9s \u00e9questres en Normandie<\/a><br \/>\n<em><strong>Mehr lesen :<\/strong><\/em>\u00a0<a href=\"https:\/\/osez.tourismebretagne.com\/tentez-l-experience\/tous-les-clubs\/(facet_2)\/equestre\" target=\"_blank\" rel=\"noopener noreferrer\">Activit\u00e9s \u00e9questres en Bretagne<\/a><\/p>\n<\/div>\n<\/div>\n<h3>Kanu und Kajak<\/h3>\n<div class=\"row\">\n<div class=\"col-lg-4\"><img src=\"https:\/\/vacances-seasonova.com\/wp-content\/uploads\/2017\/08\/clecy-suissenormande-orne-canoe-nautisme-CALVADOS-TOURISME.png\" \/><\/div>\n<div class=\"col-lg-8\">\n<p>Entdecken Sie die Clubs, die einen Kanu- und Kajakverleih und\/oder eine Touren anbieten. . In der Suisse normande, im Vall\u00e9e de l&#8217;Eure, an der littoral de la Manche, eine andere Art, sch\u00f6ne Landschaften zu entdecken.<\/p>\n<p><em><strong>Mehr lesen :<\/strong><\/em>\u00a0<a href=\"https:\/\/www.normandie-tourisme.fr\/sports-et-loisirs\/sports-deau-et-de-voile%7Caviron-kayak~~~~~\/offres-10-1.html\">Les clubs de cano\u00eb kayak en Normandie<\/a><\/p>\n<\/div>\n<\/div>\n<h3>Wanderungen und Spazierg\u00e4nge<\/h3>\n<div class=\"row\">\n<div class=\"col-lg-4\"><img src=\"https:\/\/vacances-seasonova.com\/wp-content\/uploads\/2017\/08\/randonnee.png\" \/><\/div>\n<div class=\"col-lg-8\">\n<p>Das gro\u00dfe Netz von Wanderwegen, mehr als 3.000 km GR (Fernwanderwege), erm\u00f6glicht es Ihnen, die verschiedenen Umgebungen zu entdecken. Hier sind einige M\u00f6glichkeiten, die Region auf aktive Weise zu erkunden.<\/p>\n<p><em><strong>Mehr lesen:<\/strong><\/em>\u00a0<a href=\"https:\/\/www.normandie-tourisme.fr\/a-voir-a-faire\/sports-et-loisirs\/randonnees-474-1.html\" target=\"_blanc\" rel=\"noopener noreferrer\">Randonn\u00e9es et balades en Normandie<\/a><\/p>\n<\/div>\n<\/div>\n<p><\/p>","protected":false},"excerpt":{"rendered":"<p>Feiertage sind auch eine Zeit, in der man sich austoben kann! Kanufahren, Reiten, sportliche Aktivit\u00e4ten f\u00fcr die ganze Familie &#8211; es gibt nichts Besseres, als einen Aufenthalt auf einem Natursport-Campingplatz zu [&#8230;]<\/p>\n","protected":false},"author":2,"featured_media":3892,"parent":0,"menu_order":0,"comment_status":"closed","ping_status":"closed","template":"","meta":[],"yoast_head":"<!-- This site is optimized with the Yoast SEO plugin v18.1 - https:\/\/yoast.com\/wordpress\/plugins\/seo\/ -->\n<meta name=\"robots\" content=\"index, follow, max-snippet:-1, max-image-preview:large, max-video-preview:-1\" \/>\n<link rel=\"canonical\" href=\"https:\/\/vacances-seasonova.com\/de\/sport-nature\/\" \/>\n<meta property=\"og:locale\" content=\"de_DE\" \/>\n<meta property=\"og:type\" content=\"article\" \/>\n<meta property=\"og:title\" content=\"Sport &#038; Nature - Seasonova\" \/>\n<meta property=\"og:description\" content=\"Feiertage sind auch eine Zeit, in der man sich austoben kann! Kanufahren, Reiten, sportliche Aktivit\u00e4ten f\u00fcr die ganze Familie &#8211; es gibt nichts Besseres, als einen Aufenthalt auf einem Natursport-Campingplatz zu [...]\" \/>\n<meta property=\"og:url\" content=\"https:\/\/vacances-seasonova.com\/en\/sport-nature\/\" \/>\n<meta property=\"og:site_name\" content=\"Seasonova\" \/>\n<meta property=\"article:modified_time\" content=\"2021-10-05T13:53:09+00:00\" \/>\n<meta property=\"og:image\" content=\"https:\/\/vacances-seasonova.com\/wp-content\/uploads\/2017\/08\/clecy-suissenormande-orne-canoe-nautisme-personnage081011-CALVADOS-TOURISME-libre.jpg\" \/>\n\t<meta property=\"og:image:width\" content=\"2448\" \/>\n\t<meta property=\"og:image:height\" content=\"767\" \/>\n\t<meta property=\"og:image:type\" content=\"image\/jpeg\" \/>\n<meta name=\"twitter:card\" content=\"summary\" \/>\n<meta name=\"twitter:label1\" content=\"Gesch\u00e4tzte Lesezeit\" \/>\n\t<meta name=\"twitter:data1\" content=\"3 Minuten\" \/>\n<script type=\"application\/ld+json\" class=\"yoast-schema-graph\">{\"@context\":\"https:\/\/schema.org\",\"@graph\":[{\"@type\":\"WebSite\",\"@id\":\"https:\/\/vacances-seasonova.com\/fr\/#website\",\"url\":\"https:\/\/vacances-seasonova.com\/fr\/\",\"name\":\"Seasonova\",\"description\":\"\",\"potentialAction\":[{\"@type\":\"SearchAction\",\"target\":{\"@type\":\"EntryPoint\",\"urlTemplate\":\"https:\/\/vacances-seasonova.com\/fr\/?s={search_term_string}\"},\"query-input\":\"required name=search_term_string\"}],\"inLanguage\":\"de-DE\"},{\"@type\":\"ImageObject\",\"@id\":\"https:\/\/vacances-seasonova.com\/en\/sport-nature\/#primaryimage\",\"inLanguage\":\"de-DE\",\"url\":\"https:\/\/vacances-seasonova.com\/wp-content\/uploads\/2017\/08\/clecy-suissenormande-orne-canoe-nautisme-personnage081011-CALVADOS-TOURISME-libre.jpg\",\"contentUrl\":\"https:\/\/vacances-seasonova.com\/wp-content\/uploads\/2017\/08\/clecy-suissenormande-orne-canoe-nautisme-personnage081011-CALVADOS-TOURISME-libre.jpg\",\"width\":2448,\"height\":767,\"caption\":\"clecy-suissenormande-orne-canoe-nautisme-personnage081011-CALVADOS-TOURISME-libre\"},{\"@type\":\"WebPage\",\"@id\":\"https:\/\/vacances-seasonova.com\/en\/sport-nature\/#webpage\",\"url\":\"https:\/\/vacances-seasonova.com\/en\/sport-nature\/\",\"name\":\"Sport &#038; Nature - Seasonova\",\"isPartOf\":{\"@id\":\"https:\/\/vacances-seasonova.com\/fr\/#website\"},\"primaryImageOfPage\":{\"@id\":\"https:\/\/vacances-seasonova.com\/en\/sport-nature\/#primaryimage\"},\"datePublished\":\"2017-08-14T15:15:38+00:00\",\"dateModified\":\"2021-10-05T13:53:09+00:00\",\"breadcrumb\":{\"@id\":\"https:\/\/vacances-seasonova.com\/en\/sport-nature\/#breadcrumb\"},\"inLanguage\":\"de-DE\",\"potentialAction\":[{\"@type\":\"ReadAction\",\"target\":[\"https:\/\/vacances-seasonova.com\/en\/sport-nature\/\"]}]},{\"@type\":\"BreadcrumbList\",\"@id\":\"https:\/\/vacances-seasonova.com\/en\/sport-nature\/#breadcrumb\",\"itemListElement\":[{\"@type\":\"ListItem\",\"position\":1,\"name\":\"Accueil\",\"item\":\"https:\/\/vacances-seasonova.com\/nl\/\"},{\"@type\":\"ListItem\",\"position\":2,\"name\":\"Sport &#038; Nature\"}]}]}<\/script>\n<!-- \/ Yoast SEO plugin. -->","yoast_head_json":{"robots":{"index":"index","follow":"follow","max-snippet":"max-snippet:-1","max-image-preview":"max-image-preview:large","max-video-preview":"max-video-preview:-1"},"canonical":"https:\/\/vacances-seasonova.com\/de\/sport-nature\/","og_locale":"de_DE","og_type":"article","og_title":"Sport &#038; Nature - Seasonova","og_description":"Feiertage sind auch eine Zeit, in der man sich austoben kann! Kanufahren, Reiten, sportliche Aktivit\u00e4ten f\u00fcr die ganze Familie &#8211; es gibt nichts Besseres, als einen Aufenthalt auf einem Natursport-Campingplatz zu [...]","og_url":"https:\/\/vacances-seasonova.com\/en\/sport-nature\/","og_site_name":"Seasonova","article_modified_time":"2021-10-05T13:53:09+00:00","og_image":[{"width":2448,"height":767,"url":"https:\/\/vacances-seasonova.com\/wp-content\/uploads\/2017\/08\/clecy-suissenormande-orne-canoe-nautisme-personnage081011-CALVADOS-TOURISME-libre.jpg","type":"image\/jpeg"}],"twitter_card":"summary","twitter_misc":{"Gesch\u00e4tzte Lesezeit":"3 Minuten"},"schema":{"@context":"https:\/\/schema.org","@graph":[{"@type":"WebSite","@id":"https:\/\/vacances-seasonova.com\/fr\/#website","url":"https:\/\/vacances-seasonova.com\/fr\/","name":"Seasonova","description":"","potentialAction":[{"@type":"SearchAction","target":{"@type":"EntryPoint","urlTemplate":"https:\/\/vacances-seasonova.com\/fr\/?s={search_term_string}"},"query-input":"required name=search_term_string"}],"inLanguage":"de-DE"},{"@type":"ImageObject","@id":"https:\/\/vacances-seasonova.com\/en\/sport-nature\/#primaryimage","inLanguage":"de-DE","url":"https:\/\/vacances-seasonova.com\/wp-content\/uploads\/2017\/08\/clecy-suissenormande-orne-canoe-nautisme-personnage081011-CALVADOS-TOURISME-libre.jpg","contentUrl":"https:\/\/vacances-seasonova.com\/wp-content\/uploads\/2017\/08\/clecy-suissenormande-orne-canoe-nautisme-personnage081011-CALVADOS-TOURISME-libre.jpg","width":2448,"height":767,"caption":"clecy-suissenormande-orne-canoe-nautisme-personnage081011-CALVADOS-TOURISME-libre"},{"@type":"WebPage","@id":"https:\/\/vacances-seasonova.com\/en\/sport-nature\/#webpage","url":"https:\/\/vacances-seasonova.com\/en\/sport-nature\/","name":"Sport &#038; Nature - Seasonova","isPartOf":{"@id":"https:\/\/vacances-seasonova.com\/fr\/#website"},"primaryImageOfPage":{"@id":"https:\/\/vacances-seasonova.com\/en\/sport-nature\/#primaryimage"},"datePublished":"2017-08-14T15:15:38+00:00","dateModified":"2021-10-05T13:53:09+00:00","breadcrumb":{"@id":"https:\/\/vacances-seasonova.com\/en\/sport-nature\/#breadcrumb"},"inLanguage":"de-DE","potentialAction":[{"@type":"ReadAction","target":["https:\/\/vacances-seasonova.com\/en\/sport-nature\/"]}]},{"@type":"BreadcrumbList","@id":"https:\/\/vacances-seasonova.com\/en\/sport-nature\/#breadcrumb","itemListElement":[{"@type":"ListItem","position":1,"name":"Accueil","item":"https:\/\/vacances-seasonova.com\/nl\/"},{"@type":"ListItem","position":2,"name":"Sport &#038; Nature"}]}]}},"_links":{"self":[{"href":"https:\/\/vacances-seasonova.com\/de\/wp-json\/wp\/v2\/pages\/3905"}],"collection":[{"href":"https:\/\/vacances-seasonova.com\/de\/wp-json\/wp\/v2\/pages"}],"about":[{"href":"https:\/\/vacances-seasonova.com\/de\/wp-json\/wp\/v2\/types\/page"}],"author":[{"embeddable":true,"href":"https:\/\/vacances-seasonova.com\/de\/wp-json\/wp\/v2\/users\/2"}],"replies":[{"embeddable":true,"href":"https:\/\/vacances-seasonova.com\/de\/wp-json\/wp\/v2\/comments?post=3905"}],"version-history":[{"count":0,"href":"https:\/\/vacances-seasonova.com\/de\/wp-json\/wp\/v2\/pages\/3905\/revisions"}],"wp:featuredmedia":[{"embeddable":true,"href":"https:\/\/vacances-seasonova.com\/de\/wp-json\/wp\/v2\/media\/3892"}],"wp:attachment":[{"href":"https:\/\/vacances-seasonova.com\/de\/wp-json\/wp\/v2\/media?parent=3905"}],"curies":[{"name":"wp","href":"https:\/\/api.w.org\/{rel}","templated":true}]}}