    {"id":3944,"date":"2017-08-22T11:07:03","date_gmt":"2017-08-22T09:07:03","guid":{"rendered":"http:\/\/vacances-seasonova.com\/?page_id=3944"},"modified":"2025-08-28T15:16:41","modified_gmt":"2025-08-28T13:16:41","slug":"location-chalet-saint-sorlin-2","status":"publish","type":"page","link":"https:\/\/vacances-seasonova.com\/de\/ferienunterkuenfte-in-frankreich\/chalets-in-den-bergen\/","title":{"rendered":"Our Mountain Chalet"},"content":{"rendered":"<p><\/p>\n<p style=\"text-align: center;\">Mit Blick auf die Aiguilles d&#8217;Arves, am Fu\u00dfe des Etendard-Gletschers und des Col de la Croix de Fer, ist Saint Sorlin d&#8217;Arves ein Dorfresort im Herzen des Hochgebirges. Typisch savoyardisch mit seinen 14 Weilern, die sich \u00fcber 3 km verteilen, seiner Barockkirche, seinen Kapellen, seinen Bauernh\u00f6fen, seinen Spezialit\u00e4ten, ist Saint Sorlin ein einfacher und authentischer Ort zum Verweilen. Genie\u00dfen Sie im Winter sowohl eine d\u00f6rfliche Atmosph\u00e4re als auch ein au\u00dfergew\u00f6hnliches Skigebiet und im Sommer alle erholsamen Bergaktivit\u00e4ten.<\/p>\n<ul>\n<li>Volles Chalet au\u00dferhalb der Schulzeit: 1800,00\u20ac und 3200\u20ac in der Hochsaison<\/li>\n<\/ul>\n<ul>\n<li>Kostenloser Shuttle zum Zentrum von St Sorlin d&#8217;Arves (neben St Jean Maurienne).<\/li>\n<li>Supermarkt in 30 Minuten<\/li>\n<li>Stadtzentrum in 10 min zu Fu\u00df (Apotheke, B\u00e4ckerei, K\u00e4seladen, Bowling, Kino, Restaurants&#8230;)<\/li>\n<li>Tour de France Etappendorf<\/li>\n<li>Aktivit\u00e4ten: Schneeschuhwandern, Skifahren\/Snowboarden, Wandern, Gleitschirmfliegen, Skikurse, Hundeschlittenfahren&#8230;. Skigebiet Les Sybelles<\/li>\n<li><a href=\"https:\/\/www.saintsorlindarves.com\/fr\/index-ete.aspx\">Fremdenverkehrsb\u00fcro St. Sorlin<\/a><\/li>\n<\/ul>\n<ul>\n<li>Ski\/ Snowboard<\/li>\n<li>Gleitschirmfliegen<\/li>\n<li>Skikurse<\/li>\n<li>Schlittenhunde&#8230;<\/li>\n<li>Mehr Infos unter: Office du tourisme de St Sorlin<\/li>\n<\/ul>\n<h2>Reservierung unter +33 (0)236810001 oder \u00fcber contact@vacances-seasonova.com<\/h2>\n<p><\/p>","protected":false},"excerpt":{"rendered":"<p>Mit Blick auf die Aiguilles d&#8217;Arves, am Fu\u00dfe des Etendard-Gletschers und des Col de la Croix de Fer, ist Saint Sorlin d&#8217;Arves ein Dorfresort im Herzen des Hochgebirges. Typisch savoyardisch mit seinen 14 [&#8230;]<\/p>\n","protected":false},"author":2,"featured_media":20726,"parent":61,"menu_order":0,"comment_status":"closed","ping_status":"closed","template":"template-alternance-text-image.php","meta":[],"yoast_head":"<!-- This site is optimized with the Yoast SEO plugin v18.1 - https:\/\/yoast.com\/wordpress\/plugins\/seo\/ -->\n<meta name=\"robots\" content=\"index, follow, max-snippet:-1, max-image-preview:large, max-video-preview:-1\" \/>\n<link rel=\"canonical\" href=\"https:\/\/vacances-seasonova.com\/de\/vakantiewoningen-in-frankrijk\/location-chalet-saint-sorlin\/\" \/>\n<meta property=\"og:locale\" content=\"de_DE\" \/>\n<meta property=\"og:type\" content=\"article\" \/>\n<meta property=\"og:title\" content=\"Unser Chalet in den Bergen - Seasonova\" \/>\n<meta property=\"og:description\" content=\"Mit Blick auf die Aiguilles d&#8217;Arves, am Fu\u00dfe des Etendard-Gletschers und des Col de la Croix de Fer, ist Saint Sorlin d&#8217;Arves ein Dorfresort im Herzen des Hochgebirges. Typisch savoyardisch mit seinen 14 [...]\" \/>\n<meta property=\"og:url\" content=\"https:\/\/vacances-seasonova.com\/nl\/vakantiewoningen-in-frankrijk\/location-chalet-saint-sorlin\/\" \/>\n<meta property=\"og:site_name\" content=\"Seasonova\" \/>\n<meta property=\"article:modified_time\" content=\"2025-08-28T13:16:41+00:00\" \/>\n<meta property=\"og:image\" content=\"https:\/\/vacances-seasonova.com\/wp-content\/uploads\/2021\/02\/img_6754-600x450.jpg\" \/>\n\t<meta property=\"og:image:width\" content=\"600\" \/>\n\t<meta property=\"og:image:height\" content=\"450\" \/>\n\t<meta property=\"og:image:type\" content=\"image\/jpeg\" \/>\n<meta name=\"twitter:card\" content=\"summary\" \/>\n<meta name=\"twitter:label1\" content=\"Gesch\u00e4tzte Lesezeit\" \/>\n\t<meta name=\"twitter:data1\" content=\"2 Minuten\" \/>\n<script type=\"application\/ld+json\" class=\"yoast-schema-graph\">{\"@context\":\"https:\/\/schema.org\",\"@graph\":[{\"@type\":\"WebSite\",\"@id\":\"https:\/\/vacances-seasonova.com\/fr\/#website\",\"url\":\"https:\/\/vacances-seasonova.com\/fr\/\",\"name\":\"Seasonova\",\"description\":\"\",\"potentialAction\":[{\"@type\":\"SearchAction\",\"target\":{\"@type\":\"EntryPoint\",\"urlTemplate\":\"https:\/\/vacances-seasonova.com\/fr\/?s={search_term_string}\"},\"query-input\":\"required name=search_term_string\"}],\"inLanguage\":\"de-DE\"},{\"@type\":\"ImageObject\",\"@id\":\"https:\/\/vacances-seasonova.com\/nl\/vakantiewoningen-in-frankrijk\/location-chalet-saint-sorlin\/#primaryimage\",\"inLanguage\":\"de-DE\",\"url\":\"https:\/\/vacances-seasonova.com\/wp-content\/uploads\/2021\/02\/img_6754.jpg\",\"contentUrl\":\"https:\/\/vacances-seasonova.com\/wp-content\/uploads\/2021\/02\/img_6754.jpg\",\"width\":4032,\"height\":3024},{\"@type\":\"WebPage\",\"@id\":\"https:\/\/vacances-seasonova.com\/nl\/vakantiewoningen-in-frankrijk\/location-chalet-saint-sorlin\/#webpage\",\"url\":\"https:\/\/vacances-seasonova.com\/nl\/vakantiewoningen-in-frankrijk\/location-chalet-saint-sorlin\/\",\"name\":\"Unser Chalet in den Bergen - Seasonova\",\"isPartOf\":{\"@id\":\"https:\/\/vacances-seasonova.com\/fr\/#website\"},\"primaryImageOfPage\":{\"@id\":\"https:\/\/vacances-seasonova.com\/nl\/vakantiewoningen-in-frankrijk\/location-chalet-saint-sorlin\/#primaryimage\"},\"datePublished\":\"2017-08-22T09:07:03+00:00\",\"dateModified\":\"2025-08-28T13:16:41+00:00\",\"breadcrumb\":{\"@id\":\"https:\/\/vacances-seasonova.com\/nl\/vakantiewoningen-in-frankrijk\/location-chalet-saint-sorlin\/#breadcrumb\"},\"inLanguage\":\"de-DE\",\"potentialAction\":[{\"@type\":\"ReadAction\",\"target\":[\"https:\/\/vacances-seasonova.com\/nl\/vakantiewoningen-in-frankrijk\/location-chalet-saint-sorlin\/\"]}]},{\"@type\":\"BreadcrumbList\",\"@id\":\"https:\/\/vacances-seasonova.com\/nl\/vakantiewoningen-in-frankrijk\/location-chalet-saint-sorlin\/#breadcrumb\",\"itemListElement\":[{\"@type\":\"ListItem\",\"position\":1,\"name\":\"Accueil\",\"item\":\"https:\/\/vacances-seasonova.com\/nl\/\"},{\"@type\":\"ListItem\",\"position\":2,\"name\":\"Locations de vacances\",\"item\":\"https:\/\/vacances-seasonova.com\/nl\/vakantiewoningen-in-frankrijk\/\"},{\"@type\":\"ListItem\",\"position\":3,\"name\":\"Our Mountain Chalet\"}]}]}<\/script>\n<!-- \/ Yoast SEO plugin. -->","yoast_head_json":{"robots":{"index":"index","follow":"follow","max-snippet":"max-snippet:-1","max-image-preview":"max-image-preview:large","max-video-preview":"max-video-preview:-1"},"canonical":"https:\/\/vacances-seasonova.com\/de\/vakantiewoningen-in-frankrijk\/location-chalet-saint-sorlin\/","og_locale":"de_DE","og_type":"article","og_title":"Unser Chalet in den Bergen - Seasonova","og_description":"Mit Blick auf die Aiguilles d&#8217;Arves, am Fu\u00dfe des Etendard-Gletschers und des Col de la Croix de Fer, ist Saint Sorlin d&#8217;Arves ein Dorfresort im Herzen des Hochgebirges. Typisch savoyardisch mit seinen 14 [...]","og_url":"https:\/\/vacances-seasonova.com\/nl\/vakantiewoningen-in-frankrijk\/location-chalet-saint-sorlin\/","og_site_name":"Seasonova","article_modified_time":"2025-08-28T13:16:41+00:00","og_image":[{"width":600,"height":450,"url":"https:\/\/vacances-seasonova.com\/wp-content\/uploads\/2021\/02\/img_6754-600x450.jpg","type":"image\/jpeg"}],"twitter_card":"summary","twitter_misc":{"Gesch\u00e4tzte Lesezeit":"2 Minuten"},"schema":{"@context":"https:\/\/schema.org","@graph":[{"@type":"WebSite","@id":"https:\/\/vacances-seasonova.com\/fr\/#website","url":"https:\/\/vacances-seasonova.com\/fr\/","name":"Seasonova","description":"","potentialAction":[{"@type":"SearchAction","target":{"@type":"EntryPoint","urlTemplate":"https:\/\/vacances-seasonova.com\/fr\/?s={search_term_string}"},"query-input":"required name=search_term_string"}],"inLanguage":"de-DE"},{"@type":"ImageObject","@id":"https:\/\/vacances-seasonova.com\/nl\/vakantiewoningen-in-frankrijk\/location-chalet-saint-sorlin\/#primaryimage","inLanguage":"de-DE","url":"https:\/\/vacances-seasonova.com\/wp-content\/uploads\/2021\/02\/img_6754.jpg","contentUrl":"https:\/\/vacances-seasonova.com\/wp-content\/uploads\/2021\/02\/img_6754.jpg","width":4032,"height":3024},{"@type":"WebPage","@id":"https:\/\/vacances-seasonova.com\/nl\/vakantiewoningen-in-frankrijk\/location-chalet-saint-sorlin\/#webpage","url":"https:\/\/vacances-seasonova.com\/nl\/vakantiewoningen-in-frankrijk\/location-chalet-saint-sorlin\/","name":"Unser Chalet in den Bergen - Seasonova","isPartOf":{"@id":"https:\/\/vacances-seasonova.com\/fr\/#website"},"primaryImageOfPage":{"@id":"https:\/\/vacances-seasonova.com\/nl\/vakantiewoningen-in-frankrijk\/location-chalet-saint-sorlin\/#primaryimage"},"datePublished":"2017-08-22T09:07:03+00:00","dateModified":"2025-08-28T13:16:41+00:00","breadcrumb":{"@id":"https:\/\/vacances-seasonova.com\/nl\/vakantiewoningen-in-frankrijk\/location-chalet-saint-sorlin\/#breadcrumb"},"inLanguage":"de-DE","potentialAction":[{"@type":"ReadAction","target":["https:\/\/vacances-seasonova.com\/nl\/vakantiewoningen-in-frankrijk\/location-chalet-saint-sorlin\/"]}]},{"@type":"BreadcrumbList","@id":"https:\/\/vacances-seasonova.com\/nl\/vakantiewoningen-in-frankrijk\/location-chalet-saint-sorlin\/#breadcrumb","itemListElement":[{"@type":"ListItem","position":1,"name":"Accueil","item":"https:\/\/vacances-seasonova.com\/nl\/"},{"@type":"ListItem","position":2,"name":"Locations de vacances","item":"https:\/\/vacances-seasonova.com\/nl\/vakantiewoningen-in-frankrijk\/"},{"@type":"ListItem","position":3,"name":"Our Mountain Chalet"}]}]}},"_links":{"self":[{"href":"https:\/\/vacances-seasonova.com\/de\/wp-json\/wp\/v2\/pages\/3944"}],"collection":[{"href":"https:\/\/vacances-seasonova.com\/de\/wp-json\/wp\/v2\/pages"}],"about":[{"href":"https:\/\/vacances-seasonova.com\/de\/wp-json\/wp\/v2\/types\/page"}],"author":[{"embeddable":true,"href":"https:\/\/vacances-seasonova.com\/de\/wp-json\/wp\/v2\/users\/2"}],"replies":[{"embeddable":true,"href":"https:\/\/vacances-seasonova.com\/de\/wp-json\/wp\/v2\/comments?post=3944"}],"version-history":[{"count":13,"href":"https:\/\/vacances-seasonova.com\/de\/wp-json\/wp\/v2\/pages\/3944\/revisions"}],"predecessor-version":[{"id":51744,"href":"https:\/\/vacances-seasonova.com\/de\/wp-json\/wp\/v2\/pages\/3944\/revisions\/51744"}],"up":[{"embeddable":true,"href":"https:\/\/vacances-seasonova.com\/de\/wp-json\/wp\/v2\/pages\/61"}],"wp:featuredmedia":[{"embeddable":true,"href":"https:\/\/vacances-seasonova.com\/de\/wp-json\/wp\/v2\/media\/20726"}],"wp:attachment":[{"href":"https:\/\/vacances-seasonova.com\/de\/wp-json\/wp\/v2\/media?parent=3944"}],"curies":[{"name":"wp","href":"https:\/\/api.w.org\/{rel}","templated":true}]}}