    {"id":4166,"date":"2017-09-26T16:19:37","date_gmt":"2017-09-26T15:19:37","guid":{"rendered":"http:\/\/vacances-seasonova.com\/?page_id=4166"},"modified":"2025-11-20T12:24:29","modified_gmt":"2025-11-20T11:24:29","slug":"offre-demploi-camping-seasonova","status":"publish","type":"page","link":"https:\/\/vacances-seasonova.com\/de\/seasonova-stellenangebote\/stellenangebote-von-seasonova\/","title":{"rendered":"Offres d\u2019emploi camping Seasonova"},"content":{"rendered":"<p><img loading=\"lazy\" class=\"alignleft wp-image-4615 size-full\" title=\"recrutement seasonova, offre d'emploi camping Seasonova\" src=\"https:\/\/vacances-seasonova.com\/wp-content\/uploads\/2017\/09\/responsable-camping-seasonova.png\" alt=\"recrutement seasonova, seasonova recherche des responsables de camping, offre d'emploi camping Seasonova\" width=\"255\" height=\"227\" \/><\/p>\n<p style=\"text-align: left;\"><strong><br \/>\nTreten Sie einem schnell wachsenden Unternehmen bei<br \/>\n<\/strong><\/p>\n<p>Wir suchen derzeit Platzverwalter f\u00fcr unsere Campingpl\u00e4tze in der Normandie, Ile de R\u00e9 und Pays de la Loire&#8230;einen Koch in der Bretagne, Kinderanimateure, Wartungspersonal&#8230;<\/p>\n<p>Wir freuen uns auf Ihren Lebenslauf und Ihr Bewerbungsschreiben an die folgende Adresse::<br \/>\n<strong><a href=\"mailto:recrutement@groupe-seasonova.com\">recrutement@groupe-seasonova.com<\/a><\/strong><\/p>\n<h2>Zuk\u00fcnftiger Standortleiter<\/h2>\n<p><strong>Die Rolle der Manager von Camping SEASONOVA<\/strong><\/p>\n<p><strong>Unsere G\u00e4steerlebnis-Manager<\/strong><\/p>\n<p>Auf den SEASONOVA-Campingpl\u00e4tzen ist die Rolle des Leitungsehepaares essentiell. Obwohl die technische Dimension wichtig ist, bringen ihre Verhaltensf\u00e4higkeiten auch einen Mehrwert f\u00fcr das Wohlbefinden des Kunden.<\/p>\n<p>Die Vielseitigkeit der Teams innerhalb unserer Campingpl\u00e4tze ist ein Engagement, das die Kundenerfahrung um eine menschliche und famili\u00e4re Dimension verbessert.<\/p>\n<p>Um sich den Kunden vor Ort voll und ganz widmen zu k\u00f6nnen, kann jedes Team auf die Unterst\u00fctzungsfunktionen der SEASONOVA Holding zur\u00fcckgreifen (Marketing &#8211; Buchhaltung &#8211; Sammelbestellungen&#8230;)<\/p>\n<p>Ouistreham (14)<br \/>\nVollzeit<\/p>\n<p>Job Beschreibung<\/p>\n<p><strong>Tr\u00e4umen Sie davon, einen Campingplatz zu leiten?<\/strong><\/p>\n<p>Die Seasonova-Gruppe, die sich in voller Entwicklung befindet, besteht derzeit aus 11 Campingpl\u00e4tzen. Um das Wachstum in 2019 zu unterst\u00fctzen, sucht das Unternehmen nun seine zuk\u00fcnftigen Standortleiter.<\/p>\n<p>Wir bieten Ihnen die M\u00f6glichkeit, im Februar 2019 f\u00fcr einen Zeitraum von einem Monat an einem unserer Standorte als Multi-Skill-Agent einzusteigen. Sie lernen durch Ihre Mitarbeit das bestehende Team, unsere Unternehmenskultur, unsere Positionierung und unsere Arbeitsweise kennen, bevor Sie sich ab M\u00e4rz 2019 eine Position als Bauleiter o.\u00e4. vorstellen k\u00f6nnen<\/p>\n<p><strong>Verwaltung des Empfangs und der Kundenbeziehungen<\/strong><br \/>\nTouristische Informationen &#8211; Informationen &#8211; Begleitung &#8211; Inventar der Einrichtungsgegenst\u00e4nde&#8230;<\/p>\n<p><strong>Verwaltung von Reservierungen und Planung &#8211; Inkasso &#8211; Rechnungsstellung&#8230;<\/strong><\/p>\n<p><strong>Operatives Management<\/strong><br \/>\nMietverwaltung &#8211; Reinigung &#8211; pr\u00e4ventive und kurative Wartung<\/p>\n<p>Pflege der sanit\u00e4ren Anlagen und Gr\u00fcnfl\u00e4chen &#8211; Schwimmbad &#8211; allgemeine Sauberkeit des Gel\u00e4ndes<\/p>\n<p>Verschiedene Wartungen und Reparaturen<\/p>\n<p><strong>Qualit\u00e4tsmanagement und Kundenzufriedenheit<\/strong><br \/>\nAnwendung des Qualit\u00e4tsreferenzsystems &#8211; Seasonova &#8211; Durchf\u00fchrung und Nachverfolgung von Korrekturma\u00dfnahmen<\/p>\n<p>Teilnahme an Verbesserungsarbeiten&#8230;<\/p>\n<p>Steckbrief: Englisch erforderlich, Deutsch erw\u00fcnscht &#8211; Beziehungsf\u00e4higkeit und Interesse an der Kundenzufriedenheit &#8211; Sorgfalt, Selbstst\u00e4ndigkeit und Organisationstalent erforderlich &#8211; Teamf\u00e4higkeit &#8211; Anerkannte technische F\u00e4higkeiten.<\/p>\n<p>BEDINGUNGEN: Befristeter Vertrag von 1 Monat 35H zum n\u00e4chstm\u00f6glichen Zeitpunkt zu besetzen &#8211; SMIC &#8211; M\u00f6glichkeit der Unterbringung<\/p>\n<p>KANDIDATEN:<\/p>\n<p>Senden Sie CV und Anschreiben per E-Mail: recruitment[@]groupe-seasonova.com<\/p>\n<p><strong>Campingplatz Manager<\/strong><\/p>\n<p>Les Portes-en-R\u00e9<br \/>\nSill\u00e9 Le Guillaume<br \/>\nOuistreham Riva Bella<\/p>\n<p>Vollzeit<\/p>\n<p><strong>DIE AUFGABEN<\/strong><\/p>\n<p>Die Seasonova-Gruppe besteht derzeit aus 10 Campingpl\u00e4tzen und hat seit ihrer Gr\u00fcndung im Jahr 2011 ein kontinuierliches Wachstum erlebt. Als Teil seiner Entwicklung ist es auf der Suche nach neuen Talenten.<\/p>\n<p>Sie betreuen einen unserer Campingpl\u00e4tze, allein mit einem Assistenten oder als Paar. Sie sind verantwortlich f\u00fcr das t\u00e4gliche Management des Standorts, die Instandhaltung seiner Einrichtungen und sind f\u00fcr die \u00dcberwachung der Standards und der Kundenzufriedenheit zust\u00e4ndig. Sie sorgen f\u00fcr die perfekte Integration der Seite in das Seasonova-Angebot, indem Sie die Qualit\u00e4t der Dienste verbessern. Sie beteiligen sich an der Definition und Einhaltung von Budgets.<\/p>\n<p>Sie werden verantwortlich sein f\u00fcr<\/p>\n<p>Kundenbeziehungsmanagement &#8211; Rezeption &#8211; Dienstleistungen und Zufriedenheit<br \/>\nT\u00e4gliche Finanzverwaltung.<br \/>\nVorbeugende und kurative Wartung von Ger\u00e4ten, Geb\u00e4uden und Gr\u00fcnanlagen<br \/>\nDie kommerzielle Entwicklung des Campingplatzes<br \/>\nDie Entwicklung von Dienstleistungen<br \/>\nDie qualitative und normative Nachverfolgung der Dienste und Installationen<br \/>\nUnternehmungslustig, mutig und strukturiert, mit Verantwortungsbewusstsein leiten Sie Ihren Standort nach den Richtlinien der Gesch\u00e4ftsleitung und mit Unterst\u00fctzung der verschiedenen Abteilungen der Seasonova-Gruppe. Sie sind der Hauptkontakt zu unseren Kunden, Lieferanten und lokalen Partnern.<\/p>\n<p><strong>STECKBRIEF: :<\/strong><\/p>\n<p>Sie haben eine \u00e4hnliche operative Erfahrung in einem Hotel oder einer anderen touristischen Struktur. Sie sprechen flie\u00dfend Englisch und stellen die Kundenzufriedenheit in den Vordergrund. Sie m\u00f6gen Herausforderungen und wollen in eine Struktur investieren, um sich zu entwickeln und der Hauptakteur zu sein. Sie sind verf\u00fcgbar und dynamisch und verstehen es, Flexibilit\u00e4t und Vielseitigkeit zu zeigen<\/p>\n<p><strong>BEDINGUNGEN:<\/strong><\/p>\n<p>9 bis 10 Monate saisonal befristeter Vertrag, untergebracht vor Ort, zu besetzen ab Januar 2020, je nach Standort<\/p>\n<p>Festgehalt + variabel nach Boni auf Ziele (Etikettierung, Einhaltung von Budgets, Umsatz&#8230;)<\/p>\n<p>Art der Besch\u00e4ftigung: Befristeter Vertrag, der in einen unbefristeten Vertrag \u00fcbergeht<\/p>\n<p>ANWENDUNGEN:<\/p>\n<p>Senden Sie CV und Anschreiben per E-Mail: recruitment[@]groupe-seasonova.com<\/p>\n<p>Mehrzweck-Wartungsmittel<\/p>\n<p><strong>DIE AUFGABEN<\/strong><\/p>\n<p>Die Seasonova-Gruppe besteht derzeit aus 10 Campingpl\u00e4tzen und hat seit ihrer Gr\u00fcndung im Jahr 2012 ein kontinuierliches Wachstum erlebt. Als Teil seiner Entwicklung ist es auf der Suche nach neuen Talenten.<\/p>\n<p>F\u00fcr seine Campingpl\u00e4tze in der Basse-Normandie suchen wir vielseitig ausgebildete Instandhalter, die Folgendes sicherstellen<\/p>\n<p>Vorbeugende und kurative Wartung von Ger\u00e4ten und Geb\u00e4uden<br \/>\nDie verschiedenen Installationen (Mobile Homes Installationen, kleine Maurerarbeiten, Malerarbeiten&#8230;)<br \/>\nDie allgemeine Sauberkeit des Platzes (Sanit\u00e4ranlagen, Gemeinschaftsbereiche, Geb\u00e4ude, Fassaden der Unterk\u00fcnfte und Gassen des Campingplatzes)<br \/>\nPflege der Gr\u00fcnfl\u00e4chen (Landschaftsbau, Pflege der Blumenbeete, M\u00e4hen, Heckenschneiden, Beseitigung des Unterholzes&#8230;)<br \/>\nWartung des Schwimmbads und des Wellness-Bereichs, Gew\u00e4hrleistung der Einhaltung von Gesundheits- und Sicherheitsstandards<\/p>\n<p><strong>STECKBRIEF: :<\/strong><\/p>\n<p>Sie haben \u00e4hnliche operative Erfahrungen in einem Hotel oder einer anderen touristischen Struktur. Sie sind selbstst\u00e4ndig, rigoros und haben einen tadellosen Sinn f\u00fcr Organisation. Sie sind detailorientiert und haben technisches Geschick in den Bereichen Klempnerarbeiten, Elektrizit\u00e4t, Maurerarbeiten, etc.<\/p>\n<p><strong>BEDINGUNGEN:<\/strong><\/p>\n<p>1 Monat CDD so schnell wie m\u00f6glich zur \u00dcberwinterung, dann saisonale CDD ab 1. M\u00e4rz 2020<\/p>\n<p>Gehalt je nach Erfahrung und F\u00e4higkeiten<\/p>\n<p><strong>ANWENDUNGEN:<\/strong><\/p>\n<p>Senden Sie CV und Anschreiben per E-Mail: recruitment[@]groupe-seasonova.com<\/p>","protected":false},"excerpt":{"rendered":"<p>Treten Sie einem schnell wachsenden Unternehmen bei Wir suchen derzeit Platzverwalter f\u00fcr unsere Campingpl\u00e4tze in der Normandie, Ile de R\u00e9 und Pays de la Loire&#8230;einen Koch in der Bretagne, Kinderanimateure, [&#8230;]<\/p>\n","protected":false},"author":2,"featured_media":22330,"parent":187,"menu_order":0,"comment_status":"closed","ping_status":"closed","template":"","meta":[],"yoast_head":"<!-- This site is optimized with the Yoast SEO plugin v18.1 - https:\/\/yoast.com\/wordpress\/plugins\/seo\/ -->\n<meta name=\"robots\" content=\"index, follow, max-snippet:-1, max-image-preview:large, max-video-preview:-1\" \/>\n<link rel=\"canonical\" href=\"https:\/\/vacances-seasonova.com\/de\/recrutement-seasonova\/offres-demploi-camping-seasonova\/\" \/>\n<meta property=\"og:locale\" content=\"de_DE\" \/>\n<meta property=\"og:type\" content=\"article\" \/>\n<meta property=\"og:title\" content=\"Offres d\u2019emploi camping Seasonova - Seasonova\" \/>\n<meta property=\"og:description\" content=\"Treten Sie einem schnell wachsenden Unternehmen bei Wir suchen derzeit Platzverwalter f\u00fcr unsere Campingpl\u00e4tze in der Normandie, Ile de R\u00e9 und Pays de la Loire&#8230;einen Koch in der Bretagne, Kinderanimateure, [...]\" \/>\n<meta property=\"og:url\" content=\"https:\/\/vacances-seasonova.com\/fr\/recrutement-seasonova\/offres-demploi-camping-seasonova\/\" \/>\n<meta property=\"og:site_name\" content=\"Seasonova\" \/>\n<meta property=\"article:modified_time\" content=\"2025-11-20T11:24:29+00:00\" \/>\n<meta property=\"og:image\" content=\"https:\/\/vacances-seasonova.com\/wp-content\/uploads\/2021\/04\/adobestock_287570095-675x450.jpeg\" \/>\n\t<meta property=\"og:image:width\" content=\"675\" \/>\n\t<meta property=\"og:image:height\" content=\"450\" \/>\n\t<meta property=\"og:image:type\" content=\"image\/jpeg\" \/>\n<meta name=\"twitter:card\" content=\"summary\" \/>\n<meta name=\"twitter:label1\" content=\"Gesch\u00e4tzte Lesezeit\" \/>\n\t<meta name=\"twitter:data1\" content=\"1 Minute\" \/>\n<script type=\"application\/ld+json\" class=\"yoast-schema-graph\">{\"@context\":\"https:\/\/schema.org\",\"@graph\":[{\"@type\":\"WebSite\",\"@id\":\"https:\/\/vacances-seasonova.com\/fr\/#website\",\"url\":\"https:\/\/vacances-seasonova.com\/fr\/\",\"name\":\"Seasonova\",\"description\":\"\",\"potentialAction\":[{\"@type\":\"SearchAction\",\"target\":{\"@type\":\"EntryPoint\",\"urlTemplate\":\"https:\/\/vacances-seasonova.com\/fr\/?s={search_term_string}\"},\"query-input\":\"required name=search_term_string\"}],\"inLanguage\":\"de-DE\"},{\"@type\":\"ImageObject\",\"@id\":\"https:\/\/vacances-seasonova.com\/fr\/recrutement-seasonova\/offres-demploi-camping-seasonova\/#primaryimage\",\"inLanguage\":\"de-DE\",\"url\":\"https:\/\/vacances-seasonova.com\/wp-content\/uploads\/2021\/04\/adobestock_287570095.jpeg\",\"contentUrl\":\"https:\/\/vacances-seasonova.com\/wp-content\/uploads\/2021\/04\/adobestock_287570095.jpeg\",\"width\":5964,\"height\":3978,\"caption\":\"Family checking-in at hotel reception desk\"},{\"@type\":\"WebPage\",\"@id\":\"https:\/\/vacances-seasonova.com\/fr\/recrutement-seasonova\/offres-demploi-camping-seasonova\/#webpage\",\"url\":\"https:\/\/vacances-seasonova.com\/fr\/recrutement-seasonova\/offres-demploi-camping-seasonova\/\",\"name\":\"Offres d\u2019emploi camping Seasonova - Seasonova\",\"isPartOf\":{\"@id\":\"https:\/\/vacances-seasonova.com\/fr\/#website\"},\"primaryImageOfPage\":{\"@id\":\"https:\/\/vacances-seasonova.com\/fr\/recrutement-seasonova\/offres-demploi-camping-seasonova\/#primaryimage\"},\"datePublished\":\"2017-09-26T15:19:37+00:00\",\"dateModified\":\"2025-11-20T11:24:29+00:00\",\"breadcrumb\":{\"@id\":\"https:\/\/vacances-seasonova.com\/fr\/recrutement-seasonova\/offres-demploi-camping-seasonova\/#breadcrumb\"},\"inLanguage\":\"de-DE\",\"potentialAction\":[{\"@type\":\"ReadAction\",\"target\":[\"https:\/\/vacances-seasonova.com\/fr\/recrutement-seasonova\/offres-demploi-camping-seasonova\/\"]}]},{\"@type\":\"BreadcrumbList\",\"@id\":\"https:\/\/vacances-seasonova.com\/fr\/recrutement-seasonova\/offres-demploi-camping-seasonova\/#breadcrumb\",\"itemListElement\":[{\"@type\":\"ListItem\",\"position\":1,\"name\":\"Accueil\",\"item\":\"https:\/\/vacances-seasonova.com\/nl\/\"},{\"@type\":\"ListItem\",\"position\":2,\"name\":\"Recrutement Camping Seasonova\",\"item\":\"https:\/\/vacances-seasonova.com\/nl\/rekrutering\/\"},{\"@type\":\"ListItem\",\"position\":3,\"name\":\"Offres d\u2019emploi camping Seasonova\"}]}]}<\/script>\n<!-- \/ Yoast SEO plugin. -->","yoast_head_json":{"robots":{"index":"index","follow":"follow","max-snippet":"max-snippet:-1","max-image-preview":"max-image-preview:large","max-video-preview":"max-video-preview:-1"},"canonical":"https:\/\/vacances-seasonova.com\/de\/recrutement-seasonova\/offres-demploi-camping-seasonova\/","og_locale":"de_DE","og_type":"article","og_title":"Offres d\u2019emploi camping Seasonova - Seasonova","og_description":"Treten Sie einem schnell wachsenden Unternehmen bei Wir suchen derzeit Platzverwalter f\u00fcr unsere Campingpl\u00e4tze in der Normandie, Ile de R\u00e9 und Pays de la Loire&#8230;einen Koch in der Bretagne, Kinderanimateure, [...]","og_url":"https:\/\/vacances-seasonova.com\/fr\/recrutement-seasonova\/offres-demploi-camping-seasonova\/","og_site_name":"Seasonova","article_modified_time":"2025-11-20T11:24:29+00:00","og_image":[{"width":675,"height":450,"url":"https:\/\/vacances-seasonova.com\/wp-content\/uploads\/2021\/04\/adobestock_287570095-675x450.jpeg","type":"image\/jpeg"}],"twitter_card":"summary","twitter_misc":{"Gesch\u00e4tzte Lesezeit":"1 Minute"},"schema":{"@context":"https:\/\/schema.org","@graph":[{"@type":"WebSite","@id":"https:\/\/vacances-seasonova.com\/fr\/#website","url":"https:\/\/vacances-seasonova.com\/fr\/","name":"Seasonova","description":"","potentialAction":[{"@type":"SearchAction","target":{"@type":"EntryPoint","urlTemplate":"https:\/\/vacances-seasonova.com\/fr\/?s={search_term_string}"},"query-input":"required name=search_term_string"}],"inLanguage":"de-DE"},{"@type":"ImageObject","@id":"https:\/\/vacances-seasonova.com\/fr\/recrutement-seasonova\/offres-demploi-camping-seasonova\/#primaryimage","inLanguage":"de-DE","url":"https:\/\/vacances-seasonova.com\/wp-content\/uploads\/2021\/04\/adobestock_287570095.jpeg","contentUrl":"https:\/\/vacances-seasonova.com\/wp-content\/uploads\/2021\/04\/adobestock_287570095.jpeg","width":5964,"height":3978,"caption":"Family checking-in at hotel reception desk"},{"@type":"WebPage","@id":"https:\/\/vacances-seasonova.com\/fr\/recrutement-seasonova\/offres-demploi-camping-seasonova\/#webpage","url":"https:\/\/vacances-seasonova.com\/fr\/recrutement-seasonova\/offres-demploi-camping-seasonova\/","name":"Offres d\u2019emploi camping Seasonova - Seasonova","isPartOf":{"@id":"https:\/\/vacances-seasonova.com\/fr\/#website"},"primaryImageOfPage":{"@id":"https:\/\/vacances-seasonova.com\/fr\/recrutement-seasonova\/offres-demploi-camping-seasonova\/#primaryimage"},"datePublished":"2017-09-26T15:19:37+00:00","dateModified":"2025-11-20T11:24:29+00:00","breadcrumb":{"@id":"https:\/\/vacances-seasonova.com\/fr\/recrutement-seasonova\/offres-demploi-camping-seasonova\/#breadcrumb"},"inLanguage":"de-DE","potentialAction":[{"@type":"ReadAction","target":["https:\/\/vacances-seasonova.com\/fr\/recrutement-seasonova\/offres-demploi-camping-seasonova\/"]}]},{"@type":"BreadcrumbList","@id":"https:\/\/vacances-seasonova.com\/fr\/recrutement-seasonova\/offres-demploi-camping-seasonova\/#breadcrumb","itemListElement":[{"@type":"ListItem","position":1,"name":"Accueil","item":"https:\/\/vacances-seasonova.com\/nl\/"},{"@type":"ListItem","position":2,"name":"Recrutement Camping Seasonova","item":"https:\/\/vacances-seasonova.com\/nl\/rekrutering\/"},{"@type":"ListItem","position":3,"name":"Offres d\u2019emploi camping Seasonova"}]}]}},"_links":{"self":[{"href":"https:\/\/vacances-seasonova.com\/de\/wp-json\/wp\/v2\/pages\/4166"}],"collection":[{"href":"https:\/\/vacances-seasonova.com\/de\/wp-json\/wp\/v2\/pages"}],"about":[{"href":"https:\/\/vacances-seasonova.com\/de\/wp-json\/wp\/v2\/types\/page"}],"author":[{"embeddable":true,"href":"https:\/\/vacances-seasonova.com\/de\/wp-json\/wp\/v2\/users\/2"}],"replies":[{"embeddable":true,"href":"https:\/\/vacances-seasonova.com\/de\/wp-json\/wp\/v2\/comments?post=4166"}],"version-history":[{"count":109,"href":"https:\/\/vacances-seasonova.com\/de\/wp-json\/wp\/v2\/pages\/4166\/revisions"}],"predecessor-version":[{"id":54298,"href":"https:\/\/vacances-seasonova.com\/de\/wp-json\/wp\/v2\/pages\/4166\/revisions\/54298"}],"up":[{"embeddable":true,"href":"https:\/\/vacances-seasonova.com\/de\/wp-json\/wp\/v2\/pages\/187"}],"wp:featuredmedia":[{"embeddable":true,"href":"https:\/\/vacances-seasonova.com\/de\/wp-json\/wp\/v2\/media\/22330"}],"wp:attachment":[{"href":"https:\/\/vacances-seasonova.com\/de\/wp-json\/wp\/v2\/media?parent=4166"}],"curies":[{"name":"wp","href":"https:\/\/api.w.org\/{rel}","templated":true}]}}