    {"id":4201,"date":"2017-09-29T16:11:11","date_gmt":"2017-09-29T15:11:11","guid":{"rendered":"http:\/\/vacances-seasonova.com\/?page_id=4201"},"modified":"2026-02-02T15:22:48","modified_gmt":"2026-02-02T14:22:48","slug":"devenir-proprietaire","status":"publish","type":"page","link":"https:\/\/vacances-seasonova.com\/de\/campingurlaub-mit-seasonova\/eigentuemer-eines-mobilheims\/jeu-concours-et-reglement\/","title":{"rendered":"Jeu concours et r\u00e8glement"},"content":{"rendered":"<p><\/p>\n<div class=\"alert alert-proprio\">\n<h2 style=\"text-align: center;\">INVESTIEREN SIE IN IHR GL\u00dcCK!<\/h2>\n<h3 class=\"alert-heading\" style=\"text-align: center;\">Ihr schl\u00fcsselfertiges Mobilheim ab 29500 Euro!<\/h3>\n<p style=\"text-align: center;\"><i class=\"fa fa-search\"><\/i> <a href=\"https:\/\/vacances-seasonova.com\/wp-content\/uploads\/2017\/10\/0296-17_RAPIDHOME_FICHES-PRODUITS-2018_LO83-2.pdf\" target=\"_blanc\" rel=\"noopener noreferrer\">Siehe RAPIDHOME-Produktblatt<\/a><\/p>\n<p>&nbsp;<\/p>\n<div><img loading=\"lazy\" class=\"size-medium wp-image-4275 aligncenter\" src=\"https:\/\/vacances-seasonova.com\/wp-content\/uploads\/2017\/09\/interieur-mobil-home-300x218.jpeg\" alt=\"\" width=\"300\" height=\"218\" srcset=\"https:\/\/vacances-seasonova.com\/wp-content\/uploads\/2017\/09\/interieur-mobil-home-300x218.jpeg 300w, https:\/\/vacances-seasonova.com\/wp-content\/uploads\/2017\/09\/interieur-mobil-home-768x559.jpeg 768w, https:\/\/vacances-seasonova.com\/wp-content\/uploads\/2017\/09\/interieur-mobil-home-618x450.jpeg 618w, https:\/\/vacances-seasonova.com\/wp-content\/uploads\/2017\/09\/interieur-mobil-home-600x437.jpeg 600w, https:\/\/vacances-seasonova.com\/wp-content\/uploads\/2017\/09\/interieur-mobil-home.jpeg 1294w\" sizes=\"(max-width: 300px) 100vw, 300px\" \/><\/div>\n<hr \/>\n<div class=\"row\">\n<div class=\"col-lg-7\" style=\"padding-top: 5%;\">\n<h3 style=\"text-decoration: underline; text-align: center;\">F\u00fcr alle Bestellungen, die vor<br \/>\n31. Oktober 2017<\/h3>\n<p style=\"text-align: center;\"><i class=\"fa fa-hand-o-right\"><\/i><strong>Ihre Terrasse f\u00fcr 1 Euro!<\/strong><br \/>\n<strong>(Terrasse im Wert von 1490 Euro!)<\/strong><\/p>\n<\/div>\n<div class=\"col-lg-5\">\n<div>\n<p><img loading=\"lazy\" class=\"wp-image-4271 size-medium\" src=\"https:\/\/vacances-seasonova.com\/wp-content\/uploads\/2017\/09\/noncouverte-300x159.jpg\" alt=\"\" width=\"300\" height=\"159\" srcset=\"https:\/\/vacances-seasonova.com\/wp-content\/uploads\/2017\/09\/noncouverte-300x159.jpg 300w, https:\/\/vacances-seasonova.com\/wp-content\/uploads\/2017\/09\/noncouverte-768x407.jpg 768w, https:\/\/vacances-seasonova.com\/wp-content\/uploads\/2017\/09\/noncouverte.jpg 850w, https:\/\/vacances-seasonova.com\/wp-content\/uploads\/2017\/09\/noncouverte-600x318.jpg 600w\" sizes=\"(max-width: 300px) 100vw, 300px\" \/><\/p>\n<p style=\"text-align: center; font-size: 11px; color: #000;\">Photo non contractuelle<\/p>\n<\/div>\n<\/div>\n<\/div>\n<\/div>\n<hr \/>\n<h3>DIE VORTEILE:<\/h3>\n<p>&nbsp;<\/p>\n<h4><i class=\"fa fa-hand-o-right\"><\/i>TOP-FOLLOW-UP UND GARANTIERTE DIENSTLEISTUNGEN<\/h4>\n<p>Wenn Sie Ihr Mobilheim auf dem Camping d&#8217;Etennemare kaufen, profitieren Sie von den besten Bedingungen und einer optimalen Servicequalit\u00e4t. Kein Vermittler, K\u00e9vin und Amanda sind Ihre einzigartigen Gespr\u00e4chspartner. Wir k\u00fcmmern uns um die gesamte Installation Ihres Wohnmobils und stehen Ihnen von Ihrem Projekt bis zum eventuellen Wiederverkauf zur Verf\u00fcgung. Damit sind wir die Einzigen, die die Verkeilung Ihres Wohnmobils auf Lebenszeit garantieren k\u00f6nnen.<\/p>\n<p class=\"p1\">Zu Ihrer Bequemlichkeit und f\u00fcr maximalen Sorgenfrieden bieten wir Ihnen ein Maximum an Dienstleistungen (\u00dcberwinterung, Reinigung, Wartung, Reparaturen&#8230;)<\/p>\n<h4><i class=\"fa fa-hand-o-right\"><\/i>TOP SERENITY<\/h4>\n<p>Eigent\u00fcmer auf dem Campingplatz d&#8217;Etennemare zu werden, bedeutet, dass Sie einen FFCC-FNHPA-Vertrag haben. Also keine b\u00f6se \u00dcberraschung \u00fcber die H\u00f6he der Miete des Grundst\u00fccks, noch verschiedene Verpflichtungen.<\/p>\n<p>Es ist auch von reduzierten Grundst\u00fccksmietkosten zu profitieren, indem Sie den Strom real bezahlen, keine Grundsteuer, keine versteckten Kosten.<\/p>\n<h4><i class=\"fa fa-hand-o-right\"><\/i>H\u00d6CHSTE ERREICHBARKEIT UND SERVICEQUALIT\u00c4T<\/h4>\n<p class=\"p1\">Auf dem Campingplatz Etennemare k\u00f6nnen Sie, dank Ihres Mobilheims, 10 von 12 Monaten Ihren Urlaub genie\u00dfen.<\/p>\n<p>Profitieren Sie von den Dienstleistungen eines 3-Sterne-Campingplatzes mit dem Label Quality Tourism, WIFI, Hallenbad und Wasserrutschen, Sommeranimation&#8230;<\/p>\n<h4><i class=\"fa fa-hand-o-right\"><\/i>TOP-RENTABILIT\u00c4T<\/h4>\n<p>Unverbindlich bieten wir Ihnen einen Vermietungsmanagement-Service an, um Ihnen ein Einkommen aus Ihrem Wohnmobil zu sichern. Wir k\u00fcmmern uns um alles und garantieren Ihnen die beste Pflege f\u00fcr Ihr Wohnmobil<\/p>","protected":false},"excerpt":{"rendered":"<p>INVESTIEREN SIE IN IHR GL\u00dcCK! Ihr schl\u00fcsselfertiges Mobilheim ab 29500 Euro! Siehe RAPIDHOME-Produktblatt &nbsp; F\u00fcr alle Bestellungen, die vor 31. Oktober 2017 Ihre Terrasse f\u00fcr 1 Euro! (Terrasse im Wert von 1490 [&#8230;]<\/p>\n","protected":false},"author":2,"featured_media":55656,"parent":87,"menu_order":0,"comment_status":"closed","ping_status":"closed","template":"","meta":[],"yoast_head":"<!-- This site is optimized with the Yoast SEO plugin v18.1 - https:\/\/yoast.com\/wordpress\/plugins\/seo\/ -->\n<meta name=\"robots\" content=\"index, follow, max-snippet:-1, max-image-preview:large, max-video-preview:-1\" \/>\n<link rel=\"canonical\" href=\"https:\/\/vacances-seasonova.com\/de\/vacances-en-camping-seasonova\/devenir-proprietaire\/jeu-conours-et-reglement\/\" \/>\n<meta property=\"og:locale\" content=\"de_DE\" \/>\n<meta property=\"og:type\" content=\"article\" \/>\n<meta property=\"og:title\" content=\"Eigent\u00fcmer werden - Seasonova\" \/>\n<meta property=\"og:description\" content=\"INVESTIEREN SIE IN IHR GL\u00dcCK! Ihr schl\u00fcsselfertiges Mobilheim ab 29500 Euro! Siehe RAPIDHOME-Produktblatt &nbsp; F\u00fcr alle Bestellungen, die vor 31. Oktober 2017 Ihre Terrasse f\u00fcr 1 Euro! (Terrasse im Wert von 1490 [...]\" \/>\n<meta property=\"og:url\" content=\"https:\/\/vacances-seasonova.com\/fr\/vacances-en-camping-seasonova\/devenir-proprietaire\/jeu-conours-et-reglement\/\" \/>\n<meta property=\"og:site_name\" content=\"Seasonova\" \/>\n<meta property=\"article:modified_time\" content=\"2026-02-02T14:22:48+00:00\" \/>\n<meta property=\"og:image\" content=\"https:\/\/vacances-seasonova.com\/wp-content\/uploads\/2026\/02\/post-instagram-evenement-jeu-concours-voyage-hotel-photo-moderne-bleu-360x450.png\" \/>\n\t<meta property=\"og:image:width\" content=\"360\" \/>\n\t<meta property=\"og:image:height\" content=\"450\" \/>\n\t<meta property=\"og:image:type\" content=\"image\/png\" \/>\n<meta name=\"twitter:card\" content=\"summary\" \/>\n<meta name=\"twitter:label1\" content=\"Gesch\u00e4tzte Lesezeit\" \/>\n\t<meta name=\"twitter:data1\" content=\"7 Minuten\" \/>\n<script type=\"application\/ld+json\" class=\"yoast-schema-graph\">{\"@context\":\"https:\/\/schema.org\",\"@graph\":[{\"@type\":\"WebSite\",\"@id\":\"https:\/\/vacances-seasonova.com\/fr\/#website\",\"url\":\"https:\/\/vacances-seasonova.com\/fr\/\",\"name\":\"Seasonova\",\"description\":\"\",\"potentialAction\":[{\"@type\":\"SearchAction\",\"target\":{\"@type\":\"EntryPoint\",\"urlTemplate\":\"https:\/\/vacances-seasonova.com\/fr\/?s={search_term_string}\"},\"query-input\":\"required name=search_term_string\"}],\"inLanguage\":\"de-DE\"},{\"@type\":\"ImageObject\",\"@id\":\"https:\/\/vacances-seasonova.com\/fr\/vacances-en-camping-seasonova\/devenir-proprietaire\/jeu-conours-et-reglement\/#primaryimage\",\"inLanguage\":\"de-DE\",\"url\":\"https:\/\/vacances-seasonova.com\/wp-content\/uploads\/2026\/02\/post-instagram-evenement-jeu-concours-voyage-hotel-photo-moderne-bleu.png\",\"contentUrl\":\"https:\/\/vacances-seasonova.com\/wp-content\/uploads\/2026\/02\/post-instagram-evenement-jeu-concours-voyage-hotel-photo-moderne-bleu.png\",\"width\":1080,\"height\":1350},{\"@type\":\"WebPage\",\"@id\":\"https:\/\/vacances-seasonova.com\/fr\/vacances-en-camping-seasonova\/devenir-proprietaire\/jeu-conours-et-reglement\/#webpage\",\"url\":\"https:\/\/vacances-seasonova.com\/fr\/vacances-en-camping-seasonova\/devenir-proprietaire\/jeu-conours-et-reglement\/\",\"name\":\"Eigent\u00fcmer werden - Seasonova\",\"isPartOf\":{\"@id\":\"https:\/\/vacances-seasonova.com\/fr\/#website\"},\"primaryImageOfPage\":{\"@id\":\"https:\/\/vacances-seasonova.com\/fr\/vacances-en-camping-seasonova\/devenir-proprietaire\/jeu-conours-et-reglement\/#primaryimage\"},\"datePublished\":\"2017-09-29T15:11:11+00:00\",\"dateModified\":\"2026-02-02T14:22:48+00:00\",\"breadcrumb\":{\"@id\":\"https:\/\/vacances-seasonova.com\/fr\/vacances-en-camping-seasonova\/devenir-proprietaire\/jeu-conours-et-reglement\/#breadcrumb\"},\"inLanguage\":\"de-DE\",\"potentialAction\":[{\"@type\":\"ReadAction\",\"target\":[\"https:\/\/vacances-seasonova.com\/fr\/vacances-en-camping-seasonova\/devenir-proprietaire\/jeu-conours-et-reglement\/\"]}]},{\"@type\":\"BreadcrumbList\",\"@id\":\"https:\/\/vacances-seasonova.com\/fr\/vacances-en-camping-seasonova\/devenir-proprietaire\/jeu-conours-et-reglement\/#breadcrumb\",\"itemListElement\":[{\"@type\":\"ListItem\",\"position\":1,\"name\":\"Accueil\",\"item\":\"https:\/\/vacances-seasonova.com\/nl\/\"},{\"@type\":\"ListItem\",\"position\":2,\"name\":\"Vacances en camping Seasonova\",\"item\":\"https:\/\/vacances-seasonova.com\/nl\/kampeervakantiein-frankrijk\/\"},{\"@type\":\"ListItem\",\"position\":3,\"name\":\"Become a owner\",\"item\":\"https:\/\/vacances-seasonova.com\/fr\/?page_id=87\"},{\"@type\":\"ListItem\",\"position\":4,\"name\":\"Jeu concours et r\u00e8glement\"}]}]}<\/script>\n<!-- \/ Yoast SEO plugin. -->","yoast_head_json":{"robots":{"index":"index","follow":"follow","max-snippet":"max-snippet:-1","max-image-preview":"max-image-preview:large","max-video-preview":"max-video-preview:-1"},"canonical":"https:\/\/vacances-seasonova.com\/de\/vacances-en-camping-seasonova\/devenir-proprietaire\/jeu-conours-et-reglement\/","og_locale":"de_DE","og_type":"article","og_title":"Eigent\u00fcmer werden - Seasonova","og_description":"INVESTIEREN SIE IN IHR GL\u00dcCK! Ihr schl\u00fcsselfertiges Mobilheim ab 29500 Euro! Siehe RAPIDHOME-Produktblatt &nbsp; F\u00fcr alle Bestellungen, die vor 31. Oktober 2017 Ihre Terrasse f\u00fcr 1 Euro! (Terrasse im Wert von 1490 [...]","og_url":"https:\/\/vacances-seasonova.com\/fr\/vacances-en-camping-seasonova\/devenir-proprietaire\/jeu-conours-et-reglement\/","og_site_name":"Seasonova","article_modified_time":"2026-02-02T14:22:48+00:00","og_image":[{"width":360,"height":450,"url":"https:\/\/vacances-seasonova.com\/wp-content\/uploads\/2026\/02\/post-instagram-evenement-jeu-concours-voyage-hotel-photo-moderne-bleu-360x450.png","type":"image\/png"}],"twitter_card":"summary","twitter_misc":{"Gesch\u00e4tzte Lesezeit":"7 Minuten"},"schema":{"@context":"https:\/\/schema.org","@graph":[{"@type":"WebSite","@id":"https:\/\/vacances-seasonova.com\/fr\/#website","url":"https:\/\/vacances-seasonova.com\/fr\/","name":"Seasonova","description":"","potentialAction":[{"@type":"SearchAction","target":{"@type":"EntryPoint","urlTemplate":"https:\/\/vacances-seasonova.com\/fr\/?s={search_term_string}"},"query-input":"required name=search_term_string"}],"inLanguage":"de-DE"},{"@type":"ImageObject","@id":"https:\/\/vacances-seasonova.com\/fr\/vacances-en-camping-seasonova\/devenir-proprietaire\/jeu-conours-et-reglement\/#primaryimage","inLanguage":"de-DE","url":"https:\/\/vacances-seasonova.com\/wp-content\/uploads\/2026\/02\/post-instagram-evenement-jeu-concours-voyage-hotel-photo-moderne-bleu.png","contentUrl":"https:\/\/vacances-seasonova.com\/wp-content\/uploads\/2026\/02\/post-instagram-evenement-jeu-concours-voyage-hotel-photo-moderne-bleu.png","width":1080,"height":1350},{"@type":"WebPage","@id":"https:\/\/vacances-seasonova.com\/fr\/vacances-en-camping-seasonova\/devenir-proprietaire\/jeu-conours-et-reglement\/#webpage","url":"https:\/\/vacances-seasonova.com\/fr\/vacances-en-camping-seasonova\/devenir-proprietaire\/jeu-conours-et-reglement\/","name":"Eigent\u00fcmer werden - Seasonova","isPartOf":{"@id":"https:\/\/vacances-seasonova.com\/fr\/#website"},"primaryImageOfPage":{"@id":"https:\/\/vacances-seasonova.com\/fr\/vacances-en-camping-seasonova\/devenir-proprietaire\/jeu-conours-et-reglement\/#primaryimage"},"datePublished":"2017-09-29T15:11:11+00:00","dateModified":"2026-02-02T14:22:48+00:00","breadcrumb":{"@id":"https:\/\/vacances-seasonova.com\/fr\/vacances-en-camping-seasonova\/devenir-proprietaire\/jeu-conours-et-reglement\/#breadcrumb"},"inLanguage":"de-DE","potentialAction":[{"@type":"ReadAction","target":["https:\/\/vacances-seasonova.com\/fr\/vacances-en-camping-seasonova\/devenir-proprietaire\/jeu-conours-et-reglement\/"]}]},{"@type":"BreadcrumbList","@id":"https:\/\/vacances-seasonova.com\/fr\/vacances-en-camping-seasonova\/devenir-proprietaire\/jeu-conours-et-reglement\/#breadcrumb","itemListElement":[{"@type":"ListItem","position":1,"name":"Accueil","item":"https:\/\/vacances-seasonova.com\/nl\/"},{"@type":"ListItem","position":2,"name":"Vacances en camping Seasonova","item":"https:\/\/vacances-seasonova.com\/nl\/kampeervakantiein-frankrijk\/"},{"@type":"ListItem","position":3,"name":"Become a owner","item":"https:\/\/vacances-seasonova.com\/fr\/?page_id=87"},{"@type":"ListItem","position":4,"name":"Jeu concours et r\u00e8glement"}]}]}},"_links":{"self":[{"href":"https:\/\/vacances-seasonova.com\/de\/wp-json\/wp\/v2\/pages\/4201"}],"collection":[{"href":"https:\/\/vacances-seasonova.com\/de\/wp-json\/wp\/v2\/pages"}],"about":[{"href":"https:\/\/vacances-seasonova.com\/de\/wp-json\/wp\/v2\/types\/page"}],"author":[{"embeddable":true,"href":"https:\/\/vacances-seasonova.com\/de\/wp-json\/wp\/v2\/users\/2"}],"replies":[{"embeddable":true,"href":"https:\/\/vacances-seasonova.com\/de\/wp-json\/wp\/v2\/comments?post=4201"}],"version-history":[{"count":7,"href":"https:\/\/vacances-seasonova.com\/de\/wp-json\/wp\/v2\/pages\/4201\/revisions"}],"predecessor-version":[{"id":55660,"href":"https:\/\/vacances-seasonova.com\/de\/wp-json\/wp\/v2\/pages\/4201\/revisions\/55660"}],"up":[{"embeddable":true,"href":"https:\/\/vacances-seasonova.com\/de\/wp-json\/wp\/v2\/pages\/87"}],"wp:featuredmedia":[{"embeddable":true,"href":"https:\/\/vacances-seasonova.com\/de\/wp-json\/wp\/v2\/media\/55656"}],"wp:attachment":[{"href":"https:\/\/vacances-seasonova.com\/de\/wp-json\/wp\/v2\/media?parent=4201"}],"curies":[{"name":"wp","href":"https:\/\/api.w.org\/{rel}","templated":true}]}}