    {"id":53,"date":"2016-09-16T14:53:15","date_gmt":"2016-09-16T13:53:15","guid":{"rendered":"http:\/\/vacances-seasonova.com\/?page_id=53"},"modified":"2025-08-28T16:05:50","modified_gmt":"2025-08-28T14:05:50","slug":"vacances-en-camping-seasonova","status":"publish","type":"page","link":"https:\/\/vacances-seasonova.com\/de\/campingurlaub-mit-seasonova\/","title":{"rendered":"Vacances en camping Seasonova"},"content":{"rendered":"<p><\/p>\n<p class=\"p1\" style=\"text-align: justify;\">Sich f\u00fcr einen Urlaub auf einem Seasonova-Campingplatz zu entscheiden, bedeutet, Momente der Entspannung und Geselligkeit auf einem Campingplatz von \u00fcberschaubarer Gr\u00f6\u00dfe zu verbringen. Wir werden alles tun damit Sie sich wohlf\u00fchlen und die Natur genie\u00dfen k\u00f6nnen. Diese Werte stehen im Mittelpunkt unserer Mitarbeiterinnen und Mitarbeiter, die Sie willkommen hei\u00dfen und alle mit Leidenschaft bei der Sache sind. Damit Ihr Campingurlaub ein Erfolg wird, tut Seasonova alles, um Erlebnisse, Begegnungen und Behaglichkeit zu schaffen. W\u00e4hrend Ihres n\u00e4chsten Aufenthalts k\u00f6nnen Sie unsere sch\u00f6nen Regionen entdecken oder wiederentdecken: ihr Kulturerbe, die Natur und ihre lokalen Sehensw\u00fcrdigkeiten.<\/p>\n<p><\/p>","protected":false},"excerpt":{"rendered":"<p>Sich f\u00fcr einen Urlaub auf einem Seasonova-Campingplatz zu entscheiden, bedeutet, Momente der Entspannung und Geselligkeit auf einem Campingplatz von \u00fcberschaubarer Gr\u00f6\u00dfe zu verbringen. Wir werden alles tun damit Sie [&#8230;]<\/p>\n","protected":false},"author":3,"featured_media":16924,"parent":0,"menu_order":0,"comment_status":"closed","ping_status":"closed","template":"page-parent.php","meta":[],"yoast_head":"<!-- This site is optimized with the Yoast SEO plugin v18.1 - https:\/\/yoast.com\/wordpress\/plugins\/seo\/ -->\n<meta name=\"robots\" content=\"index, follow, max-snippet:-1, max-image-preview:large, max-video-preview:-1\" \/>\n<link rel=\"canonical\" href=\"https:\/\/vacances-seasonova.com\/de\/kampeervakantiein-frankrijk\/\" \/>\n<meta property=\"og:locale\" content=\"de_DE\" \/>\n<meta property=\"og:type\" content=\"article\" \/>\n<meta property=\"og:title\" content=\"Campingurlaub mit Seasonova - Seasonova\" \/>\n<meta property=\"og:description\" content=\"Sich f\u00fcr einen Urlaub auf einem Seasonova-Campingplatz zu entscheiden, bedeutet, Momente der Entspannung und Geselligkeit auf einem Campingplatz von \u00fcberschaubarer Gr\u00f6\u00dfe zu verbringen. Wir werden alles tun damit Sie [...]\" \/>\n<meta property=\"og:url\" content=\"https:\/\/vacances-seasonova.com\/nl\/kampeervakantiein-frankrijk\/\" \/>\n<meta property=\"og:site_name\" content=\"Seasonova\" \/>\n<meta property=\"article:modified_time\" content=\"2025-08-28T14:05:50+00:00\" \/>\n<meta property=\"og:image\" content=\"https:\/\/vacances-seasonova.com\/wp-content\/uploads\/2020\/02\/famille-foret-1480x374.jpeg\" \/>\n\t<meta property=\"og:image:width\" content=\"1480\" \/>\n\t<meta property=\"og:image:height\" content=\"374\" \/>\n\t<meta property=\"og:image:type\" content=\"image\/jpeg\" \/>\n<meta name=\"twitter:card\" content=\"summary\" \/>\n<meta name=\"twitter:label1\" content=\"Gesch\u00e4tzte Lesezeit\" \/>\n\t<meta name=\"twitter:data1\" content=\"2 Minuten\" \/>\n<script type=\"application\/ld+json\" class=\"yoast-schema-graph\">{\"@context\":\"https:\/\/schema.org\",\"@graph\":[{\"@type\":\"WebSite\",\"@id\":\"https:\/\/vacances-seasonova.com\/fr\/#website\",\"url\":\"https:\/\/vacances-seasonova.com\/fr\/\",\"name\":\"Seasonova\",\"description\":\"\",\"potentialAction\":[{\"@type\":\"SearchAction\",\"target\":{\"@type\":\"EntryPoint\",\"urlTemplate\":\"https:\/\/vacances-seasonova.com\/fr\/?s={search_term_string}\"},\"query-input\":\"required name=search_term_string\"}],\"inLanguage\":\"de-DE\"},{\"@type\":\"ImageObject\",\"@id\":\"https:\/\/vacances-seasonova.com\/nl\/kampeervakantiein-frankrijk\/#primaryimage\",\"inLanguage\":\"de-DE\",\"url\":\"https:\/\/vacances-seasonova.com\/wp-content\/uploads\/2020\/02\/famille-foret.jpeg\",\"contentUrl\":\"https:\/\/vacances-seasonova.com\/wp-content\/uploads\/2020\/02\/famille-foret.jpeg\",\"width\":10000,\"height\":2529,\"caption\":\"famille en foret\"},{\"@type\":\"WebPage\",\"@id\":\"https:\/\/vacances-seasonova.com\/nl\/kampeervakantiein-frankrijk\/#webpage\",\"url\":\"https:\/\/vacances-seasonova.com\/nl\/kampeervakantiein-frankrijk\/\",\"name\":\"Campingurlaub mit Seasonova - Seasonova\",\"isPartOf\":{\"@id\":\"https:\/\/vacances-seasonova.com\/fr\/#website\"},\"primaryImageOfPage\":{\"@id\":\"https:\/\/vacances-seasonova.com\/nl\/kampeervakantiein-frankrijk\/#primaryimage\"},\"datePublished\":\"2016-09-16T13:53:15+00:00\",\"dateModified\":\"2025-08-28T14:05:50+00:00\",\"breadcrumb\":{\"@id\":\"https:\/\/vacances-seasonova.com\/nl\/kampeervakantiein-frankrijk\/#breadcrumb\"},\"inLanguage\":\"de-DE\",\"potentialAction\":[{\"@type\":\"ReadAction\",\"target\":[\"https:\/\/vacances-seasonova.com\/nl\/kampeervakantiein-frankrijk\/\"]}]},{\"@type\":\"BreadcrumbList\",\"@id\":\"https:\/\/vacances-seasonova.com\/nl\/kampeervakantiein-frankrijk\/#breadcrumb\",\"itemListElement\":[{\"@type\":\"ListItem\",\"position\":1,\"name\":\"Accueil\",\"item\":\"https:\/\/vacances-seasonova.com\/nl\/\"},{\"@type\":\"ListItem\",\"position\":2,\"name\":\"Vacances en camping Seasonova\"}]}]}<\/script>\n<!-- \/ Yoast SEO plugin. -->","yoast_head_json":{"robots":{"index":"index","follow":"follow","max-snippet":"max-snippet:-1","max-image-preview":"max-image-preview:large","max-video-preview":"max-video-preview:-1"},"canonical":"https:\/\/vacances-seasonova.com\/de\/kampeervakantiein-frankrijk\/","og_locale":"de_DE","og_type":"article","og_title":"Campingurlaub mit Seasonova - Seasonova","og_description":"Sich f\u00fcr einen Urlaub auf einem Seasonova-Campingplatz zu entscheiden, bedeutet, Momente der Entspannung und Geselligkeit auf einem Campingplatz von \u00fcberschaubarer Gr\u00f6\u00dfe zu verbringen. Wir werden alles tun damit Sie [...]","og_url":"https:\/\/vacances-seasonova.com\/nl\/kampeervakantiein-frankrijk\/","og_site_name":"Seasonova","article_modified_time":"2025-08-28T14:05:50+00:00","og_image":[{"width":1480,"height":374,"url":"https:\/\/vacances-seasonova.com\/wp-content\/uploads\/2020\/02\/famille-foret-1480x374.jpeg","type":"image\/jpeg"}],"twitter_card":"summary","twitter_misc":{"Gesch\u00e4tzte Lesezeit":"2 Minuten"},"schema":{"@context":"https:\/\/schema.org","@graph":[{"@type":"WebSite","@id":"https:\/\/vacances-seasonova.com\/fr\/#website","url":"https:\/\/vacances-seasonova.com\/fr\/","name":"Seasonova","description":"","potentialAction":[{"@type":"SearchAction","target":{"@type":"EntryPoint","urlTemplate":"https:\/\/vacances-seasonova.com\/fr\/?s={search_term_string}"},"query-input":"required name=search_term_string"}],"inLanguage":"de-DE"},{"@type":"ImageObject","@id":"https:\/\/vacances-seasonova.com\/nl\/kampeervakantiein-frankrijk\/#primaryimage","inLanguage":"de-DE","url":"https:\/\/vacances-seasonova.com\/wp-content\/uploads\/2020\/02\/famille-foret.jpeg","contentUrl":"https:\/\/vacances-seasonova.com\/wp-content\/uploads\/2020\/02\/famille-foret.jpeg","width":10000,"height":2529,"caption":"famille en foret"},{"@type":"WebPage","@id":"https:\/\/vacances-seasonova.com\/nl\/kampeervakantiein-frankrijk\/#webpage","url":"https:\/\/vacances-seasonova.com\/nl\/kampeervakantiein-frankrijk\/","name":"Campingurlaub mit Seasonova - Seasonova","isPartOf":{"@id":"https:\/\/vacances-seasonova.com\/fr\/#website"},"primaryImageOfPage":{"@id":"https:\/\/vacances-seasonova.com\/nl\/kampeervakantiein-frankrijk\/#primaryimage"},"datePublished":"2016-09-16T13:53:15+00:00","dateModified":"2025-08-28T14:05:50+00:00","breadcrumb":{"@id":"https:\/\/vacances-seasonova.com\/nl\/kampeervakantiein-frankrijk\/#breadcrumb"},"inLanguage":"de-DE","potentialAction":[{"@type":"ReadAction","target":["https:\/\/vacances-seasonova.com\/nl\/kampeervakantiein-frankrijk\/"]}]},{"@type":"BreadcrumbList","@id":"https:\/\/vacances-seasonova.com\/nl\/kampeervakantiein-frankrijk\/#breadcrumb","itemListElement":[{"@type":"ListItem","position":1,"name":"Accueil","item":"https:\/\/vacances-seasonova.com\/nl\/"},{"@type":"ListItem","position":2,"name":"Vacances en camping Seasonova"}]}]}},"_links":{"self":[{"href":"https:\/\/vacances-seasonova.com\/de\/wp-json\/wp\/v2\/pages\/53"}],"collection":[{"href":"https:\/\/vacances-seasonova.com\/de\/wp-json\/wp\/v2\/pages"}],"about":[{"href":"https:\/\/vacances-seasonova.com\/de\/wp-json\/wp\/v2\/types\/page"}],"author":[{"embeddable":true,"href":"https:\/\/vacances-seasonova.com\/de\/wp-json\/wp\/v2\/users\/3"}],"replies":[{"embeddable":true,"href":"https:\/\/vacances-seasonova.com\/de\/wp-json\/wp\/v2\/comments?post=53"}],"version-history":[{"count":6,"href":"https:\/\/vacances-seasonova.com\/de\/wp-json\/wp\/v2\/pages\/53\/revisions"}],"predecessor-version":[{"id":51755,"href":"https:\/\/vacances-seasonova.com\/de\/wp-json\/wp\/v2\/pages\/53\/revisions\/51755"}],"wp:featuredmedia":[{"embeddable":true,"href":"https:\/\/vacances-seasonova.com\/de\/wp-json\/wp\/v2\/media\/16924"}],"wp:attachment":[{"href":"https:\/\/vacances-seasonova.com\/de\/wp-json\/wp\/v2\/media?parent=53"}],"curies":[{"name":"wp","href":"https:\/\/api.w.org\/{rel}","templated":true}]}}