    {"id":58,"date":"2016-09-19T10:09:20","date_gmt":"2016-09-19T09:09:20","guid":{"rendered":"http:\/\/vacances-seasonova.com\/?page_id=58"},"modified":"2023-08-02T09:06:54","modified_gmt":"2023-08-02T07:06:54","slug":"location-camping-slow-life","status":"publish","type":"page","link":"https:\/\/vacances-seasonova.com\/de\/campingplaetze-und-ferienunterkuenfte-von-seasonova\/","title":{"rendered":"Camping et Location de vacances Seasonova"},"content":{"rendered":"<p><\/p>\n<p style=\"text-align: justify;\">Vom Fr\u00fchjahr bis zum Herbst hei\u00dfen unsere Seasonova-Campingpl\u00e4tze Sie willkommen und erm\u00f6glichen Ihnen, au\u00dfergew\u00f6hnliche Momente zu erleben!<br \/>\nSich f\u00fcr einen Urlaub auf einem Seasonova-Campingplatz zu entscheiden, bedeutet, Momente der Entspannung und Geselligkeit auf einem Campingplatz von \u00fcberschaubarer Gr\u00f6\u00dfe zu verbringen. Wir werden alles tun damit Sie sich wohlf\u00fchlen und die Natur genie\u00dfen k\u00f6nnen. Diese Werte stehen im Mittelpunkt unserer Mitarbeiterinnen und Mitarbeiter, die Sie willkommen hei\u00dfen und alle mit Leidenschaft bei der Sache sind. Damit Ihr Campingurlaub ein Erfolg wird, tut Seasonova alles, um Erlebnisse, Begegnungen und Behaglichkeit zu schaffen. W\u00e4hrend Ihres n\u00e4chsten Aufenthalts k\u00f6nnen Sie unsere sch\u00f6nen Regionen entdecken oder wiederentdecken: ihr Kulturelles Erbe, die Natur und ihre lokalen Sehensw\u00fcrdigkeiten.<br \/>\nNutzen Sie Ihren Aufenthalt, um zu sich selbst zu finden, indem Sie eine der vielen naturnahen Aktivit\u00e4ten aus\u00fcben. Erliegen auch Sie der Kunst des Lebens unter freiem Himmel!<\/p>\n<p><\/p>","protected":false},"excerpt":{"rendered":"<p>Vom Fr\u00fchjahr bis zum Herbst hei\u00dfen unsere Seasonova-Campingpl\u00e4tze Sie willkommen und erm\u00f6glichen Ihnen, au\u00dfergew\u00f6hnliche Momente zu erleben! Sich f\u00fcr einen Urlaub auf einem Seasonova-Campingplatz zu entscheiden, [&#8230;]<\/p>\n","protected":false},"author":3,"featured_media":661,"parent":0,"menu_order":0,"comment_status":"closed","ping_status":"closed","template":"page-les-campings.php","meta":[],"yoast_head":"<!-- This site is optimized with the Yoast SEO plugin v18.1 - https:\/\/yoast.com\/wordpress\/plugins\/seo\/ -->\n<meta name=\"description\" content=\"Les Campings Seasonova vous offre 18 destinations en France. Choisir une location camping slow life, c&#039;est la garantie de vacances nature...\" \/>\n<meta name=\"robots\" content=\"index, follow, max-snippet:-1, max-image-preview:large, max-video-preview:-1\" \/>\n<link rel=\"canonical\" href=\"https:\/\/vacances-seasonova.com\/de\/camping-et-location-de-vacances-seasonova\/\" \/>\n<meta property=\"og:locale\" content=\"de_DE\" \/>\n<meta property=\"og:type\" content=\"article\" \/>\n<meta property=\"og:title\" content=\"Location camping Slow life\" \/>\n<meta property=\"og:description\" content=\"Les Campings Seasonova vous offre 18 destinations en France. Choisir une location camping slow life, c&#039;est la garantie de vacances nature...\" \/>\n<meta property=\"og:url\" content=\"https:\/\/vacances-seasonova.com\/fr\/camping-et-location-de-vacances-seasonova\/\" \/>\n<meta property=\"og:site_name\" content=\"Seasonova\" \/>\n<meta property=\"article:modified_time\" content=\"2023-08-02T07:06:54+00:00\" \/>\n<meta property=\"og:image\" content=\"https:\/\/vacances-seasonova.com\/wp-content\/uploads\/2016\/09\/escapade_seasonoca_camping.jpg\" \/>\n\t<meta property=\"og:image:width\" content=\"1480\" \/>\n\t<meta property=\"og:image:height\" content=\"454\" \/>\n\t<meta property=\"og:image:type\" content=\"image\/jpeg\" \/>\n<meta name=\"twitter:card\" content=\"summary\" \/>\n<meta name=\"twitter:label1\" content=\"Gesch\u00e4tzte Lesezeit\" \/>\n\t<meta name=\"twitter:data1\" content=\"2 Minuten\" \/>\n<script type=\"application\/ld+json\" class=\"yoast-schema-graph\">{\"@context\":\"https:\/\/schema.org\",\"@graph\":[{\"@type\":\"WebSite\",\"@id\":\"https:\/\/vacances-seasonova.com\/fr\/#website\",\"url\":\"https:\/\/vacances-seasonova.com\/fr\/\",\"name\":\"Seasonova\",\"description\":\"\",\"potentialAction\":[{\"@type\":\"SearchAction\",\"target\":{\"@type\":\"EntryPoint\",\"urlTemplate\":\"https:\/\/vacances-seasonova.com\/fr\/?s={search_term_string}\"},\"query-input\":\"required name=search_term_string\"}],\"inLanguage\":\"de-DE\"},{\"@type\":\"ImageObject\",\"@id\":\"https:\/\/vacances-seasonova.com\/fr\/camping-et-location-de-vacances-seasonova\/#primaryimage\",\"inLanguage\":\"de-DE\",\"url\":\"https:\/\/vacances-seasonova.com\/wp-content\/uploads\/2016\/09\/escapade_seasonoca_camping.jpg\",\"contentUrl\":\"https:\/\/vacances-seasonova.com\/wp-content\/uploads\/2016\/09\/escapade_seasonoca_camping.jpg\",\"width\":1480,\"height\":454,\"caption\":\"forfait_camping_escapade_seasonova_camping\"},{\"@type\":\"WebPage\",\"@id\":\"https:\/\/vacances-seasonova.com\/fr\/camping-et-location-de-vacances-seasonova\/#webpage\",\"url\":\"https:\/\/vacances-seasonova.com\/fr\/camping-et-location-de-vacances-seasonova\/\",\"name\":\"Location camping Slow life\",\"isPartOf\":{\"@id\":\"https:\/\/vacances-seasonova.com\/fr\/#website\"},\"primaryImageOfPage\":{\"@id\":\"https:\/\/vacances-seasonova.com\/fr\/camping-et-location-de-vacances-seasonova\/#primaryimage\"},\"datePublished\":\"2016-09-19T09:09:20+00:00\",\"dateModified\":\"2023-08-02T07:06:54+00:00\",\"description\":\"Les Campings Seasonova vous offre 18 destinations en France. Choisir une location camping slow life, c'est la garantie de vacances nature...\",\"breadcrumb\":{\"@id\":\"https:\/\/vacances-seasonova.com\/fr\/camping-et-location-de-vacances-seasonova\/#breadcrumb\"},\"inLanguage\":\"de-DE\",\"potentialAction\":[{\"@type\":\"ReadAction\",\"target\":[\"https:\/\/vacances-seasonova.com\/fr\/camping-et-location-de-vacances-seasonova\/\"]}]},{\"@type\":\"BreadcrumbList\",\"@id\":\"https:\/\/vacances-seasonova.com\/fr\/camping-et-location-de-vacances-seasonova\/#breadcrumb\",\"itemListElement\":[{\"@type\":\"ListItem\",\"position\":1,\"name\":\"Accueil\",\"item\":\"https:\/\/vacances-seasonova.com\/nl\/\"},{\"@type\":\"ListItem\",\"position\":2,\"name\":\"Camping et Location de vacances Seasonova\"}]}]}<\/script>\n<!-- \/ Yoast SEO plugin. -->","yoast_head_json":{"description":"Les Campings Seasonova vous offre 18 destinations en France. Choisir une location camping slow life, c'est la garantie de vacances nature...","robots":{"index":"index","follow":"follow","max-snippet":"max-snippet:-1","max-image-preview":"max-image-preview:large","max-video-preview":"max-video-preview:-1"},"canonical":"https:\/\/vacances-seasonova.com\/de\/camping-et-location-de-vacances-seasonova\/","og_locale":"de_DE","og_type":"article","og_title":"Location camping Slow life","og_description":"Les Campings Seasonova vous offre 18 destinations en France. Choisir une location camping slow life, c'est la garantie de vacances nature...","og_url":"https:\/\/vacances-seasonova.com\/fr\/camping-et-location-de-vacances-seasonova\/","og_site_name":"Seasonova","article_modified_time":"2023-08-02T07:06:54+00:00","og_image":[{"width":1480,"height":454,"url":"https:\/\/vacances-seasonova.com\/wp-content\/uploads\/2016\/09\/escapade_seasonoca_camping.jpg","type":"image\/jpeg"}],"twitter_card":"summary","twitter_misc":{"Gesch\u00e4tzte Lesezeit":"2 Minuten"},"schema":{"@context":"https:\/\/schema.org","@graph":[{"@type":"WebSite","@id":"https:\/\/vacances-seasonova.com\/fr\/#website","url":"https:\/\/vacances-seasonova.com\/fr\/","name":"Seasonova","description":"","potentialAction":[{"@type":"SearchAction","target":{"@type":"EntryPoint","urlTemplate":"https:\/\/vacances-seasonova.com\/fr\/?s={search_term_string}"},"query-input":"required name=search_term_string"}],"inLanguage":"de-DE"},{"@type":"ImageObject","@id":"https:\/\/vacances-seasonova.com\/fr\/camping-et-location-de-vacances-seasonova\/#primaryimage","inLanguage":"de-DE","url":"https:\/\/vacances-seasonova.com\/wp-content\/uploads\/2016\/09\/escapade_seasonoca_camping.jpg","contentUrl":"https:\/\/vacances-seasonova.com\/wp-content\/uploads\/2016\/09\/escapade_seasonoca_camping.jpg","width":1480,"height":454,"caption":"forfait_camping_escapade_seasonova_camping"},{"@type":"WebPage","@id":"https:\/\/vacances-seasonova.com\/fr\/camping-et-location-de-vacances-seasonova\/#webpage","url":"https:\/\/vacances-seasonova.com\/fr\/camping-et-location-de-vacances-seasonova\/","name":"Location camping Slow life","isPartOf":{"@id":"https:\/\/vacances-seasonova.com\/fr\/#website"},"primaryImageOfPage":{"@id":"https:\/\/vacances-seasonova.com\/fr\/camping-et-location-de-vacances-seasonova\/#primaryimage"},"datePublished":"2016-09-19T09:09:20+00:00","dateModified":"2023-08-02T07:06:54+00:00","description":"Les Campings Seasonova vous offre 18 destinations en France. Choisir une location camping slow life, c'est la garantie de vacances nature...","breadcrumb":{"@id":"https:\/\/vacances-seasonova.com\/fr\/camping-et-location-de-vacances-seasonova\/#breadcrumb"},"inLanguage":"de-DE","potentialAction":[{"@type":"ReadAction","target":["https:\/\/vacances-seasonova.com\/fr\/camping-et-location-de-vacances-seasonova\/"]}]},{"@type":"BreadcrumbList","@id":"https:\/\/vacances-seasonova.com\/fr\/camping-et-location-de-vacances-seasonova\/#breadcrumb","itemListElement":[{"@type":"ListItem","position":1,"name":"Accueil","item":"https:\/\/vacances-seasonova.com\/nl\/"},{"@type":"ListItem","position":2,"name":"Camping et Location de vacances Seasonova"}]}]}},"_links":{"self":[{"href":"https:\/\/vacances-seasonova.com\/de\/wp-json\/wp\/v2\/pages\/58"}],"collection":[{"href":"https:\/\/vacances-seasonova.com\/de\/wp-json\/wp\/v2\/pages"}],"about":[{"href":"https:\/\/vacances-seasonova.com\/de\/wp-json\/wp\/v2\/types\/page"}],"author":[{"embeddable":true,"href":"https:\/\/vacances-seasonova.com\/de\/wp-json\/wp\/v2\/users\/3"}],"replies":[{"embeddable":true,"href":"https:\/\/vacances-seasonova.com\/de\/wp-json\/wp\/v2\/comments?post=58"}],"version-history":[{"count":7,"href":"https:\/\/vacances-seasonova.com\/de\/wp-json\/wp\/v2\/pages\/58\/revisions"}],"predecessor-version":[{"id":38234,"href":"https:\/\/vacances-seasonova.com\/de\/wp-json\/wp\/v2\/pages\/58\/revisions\/38234"}],"wp:featuredmedia":[{"embeddable":true,"href":"https:\/\/vacances-seasonova.com\/de\/wp-json\/wp\/v2\/media\/661"}],"wp:attachment":[{"href":"https:\/\/vacances-seasonova.com\/de\/wp-json\/wp\/v2\/media?parent=58"}],"curies":[{"name":"wp","href":"https:\/\/api.w.org\/{rel}","templated":true}]}}